{"id":4328,"date":"2021-02-26T08:15:45","date_gmt":"2021-02-26T11:15:45","guid":{"rendered":"https:\/\/www.ufsm.br\/pro-reitorias\/proplan\/?page_id=4328"},"modified":"2021-03-01T16:37:58","modified_gmt":"2021-03-01T19:37:58","slug":"portaria-n-3-278-1979","status":"publish","type":"page","link":"https:\/\/www.ufsm.br\/pro-reitorias\/proplan\/portaria-n-3-278-1979","title":{"rendered":"Portaria N. 3.278\/1979"},"content":{"rendered":"\t\t<div data-elementor-type=\"wp-page\" data-elementor-id=\"4328\" class=\"elementor elementor-4328\">\n\t\t\t\t\t\t<section class=\"elementor-section elementor-top-section elementor-element elementor-element-7e7996a elementor-section-boxed elementor-section-height-default elementor-section-height-default\" data-id=\"7e7996a\" data-element_type=\"section\">\n\t\t\t\t\t\t<div class=\"elementor-container elementor-column-gap-default\">\n\t\t\t\t\t<div class=\"elementor-column elementor-col-100 elementor-top-column elementor-element elementor-element-5e7424a\" data-id=\"5e7424a\" data-element_type=\"column\">\n\t\t\t<div class=\"elementor-widget-wrap elementor-element-populated\">\n\t\t\t\t\t\t<div class=\"elementor-element elementor-element-33912a2 elementor-widget elementor-widget-html\" data-id=\"33912a2\" data-element_type=\"widget\" data-widget_type=\"html.default\">\n\t\t\t\t<div class=\"elementor-widget-container\">\n\t\t\t\n\n\n<title><b>PORTARIA N\u00ba 3.278\/1979<\/b><\/title>\n\n\n<div align=\"center\"><img decoding=\"async\" src=\"https:\/\/www.ufsm.br\/pro-reitorias\/proplan\/wp-content\/uploads\/sites\/344\/2019\/09\/brasao-da-republica-do-brasil-logo.png\" alt=\"Bras\u00e3o Rep\u00fablica Federativa do Brasil\" width=\"6%\" height=\"6%\"><\/div>\n<p><b><font color=\"0000blue\"><div align=\"center\">UNIVERSIDADE FEDERAL DE SANTA MARIA<\/b><\/font><\/div><\/p>\n<p><div align=\"center\"><b><a href=\"https:\/\/portal.ufsm.br\/documentos\/publico\/documento.html?id=7463523\" target=\"_blank\"><font color=\"blue\">PORTARIA N\u00ba 3.278, DE 07 DE DEZEMBRO DE 1979<\/font><\/a><\/b><\/div><\/p>\n<br>\n<p><a href=\"https:\/\/www.ufsm.br\/pro-reitorias\/proplan\/portaria-normativa-ufsm-n-018-2021\/\" target=\"_blank\"><font color=\"blue\">Revogada pela Portaria Normativa N. 018\/2021<\/font><\/a>             \n<br><div align=\"justify\">\n<strike>\n<p>O DIRETOR DO DEPARTAMENTO DE PESSOAL DA UNIVERSIDADE FEDERAL DE SANTA MARIA, no uso de suas atribui\u00e7\u00f5es legais e tendo em vista o disposto no subitem 6.1 da Instru\u00e7\u00e3o Normativa DASP n\u00ba 108, de 31 de julho de 1979,<\/p> \n<br>  \n<p>RESOLVE:<\/p>\n<br>\n<p>Publicar o demonstrativo das vagas existentes em 30 de novembro de 1979, nas Categorias Funcionais integrantes do Quadro e Tabela Permanente desta Universidade.<\/p> \n<br>\n<p>Econ. Ney Ramos Penna,<\/p>\n<p>Diretor\/DP.<\/p>\n<br>\n<p>VAGAS PARA TRANSFER\u00caNCIA E MOVIMENTA\u00c7\u00c3O (IN-108\/79)<\/p>\n<br>\n<table class=\"gn-seletable\">\n<tbody><tr>\n<th>CATEGORIA FUNCIONAL\/NOME<\/th>\n<th>CAUSA DA VAC\u00c2NCIA<\/th><th>DATA<\/th><\/tr>\n<tr>\n<td>OUTRAS ATIVIDADES DE N\u00cdVEL SUPERIOR-NS-900<\/td>\n<td><\/td><td><\/td><\/tr>\n<tr><td>Farmac\u00eautico - LT-NS-908 <\/td><td><\/td><td><\/td><\/tr><tr><td>Eldio Jo\u00e3o Burgert <\/td><td>Rescis\u00e3o\t<\/td><td>06.03.78<\/td><\/tr><tr><td>LT-NS-908. A<\/td><td><\/td><td><\/td><\/tr>\n<tr><td><\/td><td><\/td><td><\/td><\/tr><tr><td>OUTRAS ATIVIDADES DE N\u00cdVEL M\u00c9DIO-NM-1000<\/td><td><\/td><td><\/td><\/tr>\n<tr><td>Auxiliar de Enfermagem - NM-1001 <\/td><td><\/td><td><\/td><\/tr><tr><td>Judith Foga\u00e7a Mothci\t<\/td><td>Exonera\u00e7\u00e3o <\/td><td>08.05.78<\/td><\/tr>\n<tr><td>NM-1001.B <\/td><td><\/td><td><\/td><\/tr><tr><td><\/td><td><\/td><td><\/td><\/tr><tr><td>T\u00e9cnico em Radiologia - LT-RM-1003 <\/td><td><\/td><td><\/td><\/tr>\n<tr><td>Gilberto Fontoura de Godoy <\/td><td>Rescis\u00e3o <\/td><td>08.03.79<\/td><\/tr><tr><td>LT-NM-1003.A <\/td><td><\/td><td><\/td><\/tr><tr><td><\/td><td><\/td><td><\/td><\/tr>\n<tr><td>Auxiliar Operacional de Servi\u00e7os Diversos-NM--1006<\/td><td><\/td><td><\/td><\/tr><tr><td>Jo\u00e3o Manoel Lima \t<\/td><td>Aposentadoria \t<\/td><td>28.06.79<\/td><\/tr>\n<tr><td>NM-1006 .B<\/td><td><\/td><td><\/td><\/tr><tr><td><\/td><td><\/td><td><\/td><\/tr><tr><td>Agente de Atividades Agronecu\u00e1rias-LT-NM-1007<\/td><td><\/td><td><\/td><\/tr>\n<tr><td>Luiz Fernando Sangoi\t<\/td><td>Rescis\u00e3o \t<\/td><td>01.10.79 <\/td><\/tr><tr><td>LT-NM-1007.C<\/td><td><\/td><td><\/td><\/tr><tr><td>Anselmo Miguel Escobar Trindade<\/td><td>Rescis\u00e3o \t<\/td><td>04.01.79<\/td><\/tr>\n<tr><td>LT-NM-1007.A <\/td><td><\/td><td><\/td><\/tr><tr><td>Fiei Souza e Silva \t<\/td><td>Rescis\u00e3o<\/td><td>20.08.79<\/td><\/tr><tr><td>LT-NM1007.A<\/td><td><\/td><td><\/td><\/tr>\n<tr><td><\/td><td><\/td><td><\/td><\/tr><tr><td>Desenhista - LT-NM1014 <\/td><td><\/td><td><\/td><\/tr><tr><td>Lauro Carlos Z\u00fcgel <\/td><td>Rescis\u00e3o <\/td><td>20.02.79<\/td><\/tr>\n<tr><td>LT-NM-1014.A <\/td><td><\/td><td><\/td><\/tr><tr><td><\/td><td><\/td><td><\/td><\/tr><tr><td>Auxiliar Operacional em Assuntos Educacionais-LT-NM-1025 <\/td><td><\/td><td><\/td><\/tr>\n<tr><td>Fatima Dolores da Silva Mattiuzzi <\/td><td>Rescis\u00e3o<\/td><td>30.08.79<\/td><\/tr><tr><td>LTNMH1025.A<\/td><td><\/td><td><\/td><\/tr><tr><td><\/td><td><\/td><td><\/td><\/tr>\n<tr><td>T\u00e9cnico de Contabilidade - LT-NM-1042<\/td><td><\/td><td><\/td><\/tr><tr><td>Jos\u00e9 Aldo Barcelos da Silveira \t<\/td><td>Rescis\u00e3o <\/td><td>17.09.76**<\/td><\/tr><tr><td>LT-N4-1042.A<\/td><td><\/td><td><\/td><\/tr>\n<tr><td>Paulo Afonso Camargo Sessim \t<\/td><td>Rescis\u00e3o <\/td><td>02.05.79 <\/td><\/tr><tr><td>LT-NM-1042.A<\/td><td><\/td><td><\/td><\/tr>\n<tr><td><\/td><td><\/td><td><\/td><\/tr><tr><td>SERVI\u00c7O DE TRANSPORTE OFICIAL E PORTARIA-1200<\/td><td><\/td><td><\/td><\/tr><tr><td>Motorista Oficial TP-1201<\/td><td><\/td><td><\/td><\/tr>\n<tr><td>Jose da Costa \t<\/td><td>Progr. Funcional<\/td><td>01.08.79 <\/td><\/tr><tr><td>LT-TP-1201.A<\/td><td><\/td><td><\/td><\/tr>\n<tr><td>Jose Piccini Nunes<\/td><td>Rescis\u00e3o <\/td><td>27.11.78<\/td><\/tr><tr><td>LT-TP-1201.A<\/td><td><\/td><td><\/td><\/tr>\n<tr><td>M\u00e1rio Simas<\/td><td>Rescis\u00e3o <\/td><td>31.03.79<\/td><\/tr><tr><td>LT-TP-1201.A<\/td><td><\/td><td><\/td><\/tr><tr><td><\/td><td><\/td><td><\/td><\/tr>\n<tr><td>Agente de Portaria - TP-1202<\/td><td><\/td><td><\/td><\/tr><tr><td>Ataides Rodrigues de Senna\t<\/td><td>Rescis\u00e3o \t<\/td><td>19.10.76<\/td><\/tr><tr><td>LT-TP-1202.A<\/td><td><\/td><td><\/td><\/tr>\n<tr><td>Eny Cezar\t<\/td><td>Rescis\u00e3o <\/td><td>17.11.76<\/td><\/tr><tr><td>LT-TP-1202.A<\/td><td><\/td><td><\/td><\/tr><tr><td>Nerly Conrad Dorneles\t<\/td><td>Rescis\u00e3o<\/td><td>21.02.77<\/td><\/tr>\n<tr><td>LT-TP-1202.A<\/td><td><\/td><td><\/td><\/tr><tr><td>Lenoir Ramos Pinheiro\t<\/td><td>Rescis\u00e3o \t<\/td><td>22.02.77<\/td><\/tr><tr><td>LT-TP-1202.A<\/td><td><\/td><td><\/td><\/tr>\n<tr><td>Celita Rodrigues<\/td><td>Rescis\u00e3o<\/td><td>17.11.76<\/td><\/tr><tr><td>LT-TP-1202.A<\/td><td><\/td><td><\/td><\/tr>\n<tr><td><\/td><td><\/td><td><\/td><\/tr><tr><td><\/td><td><\/td><td><\/td><\/tr><\/tbody><\/table>\n\n*** Vaga comprometida conforme informa\u00e7\u00e3o fornecida no Processo INCRA n\u00ba 01617\/79.\n<br>\n<p><font color=\"red0000\">Este texto n\u00e3o substitui o documento original, publicado no Portal de Documentos em 7 de dezembro de 1979.<\/font> Dispon\u00edvel em: <a href=\"https:\/\/portal.ufsm.br\/documentos\/publico\/documento.html?id=7463523\" target=\"_blank\"><font color=\"blue\">https:\/\/portal.ufsm.br\/documentos\/publico\/documento.html?id=7463523<\/font><\/a>\n<br>\n<strike>\t\t<\/div>\n\t\t\t\t<\/div>\n\t\t\t\t\t<\/div>\n\t\t<\/div>\n\t\t\t\t\t<\/div>\n\t\t<\/section>\n\t\t\t\t<\/div>\n\t\t","protected":false},"excerpt":{"rendered":"<p>PORTARIA N\u00ba 3.278\/1979 UNIVERSIDADE FEDERAL DE SANTA MARIA PORTARIA N\u00ba 3.278, DE 07 DE DEZEMBRO DE 1979 Revogada pela Portaria Normativa N. 018\/2021 O DIRETOR DO DEPARTAMENTO DE PESSOAL DA UNIVERSIDADE FEDERAL DE SANTA MARIA, no uso de suas atribui\u00e7\u00f5es legais e tendo em vista o disposto no subitem 6.1 da Instru\u00e7\u00e3o Normativa DASP n\u00ba [&hellip;]<\/p>\n","protected":false},"author":205,"featured_media":0,"parent":0,"menu_order":0,"comment_status":"closed","ping_status":"closed","template":"","meta":{"footnotes":""},"categories":[],"tags":[],"class_list":["post-4328","page","type-page","status-publish","hentry"],"acf":[],"_links":{"self":[{"href":"https:\/\/www.ufsm.br\/pro-reitorias\/proplan\/wp-json\/wp\/v2\/pages\/4328","targetHints":{"allow":["GET"]}}],"collection":[{"href":"https:\/\/www.ufsm.br\/pro-reitorias\/proplan\/wp-json\/wp\/v2\/pages"}],"about":[{"href":"https:\/\/www.ufsm.br\/pro-reitorias\/proplan\/wp-json\/wp\/v2\/types\/page"}],"author":[{"embeddable":true,"href":"https:\/\/www.ufsm.br\/pro-reitorias\/proplan\/wp-json\/wp\/v2\/users\/205"}],"replies":[{"embeddable":true,"href":"https:\/\/www.ufsm.br\/pro-reitorias\/proplan\/wp-json\/wp\/v2\/comments?post=4328"}],"version-history":[{"count":0,"href":"https:\/\/www.ufsm.br\/pro-reitorias\/proplan\/wp-json\/wp\/v2\/pages\/4328\/revisions"}],"wp:attachment":[{"href":"https:\/\/www.ufsm.br\/pro-reitorias\/proplan\/wp-json\/wp\/v2\/media?parent=4328"}],"wp:term":[{"taxonomy":"category","embeddable":true,"href":"https:\/\/www.ufsm.br\/pro-reitorias\/proplan\/wp-json\/wp\/v2\/categories?post=4328"},{"taxonomy":"post_tag","embeddable":true,"href":"https:\/\/www.ufsm.br\/pro-reitorias\/proplan\/wp-json\/wp\/v2\/tags?post=4328"}],"curies":[{"name":"wp","href":"https:\/\/api.w.org\/{rel}","templated":true}]}}