{"id":4329,"date":"2021-02-26T08:16:12","date_gmt":"2021-02-26T11:16:12","guid":{"rendered":"https:\/\/www.ufsm.br\/pro-reitorias\/proplan\/?page_id=4329"},"modified":"2021-03-01T16:49:40","modified_gmt":"2021-03-01T19:49:40","slug":"portaria-n-3-575-1981","status":"publish","type":"page","link":"https:\/\/www.ufsm.br\/pro-reitorias\/proplan\/portaria-n-3-575-1981","title":{"rendered":"Portaria N. 3.575\/1981"},"content":{"rendered":"\t\t<div data-elementor-type=\"wp-page\" data-elementor-id=\"4329\" class=\"elementor elementor-4329\">\n\t\t\t\t\t\t<section class=\"elementor-section elementor-top-section elementor-element elementor-element-52b78f3 elementor-section-boxed elementor-section-height-default elementor-section-height-default\" data-id=\"52b78f3\" data-element_type=\"section\">\n\t\t\t\t\t\t<div class=\"elementor-container elementor-column-gap-default\">\n\t\t\t\t\t<div class=\"elementor-column elementor-col-100 elementor-top-column elementor-element elementor-element-dbafa50\" data-id=\"dbafa50\" data-element_type=\"column\">\n\t\t\t<div class=\"elementor-widget-wrap elementor-element-populated\">\n\t\t\t\t\t\t<div class=\"elementor-element elementor-element-65bd6bd elementor-widget elementor-widget-html\" data-id=\"65bd6bd\" data-element_type=\"widget\" data-widget_type=\"html.default\">\n\t\t\t\t<div class=\"elementor-widget-container\">\n\t\t\t\r\n\r\n\r\n<title><b>PORTARIA N\u00ba 3.575\/1981<\/b><\/title>\r\n\r\n\r\n<div align=\"center\"><img decoding=\"async\" src=\"https:\/\/www.ufsm.br\/pro-reitorias\/proplan\/wp-content\/uploads\/sites\/344\/2019\/09\/brasao-da-republica-do-brasil-logo.png\" alt=\"Bras\u00e3o Rep\u00fablica Federativa do Brasil\" width=\"6%\" height=\"6%\"><\/div>\r\n<p><b><font color=\"0000blue\"><div align=\"center\">SERVI\u00c7O P\u00daBLICO FEDERAL<\/b><\/font><\/div><\/p>\r\n<p><div align=\"center\"><b><a href=\"https:\/\/portal.ufsm.br\/documentos\/publico\/documento.html?id=7505177\" target=\"_blank\"><font color=\"blue\">PORTARIA N\u00ba 3.575, DE 24 DE NOVEMBRO DE 1981<\/font><\/a><\/b><\/div><\/p>\r\n<br>\r\n<p><a href=\"https:\/\/www.ufsm.br\/pro-reitorias\/proplan\/portaria-normativa-ufsm-n-018-2021\/\" target=\"_blank\"><font color=\"blue\">Revogada pela Portaria Normativa N. 018\/2021<\/font><\/a>\r\n<br><div align=\"justify\">\r\n<strike>\r\n<p>A DIRETORA DO DEPARTAMENTO DE PESSOAL DA UNIVERSIDADE FEDERAL DE SANTA MARIA, usando da compet\u00eancia que lhe foi delegada pelo Magn\u00edfico Reitor, na Portaria n\u00ba 14.267, de 07 de maio de 1981,<\/p> \r\n<br>  \r\n<p>RESOLVE:<\/p>\r\n<br>\r\n<p>SUB-DELEGAR compet\u00eancia a(o) Diretor(a) da Divis\u00e3o de Controle de Cargos e Empregos do Departamento de Pessoal da Universidade Federal de Santa Maria, para, sem preju\u00edzo de suas atribui\u00e7\u00f5es regimentais e estatut\u00e1rias e, dentro das normas legais vigentes, analisar, opinar, autorizar, conceder e cancelar sobre atos administrativos a seguir relacionados:<\/p>\r\n<p>1- Abono pecuni\u00e1rio de f\u00e9rias (Arts. 143 e 144 do <a href=\"http:\/\/www.planalto.gov.br\/ccivil_03\/decreto-lei\/del1535.htm\" target=\"_blank\"><font color=\"blue\">Decreto-Lei n\u00ba 1.535\/77<\/font><\/a>);<\/p> \r\n<p>2- Expedir portaria de retifica\u00e7\u00f5es de no m\u00eas de Servidores;<\/p> \r\n<p>3- Assinar anota\u00e7\u00f5es na Carteira de Trabalho e Previd\u00eancia Social;<\/p> \r\n<p>4- Lavrar Certid\u00f5es, Declara\u00e7\u00f5es, Atestados e elaborar resumos de tempo de servi\u00e7o;<\/p> \r\n<p>5- Justificativa de falta;<\/p> \r\n<p>6- Acumula\u00e7\u00e3o de cargo;<\/p> \r\n<p>7- Transfer\u00eancia, Movimenta\u00e7\u00e3o ou Remo\u00e7\u00e3o de servidores administrativos;<\/p> \r\n<p>8- Encaminhar listagem, fornecer dados e autorizar retirada de PIS - PASEP.<\/p>\r\n<br>\r\n<p>REITORIA DA UNIVERSIDADE FEDERAL DE SANTA MARIA, aos 24 dias do m\u00eas de novembro do ano de mil novecentos e oitenta e um.<\/p>\r\n<br>\r\n<p>Tec. Adm. Myrtes D.K, Furlan,<\/p>\r\n<p>Diretora.<\/p>\r\n<\/strike>\r\n<br>\r\n<p><font color=\"red0000\">Este texto n\u00e3o substitui o documento original, publicado no Portal de Documentos.<\/font> Dispon\u00edvel em: <a href=\"https:\/\/portal.ufsm.br\/documentos\/publico\/documento.html?id=7505177\" target=\"_blank\"><font color=\"blue\">https:\/\/portal.ufsm.br\/documentos\/publico\/documento.html?id=7505177<\/font><\/a>\r\n\r\n\t\t<\/div>\n\t\t\t\t<\/div>\n\t\t\t\t\t<\/div>\n\t\t<\/div>\n\t\t\t\t\t<\/div>\n\t\t<\/section>\n\t\t\t\t<\/div>\n\t\t","protected":false},"excerpt":{"rendered":"<p>PORTARIA N\u00ba 3.575\/1981 SERVI\u00c7O P\u00daBLICO FEDERAL PORTARIA N\u00ba 3.575, DE 24 DE NOVEMBRO DE 1981 Revogada pela Portaria Normativa N. 018\/2021 A DIRETORA DO DEPARTAMENTO DE PESSOAL DA UNIVERSIDADE FEDERAL DE SANTA MARIA, usando da compet\u00eancia que lhe foi delegada pelo Magn\u00edfico Reitor, na Portaria n\u00ba 14.267, de 07 de maio de 1981, RESOLVE: SUB-DELEGAR [&hellip;]<\/p>\n","protected":false},"author":205,"featured_media":0,"parent":0,"menu_order":0,"comment_status":"closed","ping_status":"closed","template":"","meta":{"footnotes":""},"categories":[],"tags":[],"class_list":["post-4329","page","type-page","status-publish","hentry"],"acf":[],"_links":{"self":[{"href":"https:\/\/www.ufsm.br\/pro-reitorias\/proplan\/wp-json\/wp\/v2\/pages\/4329","targetHints":{"allow":["GET"]}}],"collection":[{"href":"https:\/\/www.ufsm.br\/pro-reitorias\/proplan\/wp-json\/wp\/v2\/pages"}],"about":[{"href":"https:\/\/www.ufsm.br\/pro-reitorias\/proplan\/wp-json\/wp\/v2\/types\/page"}],"author":[{"embeddable":true,"href":"https:\/\/www.ufsm.br\/pro-reitorias\/proplan\/wp-json\/wp\/v2\/users\/205"}],"replies":[{"embeddable":true,"href":"https:\/\/www.ufsm.br\/pro-reitorias\/proplan\/wp-json\/wp\/v2\/comments?post=4329"}],"version-history":[{"count":0,"href":"https:\/\/www.ufsm.br\/pro-reitorias\/proplan\/wp-json\/wp\/v2\/pages\/4329\/revisions"}],"wp:attachment":[{"href":"https:\/\/www.ufsm.br\/pro-reitorias\/proplan\/wp-json\/wp\/v2\/media?parent=4329"}],"wp:term":[{"taxonomy":"category","embeddable":true,"href":"https:\/\/www.ufsm.br\/pro-reitorias\/proplan\/wp-json\/wp\/v2\/categories?post=4329"},{"taxonomy":"post_tag","embeddable":true,"href":"https:\/\/www.ufsm.br\/pro-reitorias\/proplan\/wp-json\/wp\/v2\/tags?post=4329"}],"curies":[{"name":"wp","href":"https:\/\/api.w.org\/{rel}","templated":true}]}}