{"id":4331,"date":"2021-02-26T08:16:35","date_gmt":"2021-02-26T11:16:35","guid":{"rendered":"https:\/\/www.ufsm.br\/pro-reitorias\/proplan\/?page_id=4331"},"modified":"2021-03-02T08:48:16","modified_gmt":"2021-03-02T11:48:16","slug":"portaria-n-3-945-1983","status":"publish","type":"page","link":"https:\/\/www.ufsm.br\/pro-reitorias\/proplan\/portaria-n-3-945-1983","title":{"rendered":"Portaria N. 3.945\/1983"},"content":{"rendered":"\t\t<div data-elementor-type=\"wp-page\" data-elementor-id=\"4331\" class=\"elementor elementor-4331\">\n\t\t\t\t\t\t<section class=\"elementor-section elementor-top-section elementor-element elementor-element-bd50fb1 elementor-section-boxed elementor-section-height-default elementor-section-height-default\" data-id=\"bd50fb1\" data-element_type=\"section\">\n\t\t\t\t\t\t<div class=\"elementor-container elementor-column-gap-default\">\n\t\t\t\t\t<div class=\"elementor-column elementor-col-100 elementor-top-column elementor-element elementor-element-34c4d71\" data-id=\"34c4d71\" data-element_type=\"column\">\n\t\t\t<div class=\"elementor-widget-wrap elementor-element-populated\">\n\t\t\t\t\t\t<div class=\"elementor-element elementor-element-50d0c5b elementor-widget elementor-widget-html\" data-id=\"50d0c5b\" data-element_type=\"widget\" data-widget_type=\"html.default\">\n\t\t\t\t<div class=\"elementor-widget-container\">\n\t\t\t\r\n\r\n\r\n<title><b>PORTARIA N\u00ba 3.945\/1983<\/b><\/title>\r\n\r\n\r\n<div align=\"center\"><img decoding=\"async\" src=\"https:\/\/www.ufsm.br\/pro-reitorias\/proplan\/wp-content\/uploads\/sites\/344\/2019\/09\/brasao-da-republica-do-brasil-logo.png\" alt=\"Bras\u00e3o Rep\u00fablica Federativa do Brasil\" width=\"6%\" height=\"6%\"><\/div>\r\n<p><b><font color=\"0000blue\"><div align=\"center\">SERVI\u00c7O P\u00daBLICO FEDERAL<\/b><\/font><\/div><\/p>\r\n<p><div align=\"center\"><b><a href=\"https:\/\/portal.ufsm.br\/documentos\/publico\/documento.html?id=7653861\" target=\"_blank\"><font color=\"blue\">PORTARIA N\u00ba 3945, DE 05 DE SETEMBRO DE 1983<\/font><\/a><\/b><\/div><\/p>\r\n<br>\r\n<p><a href=\"https:\/\/www.ufsm.br\/pro-reitorias\/proplan\/portaria-normativa-ufsm-n-018-2021\/\" target=\"_blank\"><font color=\"blue\">Revogada pela Portaria Normativa N. 018\/2021<\/font><\/a>\r\n<br><div align=\"justify\">\r\n<strike>\r\n<p>O DIRETOR DO DEPARTAMENTO DE PESSOAL DA UNIVERSIDADE FEDERAL DE SANTA MARIA, usando de suas atribui\u00e7\u00f5es legais e regimentais e de acordo com a Portaria n\u00ba 14.267\/81,<\/p> \r\n<br>  \r\n<p>RESOLVE:<\/p>\r\n<br>\r\n<p>DECLARAR NULOS a inscri\u00e7\u00e3o de n\u00ba 192 e os demais atos dela decorrentes, do candidato MARIO ANDR\u00c9 ALEGRANZI SCHMITZ, para o Concurso P\u00fablico na Categoria Funcional de Auxiliar Operacional de Servi\u00e7os Diversos \"A\", de acordo com o que determina o Edital n\u00ba 01\/83\/DP, em seu item 2 e subitens 2. 1 \u2013 al\u00ednea \"a\" e 2.3, por n\u00e3o estar em dia com as obriga\u00e7\u00f5es eleitorais, por ocasi\u00e3o da inscri\u00e7\u00e3o no respectivo Concurso.<\/p>\r\n<br>\r\n<p>GABINETE DO DIRETOR DO DEPARTAMENTO DE PESSOAL DA UNIVERSIDADE FEDERAL DE SANTA MARIA, aos cinco dias do m\u00eas de setembro do ano de mil novecentos e oitenta tr\u00eas.<\/p>\r\n<br>\r\n<p>Tec. Adm. Eug\u00eanio Kelling,<\/p>\r\n<p>Dir. Subst\u00ba. DP.<\/p>\r\n<br>\r\n<\/strike>\r\n<p><font color=\"red0000\">Este texto n\u00e3o substitui o documento original, publicado no Portal de Documentos.<\/font> Dispon\u00edvel em: <a href=\"https:\/\/portal.ufsm.br\/documentos\/publico\/documento.html?id=7653861\" target=\"_blank\"><font color=\"blue\">https:\/\/portal.ufsm.br\/documentos\/publico\/documento.html?id=7653861<\/font><\/a>\r\n\r\n\t\t<\/div>\n\t\t\t\t<\/div>\n\t\t\t\t\t<\/div>\n\t\t<\/div>\n\t\t\t\t\t<\/div>\n\t\t<\/section>\n\t\t\t\t<\/div>\n\t\t","protected":false},"excerpt":{"rendered":"<p>PORTARIA N\u00ba 3.945\/1983 SERVI\u00c7O P\u00daBLICO FEDERAL PORTARIA N\u00ba 3945, DE 05 DE SETEMBRO DE 1983 Revogada pela Portaria Normativa N. 018\/2021 O DIRETOR DO DEPARTAMENTO DE PESSOAL DA UNIVERSIDADE FEDERAL DE SANTA MARIA, usando de suas atribui\u00e7\u00f5es legais e regimentais e de acordo com a Portaria n\u00ba 14.267\/81, RESOLVE: DECLARAR NULOS a inscri\u00e7\u00e3o de n\u00ba [&hellip;]<\/p>\n","protected":false},"author":205,"featured_media":0,"parent":0,"menu_order":0,"comment_status":"closed","ping_status":"closed","template":"","meta":{"footnotes":""},"categories":[],"tags":[],"class_list":["post-4331","page","type-page","status-publish","hentry"],"acf":[],"_links":{"self":[{"href":"https:\/\/www.ufsm.br\/pro-reitorias\/proplan\/wp-json\/wp\/v2\/pages\/4331","targetHints":{"allow":["GET"]}}],"collection":[{"href":"https:\/\/www.ufsm.br\/pro-reitorias\/proplan\/wp-json\/wp\/v2\/pages"}],"about":[{"href":"https:\/\/www.ufsm.br\/pro-reitorias\/proplan\/wp-json\/wp\/v2\/types\/page"}],"author":[{"embeddable":true,"href":"https:\/\/www.ufsm.br\/pro-reitorias\/proplan\/wp-json\/wp\/v2\/users\/205"}],"replies":[{"embeddable":true,"href":"https:\/\/www.ufsm.br\/pro-reitorias\/proplan\/wp-json\/wp\/v2\/comments?post=4331"}],"version-history":[{"count":0,"href":"https:\/\/www.ufsm.br\/pro-reitorias\/proplan\/wp-json\/wp\/v2\/pages\/4331\/revisions"}],"wp:attachment":[{"href":"https:\/\/www.ufsm.br\/pro-reitorias\/proplan\/wp-json\/wp\/v2\/media?parent=4331"}],"wp:term":[{"taxonomy":"category","embeddable":true,"href":"https:\/\/www.ufsm.br\/pro-reitorias\/proplan\/wp-json\/wp\/v2\/categories?post=4331"},{"taxonomy":"post_tag","embeddable":true,"href":"https:\/\/www.ufsm.br\/pro-reitorias\/proplan\/wp-json\/wp\/v2\/tags?post=4331"}],"curies":[{"name":"wp","href":"https:\/\/api.w.org\/{rel}","templated":true}]}}