{"id":4332,"date":"2021-02-26T08:16:53","date_gmt":"2021-02-26T11:16:53","guid":{"rendered":"https:\/\/www.ufsm.br\/pro-reitorias\/proplan\/?page_id=4332"},"modified":"2021-03-02T08:49:03","modified_gmt":"2021-03-02T11:49:03","slug":"portaria-n-4-017-1983","status":"publish","type":"page","link":"https:\/\/www.ufsm.br\/pro-reitorias\/proplan\/portaria-n-4-017-1983","title":{"rendered":"Portaria N. 4.017\/1983"},"content":{"rendered":"\t\t<div data-elementor-type=\"wp-page\" data-elementor-id=\"4332\" class=\"elementor elementor-4332\">\n\t\t\t\t\t\t<section class=\"elementor-section elementor-top-section elementor-element elementor-element-c9d1174 elementor-section-boxed elementor-section-height-default elementor-section-height-default\" data-id=\"c9d1174\" data-element_type=\"section\">\n\t\t\t\t\t\t<div class=\"elementor-container elementor-column-gap-default\">\n\t\t\t\t\t<div class=\"elementor-column elementor-col-100 elementor-top-column elementor-element elementor-element-a93668a\" data-id=\"a93668a\" data-element_type=\"column\">\n\t\t\t<div class=\"elementor-widget-wrap elementor-element-populated\">\n\t\t\t\t\t\t<div class=\"elementor-element elementor-element-a217a98 elementor-widget elementor-widget-html\" data-id=\"a217a98\" data-element_type=\"widget\" data-widget_type=\"html.default\">\n\t\t\t\t<div class=\"elementor-widget-container\">\n\t\t\t\r\n\r\n\r\n<title><b>PORTARIA N\u00ba 4.017\/1983<\/b><\/title>\r\n\r\n\r\n<div align=\"center\"><img decoding=\"async\" src=\"https:\/\/www.ufsm.br\/pro-reitorias\/proplan\/wp-content\/uploads\/sites\/344\/2019\/09\/brasao-da-republica-do-brasil-logo.png\" alt=\"Bras\u00e3o Rep\u00fablica Federativa do Brasil\" width=\"6%\" height=\"6%\"><\/div>\r\n<p><b><font color=\"0000blue\"><div align=\"center\">SERVI\u00c7O P\u00daBLICO FEDERAL<\/b><\/font><\/div><\/p>\r\n<p><div align=\"center\"><b><a href=\"https:\/\/portal.ufsm.br\/documentos\/publico\/documento.html?id=7657306\" target=\"_blank\"><font color=\"blue\">PORTARIA N\u00ba 4.017, DE 26 DE DEZEMBRO DE 1983<\/font><\/a><\/b><\/div><\/p>\r\n<br>\r\n<p><a href=\"https:\/\/www.ufsm.br\/pro-reitorias\/proplan\/portaria-normativa-ufsm-n-018-2021\/\" target=\"_blank\"><font color=\"blue\">Revogada pela Portaria Normativa N. 018\/2021<\/font><\/a>\r\n<br><div align=\"justify\">\r\n<strike>\r\n<p>O DIRETOR DO DEPARTAMENTO DE PESSOAL DA UNIVERSIDADE FEDERAL DE SANTA MARIA, usando da compet\u00eancia que lhe foi atribu\u00edda pelo \u00a7 1\u00ba do artigo 13 do <a href=\"http:\/\/www.planalto.gov.br\/ccivil_03\/decreto\/1980-1989\/D85645.htm\" target=\"_blank\"><font color=\"blue\">Decreto n\u00ba 85.645<\/font><\/a>, de 20 de janeiro de 1981,<\/p> \r\n<br>  \r\n<p>RESOLVE:<\/p>\r\n<br>\r\n<p>DECLARAR NULOS a inscri\u00e7\u00e3o de n\u00ba 00001 e os demais atos dela decorrentes, do candidato EDUARDO PENNA E SOUZA, para Ascens\u00e3o Funcional na Categoria Funcional de Auxiliar de Enfermagem, de acordo com o que determina o <a href=\"http:\/\/www.planalto.gov.br\/ccivil_03\/decreto\/1980-1989\/D85645.htm\" target=\"_blank\"><font color=\"blue\"><u>Decreto n\u00ba 85.645\/81<\/u><\/font><\/a>, \u00a71\u00ba do artigo 3\u00ba e IN 119\/81, alterada pela IN 137\/83, em seu item 5.6, por estar na refer\u00eancia inicia l da Categoria Funcional de Auxiliar Operacional de Servi\u00e7o s Diverso s \"C\" - Atendimento , por ocasi\u00e3o da respectiva inscri\u00e7\u00e3o.<\/p>\r\n<br>\r\n<p>GABINETE DO DIRETOR DO DEPARTAMENTO DE PESSOAL DA UNIVERSIDADE FEDERAL DE SANTA MARIA, aos dezenove dias do m\u00eas de dezembro do ano de mil novecentos e oitenta tr\u00eas.<\/p>\r\n<br>\r\n<p>Prof. Rubem H\u00f6her,<\/p>\r\n<p>Diretor do DP.<\/p>\r\n<br>\r\n<\/strike>\r\n<p><font color=\"red0000\">Este texto n\u00e3o substitui o documento original, publicado no Portal de Documentos.<\/font> Dispon\u00edvel em: <a href=\"https:\/\/portal.ufsm.br\/documentos\/publico\/documento.html?id=7657306\" target=\"_blank\"><font color=\"blue\">https:\/\/portal.ufsm.br\/documentos\/publico\/documento.html?id=7657306<\/font><\/a>\r\n\r\n\t\t<\/div>\n\t\t\t\t<\/div>\n\t\t\t\t\t<\/div>\n\t\t<\/div>\n\t\t\t\t\t<\/div>\n\t\t<\/section>\n\t\t\t\t<\/div>\n\t\t","protected":false},"excerpt":{"rendered":"<p>PORTARIA N\u00ba 4.017\/1983 SERVI\u00c7O P\u00daBLICO FEDERAL PORTARIA N\u00ba 4.017, DE 26 DE DEZEMBRO DE 1983 Revogada pela Portaria Normativa N. 018\/2021 O DIRETOR DO DEPARTAMENTO DE PESSOAL DA UNIVERSIDADE FEDERAL DE SANTA MARIA, usando da compet\u00eancia que lhe foi atribu\u00edda pelo \u00a7 1\u00ba do artigo 13 do Decreto n\u00ba 85.645, de 20 de janeiro de [&hellip;]<\/p>\n","protected":false},"author":205,"featured_media":0,"parent":0,"menu_order":0,"comment_status":"closed","ping_status":"closed","template":"","meta":{"footnotes":""},"categories":[],"tags":[],"class_list":["post-4332","page","type-page","status-publish","hentry"],"acf":[],"_links":{"self":[{"href":"https:\/\/www.ufsm.br\/pro-reitorias\/proplan\/wp-json\/wp\/v2\/pages\/4332","targetHints":{"allow":["GET"]}}],"collection":[{"href":"https:\/\/www.ufsm.br\/pro-reitorias\/proplan\/wp-json\/wp\/v2\/pages"}],"about":[{"href":"https:\/\/www.ufsm.br\/pro-reitorias\/proplan\/wp-json\/wp\/v2\/types\/page"}],"author":[{"embeddable":true,"href":"https:\/\/www.ufsm.br\/pro-reitorias\/proplan\/wp-json\/wp\/v2\/users\/205"}],"replies":[{"embeddable":true,"href":"https:\/\/www.ufsm.br\/pro-reitorias\/proplan\/wp-json\/wp\/v2\/comments?post=4332"}],"version-history":[{"count":0,"href":"https:\/\/www.ufsm.br\/pro-reitorias\/proplan\/wp-json\/wp\/v2\/pages\/4332\/revisions"}],"wp:attachment":[{"href":"https:\/\/www.ufsm.br\/pro-reitorias\/proplan\/wp-json\/wp\/v2\/media?parent=4332"}],"wp:term":[{"taxonomy":"category","embeddable":true,"href":"https:\/\/www.ufsm.br\/pro-reitorias\/proplan\/wp-json\/wp\/v2\/categories?post=4332"},{"taxonomy":"post_tag","embeddable":true,"href":"https:\/\/www.ufsm.br\/pro-reitorias\/proplan\/wp-json\/wp\/v2\/tags?post=4332"}],"curies":[{"name":"wp","href":"https:\/\/api.w.org\/{rel}","templated":true}]}}