{"id":4336,"date":"2021-02-26T08:49:14","date_gmt":"2021-02-26T11:49:14","guid":{"rendered":"https:\/\/www.ufsm.br\/pro-reitorias\/proplan\/?page_id=4336"},"modified":"2021-03-02T08:51:59","modified_gmt":"2021-03-02T11:51:59","slug":"portaria-n-4-152-1984","status":"publish","type":"page","link":"https:\/\/www.ufsm.br\/pro-reitorias\/proplan\/portaria-n-4-152-1984","title":{"rendered":"Portaria N. 4.152\/1984"},"content":{"rendered":"\t\t<div data-elementor-type=\"wp-page\" data-elementor-id=\"4336\" class=\"elementor elementor-4336\">\n\t\t\t\t\t\t<section class=\"elementor-section elementor-top-section elementor-element elementor-element-84faf91 elementor-section-boxed elementor-section-height-default elementor-section-height-default\" data-id=\"84faf91\" data-element_type=\"section\">\n\t\t\t\t\t\t<div class=\"elementor-container elementor-column-gap-default\">\n\t\t\t\t\t<div class=\"elementor-column elementor-col-100 elementor-top-column elementor-element elementor-element-3cca0d7\" data-id=\"3cca0d7\" data-element_type=\"column\">\n\t\t\t<div class=\"elementor-widget-wrap elementor-element-populated\">\n\t\t\t\t\t\t<div class=\"elementor-element elementor-element-8ae47c6 elementor-widget elementor-widget-html\" data-id=\"8ae47c6\" data-element_type=\"widget\" data-widget_type=\"html.default\">\n\t\t\t\t<div class=\"elementor-widget-container\">\n\t\t\t\r\n\r\n\r\n<title><b>PORTARIA N\u00ba 4.152\/1984<\/b><\/title>\r\n\r\n\r\n<div align=\"center\"><img decoding=\"async\" src=\"https:\/\/www.ufsm.br\/pro-reitorias\/proplan\/wp-content\/uploads\/sites\/344\/2019\/09\/brasao-da-republica-do-brasil-logo.png\" alt=\"Bras\u00e3o Rep\u00fablica Federativa do Brasil\" width=\"6%\" height=\"6%\"><\/div>\r\n<p><b><font color=\"0000blue\"><div align=\"center\">UNIVERSIDADE FEDERAL DE SANTA MARIA<\/b><\/font><\/div><\/p>\r\n<p><div align=\"center\"><b><a href=\"https:\/\/portal.ufsm.br\/documentos\/publico\/documento.html?id=7661097\" target=\"_blank\"><font color=\"blue\">PORTARIA N\u00ba 4.152, DE 31 DE MAIO DE 1984<\/font><\/a><\/b><\/div><\/p>\r\n<br>\r\n<p><a href=\"https:\/\/www.ufsm.br\/pro-reitorias\/proplan\/portaria-normativa-ufsm-n-018-2021\/\" target=\"_blank\"><font color=\"blue\">Revogada pela Portaria Normativa N. 018\/2021<\/font><\/a>\r\n<br><div align=\"justify\">\r\n<strike>\r\n<p>O DIRETOR DO DEPARTAMENTO DE PESSOAL DA UNIVERSIDADE FEDERAL DE SANTA MARIA, no uso de suas atribui\u00e7\u00f5es legais e regimentais,<\/p> \r\n<br>  \r\n<p>RESOLVE:<\/p>\r\n<br>\r\n<p>DECLARAR Nulos as inscri\u00e7\u00f5es de n\u00fameros 008 e 076 e os demais atos dela decorrentes, dos candidatos abaixo relacionados, de acordo com o que determina o Edital n\u00ba 01\/83\/DP, em seu item 2 e subitens 2.1 - al\u00ednea \"d\", por n\u00e3o possu\u00edrem a escolaridade exigida para a Categoria Funcional, por ocasi\u00e3o da inscri\u00e7\u00e3o no respectivo Concurso.<\/p>\r\n<br>\r\n<table class=\"gn-seletable\">\r\n<tbody><tr>\r\n<th>N\u00ba Insc.<\/th>\r\n<th>NOME<\/th><th>CATEGORIA FUNCIONAL<\/th><\/tr>\r\n<tr>\r\n<td>008<\/td>\r\n<td>Zilda Catarina Ferreira de Oliveira<\/td><td>Aux. de Enfermagem<\/td><\/tr>\r\n<tr><td>076<\/td><td>Pedro Jos\u00e9 Pra<\/td><td>Aux. de Enfermagem<\/td><\/tr><\/tbody><\/table>\r\n<br>\r\n<p>GABINETE DO DIRETOR DO DEPARTAMENTO DE PESSOAL DA UNIVERSIDADE FEDERAL DE SANTA MARIA, aos doze dias do m\u00eas de mar\u00e7o do ano de mil novecentos e oitenta e quatro.<\/p>\r\n<br>\r\n<p>Prof. Rubem H\u00f6her,<\/p>\r\n<p>Diretor do DP.<\/p>\r\n<br>\r\n<\/strike>\r\n<p><font color=\"red0000\">Este texto n\u00e3o substitui o documento original, publicado no Portal de Documentos.<\/font> Dispon\u00edvel em: <a href=\"https:\/\/portal.ufsm.br\/documentos\/publico\/documento.html?id=7661097\" target=\"_blank\"><font color=\"blue\">https:\/\/portal.ufsm.br\/documentos\/publico\/documento.html?id=7661097<\/font><\/a>\r\n\r\n\t\t<\/div>\n\t\t\t\t<\/div>\n\t\t\t\t\t<\/div>\n\t\t<\/div>\n\t\t\t\t\t<\/div>\n\t\t<\/section>\n\t\t\t\t<\/div>\n\t\t","protected":false},"excerpt":{"rendered":"<p>PORTARIA N\u00ba 4.152\/1984 UNIVERSIDADE FEDERAL DE SANTA MARIA PORTARIA N\u00ba 4.152, DE 31 DE MAIO DE 1984 Revogada pela Portaria Normativa N. 018\/2021 O DIRETOR DO DEPARTAMENTO DE PESSOAL DA UNIVERSIDADE FEDERAL DE SANTA MARIA, no uso de suas atribui\u00e7\u00f5es legais e regimentais, RESOLVE: DECLARAR Nulos as inscri\u00e7\u00f5es de n\u00fameros 008 e 076 e os [&hellip;]<\/p>\n","protected":false},"author":205,"featured_media":0,"parent":0,"menu_order":0,"comment_status":"closed","ping_status":"closed","template":"","meta":{"footnotes":""},"categories":[],"tags":[],"class_list":["post-4336","page","type-page","status-publish","hentry"],"acf":[],"_links":{"self":[{"href":"https:\/\/www.ufsm.br\/pro-reitorias\/proplan\/wp-json\/wp\/v2\/pages\/4336","targetHints":{"allow":["GET"]}}],"collection":[{"href":"https:\/\/www.ufsm.br\/pro-reitorias\/proplan\/wp-json\/wp\/v2\/pages"}],"about":[{"href":"https:\/\/www.ufsm.br\/pro-reitorias\/proplan\/wp-json\/wp\/v2\/types\/page"}],"author":[{"embeddable":true,"href":"https:\/\/www.ufsm.br\/pro-reitorias\/proplan\/wp-json\/wp\/v2\/users\/205"}],"replies":[{"embeddable":true,"href":"https:\/\/www.ufsm.br\/pro-reitorias\/proplan\/wp-json\/wp\/v2\/comments?post=4336"}],"version-history":[{"count":0,"href":"https:\/\/www.ufsm.br\/pro-reitorias\/proplan\/wp-json\/wp\/v2\/pages\/4336\/revisions"}],"wp:attachment":[{"href":"https:\/\/www.ufsm.br\/pro-reitorias\/proplan\/wp-json\/wp\/v2\/media?parent=4336"}],"wp:term":[{"taxonomy":"category","embeddable":true,"href":"https:\/\/www.ufsm.br\/pro-reitorias\/proplan\/wp-json\/wp\/v2\/categories?post=4336"},{"taxonomy":"post_tag","embeddable":true,"href":"https:\/\/www.ufsm.br\/pro-reitorias\/proplan\/wp-json\/wp\/v2\/tags?post=4336"}],"curies":[{"name":"wp","href":"https:\/\/api.w.org\/{rel}","templated":true}]}}