{"id":4337,"date":"2021-02-26T08:49:19","date_gmt":"2021-02-26T11:49:19","guid":{"rendered":"https:\/\/www.ufsm.br\/pro-reitorias\/proplan\/?page_id=4337"},"modified":"2021-03-02T08:52:32","modified_gmt":"2021-03-02T11:52:32","slug":"portaria-n-4-156-1984","status":"publish","type":"page","link":"https:\/\/www.ufsm.br\/pro-reitorias\/proplan\/portaria-n-4-156-1984","title":{"rendered":"Portaria N. 4.156\/1984"},"content":{"rendered":"\t\t<div data-elementor-type=\"wp-page\" data-elementor-id=\"4337\" class=\"elementor elementor-4337\">\n\t\t\t\t\t\t<section class=\"elementor-section elementor-top-section elementor-element elementor-element-70352a8 elementor-section-boxed elementor-section-height-default elementor-section-height-default\" data-id=\"70352a8\" data-element_type=\"section\">\n\t\t\t\t\t\t<div class=\"elementor-container elementor-column-gap-default\">\n\t\t\t\t\t<div class=\"elementor-column elementor-col-100 elementor-top-column elementor-element elementor-element-35173ce\" data-id=\"35173ce\" data-element_type=\"column\">\n\t\t\t<div class=\"elementor-widget-wrap elementor-element-populated\">\n\t\t\t\t\t\t<div class=\"elementor-element elementor-element-2b9298d elementor-widget elementor-widget-html\" data-id=\"2b9298d\" data-element_type=\"widget\" data-widget_type=\"html.default\">\n\t\t\t\t<div class=\"elementor-widget-container\">\n\t\t\t\r\n\r\n\r\n<title><b>PORTARIA N\u00ba 4.156\/1984<\/b><\/title>\r\n\r\n\r\n<div align=\"center\"><img decoding=\"async\" src=\"https:\/\/www.ufsm.br\/pro-reitorias\/proplan\/wp-content\/uploads\/sites\/344\/2019\/09\/brasao-da-republica-do-brasil-logo.png\" alt=\"Bras\u00e3o Rep\u00fablica Federativa do Brasil\" width=\"6%\" height=\"6%\"><\/div>\r\n<p><b><font color=\"0000blue\"><div align=\"center\">SERVI\u00c7O P\u00daBLICO FEDERAL<\/b><\/font><\/div><\/p>\r\n<p><div align=\"center\"><b><a href=\"https:\/\/portal.ufsm.br\/documentos\/publico\/documento.html?id=7661182\" target=\"_blank\"><font color=\"blue\">PORTARIA N\u00ba 4.156, DE 08 DE AGOSTO DE 1984<\/font><\/a><\/b><\/div><\/p>\r\n<br>\r\n<p><a href=\"https:\/\/www.ufsm.br\/pro-reitorias\/proplan\/portaria-normativa-ufsm-n-018-2021\/\" target=\"_blank\"><font color=\"blue\">Revogada pela Portaria Normativa N. 018\/2021<\/font><\/a>\r\n<br><div align=\"justify\">\r\n<strike>\r\n<p>O DIRETOR DO DEPARTAMENTO DE PESSOAL DA UNIVERSIDADE FEDERAL DE SANTA MARIA, no uso de suas atribui\u00e7\u00f5es legais e estatut\u00e1rias, e tendo em vista o que consta do Of\u00edcio Circular DASP n\u00ba 31, de 18 de junho de 1980,<\/p> \r\n<br>  \r\n<p>RESOLVE:<\/p>\r\n<br>\r\n<p>Publicar a nova composi\u00e7\u00e3o de distribui\u00e7\u00e3o por Classes da Categoria Funcional de BIBLIOTEC\u00c1RIO, c\u00f3digo NS-932, tendo em vista a altera\u00e7\u00e3o de que trata a <a href=\"https:\/\/www2.camara.leg.br\/legin\/fed\/lei\/1980-1987\/lei-7185-16-abril-1984-356833-publicacaooriginal-1-pl.html\" target=\"_blank\"><font color=\"blue\">Lei n\u00ba 7.185<\/font><\/a>, de 15 de abril de 1984, publicada no Di\u00e1rio Oficial de 18 subsequente, na forma do anexo.<\/p>\r\n<br>\r\n<p>Cont. Rubem H\u00f6her,<\/p>\r\n<p>Diretor.<\/p>\r\n<br>\r\n\r\n<p><div align=\"center\">LOTA\u00c7\u00c3O \u2013 Altera\u00e7\u00e3o de Distribui\u00e7\u00e3o por Classes<\/div><\/p>\r\n<p>1. UNIVERSIDADE FEDERAL DE SANTA MARIA<\/p>\r\n<p>(Minist\u00e9rio, \u00d3rg\u00e3o integrante da Presid\u00eancia da Rep\u00fablica, \u00d3rg\u00e3o Aut\u00f4nomo ou Autarquia)<\/p>\r\n<p>2. GRUPO: OUTRAS ATIVIDADES DE N\u00cdVEL SUPERIOR-NS-900<\/p>\r\n<br>\r\n<table class=\"gn-seletable\">\r\n<table><table width=\"75%\">\r\n<tbody><tr>\r\n<th><\/th><th colspan=\"4\"><div align=\"center\">SITUA\u00c7\u00c3O ANTERIOR<\/div><\/th><th colspan=\"6\"><div align=\"center\">SITUA\u00c7\u00c3O ATUAL<\/div><\/th><\/tr>\r\n\r\n<tr><td width=\"24%\">CATEGORIA FUNCIONAL<\/td><td colspan=\"3\"><div align=\"center\">CLASSES<\/div><\/td><td width=\"10%\">TOTAL<\/td><td><\/td><td colspan=\"3\"><div align=\"center\">CLASSES<\/div><\/td><td width=\"10%\">TOTAL<\/td><\/tr>\r\n<tr><td><\/td><td>A<\/td><td>B<\/td><td width=\"10%\">ESPECIAL<\/td><td><\/td><td>A <br>40%<\/td><td>B <br>30%<\/td><td>C <br>20%<\/td><td width=\"10%\">ESPECIAL<\/td><td><\/td><\/tr>\r\n<tr><td>Bibliotec\u00e1rio<\/td><td>18<\/td><td>10<\/td><td>03<\/td><td>31<\/td><td>13<\/td><td>09<\/td><td>06<\/td><td>03<\/td><td>31<\/td><\/tr><\/tbody><\/table>\r\n\r\n<\/strike>\r\n<p><font color=\"red0000\">Este texto n\u00e3o substitui o documento original, publicado no Portal de Documentos.<\/font> Dispon\u00edvel em: <a href=\"https:\/\/portal.ufsm.br\/documentos\/publico\/documento.html?id=7661182\" target=\"_blank\"><font color=\"blue\">https:\/\/portal.ufsm.br\/documentos\/publico\/documento.html?id=7661182<\/font><\/a><\/p>\r\n<br>\t\t<\/div>\n\t\t\t\t<\/div>\n\t\t\t\t\t<\/div>\n\t\t<\/div>\n\t\t\t\t\t<\/div>\n\t\t<\/section>\n\t\t\t\t<\/div>\n\t\t","protected":false},"excerpt":{"rendered":"<p>PORTARIA N\u00ba 4.156\/1984 SERVI\u00c7O P\u00daBLICO FEDERAL PORTARIA N\u00ba 4.156, DE 08 DE AGOSTO DE 1984 Revogada pela Portaria Normativa N. 018\/2021 O DIRETOR DO DEPARTAMENTO DE PESSOAL DA UNIVERSIDADE FEDERAL DE SANTA MARIA, no uso de suas atribui\u00e7\u00f5es legais e estatut\u00e1rias, e tendo em vista o que consta do Of\u00edcio Circular DASP n\u00ba 31, de [&hellip;]<\/p>\n","protected":false},"author":205,"featured_media":0,"parent":0,"menu_order":0,"comment_status":"closed","ping_status":"closed","template":"","meta":{"footnotes":""},"categories":[],"tags":[],"class_list":["post-4337","page","type-page","status-publish","hentry"],"acf":[],"_links":{"self":[{"href":"https:\/\/www.ufsm.br\/pro-reitorias\/proplan\/wp-json\/wp\/v2\/pages\/4337","targetHints":{"allow":["GET"]}}],"collection":[{"href":"https:\/\/www.ufsm.br\/pro-reitorias\/proplan\/wp-json\/wp\/v2\/pages"}],"about":[{"href":"https:\/\/www.ufsm.br\/pro-reitorias\/proplan\/wp-json\/wp\/v2\/types\/page"}],"author":[{"embeddable":true,"href":"https:\/\/www.ufsm.br\/pro-reitorias\/proplan\/wp-json\/wp\/v2\/users\/205"}],"replies":[{"embeddable":true,"href":"https:\/\/www.ufsm.br\/pro-reitorias\/proplan\/wp-json\/wp\/v2\/comments?post=4337"}],"version-history":[{"count":0,"href":"https:\/\/www.ufsm.br\/pro-reitorias\/proplan\/wp-json\/wp\/v2\/pages\/4337\/revisions"}],"wp:attachment":[{"href":"https:\/\/www.ufsm.br\/pro-reitorias\/proplan\/wp-json\/wp\/v2\/media?parent=4337"}],"wp:term":[{"taxonomy":"category","embeddable":true,"href":"https:\/\/www.ufsm.br\/pro-reitorias\/proplan\/wp-json\/wp\/v2\/categories?post=4337"},{"taxonomy":"post_tag","embeddable":true,"href":"https:\/\/www.ufsm.br\/pro-reitorias\/proplan\/wp-json\/wp\/v2\/tags?post=4337"}],"curies":[{"name":"wp","href":"https:\/\/api.w.org\/{rel}","templated":true}]}}