{"id":4346,"date":"2021-02-26T11:08:57","date_gmt":"2021-02-26T14:08:57","guid":{"rendered":"https:\/\/www.ufsm.br\/pro-reitorias\/proplan\/?page_id=4346"},"modified":"2021-03-02T13:30:21","modified_gmt":"2021-03-02T16:30:21","slug":"portaria-n-69-170-2014","status":"publish","type":"page","link":"https:\/\/www.ufsm.br\/pro-reitorias\/proplan\/portaria-n-69-170-2014","title":{"rendered":"Portaria N. 69.170\/2014"},"content":{"rendered":"\t\t<div data-elementor-type=\"wp-page\" data-elementor-id=\"4346\" class=\"elementor elementor-4346\">\n\t\t\t\t\t\t<section class=\"elementor-section elementor-top-section elementor-element elementor-element-25c8416 elementor-section-boxed elementor-section-height-default elementor-section-height-default\" data-id=\"25c8416\" data-element_type=\"section\">\n\t\t\t\t\t\t<div class=\"elementor-container elementor-column-gap-default\">\n\t\t\t\t\t<div class=\"elementor-column elementor-col-100 elementor-top-column elementor-element elementor-element-9a94ed5\" data-id=\"9a94ed5\" data-element_type=\"column\">\n\t\t\t<div class=\"elementor-widget-wrap elementor-element-populated\">\n\t\t\t\t\t\t<div class=\"elementor-element elementor-element-2c645f2 elementor-widget elementor-widget-html\" data-id=\"2c645f2\" data-element_type=\"widget\" data-widget_type=\"html.default\">\n\t\t\t\t<div class=\"elementor-widget-container\">\n\t\t\t\r\n\r\n\r\n<title><b>PORTARIA N. 69.170\/2014<\/b><\/title>\r\n\r\n\r\n<div align=\"center\"><img decoding=\"async\" src=\"https:\/\/www.ufsm.br\/pro-reitorias\/proplan\/wp-content\/uploads\/sites\/344\/2019\/09\/brasao-da-republica-do-brasil-logo.png\" alt=\"Bras\u00e3o Rep\u00fablica Federativa do Brasil\" width=\"6%\" height=\"6%\"><\/div>    \r\n<h1><font color=\"blue\"><font size=\"5\"><div align=\"center\">MINIST\u00c9RIO DA EDUCA\u00c7\u00c3O<\/b><\/font><\/font><\/div><\/H1>\r\n<p><b><font color=\"0000blue\"><div align=\"center\">UNIVERSIDADE FEDERAL DE SANTA MARIA<\/b><\/font><\/div><\/p>\r\n\r\n<p><div align=\"center\"><b><a href=\"https:\/\/portal.ufsm.br\/documentos\/publico\/documento.html?id=8337522\" target=\"_blank\"><font color=\"blue\">PORTARIA N. 69.170, DE 23 DE JANEIRO DE 2014.<\/font><\/a><\/b><\/div><\/p>\r\n<br>\r\n<p><div align=\"right\"><font color=\"800000\"><strike>Disp\u00f5e sobre o hor\u00e1rio de funcionamento da Universidade Federal de Santa Maria no per\u00edodo de f\u00e9rias de ver\u00e3o de 2014 e d\u00e1 outras provid\u00eancias. <\/strike><\/font><\/div><\/p>\r\n<br>\r\n<p><a href=\"https:\/\/www.ufsm.br\/pro-reitorias\/proplan\/portaria-normativa-ufsm-n-018-2021\/\" target=\"_blank\"><font color=\"blue\">Revogada pela Portaria Normativa N. 018\/2021<\/font><\/a><\/p>\r\n<br><div align=\"justify\">\r\n<strike>\r\n<p><b>O REITOR DA UNIVERSIDADE FEDERAL DE SANTA MARIA<\/b>, no uso de suas atribui\u00e7\u00f5es que lhe confere o artigo 30, inciso XIX, do <a href=\"https:\/\/www.ufsm.br\/pro-reitorias\/proplan\/estatuto-ufsm-2010\/\" target=\"_blank\"><font color=\"blue\"><u>Estatuto<\/u><\/font><\/a>, aprovado pela Portaria do Minist\u00e9rio da Educa\u00e7\u00e3o, de n. 801, de 27 de abril de 2001: <\/p>\r\n<p><b>CONSIDERANDO<\/b> os princ\u00edpios constitucionais da economicidade e efici\u00eancia da Administra\u00e7\u00e3o P\u00fablica; <\/p>\r\n<p><b>CONSIDERANDO<\/b> que a UFSM encerrar\u00e1 o ano letivo de 2013 em 25 de janeiro de 2014; <\/p>\r\n<p><b>CONSIDERANDO<\/b> a concentra\u00e7\u00e3o do per\u00edodo de f\u00e9rias de grande parte dos servidores da UFSM durante os meses de janeiro e fevereiro: <\/p>\r\n<p><b>CONSIDERANDO<\/b> a implanta\u00e7\u00e3o do hor\u00e1rio de ver\u00e3o em diversas institui\u00e7\u00f5es p\u00fablicas em \u00e2mbito nacional; <\/p>\r\n<p><b>CONSIDERANDO<\/b> a necessidade de reduzir despesas com a manuten\u00e7\u00e3o e a necessidade de racionalizar os servi\u00e7os em per\u00edodo de menor demanda, resolve: <\/p>\r\n<br>\r\n<p>Artigo 1\u00ba - Implantar hor\u00e1rio de expediente externo reduzido de forma tempor\u00e1ria, sem preju\u00edzo \u00e0 qualidade na presta\u00e7\u00e3o dos servi\u00e7os e atendimento \u00e0 comunidade acad\u00eamica e \u00e0 sociedade. <\/p>\r\n<p>Artigo 2\u00ba - O hor\u00e1rio de expediente externo reduzido da Reitoria e dos demais \u00f3rg\u00e3os administrativos da Universidade abranger\u00e1 o per\u00edodo entre o dia 27 de Janeiro de 2014 e o dia 28 de Fevereiro de 2014 e ser\u00e1 assim cumprido: <\/p>\r\n<p>I - Nas segundas-feiras das 13 horas \u00e0s 19 horas e; <\/p>\r\n<p>II - De ter\u00e7a a sexta-feira das 7h30min \u00e0s 13h30min. <\/p>\r\n\r\n<p>Par\u00e1grafo primeiro - As Unidades Universit\u00e1rias onde os servi\u00e7os s\u00e3o considerados essenciais n\u00e3o devem sofrer altera\u00e7\u00e3o no seus hor\u00e1rios de atendimento; <\/p>\r\n<p>Par\u00e1grafo segundo - Cada subunidade\/setor racionalizar\u00e1 suas atividades, de forma que durante o expediente, n\u00e3o ocorra qualquer preju\u00edzo \u00e0 Institui\u00e7\u00e3o.<\/p>\r\n<p>Par\u00e1grafo terceiro - Esta Portaria n\u00e3o se aplica aos servidores que s\u00e3o contemplados com a flexibiliza\u00e7\u00e3o de jornada de trabalho, bem como para \u00e0quelas categorias que possuem jornada estabelecida em legisla\u00e7\u00e3o espec\u00edfica. <\/p>\r\n\r\n<p>Artigo 4\u00ba - Durante o m\u00eas de fevereiro de 2014 os servidores estar\u00e3o de sobreaviso, de duas horas di\u00e1rias em que, havendo interesse premente ou necessidade do servi\u00e7o, a crit\u00e9rio da chefia imediata, os servidores podem ser requisitados para comparecer ou permanecer em atividade durante essas duas horas. <\/p>\r\n<p>Artigo 5\u00ba - Esta Portaria entra em vigor no dia 27 de janeiro de 2014. <\/p>\r\n<br>\r\n<p>PAULO AFONSO BURMANN<\/p>\r\n<\/strike>\r\n<p><font color=\"red0000\">Este texto n\u00e3o substitui o documento original, publicado no Portal de Documentos.<\/font> Dispon\u00edvel em: <a href=\"https:\/\/portal.ufsm.br\/documentos\/publico\/documento.html?id=8337522\"><font color=\"blue\">https:\/\/portal.ufsm.br\/documentos\/publico\/documento.html?id=8337522<\/font><\/a>\r\n\r\n\t\t<\/div>\n\t\t\t\t<\/div>\n\t\t\t\t\t<\/div>\n\t\t<\/div>\n\t\t\t\t\t<\/div>\n\t\t<\/section>\n\t\t\t\t<\/div>\n\t\t","protected":false},"excerpt":{"rendered":"<p>PORTARIA N. 69.170\/2014 MINIST\u00c9RIO DA EDUCA\u00c7\u00c3O UNIVERSIDADE FEDERAL DE SANTA MARIA PORTARIA N. 69.170, DE 23 DE JANEIRO DE 2014. Disp\u00f5e sobre o hor\u00e1rio de funcionamento da Universidade Federal de Santa Maria no per\u00edodo de f\u00e9rias de ver\u00e3o de 2014 e d\u00e1 outras provid\u00eancias. Revogada pela Portaria Normativa N. 018\/2021 O REITOR DA UNIVERSIDADE FEDERAL [&hellip;]<\/p>\n","protected":false},"author":205,"featured_media":0,"parent":0,"menu_order":0,"comment_status":"closed","ping_status":"closed","template":"","meta":{"footnotes":""},"categories":[],"tags":[],"class_list":["post-4346","page","type-page","status-publish","hentry"],"acf":[],"_links":{"self":[{"href":"https:\/\/www.ufsm.br\/pro-reitorias\/proplan\/wp-json\/wp\/v2\/pages\/4346","targetHints":{"allow":["GET"]}}],"collection":[{"href":"https:\/\/www.ufsm.br\/pro-reitorias\/proplan\/wp-json\/wp\/v2\/pages"}],"about":[{"href":"https:\/\/www.ufsm.br\/pro-reitorias\/proplan\/wp-json\/wp\/v2\/types\/page"}],"author":[{"embeddable":true,"href":"https:\/\/www.ufsm.br\/pro-reitorias\/proplan\/wp-json\/wp\/v2\/users\/205"}],"replies":[{"embeddable":true,"href":"https:\/\/www.ufsm.br\/pro-reitorias\/proplan\/wp-json\/wp\/v2\/comments?post=4346"}],"version-history":[{"count":0,"href":"https:\/\/www.ufsm.br\/pro-reitorias\/proplan\/wp-json\/wp\/v2\/pages\/4346\/revisions"}],"wp:attachment":[{"href":"https:\/\/www.ufsm.br\/pro-reitorias\/proplan\/wp-json\/wp\/v2\/media?parent=4346"}],"wp:term":[{"taxonomy":"category","embeddable":true,"href":"https:\/\/www.ufsm.br\/pro-reitorias\/proplan\/wp-json\/wp\/v2\/categories?post=4346"},{"taxonomy":"post_tag","embeddable":true,"href":"https:\/\/www.ufsm.br\/pro-reitorias\/proplan\/wp-json\/wp\/v2\/tags?post=4346"}],"curies":[{"name":"wp","href":"https:\/\/api.w.org\/{rel}","templated":true}]}}