{"id":4348,"date":"2021-02-26T11:09:15","date_gmt":"2021-02-26T14:09:15","guid":{"rendered":"https:\/\/www.ufsm.br\/pro-reitorias\/proplan\/?page_id=4348"},"modified":"2021-03-03T09:27:49","modified_gmt":"2021-03-03T12:27:49","slug":"portaria-n-73-369-2014","status":"publish","type":"page","link":"https:\/\/www.ufsm.br\/pro-reitorias\/proplan\/portaria-n-73-369-2014","title":{"rendered":"Portaria N. 73.639\/2014"},"content":{"rendered":"\t\t<div data-elementor-type=\"wp-page\" data-elementor-id=\"4348\" class=\"elementor elementor-4348\">\n\t\t\t\t\t\t<section class=\"elementor-section elementor-top-section elementor-element elementor-element-0fd7ea3 elementor-section-boxed elementor-section-height-default elementor-section-height-default\" data-id=\"0fd7ea3\" data-element_type=\"section\">\n\t\t\t\t\t\t<div class=\"elementor-container elementor-column-gap-default\">\n\t\t\t\t\t<div class=\"elementor-column elementor-col-100 elementor-top-column elementor-element elementor-element-adb01b4\" data-id=\"adb01b4\" data-element_type=\"column\">\n\t\t\t<div class=\"elementor-widget-wrap elementor-element-populated\">\n\t\t\t\t\t\t<div class=\"elementor-element elementor-element-7f66ddb elementor-widget elementor-widget-html\" data-id=\"7f66ddb\" data-element_type=\"widget\" data-widget_type=\"html.default\">\n\t\t\t\t<div class=\"elementor-widget-container\">\n\t\t\t\r\n\r\n\r\n<title><b>PORTARIA N. 73.639\/2014<\/b><\/title>\r\n\r\n\r\n<div align=\"center\"><img decoding=\"async\" src=\"https:\/\/www.ufsm.br\/pro-reitorias\/proplan\/wp-content\/uploads\/sites\/344\/2019\/09\/brasao-da-republica-do-brasil-logo.png\" alt=\"Bras\u00e3o Rep\u00fablica Federativa do Brasil\" width=\"6%\" height=\"6%\"><\/div>    \r\n<h1><font color=\"blue\"><font size=\"5\"><div align=\"center\">MINIST\u00c9RIO DA EDUCA\u00c7\u00c3O<\/b><\/font><\/font><\/div><\/H1>\r\n<p><b><font color=\"0000blue\"><div align=\"center\">UNIVERSIDADE FEDERAL DE SANTA MARIA<\/b><\/font><\/div><\/p>\r\n\r\n<p><div align=\"center\"><b><a href=\"https:\/\/portal.ufsm.br\/documentos\/publico\/documento.html?id=8236846\" target=\"_blank\"><font color=\"blue\">PORTARIA N. 73.639, DE 12 DE NOVEMBRO DE 2014.<\/font><\/a><\/b><\/div><\/p>\r\n<br>\r\n<p><div align=\"right\"><font color=\"800000\"><strike>Disp\u00f5e sobre a Remo\u00e7\u00e3o entre Campi da UFSM e a Redistribui\u00e7\u00e3o de servidores docentes para a UFSM. <\/strike><\/font><\/div><\/p>\r\n<br>\r\n<p><a href=\"https:\/\/www.ufsm.br\/pro-reitorias\/proplan\/portaria-normativa-ufsm-n-018-2021\/\" target=\"_blank\"><font color=\"blue\">Revogada pela Portaria Normativa N. 018\/2021<\/font><\/a><\/p>\r\n<br><div align=\"justify\">\r\n<strike>\r\n<p><b>O REITOR DA UNIVERSIDADE FEDERAL DE SANTA MARIA,<\/b> no uso de suas atribui\u00e7\u00f5es legais e regulamentares, considerando o disposto no artigo 30, inciso VIII, do <a href=\"https:\/\/www.ufsm.br\/pro-reitorias\/proplan\/estatuto-ufsm-2010\/\" target=\"_blank\"><font color=\"blue\"><u>Estatuto<\/u><\/font><\/a> da Universidade Federal de Santa Maria e nos artigos 36 e 37 da <a href=\"http:\/\/www.planalto.gov.br\/ccivil_03\/leis\/l8112cons.htm\" target=\"_blank\"><font color=\"blue\"><u>Lei n\u00ba 8.112\/1990<\/u><\/font><\/a>, resolve:<\/p>\r\n<br>\r\n<p><div align=\"center\"><b>SE\u00c7\u00c3O I<\/b><\/div><\/p>\r\n<p><div align=\"center\"><b>Disposi\u00e7\u00f5es Gerais<\/b><\/div><\/p>\r\n<br>\r\n<p>Art. 1\u00ba O presente ato regulamenta a remo\u00e7\u00e3o e a redistribui\u00e7\u00e3o dos servidores docentes, conforme os artigos 36 e 37 da <a href=\"http:\/\/www.planalto.gov.br\/ccivil_03\/leis\/l8112cons.htm\" target=\"_blank\"><font color=\"blue\"><u>Lei n\u00ba 8.112\/1990<\/u><\/font><\/a>, para o deslocamento de lota\u00e7\u00e3o e exerc\u00edcio no \u00e2mbito da Universidade Federal de Santa Maria. <\/p>\r\n<p>Art. 2\u00ba Para fins desta Portaria, o Campus Sede da Universidade Federal de Santa Maria, o Campus de Silveira Martins, o Campus de Frederico Westphalen, o Campus de Palmeira das Miss\u00f5es e o Campus de Cachoeira do Sul s\u00e3o os \u00fanicos \u00f3rg\u00e3os de lota\u00e7\u00e3o dos servidores nos munic\u00edpios em que estiverem localizados.<\/p>\r\n<p>\u00a7 1\u00ba Nas cidades onde n\u00e3o houver quaisquer dos \u00f3rg\u00e3os previstos no caput poder\u00e1 haver, excepcionalmente, a lota\u00e7\u00e3o de servidores docentes, desde que devidamente justificada pela chefia imediata e autorizada pela Reitoria.<\/p>\r\n<p>\u00a7 2\u00ba Os servidores docentes, atualmente lotados nos diversos campi da UFSM, ressalvado o disposto no \u00a7 1\u00ba, ficam lotados nas unidades\/subunidades atuais situadas no respectivo munic\u00edpio. <\/p>\r\n<p>\u00a7 3\u00ba A unidade\/subunidade universit\u00e1ria representa o \u00f3rg\u00e3o de exerc\u00edcio dos servidores.\r\n<br>\r\n<p><div align=\"center\"><b>SE\u00c7\u00c3O II<\/b><\/div><\/p>\r\n<p><div align=\"center\"><b>Remo\u00e7\u00e3o<\/b><\/div><\/p>\r\n<br>\r\n<p>Art. 3\u00ba Remo\u00e7\u00e3o \u00e9 o deslocamento de lota\u00e7\u00e3o ou de exerc\u00edcio de servidores docentes no \u00e2mbito da Universidade Federal de Santa Maria, com ou sem mudan\u00e7a de sede.<\/p>\r\n<p>Art. 4\u00ba S\u00e3o modalidades de remo\u00e7\u00e3o, disciplinadas por esta portaria: <\/p>\r\n<p>I - de of\u00edcio, a crit\u00e9rio da administra\u00e7\u00e3o; <\/p>\r\n<p>II - a pedido do servidor, a crit\u00e9rio da Administra\u00e7\u00e3o;<\/p>\r\n<p>III \u2013 a pedido do servidor, para outra localidade, independentemente do interesse da Administra\u00e7\u00e3o, nos casos apresentados a seguir:<\/p>\r\n<p>a) para acompanhar c\u00f4njuge ou companheiro, tamb\u00e9m servidor p\u00fablico civil ou militar, de qualquer dos Poderes da Uni\u00e3o, dos Estados, do Distrito Federal e dos Munic\u00edpios, que foi deslocado no interesse da Administra\u00e7\u00e3o;<\/p>\r\n<p>b) por motivo de sa\u00fade do servidor, c\u00f4njuge, companheiro ou dependente que viva \u00e0s suas expensas e conste do seu assentamento funcional, condicionada \u00e0 comprova\u00e7\u00e3o por junta m\u00e9dica oficial;<\/p>\r\n<p>\u00a7 1\u00ba Para os casos de remo\u00e7\u00e3o previstos nos incisos I e II, \u00e9 necess\u00e1ria manifesta\u00e7\u00e3o do Reitor, ouvidos o \u00f3rg\u00e3o de lota\u00e7\u00e3o oficial de origem do servidor e o \u00f3rg\u00e3o de sua futura lota\u00e7\u00e3o. <\/p>\r\n<p>\u00a72\u00b0 Os docentes a serem removidos conforme os incisos I e II, dever\u00e3o ser est\u00e1veis no Servi\u00e7o P\u00fablico Federal e possuir t\u00edtulo de Doutor na \u00e1rea acad\u00eamica e\/ou cient\u00edfica da subunidade de destino, com parecer favor\u00e1vel dos respectivos colegiados de curso de gradua\u00e7\u00e3o, do departamento, do programa de p\u00f3s-gradua\u00e7\u00e3o e do conselho da unidade de destino.<\/p>\r\n<p>\u00a73\u00b0 O docente a ser removido dever\u00e1 preencher os crit\u00e9rios de professor permanente de programa de p\u00f3s-gradua\u00e7\u00e3o da unidade de destino. <\/p>\r\n\r\n<p>Art. 5\u00ba O docente somente poder\u00e1 deslocar-se de sua unidade de lota\u00e7\u00e3o para a nova unidade de lota\u00e7\u00e3o, quando da emiss\u00e3o de portaria de remo\u00e7\u00e3o com data equivalente ao exerc\u00edcio do novo servidor na unidade de origem, exceto as hip\u00f3teses do inciso III do artigo 4\u00ba.<\/p>\r\n<p>Art. 6\u00ba A remo\u00e7\u00e3o de docentes da carreira do Ensino B\u00e1sico, T\u00e9cnico e Tecnol\u00f3gico ocorrer\u00e1 mediante aprova\u00e7\u00e3o dos Conselhos das unidades envolvidas. <\/p>\r\n<br>\r\n<p><div align=\"center\"><b>SE\u00c7\u00c3O III<\/b><\/div><\/p>\r\n<p><div align=\"center\"><b>Redistribui\u00e7\u00e3o<\/b><\/div><\/p>\r\n<br>\r\n<p>Art. 7\u00ba Redistribui\u00e7\u00e3o \u00e9 o deslocamento de cargo de provimento efetivo, ocupado ou vago no \u00e2mbito do quadro geral de pessoal, para outro \u00f3rg\u00e3o ou entidade do mesmo Poder, com pr\u00e9via aprecia\u00e7\u00e3o do \u00f3rg\u00e3o central do Sistema de Pessoal Civil do Governo Federal. <\/p>\r\n<p>\u00a71\u00ba \u00c9 necess\u00e1ria manifesta\u00e7\u00e3o expressa do Reitor, ouvidos o \u00f3rg\u00e3o de lota\u00e7\u00e3o oficial de origem do servidor e o \u00f3rg\u00e3o de sua futura lota\u00e7\u00e3o. <\/p>\r\n<p>\u00a72\u00ba Os docentes a serem redistribu\u00eddos dever\u00e3o ser est\u00e1veis no Servi\u00e7o P\u00fablico Federal e possui t\u00edtulo de Doutor na \u00e1rea acad\u00eamica e\/ou cient\u00edfica da subunidade de destino, com parecer favor\u00e1vel dos respectivos colegiados de curso de gradua\u00e7\u00e3o, do departamento, do programa de p\u00f3s-gradua\u00e7\u00e3o e do conselho de unidade de ensino.<\/p>\r\n<p>\u00a73\u00ba O docente a ser redistribu\u00eddo dever\u00e1 preencher os crit\u00e9rios de professor permanente do programa de p\u00f3s-gradua\u00e7\u00e3o da subunidade de destino. <\/p>\r\n\r\n<p>Art. 8\u00ba O Reitor publicar\u00e1 ato efetivando as remo\u00e7\u00f5es e a Secretaria Executiva do Minist\u00e9rio da Educa\u00e7\u00e3o publicar\u00e1 as redistribui\u00e7\u00f5es. <\/p>\r\n<p>Par\u00e1grafo \u00danico - O prazo para o exerc\u00edcio na nova unidade de lota\u00e7\u00e3o ser\u00e1 de, no m\u00ednimo, 10 (dez) dias e, no m\u00e1ximo, 30 (trinta) dias, conforme art. 18 da <a href=\"http:\/\/www.planalto.gov.br\/ccivil_03\/leis\/l8112cons.htm\" target=\"_blank\"><font color=\"blue\"><u>Lei n\u00ba. 8.112\/1990<\/u><\/font><\/a>. <\/p>\r\n\r\n<p>Art. 9\u00ba Os casos omissos ser\u00e3o resolvidos pela Pr\u00f3-Reitoria de Gest\u00e3o de Pessoas, cabendo recurso ao Magn\u00edfico Reitor da UFSM. <\/p>\r\n<p>Art. 10. Esta Portaria entra em vigor na data de sua publica\u00e7\u00e3o, revogadas as disposi\u00e7\u00f5es em contr\u00e1rio.<\/p>\r\n<br>\r\n<p>PAULO AFONSO BURMANN<\/p>\r\n<\/strike>\r\n<p><font color=\"red0000\">Este texto n\u00e3o substitui o documento original, publicado no Portal de Documentos.<\/font> Dispon\u00edvel em: <a href=\"https:\/\/portal.ufsm.br\/documentos\/publico\/documento.html?id=8236846\"><font color=\"blue\">https:\/\/portal.ufsm.br\/documentos\/publico\/documento.html?id=8236846<\/font><\/a>\r\n\r\n\t\t<\/div>\n\t\t\t\t<\/div>\n\t\t\t\t\t<\/div>\n\t\t<\/div>\n\t\t\t\t\t<\/div>\n\t\t<\/section>\n\t\t\t\t<\/div>\n\t\t","protected":false},"excerpt":{"rendered":"<p>PORTARIA N. 73.639\/2014 MINIST\u00c9RIO DA EDUCA\u00c7\u00c3O UNIVERSIDADE FEDERAL DE SANTA MARIA PORTARIA N. 73.639, DE 12 DE NOVEMBRO DE 2014. Disp\u00f5e sobre a Remo\u00e7\u00e3o entre Campi da UFSM e a Redistribui\u00e7\u00e3o de servidores docentes para a UFSM. Revogada pela Portaria Normativa N. 018\/2021 O REITOR DA UNIVERSIDADE FEDERAL DE SANTA MARIA, no uso de suas [&hellip;]<\/p>\n","protected":false},"author":205,"featured_media":0,"parent":0,"menu_order":0,"comment_status":"closed","ping_status":"closed","template":"","meta":{"footnotes":""},"categories":[],"tags":[],"class_list":["post-4348","page","type-page","status-publish","hentry"],"acf":[],"_links":{"self":[{"href":"https:\/\/www.ufsm.br\/pro-reitorias\/proplan\/wp-json\/wp\/v2\/pages\/4348","targetHints":{"allow":["GET"]}}],"collection":[{"href":"https:\/\/www.ufsm.br\/pro-reitorias\/proplan\/wp-json\/wp\/v2\/pages"}],"about":[{"href":"https:\/\/www.ufsm.br\/pro-reitorias\/proplan\/wp-json\/wp\/v2\/types\/page"}],"author":[{"embeddable":true,"href":"https:\/\/www.ufsm.br\/pro-reitorias\/proplan\/wp-json\/wp\/v2\/users\/205"}],"replies":[{"embeddable":true,"href":"https:\/\/www.ufsm.br\/pro-reitorias\/proplan\/wp-json\/wp\/v2\/comments?post=4348"}],"version-history":[{"count":0,"href":"https:\/\/www.ufsm.br\/pro-reitorias\/proplan\/wp-json\/wp\/v2\/pages\/4348\/revisions"}],"wp:attachment":[{"href":"https:\/\/www.ufsm.br\/pro-reitorias\/proplan\/wp-json\/wp\/v2\/media?parent=4348"}],"wp:term":[{"taxonomy":"category","embeddable":true,"href":"https:\/\/www.ufsm.br\/pro-reitorias\/proplan\/wp-json\/wp\/v2\/categories?post=4348"},{"taxonomy":"post_tag","embeddable":true,"href":"https:\/\/www.ufsm.br\/pro-reitorias\/proplan\/wp-json\/wp\/v2\/tags?post=4348"}],"curies":[{"name":"wp","href":"https:\/\/api.w.org\/{rel}","templated":true}]}}