{"id":4352,"date":"2021-02-26T14:22:23","date_gmt":"2021-02-26T17:22:23","guid":{"rendered":"https:\/\/www.ufsm.br\/pro-reitorias\/proplan\/?page_id=4352"},"modified":"2021-03-02T10:34:53","modified_gmt":"2021-03-02T13:34:53","slug":"portaria-n-64-643-2013","status":"publish","type":"page","link":"https:\/\/www.ufsm.br\/pro-reitorias\/proplan\/portaria-n-64-643-2013","title":{"rendered":"Portaria N. 64.643\/2013"},"content":{"rendered":"\t\t<div data-elementor-type=\"wp-page\" data-elementor-id=\"4352\" class=\"elementor elementor-4352\">\n\t\t\t\t\t\t<section class=\"elementor-section elementor-top-section elementor-element elementor-element-1f84bbb elementor-section-boxed elementor-section-height-default elementor-section-height-default\" data-id=\"1f84bbb\" data-element_type=\"section\">\n\t\t\t\t\t\t<div class=\"elementor-container elementor-column-gap-default\">\n\t\t\t\t\t<div class=\"elementor-column elementor-col-100 elementor-top-column elementor-element elementor-element-ce50497\" data-id=\"ce50497\" data-element_type=\"column\">\n\t\t\t<div class=\"elementor-widget-wrap elementor-element-populated\">\n\t\t\t\t\t\t<div class=\"elementor-element elementor-element-7f8dd75 elementor-widget elementor-widget-html\" data-id=\"7f8dd75\" data-element_type=\"widget\" data-widget_type=\"html.default\">\n\t\t\t\t<div class=\"elementor-widget-container\">\n\t\t\t\r\n\r\n\r\n<title><b>PORTARIA N. 64.643\/2013<\/b><\/title>\r\n\r\n\r\n<div align=\"center\"><img decoding=\"async\" src=\"https:\/\/www.ufsm.br\/pro-reitorias\/proplan\/wp-content\/uploads\/sites\/344\/2019\/09\/brasao-da-republica-do-brasil-logo.png\" alt=\"Bras\u00e3o Rep\u00fablica Federativa do Brasil\" width=\"6%\" height=\"6%\"><\/div>    \r\n<h1><font color=\"blue\"><font size=\"5\"><div align=\"center\">MINIST\u00c9RIO DA EDUCA\u00c7\u00c3O<\/b><\/font><\/font><\/div><\/H1>\r\n<p><b><font color=\"0000blue\"><div align=\"center\">UNIVERSIDADE FEDERAL DE SANTA MARIA<\/b><\/font><\/div><\/p>\r\n\r\n<p><div align=\"center\"><b><a href=\"https:\/\/portal.ufsm.br\/documentos\/publico\/documento.html?id=8663580\" target=\"_blank\"><font color=\"blue\">PORTARIA N. 64.643, DE 05 DE FEVEREIRO DE 2013.<\/font><\/a><\/b><\/div><\/p>\r\n<br>\r\n<p><div align=\"right\"><font color=\"800000\"><strike>Disp\u00f5e sobre o hor\u00e1rio de funcionamento da Universidade Federal de Santa Maria no per\u00edodo de f\u00e9rias de ver\u00e3o de 2013 e d\u00e1 outras provid\u00eancias. <\/strike><\/font><\/div><\/p>\r\n<br>\r\n<p><a href=\"https:\/\/www.ufsm.br\/pro-reitorias\/proplan\/portaria-normativa-ufsm-n-018-2021\/\" target=\"_blank\"><font color=\"blue\">Revogada pela Portaria Normativa N. 018\/2021<\/font><\/a><\/p>\r\n<br><div align=\"justify\">\r\n<strike>\r\n<p>0 Reitor da Universidade Federal de Santa Maria, no uso de suas atribui\u00e7\u00f5es que lhe confere o artigo 30, inciso XIX, do <a href=\"https:\/\/www.ufsm.br\/pro-reitorias\/proplan\/estatuto-ufsm-2010\/\" target=\"_blank\"><font color=\"blue\"><u>Estatuto<\/u><\/font><\/a>, aprovado pela Portaria do Minist\u00e9rio da Educa\u00e7\u00e3o, de n\u00ba 801, de 27 de abril de 2001; <\/p>\r\n<p><b>CONSIDERANDO<\/b> o in\u00edcio das avalia\u00e7\u00f5es bimestral e final do 2\u00ba semestre, com a consequente redu\u00e7\u00e3o das aulas, seguidas das f\u00e9rias acad\u00eamicas; <\/p>\r\n<p><b>CONSIDERANDO<\/b> a concentra\u00e7\u00e3o de f\u00e9rias dos Servidores no per\u00edodo de ver\u00e3o; <\/p>\r\n<p><b>CONSIDERANDO<\/b> a determina\u00e7\u00e3o do Governo Federal para que ocorra uma redu\u00e7\u00e3o no consumo\/despesas de \u00e1gua, energia el\u00e9trica, telefone e combust\u00edvel; <\/p>\r\n<p><b>CONSIDERANDO<\/b> o alto consumo de energia, motivado pela necessidade de climatiza\u00e7\u00e3o de ambientes; <\/p>\r\n<p><b>CONSIDERAND<\/b> a necessidade de adequar o funcionamento da Institui\u00e7\u00e3o segundo o Princ\u00edpio da Economicidade; <\/p>\r\n<br>\r\n<p><b>RESOLVE:<\/b><\/p>\r\n<br>\r\n<p>\r\n<p>Artigo 1\u00ba - Fixar o funcionamento da Universidade Federal de Santa Maria, no per\u00edodo de 13 de fevereiro de 2013 a 17 de mar\u00e7o de 2013, no seguinte hor\u00e1rio: <\/p>\r\n<p>I - das 6 \u00e0s 23 horas. <\/p>\r\n\r\n<p>Artigo 2\u00ba - O hor\u00e1rio de atendimento externo da Reitoria e dos demais \u00f3rg\u00e3os administrativos da Universidade, no per\u00edodo acima, ser\u00e1 cumprido entre; <\/p>\r\n<p>I - 14h00min e 18h00min no dia 13\/02\/2013 e; <\/p>\r\n<p>II - 07h30min e I3h30min nos demais dias. <\/p>\r\n\r\n<p>Par\u00e1grafo Primeiro - As unidades universit\u00e1rias que, em consequ\u00eancia de suas peculiaridades especiais de funcionamento, necessitarem de amplia\u00e7\u00e3o de hor\u00e1rio, far\u00e3o turnos de revezamento de modo que seja alcan\u00e7ado o objetivo da presente resolu\u00e7\u00e3o; <\/p>\r\n<p>Par\u00e1grafo Segundo - A presente Portaria n\u00e3o se aplica \u00e0s unidades que j\u00e1 disp\u00f5e de flexibiliza\u00e7\u00e3o de jornada de 33 (trinta e tr\u00eas) horas semanais e 07 (sete) horas de sobreaviso e ou retaguarda, bem como para \u00e0quelas categorias que possuem jornada estabelecida em legisla\u00e7\u00e3o espec\u00edfica. <\/p>\r\n\r\n<p>Artigo 3\u00ba - As atividades did\u00e1ticas previstas no calend\u00e1rio escolar n\u00e3o sofrer\u00e3o solu\u00e7\u00e3o de continuidade. <\/p>\r\n<p>Artigo 4\u00ba - As duas (02) horas reduzidas em fun\u00e7\u00e3o da presente Portaria dever\u00e3o ser cumpridas em regime de Sobreaviso e\/ou Retaguarda, podendo o servidor ser chamado frente \u00e0 necessidade de servi\u00e7o. <\/p>\r\n\r\n<p>Par\u00e1grafo Primeiro - As horas n\u00e3o trabalhadas no regime de sobreaviso ou retaguarda, por aus\u00eancia de convoca\u00e7\u00e3o, ser\u00e3o consideradas como de efetivo exerc\u00edcio, sendo que as efetivamente trabalhadas n\u00e3o gerar\u00e3o pagamento de horas-extras; <\/p>\r\n<p>Par\u00e1grafo Segundo - Para fins desta portaria, considera-se regime de sobreaviso ou retaguarda o per\u00edodo em que o servidor ficar \u00e0 disposi\u00e7\u00e3o do seu setor, esperando seu chamado, para cumprimento de hor\u00e1rio predeterminado; <\/p>\r\n<p>Par\u00e1grafo Terceiro - Nenhum servidor, quando convocado, poder\u00e1 furtar-se de cumprir o regime de sobreaviso ou de trabalho de retaguarda, sendo que, em caso de n\u00e3o comparecimento, quando solicitado, ter\u00e1 as duas horas reduzidas descontadas de seus vencimentos;<\/p>\r\n<p>Par\u00e1grafo Quarto - N\u00e3o haver\u00e1 direito adquirido em rela\u00e7\u00e3o \u00e0 jornada de trabalho prevista nos artigos 1\u00ba e 2\u00ba. <\/p>\r\n\r\n<p>Artigo 5\u00ba - Esta Portaria entra em vigor no dia 13 de fevereiro de 2013.<\/p>\r\n<br>\r\n<p>GABINETE DO REITOR DA UNIVERSIDADE FEDERAL DE SANTA MARIA, aos cinco de Fevereiro de dois mil e treze.<\/p>\r\n<br>\r\n<p>FELIPE MARTINS M\u00dcLLER<\/p>\r\n<\/strike>\r\n<p><font color=\"red0000\">Este texto n\u00e3o substitui o documento original, publicado no Portal de Documentos.<\/font> Dispon\u00edvel em: <a href=\"https:\/\/portal.ufsm.br\/documentos\/publico\/documento.html?id=8663580\"><font color=\"blue\">https:\/\/portal.ufsm.br\/documentos\/publico\/documento.html?id=8663580<\/font><\/a>\r\n\r\n\t\t<\/div>\n\t\t\t\t<\/div>\n\t\t\t\t\t<\/div>\n\t\t<\/div>\n\t\t\t\t\t<\/div>\n\t\t<\/section>\n\t\t\t\t<\/div>\n\t\t","protected":false},"excerpt":{"rendered":"<p>PORTARIA N. 64.643\/2013 MINIST\u00c9RIO DA EDUCA\u00c7\u00c3O UNIVERSIDADE FEDERAL DE SANTA MARIA PORTARIA N. 64.643, DE 05 DE FEVEREIRO DE 2013. Disp\u00f5e sobre o hor\u00e1rio de funcionamento da Universidade Federal de Santa Maria no per\u00edodo de f\u00e9rias de ver\u00e3o de 2013 e d\u00e1 outras provid\u00eancias. Revogada pela Portaria Normativa N. 018\/2021 0 Reitor da Universidade Federal [&hellip;]<\/p>\n","protected":false},"author":205,"featured_media":0,"parent":0,"menu_order":0,"comment_status":"closed","ping_status":"closed","template":"","meta":{"footnotes":""},"categories":[],"tags":[],"class_list":["post-4352","page","type-page","status-publish","hentry"],"acf":[],"_links":{"self":[{"href":"https:\/\/www.ufsm.br\/pro-reitorias\/proplan\/wp-json\/wp\/v2\/pages\/4352","targetHints":{"allow":["GET"]}}],"collection":[{"href":"https:\/\/www.ufsm.br\/pro-reitorias\/proplan\/wp-json\/wp\/v2\/pages"}],"about":[{"href":"https:\/\/www.ufsm.br\/pro-reitorias\/proplan\/wp-json\/wp\/v2\/types\/page"}],"author":[{"embeddable":true,"href":"https:\/\/www.ufsm.br\/pro-reitorias\/proplan\/wp-json\/wp\/v2\/users\/205"}],"replies":[{"embeddable":true,"href":"https:\/\/www.ufsm.br\/pro-reitorias\/proplan\/wp-json\/wp\/v2\/comments?post=4352"}],"version-history":[{"count":0,"href":"https:\/\/www.ufsm.br\/pro-reitorias\/proplan\/wp-json\/wp\/v2\/pages\/4352\/revisions"}],"wp:attachment":[{"href":"https:\/\/www.ufsm.br\/pro-reitorias\/proplan\/wp-json\/wp\/v2\/media?parent=4352"}],"wp:term":[{"taxonomy":"category","embeddable":true,"href":"https:\/\/www.ufsm.br\/pro-reitorias\/proplan\/wp-json\/wp\/v2\/categories?post=4352"},{"taxonomy":"post_tag","embeddable":true,"href":"https:\/\/www.ufsm.br\/pro-reitorias\/proplan\/wp-json\/wp\/v2\/tags?post=4352"}],"curies":[{"name":"wp","href":"https:\/\/api.w.org\/{rel}","templated":true}]}}