{"id":4357,"date":"2021-02-26T14:23:04","date_gmt":"2021-02-26T17:23:04","guid":{"rendered":"https:\/\/www.ufsm.br\/pro-reitorias\/proplan\/?page_id=4357"},"modified":"2021-03-02T10:26:33","modified_gmt":"2021-03-02T13:26:33","slug":"portaria-n-63-606-2012","status":"publish","type":"page","link":"https:\/\/www.ufsm.br\/pro-reitorias\/proplan\/portaria-n-63-606-2012","title":{"rendered":"Portaria N. 63.606\/2012"},"content":{"rendered":"\t\t<div data-elementor-type=\"wp-page\" data-elementor-id=\"4357\" class=\"elementor elementor-4357\">\n\t\t\t\t\t\t<section class=\"elementor-section elementor-top-section elementor-element elementor-element-8f497b1 elementor-section-boxed elementor-section-height-default elementor-section-height-default\" data-id=\"8f497b1\" data-element_type=\"section\">\n\t\t\t\t\t\t<div class=\"elementor-container elementor-column-gap-default\">\n\t\t\t\t\t<div class=\"elementor-column elementor-col-100 elementor-top-column elementor-element elementor-element-899cece\" data-id=\"899cece\" data-element_type=\"column\">\n\t\t\t<div class=\"elementor-widget-wrap elementor-element-populated\">\n\t\t\t\t\t\t<div class=\"elementor-element elementor-element-816c910 elementor-widget elementor-widget-html\" data-id=\"816c910\" data-element_type=\"widget\" data-widget_type=\"html.default\">\n\t\t\t\t<div class=\"elementor-widget-container\">\n\t\t\t\r\n\r\n\r\n<title><b>PORTARIA N. 63.606\/2012.<\/b><\/title>\r\n\r\n\r\n<div align=\"center\"><img decoding=\"async\" src=\"https:\/\/www.ufsm.br\/pro-reitorias\/proplan\/wp-content\/uploads\/sites\/344\/2019\/09\/brasao-da-republica-do-brasil-logo.png\" alt=\"Bras\u00e3o Rep\u00fablica Federativa do Brasil\" width=\"6%\" height=\"6%\"><\/div>    \r\n<h1><font color=\"blue\"><font size=\"5\"><div align=\"center\">MINIST\u00c9RIO DA EDUCA\u00c7\u00c3O<\/b><\/font><\/font><\/div><\/H1>\r\n<p><b><font color=\"0000blue\"><div align=\"center\">UNIVERSIDADE FEDERAL DE SANTA MARIA<\/b><\/font><\/div><\/p>\r\n\r\n<p><div align=\"center\"><b><a href=\"https:\/\/portal.ufsm.br\/documentos\/publico\/documento.html?id=9845504\" target=\"_blank\"><font color=\"blue\">PORTARIA N. 63.606, DE 22 DE OUTUBRO DE 2012.<\/font><\/a><\/b><\/div><\/p>\r\n<br>\r\n<p><div align=\"right\"><font color=\"800000\"><strike>Retifica a Portaria 63.161, de 31 de agosto de 2012, dando nova reda\u00e7\u00e3o aos artigos 2\u00ba, Par\u00e1grafo Primeiro e inserindo um Par\u00e1grafo Quarto no mesmo artigo.<\/strike><\/font><\/div><\/p>\r\n<br>\r\n<p><a href=\"https:\/\/www.ufsm.br\/pro-reitorias\/proplan\/portaria-normativa-ufsm-n-018-2021\/\" target=\"_blank\"><font color=\"blue\">Revogada pela Portaria Normativa N. 018\/2021<\/font><\/a><\/p>\r\n<br><div align=\"justify\">\r\n<strike>\r\n<p> O Reitor da Universidade Federal de Santa Maria, no uso de suas atribui\u00e7\u00f5es que lhe confere o artigo 30, inciso XIX, do <a href=\"https:\/\/www.ufsm.br\/pro-reitorias\/proplan\/estatuto-ufsm-2010\/\" target=\"_blank\"><font color=\"blue\"><u>Estatuto<\/u><\/font><\/a>, aprovado pela Portaria do Minist\u00e9rio da Educa\u00e7\u00e3o, de n\u00ba 801, de 27 de abril de 2001; <\/p>\r\n<br>\r\n<p><b>RESOLVE:<\/b><\/p>\r\n<br>\r\n<p>Artigo 1\u00ba - O Par\u00e1grafo Primeiro do artigo 2 \u00ba da <a href=\"https:\/\/www.ufsm.br\/pro-reitorias\/proplan\/portaria-n-63-161-2012\/\" target=\"_blank\"><font color=\"blue\"><u>Portaria de n\u00ba 63.161, de 31 de agosto de 2012<\/u><\/font><\/a>, passar\u00e1 a ter a seguinte reda\u00e7\u00e3o: <\/p>\r\n<p><b>\u201cPar\u00e1grafo Primeiro \u2014 As horas n\u00e3o trabalhadas no regime de sobreaviso ou retaguarda, por aus\u00eancia de convoca\u00e7\u00e3o, ser\u00e3o liquidadas ao t\u00e9rmino do respectivo m\u00eas e consideradas como de efetivo exercido, sendo que as efetivamente trabalhadas n\u00e3o gerar\u00e3o pagamento de horas-extras. \" <\/b><\/p>\r\n\r\n<p>Artigo 2\u00ba - \u00c9 inclu\u00eddo o Par\u00e1grafo Quarto no artigo 2\u00ba da <a href=\"https:\/\/www.ufsm.br\/pro-reitorias\/proplan\/portaria-n-63-161-2012\/\" target=\"_blank\"><font color=\"blue\"><u>Portaria 63.161, de 31 de agosto de 2012<\/u><\/font><\/a>, com a seguinte reda\u00e7\u00e3o.\" <\/p>\r\n<p><b>\u201cPar\u00e1grafo Quarto - Os ocupantes de Cargos de Dire\u00e7\u00e3o ou Fun\u00e7\u00e3o Gratificada que estejam em exerc\u00edcio no HUSM cumprir\u00e3o jornada de 40 (quarenta) horas semanais e regime de dedica\u00e7\u00e3o integral, podendo ser convocados sem preju\u00edzo da jornada, sempre que presentes o interesse e a necessidade do servi\u00e7o.\" <\/b><\/p>\r\n\r\n<p>Artigo 3\u00ba - Esta Portaria entrar\u00e1 em vigor imediatamente, com efeitos retroativos \u00e0 01 de outubro de 2012.<\/p>\r\n<br>\r\n\r\n<p>FELIPE MARTINS M\u00dcLLER<\/p>\r\n<\/strike>\r\n<p><font color=\"red0000\">Este texto n\u00e3o substitui o documento original, publicado no Portal de Documentos.<\/font> Dispon\u00edvel em: <a href=\"https:\/\/portal.ufsm.br\/documentos\/publico\/documento.html?id=9845504\"><font color=\"blue\">https:\/\/portal.ufsm.br\/documentos\/publico\/documento.html?id=9845504<\/font><\/a>\r\n\r\n\t\t<\/div>\n\t\t\t\t<\/div>\n\t\t\t\t\t<\/div>\n\t\t<\/div>\n\t\t\t\t\t<\/div>\n\t\t<\/section>\n\t\t\t\t<\/div>\n\t\t","protected":false},"excerpt":{"rendered":"<p>PORTARIA N. 63.606\/2012. MINIST\u00c9RIO DA EDUCA\u00c7\u00c3O UNIVERSIDADE FEDERAL DE SANTA MARIA PORTARIA N. 63.606, DE 22 DE OUTUBRO DE 2012. Retifica a Portaria 63.161, de 31 de agosto de 2012, dando nova reda\u00e7\u00e3o aos artigos 2\u00ba, Par\u00e1grafo Primeiro e inserindo um Par\u00e1grafo Quarto no mesmo artigo. Revogada pela Portaria Normativa N. 018\/2021 O Reitor da [&hellip;]<\/p>\n","protected":false},"author":205,"featured_media":0,"parent":0,"menu_order":0,"comment_status":"closed","ping_status":"closed","template":"","meta":{"footnotes":""},"categories":[],"tags":[],"class_list":["post-4357","page","type-page","status-publish","hentry"],"acf":[],"_links":{"self":[{"href":"https:\/\/www.ufsm.br\/pro-reitorias\/proplan\/wp-json\/wp\/v2\/pages\/4357","targetHints":{"allow":["GET"]}}],"collection":[{"href":"https:\/\/www.ufsm.br\/pro-reitorias\/proplan\/wp-json\/wp\/v2\/pages"}],"about":[{"href":"https:\/\/www.ufsm.br\/pro-reitorias\/proplan\/wp-json\/wp\/v2\/types\/page"}],"author":[{"embeddable":true,"href":"https:\/\/www.ufsm.br\/pro-reitorias\/proplan\/wp-json\/wp\/v2\/users\/205"}],"replies":[{"embeddable":true,"href":"https:\/\/www.ufsm.br\/pro-reitorias\/proplan\/wp-json\/wp\/v2\/comments?post=4357"}],"version-history":[{"count":0,"href":"https:\/\/www.ufsm.br\/pro-reitorias\/proplan\/wp-json\/wp\/v2\/pages\/4357\/revisions"}],"wp:attachment":[{"href":"https:\/\/www.ufsm.br\/pro-reitorias\/proplan\/wp-json\/wp\/v2\/media?parent=4357"}],"wp:term":[{"taxonomy":"category","embeddable":true,"href":"https:\/\/www.ufsm.br\/pro-reitorias\/proplan\/wp-json\/wp\/v2\/categories?post=4357"},{"taxonomy":"post_tag","embeddable":true,"href":"https:\/\/www.ufsm.br\/pro-reitorias\/proplan\/wp-json\/wp\/v2\/tags?post=4357"}],"curies":[{"name":"wp","href":"https:\/\/api.w.org\/{rel}","templated":true}]}}