{"id":4360,"date":"2021-02-26T14:29:05","date_gmt":"2021-02-26T17:29:05","guid":{"rendered":"https:\/\/www.ufsm.br\/pro-reitorias\/proplan\/?page_id=4360"},"modified":"2021-03-02T14:00:38","modified_gmt":"2021-03-02T17:00:38","slug":"portaria-n-98-263-2020-apostila","status":"publish","type":"page","link":"https:\/\/www.ufsm.br\/pro-reitorias\/proplan\/portaria-n-98-263-2020-apostila","title":{"rendered":"Portaria N. 98.263\/2020-Apostila"},"content":{"rendered":"\t\t<div data-elementor-type=\"wp-page\" data-elementor-id=\"4360\" class=\"elementor elementor-4360\">\n\t\t\t\t\t\t<section class=\"elementor-section elementor-top-section elementor-element elementor-element-27da589 elementor-section-boxed elementor-section-height-default elementor-section-height-default\" data-id=\"27da589\" data-element_type=\"section\">\n\t\t\t\t\t\t<div class=\"elementor-container elementor-column-gap-default\">\n\t\t\t\t\t<div class=\"elementor-column elementor-col-100 elementor-top-column elementor-element elementor-element-bed010c\" data-id=\"bed010c\" data-element_type=\"column\">\n\t\t\t<div class=\"elementor-widget-wrap elementor-element-populated\">\n\t\t\t\t\t\t<div class=\"elementor-element elementor-element-125aeb1 elementor-widget elementor-widget-html\" data-id=\"125aeb1\" data-element_type=\"widget\" data-widget_type=\"html.default\">\n\t\t\t\t<div class=\"elementor-widget-container\">\n\t\t\t\r\n\r\n\r\n<title><b>APOSTILA \u00c0 PORTARIA N. 98.263\/2020.<\/b><\/title>\r\n\r\n\r\n<div align=\"center\"><img decoding=\"async\" src=\"https:\/\/www.ufsm.br\/pro-reitorias\/proplan\/wp-content\/uploads\/sites\/344\/2019\/09\/brasao-da-republica-do-brasil-logo.png\" alt=\"Bras\u00e3o Rep\u00fablica Federativa do Brasil\" width=\"6%\" height=\"6%\"><\/div>    \r\n<h1><font color=\"blue\"><font size=\"5\"><div align=\"center\">MINIST\u00c9RIO DA EDUCA\u00c7\u00c3O<\/b><\/font><\/font><\/div><\/H1>\r\n<p><b><font color=\"0000blue\"><div align=\"center\">UNIVERSIDADE FEDERAL DE SANTA MARIA<\/b><\/font><\/div><\/p>\r\n<p><div align=\"center\"><b><a href=\"https:\/\/portal.ufsm.br\/documentos\/publico\/documento.html?id=13432633\" target=\"_blank\"><font color=\"blue\">APOSTILA \u00c0 PORTARIA N. 98.263, DE 09 DE JULHO DE 2020.<\/font><\/a><\/b><\/div><\/p>\r\n<br>\r\n<p><a href=\"https:\/\/www.ufsm.br\/pro-reitorias\/proplan\/portaria-normativa-ufsm-n-019-2021\/\" target=\"_blank\"><font color=\"blue\">Revogada pela Portaria Normativa N. 019\/2021<\/font><\/a><\/p>\r\n<br>\r\n<br><div align=\"justify\">\r\n<strike>\r\n<p>O <b>REITOR DA UNIVERSIDADE FEDERAL DE SANTA MARIA<\/b>, no uso das atribui\u00e7\u00f5es que lhe confere o artigo 30, inciso I e XXII do Estatuto, aprovado pela Portaria n\u00ba 156, de 12 de mar\u00e7o de 2014, publicada no Di\u00e1rio Oficial da Uni\u00e3o de 13 de mar\u00e7o de 2014 do Secret\u00e1rio de Regula\u00e7\u00e3o e Supervis\u00e3o da Educa\u00e7\u00e3o Superior, e considerando:<\/p>\r\n<p>- a <a href=\"https:\/\/www.in.gov.br\/en\/web\/dou\/-\/portaria-n-188-de-3-de-fevereiro-de-2020-241408388\" target=\"_blank\"><font color=\"blue\"><u>Portaria GM\/MS n\u00ba 188, de 4\/02\/2020<\/u><\/font><\/a>, declarou Emerg\u00eancia em Sa\u00fade P\u00fablica de Import\u00e2ncia Nacional (ESPIN) em decorr\u00eancia da Infec\u00e7\u00e3o Humana pelo novo Coronav\u00edrus (2019-nCoV);<\/p>\r\n<p>- a <a href=\"http:\/\/www.planalto.gov.br\/ccivil_03\/_ato2019-2022\/2020\/lei\/l13979.htm\" target=\"_blank\"><font color=\"blue\"><u>Lei n\u00ba 13.979, de 6\/02\/2020<\/u><\/font><\/a>, que \u201cdisp\u00f5e sobre as medidas para enfrentamento da emerg\u00eancia de sa\u00fade p\u00fablica de import\u00e2ncia internacional em decorr\u00eancia da Infec\u00e7\u00e3o Humana pelo coronav\u00edrus (COVID19)\u201d,<\/p>\r\n<p>- a <a href=\"https:\/\/www.in.gov.br\/en\/web\/dou\/-\/portaria-n-356-de-11-de-marco-de-2020-247538346\" target=\"_blank\"><font color=\"blue\"><u>Portaria GM\/MS n\u00ba 356, de 11\/3\/2020<\/u><\/font><\/a>, que regulamenta o disposto na <a href=\"http:\/\/www.planalto.gov.br\/ccivil_03\/_ato2019-2022\/2020\/lei\/l13979.htm\" target=\"_blank\"><font color=\"blue\"><u>Lei n\u00ba 13.979\/20<\/u><\/font><\/a>;<\/p>\r\n<p>- a <a href=\"https:\/\/www.in.gov.br\/en\/web\/dou\/-\/portaria-n-544-de-16-de-junho-de-2020-261924872\" target=\"_blank\"><font color=\"blue\"><u>Portaria n\u00ba 544, de 16 de junho de 2020<\/u><\/font><\/a>;<\/p>\r\n<p>- o disposto no art. 45 da <a href=\"http:\/\/www.planalto.gov.br\/ccivil_03\/leis\/l9784.htm\" target=\"_blank\"><font color=\"blue\"><u>Lei 9.784\/99<\/u><\/font><\/a>;<\/p>\r\n<br>\r\n<p><b>RESOLVE:<\/b><\/p>\r\n<br>\r\n<p>Art. 1\u00ba <b>PRORROGAR<\/b> at\u00e9 30 de setembro de 2020, o prazo de suspens\u00e3o das atividades acad\u00eamicas e administrativas presenciais previsto no art. 1\u00ba da <a href=\"https:\/\/www.ufsm.br\/pro-reitorias\/proplan\/portaria-n-98-263-2020\/\" target=\"_blank\"><font color=\"blue\"><u>Portaria n. 98.263, de 09 de julho de 2020<\/u><\/font><\/a>.<\/p>\r\n<p>Par\u00e1grafo \u00fanico \u2013 Permanecem inalterados os outros artigos da referida Portaria. <\/p>\r\n<br>\r\n<p>GABINETE DO REITOR DA UNIVERSIDADE FEDERAL DE SANTA MARIA, aos dez dias do m\u00eas de agosto do ano de dois mil e vinte.<\/p>\r\n<br>\r\n<p>PAULO AFONSO BURMANN,\r\n<p>Reitor<\/p>\r\n<\/strike>\r\n<p><font color=\"red0000\">Este texto n\u00e3o substitui o documento original, publicado no Portal de Documentos.<\/font> Dispon\u00edvel em: <a href=\"https:\/\/portal.ufsm.br\/documentos\/publico\/documento.html?id=13432633\" target=\"_blank\"><font color=\"blue\">https:\/\/portal.ufsm.br\/documentos\/publico\/documento.html?id=13432633<\/font><\/a>\r\n\r\n\t\t<\/div>\n\t\t\t\t<\/div>\n\t\t\t\t\t<\/div>\n\t\t<\/div>\n\t\t\t\t\t<\/div>\n\t\t<\/section>\n\t\t\t\t<\/div>\n\t\t","protected":false},"excerpt":{"rendered":"<p>APOSTILA \u00c0 PORTARIA N. 98.263\/2020. MINIST\u00c9RIO DA EDUCA\u00c7\u00c3O UNIVERSIDADE FEDERAL DE SANTA MARIA APOSTILA \u00c0 PORTARIA N. 98.263, DE 09 DE JULHO DE 2020. Revogada pela Portaria Normativa N. 019\/2021 O REITOR DA UNIVERSIDADE FEDERAL DE SANTA MARIA, no uso das atribui\u00e7\u00f5es que lhe confere o artigo 30, inciso I e XXII do Estatuto, aprovado [&hellip;]<\/p>\n","protected":false},"author":205,"featured_media":0,"parent":0,"menu_order":0,"comment_status":"closed","ping_status":"closed","template":"","meta":{"footnotes":""},"categories":[],"tags":[],"class_list":["post-4360","page","type-page","status-publish","hentry"],"acf":[],"_links":{"self":[{"href":"https:\/\/www.ufsm.br\/pro-reitorias\/proplan\/wp-json\/wp\/v2\/pages\/4360","targetHints":{"allow":["GET"]}}],"collection":[{"href":"https:\/\/www.ufsm.br\/pro-reitorias\/proplan\/wp-json\/wp\/v2\/pages"}],"about":[{"href":"https:\/\/www.ufsm.br\/pro-reitorias\/proplan\/wp-json\/wp\/v2\/types\/page"}],"author":[{"embeddable":true,"href":"https:\/\/www.ufsm.br\/pro-reitorias\/proplan\/wp-json\/wp\/v2\/users\/205"}],"replies":[{"embeddable":true,"href":"https:\/\/www.ufsm.br\/pro-reitorias\/proplan\/wp-json\/wp\/v2\/comments?post=4360"}],"version-history":[{"count":0,"href":"https:\/\/www.ufsm.br\/pro-reitorias\/proplan\/wp-json\/wp\/v2\/pages\/4360\/revisions"}],"wp:attachment":[{"href":"https:\/\/www.ufsm.br\/pro-reitorias\/proplan\/wp-json\/wp\/v2\/media?parent=4360"}],"wp:term":[{"taxonomy":"category","embeddable":true,"href":"https:\/\/www.ufsm.br\/pro-reitorias\/proplan\/wp-json\/wp\/v2\/categories?post=4360"},{"taxonomy":"post_tag","embeddable":true,"href":"https:\/\/www.ufsm.br\/pro-reitorias\/proplan\/wp-json\/wp\/v2\/tags?post=4360"}],"curies":[{"name":"wp","href":"https:\/\/api.w.org\/{rel}","templated":true}]}}