{"id":4362,"date":"2021-02-26T14:30:56","date_gmt":"2021-02-26T17:30:56","guid":{"rendered":"https:\/\/www.ufsm.br\/pro-reitorias\/proplan\/?page_id=4362"},"modified":"2025-01-27T09:02:46","modified_gmt":"2025-01-27T12:02:46","slug":"portaria-normativa-ufsm-n-018-2021","status":"publish","type":"page","link":"https:\/\/www.ufsm.br\/pro-reitorias\/proplan\/portaria-normativa-ufsm-n-018-2021","title":{"rendered":"Portaria Normativa UFSM N. 018\/2021"},"content":{"rendered":"\t\t<div data-elementor-type=\"wp-page\" data-elementor-id=\"4362\" class=\"elementor elementor-4362\">\n\t\t\t\t\t\t<section class=\"elementor-section elementor-top-section elementor-element elementor-element-313e3c8 elementor-section-boxed elementor-section-height-default elementor-section-height-default\" data-id=\"313e3c8\" data-element_type=\"section\">\n\t\t\t\t\t\t<div class=\"elementor-container elementor-column-gap-default\">\n\t\t\t\t\t<div class=\"elementor-column elementor-col-100 elementor-top-column elementor-element elementor-element-35e8303\" data-id=\"35e8303\" data-element_type=\"column\">\n\t\t\t<div class=\"elementor-widget-wrap elementor-element-populated\">\n\t\t\t\t\t\t<div class=\"elementor-element elementor-element-ecf1d7d elementor-widget elementor-widget-html\" data-id=\"ecf1d7d\" data-element_type=\"widget\" data-widget_type=\"html.default\">\n\t\t\t\t<div class=\"elementor-widget-container\">\n\t\t\t\r\n\r\n\r\n<title><b>PORTARIA NORMATIVA UFSM N. 018\/2021<\/b><\/title>\r\n\r\n\r\n<div align=\"center\"><img decoding=\"async\" src=\"https:\/\/www.ufsm.br\/pro-reitorias\/proplan\/wp-content\/uploads\/sites\/344\/2019\/09\/brasao-da-republica-do-brasil-logo.png\" alt=\"Bras\u00e3o Rep\u00fablica Federativa do Brasil\" width=\"6%\" height=\"6%\"><\/div>    \r\n<h1><font color=\"blue\"><font size=\"5\"><div align=\"center\">MINIST\u00c9RIO DA EDUCA\u00c7\u00c3O<\/b><\/font><\/font><\/div><\/H1>\r\n<p><b><font color=\"0000blue\"><div align=\"center\">UNIVERSIDADE FEDERAL DE SANTA MARIA<\/b><\/font><\/div><\/p>\r\n<p><div align=\"center\"><b><a href=\"https:\/\/portal.ufsm.br\/documentos\/publico\/documento.html?idDocumento=13428818\" target=\"_blank\"><font color=\"blue\">PORTARIA NORMATIVA UFSM N. 018, DE 24 DE FEVEREIRO DE 2021<\/font><\/a><\/b><\/div><\/p>\r\n<br>\r\n<p><div align=\"right\"><font color=\"800000\">Aprova a revoga\u00e7\u00e3o expressa das Portarias Normativas j\u00e1 revogadas tacitamente ou cujos efeitos tenham se exaurido no tempo em decorr\u00eancia do disposto no Decreto N. 10.139, de 28 de novembro de 2019, na Universidade Federal de Santa Maria (UFSM).<\/font><\/div><\/p>\r\n<br>\r\n<br><div align=\"justify\">\r\n<p>O REITOR DA UNIVERSIDADE FEDERAL DE SANTA MARIA, no uso de suas atribui\u00e7\u00f5es legais e estatut\u00e1rias e considerando:<\/p>\r\n<p>- a <a href=\"http:\/\/www.planalto.gov.br\/ccivil_03\/LEIS\/LCP\/Lcp95.htm\" target=\"_blank\"><font color=\"blue\"><u>Lei Complementar N. 85, de 26 de fevereiro de 1998<\/u><\/font><\/a>, que disp\u00f5es sobre a elabora\u00e7\u00e3o, a reda\u00e7\u00e3o, a altera\u00e7\u00e3o e a consolida\u00e7\u00e3o das leis, conforme determina o par\u00e1grafo \u00fanico do art. 59 da <a href=\"http:\/\/www.planalto.gov.br\/ccivil_03\/constituicao\/constituicao.htm\" target=\"_blank\"><font color=\"blue\"><u>Constitui\u00e7\u00e3o Federal<\/u><\/font><\/a>, e estabelece normas para a consolida\u00e7\u00e3o dos atos normativos que menciona;<\/p>\r\n<p>- o <a href=\"http:\/\/www.planalto.gov.br\/ccivil_03\/_ato2019-2022\/2019\/decreto\/D10139.htm\" target=\"_blank\"><font color=\"blue\"><u>Decreto N. 10.139, de 28 de novembro de 2019<\/u><\/font><\/a>, que disp\u00f5e sobre a revis\u00e3o e a consolida\u00e7\u00e3o de atos normativos inferiores a decreto;<\/p>\r\n<p>-  o <a href=\"http:\/\/www.planalto.gov.br\/ccivil_03\/_ato2015-2018\/2017\/decreto\/D9191.htm\" target=\"_blank\"><font color=\"blue\"><u>Decreto N. 9.191, de 1\u00ba de novembro de 2017<\/u><\/font><\/a>, que estabelece as normas e as diretrizes para elabora\u00e7\u00e3o, reda\u00e7\u00e3o, altera\u00e7\u00e3o, consolida\u00e7\u00e3o e encaminhamento de propostas de atos normativos ao Presidente da Rep\u00fablica pelos Ministros de Estado;<\/p>\r\n<p>- o que consta no processo administrativo <a href=\"https:\/\/portal.ufsm.br\/documentos\/publico\/processo\/documento.html?idDocumento=13203464\" target=\"_blank\"><font color=\"blue\"><u>23081.034209\/2020-71<\/u><\/font><\/a>; e,<\/p>\r\n<p>- o que consta no processo administrativo <a href=\"https:\/\/portal.ufsm.br\/documentos\/publico\/processo\/documento.html?idDocumento=13425713\" target=\"_blank\"><font color=\"blue\"><u>23081.015424\/2021-54<\/u><\/font><\/a>.<\/p>\r\n<br>\r\n<p><div align=\"center\">RESOLVE:<\/div><\/p>\r\n<br>\r\n<p>Art. 1\u00ba Aprovar a revoga\u00e7\u00e3o expressa das Portarias Normativas, constantes no <a href=\"https:\/\/www.ufsm.br\/pro-reitorias\/proplan\/portaria-normativa-ufsm-n-018-2021-anexo\/\" target=\"_blank\"><font color=\"blue\"><u>Anexo I<\/u><\/font><\/a>, j\u00e1 revogadas tacitamente ou cujos efeitos tenham se exaurido no tempo em decorr\u00eancia do disposto no <a href=\"http:\/\/www.planalto.gov.br\/ccivil_03\/_ato2019-2022\/2019\/decreto\/D10139.htm\" target=\"_blank\"><font color=\"blue\"><u>Decreto N. 10.139, de 28 de novembro de 2019<\/u><\/font><\/a>, na estrutura organizacional da Universidade Federal de Santa Maria (UFSM).<\/p>\r\n<p>Par\u00e1grafo \u00fanico. Os atos de que trata o caput deste artigo ser\u00e3o considerados n\u00e3o vigentes e ficar\u00e3o dispon\u00edveis no Portal de Documentos da UFSM como reposit\u00f3rio para fins de consulta, pesquisa e registro hist\u00f3rico.<\/p>\r\n<p>Art. 2\u00ba Esta Portaria Normativa entra em vigor em 24 de fevereiro de 2021.<\/p>\r\n<p>Paulo Afonso Burmann<\/p>\r\n<p>Reitor<\/p>\r\n<p><font color=\"red0000\">Este texto n\u00e3o substitui o documento original, publicado no Portal de Documentos em 24 de fevereiro de 2021.<\/font> Dispon\u00edvel em: <a href=\"https:\/\/portal.ufsm.br\/documentos\/publico\/documento.html?idDocumento=13428818\" target=\"_blank\"><font color=\"blue\">https:\/\/portal.ufsm.br\/documentos\/publico\/documento.html?idDocumento=13428818<\/font><\/a>\r\n\r\n\t\t<\/div>\n\t\t\t\t<\/div>\n\t\t\t\t\t<\/div>\n\t\t<\/div>\n\t\t\t\t\t<\/div>\n\t\t<\/section>\n\t\t\t\t<\/div>\n\t\t","protected":false},"excerpt":{"rendered":"<p>PORTARIA NORMATIVA UFSM N. 018\/2021 MINIST\u00c9RIO DA EDUCA\u00c7\u00c3O UNIVERSIDADE FEDERAL DE SANTA MARIA PORTARIA NORMATIVA UFSM N. 018, DE 24 DE FEVEREIRO DE 2021 Aprova a revoga\u00e7\u00e3o expressa das Portarias Normativas j\u00e1 revogadas tacitamente ou cujos efeitos tenham se exaurido no tempo em decorr\u00eancia do disposto no Decreto N. 10.139, de 28 de novembro de [&hellip;]<\/p>\n","protected":false},"author":205,"featured_media":0,"parent":0,"menu_order":0,"comment_status":"closed","ping_status":"closed","template":"","meta":{"footnotes":""},"categories":[],"tags":[],"class_list":["post-4362","page","type-page","status-publish","hentry"],"acf":[],"_links":{"self":[{"href":"https:\/\/www.ufsm.br\/pro-reitorias\/proplan\/wp-json\/wp\/v2\/pages\/4362","targetHints":{"allow":["GET"]}}],"collection":[{"href":"https:\/\/www.ufsm.br\/pro-reitorias\/proplan\/wp-json\/wp\/v2\/pages"}],"about":[{"href":"https:\/\/www.ufsm.br\/pro-reitorias\/proplan\/wp-json\/wp\/v2\/types\/page"}],"author":[{"embeddable":true,"href":"https:\/\/www.ufsm.br\/pro-reitorias\/proplan\/wp-json\/wp\/v2\/users\/205"}],"replies":[{"embeddable":true,"href":"https:\/\/www.ufsm.br\/pro-reitorias\/proplan\/wp-json\/wp\/v2\/comments?post=4362"}],"version-history":[{"count":0,"href":"https:\/\/www.ufsm.br\/pro-reitorias\/proplan\/wp-json\/wp\/v2\/pages\/4362\/revisions"}],"wp:attachment":[{"href":"https:\/\/www.ufsm.br\/pro-reitorias\/proplan\/wp-json\/wp\/v2\/media?parent=4362"}],"wp:term":[{"taxonomy":"category","embeddable":true,"href":"https:\/\/www.ufsm.br\/pro-reitorias\/proplan\/wp-json\/wp\/v2\/categories?post=4362"},{"taxonomy":"post_tag","embeddable":true,"href":"https:\/\/www.ufsm.br\/pro-reitorias\/proplan\/wp-json\/wp\/v2\/tags?post=4362"}],"curies":[{"name":"wp","href":"https:\/\/api.w.org\/{rel}","templated":true}]}}