{"id":4365,"date":"2021-02-26T15:08:14","date_gmt":"2021-02-26T18:08:14","guid":{"rendered":"https:\/\/www.ufsm.br\/pro-reitorias\/proplan\/?page_id=4365"},"modified":"2021-03-02T09:08:48","modified_gmt":"2021-03-02T12:08:48","slug":"portaria-n-57-097-2010","status":"publish","type":"page","link":"https:\/\/www.ufsm.br\/pro-reitorias\/proplan\/portaria-n-57-097-2010","title":{"rendered":"Portaria N. 57.097\/2010"},"content":{"rendered":"\t\t<div data-elementor-type=\"wp-page\" data-elementor-id=\"4365\" class=\"elementor elementor-4365\">\n\t\t\t\t\t\t<section class=\"elementor-section elementor-top-section elementor-element elementor-element-130c870 elementor-section-boxed elementor-section-height-default elementor-section-height-default\" data-id=\"130c870\" data-element_type=\"section\">\n\t\t\t\t\t\t<div class=\"elementor-container elementor-column-gap-default\">\n\t\t\t\t\t<div class=\"elementor-column elementor-col-100 elementor-top-column elementor-element elementor-element-0333dda\" data-id=\"0333dda\" data-element_type=\"column\">\n\t\t\t<div class=\"elementor-widget-wrap elementor-element-populated\">\n\t\t\t\t\t\t<div class=\"elementor-element elementor-element-596e929 elementor-widget elementor-widget-html\" data-id=\"596e929\" data-element_type=\"widget\" data-widget_type=\"html.default\">\n\t\t\t\t<div class=\"elementor-widget-container\">\n\t\t\t\r\n\r\n\r\n<title><b>PORTARIA N. 57.097\/2010<\/b><\/title>\r\n\r\n<div align=\"center\"><img decoding=\"async\" src=\"https:\/\/www.ufsm.br\/pro-reitorias\/proplan\/wp-content\/uploads\/sites\/344\/2019\/09\/brasao-da-republica-do-brasil-logo.png\" alt=\"Bras\u00e3o Rep\u00fablica Federativa do Brasil\" width=\"6%\" height=\"6%\"><\/div>\r\n<h1><font color=\"blue\"><font size=\"5\"><div align=\"center\">MINIST\u00c9RIO DA EDUCA\u00c7\u00c3O<\/b><\/font><\/font><\/div><\/H1>\r\n<p><b><font color=\"0000blue\"><div align=\"center\">UNIVERSIDADE FEDERAL DE SANTA MARIA<\/b><\/font><\/div><\/p>\r\n<p><div align=\"center\"><b><a href=\"https:\/\/portal.ufsm.br\/documentos\/publico\/documento.html?id=12948199\" target=\"_blank\"><font color=\"blue\">PORTARIA N. 57.097, DE 15 DE MAR\u00c7O DE 2010<\/font><\/a><\/b><\/div><\/p>\r\n<br>\r\n<p><a href=\"https:\/\/www.ufsm.br\/pro-reitorias\/proplan\/portaria-normativa-ufsm-n-018-2021\/\" target=\"_blank\"><font color=\"blue\">Revogada pela Portaria Normativa N. 018\/2021<\/font><\/a>\r\n<br><div align=\"justify\">\r\n<strike>\r\n<p>O REITOR DA UNIVERSIDADE FEDERAL DE SANTA MARIA, no uso de suas atribui\u00e7\u00f5es legais e estatut\u00e1rias, e tendo em vista o que consta do Processo N. <a href=\"https:\/\/portal.ufsm.br\/documentos\/publico\/processo\/documento.html?idDocumento=4040564\" target=\"_blank\"><font color=\"blue\">23081.003315\/2010-31<\/font><\/a>, resolve:<\/p> \r\n<br>  \r\n<p><b>PRORROGAR<\/b> por 1 (um) ano a validade dos Concursos P\u00fablicos para Docentes, na seguinte classe, regime e \u00e1reas:<\/p> \r\n<p>PROFESSOR ADJUNTO \u2014 Dedica\u00e7\u00e3o Exclusiva<\/p> \r\n<p><b>\u00c1rea: Hist\u00f3ria Geral - a partir de 14\/05\/2010.<\/b><\/p> \r\n<p>Editais de abertura n. 065, de 22\/10\/2008, publicado no DOU de 23\/10\/2008, de divulga\u00e7\u00e3o de resultado n. 020, de 30\/03\/2009, publicado no DOU de 31\/03\/2009 e de homologa\u00e7\u00e3o de resultado n. 043, de 13\/05\/2008, publicado no DOU de 14\/05\/2009.<\/p>\r\n<br>\r\n<p><b>\u00c1rea: Educa\u00e7\u00e3o Especial - Transtornos Globais do Desenvolvimento - a partir de 16\/06\/2010.<\/b><\/p> \r\n<p>Editais de abertura n. 006, de 26\/01\/2009, publicado no DOU de 23\/01\/2009, de divulga\u00e7\u00e3o de resultado n. 041, de 12\/05\/2009, publicado no DOU DE 13\/05\/2009 e de homologa\u00e7\u00e3o de resultado n. 048 de 15\/06\/2009, publicado no DOU de 16\/06\/2009.<\/p> \r\n<br>\r\n<p>Felipe Martins M\u00fcller,<\/p>\r\n<p>Reitor.<\/p>\r\n<br>\r\n<\/strike>\r\n<p><font color=\"red0000\">Este texto n\u00e3o substitui o documento original, publicado no Portal de Documentos.<\/font> Dispon\u00edvel em: <a href=\"https:\/\/portal.ufsm.br\/documentos\/publico\/documento.html?id=12948199\" target=\"_blank\"><font color=\"blue\">https:\/\/portal.ufsm.br\/documentos\/publico\/documento.html?id=12948199<\/font><\/a><\/p>\r\n<br>\t\t<\/div>\n\t\t\t\t<\/div>\n\t\t\t\t\t<\/div>\n\t\t<\/div>\n\t\t\t\t\t<\/div>\n\t\t<\/section>\n\t\t\t\t<\/div>\n\t\t","protected":false},"excerpt":{"rendered":"<p>PORTARIA N. 57.097\/2010 MINIST\u00c9RIO DA EDUCA\u00c7\u00c3O UNIVERSIDADE FEDERAL DE SANTA MARIA PORTARIA N. 57.097, DE 15 DE MAR\u00c7O DE 2010 Revogada pela Portaria Normativa N. 018\/2021 O REITOR DA UNIVERSIDADE FEDERAL DE SANTA MARIA, no uso de suas atribui\u00e7\u00f5es legais e estatut\u00e1rias, e tendo em vista o que consta do Processo N. 23081.003315\/2010-31, resolve: PRORROGAR [&hellip;]<\/p>\n","protected":false},"author":205,"featured_media":0,"parent":0,"menu_order":0,"comment_status":"closed","ping_status":"closed","template":"","meta":{"footnotes":""},"categories":[],"tags":[],"class_list":["post-4365","page","type-page","status-publish","hentry"],"acf":[],"_links":{"self":[{"href":"https:\/\/www.ufsm.br\/pro-reitorias\/proplan\/wp-json\/wp\/v2\/pages\/4365","targetHints":{"allow":["GET"]}}],"collection":[{"href":"https:\/\/www.ufsm.br\/pro-reitorias\/proplan\/wp-json\/wp\/v2\/pages"}],"about":[{"href":"https:\/\/www.ufsm.br\/pro-reitorias\/proplan\/wp-json\/wp\/v2\/types\/page"}],"author":[{"embeddable":true,"href":"https:\/\/www.ufsm.br\/pro-reitorias\/proplan\/wp-json\/wp\/v2\/users\/205"}],"replies":[{"embeddable":true,"href":"https:\/\/www.ufsm.br\/pro-reitorias\/proplan\/wp-json\/wp\/v2\/comments?post=4365"}],"version-history":[{"count":0,"href":"https:\/\/www.ufsm.br\/pro-reitorias\/proplan\/wp-json\/wp\/v2\/pages\/4365\/revisions"}],"wp:attachment":[{"href":"https:\/\/www.ufsm.br\/pro-reitorias\/proplan\/wp-json\/wp\/v2\/media?parent=4365"}],"wp:term":[{"taxonomy":"category","embeddable":true,"href":"https:\/\/www.ufsm.br\/pro-reitorias\/proplan\/wp-json\/wp\/v2\/categories?post=4365"},{"taxonomy":"post_tag","embeddable":true,"href":"https:\/\/www.ufsm.br\/pro-reitorias\/proplan\/wp-json\/wp\/v2\/tags?post=4365"}],"curies":[{"name":"wp","href":"https:\/\/api.w.org\/{rel}","templated":true}]}}