{"id":4366,"date":"2021-02-26T15:08:20","date_gmt":"2021-02-26T18:08:20","guid":{"rendered":"https:\/\/www.ufsm.br\/pro-reitorias\/proplan\/?page_id=4366"},"modified":"2021-03-02T09:09:12","modified_gmt":"2021-03-02T12:09:12","slug":"portaria-n-57-250-2010","status":"publish","type":"page","link":"https:\/\/www.ufsm.br\/pro-reitorias\/proplan\/portaria-n-57-250-2010","title":{"rendered":"Portaria N. 57.250\/2010"},"content":{"rendered":"\t\t<div data-elementor-type=\"wp-page\" data-elementor-id=\"4366\" class=\"elementor elementor-4366\">\n\t\t\t\t\t\t<section class=\"elementor-section elementor-top-section elementor-element elementor-element-6d0358f elementor-section-boxed elementor-section-height-default elementor-section-height-default\" data-id=\"6d0358f\" data-element_type=\"section\">\n\t\t\t\t\t\t<div class=\"elementor-container elementor-column-gap-default\">\n\t\t\t\t\t<div class=\"elementor-column elementor-col-100 elementor-top-column elementor-element elementor-element-2df6e01\" data-id=\"2df6e01\" data-element_type=\"column\">\n\t\t\t<div class=\"elementor-widget-wrap elementor-element-populated\">\n\t\t\t\t\t\t<div class=\"elementor-element elementor-element-b733c9e elementor-widget elementor-widget-html\" data-id=\"b733c9e\" data-element_type=\"widget\" data-widget_type=\"html.default\">\n\t\t\t\t<div class=\"elementor-widget-container\">\n\t\t\t\r\n\r\n\r\n<title><b>PORTARIA N. 57.250\/2010<\/b><\/title>\r\n\r\n<div align=\"center\"><img decoding=\"async\" src=\"https:\/\/www.ufsm.br\/pro-reitorias\/proplan\/wp-content\/uploads\/sites\/344\/2019\/09\/brasao-da-republica-do-brasil-logo.png\" alt=\"Bras\u00e3o Rep\u00fablica Federativa do Brasil\" width=\"6%\" height=\"6%\"><\/div>\r\n<h1><font color=\"blue\"><font size=\"5\"><div align=\"center\">MINIST\u00c9RIO DA EDUCA\u00c7\u00c3O<\/b><\/font><\/font><\/div><\/H1>\r\n<p><b><font color=\"0000blue\"><div align=\"center\">UNIVERSIDADE FEDERAL DE SANTA MARIA<\/b><\/font><\/div><\/p>\r\n<p><div align=\"center\"><b><a href=\"https:\/\/portal.ufsm.br\/documentos\/publico\/documento.html?id=12921243\" target=\"_blank\"><font color=\"blue\">PORTARIA N. 57.250, DE 6 DE ABRIL DE 2010<\/font><\/a><\/b><\/div><\/p>\r\n<br>\r\n<p><a href=\"https:\/\/www.ufsm.br\/pro-reitorias\/proplan\/portaria-n-57-250-2010-apostila\/\" target=\"_blank\"><font color=\"blue\">Apostila \u00e0 Portaria N. 57.250\/2010 - GR<\/font><\/a> e <a href=\"https:\/\/www.ufsm.br\/pro-reitorias\/proplan\/portaria-normativa-ufsm-n-018-2021\/\" target=\"_blank\"><font color=\"blue\">Revogada pela Portaria Normativa N. 018\/2021<\/font><\/a>\r\n<br>\r\n<p><\/p>\r\n<br>\r\n\r\n<br><div align=\"justify\">\r\n<strike>\r\n<p>O VICE-REITOR DA UNIVERSIDADE FEDERAL DE SANTA no uso de suas atribui\u00e7\u00f5es legais e estatut\u00e1rias, e de acordo com a Delega\u00e7\u00e3o de Compet\u00eancia concedida mediante a <a href=\"https:\/\/portal.ufsm.br\/documentos\/publico\/documento.html?id=12979364\" target=\"_blank\"><font color=\"blue\">Portaria N. 56.715, de 12.01.2010<\/font><\/a>, e tendo em vista o que consta do Processo N. <a href=\"https:\/\/portal.ufsm.br\/documentos\/publico\/processo\/documento.html?idDocumento=4071744\" target=\"_blank\"><font color=\"blue\">23081.005109\/2010-66<\/font><\/a>, resolve:<\/p> \r\n<br>  \r\n<p><b>PRORROGAR<\/b> por 1 (um) ano a validade dos Concursos P\u00fablicos para Docentes, na seguinte classe, regime e \u00e1reas:<\/p> \r\n<br>\r\n<p><b>PROFESSOR ADJUNTO \u2014 Dedica\u00e7\u00e3o Exclusiva<\/b><\/p> \r\n<p><strike><b>\u00c1rea: Bubalinocultura - a partir de 08\/04\/2010.<\/b><\/strike> <a href=\"https:\/\/www.ufsm.br\/pro-reitorias\/proplan\/portaria-n-57-250-2010-apostila\/\" target=\"_blank\"><font color=\"blue\">(Retificado pela Apostila \u00e0 Portaria N. 57.250\/2010 - GR)<\/u><\/font><\/a><\/p>\r\n<p><b>\u00c1rea: Bubalinocultura, Caprinocultura, Equideocultura e Forragicultura - a partir de 08\/04\/2010.<\/b> <a href=\"https:\/\/www.ufsm.br\/pro-reitorias\/proplan\/portaria-n-57-250-2010-apostila\/\" target=\"_blank\"><font color=\"blue\">(Reda\u00e7\u00e3o dada pela Apostila \u00e0 Portaria N. 57.250\/2010 - GR)<\/u><\/font><\/a><\/p>\r\n\r\n\r\n<p>Editais de Abertura n. 065 de 22\/10\/2008, publicado no DOU de 23\/10\/2008, de Divulga\u00e7\u00e3o de Resultado n. 007 de 26\/01\/2009, publicado no DOU de 27\/01\/2009 e de Homologa\u00e7\u00e3o de Resultado n. 023 de 06\/04\/2009, publicado no DOU de 08\/04\/2009.<\/p> \r\n<br>\r\n<p><b>\u00c1rea: Melhoramento Animal - a partir de 23\/07\/2010<\/b><\/p> \r\n<p>Editais de Abertura n. 009 de 29\/01\/2009, publicado no DOU de 30\/01\/2009, de Divulga\u00e7\u00e3o de Resultado n. 047 de 08\/06\/2009, publicado no DOU de 10\/06\/2009 e de Homologa\u00e7\u00e3o de Resultado n. 062 de 22\/07\/2009, publicado no DOU de 23\/07\/2009.<\/p> \r\n<br>\r\n<p><b>\u00c1rea: Solos, M\u00e1quinas e Implementos Agr\u00edcolas \u2013 a partir de 29\/07\/2010<\/b><\/p> \r\n<p>Editais de Abertura n. 009 de 29\/01\/2009, publicado no DOU de 30\/01\/2009, de Divulga\u00e7\u00e3o de Resultado n. 047 de 08\/06\/2009, publicado no DOU de 10\/06\/2009 e de Homologa\u00e7\u00e3o de Resultado n. 066 de 28\/07\/2009, publicado no DOU de 29\/07\/2009.<\/p>\r\n<br>\r\n<p>Dalvan Jos\u00e9 Reinert,<\/p>\r\n<p>Vice-Reitor.<\/p>\r\n<br>\r\n<\/strike>\r\n<p><font color=\"red0000\">Este texto n\u00e3o substitui o documento original, publicado no Portal de Documentos.<\/font> Dispon\u00edvel em: <a href=\"https:\/\/portal.ufsm.br\/documentos\/publico\/documento.html?id=12921243\" target=\"_blank\"><font color=\"blue\">https:\/\/portal.ufsm.br\/documentos\/publico\/documento.html?id=12921243<\/font><\/a><\/p>\r\n<br> \r\n\t\t<\/div>\n\t\t\t\t<\/div>\n\t\t\t\t\t<\/div>\n\t\t<\/div>\n\t\t\t\t\t<\/div>\n\t\t<\/section>\n\t\t\t\t<\/div>\n\t\t","protected":false},"excerpt":{"rendered":"<p>PORTARIA N. 57.250\/2010 MINIST\u00c9RIO DA EDUCA\u00c7\u00c3O UNIVERSIDADE FEDERAL DE SANTA MARIA PORTARIA N. 57.250, DE 6 DE ABRIL DE 2010 Apostila \u00e0 Portaria N. 57.250\/2010 &#8211; GR e Revogada pela Portaria Normativa N. 018\/2021 O VICE-REITOR DA UNIVERSIDADE FEDERAL DE SANTA no uso de suas atribui\u00e7\u00f5es legais e estatut\u00e1rias, e de acordo com a Delega\u00e7\u00e3o [&hellip;]<\/p>\n","protected":false},"author":205,"featured_media":0,"parent":0,"menu_order":0,"comment_status":"closed","ping_status":"closed","template":"","meta":{"footnotes":""},"categories":[],"tags":[],"class_list":["post-4366","page","type-page","status-publish","hentry"],"acf":[],"_links":{"self":[{"href":"https:\/\/www.ufsm.br\/pro-reitorias\/proplan\/wp-json\/wp\/v2\/pages\/4366","targetHints":{"allow":["GET"]}}],"collection":[{"href":"https:\/\/www.ufsm.br\/pro-reitorias\/proplan\/wp-json\/wp\/v2\/pages"}],"about":[{"href":"https:\/\/www.ufsm.br\/pro-reitorias\/proplan\/wp-json\/wp\/v2\/types\/page"}],"author":[{"embeddable":true,"href":"https:\/\/www.ufsm.br\/pro-reitorias\/proplan\/wp-json\/wp\/v2\/users\/205"}],"replies":[{"embeddable":true,"href":"https:\/\/www.ufsm.br\/pro-reitorias\/proplan\/wp-json\/wp\/v2\/comments?post=4366"}],"version-history":[{"count":0,"href":"https:\/\/www.ufsm.br\/pro-reitorias\/proplan\/wp-json\/wp\/v2\/pages\/4366\/revisions"}],"wp:attachment":[{"href":"https:\/\/www.ufsm.br\/pro-reitorias\/proplan\/wp-json\/wp\/v2\/media?parent=4366"}],"wp:term":[{"taxonomy":"category","embeddable":true,"href":"https:\/\/www.ufsm.br\/pro-reitorias\/proplan\/wp-json\/wp\/v2\/categories?post=4366"},{"taxonomy":"post_tag","embeddable":true,"href":"https:\/\/www.ufsm.br\/pro-reitorias\/proplan\/wp-json\/wp\/v2\/tags?post=4366"}],"curies":[{"name":"wp","href":"https:\/\/api.w.org\/{rel}","templated":true}]}}