{"id":4372,"date":"2021-02-26T15:14:05","date_gmt":"2021-02-26T18:14:05","guid":{"rendered":"https:\/\/www.ufsm.br\/pro-reitorias\/proplan\/?page_id=4372"},"modified":"2021-03-02T09:13:56","modified_gmt":"2021-03-02T12:13:56","slug":"portaria-n-59-142-2010","status":"publish","type":"page","link":"https:\/\/www.ufsm.br\/pro-reitorias\/proplan\/portaria-n-59-142-2010","title":{"rendered":"Portaria N. 59.142\/2010"},"content":{"rendered":"\t\t<div data-elementor-type=\"wp-page\" data-elementor-id=\"4372\" class=\"elementor elementor-4372\">\n\t\t\t\t\t\t<section class=\"elementor-section elementor-top-section elementor-element elementor-element-ceadf06 elementor-section-boxed elementor-section-height-default elementor-section-height-default\" data-id=\"ceadf06\" data-element_type=\"section\">\n\t\t\t\t\t\t<div class=\"elementor-container elementor-column-gap-default\">\n\t\t\t\t\t<div class=\"elementor-column elementor-col-100 elementor-top-column elementor-element elementor-element-14d9b58\" data-id=\"14d9b58\" data-element_type=\"column\">\n\t\t\t<div class=\"elementor-widget-wrap elementor-element-populated\">\n\t\t\t\t\t\t<div class=\"elementor-element elementor-element-4660e33 elementor-widget elementor-widget-html\" data-id=\"4660e33\" data-element_type=\"widget\" data-widget_type=\"html.default\">\n\t\t\t\t<div class=\"elementor-widget-container\">\n\t\t\t\r\n\r\n\r\n<title><b>PORTARIA N. 59.142\/2010<\/b><\/title>\r\n\r\n<div align=\"center\"><img decoding=\"async\" src=\"https:\/\/www.ufsm.br\/pro-reitorias\/proplan\/wp-content\/uploads\/sites\/344\/2019\/09\/brasao-da-republica-do-brasil-logo.png\" alt=\"Bras\u00e3o Rep\u00fablica Federativa do Brasil\" width=\"6%\" height=\"6%\"><\/div>\r\n<h1><font color=\"blue\"><font size=\"5\"><div align=\"center\">MINIST\u00c9RIO DA EDUCA\u00c7\u00c3O<\/b><\/font><\/font><\/div><\/H1>\r\n<p><b><font color=\"0000blue\"><div align=\"center\">UNIVERSIDADE FEDERAL DE SANTA MARIA<\/b><\/font><\/div><\/p>\r\n<p><div align=\"center\"><b><a href=\"https:\/\/portal.ufsm.br\/documentos\/publico\/documento.html?id=12765407\" target=\"_blank\"><font color=\"blue\">PORTARIA N. 59.142, DE 17 DE DEZEMBRO DE 2010<\/font><\/a><\/b><\/div><\/p>\r\n<br>\r\n<p><a href=\"https:\/\/www.ufsm.br\/pro-reitorias\/proplan\/portaria-normativa-ufsm-n-018-2021\/\" target=\"_blank\"><font color=\"blue\">Revogada pela Portaria Normativa N. 018\/2021<\/font><\/a>\r\n<br><div align=\"justify\">\r\n<strike>\r\n<p>O VICE-REITOR DA UNIVERSIDADE FEDERAL DE SANTA MARIA, no uso de suas atribui\u00e7\u00f5es legais e estatut\u00e1rias, e de acordo com a Delega\u00e7\u00e3o de Compet\u00eancia concedida mediante a Portaria N. <a href=\"https:\/\/portal.ufsm.br\/documentos\/publico\/documento.html?id=12979364\" target=\"_blank\"><font color=\"blue\">56.715, de 12.01.2010<\/font><\/a>, e tendo em vista o que consta do Processo N. <a href=\"https:\/\/portal.ufsm.br\/documentos\/publico\/processo\/documento.html?idDocumento=4429680\" target=\"_blank\"><font color=\"blue\">23081.019739\/2010-18<\/font><\/a>, resolve:<\/p> \r\n<br>  \r\n<p><b>PRORROGAR<\/b> por 01 (um) ano, a validade dos Concursos P\u00fablicos para Docente, na seguinte classe, regime e \u00e1rea:<\/p> \r\n<br>\r\n<p><b>PROFESSOR ADJUNTO - DEDICA\u00c7\u00c3O EXCLUSIVA<\/p>\r\n<p>\u00c1rea: Fundamentos Hist\u00f3ricos, Filos\u00f3ficos e Sociol\u00f3gicos da Educa\u00e7\u00e3o - a partir de 08\/01\/2011.<\/b><\/p>\r\n<p>Editais de Abertura n. 038 de 29\/04\/2009, publicado no DOU de 30\/04\/2009, de Divulga\u00e7\u00e3o de Resultado n. 076 de 19\/08\/2009, publicado no DOU de 21\/08\/2009 e de homologa\u00e7\u00e3o de resultado n. 001 de 06\/01\/2010, publicado no DOU de 08\/01\/2010.<\/p> \r\n<br>\r\n<p><b>\u00c1rea: Psicologia da Educa\u00e7\u00e3o: a partir de 10\/03\/2011.<\/b><\/p> \r\n<p>Editais de abertura n. 099 de 12\/11\/2009, publicado no DOU de 13\/11\/2009, de divulga\u00e7\u00e3o de resultado n. 004 de 01\/02\/2010, publicado no DOU de 02\/02\/2010 e de homologa\u00e7\u00e3o de resultado n. 009 de 09\/03\/2010, publicado no DOU de 10\/03\/2010.<\/p>\r\n<br>\r\n<p>Dalvan Jos\u00e9 Reinert,<\/p>\r\n<p>Vice-Reitor.<\/p>\r\n<br>\r\n<\/strike>\r\n<p><font color=\"red0000\">Este texto n\u00e3o substitui o documento original, publicado no Portal de Documentos.<\/font> Dispon\u00edvel em: <a href=\"https:\/\/portal.ufsm.br\/documentos\/publico\/documento.html?id=12765407\" target=\"_blank\"><font color=\"blue\">https:\/\/portal.ufsm.br\/documentos\/publico\/documento.html?id=12765407<\/font><\/a><\/p>\r\n<br>\r\n\r\n\t\t<\/div>\n\t\t\t\t<\/div>\n\t\t\t\t\t<\/div>\n\t\t<\/div>\n\t\t\t\t\t<\/div>\n\t\t<\/section>\n\t\t\t\t<\/div>\n\t\t","protected":false},"excerpt":{"rendered":"<p>PORTARIA N. 59.142\/2010 MINIST\u00c9RIO DA EDUCA\u00c7\u00c3O UNIVERSIDADE FEDERAL DE SANTA MARIA PORTARIA N. 59.142, DE 17 DE DEZEMBRO DE 2010 Revogada pela Portaria Normativa N. 018\/2021 O VICE-REITOR DA UNIVERSIDADE FEDERAL DE SANTA MARIA, no uso de suas atribui\u00e7\u00f5es legais e estatut\u00e1rias, e de acordo com a Delega\u00e7\u00e3o de Compet\u00eancia concedida mediante a Portaria N. [&hellip;]<\/p>\n","protected":false},"author":205,"featured_media":0,"parent":0,"menu_order":0,"comment_status":"closed","ping_status":"closed","template":"","meta":{"footnotes":""},"categories":[],"tags":[],"class_list":["post-4372","page","type-page","status-publish","hentry"],"acf":[],"_links":{"self":[{"href":"https:\/\/www.ufsm.br\/pro-reitorias\/proplan\/wp-json\/wp\/v2\/pages\/4372","targetHints":{"allow":["GET"]}}],"collection":[{"href":"https:\/\/www.ufsm.br\/pro-reitorias\/proplan\/wp-json\/wp\/v2\/pages"}],"about":[{"href":"https:\/\/www.ufsm.br\/pro-reitorias\/proplan\/wp-json\/wp\/v2\/types\/page"}],"author":[{"embeddable":true,"href":"https:\/\/www.ufsm.br\/pro-reitorias\/proplan\/wp-json\/wp\/v2\/users\/205"}],"replies":[{"embeddable":true,"href":"https:\/\/www.ufsm.br\/pro-reitorias\/proplan\/wp-json\/wp\/v2\/comments?post=4372"}],"version-history":[{"count":0,"href":"https:\/\/www.ufsm.br\/pro-reitorias\/proplan\/wp-json\/wp\/v2\/pages\/4372\/revisions"}],"wp:attachment":[{"href":"https:\/\/www.ufsm.br\/pro-reitorias\/proplan\/wp-json\/wp\/v2\/media?parent=4372"}],"wp:term":[{"taxonomy":"category","embeddable":true,"href":"https:\/\/www.ufsm.br\/pro-reitorias\/proplan\/wp-json\/wp\/v2\/categories?post=4372"},{"taxonomy":"post_tag","embeddable":true,"href":"https:\/\/www.ufsm.br\/pro-reitorias\/proplan\/wp-json\/wp\/v2\/tags?post=4372"}],"curies":[{"name":"wp","href":"https:\/\/api.w.org\/{rel}","templated":true}]}}