{"id":4402,"date":"2021-03-24T15:28:18","date_gmt":"2021-03-24T18:28:18","guid":{"rendered":"https:\/\/www.ufsm.br\/pro-reitorias\/proplan\/?page_id=4402"},"modified":"2021-07-01T14:34:39","modified_gmt":"2021-07-01T17:34:39","slug":"portaria-n-028-2020-cal","status":"publish","type":"page","link":"https:\/\/www.ufsm.br\/pro-reitorias\/proplan\/portaria-n-028-2020-cal","title":{"rendered":"Portaria N. 028\/2020 &#8211; CAL"},"content":{"rendered":"\t\t<div data-elementor-type=\"wp-page\" data-elementor-id=\"4402\" class=\"elementor elementor-4402\">\n\t\t\t\t\t\t<section class=\"elementor-section elementor-top-section elementor-element elementor-element-0782cc3 elementor-section-boxed elementor-section-height-default elementor-section-height-default\" data-id=\"0782cc3\" data-element_type=\"section\">\n\t\t\t\t\t\t<div class=\"elementor-container elementor-column-gap-default\">\n\t\t\t\t\t<div class=\"elementor-column elementor-col-100 elementor-top-column elementor-element elementor-element-e337f32\" data-id=\"e337f32\" data-element_type=\"column\">\n\t\t\t<div class=\"elementor-widget-wrap elementor-element-populated\">\n\t\t\t\t\t\t<div class=\"elementor-element elementor-element-bd7d8eb elementor-widget elementor-widget-html\" data-id=\"bd7d8eb\" data-element_type=\"widget\" data-widget_type=\"html.default\">\n\t\t\t\t<div class=\"elementor-widget-container\">\n\t\t\t\n\n\n<title><b>PORTARIA N. 028, DE 11 DE MAR\u00c7O DE 2020<\/b><\/title>\n\n\n<div align=\"center\"><img decoding=\"async\" src=\"https:\/\/www.ufsm.br\/pro-reitorias\/proplan\/wp-content\/uploads\/sites\/344\/2019\/09\/brasao-da-republica-do-brasil-logo.png\" alt=\"Bras\u00e3o Rep\u00fablica Federativa do Brasil\" width=\"6%\" height=\"6%\"><\/div>\n<h1><font color=\"blue\"><font size=\"5\"><div align=\"center\">MINIST\u00c9RIO DA EDUCA\u00c7\u00c3O<\/b><\/font><\/font><\/div><\/H1>\n<p><b><font color=\"0000blue\"><div align=\"center\">UNIVERSIDADE FEDERAL DE SANTA MARIA<\/b><\/font><\/div>\n<b><font color=\"0000blue\"><div align=\"center\">CENTRO DE ARTES E LETRAS<\/b><\/font><\/div><\/p>\n<div align=\"center\"><b><a href=\"https:\/\/portal.ufsm.br\/documentos\/publico\/documento.html?id=13462988\" target=\"_blank\"><font color=\"blue\">PORTARIA N. 028, DE 11 DE MAR\u00c7O DE 2020<\/font><\/a><\/b><\/div>\n<br><div align=\"justify\">\n<p><a href=\"https:\/\/www.ufsm.br\/pro-reitorias\/proplan\/resolucao-ufsm-n-055-2021\/\"><font color=\"blue\">Revogado pela Resolu\u00e7\u00e3o N. 055\/2021<\/font><\/a><\/p><\/p>\n<br>\n<strike>\n<p>O DIRETOR DO CENTRO DE ARTES E LETRAS DA UNIVERSIDADE FEDERAL DE SANTA MARIA, nomeado pela  <a href=\"https:\/\/portal.ufsm.br\/documentos\/publico\/documento.html?id=11377298\" target=\"_blank\"><font color=\"blue\">Portaria n. 91.420\/18<\/font><\/a>, no uso de suas atribui\u00e7\u00f5es legais e estatut\u00e1rias, e tendo em vista:<\/p>\n<p>- o Art. 56 da <a href=\"http:\/\/www.planalto.gov.br\/ccivil_03\/leis\/l9394.htm\" target=\"_blank\"><font color=\"blue\">Lei N. 9.394<\/font><\/a>, de 20 de dezembro de 1996, que estabelece as diretrizes e bases da educa\u00e7\u00e3o nacional;<\/p>\n<p>- o <a href=\"http:\/\/www.planalto.gov.br\/ccivil_03\/_ato2015-2018\/2017\/decreto\/D9191.htm\" target=\"_blank\"><font color=\"blue\">Decreto N. 9.191<\/font><\/a>, de 1\u00ba de novembro de 2017, que estabelece as normas e as diretrizes para elabora\u00e7\u00e3o, reda\u00e7\u00e3o, altera\u00e7\u00e3o, consolida\u00e7\u00e3o e encaminhamento de propostas de atos normativos ao Presidente da Rep\u00fablica pelos Ministros de Estado;<\/p>\n<p>- o <a href=\"http:\/\/www.planalto.gov.br\/ccivil_03\/_ato2019-2022\/2019\/decreto\/D9759.htm\" target=\"_blank\"><font color=\"blue\">Decreto N. 9.759<\/font><\/a>, de 11 de abril de 2019, que extingue e estabelece diretrizes, regras e limita\u00e7\u00f5es para colegiados da administra\u00e7\u00e3o p\u00fablica federal; e,<\/p>\n<p>- a <a href=\"https:\/\/www.ufsm.br\/pro-reitorias\/proplan\/resolucao-n-033-2015\/\" target=\"_blank\"><font color=\"blue\">Resolu\u00e7\u00e3o 033\/2015\/UFSM<\/font><\/a>, de 30 de dezembro de 2015, que Regulamenta o processo de acompanhamento pedag\u00f3gico e cancelamento de matr\u00edcula e v\u00ednculo com a Universidade Federal de Santa Maria, e revoga a <a href=\"https:\/\/www.ufsm.br\/pro-reitorias\/proplan\/resolucao-n-009-1998\/\" target=\"_blank\"><font color=\"blue\">Resolu\u00e7\u00e3o N. 009\/98<\/font><\/a>;<\/p>\n<p>- o atendimento ao Processo N. <a href=\"https:\/\/portal.ufsm.br\/documentos\/publico\/processo\/documento.html?idDocumento=8777649\" target=\"_blank\"><font color=\"blue\">23081.010516\/2018-42<\/font><\/a>;\n<p>- o atendimento ao Processo N. <a href=\"https:\/\/portal.ufsm.br\/documentos\/publico\/processo\/documento.html?idDocumento=8777662\" target=\"_blank\"><font color=\"blue\">23081.010517\/2018-97<\/font><\/a>; e\n<p>- o que consta no Processo N. <a href=\"https:\/\/portal.ufsm.br\/documentos\/publico\/processo\/documento.html?idDocumento=12991343\" target=\"_blank\"><font color=\"blue\">23081.013531\/2020-67<\/font><\/a>,\n\n<br>\n<p><b><div align=\"center\">RESOLVE:<\/b><\/div><\/p>\n<p>Art. 1\u00ba Aprovar a cria\u00e7\u00e3o do \u00f3rg\u00e3o colegiada denominado Comiss\u00e3o Especial, em car\u00e1ter tempor\u00e1rio, vinculado \u00e0 Coordena\u00e7\u00e3o do Curso de Licenciatura em Teatro do Centro de Artes e Letras (CAL) da Universidade Federal de Santa Maria (UFSM).<\/p>\n<br>\n<p><b><div align=\"center\">T\u00cdTULO I<\/p> \n<p>DAS COMPET\u00caNCIAS<\/b><\/div><\/p>\n<p>Art. 2\u00ba A Comiss\u00e3o Especial subsidiar\u00e1 o Colegiada de Curso na decis\u00e3o de cancelamento de matr\u00edcula e v\u00ednculo referentes aos processos 23081.010517\/2018-97 e 23081.010516\/2018-42.<\/p>\n<p>Art. 3\u00ba A Comiss\u00e3o Especial acompanhar\u00e1 a aplica\u00e7\u00e3o do cancelamento de matr\u00edcula e v\u00ednculo dos referidos processos, at\u00e9 a conclus\u00e3o e encerramento do v\u00ednculo do estudante com a UFSM.<\/p>\n<br>\n<p><b><div align=\"center\">T\u00cdTULO II<\/p> \n<p>DA COMPOSI\u00c7\u00c3O E AUTORIDADE<\/b><\/div><\/p>\n<p>Art. 4\u00ba A Comiss\u00e3o Tempor\u00e1ria dever\u00e1 ser composta de no m\u00ednimo, tr\u00eas docentes e um acad\u00eamico dentre os membros do Colegiado do Curso.<\/p>\n<p>Par\u00e1grafo \u00fanico. A presid\u00eancia da Comiss\u00e3o ser\u00e1 definida na primeira reuni\u00e3o, pelos pr\u00f3prios membros.<\/p>\n<br>\n<p><b><div align=\"center\">T\u00cdTULO III<\/p> \n<p>DO QU\u00d3RUM DE REUNI\u00c3O E DE VOTA\u00c7\u00c3O<\/b><\/div><\/p>\n<p>Art. 5\u00ba A presen\u00e7a de todos os membros da Comiss\u00e3o \u00e9 indispens\u00e1vel para a realiza\u00e7\u00e3o de todos os procedimentos.<\/p>\n<br>\n<p><b><div align=\"center\">T\u00cdTULO IV<\/p> \n<p>DA PERIODICIDADE DAS REUNI\u00d5ES<\/b><\/div><\/p>\n<p>Art. 6\u00ba A Comiss\u00e3o Especial realizar\u00e1 suas reuni\u00f5es conforme a necessidade, a fim de garantir o andamento dos trabalhos dentro dos prazos estabelecidos.<\/p>\n<p>Par\u00e1grafo \u00fanico. A convoca\u00e7\u00e3o para as reuni\u00f5es dever\u00e1 ser realizada com anteced\u00eancia m\u00ednima de at\u00e9 24 horas.<\/p>\n<br>\n<p><b><div align=\"center\">T\u00cdTULO V<\/p> \n<p>DO \u00d3RG\u00c3O DE APOIO ADMINISTRATIVO<\/b><\/div><\/p>\n<p>Art. 7\u00ba A Comiss\u00e3o Especial ter\u00e1 um secret\u00e1rio, designado pelo Presidente, dentre seus membros, bem como contar\u00e1 com o apoio administrativo da Secretaria do Curso de Licenciatura em Teatro e da Pr\u00f3-Reitoria de Gradua\u00e7\u00e3o (PROGRAD).<\/p>\n<br>\n<p><b><div align=\"center\">T\u00cdTULO VI<\/p> \n<p>DOS MEMBROS N\u00c3O NATOS<\/b><\/div><\/p>\n<p>Art. 8\u00ba Os membros da Comiss\u00e3o Especial ser\u00e3o designados pelo Diretor, por indica\u00e7\u00e3o do Colegiado do Curso de Licenciatura em Teatro.<\/p>\n<br>\n<p><b><div align=\"center\">T\u00cdTULO VII<\/p> \n<p>DO TERMO DE CONCLUS\u00c3O DOS TRABALHOS<\/b><\/div><\/p>\n<p>Art. 9\u00ba Constitu\u00edda a Comiss\u00e3o, esta atuar\u00e1 at\u00e9 29 de janeiro de 2021, tendo em vista a sua atribui\u00e7\u00e3o de acompanhar a aplica\u00e7\u00e3o do cancelamento de matr\u00edcula e v\u00ednculo dos estudantes implicados nos processos 23081.01051712018\u00ac97 e 23081.010516\/2018-42.<\/p>\n<br>\n<p><b><div align=\"center\">T\u00cdTULO VIII<\/p> \n<p>DO RELAT\u00d3RIO FINAL<\/b><\/div><\/p>\n<p>Art. 10 A Comiss\u00e3o elaborar\u00e1 relat\u00f3rio final quando findado o v\u00ednculo dos estudantes com a UFSM, devendo entregar o mesmo \u00e0 Coordena\u00e7\u00e3o do Curso de Licenciatura em Teatro.<\/p>\n<br>\n<p><b><div align=\"center\">TITULO IX<\/p> \n<p>DAS DISPOSI\u00c7\u00d5ES GERAIS E TRANSIT\u00d3RIAS<\/b><\/div><\/p>\n<p>Art. 11 \u00c9 vedada a divulga\u00e7\u00e3o de discuss\u00f5es em curso sem a pr\u00e9via anu\u00eancia da Coordena\u00e7\u00e3o do Curso de Licenciatura em Teatro.<\/p>\n<p>Art. 12 A participa\u00e7\u00e3o dos membros deste \u00f3rg\u00e3o colegiado ser\u00e1 considerada presta\u00e7\u00e3o de servi\u00e7o p\u00fablico relevante e n\u00e3o ser\u00e1 remunerada.<\/p>\n<p>Art. 13 \u00c9 vedada a possibilidade de cria\u00e7\u00e3o de subcolegiados por ato deste colegiado.<\/p>\n<p>Art. 14 Esta Portaria entrar\u00e1 em vigor na data de sua assinatura, revogadas as disposi\u00e7\u00f5es em contr\u00e1rio.<\/p>\n<br>\n<p>Cl\u00e1udio Ant\u00f4nio Esteves,<\/p>\n<p>Diretor.<\/p>\n<br>\n<p><font color=\"red0000\">Este texto n\u00e3o substitui o documento original, publicado no Portal de Documentos em 11 de mar\u00e7o de 2020.<\/font> Dispon\u00edvel em: <a href=\"https:\/\/portal.ufsm.br\/documentos\/publico\/documento.html?id=13462988\" target=\"_blank\"><font color=\"blue\">https:\/\/portal.ufsm.br\/documentos\/publico\/documento.html?id=13462988<\/font><\/a>\n<\/strike>\n\t\t<\/div>\n\t\t\t\t<\/div>\n\t\t\t\t\t<\/div>\n\t\t<\/div>\n\t\t\t\t\t<\/div>\n\t\t<\/section>\n\t\t\t\t<\/div>\n\t\t","protected":false},"excerpt":{"rendered":"<p>PORTARIA N. 028, DE 11 DE MAR\u00c7O DE 2020 MINIST\u00c9RIO DA EDUCA\u00c7\u00c3O UNIVERSIDADE FEDERAL DE SANTA MARIA CENTRO DE ARTES E LETRAS PORTARIA N. 028, DE 11 DE MAR\u00c7O DE 2020 Revogado pela Resolu\u00e7\u00e3o N. 055\/2021 O DIRETOR DO CENTRO DE ARTES E LETRAS DA UNIVERSIDADE FEDERAL DE SANTA MARIA, nomeado pela Portaria n. 91.420\/18, [&hellip;]<\/p>\n","protected":false},"author":230,"featured_media":0,"parent":0,"menu_order":0,"comment_status":"closed","ping_status":"closed","template":"","meta":{"footnotes":""},"categories":[],"tags":[],"class_list":["post-4402","page","type-page","status-publish","hentry"],"acf":[],"_links":{"self":[{"href":"https:\/\/www.ufsm.br\/pro-reitorias\/proplan\/wp-json\/wp\/v2\/pages\/4402","targetHints":{"allow":["GET"]}}],"collection":[{"href":"https:\/\/www.ufsm.br\/pro-reitorias\/proplan\/wp-json\/wp\/v2\/pages"}],"about":[{"href":"https:\/\/www.ufsm.br\/pro-reitorias\/proplan\/wp-json\/wp\/v2\/types\/page"}],"author":[{"embeddable":true,"href":"https:\/\/www.ufsm.br\/pro-reitorias\/proplan\/wp-json\/wp\/v2\/users\/230"}],"replies":[{"embeddable":true,"href":"https:\/\/www.ufsm.br\/pro-reitorias\/proplan\/wp-json\/wp\/v2\/comments?post=4402"}],"version-history":[{"count":0,"href":"https:\/\/www.ufsm.br\/pro-reitorias\/proplan\/wp-json\/wp\/v2\/pages\/4402\/revisions"}],"wp:attachment":[{"href":"https:\/\/www.ufsm.br\/pro-reitorias\/proplan\/wp-json\/wp\/v2\/media?parent=4402"}],"wp:term":[{"taxonomy":"category","embeddable":true,"href":"https:\/\/www.ufsm.br\/pro-reitorias\/proplan\/wp-json\/wp\/v2\/categories?post=4402"},{"taxonomy":"post_tag","embeddable":true,"href":"https:\/\/www.ufsm.br\/pro-reitorias\/proplan\/wp-json\/wp\/v2\/tags?post=4402"}],"curies":[{"name":"wp","href":"https:\/\/api.w.org\/{rel}","templated":true}]}}