{"id":4403,"date":"2021-03-24T15:32:58","date_gmt":"2021-03-24T18:32:58","guid":{"rendered":"https:\/\/www.ufsm.br\/pro-reitorias\/proplan\/?page_id=4403"},"modified":"2021-07-01T14:35:10","modified_gmt":"2021-07-01T17:35:10","slug":"portaria-n-119-2020-cal","status":"publish","type":"page","link":"https:\/\/www.ufsm.br\/pro-reitorias\/proplan\/portaria-n-119-2020-cal","title":{"rendered":"Portaria N. 119\/2020 &#8211; CAL"},"content":{"rendered":"\t\t<div data-elementor-type=\"wp-page\" data-elementor-id=\"4403\" class=\"elementor elementor-4403\">\n\t\t\t\t\t\t<section class=\"elementor-section elementor-top-section elementor-element elementor-element-31ff8540 elementor-section-boxed elementor-section-height-default elementor-section-height-default\" data-id=\"31ff8540\" data-element_type=\"section\">\n\t\t\t\t\t\t<div class=\"elementor-container elementor-column-gap-default\">\n\t\t\t\t\t<div class=\"elementor-column elementor-col-100 elementor-top-column elementor-element elementor-element-b241976\" data-id=\"b241976\" data-element_type=\"column\">\n\t\t\t<div class=\"elementor-widget-wrap elementor-element-populated\">\n\t\t\t\t\t\t<div class=\"elementor-element elementor-element-6bab3d38 elementor-widget elementor-widget-text-editor\" data-id=\"6bab3d38\" data-element_type=\"widget\" data-widget_type=\"text-editor.default\">\n\t\t\t\t<div class=\"elementor-widget-container\">\n\t\t\t\t\t\t\t<!-- wp:tadv\/classic-paragraph \/-->\t\t\t\t\t\t<\/div>\n\t\t\t\t<\/div>\n\t\t\t\t\t<\/div>\n\t\t<\/div>\n\t\t\t\t\t<\/div>\n\t\t<\/section>\n\t\t\t\t<section class=\"elementor-section elementor-top-section elementor-element elementor-element-4e2256c elementor-section-boxed elementor-section-height-default elementor-section-height-default\" data-id=\"4e2256c\" data-element_type=\"section\">\n\t\t\t\t\t\t<div class=\"elementor-container elementor-column-gap-default\">\n\t\t\t\t\t<div class=\"elementor-column elementor-col-100 elementor-top-column elementor-element elementor-element-5306f61\" data-id=\"5306f61\" data-element_type=\"column\">\n\t\t\t<div class=\"elementor-widget-wrap elementor-element-populated\">\n\t\t\t\t\t\t<div class=\"elementor-element elementor-element-a5f1d77 elementor-widget elementor-widget-html\" data-id=\"a5f1d77\" data-element_type=\"widget\" data-widget_type=\"html.default\">\n\t\t\t\t<div class=\"elementor-widget-container\">\n\t\t\t\n\n\n<title><b>PORTARIA CAL\/UFSM N\u00b0 119, DE 05 DE OUTUBRO DE 2020<\/b><\/title>\n\n\n<div align=\"center\"><img decoding=\"async\" src=\"https:\/\/www.ufsm.br\/pro-reitorias\/proplan\/wp-content\/uploads\/sites\/344\/2019\/09\/brasao-da-republica-do-brasil-logo.png\" alt=\"Bras\u00e3o Rep\u00fablica Federativa do Brasil\" width=\"6%\" height=\"6%\"><\/div>\n<h1><font color=\"blue\"><font size=\"5\"><div align=\"center\">MINIST\u00c9RIO DA EDUCA\u00c7\u00c3O<\/b><\/font><\/font><\/div><\/H1>\n<p><b><font color=\"0000blue\"><div align=\"center\">UNIVERSIDADE FEDERAL DE SANTA MARIA<\/b><\/font><\/div>\n<b><font color=\"0000blue\"><div align=\"center\">CENTRO DE ARTES E LETRAS<\/b><\/font><\/div><\/p>\n<div align=\"center\"><b><a href=\"https:\/\/portal.ufsm.br\/documentos\/publico\/documento.html?id=13463099\" target=\"_blank\"><font color=\"blue\">PORTARIA CAL\/UFSM N\u00b0 119, DE 05 DE OUTUBRO DE 2020<\/font><\/a><\/b><\/div>\n<br><div align=\"justify\">\n<p><a href=\"https:\/\/www.ufsm.br\/pro-reitorias\/proplan\/resolucao-ufsm-n-055-2021\/\"><font color=\"blue\">Revogado pela Resolu\u00e7\u00e3o N. 055\/2021<\/font><\/a><\/p><\/p>\n<br>\n<strike>\n<p>O DIRETOR DO CENTRO DE ARTES E LETRAS DA UNIVERSIDADE FEDERAL DE SANTA MARIA, nomeado pela  <a href=\"https:\/\/portal.ufsm.br\/documentos\/publico\/documento.html?id=11377298\" target=\"_blank\"><font color=\"blue\">Portaria n\u00b0 91.420\/18<\/font><\/a>, no uso de suas atribui\u00e7\u00f5es legais, em virtude da delega\u00e7\u00e3o de compet\u00eancia atribu\u00edda pela  <a href=\"https:\/\/portal.ufsm.br\/documentos\/publico\/documento.html?id=7162479\" target=\"_blank\"><font color=\"blue\">Portaria n\u00b0 55.927<\/font><\/a>, de 29 de setembro de 2009, e tendo em vista:<\/p>\n<p>- o Art. 56 da <a href=\"http:\/\/www.planalto.gov.br\/ccivil_03\/leis\/l9394.htm\" target=\"_blank\"><font color=\"blue\">Lei N. 9.394<\/font><\/a>, de 20 de dezembro de 1996, que estabelece as diretrizes e bases da educa\u00e7\u00e3o nacional;<\/p>\n<p>- o <a href=\"http:\/\/www.planalto.gov.br\/ccivil_03\/_ato2015-2018\/2017\/decreto\/D9191.htm\" target=\"_blank\"><font color=\"blue\">Decreto N. 9.191<\/font><\/a>, de 1\u00ba de novembro de 2017, que estabelece as normas e as diretrizes para elabora\u00e7\u00e3o, reda\u00e7\u00e3o, altera\u00e7\u00e3o, consolida\u00e7\u00e3o e encaminhamento de propostas de atos normativos ao Presidente da Rep\u00fablica pelos Ministros de Estado;<\/p>\n<p>- o <a href=\"http:\/\/www.planalto.gov.br\/ccivil_03\/_ato2019-2022\/2019\/decreto\/D9759.htm\" target=\"_blank\"><font color=\"blue\">Decreto N. 9.759<\/font><\/a>, de 11 de abril de 2019, que extingue e estabelece diretrizes, regras e limita\u00e7\u00f5es para colegiados da administra\u00e7\u00e3o p\u00fablica federal; e,<\/p>\n<p>- o que consta no Processo n\u00ba <a href=\"https:\/\/portal.ufsm.br\/documentos\/publico\/processo\/documento.html?idDocumento=13213852\" target=\"_blank\"><font color=\"blue\">23081.036193\/2020-31<\/font><\/a>;\n<br>\n<p><b><div align=\"center\">RESOLVE:<\/b><\/div><\/p>\n<p>Art. 1\u00ba Aprovar a cria\u00e7\u00e3o do \u00f3rg\u00e3o colegiado denominado <i>\u201cComiss\u00e3o organizadora do 35\u00ba Festival Internacional de Inverno da UFSM\u201d<\/i> vinculado ao Departamento de M\u00fasica do Centro de Artes e Letras (CAL) da Universidade Federal de Santa Maria (UFSM).<\/p>\n<br>\n<p><b><div align=\"center\">T\u00cdTULO I<\/p> \n<p>DAS COMPET\u00caNCIAS<\/b><\/div><\/p>\n<p>Art. 2\u00ba Compete \u00e0 Comiss\u00e3o organizar o 35\u00ba Festival Internacional de Inverno da UFSM, definindo estrat\u00e9gias pedag\u00f3gicas e art\u00edsticas para sua viabilidade.<\/p>\n<br>\n<p><b><div align=\"center\">T\u00cdTULO II<\/p> \n<p>DA COMPOSI\u00c7\u00c3O E AUTORIDADE<\/b><\/div><\/p>\n<p>Art. 3\u00ba A composi\u00e7\u00e3o da Comiss\u00e3o \u00e9 constitu\u00edda pelo coordenador geral do projeto do Festival de Inverno e tr\u00eas coordenadores de \u00e1rea, sendo o coordenador geral o presidente da Comiss\u00e3o.<\/p>\n<br>\n<p><b><div align=\"center\">T\u00cdTULO III<\/p> \n<p>DO QU\u00d3RUM DE REUNI\u00c3O E DE VOTA\u00c7\u00c3O<\/b><\/div><\/p>\n<p>Art. 4\u00ba O qu\u00f3rum de reuni\u00e3o e de vota\u00e7\u00e3o ser\u00e1 de 50% dos membros da Comiss\u00e3o.<\/p>\n<br>\n<p><b><div align=\"center\">T\u00cdTULO IV<\/p> \n<p>DA PERIODICIDADE DAS REUNI\u00d5ES<\/b><\/div><\/p>\n<p>Art. 5\u00ba A Comiss\u00e3o realiza suas reuni\u00f5es uma vez por m\u00eas.<\/p>\n<p>Par\u00e1grafo \u00fanico. Em caso de reuni\u00f5es extraordin\u00e1rias, a convoca\u00e7\u00e3o dever\u00e1 ser realizada com anteced\u00eancia m\u00ednima de at\u00e9 24 horas.<\/p>\n<br>\n<p><b><div align=\"center\">T\u00cdTULO V<\/p> \n<p>DO \u00d3RG\u00c3O DE APOIO ADMINISTRATIVO<\/b><\/div><\/p>\n<p>Art. 6\u00ba Os \u00f3rg\u00e3os de apoio administrativo da Comiss\u00e3o s\u00e3o a Pr\u00f3-Reitoria de Extens\u00e3o, o Departamento de M\u00fasica e a Secretaria do Centro de Artes e Letras.<\/p>\n<br>\n<p><b><div align=\"center\">T\u00cdTULO VI<\/p> \n<p>DO TERMO DE CONCLUS\u00c3O DOS TRABALHOS<\/b><\/div><\/p>\n<p>Art. 7\u00ba O termo de conclus\u00e3o dos trabalhos da Comiss\u00e3o se dar\u00e1 em 31 de dezembro de 2020.<\/p>\n<br>\n<p><b><div align=\"center\">T\u00cdTULO VII<\/p> \n<p>DOS MEMBROS N\u00c3O NATOS<\/b><\/div><\/p>\n<p>Art. 8\u00ba Os membros coordenadores de \u00e1rea s\u00e3o indicados pelo Chefe do Departamento de M\u00fasica, por recomenda\u00e7\u00e3o do coordenador geral do projeto do Festival de Inverno, e designados por portaria pelo Diretor do Centro de Artes e Letras.<\/p>\n<br>\n<p><b><div align=\"center\">T\u00cdTULO VIII<\/p> \n<p>DO RELAT\u00d3RIO FINAL<\/b><\/div><\/p>\n<p>Art. 9\u00ba O relat\u00f3rio final das atividades da Comiss\u00e3o dever\u00e1 ser encaminhado \u00e0 Chefia do Departamento de M\u00fasica em at\u00e9 60 dias ap\u00f3s o final do evento.<\/p>\n<br>\n<p><b><div align=\"center\">TITULO IX<\/p> \n<p>DAS DISPOSI\u00c7\u00d5ES GERAIS E TRANSIT\u00d3RIAS<\/b><\/div><\/p>\n<p>Art. 11. A participa\u00e7\u00e3o dos membros deste \u00f3rg\u00e3o colegiado ser\u00e1 considerada presta\u00e7\u00e3o de servi\u00e7o p\u00fablico relevante e n\u00e3o ser\u00e1 remunerada.<\/p>\n<p>Art. 12. \u00c9 vedada a possibilidade de cria\u00e7\u00e3o de subcolegiados por ato deste colegiado.<\/p>\n<p>Art. 13. Esta Portaria entrar\u00e1 em vigor na data de sua assinatura, revogadas as disposi\u00e7\u00f5es em contr\u00e1rio.<\/p>\n<br>\n<p>Cl\u00e1udio Ant\u00f4nio Esteves,<\/p>\n<p>Diretor.<\/p>\n<br>\n<p><font color=\"red0000\">Este texto n\u00e3o substitui o documento original, publicado no Portal de Documentos em 5 de outubro de 2020.<\/font> Dispon\u00edvel em: <a href=\"https:\/\/portal.ufsm.br\/documentos\/publico\/documento.html?id=13463099\" target=\"_blank\"><font color=\"blue\">https:\/\/portal.ufsm.br\/documentos\/publico\/documento.html?id=13463099<\/font><\/a>\n<\/strike>\n\t\t<\/div>\n\t\t\t\t<\/div>\n\t\t\t\t\t<\/div>\n\t\t<\/div>\n\t\t\t\t\t<\/div>\n\t\t<\/section>\n\t\t\t\t<\/div>\n\t\t","protected":false},"excerpt":{"rendered":"<p>PORTARIA CAL\/UFSM N\u00b0 119, DE 05 DE OUTUBRO DE 2020 MINIST\u00c9RIO DA EDUCA\u00c7\u00c3O UNIVERSIDADE FEDERAL DE SANTA MARIA CENTRO DE ARTES E LETRAS PORTARIA CAL\/UFSM N\u00b0 119, DE 05 DE OUTUBRO DE 2020 Revogado pela Resolu\u00e7\u00e3o N. 055\/2021 O DIRETOR DO CENTRO DE ARTES E LETRAS DA UNIVERSIDADE FEDERAL DE SANTA MARIA, nomeado pela Portaria [&hellip;]<\/p>\n","protected":false},"author":230,"featured_media":0,"parent":0,"menu_order":0,"comment_status":"closed","ping_status":"closed","template":"","meta":{"footnotes":""},"categories":[],"tags":[],"class_list":["post-4403","page","type-page","status-publish","hentry"],"acf":[],"_links":{"self":[{"href":"https:\/\/www.ufsm.br\/pro-reitorias\/proplan\/wp-json\/wp\/v2\/pages\/4403","targetHints":{"allow":["GET"]}}],"collection":[{"href":"https:\/\/www.ufsm.br\/pro-reitorias\/proplan\/wp-json\/wp\/v2\/pages"}],"about":[{"href":"https:\/\/www.ufsm.br\/pro-reitorias\/proplan\/wp-json\/wp\/v2\/types\/page"}],"author":[{"embeddable":true,"href":"https:\/\/www.ufsm.br\/pro-reitorias\/proplan\/wp-json\/wp\/v2\/users\/230"}],"replies":[{"embeddable":true,"href":"https:\/\/www.ufsm.br\/pro-reitorias\/proplan\/wp-json\/wp\/v2\/comments?post=4403"}],"version-history":[{"count":0,"href":"https:\/\/www.ufsm.br\/pro-reitorias\/proplan\/wp-json\/wp\/v2\/pages\/4403\/revisions"}],"wp:attachment":[{"href":"https:\/\/www.ufsm.br\/pro-reitorias\/proplan\/wp-json\/wp\/v2\/media?parent=4403"}],"wp:term":[{"taxonomy":"category","embeddable":true,"href":"https:\/\/www.ufsm.br\/pro-reitorias\/proplan\/wp-json\/wp\/v2\/categories?post=4403"},{"taxonomy":"post_tag","embeddable":true,"href":"https:\/\/www.ufsm.br\/pro-reitorias\/proplan\/wp-json\/wp\/v2\/tags?post=4403"}],"curies":[{"name":"wp","href":"https:\/\/api.w.org\/{rel}","templated":true}]}}