{"id":4416,"date":"2021-04-01T11:59:35","date_gmt":"2021-04-01T14:59:35","guid":{"rendered":"https:\/\/www.ufsm.br\/pro-reitorias\/proplan\/?page_id=4416"},"modified":"2022-09-01T15:14:51","modified_gmt":"2022-09-01T18:14:51","slug":"instrucao-normativa-prpgp-ufsm-n-001-2020","status":"publish","type":"page","link":"https:\/\/www.ufsm.br\/pro-reitorias\/proplan\/instrucao-normativa-prpgp-ufsm-n-001-2020","title":{"rendered":"INSTRU\u00c7\u00c3O NORMATIVA PRPGP\/UFSM N. 001\/2020"},"content":{"rendered":"\t\t<div data-elementor-type=\"wp-page\" data-elementor-id=\"4416\" class=\"elementor elementor-4416\">\n\t\t\t\t\t\t<section class=\"elementor-section elementor-top-section elementor-element elementor-element-0fd9c53 elementor-section-boxed elementor-section-height-default elementor-section-height-default\" data-id=\"0fd9c53\" data-element_type=\"section\">\n\t\t\t\t\t\t<div class=\"elementor-container elementor-column-gap-default\">\n\t\t\t\t\t<div class=\"elementor-column elementor-col-100 elementor-top-column elementor-element elementor-element-72eca72\" data-id=\"72eca72\" data-element_type=\"column\">\n\t\t\t<div class=\"elementor-widget-wrap elementor-element-populated\">\n\t\t\t\t\t\t<div class=\"elementor-element elementor-element-dfb4db6 elementor-widget elementor-widget-html\" data-id=\"dfb4db6\" data-element_type=\"widget\" data-widget_type=\"html.default\">\n\t\t\t\t<div class=\"elementor-widget-container\">\n\t\t\t\r\n\r\n\r\n<title><b>INSTRU\u00c7\u00c3O NORMATIVA PRPGP\/UFSM N. 001\/2020<\/b><\/title>\r\n\r\n\r\n<div align=\"center\"><img decoding=\"async\" src=\"https:\/\/www.ufsm.br\/pro-reitorias\/proplan\/wp-content\/uploads\/sites\/344\/2019\/09\/brasao-da-republica-do-brasil-logo.png\" alt=\"Bras\u00e3o Rep\u00fablica Federativa do Brasil\" width=\"6%\" height=\"6%\"><\/div>    \r\n<h1><font color=\"blue\"><font size=\"5\"><div align=\"center\">MINIST\u00c9RIO DA EDUCA\u00c7\u00c3O<\/b><\/font><\/font><\/div><\/H1>\r\n<p><b><font color=\"0000blue\"><div align=\"center\">UNIVERSIDADE FEDERAL DE SANTA MARIA<\/b><\/font><\/div><\/p>\r\n<p><div align=\"center\"><b><a href=\"xx\" target=\"_blank\"><font color=\"blue\">INSTRU\u00c7\u00c3O NORMATIVA PRPGP\/UFSM N. 001\/2020, DE 20 DE MAR\u00c7O DE 2020.<\/font><\/a><\/b><\/div><\/p>\r\n<br>\r\n<a href=\"https:\/\/www.ufsm.br\/pro-reitorias\/proplan\/?page_id=5044\" target=\"_blank\"><font color=\"blue\"><u>(Revogado pela Resolu\u00e7\u00e3o UFSM N. 100\/2022)<\/u><\/font><\/a>\r\n<br>\r\n<s>\r\n<p><div align=\"right\"><font color=\"800000\">Orientar acerca da suspens\u00e3o das atividades presenciais acad\u00eamicas e administrativas no \u00e2mbito do ensino de P\u00f3s-Gradua\u00e7\u00e3o e Pesquisa da Universidade Federal de Santa Maria.<\/font><\/div><\/p>\r\n<br>\r\n<br><div align=\"justify\">\r\n<p> A Pr\u00f3-Reitoria de P\u00f3s-Gradua\u00e7\u00e3o e Pesquisa, no uso de suas atribui\u00e7\u00f5es legais e estatut\u00e1rias, considerando a  <a href=\"https:\/\/portal.ufsm.br\/documentos\/publico\/documento.html?id=13057680\" target=\"_blank\"><font color=\"blue\"><u>Portaria 97.935, de 16 de mar\u00e7o de 2020<\/u><\/font><\/a>, que regula a suspens\u00e3o das atividades acad\u00eamicas e administrativas presenciais da UFSM pelo prazo de 30 (trinta) dias, a partir de 17 de mar\u00e7o de 2020, o  <a href=\"https:\/\/www.ufsm.br\/cursos\/pos-graduacao\/santa-maria\/ppgexr\/2020\/03\/17\/informacoes-da-pro-reitoria-de-pos-graduacao-e-pesquisa-sobre-a-suspensao-das-atividades-academicas-presencias\/\" target=\"_blank\"><font color=\"blue\"><u>Memorando Circular n\u00ba 001\/2020\/PRPGP, de 17 de mar\u00e7o de 2020<\/u><\/font><\/a>, \r\n\r\n\r\n\r\na  <a href=\"https:\/\/www.ufsm.br\/pro-reitorias\/progep\/2020\/04\/24\/retificacao-da-instrucao-normativa-n-001-2020-progep-de-17-de-marco-de-2020\/\" target=\"_blank\"><font color=\"blue\"><u>Instru\u00e7\u00e3o Normativa 001\/PROGEP\/UFSM\/2020<\/u><\/font><\/a> que orienta a suspens\u00e3o das atividades presenciais no \u00e2mbito da UFSM, a <a href=\"https:\/\/www.ufsm.br\/pro-reitorias\/prograd\/instrucoes-normativas-prograd\/\" target=\"_blank\"><font color=\"blue\"><u>Instru\u00e7\u00e3o Normativa 001\/PROGRAD\/UFSM\/2020<\/u><\/font><\/a> que orienta a suspens\u00e3o das atividades presenciais no \u00e2mbito da UFSM, a  <a href=\"https:\/\/www.in.gov.br\/en\/web\/dou\/-\/portaria-n-36-de-19-de-marco-de-2020-249026197\" target=\"_blank\"><font color=\"blue\"><u>portaria CAPES n\u00ba 36, de 19 de mar\u00e7o de 2020<\/u><\/font><\/a>, e a <a href=\"https:\/\/www.ufsm.br\/pro-reitorias\/prograd\/2020\/03\/20\/nota-informativa-sobre-atividades-academicas\/\" target=\"_blank\"><font color=\"blue\"><u>Nota informativa da UFSM sobre atividades acad\u00eamicas publicada em 19 de mar\u00e7o de 2020<\/u><\/font><\/a>.<\/p>\r\n\r\n\r\n\r\n\r\n\r\n<p> ORIENTA:<\/p>\r\n<p> Art. 1\u00ba As atividades acad\u00eamicas e administrativas presenciais dos Cursos de P\u00f3s-Gradua\u00e7\u00e3o da UFSM poder\u00e3o ser substitu\u00eddas por atividades em ambiente virtual ou domiciliares considerando as peculiaridades e defini\u00e7\u00f5es de cada CPG\/PPG.<\/p>\r\n<p> Art. 2\u00ba Cabe \u00e0s chefias das Unidades e Subunidades definir quais atividades administrativas dever\u00e3o ser desenvolvidas de forma presenciais e remotas, considerando a supremacia do interesse p\u00fablico.<\/p>\r\n<p> Art. 3\u00ba As atividades acad\u00eamicas que, a crit\u00e9rio do docente, forem substitu\u00eddas por exerc\u00edcios domiciliares durante o per\u00edodo de suspens\u00e3o, utilizar\u00e3o meios virtuais para seu andamento e dever\u00e3o ser registradas e arquivadas para fins de futura comprova\u00e7\u00e3o.<\/p>\r\n<p> Art. 4\u00ba As bancas de defesa (monografia, qualifica\u00e7\u00e3o, disserta\u00e7\u00e3o e tese) j\u00e1 agendadas no sistema com datas previstas a partir de 17.03.2020 podem ser mantidas com a utiliza\u00e7\u00e3o de ambiente online ou por parecer, para todos os membros da banca.<\/p>\r\n<p> \u00a7 1\u00ba Em casos espec\u00edficos nos quais n\u00e3o h\u00e1 essa possibilidade, a PRPGP indica que a sess\u00e3o de defesa seja realizada sem a presen\u00e7a de p\u00fablico.<\/p>\r\n<p> \u00a7 2\u00ba Recomenda-se que os CPGs\/PPGs suspendam, por per\u00edodo de 60 dias, as defesas de monografia, qualifica\u00e7\u00e3o, disserta\u00e7\u00e3o e tese que n\u00e3o foram agendadas no sistema, considerando as particularidades de cada caso.<\/p>\r\n<p> Art. 5\u00ba A manuten\u00e7\u00e3o das atividades de pesquisa, laborat\u00f3rios e coleta de dados deve ser analisada considerando suas particularidades e interesses de cada CPG\/PPG, ficando essa decis\u00e3o a crit\u00e9rio de cada orientador, desde que seguida as normas e orienta\u00e7\u00f5es do Minist\u00e9rio da Sa\u00fade a respeito dos ambientes com aglomera\u00e7\u00f5es.<\/p>\r\n<p> Art. 6\u00ba A emiss\u00e3o de diplomas, por se tratar de uma atividade presencial do Departamento de Registro e Controle Acad\u00eamico (DERCA), est\u00e1 suspensa.<\/p>\r\n<p> Art. 7\u00ba A PRPGP funcionar\u00e1 com atendimento virtual e deve ser feito por email atrav\u00e9s dos seguintes contatos:<\/p>\r\n<p> - Secretaria: prpogp@ufsm.br<\/p>\r\n<p> - Coordenadoria de P\u00f3s-Gradua\u00e7\u00e3o: cpg.prpgp@ufsm.br<\/p>\r\n<p> - Coordenadoria de Pesquisa: cp.prpgp@ufsm.br<\/p>\r\n<p> - Coordenadoria de Inicia\u00e7\u00e3o Cient\u00edfica: cic.prpgp@ufsm.br<\/p>\r\n<p> - Coordenadoria de Projetos Institucionais: npe.prpe@ufsm.br<\/p>\r\n<p> - Comit\u00ea de \u00c9tica: ceua.ufsme@gmail.com, cep.ufsm@gmail.com e cibio@ufsm.br<\/p>\r\n<p> - Assessoria Financeira: financeiro.prpgp@ufsm.br<\/p>\r\n<p> - Reconhecimento de Diploma: reconhecimento.prpgp@ufsm.br<\/p>\r\n<p> - CAPES Print: capes.print@ufsm.br<\/p>\r\n<p> Art. 8\u00ba Todas as atividades que comportem entrega presencial de documentos e abertura de processos f\u00edsicos est\u00e3o suspensas enquanto durar o per\u00edodo de suspens\u00e3o das atividades presenciais.<\/p>\r\n<p> Par\u00e1grafo \u00fanico: somente ser\u00e3o avaliados pedidos de entrega f\u00edsica\/presencial de documentos quando solicitado por e-mail.<\/p>\r\n<p> Art. 9\u00ba Todas as medidas de preven\u00e7\u00e3o ao cont\u00e1gio devem ser refor\u00e7adas por toda a comunidade acad\u00eamica e estamos em constante an\u00e1lise da atual situa\u00e7\u00e3o com a Administra\u00e7\u00e3o Central e com o Comit\u00ea Interno de Gest\u00e3o da Crise do COVID-19. Nesse sentido, informamos que quaisquer altera\u00e7\u00f5es nessas orienta\u00e7\u00f5es ser\u00e3o amplamente divulgadas.<\/p>\r\n<p> Prof. Paulo Renato Schneider<\/p>\r\n<p> Pr\u00f3-Reitor da PRPGP<\/p>\r\n<p> Prof. Thiago Machado Ardenghi<\/p>\r\n<p> Coordenador da CPG e Pr\u00f3-Reitor Substituto da PRPGP<\/p>\r\n<p> Paulo C\u00e9sar Piquini<\/p>\r\n<p> Coordenador da CIC<\/p>\r\n<p> F\u00e1bio Andrei Duarte<\/p>\r\n<p> Coordenador da CP<\/p>\r\n<br>\r\n<br>\r\n<\/s>\r\n<p><font color=\"red0000\">Este texto n\u00e3o substitui o documento original, publicado no Portal de Documentos em XX de XX de 20XX.<\/font> Dispon\u00edvel em: <a href=\"xx\"><font color=\"blue\">xx<\/font><\/a>\r\n\r\n\t\t<\/div>\n\t\t\t\t<\/div>\n\t\t\t\t\t<\/div>\n\t\t<\/div>\n\t\t\t\t\t<\/div>\n\t\t<\/section>\n\t\t\t\t<\/div>\n\t\t","protected":false},"excerpt":{"rendered":"<p>INSTRU\u00c7\u00c3O NORMATIVA PRPGP\/UFSM N. 001\/2020 MINIST\u00c9RIO DA EDUCA\u00c7\u00c3O UNIVERSIDADE FEDERAL DE SANTA MARIA INSTRU\u00c7\u00c3O NORMATIVA PRPGP\/UFSM N. 001\/2020, DE 20 DE MAR\u00c7O DE 2020. (Revogado pela Resolu\u00e7\u00e3o UFSM N. 100\/2022) Orientar acerca da suspens\u00e3o das atividades presenciais acad\u00eamicas e administrativas no \u00e2mbito do ensino de P\u00f3s-Gradua\u00e7\u00e3o e Pesquisa da Universidade Federal de Santa Maria. A [&hellip;]<\/p>\n","protected":false},"author":206,"featured_media":0,"parent":0,"menu_order":0,"comment_status":"closed","ping_status":"closed","template":"","meta":{"footnotes":""},"categories":[],"tags":[],"class_list":["post-4416","page","type-page","status-publish","hentry"],"acf":[],"_links":{"self":[{"href":"https:\/\/www.ufsm.br\/pro-reitorias\/proplan\/wp-json\/wp\/v2\/pages\/4416","targetHints":{"allow":["GET"]}}],"collection":[{"href":"https:\/\/www.ufsm.br\/pro-reitorias\/proplan\/wp-json\/wp\/v2\/pages"}],"about":[{"href":"https:\/\/www.ufsm.br\/pro-reitorias\/proplan\/wp-json\/wp\/v2\/types\/page"}],"author":[{"embeddable":true,"href":"https:\/\/www.ufsm.br\/pro-reitorias\/proplan\/wp-json\/wp\/v2\/users\/206"}],"replies":[{"embeddable":true,"href":"https:\/\/www.ufsm.br\/pro-reitorias\/proplan\/wp-json\/wp\/v2\/comments?post=4416"}],"version-history":[{"count":0,"href":"https:\/\/www.ufsm.br\/pro-reitorias\/proplan\/wp-json\/wp\/v2\/pages\/4416\/revisions"}],"wp:attachment":[{"href":"https:\/\/www.ufsm.br\/pro-reitorias\/proplan\/wp-json\/wp\/v2\/media?parent=4416"}],"wp:term":[{"taxonomy":"category","embeddable":true,"href":"https:\/\/www.ufsm.br\/pro-reitorias\/proplan\/wp-json\/wp\/v2\/categories?post=4416"},{"taxonomy":"post_tag","embeddable":true,"href":"https:\/\/www.ufsm.br\/pro-reitorias\/proplan\/wp-json\/wp\/v2\/tags?post=4416"}],"curies":[{"name":"wp","href":"https:\/\/api.w.org\/{rel}","templated":true}]}}