{"id":4417,"date":"2021-04-01T12:21:30","date_gmt":"2021-04-01T15:21:30","guid":{"rendered":"https:\/\/www.ufsm.br\/pro-reitorias\/proplan\/?page_id=4417"},"modified":"2022-09-01T15:17:07","modified_gmt":"2022-09-01T18:17:07","slug":"instrucao-normativa-prpgp-ufsm-n-002-2020","status":"publish","type":"page","link":"https:\/\/www.ufsm.br\/pro-reitorias\/proplan\/instrucao-normativa-prpgp-ufsm-n-002-2020","title":{"rendered":"INSTRU\u00c7\u00c3O NORMATIVA PRPGP\/UFSM N. 002\/2020"},"content":{"rendered":"\t\t<div data-elementor-type=\"wp-page\" data-elementor-id=\"4417\" class=\"elementor elementor-4417\">\n\t\t\t\t\t\t<section class=\"elementor-section elementor-top-section elementor-element elementor-element-d1c5405 elementor-section-boxed elementor-section-height-default elementor-section-height-default\" data-id=\"d1c5405\" data-element_type=\"section\">\n\t\t\t\t\t\t<div class=\"elementor-container elementor-column-gap-default\">\n\t\t\t\t\t<div class=\"elementor-column elementor-col-100 elementor-top-column elementor-element elementor-element-dc1a4b7\" data-id=\"dc1a4b7\" data-element_type=\"column\">\n\t\t\t<div class=\"elementor-widget-wrap elementor-element-populated\">\n\t\t\t\t\t\t<div class=\"elementor-element elementor-element-f777844 elementor-widget elementor-widget-html\" data-id=\"f777844\" data-element_type=\"widget\" data-widget_type=\"html.default\">\n\t\t\t\t<div class=\"elementor-widget-container\">\n\t\t\t\ufeff\r\n\r\n\r\n<title><b>INSTRU\u00c7\u00c3O NORMATIVA PRPGP\/UFSM N. 002\/2020<\/b><\/title>\r\n\r\n\r\n<div align=\"center\"><img decoding=\"async\" src=\"https:\/\/www.ufsm.br\/pro-reitorias\/proplan\/wp-content\/uploads\/sites\/344\/2019\/09\/brasao-da-republica-do-brasil-logo.png\" alt=\"Bras\u00e3o Rep\u00fablica Federativa do Brasil\" width=\"6%\" height=\"6%\"><\/div>  \r\n<h1><font color=\"blue\"><font size=\"5\"><div align=\"center\">MINIST\u00c9RIO DA EDUCA\u00c7\u00c3O<\/b><\/font><\/font><\/div><\/H1>\r\n<p><b><font color=\"0000blue\"><div align=\"center\">UNIVERSIDADE FEDERAL DE SANTA MARIA<\/b><\/font><\/div><\/p>\r\n<p><div align=\"center\"><b><a href=\"xx\" target=\"_blank\"><font color=\"blue\">INSTRU\u00c7\u00c3O NORMATIVA PRPGP\/UFSM N. 002\/2020, DE 15 DE SETEMBRO DE 2020.<\/font><\/a><\/b><\/div><\/p>\r\n<br>\r\n<a href=\"https:\/\/www.ufsm.br\/pro-reitorias\/proplan\/?page_id=5044\" target=\"_blank\"><font color=\"blue\"><u>(Revogado pela Resolu\u00e7\u00e3o UFSM N. 100\/2022)<\/u><\/font><\/a>\r\n<br>\r\n<s>\r\n\r\n<p><div align=\"right\"><font color=\"800000\">Orientar acerca das atividades de pesquisa e funcionamento dos laborat\u00f3rios na Universidade Federal de Santa Maria.<\/font><\/div><\/p>\r\n<br>\r\n<br><div align=\"justify\">\r\n<p> A Pr\u00f3-ReItoria de P\u00f3s-Gradua\u00e7\u00e3o e Pesquisa, no uso de suas atribui\u00e7\u00f5es legais e estatut\u00e1rias, Considerando:<\/p>\r\n<p> - a <a href=\"https:\/\/www.ufsm.br\/pro-reitorias\/proplan\/portaria-n-98-263-2020\/\" target=\"_blank\"><font color=\"blue\"><u>Portaria n\u00ba 98.263, de 09 de julho de 2020<\/u><\/font><\/a>, que regula a suspens\u00e3o das atividades acad\u00eamicas e administrativas presenciais da Universidade Federal de Santa Maria pelo prazo de 30 (trinta) dias, a partir de 17 de mar\u00e7o de 2020, bem como sua apostila;<\/p>\r\n<p> - a <a href=\"https:\/\/www.ufsm.br\/pro-reitorias\/progep\/2020\/04\/24\/retificacao-da-instrucao-normativa-n-001-2020-progep-de-17-de-marco-de-2020\/\" target=\"_blank\"><font color=\"blue\"><u>Instru\u00e7\u00e3o Normativa n\u00ba 001\/PROGEP\/UFSM\/2020<\/u><\/font><\/a>, que orienta acerca da suspens\u00e3o das atividades administrativas presenciais no \u00e2mbito da UFSM;<\/p>\r\n<p> - a <a href=\"https:\/\/www.ufsm.br\/pro-reitorias\/prpgp\/2020\/03\/20\/instrucao-normativa-001-2020-pro-reitoria-de-pos-graduacao-e-pesquisa\/\" target=\"_blank\"><font color=\"blue\"><u>Instru\u00e7\u00e3o Normativa n\u00ba 001\/PRPGP\/UFSM\/2020<\/u><\/font><\/a>, que orientar acerca da suspens\u00e3o das atividades presenciais acad\u00eamicas e administrativas no \u00e2mbito do ensino de P\u00f3s-Gradua\u00e7\u00e3o e Pesquisa da Universidade Federal de Santa Maria;<\/p>\r\n<p> - a <a href=\"https:\/\/www.ufsm.br\/pro-reitorias\/proplan\/resolucao-n-024-2020\/\" target=\"_blank\"><font color=\"blue\"><u>Resolu\u00e7\u00e3o n\u00ba 24\/2020, publicada em 11 de agosto de 2020<\/u><\/font><\/a>, que regula o Regime de Exerc\u00edcios Domiciliares Especiais (REDE) e outras disposi\u00e7\u00f5es afins, durante a Suspens\u00e3o das Atividades Acad\u00eamicas Presenciais em face da Pandemia da COVID-19.<\/p>\r\n<p> ORIENTA:<\/p>\r\n<p> Art. 1\u00ba A manuten\u00e7\u00e3o das atividades de pesquisa, laborat\u00f3rios e coleta de dados deve ser analisada considerando suas particularidades e os interesses de cada programa de p\u00f3s-gradua\u00e7\u00e3o, laborat\u00f3rio ou grupo de pesquisa, desde que seguidas \u00e0s prerrogativas de biosseguran\u00e7a e de distanciamento controlado descritas no Manual de Biosseguran\u00e7a para a Comunidade Acad\u00eamica durante a Pandemia de Covid-19 (https:\/\/www ufsm.br\/app\/uploads\/sites\/346\/2020\/08\/Cartilha_Bioseguran%C3%A7a,pdf).<\/p>\r\n<p> \u00a7 1\u00ba Todas as atividades de pesquisa e presta\u00e7\u00e3o de servi\u00e7os essenciais poder\u00e3o ser executadas, desde que com a autoriza\u00e7\u00e3o das Comiss\u00f5es de Biosseguran\u00e7a Setoriais e responsabiliza\u00e7\u00e3o do coordenador do laborat\u00f3rio ou grupo de pesquisa.<\/p>\r\n<p> \u00a7 2\u00ba Os respons\u00e1veis pelos laborat\u00f3rios de pesquisa dever\u00e3o apresentar \u00e0 Comiss\u00e3o de Biosseguran\u00e7a Setorial o planejamento de funcionamento e adequa\u00e7\u00f5es do laborat\u00f3rio para atender todas as recomenda\u00e7\u00f5es de preven\u00e7\u00e3o \u00e0 COVID-19, conforme descrito no Manual de Biosseguran\u00e7a da UFSM.<\/p>\r\n<p> \u00a7 3\u00ba Os respons\u00e1veis pelos laborat\u00f3rios devem manter uma planilha de agendamento escalonado, com lista di\u00e1ria dos freq\u00fcentadores do laborat\u00f3rio.<\/p>\r\n<p> \u00a7 4\u00ba As medidas de distanciamento m\u00ednimo de 1,5 metros entre os usu\u00e1rios devem ser mantidas, bem como uso de EPIs e normas de biosseguran\u00e7a para as atividades desenvolvidas.<\/p>\r\n<p> \u00a7 5\u00ba O modelo de documento a ser preenchido e assinado pelos usu\u00e1rios encontra-se no Anexo 1 dessa IN.<\/p>\r\n<p> Art. 2\u00ba As pesquisas que envolvam seres humanos devem evitar o deslocamento de sujeitos para os Campi da UFSM nesse momento, podendo buscar alternativas de entrevistas remotas quando poss\u00edvel, ou coleta domiciliar, se aplic\u00e1vel.<\/p>\r\n<p> Art. 3\u00ba As atividades de coleta de dados em campo devem seguir o protocolo de Biosseguran\u00e7a b\u00e1sico, como: n\u00e3o promover aglomera\u00e7\u00f5es, manter o distanciamento seguro, manter os ambientes arejados, higienizar as m\u00e3os com freq\u00fc\u00eancia e primar pelo uso generalizado m\u00e1scaras pelos participantes, sempre que poss\u00edvel.<\/p> \r\n<p> Art. 4\u00ba O uso de EPI\u2019s pelos pesquisadores deve ser adequado \u00e0 atividade fim, para isso se recomenda planejarem o retorno das atividades laboratoriais prevendo o uso dos EPI\u2019s espec\u00edficos previamente \u00e0 submiss\u00e3o para as comiss\u00f5es de Biosseguran\u00e7a Setoriais.<\/p>\r\n<p> Art. 5\u00ba As atividades de pesquisa e coleta de dados em ambientes externos \u00e0 UFSM dever\u00e3o seguir protocolos espec\u00edficos de Biosseguran\u00e7a dos locais onde ser\u00e1 realizada a a\u00e7\u00e3o.<\/p>\r\n<p> Art. 6\u00ba Cabe ao respons\u00e1vel pelo projeto informar o GAP\u2019s o planejamento da a\u00e7\u00e3o, bem como as medidas necess\u00e1rias de Biosseguran\u00e7a e preven\u00e7\u00e3o da Covid-19, conforme modelo descrito no Anexo 2 dessa IN.<\/p>\r\n<br>\r\n<p> Santa Maria, 15 de setembro de 2020.<\/p>\r\n<br>\r\n<p> Prof. Paulo Renato Schneider<\/p>\r\n<p> Pr\u00f3-Reitor da PRPGP<\/p>\r\n<br>\r\n<p> F\u00e1bio Andrei Duarte<\/p>\r\n<p> Coordenador de Pesquisa<\/p>\r\n\r\n<br>\r\n<br>\r\n<p>ANEXO 1: PLANEJAMENTO E READEQUA\u00c7\u00c3O DE LABORAT\u00d3RIOS<\/p>\r\n<br>\r\n<p>Laborat\u00f3rio: <\/p>\r\n<p>Endere\u00e7o:<\/p>\r\n<p>Dados do Pesquisador Respons\u00e1vel:<\/p>\r\n<p>Nome completo:<\/p>\r\n<p>SIAPE:<\/p>\r\n<p>Endere\u00e7o de e-mail:<\/p>\r\n<p>N\u00famero do celular: ( )<\/p>\r\n<p>Faz parte do grupo de pessoas em maior risco de doen\u00e7a grave para COVID-19?<\/p>\r\n<p>( ) sim ( )n\u00e3o<\/p>\r\n<p>N\u00famero aproximado de usu\u00e1rios do laborat\u00f3rio:<\/p>\r\n<p>Alunos: <\/p>\r\n<p>Funcion\u00e1rios\/Docentes:<\/p>\r\n<p>Hor\u00e1rio de funcionamento:<\/p>\r\n<p>Descreva as principais a\u00e7\u00f5es desenvolvidas no laborat\u00f3rio:<\/p>\r\n<p>Descreva as a\u00e7\u00f5es e adequa\u00e7\u00f5es realizadas para atender as medidas de biosseguran\u00e7a previstas no Manual de biosseguran\u00e7a para a Comunidade acad\u00eamica durante a Pandemia de Covid-19:<\/p> \r\n<p>Utilize este espa\u00e7o para alguma informa\u00e7\u00e3o que julgar importante:<\/p>\r\n<p>Local:<\/p> \r\n<p>Data:<\/p>\r\n<p>Assinatura:<\/p> \r\n<br>\r\n<br>\u2003\r\n<p>ANEXO 2: PLANEJAMENTO E READEQUA\u00c7\u00c3O DOS PROJETOS DE PESQUISA<\/p>\r\n<br>\r\n<p>Projeto (nome e cadastro):<\/p> \r\n<p>Dados do Pesquisador Respons\u00e1vel:<\/p>\r\n<p>Nome completo:<\/p>\r\n<p>SIAPE:<\/p>\r\n<p>Endere\u00e7o de e-mail:<\/p>\r\n<p>N\u00famero do celular: ( )<\/p>\r\n<p>Faz parte do grupo de pessoas em maior risco de doen\u00e7a grave para COVID-19?<\/p>\r\n<p>( ) sim ( )n\u00e3o<\/p>\r\n<p>Local onde ser\u00e1 realizado o projeto:<\/p>\r\n<p>N\u00famero aproximado de participantes do projeto:<\/p>\r\n<p>Alunos:<\/p> \r\n<p>Funcion\u00e1rios\/Docentes:<\/p>\r\n<p>Colaboradores externos:<\/p>\r\n<p>Descreva, suscintamente, os objetivos e metas do projeto:<\/p>\r\n<p>Descreva as altera\u00e7\u00f5es, prevendo as medidas de seguran\u00e7a tanto para equipe como para p\u00fablico atendido, citando altera\u00e7\u00f5es de metodologias, e todas as recomenda\u00e7\u00f5es de orienta\u00e7\u00e3o para atender as medidas de biosseguran\u00e7a previstas no Manual de biosseguran\u00e7a para a Comunidade acad\u00eamica durante a Pandemia de Covid-19:<\/p> \r\n<p>Descreva o novo cronograma proposto (se houver altera\u00e7\u00e3o):<\/p>\r\n<p>Utilize este espa\u00e7o para alguma informa\u00e7\u00e3o que julgar importante:<\/p>\r\n<p>Local: <\/p>\r\n<p>Data:<\/p>\r\n<p>Assinatura:<\/p>\r\n<br>\r\n<br>\r\n<\/s>\r\n<p><font color=\"red0000\">Este texto n\u00e3o substitui o documento original, publicado no Portal de Documentos em XX de XX de 20XX.<\/font> Dispon\u00edvel em: <a href=\"xx\"><font color=\"blue\">xx<\/font><\/a>\r\n\r\n\r\n\t\t<\/div>\n\t\t\t\t<\/div>\n\t\t\t\t\t<\/div>\n\t\t<\/div>\n\t\t\t\t\t<\/div>\n\t\t<\/section>\n\t\t\t\t<\/div>\n\t\t","protected":false},"excerpt":{"rendered":"<p>\ufeff INSTRU\u00c7\u00c3O NORMATIVA PRPGP\/UFSM N. 002\/2020 MINIST\u00c9RIO DA EDUCA\u00c7\u00c3O UNIVERSIDADE FEDERAL DE SANTA MARIA INSTRU\u00c7\u00c3O NORMATIVA PRPGP\/UFSM N. 002\/2020, DE 15 DE SETEMBRO DE 2020. (Revogado pela Resolu\u00e7\u00e3o UFSM N. 100\/2022) Orientar acerca das atividades de pesquisa e funcionamento dos laborat\u00f3rios na Universidade Federal de Santa Maria. A Pr\u00f3-ReItoria de P\u00f3s-Gradua\u00e7\u00e3o e Pesquisa, no uso [&hellip;]<\/p>\n","protected":false},"author":206,"featured_media":0,"parent":0,"menu_order":0,"comment_status":"closed","ping_status":"closed","template":"","meta":{"footnotes":""},"categories":[],"tags":[],"class_list":["post-4417","page","type-page","status-publish","hentry"],"acf":[],"_links":{"self":[{"href":"https:\/\/www.ufsm.br\/pro-reitorias\/proplan\/wp-json\/wp\/v2\/pages\/4417","targetHints":{"allow":["GET"]}}],"collection":[{"href":"https:\/\/www.ufsm.br\/pro-reitorias\/proplan\/wp-json\/wp\/v2\/pages"}],"about":[{"href":"https:\/\/www.ufsm.br\/pro-reitorias\/proplan\/wp-json\/wp\/v2\/types\/page"}],"author":[{"embeddable":true,"href":"https:\/\/www.ufsm.br\/pro-reitorias\/proplan\/wp-json\/wp\/v2\/users\/206"}],"replies":[{"embeddable":true,"href":"https:\/\/www.ufsm.br\/pro-reitorias\/proplan\/wp-json\/wp\/v2\/comments?post=4417"}],"version-history":[{"count":0,"href":"https:\/\/www.ufsm.br\/pro-reitorias\/proplan\/wp-json\/wp\/v2\/pages\/4417\/revisions"}],"wp:attachment":[{"href":"https:\/\/www.ufsm.br\/pro-reitorias\/proplan\/wp-json\/wp\/v2\/media?parent=4417"}],"wp:term":[{"taxonomy":"category","embeddable":true,"href":"https:\/\/www.ufsm.br\/pro-reitorias\/proplan\/wp-json\/wp\/v2\/categories?post=4417"},{"taxonomy":"post_tag","embeddable":true,"href":"https:\/\/www.ufsm.br\/pro-reitorias\/proplan\/wp-json\/wp\/v2\/tags?post=4417"}],"curies":[{"name":"wp","href":"https:\/\/api.w.org\/{rel}","templated":true}]}}