{"id":4453,"date":"2021-04-27T14:06:28","date_gmt":"2021-04-27T17:06:28","guid":{"rendered":"https:\/\/www.ufsm.br\/pro-reitorias\/proplan\/?page_id=4453"},"modified":"2021-10-29T08:58:35","modified_gmt":"2021-10-29T11:58:35","slug":"portaria-n-66-243-2013","status":"publish","type":"page","link":"https:\/\/www.ufsm.br\/pro-reitorias\/proplan\/portaria-n-66-243-2013","title":{"rendered":"PORTARIA N. 66.243\/2013"},"content":{"rendered":"\t\t<div data-elementor-type=\"wp-page\" data-elementor-id=\"4453\" class=\"elementor elementor-4453\">\n\t\t\t\t\t\t<section class=\"elementor-section elementor-top-section elementor-element elementor-element-942d55d elementor-section-boxed elementor-section-height-default elementor-section-height-default\" data-id=\"942d55d\" data-element_type=\"section\">\n\t\t\t\t\t\t<div class=\"elementor-container elementor-column-gap-default\">\n\t\t\t\t\t<div class=\"elementor-column elementor-col-100 elementor-top-column elementor-element elementor-element-6d37174\" data-id=\"6d37174\" data-element_type=\"column\">\n\t\t\t<div class=\"elementor-widget-wrap elementor-element-populated\">\n\t\t\t\t\t\t<div class=\"elementor-element elementor-element-a9da37d elementor-widget elementor-widget-html\" data-id=\"a9da37d\" data-element_type=\"widget\" data-widget_type=\"html.default\">\n\t\t\t\t<div class=\"elementor-widget-container\">\n\t\t\t\r\n\r\n\r\n<title><b>PORTARIA N. 66.243\/2013<\/b><\/title>\r\n\r\n\r\n<div align=\"center\"><img decoding=\"async\" src=\"https:\/\/www.ufsm.br\/pro-reitorias\/proplan\/wp-content\/uploads\/sites\/344\/2019\/09\/brasao-da-republica-do-brasil-logo.png\" alt=\"Bras\u00e3o Rep\u00fablica Federativa do Brasil\" width=\"6%\" height=\"6%\"><\/div>    \r\n<h1><font color=\"blue\"><font size=\"5\"><div align=\"center\">MINIST\u00c9RIO DA EDUCA\u00c7\u00c3O<\/b><\/font><\/font><\/div><\/H1>\r\n<p><b><font color=\"0000blue\"><div align=\"center\">UNIVERSIDADE FEDERAL DE SANTA MARIA<\/b><\/font><\/div><\/p>\r\n<p><div align=\"center\"><b><a href=\"https:\/\/portal.ufsm.br\/documentos\/publico\/documento.html?id=8563385\" target=\"_blank\"><font color=\"blue\">PORTARIA N. 66.243, DE 14 DE JUNHO DE 2013<\/font><\/a><\/b><\/div><\/p>\r\n<br>\r\n<p><a href=\"https:\/\/www.ufsm.br\/pro-reitorias\/proplan\/resolucao-ufsm-n-063-2021\/\" target=\"_blank\"><font color=\"blue\"> Revogada pela Resolu\u00e7\u00e3o UFSM N.063\/2021<\/a><\/font><\/p>\r\n<br>\r\n<br><div align=\"justify\">\r\n<p><s>O Reitor da Universidade Federal de Santa Maria, no uso de suas atribui\u00e7\u00f5es que lhe confere o artigo 30, inciso XIX, do do <a href=\"https:\/\/www.ufsm.br\/pro-reitorias\/proplan\/estatuto-ufsm-2010\/\" target=\"_blank\"><font color=\"blue\"><u>Estatuto<\/u><\/font><\/a>, aprovado pela Portaria do Minist\u00e9rio da Educa\u00e7\u00e3o, de n\u00ba 801, de 27 de abril de 2001;<\/p> \r\n<p>- CONSIDERANDO o disposto na <a href=\"http:\/\/www.planalto.gov.br\/ccivil_03\/leis\/l8112cons.htm\" target=\"_blank\"><font color=\"blue\"><u>Lei 8.112, de 11 de dezembro de 1990<\/u><\/font><\/a>, com a reda\u00e7\u00e3o dada pela <a href=\"http:\/\/www.planalto.gov.br\/ccivil_03\/leis\/l9527.htm\" target=\"_blank\"><font color=\"blue\"><u>Lei 9.527, de 10 de dezembro de 1997<\/u><\/font><\/a>; <\/p>\r\n<p>- CONSIDERANDO o disposto no <a href=\"http:\/\/www.planalto.gov.br\/ccivil_03\/decreto\/Antigos\/D948.htm\" target=\"_blank\"><font color=\"blue\"><u>Decreto n. 948, de 05 de outubro de 1993<\/u><\/font><\/a>;<\/p>\r\n<p>- CONSIDERANDO o disposto no <a href=\"http:\/\/www.planalto.gov.br\/ccivil_03\/decreto\/d1590.htm\" target=\"_blank\"><font color=\"blue\"><u>Decreto n. 1.590, de 10 de agosto de 1995<\/u><\/font><\/a>; <\/p>\r\n<p>- CONSIDERANDO o disposto no <a href=\"http:\/\/www.planalto.gov.br\/ccivil_03\/decreto\/D1867.htm\" target=\"_blank\"><font color=\"blue\"><u>Decreto n. 1.867, de 17 de abril de 1996<\/u><\/font><\/a>; <\/p>\r\n<p>- CONSIDERANDO o disposto no <a href=\"http:\/\/www.planalto.gov.br\/ccivil_03\/decreto\/2003\/D4836.htm\" target=\"_blank\"><font color=\"blue\"><u>Decreto n. 4.836, de 09 de setembro de 2003<\/u><\/font><\/a>;<\/p>\r\n<p>- CONSIDERANDO o princ\u00edpio da efici\u00eancia, previsto no artigo 37 da <a href=\"http:\/\/www.planalto.gov.br\/ccivil_03\/constituicao\/constituicao.htm\" target=\"_blank\"><font color=\"blue\"><u>Constitui\u00e7\u00e3o Federal<\/u><\/font><\/a>; <\/p>\r\n<p>- CONSIDERANDO a necessidade de imprimir maior produtividade aos trabalhos do Hospital Universit\u00e1rio;<\/p>\r\n<p>- CONSIDERANDO os termos da <a href=\"https:\/\/www.ufsm.br\/pro-reitorias\/proplan\/resolucao-n-005-2012\/\" target=\"_blank\"><font color=\"blue\"><u>Resolu\u00e7\u00e3o n. 005\/12 da UFSM<\/u><\/font><\/a>, que regulamenta o controle da frequ\u00eancia dos servidores da UFSM;<\/p>\r\n<p>- CONSIDERANDO os termos da <a href=\"https:\/\/www.ufsm.br\/pro-reitorias\/proplan\/resolucao-n-010-2013\/\" target=\"_blank\"><font color=\"blue\"><u>Resolu\u00e7\u00e3o n. 010\/13 da UFSM<\/u><\/font><\/a>, que estabelece crit\u00e9rios m\u00ednimos para subsidiar o dirigente m\u00e1ximo na aplica\u00e7\u00e3o da flexibiliza\u00e7\u00e3o da jornada de trabalho, no \u00e2mbito das unidades e subunidades da UFSM;<\/p>\r\n<p>- CONSIDERANDO o parecer da Procuradoria Federal junto \u00e0 UFSM, que considerou como j\u00e1 reconhecido e pass\u00edvel de flexibiliza\u00e7\u00e3o da Jornada de Trabalho o Hospital Veterin\u00e1rio Universit\u00e1rio da UFSM; <\/p>\r\n<br>\r\n<p><b>RESOLVE:<\/b><\/p>\r\n<br>\r\n<p>Artigo 1\u00ba - A jornada de trabalho dos servidores do Hospital Veterin\u00e1rio Universit\u00e1rio da UFSM, que possuem jornada flexibilizada de trabalho atrav\u00e9s da <a href=\"https:\/\/www.ufsm.br\/pro-reitorias\/proplan\/portaria-normativa-n-63-692-2012\/\" target=\"_blank\"><font color=\"blue\"><u> portaria de n\u00ba 63.692, de 30 de outubro de 2012<\/u><\/font><\/a>, ser\u00e1 cumprida em turno de 6,00 (seis) horas di\u00e1rias ininterruptas e 30 (trinta) horas semanais, registradas em ponto eletr\u00f4nico biom\u00e9trico;<\/p>\r\n<p>Par\u00e1grafo \u00danico - A redu\u00e7\u00e3o da jornada de trabalho para os servidores autorizados atrav\u00e9s desta portaria, tem como pressuposto o atendimento ao p\u00fablico e per\u00edodo de trabalho noturno do Hospital Veterin\u00e1rio Universit\u00e1rio da UFSM, nos termos do artigo 3\u00ba e seu \u00a7 1\u00ba do <a href=\"http:\/\/www.planalto.gov.br\/ccivil_03\/decreto\/d1590.htm\" target=\"_blank\"><font color=\"blue\"><u>Decreto 1.590\/95<\/u><\/font><\/a>. <\/p>\r\n\r\n<p>Artigo 2\u00ba - O registro da jornada de trabalho dos servidores do Hospital Veterin\u00e1rio Universit\u00e1rio da UFSM ser\u00e1 feito por meio de ponto eletr\u00f4nico biom\u00e9trico.<\/p>\r\n<p>Artigo 3\u00ba - Os respons\u00e1veis por cada unidade ou setor do Hospital Veterin\u00e1rio Universit\u00e1rio da UFSM, que possuem em sua lota\u00e7\u00e3o servidores autorizados a flexibilizar a jornada nos termos desta portaria, organizar\u00e3o o hor\u00e1rio dos mesmos no respectivo local, observado o interesse p\u00fablico e da administra\u00e7\u00e3o, de modo a garantir a continuidade dos servi\u00e7os e a passagem ordenada das tarefas.<\/p>\r\n\r\n<p>Par\u00e1grafo \u00danico \u2014 Cada uma dessas unidades ou setores do Hospital Veterin\u00e1rio Universit\u00e1rio da UFSM dever\u00e1 afixar, em local vis\u00edvel ao p\u00fablico, rela\u00e7\u00e3o nominal dos servidores constantes desta portaria, com especifica\u00e7\u00e3o individual do hor\u00e1rio de entrada e sa\u00edda, cabendo \u00e0 chefia imediata zelar pela fiel observ\u00e2ncia dessas disposi\u00e7\u00f5es.<\/p>\r\n<p>Artigo 4 - As chefias ter\u00e3o o prazo de at\u00e9 30 (trinta) dias para organizar as escalas e hor\u00e1rios de funcionamento das unidades ou setores do Hospital Veterin\u00e1rio Universit\u00e1rio da UFSM, bem como para cumprir com a determina\u00e7\u00e3o do par\u00e1grafo \u00fanico do artigo 3\u00ba desta portaria. <\/p>\r\n<p>Artigo 5\u00ba - \u00c9 vedada, nos termos do artigo 10 da <a href=\"https:\/\/www.ufsm.br\/pro-reitorias\/proplan\/resolucao-n-010-2013\/\" target=\"_blank\"><font color=\"blue\"><u>Resolu\u00e7\u00e3o 010\/2013<\/u><\/font><\/a>, a presta\u00e7\u00e3o de horas extraordin\u00e1rias por T\u00e9cnico-Administrativos lotados no Hospital Veterin\u00e1rio Universit\u00e1rio da UFSM;<\/p>\r\n<p>Artigo 6\u00ba - Considerando o parecer da Procuradoria Federal da UFSM de que o Hospital Veterin\u00e1rio Universit\u00e1rio da UFSM encontra-se em condi\u00e7\u00f5es de flexibiliza\u00e7\u00e3o da jornada de trabalho e que esta j\u00e1 vem sendo aplicada h\u00e1 mais de seis meses na institui\u00e7\u00e3o, n\u00e3o se aplica ao presente caso os artigos 8\u00ba e 9\u00ba da <a href=\"https:\/\/www.ufsm.br\/pro-reitorias\/proplan\/resolucao-n-010-2013\/\" target=\"_blank\"><font color=\"blue\"><u>Resolu\u00e7\u00e3o 010\/2013<\/u><\/font><\/a>.<\/p>\r\n<p>Artigo 7\u00ba - N\u00e3o se aplica aos Servidores beneficiados por esta Portaria a Ordem de Servi\u00e7o n\u00ba 03-12 de 29 de novembro de 2012.<\/p>\r\n<p>Artigo 8\u00ba - Esta Portaria entrar\u00e1 em vigor no dia 17 de junho de 2013.<\/p>\r\n<br>\r\n<p>FELIPE MARTINS M\u00dcLLER<\/s><\/p>\r\n<br>\r\n<p><font color=\"red0000\">Este texto n\u00e3o substitui o documento original, publicado no Portal de Documentos.<\/font> Dispon\u00edvel em: <a href=\"https:\/\/portal.ufsm.br\/documentos\/publico\/documento.html?id=8563385\"><font color=\"blue\">https:\/\/portal.ufsm.br\/documentos\/publico\/documento.html?id=8563385<\/font><\/a>\r\n\r\n\t\t<\/div>\n\t\t\t\t<\/div>\n\t\t\t\t\t<\/div>\n\t\t<\/div>\n\t\t\t\t\t<\/div>\n\t\t<\/section>\n\t\t\t\t<\/div>\n\t\t","protected":false},"excerpt":{"rendered":"<p>PORTARIA N. 66.243\/2013 MINIST\u00c9RIO DA EDUCA\u00c7\u00c3O UNIVERSIDADE FEDERAL DE SANTA MARIA PORTARIA N. 66.243, DE 14 DE JUNHO DE 2013 Revogada pela Resolu\u00e7\u00e3o UFSM N.063\/2021 O Reitor da Universidade Federal de Santa Maria, no uso de suas atribui\u00e7\u00f5es que lhe confere o artigo 30, inciso XIX, do do Estatuto, aprovado pela Portaria do Minist\u00e9rio da [&hellip;]<\/p>\n","protected":false},"author":206,"featured_media":0,"parent":0,"menu_order":0,"comment_status":"closed","ping_status":"closed","template":"","meta":{"footnotes":""},"categories":[],"tags":[],"class_list":["post-4453","page","type-page","status-publish","hentry"],"acf":[],"_links":{"self":[{"href":"https:\/\/www.ufsm.br\/pro-reitorias\/proplan\/wp-json\/wp\/v2\/pages\/4453","targetHints":{"allow":["GET"]}}],"collection":[{"href":"https:\/\/www.ufsm.br\/pro-reitorias\/proplan\/wp-json\/wp\/v2\/pages"}],"about":[{"href":"https:\/\/www.ufsm.br\/pro-reitorias\/proplan\/wp-json\/wp\/v2\/types\/page"}],"author":[{"embeddable":true,"href":"https:\/\/www.ufsm.br\/pro-reitorias\/proplan\/wp-json\/wp\/v2\/users\/206"}],"replies":[{"embeddable":true,"href":"https:\/\/www.ufsm.br\/pro-reitorias\/proplan\/wp-json\/wp\/v2\/comments?post=4453"}],"version-history":[{"count":0,"href":"https:\/\/www.ufsm.br\/pro-reitorias\/proplan\/wp-json\/wp\/v2\/pages\/4453\/revisions"}],"wp:attachment":[{"href":"https:\/\/www.ufsm.br\/pro-reitorias\/proplan\/wp-json\/wp\/v2\/media?parent=4453"}],"wp:term":[{"taxonomy":"category","embeddable":true,"href":"https:\/\/www.ufsm.br\/pro-reitorias\/proplan\/wp-json\/wp\/v2\/categories?post=4453"},{"taxonomy":"post_tag","embeddable":true,"href":"https:\/\/www.ufsm.br\/pro-reitorias\/proplan\/wp-json\/wp\/v2\/tags?post=4453"}],"curies":[{"name":"wp","href":"https:\/\/api.w.org\/{rel}","templated":true}]}}