{"id":4454,"date":"2021-04-27T14:16:35","date_gmt":"2021-04-27T17:16:35","guid":{"rendered":"https:\/\/www.ufsm.br\/pro-reitorias\/proplan\/?page_id=4454"},"modified":"2021-04-27T14:17:40","modified_gmt":"2021-04-27T17:17:40","slug":"portaria-n-66-241-2013","status":"publish","type":"page","link":"https:\/\/www.ufsm.br\/pro-reitorias\/proplan\/portaria-n-66-241-2013","title":{"rendered":"PORTARIA N. 66.241\/2013"},"content":{"rendered":"\t\t<div data-elementor-type=\"wp-page\" data-elementor-id=\"4454\" class=\"elementor elementor-4454\">\n\t\t\t\t\t\t<section class=\"elementor-section elementor-top-section elementor-element elementor-element-e2ebc2a elementor-section-boxed elementor-section-height-default elementor-section-height-default\" data-id=\"e2ebc2a\" data-element_type=\"section\">\n\t\t\t\t\t\t<div class=\"elementor-container elementor-column-gap-default\">\n\t\t\t\t\t<div class=\"elementor-column elementor-col-100 elementor-top-column elementor-element elementor-element-51d5985\" data-id=\"51d5985\" data-element_type=\"column\">\n\t\t\t<div class=\"elementor-widget-wrap elementor-element-populated\">\n\t\t\t\t\t\t<div class=\"elementor-element elementor-element-c271381 elementor-widget elementor-widget-html\" data-id=\"c271381\" data-element_type=\"widget\" data-widget_type=\"html.default\">\n\t\t\t\t<div class=\"elementor-widget-container\">\n\t\t\t\n\n\n<title><b>PORTARIA N. 66.241\/2013<\/b><\/title>\n\n\n<div align=\"center\"><img decoding=\"async\" src=\"https:\/\/www.ufsm.br\/pro-reitorias\/proplan\/wp-content\/uploads\/sites\/344\/2019\/09\/brasao-da-republica-do-brasil-logo.png\" alt=\"Bras\u00e3o Rep\u00fablica Federativa do Brasil\" width=\"6%\" height=\"6%\"><\/div>    \n<h1><font color=\"blue\"><font size=\"5\"><div align=\"center\">MINIST\u00c9RIO DA EDUCA\u00c7\u00c3O<\/b><\/font><\/font><\/div><\/H1>\n<p><b><font color=\"0000blue\"><div align=\"center\">UNIVERSIDADE FEDERAL DE SANTA MARIA<\/b><\/font><\/div><\/p>\n<p><div align=\"center\"><b><a href=\"https:\/\/portal.ufsm.br\/documentos\/publico\/documento.html?id=8563358\" target=\"_blank\"><font color=\"blue\">PORTARIA N. 66.241, DE 14 DE JUNHO DE 2013<\/font><\/a><\/b><\/div><\/p>\n<br>\n<br><div align=\"justify\">\n<p>O Reitor da Universidade Federal de Santa Maria, no uso de suas atribui\u00e7\u00f5es que lhe confere o artigo 30, inciso XIX, do do <a href=\"https:\/\/www.ufsm.br\/pro-reitorias\/proplan\/estatuto-ufsm-2010\/\" target=\"_blank\"><font color=\"blue\"><u>Estatuto<\/u><\/font><\/a>, aprovado pela Portaria do Minist\u00e9rio da Educa\u00e7\u00e3o, de n\u00ba 801, de 27 de abril de 2001;<\/p> \n<p>- CONSIDERANDO o disposto na <a href=\"http:\/\/www.planalto.gov.br\/ccivil_03\/leis\/l8112cons.htm\" target=\"_blank\"><font color=\"blue\"><u>Lei 8.112, de 11 de dezembro de 1990<\/u><\/font><\/a>, com a reda\u00e7\u00e3o dada pela <a href=\"http:\/\/www.planalto.gov.br\/ccivil_03\/leis\/l9527.htm\" target=\"_blank\"><font color=\"blue\"><u>Lei 9.527, de 10 de dezembro de 1997<\/u><\/font><\/a>; <\/p>\n<p>- CONSIDERANDO o disposto no <a href=\"http:\/\/www.planalto.gov.br\/ccivil_03\/decreto\/Antigos\/D948.htm\" target=\"_blank\"><font color=\"blue\"><u>Decreto n. 948, de 05 de outubro de 1993<\/u><\/font><\/a>;<\/p>\n<p>- CONSIDERANDO o disposto no <a href=\"http:\/\/www.planalto.gov.br\/ccivil_03\/decreto\/d1590.htm\" target=\"_blank\"><font color=\"blue\"><u>Decreto n. 1.590, de 10 de agosto de 1995<\/u><\/font><\/a>; <\/p>\n<p>- CONSIDERANDO o disposto no <a href=\"http:\/\/www.planalto.gov.br\/ccivil_03\/decreto\/D1867.htm\" target=\"_blank\"><font color=\"blue\"><u>Decreto n. 1.867, de 17 de abril de 1996<\/u><\/font><\/a>; <\/p>\n<p>- CONSIDERANDO o disposto no <a href=\"http:\/\/www.planalto.gov.br\/ccivil_03\/decreto\/2003\/D4836.htm\" target=\"_blank\"><font color=\"blue\"><u>Decreto n. 4.836, de 09 de setembro de 2003<\/u><\/font><\/a>;<\/p>\n<p>- CONSIDERANDO o princ\u00edpio da efici\u00eancia, previsto no artigo 37 da <a href=\"http:\/\/www.planalto.gov.br\/ccivil_03\/constituicao\/constituicao.htm\" target=\"_blank\"><font color=\"blue\"><u>Constitui\u00e7\u00e3o Federal<\/u><\/font><\/a>; <\/p>\n<p>- CONSIDERANDO a necessidade de imprimir maior produtividade aos trabalhos do Hospital Universit\u00e1rio;<\/p>\n<p>- CONSIDERANDO os termos da <a href=\"https:\/\/www.ufsm.br\/pro-reitorias\/proplan\/resolucao-n-005-2012\/\" target=\"_blank\"><font color=\"blue\"><u>Resolu\u00e7\u00e3o n. 005\/12 da UFSM<\/u><\/font><\/a>, que regulamenta o controle da frequ\u00eancia dos servidores da UFSM;<\/p>\n<p>- CONSIDERANDO os termos da <a href=\"https:\/\/www.ufsm.br\/pro-reitorias\/proplan\/resolucao-n-010-2013\/\" target=\"_blank\"><font color=\"blue\"><u>Resolu\u00e7\u00e3o n. 010\/13 da UFSM<\/u><\/font><\/a>, que estabelece crit\u00e9rios m\u00ednimos para subsidiar o dirigente m\u00e1ximo na aplica\u00e7\u00e3o da flexibiliza\u00e7\u00e3o da jornada de trabalho, no \u00e2mbito das unidades e subunidades da UFSM;<\/p>\n<p>- CONSIDERANDO o parecer da Procuradoria Federal junto \u00e0 UFSM, que considerou como j\u00e1 reconhecido e pass\u00edvel de flexibiliza\u00e7\u00e3o da Jornada de Trabalho do Hospital Universit\u00e1rio da UFSM; <\/p>\n<br>\n<p><b>RESOLVE:<\/b><\/p>\n<br>\n<p>Artigo 1\u00ba - A jornada de trabalho dos servidores do Hospital Universit\u00e1rio de Santa Maria, que possuem jornada flexibilizada de trabalho atrav\u00e9s das portarias de n\u00ba <a href=\"https:\/\/portal.ufsm.br\/documentos\/publico\/documento.html?id=9297679\" target=\"_blank\"><font color=\"blue\"><u>63.161 de 31 de agosto de 2012<\/u><\/font><\/a>, <a href=\"https:\/\/portal.ufsm.br\/documentos\/publico\/documento.html?id=8736536\" target=\"_blank\"><font color=\"blue\"><u>64.169 de 29 de novembro de 2012<\/u><\/font><\/a>, <a href=\"https:\/\/portal.ufsm.br\/documentos\/publico\/documento.html?id=8721934\" target=\"_blank\"><font color=\"blue\"><u>64.170 de 29 de novembro de 2012<\/u><\/font><\/a>, <a href=\"https:\/\/portal.ufsm.br\/documentos\/publico\/documento.html?id=8721939\" target=\"_blank\"><font color=\"blue\"><u>64.171 de 29 de novembro de 2012<\/u><\/font><\/a>, <a href=\"https:\/\/portal.ufsm.br\/documentos\/publico\/documento.html?id=8653275\" target=\"_blank\"><font color=\"blue\"><u>65.030 de 15 de mar\u00e7o de 2013<\/u><\/font><\/a>, ser\u00e1 cumprida em turno de 6,00 (seis) horas ou 12,00 (doze) horas di\u00e1rias ininterruptas e 30 (trinta) horas semanais, registradas em ponto eletr\u00f4nico biom\u00e9trico;<\/p>\n<p>Par\u00e1grafo \u00danico - A redu\u00e7\u00e3o da jornada de trabalho para os servidores autorizados atrav\u00e9s desta portaria, tem como pressuposto o atendimento ao p\u00fablico e per\u00edodo de trabalho noturno do Hospital Universit\u00e1rio, nos termos do artigo 3\u00ba e seu \u00a7 1\u00ba do <a href=\"http:\/\/www.planalto.gov.br\/ccivil_03\/decreto\/d1590.htm\" target=\"_blank\"><font color=\"blue\"><u>Decreto 1.590\/95<\/u><\/font><\/a>. <\/p>\n<p>Artigo 2\u00ba - O registro da jornada de trabalho dos servidores do HUSM ser\u00e1 feito por meio de ponto eletr\u00f4nico biom\u00e9trico.<\/p>\n<p>Artigo 3\u00ba - Os respons\u00e1veis por cada unidade ou setor do HUSM, que possuem em sua lota\u00e7\u00e3o servidores autorizados a flexibilizar a jornada nos termos desta portaria, organizar\u00e3o o hor\u00e1rio dos mesmos no respectivo local, observado o interesse p\u00fablico e da administra\u00e7\u00e3o, de modo a garantir a continuidade dos servi\u00e7os e a passagem ordenada das tarefas.<\/p>\n<p>Par\u00e1grafo \u00danico \u2014 Cada uma dessas unidades ou setores do HUSM dever\u00e1 afixar, em local vis\u00edvel ao p\u00fablico, rela\u00e7\u00e3o nominal dos servidores constantes desta portaria, com especifica\u00e7\u00e3o individual do hor\u00e1rio de entrada e sa\u00edda, cabendo \u00e0 chefia imediata e \u00e0 unidade de Recursos Humanos do HUSM zelarem pela fiel observ\u00e2ncia dessas disposi\u00e7\u00f5es.<\/p>\n<p>Artigo 4 - As chefias ter\u00e3o o prazo de at\u00e9 30 (trinta) dias para organizar as escalas e hor\u00e1rios de funcionamento das unidades ou setores do HUSM, bem como para cumprir com a determina\u00e7\u00e3o do par\u00e1grafo \u00fanico do artigo 3\u00ba desta portaria. <\/p>\n<p>Artigo 5\u00ba - \u00c9 vedada, nos termos do artigo 10 da <a href=\"https:\/\/www.ufsm.br\/pro-reitorias\/proplan\/resolucao-n-010-2013\/\" target=\"_blank\"><font color=\"blue\"><u>Resolu\u00e7\u00e3o 010\/2013<\/u><\/font><\/a>, a presta\u00e7\u00e3o de horas extraordin\u00e1rias por T\u00e9cnico-Administrativos lotados no Hospital Universit\u00e1rio da UFSM;<\/p>\n<p>Artigo 6\u00ba - Considerando o parecer da Procuradoria Federal da UFSM de que o Hospital Universit\u00e1rio da UFSM encontra-se em condi\u00e7\u00f5es de flexibiliza\u00e7\u00e3o da jornada de trabalho e que esta j\u00e1 vem sendo aplicada h\u00e1 mais de seis meses na institui\u00e7\u00e3o, n\u00e3o se aplica ao presente caso os artigos 8\u00ba e 9\u00ba da <a href=\"https:\/\/www.ufsm.br\/pro-reitorias\/proplan\/resolucao-n-010-2013\/\" target=\"_blank\"><font color=\"blue\"><u>Resolu\u00e7\u00e3o 010\/2013<\/u><\/font><\/a>.<\/p>\n<p>Artigo 7\u00ba - N\u00e3o se aplica aos Servidores beneficiados por esta Portaria a Ordem de Servi\u00e7o n\u00ba 03-12 de 29 de novembro de 2012.<\/p>\n<p>Artigo 8\u00ba - Esta Portaria entrar\u00e1 em vigor no dia 17 de junho de 2013.<\/p>\n<br>\n<p>FELIPE MARTINS M\u00dcLLER<\/p>\n<br>\n<p><font color=\"red0000\">Este texto n\u00e3o substitui o documento original, publicado no Portal de Documentos.<\/font> Dispon\u00edvel em: <a href=\"https:\/\/portal.ufsm.br\/documentos\/publico\/documento.html?id=8563358\"><font color=\"blue\">https:\/\/portal.ufsm.br\/documentos\/publico\/documento.html?id=8563358<\/font><\/a>\n\n\t\t<\/div>\n\t\t\t\t<\/div>\n\t\t\t\t\t<\/div>\n\t\t<\/div>\n\t\t\t\t\t<\/div>\n\t\t<\/section>\n\t\t\t\t<\/div>\n\t\t","protected":false},"excerpt":{"rendered":"<p>PORTARIA N. 66.241\/2013 MINIST\u00c9RIO DA EDUCA\u00c7\u00c3O UNIVERSIDADE FEDERAL DE SANTA MARIA PORTARIA N. 66.241, DE 14 DE JUNHO DE 2013 O Reitor da Universidade Federal de Santa Maria, no uso de suas atribui\u00e7\u00f5es que lhe confere o artigo 30, inciso XIX, do do Estatuto, aprovado pela Portaria do Minist\u00e9rio da Educa\u00e7\u00e3o, de n\u00ba 801, de [&hellip;]<\/p>\n","protected":false},"author":206,"featured_media":0,"parent":0,"menu_order":0,"comment_status":"closed","ping_status":"closed","template":"","meta":{"footnotes":""},"categories":[],"tags":[],"class_list":["post-4454","page","type-page","status-publish","hentry"],"acf":[],"_links":{"self":[{"href":"https:\/\/www.ufsm.br\/pro-reitorias\/proplan\/wp-json\/wp\/v2\/pages\/4454","targetHints":{"allow":["GET"]}}],"collection":[{"href":"https:\/\/www.ufsm.br\/pro-reitorias\/proplan\/wp-json\/wp\/v2\/pages"}],"about":[{"href":"https:\/\/www.ufsm.br\/pro-reitorias\/proplan\/wp-json\/wp\/v2\/types\/page"}],"author":[{"embeddable":true,"href":"https:\/\/www.ufsm.br\/pro-reitorias\/proplan\/wp-json\/wp\/v2\/users\/206"}],"replies":[{"embeddable":true,"href":"https:\/\/www.ufsm.br\/pro-reitorias\/proplan\/wp-json\/wp\/v2\/comments?post=4454"}],"version-history":[{"count":0,"href":"https:\/\/www.ufsm.br\/pro-reitorias\/proplan\/wp-json\/wp\/v2\/pages\/4454\/revisions"}],"wp:attachment":[{"href":"https:\/\/www.ufsm.br\/pro-reitorias\/proplan\/wp-json\/wp\/v2\/media?parent=4454"}],"wp:term":[{"taxonomy":"category","embeddable":true,"href":"https:\/\/www.ufsm.br\/pro-reitorias\/proplan\/wp-json\/wp\/v2\/categories?post=4454"},{"taxonomy":"post_tag","embeddable":true,"href":"https:\/\/www.ufsm.br\/pro-reitorias\/proplan\/wp-json\/wp\/v2\/tags?post=4454"}],"curies":[{"name":"wp","href":"https:\/\/api.w.org\/{rel}","templated":true}]}}