{"id":4469,"date":"2021-04-30T16:52:54","date_gmt":"2021-04-30T19:52:54","guid":{"rendered":"https:\/\/www.ufsm.br\/pro-reitorias\/proplan\/?page_id=4469"},"modified":"2023-03-02T09:27:25","modified_gmt":"2023-03-02T12:27:25","slug":"resolucao-ufsm-n-046-2021","status":"publish","type":"page","link":"https:\/\/www.ufsm.br\/pro-reitorias\/proplan\/resolucao-ufsm-n-046-2021","title":{"rendered":"Resolu\u00e7\u00e3o UFSM N. 046\/2021"},"content":{"rendered":"\t\t<div data-elementor-type=\"wp-page\" data-elementor-id=\"4469\" class=\"elementor elementor-4469\">\n\t\t\t\t\t\t<section class=\"elementor-section elementor-top-section elementor-element elementor-element-2699a7e elementor-section-boxed elementor-section-height-default elementor-section-height-default\" data-id=\"2699a7e\" data-element_type=\"section\">\n\t\t\t\t\t\t<div class=\"elementor-container elementor-column-gap-default\">\n\t\t\t\t\t<div class=\"elementor-column elementor-col-100 elementor-top-column elementor-element elementor-element-d22d0d9\" data-id=\"d22d0d9\" data-element_type=\"column\">\n\t\t\t<div class=\"elementor-widget-wrap elementor-element-populated\">\n\t\t\t\t\t\t\t<\/div>\n\t\t<\/div>\n\t\t\t\t\t<\/div>\n\t\t<\/section>\n\t\t\t\t<section class=\"elementor-section elementor-top-section elementor-element elementor-element-82e5464 elementor-section-boxed elementor-section-height-default elementor-section-height-default\" data-id=\"82e5464\" data-element_type=\"section\">\n\t\t\t\t\t\t<div class=\"elementor-container elementor-column-gap-default\">\n\t\t\t\t\t<div class=\"elementor-column elementor-col-100 elementor-top-column elementor-element elementor-element-18acc83\" data-id=\"18acc83\" data-element_type=\"column\">\n\t\t\t<div class=\"elementor-widget-wrap elementor-element-populated\">\n\t\t\t\t\t\t<div class=\"elementor-element elementor-element-446747d elementor-widget elementor-widget-html\" data-id=\"446747d\" data-element_type=\"widget\" data-widget_type=\"html.default\">\n\t\t\t\t<div class=\"elementor-widget-container\">\n\t\t\t\r\n\r\n\r\n<title><b>RESOLU\u00c7\u00c3O N. 046\/2021<\/b><\/title>\r\n\r\n\r\n<div align=\"center\"><img decoding=\"async\" src=\"https:\/\/www.ufsm.br\/pro-reitorias\/proplan\/wp-content\/uploads\/sites\/344\/2019\/09\/brasao-da-republica-do-brasil-logo.png\" alt=\"Bras\u00e3o Rep\u00fablica Federativa do Brasil\" width=\"6%\" height=\"6%\"><\/div>    \r\n<h1><font color=\"blue\"><font size=\"5\"><div align=\"center\">MINIST\u00c9RIO DA EDUCA\u00c7\u00c3O<\/b><\/font><\/font><\/div><\/H1>\r\n<p><b><font color=\"0000blue\"><div align=\"center\">UNIVERSIDADE FEDERAL DE SANTA MARIA<\/b><\/font><\/div><\/p>\r\n<p><div align=\"center\"><b><a href=\"https:\/\/portal.ufsm.br\/documentos\/publico\/documento.html?id=13519953\" target=\"_blank\"><font color=\"blue\">RESOLU\u00c7\u00c3O UFSM N. 046, DE 30 DE ABRIL DE 2021<\/font><\/a><\/b><\/div><\/p>\r\n<br>\r\n<p><div align=\"right\"><font color=\"800000\">Disp\u00f5e sobre a pesquisa de opini\u00e3o junto \u00e0 Comunidade Universit\u00e1ria, com o objetivo de identificar as prefer\u00eancias em rela\u00e7\u00e3o \u00e0 escolha de Reitor(a) e Vice-Reitor(a), da Universidade Federal de Santa Maria (UFSM), Gest\u00e3o 2022\/2025.<\/font><\/div><\/p>\r\n<br>\r\n<p><a href=\"https:\/\/www.ufsm.br\/pro-reitorias\/proplan?page_id=5264\" target=\"_blank\"><font color=\"blue\">Revogada pela Resolu\u00e7\u00e3o UFSM N. 116\/2023<\/font><\/a><\/p>\r\n<br><div align=\"justify\">\r\n<s>\r\n<p>O REITOR DA UNIVERSIDADE FEDERAL DE SANTA MARIA, no uso de suas atribui\u00e7\u00f5es legais e estatut\u00e1rias, e considerando:<\/p>\r\n<p>\u2013 o art. 206, VI da <a href=\"http:\/\/www.planalto.gov.br\/ccivil_03\/constituicao\/constituicao.htm\" target=\"_blank\"><font color=\"blue\"><u>Constitui\u00e7\u00e3o Federal de 1988<\/u><\/font><\/a>;<\/p>\r\n<p>\u2013 a <a href=\"https:\/\/www.ufsm.br\/pro-reitorias\/proplan\/instrucao-normativa-ufsm-n-001-2021\/\" target=\"_blank\"><font color=\"blue\"><u>Instru\u00e7\u00e3o Normativa UFSM N. 001, de 23 de fevereiro de 2021<\/u><\/font><\/a>; e,<\/p>\r\n<p>- o Parecer N. 022\/2021 da Comiss\u00e3o de Legisla\u00e7\u00e3o e Regimentos (CLR), aprovado na 836\u00aa Sess\u00e3o do Conselho Universit\u00e1rio (CONSU), de 28 de abril de 2021, referente ao Processo N. <a href=\"https:\/\/portal.ufsm.br\/documentos\/publico\/processo\/documento.html?idDocumento=13493216\" target=\"_blank\"><font color=\"blue\"><u>23081.030061\/2021-87<\/u><\/font><\/a>.<\/p>\r\n<br>\r\n<p>RESOLVE:<\/p>\r\n<br>\r\n<p>CAP\u00cdTULO I<\/p>\r\n<p>DAS DISPOSI\u00c7\u00d5ES PRELIMINARES<\/p>\r\n<br>\r\n<p>Art. 1\u00ba Dispor sobre a pesquisa de opini\u00e3o que ser\u00e1 realizada, por uma Comiss\u00e3o Especial, junto \u00e0 Comunidade Universit\u00e1ria, com o objetivo de identificar as prefer\u00eancias em rela\u00e7\u00e3o \u00e0 escolha de Reitor (a) e Vice-Reitor (a), da Universidade Federal de Santa Maria (UFSM), Gest\u00e3o 2022\/2025.<\/p>\r\n<br>\r\n<p>CAP\u00cdTULO II<\/p>\r\n<p>DA PESQUISA DE OPINI\u00c3O<\/p>\r\n<br>\r\n<p>Art. 2\u00ba A pesquisa de opini\u00e3o junto \u00e0 Comunidade Universit\u00e1ria ser\u00e1 realizada no dia 24 de junho de 2021, em um \u00fanico turno, e ser\u00e1 coordenada por uma Comiss\u00e3o Especial constitu\u00edda para este fim, com o seguinte cronograma:<\/p>\r\n<p>I \u2013 03 de maio 2021: instala\u00e7\u00e3o da Comiss\u00e3o Especial;<\/p>\r\n<p>II \u2013 07 de maio 2021: divulga\u00e7\u00e3o do edital da pesquisa de opini\u00e3o;<\/p>\r\n<p>III \u2013 10 de maio 2021, at\u00e9 as 23h59min: inscri\u00e7\u00e3o das chapas;<\/p>\r\n<p>IV \u2013 11 de maio 2021: divulga\u00e7\u00e3o de lista preliminar das inscri\u00e7\u00f5es deferidas e indeferidas;<\/p>\r\n<p>V \u2013 13 de maio 2021: prazo para interposi\u00e7\u00e3o de recurso contra decis\u00e3o da Comiss\u00e3o Especial sobre as inscri\u00e7\u00f5es;<\/p>\r\n<p>VI \u2013 18 de maio 2021: divulga\u00e7\u00e3o final da lista de inscri\u00e7\u00f5es homologadas;<\/p>\r\n<p>VII \u2013 24 de maio 2021 at\u00e9 23 de junho 2021, \u00e0s 23h59min: per\u00edodo para apresenta\u00e7\u00e3o das propostas de cada chapa;<\/p>\r\n<p>VIII \u2013 24 de junho 2021, das 07h \u00e0s 22h: realiza\u00e7\u00e3o da pesquisa de opini\u00e3o;<\/p>\r\n<p>IX \u2013 24 de junho 2021, \u00e0s 22h30min: divulga\u00e7\u00e3o do resultado preliminar;<\/p>\r\n<p>X \u2013 25 de junho 2021 at\u00e9 28 de junho 2021, \u00e0s 23h59min: per\u00edodo para interposi\u00e7\u00e3o (via PEN-SIE) de recurso contra o resultado da Pesquisa de Opini\u00e3o; e,<\/p>\r\n<p>XI \u2013 30 de junho 2021: divulga\u00e7\u00e3o do resultado final da Pesquisa de Opini\u00e3o.<\/p>\r\n<br>\r\n<p>CAP\u00cdTULO III<\/p>\r\n<p>DA COMISS\u00c3O ESPECIAL<\/p>\r\n<br>\r\n<p>Art. 3\u00ba A coordena\u00e7\u00e3o da pesquisa de opini\u00e3o junto \u00e0 Comunidade Universit\u00e1ria ser\u00e1 realizada por uma Comiss\u00e3o Especial a ser composta pelos seguintes membros:<\/p>\r\n<p>I \u2013 6 (seis) membros docentes indicados pelo Conselho Universit\u00e1rio;<\/p>\r\n<p>II \u2013 1 (um) membro indicado pela Se\u00e7\u00e3o Sindical dos Docentes da UFSM (SEDUFSM);<\/p>\r\n<p>III \u2013 1 (um) membro indicados pela Associa\u00e7\u00e3o dos Servidores da UFSM (ASSUFSM);<\/p>\r\n<p>IV \u2013 1 (um) membro indicados pela Se\u00e7\u00e3o Sindical dos T\u00e9cnicos de N\u00edvel Superior da UFSM (ATENS); e,<\/p>\r\n<p>V \u2013 1 (um) membro e 1 (um) suplente indicado pelo Diret\u00f3rio Central dos Estudantes (DCE).<\/p>\r\n<p>\u00a71\u00ba S\u00e3o impedidos (as) de integrar a Comiss\u00e3o Especial, al\u00e9m dos(as) candidatos(as) inscritos(as), seus c\u00f4njuges e parentes at\u00e9 2\u00ba (segundo) grau.<\/p>\r\n<p>\u00a72\u00ba No momento da inscri\u00e7\u00e3o, cada chapa poder\u00e1 credenciar 1 (um) representante junto \u00e0 Comiss\u00e3o Especial, com a finalidade de acompanhar os trabalhos desta.<\/p>\r\n<p>\u00a73\u00ba A Comiss\u00e3o Especial ser\u00e1 instalada no dia 03 de maio de 2021, sendo computadas 10 (horas) horas di\u00e1rias ou semanais de trabalho pela participa\u00e7\u00e3o, no per\u00edodo estipulado no cronograma acima<\/p>\r\n<p>\u00a74\u00ba Os membros previstos nos Incisos I a V do Caput, contar\u00e3o com respectivos suplentes respeitando a mesma regra de indica\u00e7\u00e3o dos titulares.<\/p>\r\n\r\n<p>Art. 4\u00ba A Comiss\u00e3o Especial eleger\u00e1 seu (sua) Presidente (a) entre seus membros e deliberar\u00e1, por maioria simples dos votos, com a presen\u00e7a, no m\u00ednimo, de 50% (cinquenta por cento) de seus integrantes.<\/p>\r\n<p>\u00a71\u00ba Compete ao (\u00e0) Presidente (a) exercer, nas reuni\u00f5es plen\u00e1rias, o direito de voto e usar o voto de qualidade, no caso de empate.<\/p>\r\n<p>\u00a72\u00ba As reuni\u00f5es, ordin\u00e1rias ou extraordin\u00e1rias, ocorrer\u00e3o respeitando o cronograma previsto no Art. 2\u00ba desta Norma.<\/p>\r\n<p>\u00a73\u00ba As convoca\u00e7\u00f5es ser\u00e3o feitas via correio eletr\u00f4nico, pelo (a) presidente, com anteced\u00eancia m\u00ednima de 2 (dois) dias \u00fateis, devendo constar da mesma a Ordem do Dia.<\/p>\r\n\r\n<p>Art. 5\u00ba \u00c0 Comiss\u00e3o Especial compete:<\/p>\r\n<p>I \u2013 planejar, organizar e coordenar o processo de pesquisa de opini\u00e3o;<\/p>\r\n<p>II - processar e julgar originariamente:<\/p>\r\n<p>a) o registro e a cassa\u00e7\u00e3o de registro das chapas participantes;<\/p>\r\n<p>b) em \u00fanica e \u00faltima inst\u00e2ncia, as impugna\u00e7\u00f5es e recursos interpostos;<\/p>\r\n<p>III - publicar a rela\u00e7\u00e3o dos candidatos inscritos;<\/p>\r\n<p>IV - orientar sobre o processo de participa\u00e7\u00e3o na pesquisa, em especial:<\/p>\r\n<p>a) da participa\u00e7\u00e3o de pessoas com necessidades especiais;<\/p>\r\n<p>b) da participa\u00e7\u00e3o de pessoas que pertencerem a mais de uma categoria;<\/p>\r\n<p>V - providenciar o material necess\u00e1rio \u00e0 pesquisa;<\/p>\r\n<p>VI - solicitar junto aos setores respons\u00e1veis a estrutura necess\u00e1ria em TI para realiza\u00e7\u00e3o de vota\u00e7\u00e3o por meios eletr\u00f4nicos, conforme regulamenta\u00e7\u00e3o vigente na institui\u00e7\u00e3o;<\/p>\r\n<p>IX - indicar e fiscalizar o trabalho de compila\u00e7\u00e3o do resulto da pesquisa de opini\u00e3o junto ao Centro de Processamento de Dados, observada a regulamenta\u00e7\u00e3o da <a href=\"https:\/\/www.ufsm.br\/pro-reitorias\/proplan\/instrucao-normativa-ufsm-n-001-2021\/\" target=\"_blank\"><font color=\"blue\"><u>Instru\u00e7\u00e3o Normativa UFSM N. 001, de 23 de fevereiro de 2021<\/u><\/font><\/a>;<\/p>\r\n<p>X - credenciar os fiscais, indicados pelos candidatos concorrentes, para que atuem junto \u00e0 compila\u00e7\u00e3o do resultado da pesquisa de opini\u00e3o;<\/p>\r\n<p>XI - publicar e divulgar o resultado da pesquisa; e,<\/p>\r\n<p>XII - julgar, por maioria, os casos omissos neste regulamento e os recursos interpostos.<\/p>\r\n<p>Par\u00e1grafo \u00fanico. Os casos omissos desta Norma, relativos \u00e0 pesquisa de opini\u00e3o junto \u00e0 Comunidade Universit\u00e1ria, dever\u00e3o ser decididos pela Comiss\u00e3o Especial e divulgados nos canais oficiais de comunica\u00e7\u00e3o da Universidade.<\/p>\r\n\r\n<p>Art. 6\u00ba Das decis\u00f5es da Comiss\u00e3o Especial caber\u00e1 recurso, no prazo de 2 (dois) dias, dirigido ao Conselho Universit\u00e1rio (CONSU), que se reunir\u00e1 extraordinariamente para julgamento.<\/p>\r\n<p>Par\u00e1grafo \u00fanico. O recurso n\u00e3o ter\u00e1, como regra, efeito suspensivo, n\u00e3o acarretando altera\u00e7\u00f5es no cronograma da pesquisa de opini\u00e3o.<\/p>\r\n\r\n<p>Art. 7\u00ba Caber\u00e1 \u00e0 Secretaria dos Conselhos Superiores a responsabilidade de realizar o apoio administrativo e demais encaminhamentos para o devido andamento dos trabalhos, tornando p\u00fablica as a\u00e7\u00f5es, reuni\u00f5es e materiais espec\u00edficos no s\u00edtio eletr\u00f4nico da Universidade Federal de Santa Maria.<\/p>\r\n<p>Par\u00e1grafo \u00fanico.  \u00c9 vedada a divulga\u00e7\u00e3o de discuss\u00f5es em curso sem a pr\u00e9via anu\u00eancia do titular do Presidente da Comiss\u00e3o Eleitoral.  <\/p>\r\n\r\n<p>Art. 8\u00ba A participa\u00e7\u00e3o dos membros deste \u00f3rg\u00e3o colegiado ser\u00e1 considerada presta\u00e7\u00e3o de servi\u00e7o p\u00fablico relevante, e n\u00e3o ser\u00e1 remunerada. <\/p>\r\n<p>Par\u00e1grafo \u00fanico. As atividades do colegiado e de seus membros n\u00e3o poder\u00e1 causar preju\u00edzo \u00e0 presta\u00e7\u00e3o do servi\u00e7o p\u00fablico pelo servidor membro do Colegiado. <\/p>\r\n\r\n<p>Art. 9\u00ba As reuni\u00f5es deste \u00f3rg\u00e3o colegiado, cujos membros possu\u00edrem domic\u00edlio e\/ou resid\u00eancia legal ou estiverem em local diverso da realiza\u00e7\u00e3o da atividade ser\u00e3o realizadas por videoconfer\u00eancia, sem pagamento de di\u00e1rias, deslocamento.<\/p>\r\n<p>Par\u00e1grafo \u00fanico. Na hip\u00f3tese de ser demonstrada, de modo fundamentado, a inviabilidade ou a inconveni\u00eancia de se realizar a reuni\u00e3o por videoconfer\u00eancia, ser\u00e3o estimados os gastos com di\u00e1rias e passagens dos membros deste colegiado, assim como, a comprova\u00e7\u00e3o da disponibilidade or\u00e7ament\u00e1ria e financeira para o exerc\u00edcio em curso.<\/p>\r\n\r\n<p>Art. 10 \u00c9 vedada a possibilidade de cria\u00e7\u00e3o de subcolegiados por ato deste colegiado.<\/p>\r\n<br>\r\n<p>CAP\u00cdTULO IV<\/p>\r\n<p>DA INSCRI\u00c7\u00c3O DAS CHAPAS<\/p>\r\n<br>\r\n<p>Art. 11 Poder\u00e3o candidatar-se \u00e0 pesquisa para Reitor (a) e Vice-Reitor (a) docentes integrantes da Carreira de Magist\u00e9rio Superior, ocupantes dos cargos de Professor Titular ou de Professor Associado 4, ou que sejam portadores(as) do t\u00edtulo de doutor, neste caso independentemente do n\u00edvel ou da classe do cargo ocupado.<\/p>\r\n<p>Art. 12 A inscri\u00e7\u00e3o da chapa dever\u00e1 conter 3 (tr\u00eas) nomes, os quais dever\u00e3o atender \u00e0s exig\u00eancias previstas no artigo anterior.<\/p>\r\n<p>Art. 13 A inscri\u00e7\u00e3o das chapas ser\u00e1 realizada no dia 10 de maio de 2021, contendo a seguinte documenta\u00e7\u00e3o:<\/p>\r\n<p>I - declara\u00e7\u00e3o dos 3 (tr\u00eas) representantes da chapa, do seu interesse e concord\u00e2ncia em participar da pesquisa de opini\u00e3o; e,<\/p>\r\n<p>II - programa da Chapa.<\/p>\r\n<p>\u00a7 1\u00ba A inscri\u00e7\u00e3o das chapas ser\u00e1 feita em processo administrativo digital via PEN-SIE, tendo como destinat\u00e1rio inicial a Secretaria dos Conselhos Superiores.<\/p>\r\n<p>\u00a7 2\u00ba Poder\u00e1 ocorrer impugna\u00e7\u00e3o das chapas inscritas at\u00e9 13 de maio de 2021, mediante interposi\u00e7\u00e3o de recurso (conforme cronograma).<\/p>\r\n<br>\r\n<p>CAP\u00cdTULO V<\/p>\r\n<p>DOS PARTICIPANTES DA PESQUISA<\/p>\r\n<br>\r\n<p>Art. 14 Poder\u00e3o participar da pesquisa de opini\u00e3o:<\/p>\r\n<p>I - os docentes do quadro da UFSM, ocupantes de cargo efetivo, em efetivo exerc\u00edcio nos termos do artigo 97 e 102 do Regime Jur\u00eddico \u00danico, e os docentes aposentados, exceto os docentes volunt\u00e1rios sem v\u00ednculo;<\/p>\r\n<p>II - os professores substitutos contratados antes da publica\u00e7\u00e3o do presente edital e com contrato em vigor at\u00e9 o dia da pesquisa de opini\u00e3o;<\/p>\r\n<p>III - os t\u00e9cnico-administrativos em educa\u00e7\u00e3o da UFSM, em efetivo exerc\u00edcio nos termos do Regime Jur\u00eddico \u00danico, e os t\u00e9cnico-administrativos aposentados, exceto os t\u00e9cnico-administrativos volunt\u00e1rios sem v\u00ednculo;<\/p>\r\n<p>IV -  os estudantes regularmente matriculados em 2021 nos col\u00e9gios de ensino m\u00e9dio e tecnol\u00f3gico, nos cursos de gradua\u00e7\u00e3o, especializa\u00e7\u00e3o, mestrado, doutorado e p\u00f3s-doutorado, nas modalidades presencial e a dist\u00e2ncia, Aluno Especial I e II, exceto aqueles que se encontram com trancamento total de matr\u00edcula.<\/p>\r\n<p>\u00a71\u00ba As pessoas que pertencerem a mais de um segmento ter\u00e3o direito a apenas um voto: como professor, se pertencer tamb\u00e9m a outro segmento; e como t\u00e9cnico-administrativo em educa\u00e7\u00e3o, se pertencer tamb\u00e9m ao segmento estudantil.<\/p>\r\n<p>\u00a72\u00ba As pessoas pertencentes ao segmento docente ou ao segmento dos t\u00e9cnico-administrativos em educa\u00e7\u00e3o e que forem detentores de dois cargos, em sua categoria, ter\u00e3o direito a apenas um voto.<\/p>\r\n<p>\u00a73\u00ba As pessoas pertencentes \u00e0 categoria de estudantes, matriculados em dois cursos ou mais, ter\u00e3o direito a um voto, pela matr\u00edcula mais antiga.<\/p>\r\n\r\n<p>Art. 15 Haver\u00e1 paridade entre os 3 (tr\u00eas) segmentos mencionados no artigo anterior, segundo a f\u00f3rmula:<\/p>\r\n<p>I - para cada chapa concorrente, i = chapa 01, chapa 02, ... chapa N, temos os votos corrigidos: Vcori = TOT \/3 [(Vdi\/NDA) + (Vai\/NAA) + (Vti\/NTA)]      i = 1, 2 e ...N <\/p>\r\n<p>a) VDI = voto atribu\u00eddo pelos Docentes \u00e0 Chapa i;<\/p>\r\n<p>b) VAI = voto atribu\u00eddo pelos Estudantes \u00e0 Chapa i; <\/p>\r\n<p>c) VTI = voto atribu\u00eddo pelos T\u00e9cnico-Administrativos em Educa\u00e7\u00e3o;<\/p>\r\n<p>d) NDA: N\u00famero de Docentes aptos a votar;<\/p>\r\n<p>e )NAA: N\u00famero de Estudantes aptos a votar; e,<\/p>\r\n<p>f) NTA: N\u00famero de T\u00e9cnico-Administrativos em Educa\u00e7\u00e3o aptos a votar.<\/p>\r\n<p>Par\u00e1grafo \u00fanico. A f\u00f3rmula para o c\u00e1lculo dos votos corrigidos parte do princ\u00edpio de que cada voto de cada segmento vale o peso daquele segmento dividido pelo n\u00famero de aptos a votar naquele segmento, com os seguintes percentuais:<\/p>\r\n<p>I -  1\/3 (um ter\u00e7o) docentes ativos e aposentados;<\/p>\r\n<p>II -  1\/3 (um ter\u00e7o) t\u00e9cnico-administrativos ativos e aposentados; e,<\/p>\r\n<p>III - 1\/3 (um ter\u00e7o) estudantes.<\/p>\r\n<br>\r\n<p>CAP\u00cdTULO VI<\/p>\r\n<p>DO SISTEMA DE PESQUISA DE OPINI\u00c3O<\/p>\r\n<br>\r\n<p>Art. 16 O voto ser\u00e1 parit\u00e1rio, direto, facultativo, digital e secreto.<\/p>\r\n<p>Art. 17 A Comiss\u00e3o Especial ficar\u00e1 encarregada de, em conjunto com o CPD, implementar e manter online um sistema de vota\u00e7\u00e3o eletr\u00f4nica para a realiza\u00e7\u00e3o da pesquisa de opini\u00e3o.<\/p>\r\n<p>Art. 18 O sistema de vota\u00e7\u00e3o dever\u00e1 obedecer \u00e0s disposi\u00e7\u00f5es previstas na <a href=\"https:\/\/www.ufsm.br\/pro-reitorias\/proplan\/instrucao-normativa-ufsm-n-001-2021\/\" target=\"_blank\"><font color=\"blue\"><u>Instru\u00e7\u00e3o Normativa UFSM N. 001, de 23 de fevereiro de 2021<\/u><\/font><\/a>, e demais normas aplic\u00e1veis.<\/p>\r\n<p>Art. 19 A vota\u00e7\u00e3o online ocorrer\u00e1 no hor\u00e1rio das 07h \u00e0s 22h do dia 24 de junho de 2021, conforme cronograma estabelecido.<\/p>\r\n<p>\u00a7 1\u00ba A Comiss\u00e3o Especial acompanhar\u00e1 a abertura e o andamento da pesquisa de opini\u00e3o online at\u00e9 seu encerramento, a fim de verificar a integridade do processo.<\/p>\r\n<p>\u00a7 2\u00ba A abertura, o encerramento e a compila\u00e7\u00e3o do resultado pesquisa de opini\u00e3o poder\u00e3o ser transmitidos em tempo real.<\/p>\r\n<p>Art. 20 Os(as) candidatos(as) poder\u00e3o credenciar, observado o prazo previsto em edital pr\u00f3prio, junto \u00e0 Comiss\u00e3o Especial, at\u00e9 3 (tr\u00eas) fiscais para atuarem durante todo processo de pesquisa de opini\u00e3o e compila\u00e7\u00e3o do resultado.<\/p>\r\n<br>\r\n<p>CAP\u00cdTULO VII<\/p>\r\n<p>DAS DISPOSI\u00c7\u00d5ES FINAIS E TRANSIT\u00d3RIAS<\/p>\r\n<br>\r\n<p>Art. 21 Caber\u00e1 \u00e0 Comiss\u00e3o Especial designada pelo Conselho Universit\u00e1rio (CONSU) a elabora\u00e7\u00e3o de editais e demais documentos administrativos necess\u00e1rios a condu\u00e7\u00e3o a pesquisa p\u00fablica a ser realizada.<\/p>\r\n<p>\u00a71\u00ba A divulga\u00e7\u00e3o da pesquisa de opini\u00e3o relativa \u00e0s candidaturas dever\u00e1 ocorrer nos limites do debate de ideias e da defesa de propostas contidas nos programas que orientar\u00e3o a a\u00e7\u00e3o e a gest\u00e3o dos mesmos, ficando a cargo da Comiss\u00e3o Especial a normatiza\u00e7\u00e3o de a\u00e7\u00f5es de divulga\u00e7\u00e3o, incluindo debates entre as chapas, apresenta\u00e7\u00e3o de seus programas e propostas, de candidatos e candidatas, entre outras.<\/p>\r\n<p>\u00a72\u00ba Casos omissos ser\u00e3o dirimidos pela referida Comiss\u00e3o, cabendo recurso ao Conselho Universit\u00e1rio.<\/p>\r\n\r\n<p>Art. 22 A Comiss\u00e3o Especial dever\u00e1 encaminhar os resultados finais da pesquisa de opini\u00e3o ao CONSU, no prazo improrrog\u00e1vel de 30 de junho de 2021.<\/p>\r\n<p>Par\u00e1grafo \u00fanico. Os resultados finais da pesquisa de opini\u00e3o a serem encaminhados ao CONSU ser\u00e3o apresentados de 2 (duas) formas:<\/p>\r\n<p>I \u2013 considerando a paridade entre segmentos previsto no art. 15; e,<\/p>\r\n<p>II \u2013 considerando a proporcionalidade de 70 % (setenta por cento) dos votos do docentes (inciso I do par\u00e1grafo \u00fanico do art. 15), 15% (quinze por cento) dos votos dos t\u00e9cnico-administrativos ativos e aposentados (inciso II do par\u00e1grafo \u00fanico do art. 15) e 15% (quinze por cento) dos votos dos estudantes (inciso III do par\u00e1grafo \u00fanico do art. 15).<\/p>\r\n\r\n<p>Art. 23 Esta resolu\u00e7\u00e3o entra em vigor 03 de maio de 2021, por se tratar de urg\u00eancia justificada no expediente administrativo.<\/p>\r\n<p>Par\u00e1grafo \u00fanico. Havendo qualquer modifica\u00e7\u00e3o legislativa, ou ainda, havendo qualquer situa\u00e7\u00e3o legal que   impacte na legalidade da presente Resolu\u00e7\u00e3o, a mesma se aplica de imediato.<\/p>\r\n<br>\r\n<p>Paulo Afonso Burmann<\/p>\r\n<p>Reitor<\/p>\r\n<\/s>\r\n<br>\r\n<p><font color=\"red0000\">Este texto n\u00e3o substitui o documento original, publicado no Portal de Documentos em 30 de abril de 2021.<\/font> Dispon\u00edvel em: <a href=\"https:\/\/portal.ufsm.br\/documentos\/publico\/documento.html?id=13519953\"><font color=\"blue\">https:\/\/portal.ufsm.br\/documentos\/publico\/documento.html?id=13519953<\/font><\/a>\r\n\r\n \t\t<\/div>\n\t\t\t\t<\/div>\n\t\t\t\t\t<\/div>\n\t\t<\/div>\n\t\t\t\t\t<\/div>\n\t\t<\/section>\n\t\t\t\t<\/div>\n\t\t","protected":false},"excerpt":{"rendered":"<p>RESOLU\u00c7\u00c3O N. 046\/2021 MINIST\u00c9RIO DA EDUCA\u00c7\u00c3O UNIVERSIDADE FEDERAL DE SANTA MARIA RESOLU\u00c7\u00c3O UFSM N. 046, DE 30 DE ABRIL DE 2021 Disp\u00f5e sobre a pesquisa de opini\u00e3o junto \u00e0 Comunidade Universit\u00e1ria, com o objetivo de identificar as prefer\u00eancias em rela\u00e7\u00e3o \u00e0 escolha de Reitor(a) e Vice-Reitor(a), da Universidade Federal de Santa Maria (UFSM), Gest\u00e3o 2022\/2025. [&hellip;]<\/p>\n","protected":false},"author":206,"featured_media":0,"parent":0,"menu_order":0,"comment_status":"closed","ping_status":"closed","template":"","meta":{"footnotes":""},"categories":[],"tags":[],"class_list":["post-4469","page","type-page","status-publish","hentry"],"acf":[],"_links":{"self":[{"href":"https:\/\/www.ufsm.br\/pro-reitorias\/proplan\/wp-json\/wp\/v2\/pages\/4469","targetHints":{"allow":["GET"]}}],"collection":[{"href":"https:\/\/www.ufsm.br\/pro-reitorias\/proplan\/wp-json\/wp\/v2\/pages"}],"about":[{"href":"https:\/\/www.ufsm.br\/pro-reitorias\/proplan\/wp-json\/wp\/v2\/types\/page"}],"author":[{"embeddable":true,"href":"https:\/\/www.ufsm.br\/pro-reitorias\/proplan\/wp-json\/wp\/v2\/users\/206"}],"replies":[{"embeddable":true,"href":"https:\/\/www.ufsm.br\/pro-reitorias\/proplan\/wp-json\/wp\/v2\/comments?post=4469"}],"version-history":[{"count":0,"href":"https:\/\/www.ufsm.br\/pro-reitorias\/proplan\/wp-json\/wp\/v2\/pages\/4469\/revisions"}],"wp:attachment":[{"href":"https:\/\/www.ufsm.br\/pro-reitorias\/proplan\/wp-json\/wp\/v2\/media?parent=4469"}],"wp:term":[{"taxonomy":"category","embeddable":true,"href":"https:\/\/www.ufsm.br\/pro-reitorias\/proplan\/wp-json\/wp\/v2\/categories?post=4469"},{"taxonomy":"post_tag","embeddable":true,"href":"https:\/\/www.ufsm.br\/pro-reitorias\/proplan\/wp-json\/wp\/v2\/tags?post=4469"}],"curies":[{"name":"wp","href":"https:\/\/api.w.org\/{rel}","templated":true}]}}