{"id":4472,"date":"2021-05-04T08:04:59","date_gmt":"2021-05-04T11:04:59","guid":{"rendered":"https:\/\/www.ufsm.br\/pro-reitorias\/proplan\/?page_id=4472"},"modified":"2024-01-29T10:49:42","modified_gmt":"2024-01-29T13:49:42","slug":"resolucao-ufsm-n-048-2021","status":"publish","type":"page","link":"https:\/\/www.ufsm.br\/pro-reitorias\/proplan\/resolucao-ufsm-n-048-2021","title":{"rendered":"Resolu\u00e7\u00e3o UFSM N. 048\/2021"},"content":{"rendered":"\t\t<div data-elementor-type=\"wp-page\" data-elementor-id=\"4472\" class=\"elementor elementor-4472\">\n\t\t\t\t\t\t<section class=\"elementor-section elementor-top-section elementor-element elementor-element-29c0cee elementor-section-boxed elementor-section-height-default elementor-section-height-default\" data-id=\"29c0cee\" data-element_type=\"section\">\n\t\t\t\t\t\t<div class=\"elementor-container elementor-column-gap-default\">\n\t\t\t\t\t<div class=\"elementor-column elementor-col-100 elementor-top-column elementor-element elementor-element-7bdf08b\" data-id=\"7bdf08b\" data-element_type=\"column\">\n\t\t\t<div class=\"elementor-widget-wrap elementor-element-populated\">\n\t\t\t\t\t\t<div class=\"elementor-element elementor-element-a07fcbe elementor-widget elementor-widget-html\" data-id=\"a07fcbe\" data-element_type=\"widget\" data-widget_type=\"html.default\">\n\t\t\t\t<div class=\"elementor-widget-container\">\n\t\t\t\r\n\r\n\r\n<title><b>RESOLU\u00c7\u00c3O N. 048\/2021<\/b><\/title>\r\n\r\n\r\n<div align=\"center\"><img decoding=\"async\" src=\"https:\/\/www.ufsm.br\/pro-reitorias\/proplan\/wp-content\/uploads\/sites\/344\/2019\/09\/brasao-da-republica-do-brasil-logo.png\" alt=\"Bras\u00e3o Rep\u00fablica Federativa do Brasil\" width=\"6%\" height=\"6%\"><\/div>    \r\n<h1><font color=\"blue\"><font size=\"5\"><div align=\"center\">MINIST\u00c9RIO DA EDUCA\u00c7\u00c3O<\/b><\/font><\/font><\/div><\/H1>\r\n<p><b><font color=\"0000blue\"><div align=\"center\">UNIVERSIDADE FEDERAL DE SANTA MARIA<\/b><\/font><\/div><\/p>\r\n<p><div align=\"center\"><b><a href=\"https:\/\/portal.ufsm.br\/documentos\/publico\/documento.html?idDocumento=13522739\" target=\"_blank\"><font color=\"blue\">RESOLU\u00c7\u00c3O UFSM N. 048, DE 30 DE ABRIL DE 2021<\/font><\/a><\/b><\/div><\/p>\r\n<br>\r\n<p><div align=\"right\"><font color=\"800000\">Disp\u00f5e sobre a elabora\u00e7\u00e3o de lista tr\u00edplice para escolha de Vice-Reitor(a) da Universidade Federal de Santa Maria (UFSM), Gest\u00e3o 2022\/2025.<\/font><\/div><\/p>\r\n<br>\r\n\r\n<p>Alterada pelas Resolu\u00e7\u00f5es  <a href=\"https:\/\/www.ufsm.br\/pro-reitorias\/proplan\/resolucao-ufsm-n-059-2021\/\" target=\"_blank\"><font color=\"blue\">N. 060\/2021<\/font><\/a> e <a href=\"https:\/\/www.ufsm.br\/pro-reitorias\/proplan\/resolucao-ufsm-n-051-2021\/\" target=\"_blank\"><font color=\"blue\">N. 051\/2021<\/font><\/a><\/p>\r\n<p><a href=\"https:\/\/www.ufsm.br\/pro-reitorias\/proplan?page_id=5264\" target=\"_blank\"><font color=\"blue\">Revogada pela Resolu\u00e7\u00e3o UFSM N. 116\/2023<\/font><\/a><\/p>\r\n<br><div align=\"justify\">\r\n<s>\r\n<p>O REITOR DA UNIVERSIDADE FEDERAL DE SANTA MARIA, no uso de suas atribui\u00e7\u00f5es legais e estatut\u00e1rias, e considerando:<\/p>\r\n<p>- a <a href=\"http:\/\/www.planalto.gov.br\/ccivil_03\/leis\/l5540.htm\" target=\"_blank\"><font color=\"blue\"><u>Lei N. 5.540, de 28 de novembro de 1968<\/u><\/font><\/a>, que Fixa normas de organiza\u00e7\u00e3o e funcionamento do ensino superior e sua articula\u00e7\u00e3o com a escola m\u00e9dia, e d\u00e1 outras provid\u00eancias;<\/p>\r\n<p>- o art. 1\u00ba da <a href=\"http:\/\/www.planalto.gov.br\/ccivil_03\/leis\/l9192.htm\" target=\"_blank\"><font color=\"blue\"><u>Lei 9.192, de 21 de dezembro de 1995<\/u><\/font><\/a>, que altera dispositivos da <a href=\"\t\" target=\"_blank\"><font color=\"blue\"><u>Lei N. 5.540, de 28 de novembro de 1968<\/u><\/font><\/a>, que regulamentam o processo de escolha dos dirigentes universit\u00e1rios;<\/p>\r\n<p>- o art. 1\u00ba do <a href=\"http:\/\/www.planalto.gov.br\/ccivil_03\/decreto\/d1916.htm\" target=\"_blank\"><font color=\"blue\"><u>Decreto 1.916, de 23 de maio de 1996<\/u><\/font><\/a>, que regulamenta o processo de escolha dos dirigentes de institui\u00e7\u00f5es federais de ensino superior, nos termos da <a href=\"http:\/\/www.planalto.gov.br\/ccivil_03\/leis\/l9192.htm\" target=\"_blank\"><font color=\"blue\"><u>Lei N. 9.192, de 21 de dezembro de 1995<\/u><\/font><\/a>;<\/p>\r\n<p>\u2013 o <a href=\"http:\/\/www.planalto.gov.br\/ccivil_03\/_Ato2007-2010\/2007\/Decreto\/D6264.htm\" target=\"_blank\"><font color=\"blue\"><u>Decreto N. 6.264, de 22 de novembro de 2007<\/u><\/font><\/a>, que altera e acresce dispositivos ao do <a href=\"http:\/\/www.planalto.gov.br\/ccivil_03\/decreto\/d1916.htm\" target=\"_blank\"><font color=\"blue\"><u>Decreto N. 1.916, de 23 de maio de 1996<\/u><\/font><\/a>, que regulamenta o processo de escolha dos dirigentes de institui\u00e7\u00f5es federais de ensino superior, nos termos da <a href=\"http:\/\/www.planalto.gov.br\/ccivil_03\/leis\/l9192.htm\" target=\"_blank\"><font color=\"blue\"><u>Lei N. 9.192, de 21 de dezembro de 1995<\/u><\/font><\/a>, e d\u00e1 outras provid\u00eancias;<\/p>\r\n<p>- o art. 25 do <a href=\"https:\/\/www.ufsm.br\/pro-reitorias\/proplan\/estatuto-ufsm-2010\/\" target=\"_blank\"><font color=\"blue\"><u>Estatuto<\/u><\/font><\/a> da Universidade Federal de Santa Maria, com as adequa\u00e7\u00f5es aprovadas pela <a href=\"https:\/\/www.ufsm.br\/pro-reitorias\/proplan\/resolucao-n-037-2010\/\" target=\"_blank\"><font color=\"blue\"><u>Resolu\u00e7\u00e3o UFSM N. 037\/2010<\/u><\/font><\/a> e aprovadas pela Portaria N. 156, de 12 de mar\u00e7o de 2014, publicada no Di\u00e1rio Oficial da Uni\u00e3o em 13 de mar\u00e7o de 2014;<\/p>\r\n<p>\u2013 a Nota T\u00e9cnica N. 400\/2018\/CGLNES\/GAB\/SESU\/SESU; e,<\/p>\r\n<p>- o Parecer N. 024\/2021 da Comiss\u00e3o de Legisla\u00e7\u00e3o e Regimentos (CLR), aprovado na 836\u00aa Sess\u00e3o do Conselho Universit\u00e1rio (CONSU), de 28 de abril de 2021, referente ao Processo N. <a href=\"https:\/\/portal.ufsm.br\/documentos\/publico\/processo\/documento.html?idDocumento=13493207\" target=\"_blank\"><font color=\"blue\"><u>23081.030055\/2021-20<\/u><\/font><\/a>.<\/p>\r\n<br>\r\n<p>RESOLVE:<\/p>\r\n<br>\r\n<p>CAP\u00cdTULO I<\/p>\r\n<p>DAS DISPOSI\u00c7\u00d5ES PRELIMINARES<\/p>\r\n<br>\r\n<p><strike>Art. 1\u00ba A organiza\u00e7\u00e3o da lista tr\u00edplice para o provimento do cargo de Vice-Reitor(a) da Universidade Federal de Santa Maria (UFSM) ser\u00e1 procedida por Comiss\u00e3o Eleitoral, especialmente constitu\u00eddo para esse fim, nos termos da <a href=\"http:\/\/www.planalto.gov.br\/ccivil_03\/leis\/l5540.htm\" target=\"_blank\"><font color=\"blue\"><u>Lei N. 5.540, de 28 de novembro de 1968<\/u><\/font><\/a>, da <a href=\"http:\/\/www.planalto.gov.br\/ccivil_03\/leis\/l9192.htm\" target=\"_blank\"><font color=\"blue\"><u>Lei N. 9.192, de 21 de dezembro de 1995<\/u><\/font><\/a>, do <a href=\"http:\/\/www.planalto.gov.br\/ccivil_03\/decreto\/d1916.htm\" target=\"_blank\"><font color=\"blue\"><u>Decreto N. 1916, de 23 de maior de 1996<\/u><\/font><\/a>, e do <a href=\"http:\/\/www.planalto.gov.br\/ccivil_03\/_Ato2007-2010\/2007\/Decreto\/D6264.htm\" target=\"_blank\"><font color=\"blue\"><u>Decreto N. 6.264, de 22 de novembro de 2007<\/u><\/font><\/a>.<\/strike><a href=\"https:\/\/www.ufsm.br\/pro-reitorias\/proplan\/resolucao-ufsm-n-051-2021\/\" target=\"_blank\"><font color=\"blue\"><u>(Alterada pela Resolu\u00e7\u00e3o N. 051\/2021)<\/u><\/font><\/a>\r\n\r\n<p>Art. 1\u00ba A organiza\u00e7\u00e3o da lista tr\u00edplice para o provimento do cargo de Vice-Reitor (a) da Universidade Federal de Santa Maria (UFSM) ser\u00e1 procedida por Col\u00e9gio Eleitoral, especialmente constitu\u00eddo para esse fim, nos termos da <a href=\"http:\/\/www.planalto.gov.br\/ccivil_03\/leis\/l5540.htm\" target=\"_blank\"><font color=\"blue\"><u>Lei N. 5.540, de 28 de novembro de 1968<\/u><\/font><\/a>, da <a href=\"http:\/\/www.planalto.gov.br\/ccivil_03\/leis\/l9192.htm\" target=\"_blank\"><font color=\"blue\"><u>Lei N. 9.192, de 21 de dezembro de 1995<\/u><\/font><\/a>, do <a href=\"http:\/\/www.planalto.gov.br\/ccivil_03\/decreto\/d1916.htm\" target=\"_blank\"><font color=\"blue\"><u>Decreto N. 1916, de 23 de maior de 1996<\/u><\/font><\/a>, e do <a href=\"http:\/\/www.planalto.gov.br\/ccivil_03\/_Ato2007-2010\/2007\/Decreto\/D6264.htm\" target=\"_blank\"><font color=\"blue\"><u>Decreto N. 6.264, de 22 de novembro de 2007<\/u><\/font><\/a>.<a href=\"https:\/\/www.ufsm.br\/pro-reitorias\/proplan\/resolucao-ufsm-n-051-2021\/\" target=\"_blank\"><font color=\"blue\"><u>(Reda\u00e7\u00e3o dada pela Resolu\u00e7\u00e3o N. 051\/2021)<\/u><\/font><\/a>\r\n\r\n<p>Par\u00e1grafo \u00fanico. O Conselho Universit\u00e1rio nomear\u00e1 Comiss\u00e3o Eleitoral respons\u00e1vel pela prepara\u00e7\u00e3o do escrut\u00ednio, avalia\u00e7\u00e3o de documentos e condu\u00e7\u00e3o das normas aplic\u00e1veis ao processo eleitoral.<\/p>\r\n<p><strike>Art. 2\u00ba O processo eleitoral para escolha de Vice-Reitor(a)  da Universidade Federal de Santa Maria (UFSM), Gest\u00e3o 2022\/2025, observar\u00e1 o seguinte cronograma:<\/p>\r\n<p>I \u2013 01 de julho: deflagra\u00e7\u00e3o do processo eleitoral e nomea\u00e7\u00e3o de Comiss\u00e3o Eleitoral;<\/p>\r\n<p>II \u2013 05 de julho de 2021: inscri\u00e7\u00e3o dos candidatos ao cargo de Vice-Reitor(a);<\/p>\r\n<p>III \u2013 07 de julho de 2021: divulga\u00e7\u00e3o da homologa\u00e7\u00e3o das inscri\u00e7\u00f5es pela Comiss\u00e3o Eleitoral;<\/p>\r\n<p>IV \u2013 08 de julho de 2021, at\u00e9 23h59min: prazo para interposi\u00e7\u00e3o de recursos contra decis\u00e3o da Comiss\u00e3o Eleitoral sobre homologa\u00e7\u00e3o das candidaturas; e,<\/p>\r\n<p>V \u2013 12 de julho de 2021: realiza\u00e7\u00e3o da elei\u00e7\u00e3o para o cargo de Vice-Reitor(a) em reuni\u00e3o ampliada dos Conselhos Superiores. <\/strike> <a href=\"https:\/\/www.ufsm.br\/pro-reitorias\/proplan\/resolucao-ufsm-n-060-2021\/\" target=\"_blank\"><font color=\"blue\"><u>(Reda\u00e7\u00e3o alterada pela Resolu\u00e7\u00e3o N. 060\/2021)<\/u><\/font><\/a><\/p>\r\n\r\n\r\n\r\n<p>Art. 2\u00ba O processo eleitoral para escolha de Vice-Reitor(a) da Universidade Federal de Santa Maria (UFSM), Gest\u00e3o 2022\/2025, observara\u0301 o seguinte cronograma: <\/p>\r\n<p>I - 01 de julho: deflagra\u00e7\u00e3o do processo eleitoral e nomea\u00e7\u00e3o de Comiss\u00e3o Eleitoral;<\/p>\r\n<p>II - 12 a 16 de julho: inscri\u00e7\u00e3o dos candidatos ao cargo de Vice-Reitor(a);<\/p>\r\n<p>III - 17 de julho de 2021: divulga\u00e7\u00e3o da homologa\u00e7\u00e3o das inscri\u00e7\u00f5es pela Comiss\u00e3o Eleitoral;<\/p>\r\n<p>IV - 19 de julho de 2021, ate\u0301 23h59min: prazo para interposi\u00e7\u00e3o de recursos contra decis\u00e3o da Comiss\u00e3o Eleitoral sobre homologa\u00e7\u00e3o das candidaturas; <\/p>\r\n<p>V - 20 a 27 de julho de 2021, ate\u0301 23h59min: per\u00edodo de campanha eleitoral dos(as) candidatos(as) homologados(as) perante a Comiss\u00e3o Eleitoral; e,<\/p> \r\n<p>VI - 28 de julho de 2021: realiza\u00e7\u00e3o da elei\u00e7\u00e3o para o cargo de Vice-Reitor(a), em reuni\u00e3o ampliada dos Conselhos Superiores. <a href=\"https:\/\/www.ufsm.br\/pro-reitorias\/proplan\/resolucao-ufsm-n-060-2021\/\" target=\"_blank\"><font color=\"blue\"><u>(Reda\u00e7\u00e3o dada pela Resolu\u00e7\u00e3o N. 060\/2021)<\/u><\/font><\/a><\/p>\r\n\r\n\r\n\r\n<br>\r\n<p>CAP\u00cdTULO II<\/p>\r\n<p>DA INSCRI\u00c7\u00c3O<\/p>\r\n<br>\r\n<p>Art. 3\u00ba Somente poder\u00e3o compor a lista tr\u00edplice para ocupar o cargo de Vice-Reitor(a), gest\u00e3o 2022-2025, docentes integrantes da Carreira de Magist\u00e9rio Superior, ocupantes dos cargos de Professor Titular ou de Professor Associado 4, ou que sejam portadores do t\u00edtulo de doutor, nesse caso independentemente do n\u00edvel ou da classe do cargo ocupado. <\/p>\r\n\r\n\r\n<p><strike>Art. 4\u00ba As inscri\u00e7\u00f5es dos candidatos ao cargo de que trata esta Resolu\u00e7\u00e3o dever\u00e3o ocorrer no dia 05 de julho de 2021, mediante requerimento devidamente preenchido e entregue em processo administrativo eletr\u00f4nico via PEN-SIE, direcionado \u00e0 Secretaria dos Conselhos. <\/p>\r\n<p>\u00a71\u00ba O resultado da avalia\u00e7\u00e3o e homologa\u00e7\u00e3o das inscri\u00e7\u00f5es ser\u00e1 divulgado pela Comiss\u00e3o Eleitoral at\u00e9 07 de julho de 2021, no site <a href=\"www.ufsm.br\" target=\"_blank\"><font color=\"blue\"><u>www.ufsm.br<\/u><\/font><\/a>.<\/p>\r\n<p>\u00a72\u00ba Eventuais recursos dever\u00e3o ser interpostos at\u00e9 as 23h59min do 08 de julho de 2021, em processo administrativo eletr\u00f4nico via PEN-SIE direcionado \u00e0 Secretaria dos Conselhos, de modo a avaliar eventual reconsidera\u00e7\u00e3o ou convocar o Conselho Universit\u00e1rio para decis\u00e3o recursal.<\/strike> <a href=\"https:\/\/www.ufsm.br\/pro-reitorias\/proplan\/resolucao-ufsm-n-060-2021\/\" target=\"_blank\"><font color=\"blue\"><u> (Reda\u00e7\u00e3o alterada pela Resolu\u00e7\u00e3o N. 060\/2021)<\/u><\/font><\/a><\/p>\r\n\r\n\r\n<p>Art. 4\u00ba As inscri\u00e7\u00f5es dos candidatos ao cargo de que trata esta resolu\u00e7\u00e3o dever\u00e3o ocorrer mediante requerimento devidamente preenchido e entregue em processo administrativo eletr\u00f4nico via PEN-SIE, direcionado a\u0300 Secretaria dos Conselhos.<\/p> \r\n<p>\u00a71\u00ba O resultado da avalia\u00e7\u00e3o e homologa\u00e7\u00e3o das inscri\u00e7\u00f5es ser\u00e1 divulgado pela Comiss\u00e3o Eleitoral no site www.ufsm.br.<\/p> \r\n<p>\u00a72\u00ba Eventuais recursos dever\u00e3o ser interpostos, em processo administrativo eletr\u00f4nico via PEN-SIE direcionado a\u0300 Secretaria dos Conselhos, de modo a avaliar eventual reconsidera\u00e7\u00e3o ou convocar o Conselho Universit\u00e1rio para decis\u00e3o recursal. <a href=\"https:\/\/www.ufsm.br\/pro-reitorias\/proplan\/resolucao-ufsm-n-060-2021\/\" target=\"_blank\"><font color=\"blue\"><u> (Reda\u00e7\u00e3o dada pela Resolu\u00e7\u00e3o N. 060\/2021)<\/u><\/font><\/a><\/p>\r\n\r\n\r\n\r\n\r\n\r\n\r\n\r\n<br>\r\n<p>CAP\u00cdTULO III<\/p>\r\n<p><strike>DA COMISS\u00c3O ELEITORAL<\/strike><a href=\"https:\/\/www.ufsm.br\/pro-reitorias\/proplan\/resolucao-ufsm-n-051-2021\/\" target=\"_blank\"><font color=\"blue\"><u>(Alterada pela Resolu\u00e7\u00e3o N. 051\/2021)<\/u><\/font><\/a>\r\n<p>DO COL\u00c9GIO ELEITORAL<a href=\"https:\/\/www.ufsm.br\/pro-reitorias\/proplan\/resolucao-ufsm-n-051-2021\/\" target=\"_blank\"><font color=\"blue\"><u>(Reda\u00e7\u00e3o dada pela Resolu\u00e7\u00e3o N. 051\/2021)<\/u><\/font><\/a><\/p>\r\n\r\n<br>\r\n<p><strike>Art. 5\u00ba Realizar-se-\u00e1 reuni\u00e3o ampliada dos Conselhos Superiores em 12 de julho de 2021 voltada \u00e0 elabora\u00e7\u00e3o de lista tr\u00edplice para escolha de Vice-Reitor(a) da UFSM, Gest\u00e3o 2022\/2025.<\/strike> <a href=\"https:\/\/www.ufsm.br\/pro-reitorias\/proplan\/resolucao-ufsm-n-060-2021\/\" target=\"_blank\"><font color=\"blue\"><u> (Reda\u00e7\u00e3o alterada pela Resolu\u00e7\u00e3o N. 060\/2021)<\/u><\/font><\/a><\/p>\r\n\r\n\r\n<p>Art. 5\u00ba Realizar-se-\u00e1 reuni\u00e3o ampliada dos Conselhos Superiores para a elabora\u00e7\u00e3o de lista tr\u00edplice para escolha de Vice-Reitor(a) da UFSM, Gest\u00e3o 2022\/2025. <a href=\"https:\/\/www.ufsm.br\/pro-reitorias\/proplan\/resolucao-ufsm-n-060-2021\/\" target=\"_blank\"><font color=\"blue\"><u> (Reda\u00e7\u00e3o dada pela Resolu\u00e7\u00e3o N. 060\/2021)<\/u><\/font><\/a><\/p>\r\n\r\n\r\n\r\n<p>Par\u00e1grafo \u00fanico. O sistema de vota\u00e7\u00e3o dever\u00e1 observar as disposi\u00e7\u00f5es previstas na <a href=\"https:\/\/www.ufsm.br\/pro-reitorias\/proplan\/instrucao-normativa-ufsm-n-001-2021\/\" target=\"_blank\"><font color=\"blue\"><u>Instru\u00e7\u00e3o Normativa UFSM N. 001, de 23 de fevereiro de 2021<\/u><\/font><\/a>.<\/p>\r\n\r\n<p><strike>Art. 6\u00ba a Comiss\u00e3o Eleitoral voltado \u00e0 elabora\u00e7\u00e3o de lista tr\u00edplice para escolha de Vice-Reitor(a) da UFSM, Gest\u00e3o 2022\/2025, ser\u00e1 composto pelos membros titulares do Conselho Universit\u00e1rio (CONSU), Conselho de Ensino, Pesquisa e Extens\u00e3o (CEPE) e Conselho de Curadores (CONCUR).<\/strike><a href=\"https:\/\/www.ufsm.br\/pro-reitorias\/proplan\/resolucao-ufsm-n-051-2021\/\" target=\"_blank\"><font color=\"blue\"><u>(Alterada pela Resolu\u00e7\u00e3o N. 051\/2021)<\/u><\/font><\/a>\r\n<p>Art. 6\u00ba O Col\u00e9gio Eleitoral voltado \u00e0 elabora\u00e7\u00e3o de lista tr\u00edplice para escolha de Vice-Reitor (a) da UFSM, Gest\u00e3o 2022\/2025, ser\u00e1 composto pelos membros titulares do Conselho Universit\u00e1rio (CONSU), Conselho de Ensino, Pesquisa e Extens\u00e3o (CEPE) e Conselho de Curadores (CONCUR). <a href=\"https:\/\/www.ufsm.br\/pro-reitorias\/proplan\/resolucao-ufsm-n-051-2021\/\" target=\"_blank\"><font color=\"blue\"><u>(Reda\u00e7\u00e3o dada pela Resolu\u00e7\u00e3o N. 051\/2021)<\/u><\/font><\/a>\r\n\r\n<p>Par\u00e1grafo \u00fanico. O conselheiro que possuir cadeira em 2 (dois) ou mais dos colegiados citados no caput deste artigo ter\u00e1 direito a apenas 1 (um) voto.<\/p>\r\n\r\n<p><strike>Art. 7\u00ba A vota\u00e7\u00e3o na Comiss\u00e3o Eleitoral ser\u00e1 uninominal, votando cada Conselheiro em 1 (um) candidato a Vice-Reitor(a) em escrut\u00ednio \u00fanico.<\/strike><a href=\"https:\/\/www.ufsm.br\/pro-reitorias\/proplan\/resolucao-ufsm-n-051-2021\/\" target=\"_blank\"><font color=\"blue\"><u>(Alterada pela Resolu\u00e7\u00e3o N. 051\/2021)<\/u><\/font><\/a>\r\n\r\n<p>Art. 7\u00ba A vota\u00e7\u00e3o no Col\u00e9gio Eleitoral ser\u00e1 uninominal, votando cada Conselheiro em 1 (um) candidato a Vi-ce-Reitor (a) em escrut\u00ednio \u00fanico. <a href=\"https:\/\/www.ufsm.br\/pro-reitorias\/proplan\/resolucao-ufsm-n-051-2021\/\" target=\"_blank\"><font color=\"blue\"><u>(Reda\u00e7\u00e3o dada pela Resolu\u00e7\u00e3o N. 051\/2021)<\/u><\/font><\/a>\r\n\r\n<p>Art. 8\u00ba Somente ser\u00e3o eleg\u00edveis os candidatos que tiverem suas inscri\u00e7\u00f5es devidamente homologadas pela Comiss\u00e3o Eleitoral, conforme disposi\u00e7\u00f5es supra.<\/p>\r\n<p>Art. 9\u00ba Apurados os resultados, ser\u00e1 confeccionada a lista tr\u00edplice, indicando, pela ordem dos votos obtidos, os 3 (tr\u00eas) candidatos a Vice-Reitor(a).<\/p>\r\n<p>Par\u00e1grafo \u00fanico. A lista tr\u00edplice para Vice-Reitor(a), assim elaborada, ser\u00e1 encaminhada \u00e0s autoridades competentes, juntamente com os demais documentos exigidos, dando-se ampla divulga\u00e7\u00e3o interna e externa dos resultados e observando o que consta no Art. 9\u00ba do <a href=\"http:\/\/www.planalto.gov.br\/ccivil_03\/decreto\/d1916.htm\" target=\"_blank\"><font color=\"blue\"><u>Decreto N. 1.916\/1996<\/u><\/font><\/a>.<\/p>\r\n<br>\r\n<p>CAP\u00cdTULO IV<\/p>\r\n<p>DAS DISPOSI\u00c7\u00d5ES FINAIS E TRANSIT\u00d3RIAS<\/p>\r\n<br>\r\n<p>Art. 10 Caber\u00e1 \u00e0 Comiss\u00e3o Eleitoral designada pelo Conselho Universit\u00e1rio (CONSU) a elabora\u00e7\u00e3o de editais e normas pr\u00f3prias para regulamentar o pleito eleitoral.<\/p>\r\n<p>Par\u00e1grafo \u00fanico. Casos omissos ser\u00e3o dirimidos pela referida Comiss\u00e3o, cabendo recurso ao Conselho Universit\u00e1rio.<\/p>\r\n<p>Art. 11 Esta resolu\u00e7\u00e3o entra em vigor 03 de maio de 2021, por se tratar de urg\u00eancia justificada no expediente administrativo.<\/p>\r\n<p>Par\u00e1grafo \u00fanico. Havendo qualquer modifica\u00e7\u00e3o legislativa, ou ainda, havendo qualquer situa\u00e7\u00e3o legal que impacte na legalidade da presente Resolu\u00e7\u00e3o, a mesma se aplica de imediato.<\/p>\r\n<br>\r\n<p>Paulo Afonso Burmann<\/p>\r\n<p>Reitor<\/p>\r\n<\/s>\r\n<br>\r\n<p><font color=\"red0000\">Este texto n\u00e3o substitui o documento original, publicado no Portal de Documentos em 04 de maio de 2021.<\/font> Dispon\u00edvel em: <a href=\"https:\/\/portal.ufsm.br\/documentos\/publico\/documento.html?idDocumento=13522739\"><font color=\"blue\">https:\/\/portal.ufsm.br\/documentos\/publico\/documento.html?idDocumento=13522739<\/font><\/a>\r\n\r\n \t\t<\/div>\n\t\t\t\t<\/div>\n\t\t\t\t\t<\/div>\n\t\t<\/div>\n\t\t\t\t\t<\/div>\n\t\t<\/section>\n\t\t\t\t<\/div>\n\t\t","protected":false},"excerpt":{"rendered":"<p>RESOLU\u00c7\u00c3O N. 048\/2021 MINIST\u00c9RIO DA EDUCA\u00c7\u00c3O UNIVERSIDADE FEDERAL DE SANTA MARIA RESOLU\u00c7\u00c3O UFSM N. 048, DE 30 DE ABRIL DE 2021 Disp\u00f5e sobre a elabora\u00e7\u00e3o de lista tr\u00edplice para escolha de Vice-Reitor(a) da Universidade Federal de Santa Maria (UFSM), Gest\u00e3o 2022\/2025. Alterada pelas Resolu\u00e7\u00f5es N. 060\/2021 e N. 051\/2021 Revogada pela Resolu\u00e7\u00e3o UFSM N. 116\/2023 [&hellip;]<\/p>\n","protected":false},"author":205,"featured_media":0,"parent":0,"menu_order":0,"comment_status":"closed","ping_status":"closed","template":"","meta":{"footnotes":""},"categories":[],"tags":[],"class_list":["post-4472","page","type-page","status-publish","hentry"],"acf":[],"_links":{"self":[{"href":"https:\/\/www.ufsm.br\/pro-reitorias\/proplan\/wp-json\/wp\/v2\/pages\/4472","targetHints":{"allow":["GET"]}}],"collection":[{"href":"https:\/\/www.ufsm.br\/pro-reitorias\/proplan\/wp-json\/wp\/v2\/pages"}],"about":[{"href":"https:\/\/www.ufsm.br\/pro-reitorias\/proplan\/wp-json\/wp\/v2\/types\/page"}],"author":[{"embeddable":true,"href":"https:\/\/www.ufsm.br\/pro-reitorias\/proplan\/wp-json\/wp\/v2\/users\/205"}],"replies":[{"embeddable":true,"href":"https:\/\/www.ufsm.br\/pro-reitorias\/proplan\/wp-json\/wp\/v2\/comments?post=4472"}],"version-history":[{"count":0,"href":"https:\/\/www.ufsm.br\/pro-reitorias\/proplan\/wp-json\/wp\/v2\/pages\/4472\/revisions"}],"wp:attachment":[{"href":"https:\/\/www.ufsm.br\/pro-reitorias\/proplan\/wp-json\/wp\/v2\/media?parent=4472"}],"wp:term":[{"taxonomy":"category","embeddable":true,"href":"https:\/\/www.ufsm.br\/pro-reitorias\/proplan\/wp-json\/wp\/v2\/categories?post=4472"},{"taxonomy":"post_tag","embeddable":true,"href":"https:\/\/www.ufsm.br\/pro-reitorias\/proplan\/wp-json\/wp\/v2\/tags?post=4472"}],"curies":[{"name":"wp","href":"https:\/\/api.w.org\/{rel}","templated":true}]}}