{"id":4480,"date":"2021-05-11T11:47:32","date_gmt":"2021-05-11T14:47:32","guid":{"rendered":"https:\/\/www.ufsm.br\/pro-reitorias\/proplan\/?page_id=4480"},"modified":"2023-03-02T10:19:38","modified_gmt":"2023-03-02T13:19:38","slug":"portaria-normativa-ufsm-cal-n-002-2021","status":"publish","type":"page","link":"https:\/\/www.ufsm.br\/pro-reitorias\/proplan\/portaria-normativa-ufsm-cal-n-002-2021","title":{"rendered":"Portaria Normativa CAL\/UFSM N. 002\/2021"},"content":{"rendered":"\t\t<div data-elementor-type=\"wp-page\" data-elementor-id=\"4480\" class=\"elementor elementor-4480\">\n\t\t\t\t\t\t<section class=\"elementor-section elementor-top-section elementor-element elementor-element-a93b0e3 elementor-section-boxed elementor-section-height-default elementor-section-height-default\" data-id=\"a93b0e3\" data-element_type=\"section\">\n\t\t\t\t\t\t<div class=\"elementor-container elementor-column-gap-default\">\n\t\t\t\t\t<div class=\"elementor-column elementor-col-100 elementor-top-column elementor-element elementor-element-25f86fb\" data-id=\"25f86fb\" data-element_type=\"column\">\n\t\t\t<div class=\"elementor-widget-wrap elementor-element-populated\">\n\t\t\t\t\t\t<div class=\"elementor-element elementor-element-b865514 elementor-widget elementor-widget-html\" data-id=\"b865514\" data-element_type=\"widget\" data-widget_type=\"html.default\">\n\t\t\t\t<div class=\"elementor-widget-container\">\n\t\t\t<title><b>PORTARIA CAL\/UFSM N. 002, DE 16 DE ABRIL DE 2021<\/b><\/title>\r\n<div align=\"center\"><img decoding=\"async\" src=\"https:\/\/www.ufsm.br\/pro-reitorias\/proplan\/wp-content\/uploads\/sites\/344\/2019\/09\/brasao-da-republica-do-brasil-logo.png\" alt=\"Bras\u00e3o Rep\u00fablica Federativa do Brasil\" width=\"6%\" height=\"6%\"><\/div>\r\n<h1><font color=\"blue\"><font size=\"5\"><div align=\"center\">MINIST\u00c9RIO DA EDUCA\u00c7\u00c3O<\/b><\/font><\/font><\/div><\/H1>\r\n<p><b><font color=\"0000blue\"><div align=\"center\">UNIVERSIDADE FEDERAL DE SANTA MARIA<\/b><\/font><\/div>\r\n<b><font color=\"0000blue\"><div align=\"center\">CENTRO DE ARTES E LETRAS<\/b><\/font><\/div><\/p>\r\n<div align=\"center\"><b><a href=\"https:\/\/portal.ufsm.br\/documentos\/publico\/documento.html?idDocumento=13531704\" target=\"_blank\"><font color=\"blue\">PORTARIA CAL\/UFSM N. 002, DE 16 DE ABRIL DE 2021<\/font><\/a><\/b><\/div>\r\n<br>\r\n<p><a href=\"https:\/\/www.ufsm.br\/pro-reitorias\/proplan?page_id=5264\" target=\"_blank\"><font color=\"blue\">Revogada pela Resolu\u00e7\u00e3o UFSM N. 116\/2023<\/font><\/a><\/p>\r\n<br><div align=\"justify\">\r\n<s>\r\n<p>O DIRETOR DO CENTRO DE ARTES E LETRAS DA UNIVERSIDADE FEDERAL DE SANTA MARIA, nomeado pela  <a href=\"https:\/\/portal.ufsm.br\/documentos\/publico\/documento.html?id=11377298\" target=\"_blank\"><font color=\"blue\">Portaria n\u00b0 91.420\/18<\/font><\/a>, no uso de suas atribui\u00e7\u00f5es legais, em virtude da delega\u00e7\u00e3o de compet\u00eancia atribu\u00edda pela  <a href=\"https:\/\/portal.ufsm.br\/documentos\/publico\/documento.html?id=7162479\" target=\"_blank\"><font color=\"blue\">Portaria n\u00b0 55.927<\/font><\/a>, de 29 de setembro de 2009, e tendo em vista:<\/p>\r\n<p>- o Art. 56 da <a href=\"http:\/\/www.planalto.gov.br\/ccivil_03\/leis\/l9394.htm\" target=\"_blank\"><font color=\"blue\">Lei N. 9.394<\/font><\/a>, de 20 de dezembro de 1996, que estabelece as diretrizes e bases da educa\u00e7\u00e3o nacional;<\/p>\r\n<p>- o <a href=\"http:\/\/www.planalto.gov.br\/ccivil_03\/_ato2015-2018\/2017\/decreto\/D9191.htm\" target=\"_blank\"><font color=\"blue\">Decreto N. 9.191<\/font><\/a>, de 1\u00ba de novembro de 2017, que estabelece as normas e as diretrizes para elabora\u00e7\u00e3o, reda\u00e7\u00e3o, altera\u00e7\u00e3o, consolida\u00e7\u00e3o e encaminhamento de propostas de atos normativos ao Presidente da Rep\u00fablica pelos Ministros de Estado;<\/p>\r\n<p>- o <a href=\"http:\/\/www.planalto.gov.br\/ccivil_03\/_ato2019-2022\/2019\/decreto\/D9759.htm\" target=\"_blank\"><font color=\"blue\">Decreto N. 9.759<\/font><\/a>, de 11 de abril de 2019, que extingue e estabelece diretrizes, regras e limita\u00e7\u00f5es para colegiados da administra\u00e7\u00e3o p\u00fablica federal; e,<\/p>\r\n<p>- o que consta no Processo n\u00ba <a href=\"https:\/\/portal.ufsm.br\/documentos\/publico\/processo\/documento.html?idDocumento=13499372\" target=\"_blank\"><font color=\"blue\">23081.031493\/2021-13<\/font><\/a>;\r\n<br>\r\n<p><b><div align=\"center\">RESOLVE:<\/b><\/div><\/p>\r\n<br>\r\n<p>Art.  1\u00ba Aprovar a cria\u00e7\u00e3o do \u00f3rg\u00e3o colegiado tempor\u00e1rio denominado \u201cComiss\u00e3o organizadora do 36\u00ba Festival Internacional de Inverno da UFSM\u201d vinculado ao Departamento de M\u00fasica do Centro de Artes e Letras (CAL) da Universidade Federal de Santa Maria (UFSM).<\/p>\r\n<br>\r\n<p>T\u00cdTULO I<\/p>\r\n<p>DAS COMPET\u00caNCIAS<\/p>\r\n<br>\r\n<p>Art. 2\u00ba Compete \u00e0 Comiss\u00e3o organizar o 36\u00ba Festival Internacional de Inverno da UFSM, definindo estrat\u00e9gias pedag\u00f3gicas e art\u00edsticas para sua viabilidade.<\/p> \r\n<br>\r\n<p>T\u00cdTULO II<\/p>\r\n<p>DA COMPOSI\u00c7\u00c3O E AUTORIDADE<\/p>\r\n<br>\r\n<p>Art. 3\u00ba A composi\u00e7\u00e3o da Comiss\u00e3o \u00e9 constitu\u00edda pelo coordenador geral do projeto do Festival de Inverno e quatro coordenadores de \u00e1rea, sendo o coordenador geral o presidente da Comiss\u00e3o.<\/p> \r\n<br>\r\n<p>T\u00cdTULO III<\/p>\r\n<p>DO QU\u00d3RUM DE REUNI\u00c3O E DE VOTA\u00c7\u00c3O<\/p>\r\n<br> \r\n<p>Art. 4\u00ba As reuni\u00f5es acontecer\u00e3o com a presen\u00e7a m\u00ednima da maioria absoluta dos seus membros, considerando-se esse o n\u00famero legal para a delibera\u00e7\u00e3o e vota\u00e7\u00e3o.<\/p> \r\n<br>\r\n<p>T\u00cdTULO IV<\/p>\r\n<p>DA PERIODICIDADE DAS REUNI\u00d5ES<\/p> \r\n<br>\r\n<p>Art.  5\u00b0 A Comiss\u00e3o reunir-se-\u00e1, ordinariamente, 01 (uma) vez por m\u00eas ou extraordinariamente, sempre que convocada pelo(a) presidente e desde que haja demanda para o referido \u00f3rg\u00e3o colegiado.<\/p>\r\n<br>\r\n<p>T\u00cdTULO V<\/p> \r\n<p>DO \u00d3RG\u00c3O DE APOIO ADMINISTRATIVO<\/p>\r\n<br> \r\n<p>Art. 6\u00ba Os \u00f3rg\u00e3os de apoio administrativo da Comiss\u00e3o s\u00e3o a Pr\u00f3-Reitoria de Extens\u00e3o, o Departamento de M\u00fasica e a Secretaria do Centro de Artes e Letras.<\/p>\r\n<br>\r\n<p>T\u00cdTULO VI<\/p> \r\n<p>DO TERMO DE CONCLUS\u00c3O DOS TRABALHOS<\/p> \r\n<br>\r\n<p>Art.  7\u00ba O termo de conclus\u00e3o dos trabalhos da Comiss\u00e3o se dar\u00e1 em 31 de dezembro de 2021.<\/p> \r\n<br>\r\n<p>T\u00cdTULO VII<\/p>\r\n<p>DOS MEMBROS N\u00c3O NATOS<\/p>\r\n<br>\r\n<p>Art.  8\u00ba Os membros coordenadores de \u00e1rea s\u00e3o indicados pelo Chefe do Departamento de M\u00fasica, por recomenda\u00e7\u00e3o do coordenador geral do projeto do Festival de Inverno, e designados por portaria pelo Diretor do Centro de Artes e Letras.<\/p> \r\n<br>\r\n<p>T\u00cdTULO VIII<\/p> \r\n<p>DO RELAT\u00d3RIO FINAL<\/p> \r\n<br>\r\n<p>Art. 9\u00ba O relat\u00f3rio final das atividades da Comiss\u00e3o dever\u00e1 ser encaminhado \u00e0 Chefia do Departamento de M\u00fasica em at\u00e9 60 dias ap\u00f3s o final do evento.<\/p>\r\n<br>\r\n<p>T\u00cdTULO IX<\/p>\r\n<p>DAS DISPOSI\u00c7\u00d5ES GERAIS E TRANSIT\u00d3RIAS<\/p>\r\n<br> \r\n<p>Art. 10. \u00c9 vedada a divulga\u00e7\u00e3o de discuss\u00f5es em curso sem a pr\u00e9via anu\u00eancia da Chefia do Departamento de M\u00fasica.<\/p> \r\n<br>\r\n<p>Art. 11. A participa\u00e7\u00e3o dos membros deste \u00f3rg\u00e3o colegiado ser\u00e1 considerada presta\u00e7\u00e3o de servi\u00e7o p\u00fablico relevante e n\u00e3o ser\u00e1 remunerada.<\/p>\r\n<br>\r\n<p>Art. 12. \u00c9 vedada a possibilidade de cria\u00e7\u00e3o de subcolegiados por ato deste colegiado.<\/p> \r\n<br>\r\n<p>Art. 13. Esta Portaria entra em vigor em 19 de abril de 2021, por se tratar de urg\u00eancia justificada no expediente administrativo, e ter\u00e1 vig\u00eancia at\u00e9 31 de dezembro de 2021.<\/p>\r\n<p>Par\u00e1grafo \u00fanico. Havendo qualquer modifica\u00e7\u00e3o legislativa, ou ainda, havendo qualquer situa\u00e7\u00e3o legal que impacte na legalidade da presente Portaria, a mesma se aplica de imediato.<\/p> \r\n<br>\r\n<p>CL\u00c1UDIO ANTONIO ESTEVES<\/p>\r\n<\/s>\r\n<br>\r\n<p><font color=\"red0000\">Este texto n\u00e3o substitui o documento original, publicado no Portal de Documentos em 5 de outubro de 2020.<\/font> Dispon\u00edvel em: <a href=\"https:\/\/portal.ufsm.br\/documentos\/publico\/documento.html?idDocumento=13531704\" target=\"_blank\"><font color=\"blue\">https:\/\/portal.ufsm.br\/documentos\/publico\/documento.html?idDocumento=13531704<\/font><\/a>\r\n\r\n\t\t<\/div>\n\t\t\t\t<\/div>\n\t\t\t\t\t<\/div>\n\t\t<\/div>\n\t\t\t\t\t<\/div>\n\t\t<\/section>\n\t\t\t\t<\/div>\n\t\t","protected":false},"excerpt":{"rendered":"<p>PORTARIA CAL\/UFSM N. 002, DE 16 DE ABRIL DE 2021 MINIST\u00c9RIO DA EDUCA\u00c7\u00c3O UNIVERSIDADE FEDERAL DE SANTA MARIA CENTRO DE ARTES E LETRAS PORTARIA CAL\/UFSM N. 002, DE 16 DE ABRIL DE 2021 Revogada pela Resolu\u00e7\u00e3o UFSM N. 116\/2023 O DIRETOR DO CENTRO DE ARTES E LETRAS DA UNIVERSIDADE FEDERAL DE SANTA MARIA, nomeado pela [&hellip;]<\/p>\n","protected":false},"author":206,"featured_media":0,"parent":0,"menu_order":0,"comment_status":"closed","ping_status":"closed","template":"","meta":{"footnotes":""},"categories":[],"tags":[],"class_list":["post-4480","page","type-page","status-publish","hentry"],"acf":[],"_links":{"self":[{"href":"https:\/\/www.ufsm.br\/pro-reitorias\/proplan\/wp-json\/wp\/v2\/pages\/4480","targetHints":{"allow":["GET"]}}],"collection":[{"href":"https:\/\/www.ufsm.br\/pro-reitorias\/proplan\/wp-json\/wp\/v2\/pages"}],"about":[{"href":"https:\/\/www.ufsm.br\/pro-reitorias\/proplan\/wp-json\/wp\/v2\/types\/page"}],"author":[{"embeddable":true,"href":"https:\/\/www.ufsm.br\/pro-reitorias\/proplan\/wp-json\/wp\/v2\/users\/206"}],"replies":[{"embeddable":true,"href":"https:\/\/www.ufsm.br\/pro-reitorias\/proplan\/wp-json\/wp\/v2\/comments?post=4480"}],"version-history":[{"count":0,"href":"https:\/\/www.ufsm.br\/pro-reitorias\/proplan\/wp-json\/wp\/v2\/pages\/4480\/revisions"}],"wp:attachment":[{"href":"https:\/\/www.ufsm.br\/pro-reitorias\/proplan\/wp-json\/wp\/v2\/media?parent=4480"}],"wp:term":[{"taxonomy":"category","embeddable":true,"href":"https:\/\/www.ufsm.br\/pro-reitorias\/proplan\/wp-json\/wp\/v2\/categories?post=4480"},{"taxonomy":"post_tag","embeddable":true,"href":"https:\/\/www.ufsm.br\/pro-reitorias\/proplan\/wp-json\/wp\/v2\/tags?post=4480"}],"curies":[{"name":"wp","href":"https:\/\/api.w.org\/{rel}","templated":true}]}}