{"id":4484,"date":"2021-05-20T15:49:28","date_gmt":"2021-05-20T18:49:28","guid":{"rendered":"https:\/\/www.ufsm.br\/pro-reitorias\/proplan\/?page_id=4484"},"modified":"2021-05-20T15:50:13","modified_gmt":"2021-05-20T18:50:13","slug":"instrucao-normativa-prograd-ufsm-n-001-2021","status":"publish","type":"page","link":"https:\/\/www.ufsm.br\/pro-reitorias\/proplan\/instrucao-normativa-prograd-ufsm-n-001-2021","title":{"rendered":"INSTRU\u00c7\u00c3O NORMATIVA PROGRAD\/UFSM N. 001\/2021"},"content":{"rendered":"\t\t<div data-elementor-type=\"wp-page\" data-elementor-id=\"4484\" class=\"elementor elementor-4484\">\n\t\t\t\t\t\t<section class=\"elementor-section elementor-top-section elementor-element elementor-element-8072862 elementor-section-boxed elementor-section-height-default elementor-section-height-default\" data-id=\"8072862\" data-element_type=\"section\">\n\t\t\t\t\t\t<div class=\"elementor-container elementor-column-gap-default\">\n\t\t\t\t\t<div class=\"elementor-column elementor-col-100 elementor-top-column elementor-element elementor-element-1641d51\" data-id=\"1641d51\" data-element_type=\"column\">\n\t\t\t<div class=\"elementor-widget-wrap elementor-element-populated\">\n\t\t\t\t\t\t<div class=\"elementor-element elementor-element-0d93933 elementor-widget elementor-widget-html\" data-id=\"0d93933\" data-element_type=\"widget\" data-widget_type=\"html.default\">\n\t\t\t\t<div class=\"elementor-widget-container\">\n\t\t\t\r\n\r\n\r\n<title><b>INSTRU\u00c7\u00c3O NORMATIVA PROGRAD\/UFSM N. 001\/2021<\/b><\/title>\r\n\r\n\r\n<div align=\"center\"><img decoding=\"async\" src=\"https:\/\/www.ufsm.br\/pro-reitorias\/proplan\/wp-content\/uploads\/sites\/344\/2019\/09\/brasao-da-republica-do-brasil-logo.png\" alt=\"Bras\u00e3o Rep\u00fablica Federativa do Brasil\" width=\"6%\" height=\"6%\"><\/div>    \r\n<h1><font color=\"blue\"><font size=\"5\"><div align=\"center\">MINIST\u00c9RIO DA EDUCA\u00c7\u00c3O<\/b><\/font><\/font><\/div><\/H1>\r\n<p><b><font color=\"0000blue\"><div align=\"center\">UNIVERSIDADE FEDERAL DE SANTA MARIA<\/b><\/font><\/div><\/p>\r\n\r\n<p><div align=\"center\"><b><a href=\"https:\/\/portal.ufsm.br\/documentos\/publico\/documento.html?id=13490099\" target=\"_blank\"><font color=\"blue\">INSTRU\u00c7\u00c3O NORMATIVA PROGRAD\/UFSM N. 001, DE 07 DE ABRIL DE 2021<\/font><\/a><\/b><\/div><\/p>\r\n<br>\r\n<p><div align=\"right\"><font color=\"800000\">Estabelece orienta\u00e7\u00f5es t\u00e9cnicas sobre o Sistema de Matr\u00edculas Extracurriculares.<\/font><\/div><\/p>\r\n<br>\r\n<br><div align=\"justify\">\r\n\r\n<p>A PR\u00d3-REITORA DE GRADUA\u00c7\u00c3O DA UNIVERSIDADE FEDERAL DE SANTA MARIA, no uso que lhe confere o <a href=\"https:\/\/www.ufsm.br\/pro-reitorias\/proplan\/regimento-geral-da-ufsm-com-alteracoes-compiladas-pela-resolucao-n-016-2019\/\" target=\"_blank\"><font color=\"blue\"><u>Art. 19 do Regimento Geral da UFSM<\/u><\/font><\/a>, e considerando:<\/p>\r\n<p>- A <a href=\"https:\/\/www.ufsm.br\/pro-reitorias\/proplan\/resolucao-n-015-1999\/\" target=\"_blank\"><font color=\"blue\"><u>Resolu\u00e7\u00e3o 015\/99<\/u><\/font><\/a> que disp\u00f5e sobre solicita\u00e7\u00e3o de disciplinas extracurriculares em curso de gradua\u00e7\u00e3o por aluno regular e revoga a <a href=\"https:\/\/www.ufsm.br\/pro-reitorias\/proplan\/resolucao-n-014-1999\/\" target=\"_blank\"><font color=\"blue\"><u>Resolu\u00e7\u00e3o N. 014\/99<\/u><\/font><\/a>.<\/p>\r\n<br>\r\n<p>ESTABELECE:<\/p>\r\n<br>\r\n<p>Art. 1\u00ba A operacionaliza\u00e7\u00e3o de Matr\u00edculas Extracurriculares em Cursos de Gradua\u00e7\u00e3o da UFSM ser\u00e1 realizada, em conson\u00e2ncia com a Resolu\u00e7\u00e3o 015\/99, por interm\u00e9dio do Sistema de Matr\u00edculas Extracurriculares.<\/p>\r\n<p>Art. 2\u00ba O Sistema de Matr\u00edculas Extracurriculares \u00e9 acess\u00edvel, para solicita\u00e7\u00e3o do acad\u00eamico, no Portal do Aluno.<\/p>\r\n<p>Art. 3\u00ba S\u00e3o consideradas como disciplinas extracurriculares aquelas ofertadas por outros cursos, diferentes do curso da origem de ingresso do acad\u00eamico.<\/p>\r\n<p>Art. 4\u00ba O n\u00famero de disciplinas extracurriculares permitido ao aluno \u00e9 de, no m\u00e1ximo, 10 (dez) em cada curso diferente do seu curso de origem.<\/p>\r\n<p>Par\u00e1grafo \u00fanico - Se a disciplina solicitada pelo aluno fizer parte da grade curricular do seu curso, ela n\u00e3o \u00e9 considerada na contagem desse limite.<\/p>\r\n<p>Art. 5\u00ba Ser\u00e3o considerados sempre os pr\u00e9-requisitos do curso que ofertou a disciplina.<\/p>\r\n<p>Art. 6\u00ba Para a classifica\u00e7\u00e3o dos acad\u00eamicos inscritos nas disciplinas do Sistema de Matr\u00edculas Extracurriculares ser\u00e3o considerados, de acordo com a pr\u00e1tica administrativa da UFSM:<\/p>\r\n<p>I \u2013 \u00cdndice de Desempenho Acad\u00eamico;<\/p>\r\n<p>II \u2013 Prioridade para cursos de mesma unidade universit\u00e1ria;<\/p>\r\n<p>III \u2013 Percentual de integraliza\u00e7\u00e3o da carga hor\u00e1ria no curso de origem \u2013 pontuando o acad\u00eamico (a) que tiver mais de 80% do curso integralizado.<\/p>\r\n<p>Art. 7\u00ba Alunos poder\u00e3o solicitar cancelamento em matr\u00edculas do seu pr\u00f3prio curso pelo Portal do Aluno durante o per\u00edodo de matr\u00edcula extracurricular.<\/p>\r\n<br>\r\n<p>Jer\u00f4nimo Siqueira Tybusch<\/p>\r\n<p>Pr\u00f3-Reitor de Gradua\u00e7\u00e3o<\/p>\r\n<br>\r\n<br>\r\n<p><font color=\"red0000\">Este texto n\u00e3o substitui o documento original, publicado no Portal de Documentos em 07 de abril de 2021.<\/font> Dispon\u00edvel em: <a href=\"https:\/\/portal.ufsm.br\/documentos\/publico\/documento.html?id=13490099\"><font color=\"blue\">https:\/\/portal.ufsm.br\/documentos\/publico\/documento.html?id=13490099<\/font><\/a>\r\n\r\n\t\t<\/div>\n\t\t\t\t<\/div>\n\t\t\t\t\t<\/div>\n\t\t<\/div>\n\t\t\t\t\t<\/div>\n\t\t<\/section>\n\t\t\t\t<\/div>\n\t\t","protected":false},"excerpt":{"rendered":"<p>INSTRU\u00c7\u00c3O NORMATIVA PROGRAD\/UFSM N. 001\/2021 MINIST\u00c9RIO DA EDUCA\u00c7\u00c3O UNIVERSIDADE FEDERAL DE SANTA MARIA INSTRU\u00c7\u00c3O NORMATIVA PROGRAD\/UFSM N. 001, DE 07 DE ABRIL DE 2021 Estabelece orienta\u00e7\u00f5es t\u00e9cnicas sobre o Sistema de Matr\u00edculas Extracurriculares. A PR\u00d3-REITORA DE GRADUA\u00c7\u00c3O DA UNIVERSIDADE FEDERAL DE SANTA MARIA, no uso que lhe confere o Art. 19 do Regimento Geral da [&hellip;]<\/p>\n","protected":false},"author":206,"featured_media":0,"parent":0,"menu_order":0,"comment_status":"closed","ping_status":"closed","template":"","meta":{"footnotes":""},"categories":[],"tags":[],"class_list":["post-4484","page","type-page","status-publish","hentry"],"acf":[],"_links":{"self":[{"href":"https:\/\/www.ufsm.br\/pro-reitorias\/proplan\/wp-json\/wp\/v2\/pages\/4484","targetHints":{"allow":["GET"]}}],"collection":[{"href":"https:\/\/www.ufsm.br\/pro-reitorias\/proplan\/wp-json\/wp\/v2\/pages"}],"about":[{"href":"https:\/\/www.ufsm.br\/pro-reitorias\/proplan\/wp-json\/wp\/v2\/types\/page"}],"author":[{"embeddable":true,"href":"https:\/\/www.ufsm.br\/pro-reitorias\/proplan\/wp-json\/wp\/v2\/users\/206"}],"replies":[{"embeddable":true,"href":"https:\/\/www.ufsm.br\/pro-reitorias\/proplan\/wp-json\/wp\/v2\/comments?post=4484"}],"version-history":[{"count":0,"href":"https:\/\/www.ufsm.br\/pro-reitorias\/proplan\/wp-json\/wp\/v2\/pages\/4484\/revisions"}],"wp:attachment":[{"href":"https:\/\/www.ufsm.br\/pro-reitorias\/proplan\/wp-json\/wp\/v2\/media?parent=4484"}],"wp:term":[{"taxonomy":"category","embeddable":true,"href":"https:\/\/www.ufsm.br\/pro-reitorias\/proplan\/wp-json\/wp\/v2\/categories?post=4484"},{"taxonomy":"post_tag","embeddable":true,"href":"https:\/\/www.ufsm.br\/pro-reitorias\/proplan\/wp-json\/wp\/v2\/tags?post=4484"}],"curies":[{"name":"wp","href":"https:\/\/api.w.org\/{rel}","templated":true}]}}