{"id":4488,"date":"2021-05-25T14:54:21","date_gmt":"2021-05-25T17:54:21","guid":{"rendered":"https:\/\/www.ufsm.br\/pro-reitorias\/proplan\/?page_id=4488"},"modified":"2021-05-25T14:54:47","modified_gmt":"2021-05-25T17:54:47","slug":"resolucao-n-017-2017-2","status":"publish","type":"page","link":"https:\/\/www.ufsm.br\/pro-reitorias\/proplan\/resolucao-n-017-2017-2","title":{"rendered":"Resolu\u00e7\u00e3o N. 017\/2017"},"content":{"rendered":"\t\t<div data-elementor-type=\"wp-page\" data-elementor-id=\"4488\" class=\"elementor elementor-4488\">\n\t\t\t\t\t\t<section class=\"elementor-section elementor-top-section elementor-element elementor-element-c323a5c elementor-section-boxed elementor-section-height-default elementor-section-height-default\" data-id=\"c323a5c\" data-element_type=\"section\">\n\t\t\t\t\t\t<div class=\"elementor-container elementor-column-gap-default\">\n\t\t\t\t\t<div class=\"elementor-column elementor-col-100 elementor-top-column elementor-element elementor-element-987be09\" data-id=\"987be09\" data-element_type=\"column\">\n\t\t\t<div class=\"elementor-widget-wrap elementor-element-populated\">\n\t\t\t\t\t\t<div class=\"elementor-element elementor-element-bd76237 elementor-widget elementor-widget-html\" data-id=\"bd76237\" data-element_type=\"widget\" data-widget_type=\"html.default\">\n\t\t\t\t<div class=\"elementor-widget-container\">\n\t\t\t\n\n\n<title><b>RESOLU\u00c7\u00c3O N. 017\/2017<\/b><\/title>\n\n\n<div align=\"center\"><img decoding=\"async\" src=\"https:\/\/www.ufsm.br\/pro-reitorias\/proplan\/wp-content\/uploads\/sites\/344\/2019\/09\/brasao-da-republica-do-brasil-logo.png\" alt=\"Bras\u00e3o Rep\u00fablica Federativa do Brasil\" width=\"6%\" height=\"6%\"><\/div>    \n<h1><font color=\"blue\"><font size=\"5\"><div align=\"center\">MINIST\u00c9RIO DA EDUCA\u00c7\u00c3O<\/b><\/font><\/font><\/div><\/H1>\n<p><b><font color=\"0000blue\"><div align=\"center\">UNIVERSIDADE FEDERAL DE SANTA MARIA<\/b><\/font><\/div><\/p>\n\n<p><div align=\"center\"><b><a href=\"https:\/\/portal.ufsm.br\/documentos\/publico\/documento.html?id=8607212\"><font color=\"blue\">RESOLU\u00c7\u00c3O N. 017\/2017<\/font><\/a><\/b><\/div><\/p>\n<br>\n<p><div align=\"right\"><font color=\"800000\">Aprova a cria\u00e7\u00e3o do N\u00facleo de Gest\u00e3o de Laborat\u00f3rios \u2013 SGLab CT, como \u00d3rg\u00e3o Suplementar Setorial na estrutura organizacional do Centro de Tecnologia \u2013 CT e d\u00e1 outras provid\u00eancias.<\/font><\/div><\/p>\n<br><div align=\"justify\">\n<p>O REITOR DA UNIVERSIDADE FEDERAL DE SANTA MARIA, no uso de suas atribui\u00e7\u00f5es legais e estatut\u00e1rias e considerando:<\/p>\n<p>- O SGLab CT visa atuar no desenvolvimento, na gest\u00e3o e na execu\u00e7\u00e3o de atividades relacionadas a implanta\u00e7\u00e3o e manuten\u00e7\u00e3o dos sistemas da qualidade dos laborat\u00f3rios de ensaio e calibra\u00e7\u00e3o do CT baseados na ABNT NBR ISSO\/IEC 17025;<\/p>\n<p>- o Parecer n. 015\/2016 da Comiss\u00e3o de Legisla\u00e7\u00e3o e Normas do Centro de Tecnologia de 23\/08\/2016, aprovado na Sess\u00e3o n. 510\u00aa de 15\/06\/2016;<\/p> \n<p>- o Parecer n. 066\/2017 da Comiss\u00e3o de Legisla\u00e7\u00e3o e Regimentos (CLR), aprovado na 798\u00aa Sess\u00e3o do Conselho Universit\u00e1rio, de 11 de agosto de 2017, referente ao Processo n. <a href=\"https:\/\/portal.ufsm.br\/documentos\/publico\/processo\/documento.html?idDocumento=7569309\" target=\"_blank\"><font color=\"blue\"><u>23081.020557\/2016-85<\/u><\/font><\/a>, e<\/p>\n<p>- o Parecer n. 082\/2017 da Comiss\u00e3o de Legisla\u00e7\u00e3o e Regimentos (CLR), aprovado na 800\u00aa Sess\u00e3o do Conselho Universit\u00e1rio, de 05 de outubro de 2017, referente ao Processo n. <a href=\"https:\/\/portal.ufsm.br\/documentos\/publico\/processo\/documento.html?idDocumento=7569309\" target=\"_blank\"><font color=\"blue\"><u>23081.020557\/2016-85<\/u><\/font><\/a>.<\/p>\n<br>\n<p><b><div align=\"center\">RESOLVE:<\/b><\/div><\/p>\n<br>\n<p>Art. 1\u00ba Aprovar a cria\u00e7\u00e3o do N\u00facleo de Gest\u00e3o de Laborat\u00f3rios \u2013 SGLab CT, como \u00d3rg\u00e3o Suplementar Setorial na estrutura organizacional do Centro de Tecnologia \u2013 CT.<\/p>\n<p>Par\u00e1grafo \u00fanico. O Regimento Interno do N\u00facleo de Gest\u00e3o de Laborat\u00f3rios \u2013 SGLab \u00e9 aprovado na forma de Anexo a esse ato.<\/p>\n\n<p>Art. 2\u00ba Caber\u00e1 \u00e0 Pr\u00f3-Reitoria de Planejamento proceder \u00e0s altera\u00e7\u00f5es no Sistema de Classifica\u00e7\u00e3o Institucional, \u00e0 Pr\u00f3-Reitoria de Gest\u00e3o de Pessoas a relota\u00e7\u00e3o dos recursos humanos e destina\u00e7\u00e3o de fun\u00e7\u00e3o gratificada FG7.146 ao Chefe do N\u00facleo de Gest\u00e3o de Laborat\u00f3rios, e ao Departamento de Material e Patrim\u00f4nio a adequa\u00e7\u00e3o do registro dos m\u00f3veis e equipamentos.<\/p>\n<p>Art. 3\u00ba Esta resolu\u00e7\u00e3o entrar\u00e1 em vigor na data de sua assinatura e revoga as disposi\u00e7\u00f5es em contr\u00e1rio.<\/p>\n\n<p>GABINETE DO REITOR DA UNIVERSIDADE FEDERAL DE SANTA MARIA, aos cinco dias do m\u00eas de outubro do ano dois mil e dezessete.<\/p>\n<\/div>\n<p>Paulo Afonso Burmann,<\/p>\n<p>Reitor.<\/p>\n\n\n<p><font color=\"red0000\">Este texto n\u00e3o substitui o documento original, publicado no Portal de Documentos.<\/font> Dispon\u00edvel em: <a href=\"https:\/\/portal.ufsm.br\/documentos\/publico\/documento.html?id=8607212\"><font color=\"blue\">https:\/\/portal.ufsm.br\/documentos\/publico\/documento.html?id=8607212<\/font><\/a>\n\n\t\t<\/div>\n\t\t\t\t<\/div>\n\t\t\t\t\t<\/div>\n\t\t<\/div>\n\t\t\t\t\t<\/div>\n\t\t<\/section>\n\t\t\t\t<\/div>\n\t\t","protected":false},"excerpt":{"rendered":"<p>RESOLU\u00c7\u00c3O N. 017\/2017 MINIST\u00c9RIO DA EDUCA\u00c7\u00c3O UNIVERSIDADE FEDERAL DE SANTA MARIA RESOLU\u00c7\u00c3O N. 017\/2017 Aprova a cria\u00e7\u00e3o do N\u00facleo de Gest\u00e3o de Laborat\u00f3rios \u2013 SGLab CT, como \u00d3rg\u00e3o Suplementar Setorial na estrutura organizacional do Centro de Tecnologia \u2013 CT e d\u00e1 outras provid\u00eancias. O REITOR DA UNIVERSIDADE FEDERAL DE SANTA MARIA, no uso de suas [&hellip;]<\/p>\n","protected":false},"author":206,"featured_media":0,"parent":0,"menu_order":0,"comment_status":"closed","ping_status":"closed","template":"","meta":{"footnotes":""},"categories":[],"tags":[],"class_list":["post-4488","page","type-page","status-publish","hentry"],"acf":[],"_links":{"self":[{"href":"https:\/\/www.ufsm.br\/pro-reitorias\/proplan\/wp-json\/wp\/v2\/pages\/4488","targetHints":{"allow":["GET"]}}],"collection":[{"href":"https:\/\/www.ufsm.br\/pro-reitorias\/proplan\/wp-json\/wp\/v2\/pages"}],"about":[{"href":"https:\/\/www.ufsm.br\/pro-reitorias\/proplan\/wp-json\/wp\/v2\/types\/page"}],"author":[{"embeddable":true,"href":"https:\/\/www.ufsm.br\/pro-reitorias\/proplan\/wp-json\/wp\/v2\/users\/206"}],"replies":[{"embeddable":true,"href":"https:\/\/www.ufsm.br\/pro-reitorias\/proplan\/wp-json\/wp\/v2\/comments?post=4488"}],"version-history":[{"count":0,"href":"https:\/\/www.ufsm.br\/pro-reitorias\/proplan\/wp-json\/wp\/v2\/pages\/4488\/revisions"}],"wp:attachment":[{"href":"https:\/\/www.ufsm.br\/pro-reitorias\/proplan\/wp-json\/wp\/v2\/media?parent=4488"}],"wp:term":[{"taxonomy":"category","embeddable":true,"href":"https:\/\/www.ufsm.br\/pro-reitorias\/proplan\/wp-json\/wp\/v2\/categories?post=4488"},{"taxonomy":"post_tag","embeddable":true,"href":"https:\/\/www.ufsm.br\/pro-reitorias\/proplan\/wp-json\/wp\/v2\/tags?post=4488"}],"curies":[{"name":"wp","href":"https:\/\/api.w.org\/{rel}","templated":true}]}}