{"id":4492,"date":"2021-06-01T09:44:34","date_gmt":"2021-06-01T12:44:34","guid":{"rendered":"https:\/\/www.ufsm.br\/pro-reitorias\/proplan\/?page_id=4492"},"modified":"2024-01-29T10:54:48","modified_gmt":"2024-01-29T13:54:48","slug":"resolucao-ufsm-n-051-2021","status":"publish","type":"page","link":"https:\/\/www.ufsm.br\/pro-reitorias\/proplan\/resolucao-ufsm-n-051-2021","title":{"rendered":"Resolu\u00e7\u00e3o UFSM N. 051\/2021"},"content":{"rendered":"\t\t<div data-elementor-type=\"wp-page\" data-elementor-id=\"4492\" class=\"elementor elementor-4492\">\n\t\t\t\t\t\t<section class=\"elementor-section elementor-top-section elementor-element elementor-element-46be96e elementor-section-boxed elementor-section-height-default elementor-section-height-default\" data-id=\"46be96e\" data-element_type=\"section\">\n\t\t\t\t\t\t<div class=\"elementor-container elementor-column-gap-default\">\n\t\t\t\t\t<div class=\"elementor-column elementor-col-100 elementor-top-column elementor-element elementor-element-0671dd1\" data-id=\"0671dd1\" data-element_type=\"column\">\n\t\t\t<div class=\"elementor-widget-wrap elementor-element-populated\">\n\t\t\t\t\t\t<div class=\"elementor-element elementor-element-330246b elementor-widget elementor-widget-html\" data-id=\"330246b\" data-element_type=\"widget\" data-widget_type=\"html.default\">\n\t\t\t\t<div class=\"elementor-widget-container\">\n\t\t\t\r\n\r\n\r\n<title><b>RESOLU\u00c7\u00c3O N. 051\/2021<\/b><\/title>\r\n\r\n\r\n<div align=\"center\"><img decoding=\"async\" src=\"https:\/\/www.ufsm.br\/pro-reitorias\/proplan\/wp-content\/uploads\/sites\/344\/2019\/09\/brasao-da-republica-do-brasil-logo.png\" alt=\"Bras\u00e3o Rep\u00fablica Federativa do Brasil\" width=\"6%\" height=\"6%\"><\/div>    \r\n<h1><font color=\"blue\"><font size=\"5\"><div align=\"center\">MINIST\u00c9RIO DA EDUCA\u00c7\u00c3O<\/b><\/font><\/font><\/div><\/H1>\r\n<p><b><font color=\"0000blue\"><div align=\"center\">UNIVERSIDADE FEDERAL DE SANTA MARIA<\/b><\/font><\/div><\/p>\r\n<p><div align=\"center\"><b><a href=\"https:\/\/portal.ufsm.br\/documentos\/publico\/documento.html?id=13564294\" target=\"_blank\"><font color=\"blue\">RESOLU\u00c7\u00c3O UFSM N. 051, DE 31 DE MAIO DE 2021<\/font><\/a><\/b><\/div><\/p>\r\n<br>\r\n<p><div align=\"right\"><font color=\"800000\">Retifica, devido a erro material, o caput dos artigos 1\u00ba, 6\u00ba e 7\u00ba e a denomina\u00e7\u00e3o do CAP\u00cdTULO III da Resolu\u00e7\u00e3o N. 048, de 30 de abril de 2021.<\/font><\/div><\/p>\r\n<br>\r\n<p><a href=\"https:\/\/www.ufsm.br\/pro-reitorias\/proplan?page_id=5264\" target=\"_blank\"><font color=\"blue\">Revogada pela Resolu\u00e7\u00e3o UFSM N. 116\/2023<\/font><\/a><\/p>\r\n<br><div align=\"justify\">\r\n<s>\r\n<p>O REITOR DA UNIVERSIDADE FEDERAL DE SANTA MARIA, no uso de suas atribui\u00e7\u00f5es legais e estatut\u00e1rias, e considerando:<\/p>\r\n<p>- a <a href=\"http:\/\/www.planalto.gov.br\/ccivil_03\/leis\/l5540.htm\" target=\"_blank\"><font color=\"blue\"><u>Lei N. 5.540, de 28 de novembro de 1968<\/u><\/font><\/a>, que Fixa normas de organiza\u00e7\u00e3o e funcionamento do ensino superior e sua articula\u00e7\u00e3o com a escola m\u00e9dia, e d\u00e1 outras provid\u00eancias;<\/p>\r\n<p>- o art. 1\u00ba da <a href=\"http:\/\/www.planalto.gov.br\/ccivil_03\/leis\/l9192.htm\" target=\"_blank\"><font color=\"blue\"><u>Lei 9.192, de 21 de dezembro de 1995<\/u><\/font><\/a>, que altera dispositivos da <a href=\"\t\" target=\"_blank\"><font color=\"blue\"><u>Lei N. 5.540, de 28 de novembro de 1968<\/u><\/font><\/a>, que regulamentam o processo de escolha dos dirigentes universit\u00e1rios;<\/p>\r\n<p>- o art. 1\u00ba do <a href=\"http:\/\/www.planalto.gov.br\/ccivil_03\/decreto\/d1916.htm\" target=\"_blank\"><font color=\"blue\"><u>Decreto 1.916, de 23 de maio de 1996<\/u><\/font><\/a>, que regulamenta o processo de escolha dos dirigentes de institui\u00e7\u00f5es federais de ensino superior, nos termos da <a href=\"http:\/\/www.planalto.gov.br\/ccivil_03\/leis\/l9192.htm\" target=\"_blank\"><font color=\"blue\"><u>Lei N. 9.192, de 21 de dezembro de 1995<\/u><\/font><\/a>;<\/p>\r\n<p>\u2013 o <a href=\"http:\/\/www.planalto.gov.br\/ccivil_03\/_Ato2007-2010\/2007\/Decreto\/D6264.htm\" target=\"_blank\"><font color=\"blue\"><u>Decreto N. 6.264, de 22 de novembro de 2007<\/u><\/font><\/a>, que altera e acresce dispositivos ao do <a href=\"http:\/\/www.planalto.gov.br\/ccivil_03\/decreto\/d1916.htm\" target=\"_blank\"><font color=\"blue\"><u>Decreto N. 1.916, de 23 de maio de 1996<\/u><\/font><\/a>, que regulamenta o processo de escolha dos dirigentes de institui\u00e7\u00f5es federais de ensino superior, nos termos da <a href=\"http:\/\/www.planalto.gov.br\/ccivil_03\/leis\/l9192.htm\" target=\"_blank\"><font color=\"blue\"><u>Lei N. 9.192, de 21 de dezembro de 1995<\/u><\/font><\/a>, e d\u00e1 outras provid\u00eancias;<\/p>\r\n<p>- o art. 25 do <a href=\"https:\/\/www.ufsm.br\/pro-reitorias\/proplan\/estatuto-ufsm-2010\/\" target=\"_blank\"><font color=\"blue\"><u>Estatuto<\/u><\/font><\/a> da Universidade Federal de Santa Maria, com as adequa\u00e7\u00f5es aprovadas pela <a href=\"https:\/\/www.ufsm.br\/pro-reitorias\/proplan\/resolucao-n-037-2010\/\" target=\"_blank\"><font color=\"blue\"><u>Resolu\u00e7\u00e3o UFSM N. 037\/2010<\/u><\/font><\/a> e aprovadas pela Portaria N. 156, de 12 de mar\u00e7o de 2014, publicada no Di\u00e1rio Oficial da Uni\u00e3o em 13 de mar\u00e7o de 2014;<\/p>\r\n<p>\u2013 a Nota T\u00e9cnica N. 400\/2018\/CGLNES\/GAB\/SESU\/SESU; e,<\/p>\r\n<p>- o Parecer N. 040\/2021 da Comiss\u00e3o de Legisla\u00e7\u00e3o e Regimentos (CLR), aprovado na 836\u00aa Sess\u00e3o do Conselho Universit\u00e1rio (CONSU), de 28 de abril de 2021, referente ao Processo N. <a href=\"https:\/\/portal.ufsm.br\/documentos\/publico\/processo\/documento.html?idDocumento=13493207\" target=\"_blank\"><font color=\"blue\"><u>23081.030055\/2021-20<\/u><\/font><\/a>.<\/p>\r\n<br>\r\n<p>RESOLVE:<\/p>\r\n<br>\r\n<p>Art. 1\u00ba Retificar, devido a erro material, o caput dos artigos 1\u00ba, 6\u00ba e 7\u00ba e a denomina\u00e7\u00e3o do CAP\u00cdTULO III da <a href=\"https:\/\/www.ufsm.br\/pro-reitorias\/proplan\/resolucao-ufsm-n-048-2021\/\" target=\"_blank\"><font color=\"blue\"><u>Resolu\u00e7\u00e3o N. 048, de 30 de abril de 2021<\/u><\/font><\/a>.<\/p>\r\n<p>Par\u00e1grafo \u00fanico. Os artigos 1\u00ba, 6\u00ba e 7\u00ba e a denomina\u00e7\u00e3o do CAP\u00cdTULO III da <a href=\"https:\/\/www.ufsm.br\/pro-reitorias\/proplan\/resolucao-ufsm-n-048-2021\/\" target=\"_blank\"><font color=\"blue\"><u>Resolu\u00e7\u00e3o N. 048, de 30 de abril de 2021<\/u><\/font>&lt;\/a, passam a vigorar com a seguinte reda\u00e7\u00e3o:<\/p>\r\n<br>\r\n<p>I - Art. 1\u00ba onde l\u00ea-se:<\/p>\r\n<br>\r\n<p>A organiza\u00e7\u00e3o da lista tr\u00edplice para o provimento do cargo de Vice-Reitor (a) da Universidade Federal de Santa Maria (UFSM) ser\u00e1 procedida por \u201cComiss\u00e3o Eleitoral\u201d, especialmente constitu\u00eddo para esse fim, nos termos da <a href=\"http:\/\/www.planalto.gov.br\/ccivil_03\/leis\/l5540.htm\" target=\"_blank\"><font color=\"blue\"><u>Lei N. 5.540, de 28 de novembro de 1968<\/u><\/font><\/a>, da <a href=\"http:\/\/www.planalto.gov.br\/ccivil_03\/leis\/l9192.htm\" target=\"_blank\"><font color=\"blue\"><u>Lei N. 9.192, de 21 de dezembro de 1995<\/u><\/font><\/a>, do <a href=\"http:\/\/www.planalto.gov.br\/ccivil_03\/decreto\/d1916.htm\" target=\"_blank\"><font color=\"blue\"><u>Decreto N. 1916, de 23 de maior de 1996<\/u><\/font><\/a>, e do <a href=\"http:\/\/www.planalto.gov.br\/ccivil_03\/_Ato2007-2010\/2007\/Decreto\/D6264.htm\" target=\"_blank\"><font color=\"blue\"><u>Decreto N. 6.264, de 22 de novembro de 2007<\/u><\/font><\/a>.\u201d<\/p>\r\n<br>\r\n<p>Leia-se:<\/p>\r\n<br>\r\n<p>Art. 1\u00ba A organiza\u00e7\u00e3o da lista tr\u00edplice para o provimento do cargo de Vice-Reitor (a) da Universidade Federal de Santa Maria (UFSM) ser\u00e1 procedida por \u201cCol\u00e9gio Eleitoral\u201d, especialmente constitu\u00eddo para esse fim, nos termos da <a href=\"http:\/\/www.planalto.gov.br\/ccivil_03\/leis\/l5540.htm\" target=\"_blank\"><font color=\"blue\"><u>Lei N. 5.540, de 28 de novembro de 1968<\/u><\/font><\/a>, da <a href=\"http:\/\/www.planalto.gov.br\/ccivil_03\/leis\/l9192.htm\" target=\"_blank\"><font color=\"blue\"><u>Lei N. 9.192, de 21 de dezembro de 1995<\/u><\/font><\/a>, do <a href=\"http:\/\/www.planalto.gov.br\/ccivil_03\/decreto\/d1916.htm\" target=\"_blank\"><font color=\"blue\"><u>Decreto N. 1916, de 23 de maior de 1996<\/u><\/font><\/a>, e do <a href=\"http:\/\/www.planalto.gov.br\/ccivil_03\/_Ato2007-2010\/2007\/Decreto\/D6264.htm\" target=\"_blank\"><font color=\"blue\"><u>Decreto N. 6.264, de 22 de novembro de 2007<\/u><\/font><\/a>.<\/p>\r\n<br>\r\n<p>II - CAP\u00cdTULO III, onde l\u00ea-se \u201cDA COMISS\u00c3O ELEITORAL\u201d, leia-se \u201cDO COL\u00c9GIO ELEITORAL\u201d.<\/p>\r\n<p>III - Art. 6\u00ba onde l\u00ea-se:<\/p>\r\n<br>\r\n<p>\u201ca Comiss\u00e3o Eleitoral\u201d voltado \u00e0 elabora\u00e7\u00e3o de lista tr\u00edplice para escolha de Vice-Reitor (a) da UFSM, Gest\u00e3o 2022\/2025, ser\u00e1 composto pelos membros titulares do Conselho Universit\u00e1rio (CONSU), Conselho de Ensino, Pesquisa e Extens\u00e3o (CEPE) e Conselho de Curadores (CONCUR).<\/p>\r\n<br>\r\n<p>Leia-se:<\/p>\r\n<br>\r\n<p>\u201cO Col\u00e9gio Eleitoral\u201d voltado \u00e0 elabora\u00e7\u00e3o de lista tr\u00edplice para escolha de Vice-Reitor (a) da UFSM, Gest\u00e3o 2022\/2025, ser\u00e1 composto pelos membros titulares do Conselho Universit\u00e1rio (CONSU), Conselho de Ensino, Pesquisa e Extens\u00e3o (CEPE) e Conselho de Curadores (CONCUR).<\/p>\r\n<br>\r\n<p>IV - Art. 7\u00ba onde l\u00ea-se:<\/p>\r\n<br>\r\n<p>A vota\u00e7\u00e3o na \u201cComiss\u00e3o Eleitoral\u201d ser\u00e1 uninominal, votando cada Conselheiro em 1 (um) candidato a Vice-Reitor (a) em escrut\u00ednio \u00fanico.<\/p>\r\n<br>\r\n<p>Leia-se:<\/p>\r\n<br>\r\n<p>A vota\u00e7\u00e3o no \u201cCol\u00e9gio Eleitoral\u201d ser\u00e1 uninominal, votando cada Conselheiro em 1 (um) candidato a Vi-ce-Reitor (a) em escrut\u00ednio \u00fanico.<\/p>\r\n<br>\r\n<p>Art. 2\u00ba Esta resolu\u00e7\u00e3o entra em vigor 01 de junho de 2021, por se tratar de urg\u00eancia justificada no expediente administrativo.<\/p>\r\n<p>Par\u00e1grafo \u00fanico. Havendo qualquer modifica\u00e7\u00e3o legislativa, ou ainda, havendo qualquer situa\u00e7\u00e3o legal que impacte na legalidade da presente Resolu\u00e7\u00e3o, a mesma se aplica de imediato.<\/p>\r\n<br>\r\n<p>Paulo Afonso Burmann<\/p>\r\n<p>Reitor<\/p>\r\n<\/s>\r\n<br>\r\n<p><font color=\"red0000\">Este texto n\u00e3o substitui o documento original, publicado no Portal de Documentos em 31 de maio de 2021.<\/font> Dispon\u00edvel em: <a href=\"https:\/\/portal.ufsm.br\/documentos\/publico\/documento.html?id=13564294\"><font color=\"blue\">https:\/\/portal.ufsm.br\/documentos\/publico\/documento.html?id=13564294<\/font><\/a>\r\n\r\n \t\t<\/div>\n\t\t\t\t<\/div>\n\t\t\t\t\t<\/div>\n\t\t<\/div>\n\t\t\t\t\t<\/div>\n\t\t<\/section>\n\t\t\t\t<\/div>\n\t\t","protected":false},"excerpt":{"rendered":"<p>RESOLU\u00c7\u00c3O N. 051\/2021 MINIST\u00c9RIO DA EDUCA\u00c7\u00c3O UNIVERSIDADE FEDERAL DE SANTA MARIA RESOLU\u00c7\u00c3O UFSM N. 051, DE 31 DE MAIO DE 2021 Retifica, devido a erro material, o caput dos artigos 1\u00ba, 6\u00ba e 7\u00ba e a denomina\u00e7\u00e3o do CAP\u00cdTULO III da Resolu\u00e7\u00e3o N. 048, de 30 de abril de 2021. Revogada pela Resolu\u00e7\u00e3o UFSM N. [&hellip;]<\/p>\n","protected":false},"author":206,"featured_media":0,"parent":0,"menu_order":0,"comment_status":"closed","ping_status":"closed","template":"","meta":{"footnotes":""},"categories":[],"tags":[],"class_list":["post-4492","page","type-page","status-publish","hentry"],"acf":[],"_links":{"self":[{"href":"https:\/\/www.ufsm.br\/pro-reitorias\/proplan\/wp-json\/wp\/v2\/pages\/4492","targetHints":{"allow":["GET"]}}],"collection":[{"href":"https:\/\/www.ufsm.br\/pro-reitorias\/proplan\/wp-json\/wp\/v2\/pages"}],"about":[{"href":"https:\/\/www.ufsm.br\/pro-reitorias\/proplan\/wp-json\/wp\/v2\/types\/page"}],"author":[{"embeddable":true,"href":"https:\/\/www.ufsm.br\/pro-reitorias\/proplan\/wp-json\/wp\/v2\/users\/206"}],"replies":[{"embeddable":true,"href":"https:\/\/www.ufsm.br\/pro-reitorias\/proplan\/wp-json\/wp\/v2\/comments?post=4492"}],"version-history":[{"count":0,"href":"https:\/\/www.ufsm.br\/pro-reitorias\/proplan\/wp-json\/wp\/v2\/pages\/4492\/revisions"}],"wp:attachment":[{"href":"https:\/\/www.ufsm.br\/pro-reitorias\/proplan\/wp-json\/wp\/v2\/media?parent=4492"}],"wp:term":[{"taxonomy":"category","embeddable":true,"href":"https:\/\/www.ufsm.br\/pro-reitorias\/proplan\/wp-json\/wp\/v2\/categories?post=4492"},{"taxonomy":"post_tag","embeddable":true,"href":"https:\/\/www.ufsm.br\/pro-reitorias\/proplan\/wp-json\/wp\/v2\/tags?post=4492"}],"curies":[{"name":"wp","href":"https:\/\/api.w.org\/{rel}","templated":true}]}}