{"id":4544,"date":"2021-07-02T17:04:24","date_gmt":"2021-07-02T20:04:24","guid":{"rendered":"https:\/\/www.ufsm.br\/pro-reitorias\/proplan\/?page_id=4544"},"modified":"2021-07-02T17:04:39","modified_gmt":"2021-07-02T20:04:39","slug":"resolucao-ufsm-n-057-2021-2","status":"publish","type":"page","link":"https:\/\/www.ufsm.br\/pro-reitorias\/proplan\/resolucao-ufsm-n-057-2021-2","title":{"rendered":"Resolu\u00e7\u00e3o UFSM N. 057\/2021"},"content":{"rendered":"\t\t<div data-elementor-type=\"wp-page\" data-elementor-id=\"4544\" class=\"elementor elementor-4544\">\n\t\t\t\t\t\t<section class=\"elementor-section elementor-top-section elementor-element elementor-element-b2ea382 elementor-section-boxed elementor-section-height-default elementor-section-height-default\" data-id=\"b2ea382\" data-element_type=\"section\">\n\t\t\t\t\t\t<div class=\"elementor-container elementor-column-gap-default\">\n\t\t\t\t\t<div class=\"elementor-column elementor-col-100 elementor-top-column elementor-element elementor-element-10a8964\" data-id=\"10a8964\" data-element_type=\"column\">\n\t\t\t<div class=\"elementor-widget-wrap elementor-element-populated\">\n\t\t\t\t\t\t<div class=\"elementor-element elementor-element-4c19a63 elementor-widget elementor-widget-html\" data-id=\"4c19a63\" data-element_type=\"widget\" data-widget_type=\"html.default\">\n\t\t\t\t<div class=\"elementor-widget-container\">\n\t\t\t\n\n\n<title><b>RESOLU\u00c7\u00c3O N. 057\/2021<\/b><\/title>\n\n\n<div align=\"center\"><img decoding=\"async\" src=\"https:\/\/www.ufsm.br\/pro-reitorias\/proplan\/wp-content\/uploads\/sites\/344\/2019\/09\/brasao-da-republica-do-brasil-logo.png\" alt=\"Bras\u00e3o Rep\u00fablica Federativa do Brasil\" width=\"6%\" height=\"6%\"><\/div>  <h1><font color=\"blue\"><font size=\"5\"><div align=\"center\">MINIST\u00c9RIO DA EDUCA\u00c7\u00c3O<\/b><\/font><\/font><\/div><\/H1>\n<p><b><font color=\"0000blue\"><div align=\"center\">UNIVERSIDADE FEDERAL DE SANTA MARIA<\/b><\/font><\/div><\/p>\n<p><div align=\"center\"><b><a href=\"https:\/\/portal.ufsm.br\/documentos\/publico\/documento.html?id=13606916\" target=\"_blank\"><font color=\"blue\">RESOLU\u00c7\u00c3O UFSM N. 057, DE 29 DE JUNHO DE 2021<\/font><\/a><\/b><\/div><\/p>\n\n\n\n\n\n<br>\n<p><div align=\"right\"><font color=\"800000\">Aprova o novo <a href=\"     \" target=\"_blank\"><font color=\"blue\"><u>Regimento Interno da Incubadora Social da Universidade Federal de Santa Maria (IS-UFSM)<\/u><\/font><\/a>, Subunidade Administrativa, vinculada \u00e0 Coordenadoria de Desenvolvimento Regional e Cidadania (CODERC-PRE), da estrutura organizacional da Pr\u00f3-Reitoria de Extens\u00e3o (PRE), da Universidade Federal de Santa Maria (UFSM).<\/u><\/font><\/a><\/font><\/div><\/p>\n\n\n\n\n\n<br>\n<br><div align=\"justify\">\n<p>O REITOR DA UNIVERSIDADE FEDERAL DE SANTA MARIA, no uso de suas atribui\u00e7\u00f5es legais e estatut\u00e1rias e considerando:<\/p>\n<p>- o Art. 53, incisos III e V e \u00a7 1\u00ba, inciso IV, da <a href=\"http:\/\/www.planalto.gov.br\/ccivil_03\/leis\/l9394.htm\" target=\"_blank\"><font color=\"blue\"><u>Lei N. 9.394, de 20 de dezembro de 1996<\/u><\/font><\/a><\/font>, que estabelece as diretrizes e bases da educa\u00e7\u00e3o nacional; <\/p>\n<p>- Art. 56 da <a href=\"http:\/\/www.planalto.gov.br\/ccivil_03\/leis\/l9394.htm\" target=\"_blank\"><font color=\"blue\"><u>Lei N. 9.394, de 20 de dezembro de 1996<\/u><\/font><\/a><\/font>, que estabelece as diretrizes e bases da educa\u00e7\u00e3o nacional;<\/p>\n<p>- o <a href=\"http:\/\/www.planalto.gov.br\/ccivil_03\/_Ato2015-2018\/2017\/Decreto\/D9191.htm\" target=\"_blank\"><font color=\"blue\"><u>Decreto N. 9.191, de 1\u00b0 de novembro de 2017<\/u><\/font><\/a><\/font>, que estabelece as normas e as diretrizes para elabora\u00e7\u00e3o, reda\u00e7\u00e3o, altera\u00e7\u00e3o, consolida\u00e7\u00e3o e encaminhamento de propostas de atos normativos ao Presidente da Rep\u00fablica pelos Ministros de Estado;<\/p>\n<p>- o <a href=\"http:\/\/www.planalto.gov.br\/ccivil_03\/_ato2019-2022\/2019\/decreto\/D9759.htm\" target=\"_blank\"><font color=\"blue\"><u>Decreto N. 9.759, de 11 de abril de 2019<\/u><\/font><\/a><\/font>, que extingue e estabelece diretrizes, regras e limita\u00e7\u00f5es para colegiados da administra\u00e7\u00e3o p\u00fablica federal, alterado pelo <a href=\"http:\/\/www.planalto.gov.br\/ccivil_03\/_ato2019-2022\/2019\/decreto\/D9812.htm\" target=\"_blank\"><font color=\"blue\"><u>Decreto N. 9.812, de 30 de maio de 2019<\/u><\/font><\/a><\/font>;<\/p>\n<p>- a <a href=\"https:\/\/www.ufsm.br\/pro-reitorias\/proplan\/resolucao-n-016-2020\/\" target=\"_blank\"><font color=\"blue\"><u>Resolu\u00e7\u00e3o UFSM N. 016\/2020, de 23 de junho de 2020<\/u><\/font><\/a><\/font>, que estabelece a nova estrutura organizacional da Pr\u00f3-Reitoria de Extens\u00e3o (PRE) da Universidade Federal de Santa Maria (UFSM), suas compet\u00eancias e atribui\u00e7\u00f5es e altera o Regimento Geral da UFSM;<\/p>\n<p>- o Parecer N. 046\/2021 da Comiss\u00e3o de Legisla\u00e7\u00e3o e Normas (CLN), aprovado na 961\u00aa Sess\u00e3o do Conselho de Ensino, Pesquisa e Extens\u00e3o (CEPE), de 18 de Junho de 2021, referente ao <a href=\"https:\/\/portal.ufsm.br\/documentos\/publico\/processo\/documento.html?idDocumento=13135275\" target=\"_blank\"><font color=\"blue\"><u>Processo N. 23081.026061\/2020-00<\/u><\/font><\/a><\/font>;<\/p>\n<p>- o Parecer N. 003\/2021, da Comiss\u00e3o de Acompanhamento e An\u00e1lise de Processos (CAAP), aprovado na 210\u00aa Sess\u00e3o do Conselho de Curadores (CONCUR), de 17 de Junho de 2021, referente ao <a href=\"https:\/\/portal.ufsm.br\/documentos\/publico\/processo\/documento.html?idDocumento=13135275\" target=\"_blank\"><font color=\"blue\"><u>Processo N. 23081.026061\/2020-00<\/u><\/font><\/a><\/font>; e,<\/p>\n<p>- o Parecer N. 043\/2021 da Comiss\u00e3o de Legisla\u00e7\u00e3o e Regimentos (CLR), aprovado na 838\u00aa Sess\u00e3o do Conselho Universit\u00e1rio (CONSU), de 25 de Junho de 2021, referente ao <a href=\"https:\/\/portal.ufsm.br\/documentos\/publico\/processo\/documento.html?idDocumento=13135275\" target=\"_blank\"><font color=\"blue\"><u>Processo N. 23081.026061\/2020-00<\/u><\/font><\/a><\/font>.<\/p>\n<br>\n<p>RESOLVE:<\/p>\n<br>\n<p>Art. 1\u00ba Aprovar o novo <a href=\"https:\/\/portal.ufsm.br\/documentos\/publico\/documento.html?id=13606922\" target=\"_blank\"><font color=\"blue\"><u>Regimento Interno da Incubadora Social da Universidade Federal de Santa Maria (IS-UFSM)<\/u><\/font><\/a><\/font>, Subunidade Administrativa, vinculada \u00e0 Coordenadoria de Desenvolvimento Regional e Cidadania (CODERC-PRE), da estrutura organizacional da Pr\u00f3-Reitoria de Extens\u00e3o (PRE), da Universidade Federal de Santa Maria (UFSM).<\/p>\n\n\n\n\n<p>Par\u00e1grafo \u00fanico. O novo <a href=\"https:\/\/portal.ufsm.br\/documentos\/publico\/documento.html?id=13606922\" target=\"_blank\"><font color=\"blue\"><u>Regimento Interno da Incubadora Social da Universidade Federal de Santa Maria (IS-UFSM)<\/u><\/font><\/a><\/font> se constitui como anexo desta Resolu\u00e7\u00e3o.<\/p>\n\n\n\n\n\n\n<p>Art. 2\u00ba A presente resolu\u00e7\u00e3o:<\/p>\n<p>I \u2013 revoga expressamente o <a href=\"https:\/\/www.ufsm.br\/pro-reitorias\/proplan\/regimento-interno-da-incubadora-social-is-ufsm\/\" target=\"_blank\"><font color=\"blue\"><u>anexo da Resolu\u00e7\u00e3o UFSM N. 027, de 29 de junho de 2016<\/u><\/font><\/a><\/font>, que aprova a cria\u00e7\u00e3o da Incubadora Social \u2013 IS-UFSM da Universidade Federal de Santa Maria e institui seu Regimento Interno; e,<\/p>\n<p>II \u2013 altera a <a href=\"https:\/\/www.ufsm.br\/pro-reitorias\/proplan\/resolucao-n-016-2020\/\" target=\"_blank\"><font color=\"blue\"><u>Resolu\u00e7\u00e3o UFSM N. 016, de 23 de junho de 2020<\/u><\/font><\/a><\/font>, que estabelece a nova estrutura organizacional da Pr\u00f3-Reitoria de Extens\u00e3o (PRE) da Universidade Federal de Santa Maria (UFSM), suas compet\u00eancias e atribui\u00e7\u00f5es e altera o Regimento Geral da UFSM.<\/p>\n<p>Art. 3\u00ba Esta resolu\u00e7\u00e3o entra em vigor 02 de agosto de 2021, de acordo com o que prev\u00ea o Artigo 4\u00ba do <a href=\"http:\/\/www.planalto.gov.br\/ccivil_03\/_ato2019-2022\/2019\/Decreto\/D10139.htm\" target=\"_blank\"><font color=\"blue\"><u>Decreto N. 10.139\/2019<\/u><\/font><\/a><\/font>.<\/p>\n<p>Par\u00e1grafo \u00fanico. Havendo qualquer modifica\u00e7\u00e3o legislativa, ou ainda, havendo qualquer situa\u00e7\u00e3o legal que impacte na legalidade da presente Resolu\u00e7\u00e3o, a mesma se aplica de imediato.<\/p>\n<br>\n<p>Paulo Afonso Burmann<\/p>\n<p>Reitor<\/p>\n<br>\n<p><font color=\"red0000\">Este texto n\u00e3o substitui o documento original, publicado no Portal de Documentos em 1\u00ba de julho de 2021.<\/font> Dispon\u00edvel em: <a href=\"https:\/\/portal.ufsm.br\/documentos\/publico\/documento.html?id=13606916\"><font color=\"blue\">https:\/\/portal.ufsm.br\/documentos\/publico\/documento.html?id=13606916<\/font><\/a>\n\n \t\t<\/div>\n\t\t\t\t<\/div>\n\t\t\t\t\t<\/div>\n\t\t<\/div>\n\t\t\t\t\t<\/div>\n\t\t<\/section>\n\t\t\t\t<\/div>\n\t\t","protected":false},"excerpt":{"rendered":"<p>RESOLU\u00c7\u00c3O N. 057\/2021 MINIST\u00c9RIO DA EDUCA\u00c7\u00c3O UNIVERSIDADE FEDERAL DE SANTA MARIA RESOLU\u00c7\u00c3O UFSM N. 057, DE 29 DE JUNHO DE 2021 Aprova o novo Regimento Interno da Incubadora Social da Universidade Federal de Santa Maria (IS-UFSM), Subunidade Administrativa, vinculada \u00e0 Coordenadoria de Desenvolvimento Regional e Cidadania (CODERC-PRE), da estrutura organizacional da Pr\u00f3-Reitoria de Extens\u00e3o (PRE), [&hellip;]<\/p>\n","protected":false},"author":206,"featured_media":0,"parent":0,"menu_order":0,"comment_status":"closed","ping_status":"closed","template":"","meta":{"footnotes":""},"categories":[],"tags":[],"class_list":["post-4544","page","type-page","status-publish","hentry"],"acf":[],"_links":{"self":[{"href":"https:\/\/www.ufsm.br\/pro-reitorias\/proplan\/wp-json\/wp\/v2\/pages\/4544","targetHints":{"allow":["GET"]}}],"collection":[{"href":"https:\/\/www.ufsm.br\/pro-reitorias\/proplan\/wp-json\/wp\/v2\/pages"}],"about":[{"href":"https:\/\/www.ufsm.br\/pro-reitorias\/proplan\/wp-json\/wp\/v2\/types\/page"}],"author":[{"embeddable":true,"href":"https:\/\/www.ufsm.br\/pro-reitorias\/proplan\/wp-json\/wp\/v2\/users\/206"}],"replies":[{"embeddable":true,"href":"https:\/\/www.ufsm.br\/pro-reitorias\/proplan\/wp-json\/wp\/v2\/comments?post=4544"}],"version-history":[{"count":0,"href":"https:\/\/www.ufsm.br\/pro-reitorias\/proplan\/wp-json\/wp\/v2\/pages\/4544\/revisions"}],"wp:attachment":[{"href":"https:\/\/www.ufsm.br\/pro-reitorias\/proplan\/wp-json\/wp\/v2\/media?parent=4544"}],"wp:term":[{"taxonomy":"category","embeddable":true,"href":"https:\/\/www.ufsm.br\/pro-reitorias\/proplan\/wp-json\/wp\/v2\/categories?post=4544"},{"taxonomy":"post_tag","embeddable":true,"href":"https:\/\/www.ufsm.br\/pro-reitorias\/proplan\/wp-json\/wp\/v2\/tags?post=4544"}],"curies":[{"name":"wp","href":"https:\/\/api.w.org\/{rel}","templated":true}]}}