{"id":4573,"date":"2021-07-15T14:09:37","date_gmt":"2021-07-15T17:09:37","guid":{"rendered":"https:\/\/www.ufsm.br\/pro-reitorias\/proplan\/?page_id=4573"},"modified":"2024-01-29T11:01:33","modified_gmt":"2024-01-29T14:01:33","slug":"resolucao-ufsm-n-061-2021","status":"publish","type":"page","link":"https:\/\/www.ufsm.br\/pro-reitorias\/proplan\/resolucao-ufsm-n-061-2021","title":{"rendered":"Resolu\u00e7\u00e3o UFSM N. 061\/2021"},"content":{"rendered":"\t\t<div data-elementor-type=\"wp-page\" data-elementor-id=\"4573\" class=\"elementor elementor-4573\">\n\t\t\t\t\t\t<section class=\"elementor-section elementor-top-section elementor-element elementor-element-0e55d5b elementor-section-boxed elementor-section-height-default elementor-section-height-default\" data-id=\"0e55d5b\" data-element_type=\"section\">\n\t\t\t\t\t\t<div class=\"elementor-container elementor-column-gap-default\">\n\t\t\t\t\t<div class=\"elementor-column elementor-col-100 elementor-top-column elementor-element elementor-element-1084130\" data-id=\"1084130\" data-element_type=\"column\">\n\t\t\t<div class=\"elementor-widget-wrap elementor-element-populated\">\n\t\t\t\t\t\t<div class=\"elementor-element elementor-element-63294dd elementor-widget elementor-widget-html\" data-id=\"63294dd\" data-element_type=\"widget\" data-widget_type=\"html.default\">\n\t\t\t\t<div class=\"elementor-widget-container\">\n\t\t\t\r\n\r\n\r\n<title><b>RESOLU\u00c7\u00c3O N. 061\/2021<\/b><\/title>\r\n\r\n\r\n<div align=\"center\"><img decoding=\"async\" src=\"https:\/\/www.ufsm.br\/pro-reitorias\/proplan\/wp-content\/uploads\/sites\/344\/2019\/09\/brasao-da-republica-do-brasil-logo.png\" alt=\"Bras\u00e3o Rep\u00fablica Federativa do Brasil\" width=\"6%\" height=\"6%\"><\/div>    \r\n<h1><font color=\"blue\"><font size=\"5\"><div align=\"center\">MINIST\u00c9RIO DA EDUCA\u00c7\u00c3O<\/b><\/font><\/font><\/div><\/H1>\r\n<p><b><font color=\"0000blue\"><div align=\"center\">UNIVERSIDADE FEDERAL DE SANTA MARIA<\/b><\/font><\/div><\/p>\r\n<p><div align=\"center\"><b><a href=\"https:\/\/portal.ufsm.br\/documentos\/publico\/documento.html?idDocumento=13623366\" target=\"_blank\"><font color=\"blue\">RESOLU\u00c7\u00c3O UFSM N. 061, DE 15 DE JULHO DE 2021<\/font><\/a><\/b><\/div><\/p>\r\n<br>\r\n<p><div align=\"right\"><font color=\"800000\"><s>Estabelece que a Resolu\u00e7\u00e3o UFSM N. 024\/2020, alterada pela Resolu\u00e7\u00e3o UFSM N. 042\/2021, passa a vigorar com as seguintes altera\u00e7\u00f5es.<\/s><\/font><\/div><\/p>\r\n<br>\r\n<p><a href=\"https:\/\/www.ufsm.br\/pro-reitorias\/proplan\/resolucao-ufsm-n-079-2022\/\"><font color=\"blue\">Revogada pela Resolu\u00e7\u00e3o N. 079\/2022<\/font><\/a><\/p>\r\n<br><div align=\"justify\">\r\n<p><s>O REITOR DA UNIVERSIDADE FEDERAL DE SANTA MARIA, no uso de suas atribui\u00e7\u00f5es legais e estatut\u00e1rias e considerando:<\/p>\r\n<p>- o <a href=\"https:\/\/www.ufsm.br\/pro-reitorias\/proplan\/estatuto-ufsm-2010\/\" target=\"_blank\"><font color=\"blue\"><u>Estatuto da Universidade Federal de Santa Maria<\/u><\/font><\/a>, com as adequa\u00e7\u00f5es aprovadas pela <a href=\"https:\/\/www.ufsm.br\/pro-reitorias\/proplan\/resolucao-n-037-2010\/\" target=\"_blank\"><font color=\"blue\"><u>Resolu\u00e7\u00e3o UFSM N. 037\/2010<\/u><\/font><\/a> e aprovadas pela Portaria N. 156, de 12 de mar\u00e7o de 2014, publicada no Di\u00e1rio Oficial da Uni\u00e3o em 13 de mar\u00e7o de 2014;<\/p>\r\n<p>- a <a href=\"https:\/\/www.in.gov.br\/en\/web\/dou\/-\/portarial-n-114-de-6-de-agosto-de-2020-271462938\" target=\"_blank\"><font color=\"blue\"><u>Portaria N. 114, de 6 de Agosto de 2020<\/u><\/font><\/a>, da Funda\u00e7\u00e3o Coordena\u00e7\u00e3o de Aperfei\u00e7oamento de Pessoal de N\u00edvel Superior, do Minist\u00e9rio da Educa\u00e7\u00e3o, que estabelece cronograma estendido e regras para o in\u00edcio das atividades dos Projetos Institucionais do Programa de Resid\u00eancia Pedag\u00f3gica e do Programa de Bolsas de Inicia\u00e7\u00e3o \u00e0 Doc\u00eancia (Pibid);<\/p>\r\n<p>- a <a href=\"https:\/\/www.in.gov.br\/en\/web\/dou\/-\/instrucao-normativa-n-109-de-29-de-outubro-de-2020-286060110\" target=\"_blank\"><font color=\"blue\"><u>Instru\u00e7\u00e3o Normativa N. 109, de 29 de outubro de 2020<\/u><\/font><\/a>, da Secretaria de Gest\u00e3o e Desempenho de Pessoal, da Secretaria Especial de Desburocratiza\u00e7\u00e3o, Gest\u00e3o e Governo Digital do Minist\u00e9rio da Economia, que Estabelece orienta\u00e7\u00f5es aos \u00f3rg\u00e3os e entidades do Sistema de Pessoal Civil da Administra\u00e7\u00e3o P\u00fablica Federal - SIPEC para o retorno gradual e seguro ao trabalho presencial e sua Retifica\u00e7\u00e3o;<\/p>\r\n<p>- a <a href=\"https:\/\/www.in.gov.br\/en\/web\/dou\/-\/portaria-mec-n-1.038-de-7-de-dezembro-de-2020-292694534\" target=\"_blank\"><font color=\"blue\"><u> Portaria N. 1.038, de 7 de dezembro de 2020, do Minist\u00e9rio da Educa\u00e7\u00e3o<\/u><\/font><\/a>, que altera a <a href=\"https:\/\/www.in.gov.br\/en\/web\/dou\/-\/portaria-n-544-de-16-de-junho-de-2020-261924872\" target=\"_blank\"><font color=\"blue\"><u>Portaria MEC N. 544, de 16 de junho de 2020<\/u><\/font><\/a>, que disp\u00f5e sobre a substitui\u00e7\u00e3o das aulas presenciais por aulas em meio digitais, enquanto durar a situa\u00e7\u00e3o de pandemia do novo coronav\u00edrus - Covid-19, e a <a href=\"https:\/\/www.in.gov.br\/en\/web\/dou\/-\/portaria-n-1.030-de-1-de-dezembro-de-2020-291532789\" target=\"_blank\"><font color=\"blue\"><u>Portaria N. 1.030, de 1\u00ba de dezembro de 2020, do Minist\u00e9rio da Educa\u00e7\u00e3o<\/u><\/font><\/a>, que disp\u00f5e sobre o retorno \u00e0s aulas presenciais e sobre car\u00e1ter excepcional de utiliza\u00e7\u00e3o de recursos educacionais digitais para integraliza\u00e7\u00e3o da carga hor\u00e1ria das atividades pedag\u00f3gicas, enquanto durar a situa\u00e7\u00e3o de pandemia do novo coronav\u00edrus - Covid-19;<\/p>\r\n<p>- a <a href=\"https:\/\/www.in.gov.br\/en\/web\/dou\/-\/resolucao-cne\/cp-n-2-de-10-de-dezembro-de-2020-293526006\" target=\"_blank\"><font color=\"blue\"><u>Resolu\u00e7\u00e3o N. 2, de 10 de dezembro de 2020, do Conselho Nacional de Educa\u00e7\u00e3o, do Minist\u00e9rio da Educa\u00e7\u00e3o<\/u><\/font><\/a>, que institui Diretrizes Nacionais orientadoras para a implementa\u00e7\u00e3o dos dispositivos da <a href=\"http:\/\/www.planalto.gov.br\/ccivil_03\/_ato2019-2022\/2020\/lei\/L14040.htm\" target=\"_blank\"><font color=\"blue\"><u>Lei N. 14.040, de 18 de agosto de 2020<\/u><\/font><\/a>, que estabelece normas educacionais excepcionais a serem adotadas pelos sistemas de ensino, institui\u00e7\u00f5es e redes escolares, p\u00fablicas, privadas, comunit\u00e1rias e confessionais, durante o estado de calamidade reconhecido pelo <a href=\"http:\/\/www.planalto.gov.br\/ccivil_03\/portaria\/DLG6-2020.htm\" target=\"_blank\"><font color=\"blue\"><u>Decreto Legislativo N. 6, de 20 de mar\u00e7o de 2020<\/u><\/font><\/a>;<\/p>\r\n<p>- a <a href=\"https:\/\/www.in.gov.br\/en\/web\/dou\/-\/resolucao-n-21-de-28-de-dezembro-de-2020-296802348\" target=\"_blank\"><font color=\"blue\"><u>Resolu\u00e7\u00e3o N. 21, DE 28 de dezembro de 2020, do Fundo Nacional do Desenvolvimento da Educa\u00e7\u00e3o, do Minist\u00e9rio da Educa\u00e7\u00e3o<\/u><\/font><\/a>, que prorroga, excepcionalmente, o prazo de utiliza\u00e7\u00e3o e de presta\u00e7\u00e3o de contas dos recursos recebidos a t\u00edtulo de custeio no \u00e2mbito do Programa de Educa\u00e7\u00e3o Tutorial \u2013 PET; e,<\/p>\r\n<p>- a <a href=\"https:\/\/www.ufsm.br\/pro-reitorias\/proplan\/resolucao-n-024-2020\/\" target=\"_blank\"><font color=\"blue\"><u>Resolu\u00e7\u00e3o UFSM N. 024, de 11 de agosto de 2020<\/u><\/font><\/a>, que regula o Regime de Exerc\u00edcios Domiciliares Especiais (REDE) e outras disposi\u00e7\u00f5es afins, durante a Suspens\u00e3o das Atividades Acad\u00eamicas Presenciais em face da Pandemia da COVID-19, alterada pela <a href=\"https:\/\/www.ufsm.br\/pro-reitorias\/proplan\/resolucao-ufsm-n-042-2021\/\" target=\"_blank\"><font color=\"blue\"><u>Resolu\u00e7\u00e3o UFSM N. 042, de 09 de fevereiro de 2021<\/u><\/font><\/a>; e,<\/p>\r\n<p>- o Parecer N. 057\/2021 da Comiss\u00e3o de Legisla\u00e7\u00e3o e Normas (CLN) e Parecer N. 004\/2021 da Comiss\u00e3o de Ensino, Pesquisa e Extens\u00e3o (COMEPE), aprovado na 962\u00aa Sess\u00e3o do Conselho de Ensino, Pesquisa e Extens\u00e3o (CEPE), de 12 de julho de 2021, referente ao <a href=\"https:\/\/portal.ufsm.br\/documentos\/publico\/processo\/documento.html?idDocumento=13603569\" target=\"_blank\"><font color=\"blue\"><u>Processo N. 23081.053152\/2021-91<\/u><\/font><\/a>.<\/p>\r\n<br>\r\n<p>RESOLVE:<\/p>\r\n<br>\r\n<p>Art. 1\u00ba Estabelecer que a <a href=\"https:\/\/www.ufsm.br\/pro-reitorias\/proplan\/resolucao-n-024-2020\/\" target=\"_blank\"><font color=\"blue\"><u>Resolu\u00e7\u00e3o UFSM N. 024\/2020<\/u><\/font><\/a>, alterada pela <a href=\"https:\/\/www.ufsm.br\/pro-reitorias\/proplan\/resolucao-ufsm-n-042-2021\/\" target=\"_blank\"><font color=\"blue\"><u>Resolu\u00e7\u00e3o UFSM N. 042\/2021<\/u><\/font><\/a>, passa a vigorar com as seguintes altera\u00e7\u00f5es:<\/p>\r\n<br>\r\n<p>\u201cCAP\u00cdTULO III-B<\/p> \r\n<p>DO REDE 2021.2 E DA IMPLEMENTA\u00c7\u00c3O CONDENSADA, MODULAR, GRADUAL E ESCALONADA DO CALEND\u00c1RIO SUPLEMENTAR<\/p>\r\n<br>\r\n<p>Art. 38J Ser\u00e1 implementado o Regime de Exerc\u00edcios Domiciliares Especiais 2021.2 (REDE 2021.2), no qual as disciplinas ofertadas em REDE dever\u00e3o ser cursadas na sua integralidade neste regime.<\/p>\r\n<p>Par\u00e1grafo \u00fanico. As disciplinas te\u00f3rico-pr\u00e1ticas, caso haja aprova\u00e7\u00e3o da Comiss\u00e3o de Biosseguran\u00e7a Geral da UFSM (CBio) e Centro de Opera\u00e7\u00f5es de Emerg\u00eancia em Sa\u00fade para Educa\u00e7\u00e3o (COE-E), poder\u00e3o ter as atividades pr\u00e1ticas oferecidas de forma hibrida.<\/p>\r\n<p>Art. 38K Os estudantes que possuem disciplinas te\u00f3ricas n\u00e3o cursadas ou n\u00e3o finalizadas no REDE 2020 (1\u00ba (primeiro) e 2\u00ba (segundo) semestre) e REDE 2021.1, poder\u00e3o matricular-se naquelas ofertadas no REDE 2021.2, com o intuito de priorizar a presencialidade f\u00edsica para as disciplinas pr\u00e1ticas e\/ou te\u00f3rico-pr\u00e1ticas a serem ofertadas no Calend\u00e1rio Suplementar. <\/p>\r\n<p>Art. 38L As ofertas do REDE 2021.2 ser\u00e3o elaboradas colaborativamente entre Cursos e Departamentos.<\/p>\r\n<p>Par\u00e1grafo \u00fanico. Nos cursos com grandes quantidades de disciplinas pr\u00e1ticas e\/ou te\u00f3rico-pr\u00e1ticas, que tenham chegado em um ponto de satura\u00e7\u00e3o da via remota, poder\u00e3o ser ofertadas Disciplinas Complementares de Gradua\u00e7\u00e3o (DCG) e\/ou Atividades Complementares de Gradua\u00e7\u00e3o (ACG) no formato de Congressos, Semin\u00e1rios, Palestras, entre outros.<\/p>\r\n<p>Art. 38M A partir do REDE 2021.2, o Calend\u00e1rio Suplementar ser\u00e1 compreendido como o per\u00edodo que vai de junho de 2021 a dezembro de 2022 onde os cursos da UFSM, caso tenham o plano de conting\u00eancia da sua Unidade aprovado, poder\u00e3o propor, em conson\u00e2ncia com os departamentos did\u00e1ticos, a estrat\u00e9gia de recupera\u00e7\u00e3o das atividades pr\u00e1ticas e\/ou te\u00f3rico-pr\u00e1ticas que n\u00e3o puderam ser realizadas por meio do REDE, de maneira condensada, modular, gradual e escalonada e de acordo com as realidades e necessidades particulares de cada curso. <\/p>\r\n<p>\u00a7 1\u00ba Quando o plano de conting\u00eancia da Unidade de Ensino for aprovado pela Comiss\u00e3o de Biosseguran\u00e7a Geral da UFSM (CBio) e pelo Centro de Opera\u00e7\u00f5es de Emerg\u00eancia em Sa\u00fade para Educa\u00e7\u00e3o (COE-E), o mesmo ser\u00e1 repassado para a dire\u00e7\u00e3o da Unidade, Pr\u00f3-Reitoria de Gradua\u00e7\u00e3o, Pr\u00f3-Reitoria de P\u00f3s-Gradua\u00e7\u00e3o e Pesquisa e Coordenadoria de Educa\u00e7\u00e3o B\u00e1sica, T\u00e9cnica e Tecnol\u00f3gica visando ampla divulga\u00e7\u00e3o. <\/p>\r\n<p>\u00a7 2\u00ba Ap\u00f3s o plano de conting\u00eancia da Unidade ser liberado, os cursos daquela unidade poder\u00e3o encaminhar para as CBIO setoriais, consultados os departamentos envolvidos, a sua proposta de recupera\u00e7\u00e3o que, aprovada, ser\u00e1 encaminhada para a PROGRAD para implementa\u00e7\u00e3o da oferta. <\/p>\r\n<p>\u00a7 3\u00ba As propostas de recupera\u00e7\u00e3o do Calend\u00e1rio Suplementar ter\u00e3o prioridade para ofertas\/reposi\u00e7\u00e3o das atividades de disciplinas pr\u00e1ticas e te\u00f3rico-pr\u00e1ticas.<\/p>\r\n<p>\u00a7 4\u00ba As propostas de recupera\u00e7\u00e3o do calend\u00e1rio suplementar respeitar\u00e3o o disposto no Art. 31 da presente resolu\u00e7\u00e3o, todavia poder\u00e3o ser implementadas de forma condensada, modular, gradual e escalonada, bem como concomitantemente com o REDE 2021.2, respeitando as indica\u00e7\u00f5es dos Planos de Conting\u00eancia de cada Unidade e, consequentemente, as normas de Biosseguran\u00e7a, bem como as realidades, possibilidades, necessidades, viabilidades e potencialidades de cada Curso e Departamento, em constru\u00e7\u00e3o colaborativa e articulada. <\/p>\r\n<p>Art. 38N As propostas de recupera\u00e7\u00e3o do calend\u00e1rio suplementar, ao serem apresentadas, dever\u00e3o incluir: <\/p>\r\n<p>I - regras de biosseguran\u00e7a em conson\u00e2ncia com o disposto do plano de conting\u00eancia de cada unidade; <\/p>\r\n<p>II - determina\u00e7\u00e3o do nome da disciplina, carga hor\u00e1ria, turma e quantidade de alunos (em conson\u00e2ncia com o disposto no plano de conting\u00eancia de cada unidade); <\/p>\r\n<p>III - estabelecimento do espa\u00e7o f\u00edsico que ser\u00e1 utilizado em conson\u00e2ncia com o disposto no plano de conting\u00eancia de cada unidade;<\/p>\r\n<p>IV - para implementa\u00e7\u00e3o da oferta em per\u00edodo condensado, dever\u00e1 ser considerada a data de in\u00edcio e fim das aulas bem como o dia da semana e hor\u00e1rio da realiza\u00e7\u00e3o da disciplina; e,<\/p>\r\n<p>V - as propostas de recupera\u00e7\u00e3o dever\u00e3o conter os devidos prazos para as ofertas e matr\u00edculas permitindo aos Cursos e Departamentos ajustarem suas realidades particulares de in\u00edcio e t\u00e9rmino, m\u00f3dulos, turmas, ordem de implementa\u00e7\u00e3o e escalas em semestres dos cursos. <\/p>\r\n<p>Par\u00e1grafo \u00fanico. Ressalta-se que as diferentes ofertas das propostas de recupera\u00e7\u00e3o dever\u00e3o estar contidas no per\u00edodo de execu\u00e7\u00e3o do calend\u00e1rio suplementar mencionado no Art. 38M da presente resolu\u00e7\u00e3o. <\/p>\r\n<p>Art. 38O Enquanto os planos de conting\u00eancia das Unidades n\u00e3o forem liberados, os cursos e departamentos dever\u00e3o trabalhar na constru\u00e7\u00e3o das propostas a serem elaboradas de forma condensada, modular, gradual e escalonada, tendo como par\u00e2metro o disposto no Art. 38N e seus incisos.<\/p>\r\n<br>\r\n<p>CAP\u00cdTULO VI <\/p>\r\n<p>DISPOSI\u00c7\u00d5ES GERAIS<\/p>\r\n<br>\r\n<p>Art. 38P Tendo em vista a suspens\u00e3o das atividades administrativas presenciais, fica flexibilizado, de forma excepcional, a crit\u00e9rio dos programas de p\u00f3s-gradua\u00e7\u00e3o, aprovado em respectivos colegiados, as etapas\/atividades referentes aos processos seletivos presenciais.<\/p>\r\n<p>Art. 38Q As disciplinas cursadas em REDE e no Calend\u00e1rio Suplementar dever\u00e3o ter acompanhamento com a aplica\u00e7\u00e3o de instrumentos gerais que avaliem a qualidade do processo de ensino-aprendizagem e propiciem melhoria cont\u00ednua.<\/p>\r\n<p>Art. 39....<\/p>\r\n<p>....\u201d (NR)<\/p>\r\n<br>\r\n<br>\r\n<p>Art. 2\u00ba Esta resolu\u00e7\u00e3o entra em vigor em (na data de sua publica\u00e7\u00e3o), por se tratar de urg\u00eancia justificada nos autos do expediente administrativo, revogando as disposi\u00e7\u00f5es em contr\u00e1rio.<\/p>\r\n<p>Par\u00e1grafo \u00fanico. Havendo qualquer modifica\u00e7\u00e3o legislativa, ou ainda, havendo qualquer situa\u00e7\u00e3o legal que impacte na legalidade da presente Resolu\u00e7\u00e3o, a mesma se aplica de imediato.<\/p>\r\n<br>\r\n<br>\r\n<p>Paulo Afonso Burmann<\/p>\r\n<p>Reitor<\/s><\/p>\r\n<br>\r\n<p><font color=\"red0000\">Este texto n\u00e3o substitui o documento original, publicado no Portal de Documentos em 15 de julho de 2021.<\/font> Dispon\u00edvel em: <a href=\"https:\/\/portal.ufsm.br\/documentos\/publico\/documento.html?idDocumento=13623366\"><font color=\"blue\">https:\/\/portal.ufsm.br\/documentos\/publico\/documento.html?idDocumento=13623366<\/font><\/a>\r\n\r\n \t\t<\/div>\n\t\t\t\t<\/div>\n\t\t\t\t\t<\/div>\n\t\t<\/div>\n\t\t\t\t\t<\/div>\n\t\t<\/section>\n\t\t\t\t<\/div>\n\t\t","protected":false},"excerpt":{"rendered":"<p>RESOLU\u00c7\u00c3O N. 061\/2021 MINIST\u00c9RIO DA EDUCA\u00c7\u00c3O UNIVERSIDADE FEDERAL DE SANTA MARIA RESOLU\u00c7\u00c3O UFSM N. 061, DE 15 DE JULHO DE 2021 Estabelece que a Resolu\u00e7\u00e3o UFSM N. 024\/2020, alterada pela Resolu\u00e7\u00e3o UFSM N. 042\/2021, passa a vigorar com as seguintes altera\u00e7\u00f5es. Revogada pela Resolu\u00e7\u00e3o N. 079\/2022 O REITOR DA UNIVERSIDADE FEDERAL DE SANTA MARIA, no [&hellip;]<\/p>\n","protected":false},"author":206,"featured_media":0,"parent":0,"menu_order":0,"comment_status":"closed","ping_status":"closed","template":"","meta":{"footnotes":""},"categories":[],"tags":[],"class_list":["post-4573","page","type-page","status-publish","hentry"],"acf":[],"_links":{"self":[{"href":"https:\/\/www.ufsm.br\/pro-reitorias\/proplan\/wp-json\/wp\/v2\/pages\/4573","targetHints":{"allow":["GET"]}}],"collection":[{"href":"https:\/\/www.ufsm.br\/pro-reitorias\/proplan\/wp-json\/wp\/v2\/pages"}],"about":[{"href":"https:\/\/www.ufsm.br\/pro-reitorias\/proplan\/wp-json\/wp\/v2\/types\/page"}],"author":[{"embeddable":true,"href":"https:\/\/www.ufsm.br\/pro-reitorias\/proplan\/wp-json\/wp\/v2\/users\/206"}],"replies":[{"embeddable":true,"href":"https:\/\/www.ufsm.br\/pro-reitorias\/proplan\/wp-json\/wp\/v2\/comments?post=4573"}],"version-history":[{"count":0,"href":"https:\/\/www.ufsm.br\/pro-reitorias\/proplan\/wp-json\/wp\/v2\/pages\/4573\/revisions"}],"wp:attachment":[{"href":"https:\/\/www.ufsm.br\/pro-reitorias\/proplan\/wp-json\/wp\/v2\/media?parent=4573"}],"wp:term":[{"taxonomy":"category","embeddable":true,"href":"https:\/\/www.ufsm.br\/pro-reitorias\/proplan\/wp-json\/wp\/v2\/categories?post=4573"},{"taxonomy":"post_tag","embeddable":true,"href":"https:\/\/www.ufsm.br\/pro-reitorias\/proplan\/wp-json\/wp\/v2\/tags?post=4573"}],"curies":[{"name":"wp","href":"https:\/\/api.w.org\/{rel}","templated":true}]}}