{"id":4597,"date":"2021-07-26T12:08:41","date_gmt":"2021-07-26T15:08:41","guid":{"rendered":"https:\/\/www.ufsm.br\/pro-reitorias\/proplan\/?page_id=4597"},"modified":"2026-01-09T11:39:10","modified_gmt":"2026-01-09T14:39:10","slug":"resolucao-ufsm-n-062-2021","status":"publish","type":"page","link":"https:\/\/www.ufsm.br\/pro-reitorias\/proplan\/resolucao-ufsm-n-062-2021","title":{"rendered":"RESOLU\u00c7\u00c3O UFSM N\u00b0 062\/2021"},"content":{"rendered":"\t\t<div data-elementor-type=\"wp-page\" data-elementor-id=\"4597\" class=\"elementor elementor-4597\">\n\t\t\t\t\t\t<section class=\"elementor-section elementor-top-section elementor-element elementor-element-397363a elementor-section-boxed elementor-section-height-default elementor-section-height-default\" data-id=\"397363a\" data-element_type=\"section\">\n\t\t\t\t\t\t<div class=\"elementor-container elementor-column-gap-default\">\n\t\t\t\t\t<div class=\"elementor-column elementor-col-100 elementor-top-column elementor-element elementor-element-1705448\" data-id=\"1705448\" data-element_type=\"column\">\n\t\t\t<div class=\"elementor-widget-wrap elementor-element-populated\">\n\t\t\t\t\t\t<div class=\"elementor-element elementor-element-f4b4ddb elementor-widget elementor-widget-html\" data-id=\"f4b4ddb\" data-element_type=\"widget\" data-widget_type=\"html.default\">\n\t\t\t\t<div class=\"elementor-widget-container\">\n\t\t\t\r\n\r\n\r\n<title><b>RESOLU\u00c7\u00c3O UFSM N. 062, DE 26 DE JULHO DE 2021<\/b><\/title>\r\n\r\n\r\n<div align=\"center\"><img decoding=\"async\" src=\"https:\/\/www.ufsm.br\/pro-reitorias\/proplan\/wp-content\/uploads\/sites\/344\/2019\/09\/brasao-da-republica-do-brasil-logo.png\" alt=\"Bras\u00e3o Rep\u00fablica Federativa do Brasil\" width=\"6%\" height=\"6%\"><\/div>  <h1><font color=\"blue\"><font size=\"5\"><div align=\"center\">MINIST\u00c9RIO DA EDUCA\u00c7\u00c3O<\/div><\/font><\/font><\/H1>\r\n<b><font color=\"0000blue\"><div align=\"center\">UNIVERSIDADE FEDERAL DE SANTA MARIA<\/div><\/font><\/b>\r\n<p><div align=\"center\"><b><a href=\"https:\/\/portal.ufsm.br\/documentos\/publico\/documento.html?id=13649648\" target=\"_blank\"><font color=\"blue\">RESOLU\u00c7\u00c3O UFSM N\u00b0 062, DE 26 DE JULHO DE 2021<\/font><\/a><\/b><\/div>\r\n<br>\r\n   <div style=\"color: #800000;width: 60%;margin-left: auto;margin-right: 0;text-align: justify;font-weight: normal\">Aprova o <a href=\"https:\/\/www.ufsm.br\/pro-reitorias\/proplan\/regulamento-interno-do-centro-de-convencoes-2021\/\" target=\"_blank\"><font color=\"blue\"><u>Regulamento Interno do Centro de Conven\u00e7\u00f5es (CC)<\/u><\/font><\/a>, espa\u00e7o destinado \u00e0 realiza\u00e7\u00e3o de eventos de caracter\u00edstica t\u00e9cnica, cient\u00edfica, art\u00edstica e cultural, gerido pelo N\u00facleo de Gest\u00e3o Art\u00edstica e Cultural (NUGAC), da Coordenadoria de Cultura e Arte (CCA), da Pr\u00f3-Reitoria de Extens\u00e3o (PRE), da Universidade Federal de Santa Maria (UFSM).<\/font><\/div>\r\n<br>\r\n<div align=\"justify\">\r\n<p>O REITOR DA UNIVERSIDADE FEDERAL DE SANTA MARIA, no uso de suas atribui\u00e7\u00f5es legais e estatut\u00e1rias e considerando:<\/p>\r\n<p>- a <a href=\"http:\/\/www.planalto.gov.br\/ccivil_03\/leis\/l6120.htm\" target=\"_blank\"><font color=\"blue\"><u>Lei N. 6.120, de 15 de outubro de 1974<\/u><\/font><\/a>, que disp\u00f5e sobre a aliena\u00e7\u00e3o de bens im\u00f3veis de institui\u00e7\u00f5es federais de ensino e d\u00e1 outras provid\u00eancias;<\/p>\r\n<p>- o Art. 56 da <a href=\"http:\/\/www.planalto.gov.br\/ccivil_03\/leis\/l9394.htm\" target=\"_blank\"><font color=\"blue\"><u>Lei N. 9.394, de 20 de dezembro de 1996<\/u><\/font><\/a>, que estabelece as diretrizes e bases da educa\u00e7\u00e3o nacional;<\/p>\r\n<p>- a <a href=\"http:\/\/www.planalto.gov.br\/ccivil_03\/leis\/lcp\/lcp95.htm\" target=\"_blank\"><font color=\"blue\"><u>Lei Complementar N. 95, de 26 de fevereiro de 1998<\/u><\/font><\/a>, que disp\u00f5e sobre a elabora\u00e7\u00e3o, a reda\u00e7\u00e3o, a altera\u00e7\u00e3o e a consolida\u00e7\u00e3o das leis, conforme determina o Par\u00e1grafo \u00danico do Art. 59 da <a href=\"http:\/\/www.planalto.gov.br\/ccivil_03\/constituicao\/constituicao.htm\" target=\"_blank\"><font color=\"blue\"><u>Constitui\u00e7\u00e3o Federal<\/u><\/font><\/a>, e estabelece normas para a consolida\u00e7\u00e3o dos atos normativos que menciona;<\/p>\r\n<p>- a <a href=\"https:\/\/legislacao.presidencia.gov.br\/atos\/?tipo=LEI&amp;numero=9294&amp;ano=1996&amp;ato=17ek3Yq1UMJpWT3fb\" target=\"_blank\"><font color=\"blue\"><u>Lei N. 9.294, de 15 de julho de 1996<\/u><\/font><\/a>, disp\u00f5e sobre as restri\u00e7\u00f5es ao uso e \u00e0 propaganda de produtos fum\u00edgeros, bebidas alco\u00f3licas, medicamentos, terapias e defensivas agr\u00edcolas, nos termos do \u00a7 4\u00ba do art. 220 da <a href=\"http:\/\/www.planalto.gov.br\/ccivil_03\/constituicao\/constituicao.htm\" target=\"_blank\"><font color=\"blue\"><u>Constitui\u00e7\u00e3o Federal<\/u><\/font><\/a>;<\/p>\r\n<p>- a <a href=\"http:\/\/www.planalto.gov.br\/ccivil_03\/_ato2015-2018\/2017\/lei\/l13425.htm\" target=\"_blank\"><font color=\"blue\"><u>Lei N. 13.425, de 30 de mar\u00e7o de 2017<\/u><\/font><\/a> que estabelece diretrizes gerais sobre medidas de preven\u00e7\u00e3o e combate a inc\u00eandio e a desastres em estabelecimentos, edifica\u00e7\u00f5es e \u00e1reas de reuni\u00e3o de p\u00fablico; altera as Leis n\u00ba s <a href=\"http:\/\/www.planalto.gov.br\/ccivil_03\/leis\/l8078compilado.htm\" target=\"_blank\"><font color=\"blue\"><u>8.078, de 11 de setembro de 1990<\/u><\/font><\/a>, e <a href=\"http:\/\/www.planalto.gov.br\/ccivil_03\/leis\/2002\/L10406compilada.htm\" target=\"_blank\"><font color=\"blue\"><u>10.406, de 10 de janeiro de 2002<\/u><\/font><\/a> \u2013 C\u00f3digo Civil; e d\u00e1 outras provid\u00eancias;<\/p>\r\n<p>- a <a href=\"http:\/\/www.planalto.gov.br\/ccivil_03\/_ato2015-2018\/2018\/lei\/L13726.htm\" target=\"_blank\"><font color=\"blue\"><u>Lei N. 13.726, de 8 outubro de 2018<\/u><\/font><\/a>, que racionaliza atos e procedimentos administrativos dos Poderes da Uni\u00e3o, dos Estados, do Distrito Federal e dos Munic\u00edpios e institui o Selo de Desburocratiza\u00e7\u00e3o e Simplifica\u00e7\u00e3o;<\/p>\r\n<p>- a <a href=\"https:\/\/www.legisweb.com.br\/legislacao\/?id=155477\" target=\"_blank\"><font color=\"blue\"><u>Lei Estadual N. 13.275, de 03 de novembro de 2009<\/u><\/font><\/a>, que pro\u00edbe o uso do fumo e similares, derivados ou n\u00e3o do tabaco, em recinto coletivo fechado em todo o Estado do Rio Grande do Sul;<\/p>\r\n<p>- o <a href=\"http:\/\/www.planalto.gov.br\/ccivil_03\/_ato2015-2018\/2017\/decreto\/D9191.htm\" target=\"_blank\"><font color=\"blue\"><u>Decreto N. 9.191, de 1\u00b0 de novembro de 2017<\/u><\/font><\/a>, que estabelece as normas e as diretrizes para elabora\u00e7\u00e3o, reda\u00e7\u00e3o, altera\u00e7\u00e3o, consolida\u00e7\u00e3o e encaminhamento de propostas de atos normativos ao Presidente da Rep\u00fablica pelos Ministros de Estado;<\/p>\r\n<p>- o <a href=\"http:\/\/www.planalto.gov.br\/ccivil_03\/_ato2019-2022\/2019\/decreto\/D9759.htm\" target=\"_blank\"><font color=\"blue\"><u>Decreto N. 9.759, de 11 de abril de 2019<\/u><\/font><\/a>, que extingue e estabelece diretrizes, regras e limita\u00e7\u00f5es para colegiados da administra\u00e7\u00e3o p\u00fablica federal, alterado pelo <a href=\"http:\/\/www.planalto.gov.br\/ccivil_03\/_ato2019-2022\/2019\/decreto\/D9812.htm\" target=\"_blank\"><font color=\"blue\"><u>Decreto N. 9.812, de 30 de maio de 2019<\/u><\/font><\/a>;<\/p>\r\n<p>- o <a href=\"http:\/\/www.planalto.gov.br\/ccivil_03\/_ato2019-2022\/2019\/decreto\/D10139.htm\" target=\"_blank\"><font color=\"blue\"><u>Decreto N. 10.139, de 28 de novembro de 2019<\/u><\/font><\/a>, que disp\u00f5e sobre a revis\u00e3o e a consolida\u00e7\u00e3o de atos normativos inferiores a decreto;<\/p>\r\n<p>- o <a href=\"https:\/\/www.ufsm.br\/pro-reitorias\/proplan\/estatuto-ufsm-2010\/\" target=\"_blank\"><font color=\"blue\"><u>Estatuto da Universidade Federal de Santa Maria<\/u><\/font><\/a>, com as adequa\u00e7\u00f5es aprovadas pela <a href=\"https:\/\/www.ufsm.br\/pro-reitorias\/proplan\/resolucao-n-037-2010\/\" target=\"_blank\"><font color=\"blue\"><u>Resolu\u00e7\u00e3o UFSM N. 037\/2010<\/u><\/font><\/a> e aprovadas pela <a href=\"https:\/\/pesquisa.in.gov.br\/imprensa\/jsp\/visualiza\/index.jsp?data=13\/03\/2014&amp;jornal=1&amp;pagina=43&amp;totalArquivos=100\" target=\"_blank\"><font color=\"blue\"><u>Portaria N. 156, de 12 de mar\u00e7o de 2014<\/u><\/font><\/a>, publicada no Di\u00e1rio Oficial da Uni\u00e3o em 13 de mar\u00e7o de 2014;<\/p>\r\n<p>- o <a href=\"https:\/\/www.ufsm.br\/pro-reitorias\/proplan\/regimento-geral-da-ufsm-com-alteracoes-compiladas-pela-resolucao-n-016-2019\/\" target=\"_blank\"><font color=\"blue\"><u>Regimento Geral da Universidade Federal de Santa Maria<\/u><\/font><\/a>, com as adequa\u00e7\u00f5es aprovadas pela <a href=\"https:\/\/www.ufsm.br\/pro-reitorias\/proplan\/resolucao-n-006-2011\/\" target=\"_blank\"><font color=\"blue\"><u>Resolu\u00e7\u00e3o UFSM N. 006\/2011<\/u><\/font><\/a>;<\/p> \r\n<p>- a <a href=\"https:\/\/www.ufsm.br\/pro-reitorias\/proplan\/resolucao-n-011-2018\/\" target=\"_blank\"><font color=\"blue\"><u>Resolu\u00e7\u00e3o UFSM N. 011, de 30 de maio de 2018<\/u><\/font><\/a>, que normatiza as solenidades de cola\u00e7\u00e3o de grau dos cursos de gradua\u00e7\u00e3o da Universidade Federal de Santa Maria;<\/p>\r\n<p>- a <a href=\"https:\/\/www.ufsm.br\/pro-reitorias\/proplan\/resolucao-n-026-2018\/\" target=\"_blank\"><font color=\"blue\"><u>Resolu\u00e7\u00e3o UFSM N. 026\/2018, de 26 de outubro de 2018<\/u><\/font><\/a>, que estabelece a proibi\u00e7\u00e3o de venda e distribui\u00e7\u00e3o de bebidas alco\u00f3licas na UFSM;<\/p>\r\n<p>- a <a href=\"https:\/\/www.ufsm.br\/pro-reitorias\/proplan\/resolucao-n-016-2020\/\" target=\"_blank\"><font color=\"blue\"><u>Resolu\u00e7\u00e3o UFSM N. 016\/2020, de 23 de junho de 2020<\/u><\/font><\/a>, que estabelece a nova estrutura organizacional da Pr\u00f3-Reitoria de Extens\u00e3o (PRE) da Universidade Federal de Santa Maria (UFSM), suas compet\u00eancias e atribui\u00e7\u00f5es;<\/p>\r\n<p>- a moderniza\u00e7\u00e3o administrativa, visando efici\u00eancia, efic\u00e1cia e efetividade da gest\u00e3o dos processos; e<\/p>\r\n<p>- o Parecer N. 054\/2021 da Comiss\u00e3o de Legisla\u00e7\u00e3o e Normas (CLN), aprovado na 962\u00aa Sess\u00e3o do Conselho de Ensino, Pesquisa e Extens\u00e3o (CEPE), de 12 de julho de 2021, referente ao <a href=\"https:\/\/portal.ufsm.br\/documentos\/publico\/processo\/documento.html?idDocumento=13498537\" target=\"_blank\"><font color=\"blue\"><u>Processo N. 23081.031337\/2021-44<\/u><\/font><\/a>; e,<\/p>\r\n<p>- o Parecer N. 067\/2021 da Comiss\u00e3o de Legisla\u00e7\u00e3o e Regimentos (CLR), aprovado na 840\u00aa Sess\u00e3o do Conselho Universit\u00e1rio (CONSU), de 23 de julho de 2021, referente ao <a href=\"https:\/\/portal.ufsm.br\/documentos\/publico\/processo\/documento.html?idDocumento=13498537\" target=\"_blank\"><font color=\"blue\"><u>Processo N. 23081.031337\/2021-44<\/u><\/font><\/a>.<\/p>\r\n<br>\r\n<p>RESOLVE:<\/p>\r\n<br>\r\n<p>Art. 1\u00ba Aprovar o <a href=\"https:\/\/www.ufsm.br\/pro-reitorias\/proplan\/regulamento-interno-do-centro-de-convencoes-2021\/\" target=\"_blank\"><font color=\"blue\"><u>Regulamento Interno do Centro de Conven\u00e7\u00f5es (CC)<\/u><\/font><\/a>, espa\u00e7o destinado \u00e0 realiza\u00e7\u00e3o de eventos de caracter\u00edstica t\u00e9cnica, cient\u00edfica, art\u00edstica e cultural, gerido pelo N\u00facleo de Gest\u00e3o Art\u00edstica e Cultural (NUGAC), da Coordenadoria de Cultura e Arte (CCA), da Pr\u00f3-Reitoria de Extens\u00e3o (PRE), da Universidade Federal de Santa Maria (UFSM).<\/p>\r\n<p>Par\u00e1grafo \u00fanico. O <a href=\"https:\/\/www.ufsm.br\/pro-reitorias\/proplan\/regulamento-interno-do-centro-de-convencoes-2021\/\" target=\"_blank\"><font color=\"blue\"><u>Regulamento Interno do Centro de Conven\u00e7\u00f5es<\/u><\/font><\/a> se constitui como anexo desta Resolu\u00e7\u00e3o.<\/p>\r\n<p>Art. 2\u00ba Esta Resolu\u00e7\u00e3o entra em vigor em 1\u00ba de setembro de 2021, de acordo com o que prev\u00ea o artigo 4\u00ba do <a href=\"http:\/\/www.planalto.gov.br\/ccivil_03\/_ato2019-2022\/2019\/decreto\/D10139.htm\" target=\"_blank\"><font color=\"blue\"><u>Decreto N. 10.139\/2019<\/u><\/font><\/a>.<\/p>\r\n<p>Par\u00e1grafo \u00fanico. Havendo qualquer modifica\u00e7\u00e3o legislativa, ou ainda, havendo qualquer situa\u00e7\u00e3o legal que impacte na legalidade da presente Resolu\u00e7\u00e3o, a mesma se aplica de imediato.<\/p>\r\n<br>\r\n<p>Paulo Afonso Burmann,<\/p>\r\n<p>Reitor.<\/p>\r\n<br>\r\n<p><font color=\"red0000\">Este texto n\u00e3o substitui o documento original, publicado no Portal de Documentos em 26 de julho de 2021.<\/font> Dispon\u00edvel em: <a href=\"https:\/\/portal.ufsm.br\/documentos\/publico\/documento.html?id=13649648\"><font color=\"blue\">https:\/\/portal.ufsm.br\/documentos\/publico\/documento.html?id=13649648<\/font><\/a><\/p><\/div>\r\n\r\n \t\t<\/div>\n\t\t\t\t<\/div>\n\t\t\t\t\t<\/div>\n\t\t<\/div>\n\t\t\t\t\t<\/div>\n\t\t<\/section>\n\t\t\t\t<\/div>\n\t\t","protected":false},"excerpt":{"rendered":"<p>RESOLU\u00c7\u00c3O UFSM N. 062, DE 26 DE JULHO DE 2021 MINIST\u00c9RIO DA EDUCA\u00c7\u00c3O UNIVERSIDADE FEDERAL DE SANTA MARIA RESOLU\u00c7\u00c3O UFSM N\u00b0 062, DE 26 DE JULHO DE 2021 Aprova o Regulamento Interno do Centro de Conven\u00e7\u00f5es (CC), espa\u00e7o destinado \u00e0 realiza\u00e7\u00e3o de eventos de caracter\u00edstica t\u00e9cnica, cient\u00edfica, art\u00edstica e cultural, gerido pelo N\u00facleo de Gest\u00e3o [&hellip;]<\/p>\n","protected":false},"author":230,"featured_media":0,"parent":0,"menu_order":0,"comment_status":"closed","ping_status":"closed","template":"","meta":{"footnotes":""},"categories":[],"tags":[],"class_list":["post-4597","page","type-page","status-publish","hentry"],"acf":[],"_links":{"self":[{"href":"https:\/\/www.ufsm.br\/pro-reitorias\/proplan\/wp-json\/wp\/v2\/pages\/4597","targetHints":{"allow":["GET"]}}],"collection":[{"href":"https:\/\/www.ufsm.br\/pro-reitorias\/proplan\/wp-json\/wp\/v2\/pages"}],"about":[{"href":"https:\/\/www.ufsm.br\/pro-reitorias\/proplan\/wp-json\/wp\/v2\/types\/page"}],"author":[{"embeddable":true,"href":"https:\/\/www.ufsm.br\/pro-reitorias\/proplan\/wp-json\/wp\/v2\/users\/230"}],"replies":[{"embeddable":true,"href":"https:\/\/www.ufsm.br\/pro-reitorias\/proplan\/wp-json\/wp\/v2\/comments?post=4597"}],"version-history":[{"count":0,"href":"https:\/\/www.ufsm.br\/pro-reitorias\/proplan\/wp-json\/wp\/v2\/pages\/4597\/revisions"}],"wp:attachment":[{"href":"https:\/\/www.ufsm.br\/pro-reitorias\/proplan\/wp-json\/wp\/v2\/media?parent=4597"}],"wp:term":[{"taxonomy":"category","embeddable":true,"href":"https:\/\/www.ufsm.br\/pro-reitorias\/proplan\/wp-json\/wp\/v2\/categories?post=4597"},{"taxonomy":"post_tag","embeddable":true,"href":"https:\/\/www.ufsm.br\/pro-reitorias\/proplan\/wp-json\/wp\/v2\/tags?post=4597"}],"curies":[{"name":"wp","href":"https:\/\/api.w.org\/{rel}","templated":true}]}}