{"id":4599,"date":"2021-07-29T16:09:48","date_gmt":"2021-07-29T19:09:48","guid":{"rendered":"https:\/\/www.ufsm.br\/pro-reitorias\/proplan\/?page_id=4599"},"modified":"2021-09-24T15:27:36","modified_gmt":"2021-09-24T18:27:36","slug":"portaria-normativa-ufsm-n-027-2021","status":"publish","type":"page","link":"https:\/\/www.ufsm.br\/pro-reitorias\/proplan\/portaria-normativa-ufsm-n-027-2021","title":{"rendered":"Portaria Normativa UFSM N. 027\/2021"},"content":{"rendered":"\t\t<div data-elementor-type=\"wp-page\" data-elementor-id=\"4599\" class=\"elementor elementor-4599\">\n\t\t\t\t\t\t<section class=\"elementor-section elementor-top-section elementor-element elementor-element-a1fe8ac elementor-section-boxed elementor-section-height-default elementor-section-height-default\" data-id=\"a1fe8ac\" data-element_type=\"section\">\n\t\t\t\t\t\t<div class=\"elementor-container elementor-column-gap-default\">\n\t\t\t\t\t<div class=\"elementor-column elementor-col-100 elementor-top-column elementor-element elementor-element-3d43b93\" data-id=\"3d43b93\" data-element_type=\"column\">\n\t\t\t<div class=\"elementor-widget-wrap elementor-element-populated\">\n\t\t\t\t\t\t<div class=\"elementor-element elementor-element-f187eed elementor-widget elementor-widget-html\" data-id=\"f187eed\" data-element_type=\"widget\" data-widget_type=\"html.default\">\n\t\t\t\t<div class=\"elementor-widget-container\">\n\t\t\t\r\n\r\n\r\n<title><b>PORTARIA NORMATIVA UFSM N. 027, DE 28 DE JULHO DE 2021<\/b><\/title>\r\n\r\n\r\n<div align=\"center\"><img decoding=\"async\" src=\"https:\/\/www.ufsm.br\/pro-reitorias\/proplan\/wp-content\/uploads\/sites\/344\/2019\/09\/brasao-da-republica-do-brasil-logo.png\" alt=\"Bras\u00e3o Rep\u00fablica Federativa do Brasil\" width=\"6%\" height=\"6%\"><\/div>    \r\n<h1><font color=\"blue\"><font size=\"5\"><div align=\"center\">MINIST\u00c9RIO DA EDUCA\u00c7\u00c3O<\/b><\/font><\/font><\/div><\/H1>\r\n<p><b><font color=\"0000blue\"><div align=\"center\">UNIVERSIDADE FEDERAL DE SANTA MARIA<\/b><\/font><\/div><\/p>\r\n<p><div align=\"center\"><b><a href=\"https:\/\/portal.ufsm.br\/documentos\/publico\/documento.html?id=13650131\" target=\"_blank\"><font color=\"blue\">PORTARIA NORMATIVA UFSM N. 027, DE 28 DE JULHO DE 2021<\/font><\/a><\/b><\/div><\/p>\r\n<br>\r\n<p><div align=\"right\"><font color=\"800000\">Estabelece que a <a href=\"https:\/\/www.ufsm.br\/pro-reitorias\/proplan\/portaria-normativa-ufsm-n-019-2021\/\" target=\"_blank\"><font color=\"blue\"><u>Portaria Normativa N. 019, de 26 de fevereiro de 2021<\/u><\/font><\/a>, passa a vigorar com as seguintes altera\u00e7\u00f5es.<\/font><\/div><\/p>\r\n<p><a href=\"https:\/\/www.ufsm.br\/pro-reitorias\/proplan\/portaria-normativa-ufsm-n-032-2021\/\" target=\"_blank\"><font color=\"blue\"><u>Revogada pela Portaria Normativa N. 032\/2021<\/u><\/font><\/a>.<\/p>\r\n<br>\r\n<br><div align=\"justify\">\r\n<p><s>O REITOR DA UNIVERSIDADE FEDERAL DE SANTA MARIA, no uso das atribui\u00e7\u00f5es que lhe confere o artigo 30, inciso I e XXII do <a href=\"https:\/\/www.ufsm.br\/pro-reitorias\/proplan\/estatuto-ufsm-2010\/\" target=\"_blank\"><font color=\"blue\"><u>Estatuto<\/u><\/font><\/a>, aprovado pela Portaria n\u00b0 156, de 12 de mar\u00e7o de 2014, publicada no Di\u00e1rio Oficial da Uni\u00e3o de 13 de mar\u00e7o de 2014 do Secret\u00e1rio de Regula\u00e7\u00e3o e Supervis\u00e3o da Educa\u00e7\u00e3o Superior, e considerando: <\/p>\r\n<p>- o direito \u00e0 sa\u00fade, referendado pela <a href=\"http:\/\/www.planalto.gov.br\/ccivil_03\/constituicao\/constituicao.htm\" target=\"_blank\"><font color=\"blue\"><u>Constitui\u00e7\u00e3o da Rep\u00fablica Federativa do Brasil de 1988<\/u><\/font><\/a> como um direito fundamental, de natureza indiscutivelmente indispon\u00edvel, inserido no rol de direitos sociais amplamente tratados em seu art. 6\u00b0;<\/p>\r\n<p>- que, em dezembro de 2019, um v\u00edrus at\u00e9 ent\u00e3o desconhecido em humanos foi identificado em pacientes hospitalizados com pneumonia na cidade de Wuhan, Prov\u00edncia de Hubei, na Rep\u00fablica Popular da China, recebendo a denomina\u00e7\u00e3o pela comunidade cientifica de Coronavirus (COVID-19); <\/p>\r\n<p>- que, em 30 de janeiro de 2020, a Organiza\u00e7\u00e3o Mundial de Sa\u00fade \u2014 OMS declarou que o surto da doen\u00e7a causada pelo COVID-19, havia se tornado uma Emerg\u00eancia de Sa\u00fade P\u00fablica de Import\u00e2ncia Internacional (o mais alto n\u00edvel de alerta da Organiza\u00e7\u00e3o, conforme previsto no Regulamento Sanit\u00e1rio Internacional \u2014 RSI), exortando os governos a adotarem medidas de coordena\u00e7\u00e3o, a coopera\u00e7\u00e3o e a solidariedade global para interromper a propaga\u00e7\u00e3o do v\u00edrus; <\/p>\r\n<p>- que, particularmente no Brasil, a <a href=\"https:\/\/www.in.gov.br\/en\/web\/dou\/-\/portaria-n-188-de-3-de-fevereiro-de-2020-241408388\" target=\"_blank\"><font color=\"blue\"><u>Portaria N. 188, de 03 de fevereiro de 2020<\/u><\/font><\/a>, do Minist\u00e9rio da Sa\u00fade que declara Emerg\u00eancia em Sa\u00fade P\u00fablica de Import\u00e2ncia Nacional (ESPIN) em decorr\u00eancia da Infec\u00e7\u00e3o Humana pelo novo Coronav\u00edrus (2019-nCoV); <\/p>\r\n<p>- a <a href=\"https:\/\/www.in.gov.br\/en\/web\/dou\/-\/lei-n-13.979-de-6-de-fevereiro-de-2020-242078735\" target=\"_blank\"><font color=\"blue\"><u>Lei N. 13.979, de 06 de fevereiro de 2020<\/u><\/font><\/a>, que disp\u00f5e sobre as medidas para enfrentamento da emerg\u00eancia de sa\u00fade p\u00fablica de import\u00e2ncia internacional decorrente do coronav\u00edrus respons\u00e1vel pelo surto de 2019; <\/p>\r\n<p>- o disposto no art. 45 da <a href=\"http:\/\/www.planalto.gov.br\/ccivil_03\/leis\/l9784.htm\" target=\"_blank\"><font color=\"blue\"><u>Lei N. 9.784, de 29 de janeiro de 1999<\/u><\/font><\/a>, que regula o processo administrativo no \u00e2mbito da Administrativa P\u00fablica Federal;<\/p>\r\n<p>- a <a href=\"http:\/\/www.planalto.gov.br\/CCIVIL_03\/Portaria\/PRT\/Portaria%20n%C2%BA%20356-20-mec.htm\" target=\"_blank\"><font color=\"blue\"><u>Portaria N. 356, de 20 de mar\u00e7o de 2020<\/u><\/font><\/a>, que disp\u00f5e sobre a atua\u00e7\u00e3o dos alunos dos cursos da \u00e1rea de sa\u00fade no combate \u00e0 pandemia do coronav\u00edrus (COVID-19);<\/p>\r\n<p>- que, em 11 de mar\u00e7o de 2020, devido \u00e0 c\u00e9lere expans\u00e3o do COVID-19 entre continentes, a OMS passou a caracterizar o agravo como uma pandemia; <\/p>\r\n<p>- a <a href=\"https:\/\/www.in.gov.br\/en\/web\/dou\/-\/portaria-n-544-de-16-de-junho-de-2020-261924872\" target=\"_blank\"><font color=\"blue\"><u>Portaria N. 544, de 16 de junho de 2020<\/u><\/font><\/a>, do Minist\u00e9rio da Educa\u00e7\u00e3o, que disp\u00f5e sobre a substitui\u00e7\u00e3o das aulas presenciais por aulas em meios digitais, enquanto durar a situa\u00e7\u00e3o de pandemia do novo coronav\u00edrus (COVID-19), e revoga as Portarias MEC <a href=\"https:\/\/www.in.gov.br\/en\/web\/dou\/-\/portaria-n-343-de-17-de-marco-de-2020-248564376\" target=\"_blank\"><font color=\"blue\"><u>N. 343, de 17 de mar\u00e7o de 2020<\/u><\/font><\/a>, <a href=\"https:\/\/www.in.gov.br\/en\/web\/dou\/-\/portaria-n-345-de-19-de-marco-de-2020-248881422?inheritRedirect=true&amp;redirect=%2Fweb%2Fguest%2Fsearch%3FqSearch%3DPortaria%2520345%2520de%252019%2520de%2520mar%25C3%25A7o%2520de%25202020\" target=\"_blank\"><font color=\"blue\"><u>N. 345, de 19 de mar\u00e7o de 2020<\/u><\/font><\/a>, e <a href=\"https:\/\/www.in.gov.br\/en\/web\/dou\/-\/portaria-n-473-de-12-de-maio-de-2020-256531507?inheritRedirect=true&amp;redirect=%2Fweb%2Fguest%2Fsearch%3FqSearch%3DPortaria%2520473%252C%252012%2520de%2520maio%2520de%25202020\" target=\"_blank\"><font color=\"blue\"><u>N. 473, de 12 de maio de 2020<\/u><\/font><\/a> e altera\u00e7\u00f5es produzidas pela <a href=\"https:\/\/www.in.gov.br\/en\/web\/dou\/-\/portaria-mec-n-1.038-de-7-de-dezembro-de-2020-292694534\" target=\"_blank\"><font color=\"blue\"><u>Portaria N. 1.038, de 07 de dezembro de 2020<\/u><\/font><\/a>, do Minist\u00e9rio da Educa\u00e7\u00e3o;<\/p>\r\n<p>- a <a href=\"https:\/\/www.in.gov.br\/en\/web\/dou\/-\/portaria-n-1.030-de-1-de-dezembro-de-2020-291532789\" target=\"_blank\"><font color=\"blue\"><u>Portaria N. 1.030, de 1\u00ba de dezembro de 2020<\/u><\/font><\/a>, que disp\u00f5e sobre o retorno \u00e0s aulas presenciais e sobre car\u00e1ter excepcional de utiliza\u00e7\u00e3o de recursos educacionais digitais para integraliza\u00e7\u00e3o da carga hor\u00e1ria das atividades pedag\u00f3gicas enquanto durar a situa\u00e7\u00e3o de pandemia do novo coronav\u00edrus (COVID-19);<\/p>\r\n<p>- a <a href=\"https:\/\/www.in.gov.br\/en\/web\/dou\/-\/resolucao-cne\/cp-n-2-de-10-de-dezembro-de-2020-293526006\" target=\"_blank\"><font color=\"blue\"><u>Resolu\u00e7\u00e3o N. 2, de 10 de dezembro de 2020<\/u><\/font><\/a>, do Conselho Nacional de Educa\u00e7\u00e3o, que Institui Diretrizes Nacionais orientadoras para a implementa\u00e7\u00e3o dos dispositivos da <a href=\"http:\/\/www.planalto.gov.br\/ccivil_03\/_ato2019-2022\/2020\/lei\/L14040.htm\" target=\"_blank\"><font color=\"blue\"><u>Lei N. 14.040, de 18 de agosto de 2020<\/u><\/font><\/a>, que estabelece normas educacionais excepcionais a serem adotadas pelos sistemas de ensino, institui\u00e7\u00f5es e redes escolares, p\u00fablicas, privadas, comunit\u00e1rias e confessionais, durante o estado de calamidade reconhecido pelo <a href=\"http:\/\/www.planalto.gov.br\/ccivil_03\/portaria\/DLG6-2020.htm\" target=\"_blank\"><font color=\"blue\"><u>Decreto Legislativo N. 6, de 20 de mar\u00e7o de 2020<\/u><\/font><\/a>;<\/p>\r\n<p>- a <a href=\"https:\/\/www.in.gov.br\/en\/web\/dou\/-\/resolucao-cne\/ces-n-1-de-29-de-dezembro-de-2020-296893578\" target=\"_blank\"><u>Resolu\u00e7\u00e3o N. 1, de 29 de dezembro de 2020<\/u><\/font><\/a>, da C\u00e2mara de Educa\u00e7\u00e3o Superior do Conselho Nacional de Educa\u00e7\u00e3o, que disp\u00f5e sobre prazo de implanta\u00e7\u00e3o das novas Diretrizes Curriculares Nacionais (DCNs) durante a calamidade p\u00fablica provocada pela pandemia do COVID-19;<\/p>\r\n<p>- a <a href=\"https:\/\/www.in.gov.br\/en\/web\/dou\/-\/instrucao-normativa-n-109-de-29-de-outubro-de-2020-285756030\" target=\"_blank\"><u>Instru\u00e7\u00e3o Normativa N. 109, de 29 de outubro de 2020<\/u><\/font><\/a>, do Minist\u00e9rio da Economia, que estabelece orienta\u00e7\u00f5es aos \u00f3rg\u00e3os e entidades do Sistema de Pessoal Civil da Administra\u00e7\u00e3o P\u00fablica Federal - SIPEC para o retorno gradual e seguro ao trabalho presencial;<\/p> \r\n<p>- a <a href=\"https:\/\/www.in.gov.br\/en\/web\/dou\/-\/instrucao-normativa-sgp\/sedgg\/me-n-37-de-25-de-marco-de-2021-310565177\" target=\"_blank\"><font color=\"blue\"><u>Instru\u00e7\u00e3o Normativa N. 37, de 25 de mar\u00e7o de 2021<\/u><\/font><\/a>, do Minist\u00e9rio da Economia, que altera a <a href=\"https:\/\/www.in.gov.br\/en\/web\/dou\/-\/instrucao-normativa-n-109-de-29-de-outubro-de-2020-285756030\" target=\"_blank\"><font color=\"blue\"><u>Instru\u00e7\u00e3o Normativa N. 109, de 29 de outubro de 2020<\/u><\/font><\/a>, do Minist\u00e9rio da Economia, que estabelece orienta\u00e7\u00f5es aos \u00f3rg\u00e3os e entidades do Sistema de Pessoal Civil da Administra\u00e7\u00e3o P\u00fablica Federal - SIPEC para o retorno gradual e seguro ao trabalho presencial;<\/p>\r\n<p>- a <a href=\"https:\/\/www.in.gov.br\/en\/web\/dou\/-\/resolucao-n-8-de-2-de-abril-de-2020-251489188\" target=\"_blank\"><font color=\"blue\"><u>Resolu\u00e7\u00e3o N. 08, de 02 de abril de 2020<\/u><\/font><\/a>, do Conselho Regional de Medicina do Rio Grande do Sul, que recomenda medidas \u00e9ticas aos M\u00e9dicos do Trabalho para enfrentamento do COVID-19; e,<\/p>\r\n<p>- o <a href=\"https:\/\/www.ufsm.br\/coronavirus\/cbio\/manual-de-biosseguranca\/\" target=\"_blank\"><font color=\"blue\"><u>Manual de Biosseguran\u00e7a da UFSM<\/u><\/font><\/a>.<\/p>\r\n<br>\r\n<p>RESOLVE:<\/p>\r\n<br>\r\n<p> Art. 1\u00b0 Estabelecer que a <a href=\"https:\/\/www.ufsm.br\/pro-reitorias\/proplan\/portaria-normativa-ufsm-n-019-2021\/\" target=\"_blank\"><font color=\"blue\"><u>Portaria Normativa N. 019, de 26 de fevereiro de 2021<\/u><\/font><\/a>, passa a vigorar com as seguintes altera\u00e7\u00f5es:<\/p>\r\n<p>\"Art. 2\u00ba As atividades acad\u00eamicas e administrativas presenciais na Universidade Federal de Santa Maria ficam suspensas no periodo de 17 de mar\u00e7o de 2020 at\u00e9 31 de agosto de 2021.\" (NR)<\/p>\r\n<p>Art. 2\u00b0 Esta Portaria entra em vigor em 2 de agosto de 2021, por se tratar de urg\u00eancia justi\ufb01cada nos autos do expediente administrativo.<\/p>\r\n<p>Par\u00e1grafo \u00fanico. Havendo qualquer modifica\u00e7\u00e3o legislativa, ou ainda, havendo qualquer situa\u00e7\u00e3o legal que impacte na legalidade da presente Portaria, a mesma se aplica de imediato.<\/p>\r\n<br>\r\n<p>Paulo Afonso Burmann,<\/p>\r\n<p>Reitor.<\/s><\/p>\r\n<p><font color=\"red0000\">Este texto n\u00e3o substitui o documento original, publicado no Portal de Documentos em 28 de julho de 2021.<\/font> Dispon\u00edvel em: <a href=\"https:\/\/portal.ufsm.br\/documentos\/publico\/documento.html?id=13650131\" target=\"_blank\"><font color=\"blue\">https:\/\/portal.ufsm.br\/documentos\/publico\/documento.html?id=13650131<\/font><\/a>\r\n\r\n\t\t<\/div>\n\t\t\t\t<\/div>\n\t\t\t\t\t<\/div>\n\t\t<\/div>\n\t\t\t\t\t<\/div>\n\t\t<\/section>\n\t\t\t\t<\/div>\n\t\t","protected":false},"excerpt":{"rendered":"<p>PORTARIA NORMATIVA UFSM N. 027, DE 28 DE JULHO DE 2021 MINIST\u00c9RIO DA EDUCA\u00c7\u00c3O UNIVERSIDADE FEDERAL DE SANTA MARIA PORTARIA NORMATIVA UFSM N. 027, DE 28 DE JULHO DE 2021 Estabelece que a Portaria Normativa N. 019, de 26 de fevereiro de 2021, passa a vigorar com as seguintes altera\u00e7\u00f5es. Revogada pela Portaria Normativa N. [&hellip;]<\/p>\n","protected":false},"author":230,"featured_media":0,"parent":0,"menu_order":0,"comment_status":"closed","ping_status":"closed","template":"","meta":{"footnotes":""},"categories":[],"tags":[],"class_list":["post-4599","page","type-page","status-publish","hentry"],"acf":[],"_links":{"self":[{"href":"https:\/\/www.ufsm.br\/pro-reitorias\/proplan\/wp-json\/wp\/v2\/pages\/4599","targetHints":{"allow":["GET"]}}],"collection":[{"href":"https:\/\/www.ufsm.br\/pro-reitorias\/proplan\/wp-json\/wp\/v2\/pages"}],"about":[{"href":"https:\/\/www.ufsm.br\/pro-reitorias\/proplan\/wp-json\/wp\/v2\/types\/page"}],"author":[{"embeddable":true,"href":"https:\/\/www.ufsm.br\/pro-reitorias\/proplan\/wp-json\/wp\/v2\/users\/230"}],"replies":[{"embeddable":true,"href":"https:\/\/www.ufsm.br\/pro-reitorias\/proplan\/wp-json\/wp\/v2\/comments?post=4599"}],"version-history":[{"count":0,"href":"https:\/\/www.ufsm.br\/pro-reitorias\/proplan\/wp-json\/wp\/v2\/pages\/4599\/revisions"}],"wp:attachment":[{"href":"https:\/\/www.ufsm.br\/pro-reitorias\/proplan\/wp-json\/wp\/v2\/media?parent=4599"}],"wp:term":[{"taxonomy":"category","embeddable":true,"href":"https:\/\/www.ufsm.br\/pro-reitorias\/proplan\/wp-json\/wp\/v2\/categories?post=4599"},{"taxonomy":"post_tag","embeddable":true,"href":"https:\/\/www.ufsm.br\/pro-reitorias\/proplan\/wp-json\/wp\/v2\/tags?post=4599"}],"curies":[{"name":"wp","href":"https:\/\/api.w.org\/{rel}","templated":true}]}}