{"id":4614,"date":"2021-08-13T15:19:01","date_gmt":"2021-08-13T18:19:01","guid":{"rendered":"https:\/\/www.ufsm.br\/pro-reitorias\/proplan\/?page_id=4614"},"modified":"2023-03-02T09:57:05","modified_gmt":"2023-03-02T12:57:05","slug":"portaria-normaiva-ufsm-n-028-2021","status":"publish","type":"page","link":"https:\/\/www.ufsm.br\/pro-reitorias\/proplan\/portaria-normaiva-ufsm-n-028-2021","title":{"rendered":"Portaria Normaiva UFSM N. 028\/2021"},"content":{"rendered":"\t\t<div data-elementor-type=\"wp-page\" data-elementor-id=\"4614\" class=\"elementor elementor-4614\">\n\t\t\t\t\t\t<section class=\"elementor-section elementor-top-section elementor-element elementor-element-7904c4c elementor-section-boxed elementor-section-height-default elementor-section-height-default\" data-id=\"7904c4c\" data-element_type=\"section\">\n\t\t\t\t\t\t<div class=\"elementor-container elementor-column-gap-default\">\n\t\t\t\t\t<div class=\"elementor-column elementor-col-100 elementor-top-column elementor-element elementor-element-f86b804\" data-id=\"f86b804\" data-element_type=\"column\">\n\t\t\t<div class=\"elementor-widget-wrap elementor-element-populated\">\n\t\t\t\t\t\t<div class=\"elementor-element elementor-element-6d5e41d elementor-widget elementor-widget-html\" data-id=\"6d5e41d\" data-element_type=\"widget\" data-widget_type=\"html.default\">\n\t\t\t\t<div class=\"elementor-widget-container\">\n\t\t\t\r\n\r\n\r\n<title><b>PORTARIA NORMATIVA UFSM N. 028, DE 11 DE AGOSTO DE 2021<\/b><\/title>\r\n\r\n\r\n<div align=\"center\"><img decoding=\"async\" src=\"https:\/\/www.ufsm.br\/pro-reitorias\/proplan\/wp-content\/uploads\/sites\/344\/2019\/09\/brasao-da-republica-do-brasil-logo.png\" alt=\"Bras\u00e3o Rep\u00fablica Federativa do Brasil\" width=\"6%\" height=\"6%\"><\/div>    \r\n<h1><font color=\"blue\"><font size=\"5\"><div align=\"center\">MINIST\u00c9RIO DA EDUCA\u00c7\u00c3O<\/b><\/font><\/font><\/div><\/H1>\r\n<p><b><font color=\"0000blue\"><div align=\"center\">UNIVERSIDADE FEDERAL DE SANTA MARIA<\/b><\/font><\/div><\/p>\r\n<p><div align=\"center\"><b><a href=\"https:\/\/portal.ufsm.br\/documentos\/publico\/documento.html?idDocumento=13674513\" target=\"_blank\"><font color=\"blue\">PORTARIA NORMATIVA UFSM N. 028, DE 11 DE AGOSTO DE 2021<\/font><\/a><\/b><\/div><\/p>\r\n<br>\r\n<p><div align=\"right\"><font color=\"800000\">Criar o Grupo de Trabalho denominado GT plano de a\u00e7\u00e3o para cumprimento do ac\u00f3rd\u00e3o 484 TCU, no \u00e2mbito da Universidade Federal de Santa Maria (UFSM).<\/font><\/div><\/p>\r\n<br>\r\n<p><a href=\"https:\/\/www.ufsm.br\/pro-reitorias\/proplan?page_id=5264\" target=\"_blank\"><font color=\"blue\">Revogada pela Resolu\u00e7\u00e3o UFSM N. 116\/2023<\/font><\/a><\/p>\r\n<br><div align=\"justify\">\r\n<s>\r\n<p>O REITOR DA UNIVERSIDADE FEDERAL DE SANTA MARIA, no uso de suas atribui\u00e7\u00f5es legais e estatut\u00e1rias e considerando:<\/p>\r\n<p>- a <a href=\"http:\/\/www.planalto.gov.br\/ccivil_03\/constituicao\/constituicao.htm\" target=\"_blank\"><font color=\"blue\"><u>Constitui\u00e7\u00e3o da Rep\u00fablica Federativa do Brasil de 1988, de 05 de outubro de 1988<\/u><\/font><\/a>;<\/p> \r\n<p>- a <a href=\"http:\/\/www.planalto.gov.br\/ccivil_03\/leis\/l8112cons.htm\" target=\"_blank\"><font color=\"blue\"><u>Lei N. 8.112, de 11 de dezembro de 1990<\/u><\/font><\/a>, que disp\u00f5e sobre o regime jur\u00eddico dos servidores p\u00fablicos civis da Uni\u00e3o, das autarquias e das funda\u00e7\u00f5es p\u00fablicas federais;<\/p> \r\n<p>- a <a href=\"http:\/\/www.planalto.gov.br\/ccivil_03\/leis\/l9394.htm\" target=\"_blank\"><font color=\"blue\"><u>Lei N. 9.394, de 20 de dezembro de 1996<\/u><\/font><\/a>, que estabelece as diretrizes e bases da educa\u00e7\u00e3o nacional e suas altera\u00e7\u00f5es;<\/p> \r\n<p>- a <a href=\"http:\/\/www.planalto.gov.br\/ccivil_03\/leis\/lcp\/lcp95.htm\" target=\"_blank\"><font color=\"blue\"><u>Lei Complementar N. 85, de 26 de fevereiro de 1998<\/u><\/font><\/a>, que disp\u00f5e sobre a elabora\u00e7\u00e3o, a reda\u00e7\u00e3o, a altera\u00e7\u00e3o e a consolida\u00e7\u00e3o das leis, conforme determina o Par\u00e1grafo \u00danico do Art. 59 da <a href=\"http:\/\/www.planalto.gov.br\/ccivil_03\/constituicao\/constituicao.htm\" target=\"_blank\"><font color=\"blue\"><u>Constitui\u00e7\u00e3o Federal<\/u><\/font><\/a>, e estabelece normas para a consolida\u00e7\u00e3o dos atos normativos que menciona;<\/p> \r\n<p>- a <a href=\"http:\/\/www.planalto.gov.br\/ccivil_03\/leis\/l9784.htm\" target=\"_blank\"><font color=\"blue\"><u>Lei N, 9.784, de 29 de janeiro 1999<\/u><\/font><\/a>, que regula o processo administrativo no \u00e2mbito da Administra\u00e7\u00e3o P\u00fablica Federal;<\/p> \r\n<p>- o <a href=\"http:\/\/www.planalto.gov.br\/ccivil_03\/_ato2015-2018\/2015\/decreto\/d8539.htm\" target=\"_blank\"><font color=\"blue\"><u>Decreto N. 8.539, de 8 de outubro de 2015<\/u><\/font><\/a>, que disp\u00f5e sobre o uso do meio eletr\u00f4nico para a realiza\u00e7\u00e3o do processo administrativo no \u00e2mbito dos \u00f3rg\u00e3os e entidades da administra\u00e7\u00e3o p\u00fablica federal direta, aut\u00e1rquica e fundacional;<\/p>  \r\n<p>- o <a href=\"http:\/\/www.planalto.gov.br\/ccivil_03\/_ato2015-2018\/2017\/decreto\/d9094.htm\" target=\"_blank\"><font color=\"blue\"><u>Decreto N. 9.094, de 17 de julho de 2017<\/u><\/font><\/a>, que disp\u00f5e sobre a simplifica\u00e7\u00e3o do atendimento prestado aos usu\u00e1rios dos servi\u00e7os p\u00fablicos, ratifica a dispensa do reconhecimento de firma e da autentica\u00e7\u00e3o em documentos produzidos no Pa\u00eds e institui a Carta de Servi\u00e7os ao Usu\u00e1rio;<\/p>  \r\n<p>- o <a href=\"http:\/\/www.planalto.gov.br\/ccivil_03\/_ato2015-2018\/2017\/decreto\/D9191.htm\" target=\"_blank\"><font color=\"blue\"><u>Decreto N. 9.191, de 1\u00ba de novembro de 2017<\/u><\/font><\/a>, que estabelece as normas e as diretrizes para elabora\u00e7\u00e3o, reda\u00e7\u00e3o, altera\u00e7\u00e3o, consolida\u00e7\u00e3o e encaminhamento de propostas de atos normativos ao Presidente da Rep\u00fablica pelos Ministros de Estado;<\/p> \r\n<p>- o <a href=\"http:\/\/www.planalto.gov.br\/ccivil_03\/_ato2019-2022\/2019\/decreto\/D9759.htm\" target=\"_blank\"><font color=\"blue\"><u>Decreto N. 9.759, de 11 de abril de 2019<\/u><\/font><\/a>, que extingue e estabelece diretrizes, regras e limita\u00e7\u00f5es para colegiados da administra\u00e7\u00e3o p\u00fablica federal, alterado pelo <a href=\"http:\/\/www.planalto.gov.br\/ccivil_03\/_ato2019-2022\/2019\/decreto\/D9812.htm\" target=\"_blank\"><font color=\"blue\"><u>Decreto N. 9.812, de 30 de maio de 2019<\/u><\/font><\/a>;<\/p> \r\n<p>- o <a href=\"http:\/\/www.planalto.gov.br\/ccivil_03\/_ato2019-2022\/2019\/decreto\/D10139.htm\" target=\"_blank\"><font color=\"blue\"><u>Decreto N. 10.139, de 28 de novembro de 2019<\/u><\/font><\/a>, que disp\u00f5e sobre a revis\u00e3o e a consolida\u00e7\u00e3o de atos normativos inferiores a decreto;<\/p>\r\n<p>- a <a href=\"https:\/\/pesquisa.in.gov.br\/imprensa\/jsp\/visualiza\/index.jsp?jornal=1&amp;data=08\/10\/2015&amp;pagina=31\" target=\"_blank\"><font color=\"blue\"><u>Portaria Interministerial N. 1.677, de 07 de outubro de 2015<\/u><\/font><\/a>, que define os procedimentos gerais para o desenvolvimento das atividades de protocolo no \u00e2mbito dos \u00f3rg\u00e3os e entidades da Administra\u00e7\u00e3o P\u00fablica Federal;<\/p> \r\n<p>- o <a href=\"https:\/\/pesquisa.apps.tcu.gov.br\/#\/redireciona\/acordao-completo\/%22ACORDAO-COMPLETO-2413039%22\" target=\"_blank\"><font color=\"blue\"><u>Ac\u00f3rd\u00e3o 484\/2021-TCU-Plen\u00e1rio do Tribunal de Contas da Uni\u00e3o (TCU), de 10 de mar\u00e7o de 2021<\/u><\/font><\/a>, Processo N. 027.948\/2019-6, que trata do relat\u00f3rio de auditoria integrada cujo objeto \u00e9 avaliar a implementa\u00e7\u00e3o de processo eletr\u00f4nico nas Institui\u00e7\u00f5es Federais de Ensino (IFEs);<\/p>\r\n<p>- o Of\u00edcio-Circular 001\/2021-TCU\/SecexEduca\u00e7\u00e3o, de 15 de junho de 2021;<\/p>\r\n<p>- o <a href=\"https:\/\/www.ufsm.br\/pro-reitorias\/proplan\/estatuto-ufsm-2010\/\" target=\"_blank\"><font color=\"blue\"><u>Estatuto da Universidade Federal de Santa Maria<\/u><\/font><\/a>, com as adequa\u00e7\u00f5es aprovadas pela <a href=\"https:\/\/www.ufsm.br\/pro-reitorias\/proplan\/resolucao-n-037-2010\/\" target=\"_blank\"><font color=\"blue\"><u>Resolu\u00e7\u00e3o UFSM N. 037\/2010<\/u><\/font><\/a> e aprovadas pela <a href=\"https:\/\/pesquisa.in.gov.br\/imprensa\/jsp\/visualiza\/index.jsp?data=13\/03\/2014&amp;jornal=1&amp;pagina=43&amp;totalArquivos=100\" target=\"_blank\"><font color=\"blue\"><u>Portaria N. 156, de 12 de mar\u00e7o de 2014<\/u><\/font><\/a>, publicada no Di\u00e1rio Oficial da Uni\u00e3o em 13 de mar\u00e7o de 2014;<\/p>\r\n<p>- o <a href=\"https:\/\/www.ufsm.br\/pro-reitorias\/proplan\/regimento-geral-da-ufsm-com-alteracoes-compiladas-pela-resolucao-n-016-2019\/\" target=\"_blank\"><font color=\"blue\"><u>Regimento da UFSM<\/u><\/font><\/a>, disposto na <a href=\"https:\/\/www.ufsm.br\/pro-reitorias\/proplan\/resolucao-n-006-2011\/\" target=\"_blank\"><font color=\"blue\"><u>Resolu\u00e7\u00e3o UFSM N. 006, de 28 de abril de 2011<\/u><\/font><\/a>, atualizado pela <a href=\"https:\/\/www.ufsm.br\/pro-reitorias\/proplan\/resolucao-n-016-2019\/\" target=\"_blank\"><font color=\"blue\"><u>Resolu\u00e7\u00e3o UFSM N. 016, de 02 de julho de 2019<\/u><\/font><\/a>; e,<\/p>\r\n<p>- a <a href=\"https:\/\/www.ufsm.br\/pro-reitorias\/proplan\/resolucao-ufsm-n-054-2021\/\" target=\"_blank\"><font color=\"blue\"><u>Resolu\u00e7\u00e3o UFSM N. 054, de 1\u00ba de junho de 2021<\/u><\/font><\/a>, que regulamenta a proposi\u00e7\u00e3o e a emiss\u00e3o de Atos Normativos no \u00e2mbito da Universidade Federal de Santa Maria;<\/p>\r\n<p>- e o PEN <a href=\"https:\/\/portal.ufsm.br\/documentos\/publico\/processo\/documento.html?idDocumento=13604858\" target=\"_blank\"><font color=\"blue\"><u>23081.053350\/2021-54<\/u><\/font><\/a><\/u><\/font><\/a>;<\/p>\r\n<br>\r\n<p>RESOLVE:<\/p>\r\n<br>\r\n<p>Art. 1\u00ba Criar o Grupo de Trabalho denominado \u201cGT Plano de A\u00e7\u00e3o para Cumprimento do Ac\u00f3rd\u00e3o 484-TCU\u201d, como \u00f3rg\u00e3o colegiado consultivo, de car\u00e1ter tempor\u00e1rio, vinculado ao Departamento de Arquivo Geral (DAG).<\/p> \r\n<p>Art. 2\u00ba Caber\u00e1 ao GT a elabora\u00e7\u00e3o do Plano de A\u00e7\u00e3o nos moldes do <a href=\"https:\/\/pesquisa.apps.tcu.gov.br\/#\/redireciona\/acordao-completo\/%22ACORDAO-COMPLETO-2413039%22\" target=\"_blank\"><font color=\"blue\"><u>Ac\u00f3rd\u00e3o 484\/2021-TCU-Plen\u00e1rio<\/u><\/font><\/a>, indicando de forma sint\u00e9tica as a\u00e7\u00f5es, seus respons\u00e1veis e os prazos previstos para a efetiva ado\u00e7\u00e3o das medidas expedidas pelo TCU visando definir estrat\u00e9gias de total implementa\u00e7\u00e3o do processo eletr\u00f4nico.<\/p> \r\n<p>Art. 3\u00ba O GT ser\u00e1 designado pelo Reitor, e constitu\u00eddo por:<\/p>\r\n<p>I - 04 (quatro) representantes do Departamento de Arquivo Geral (DAG);<\/p> \r\n<p>II - 03 (tr\u00eas) representantes do Centro de Processamento de Dados (CPD);<\/p> \r\n<p>III - 01 (um) representante da Pr\u00f3-Reitoria de Administra\u00e7\u00e3o (PRA);<\/p> \r\n<p>IV - 01 (um) representante da Pr\u00f3-Reitoria de Planejamento (PROPLAN);<\/p> \r\n<p>V - 01 (um) representante do Gabinete do Reitor (GR);<\/p> \r\n<p>VI - 01 (um) representante da Coordenadoria de Comunica\u00e7\u00e3o Social (CComSoc); e<\/p> \r\n<p>VII - 01 (um) representante da Ouvidoria.<\/p> \r\n<p>\u00a7 1\u00ba Justifica-se o quantitativo de membros ser superior a sete, para melhor alinhamento entre unidades envolvidas com o processo de implementa\u00e7\u00e3o total do Processo Eletr\u00f4nico Nacional na institui\u00e7\u00e3o, possibilitando a entrega do Plano de A\u00e7\u00e3o nos moldes e prazos do Ac\u00f3rd\u00e3o-TCU.<\/p>\r\n<p>\u00a7 2\u00ba O presidente do \u201cGT Plano de A\u00e7\u00e3o para Cumprimento do Ac\u00f3rd\u00e3o 484-TCU\u201d ser\u00e1 escolhido entre os membros do grupo de trabalho por voto da maioria simples, em sua primeira reuni\u00e3o.<\/p> \r\n<p>\u00a7 3\u00ba Os membros ter\u00e3o mandato de acordo com a dura\u00e7\u00e3o do \u201cGT Plano de A\u00e7\u00e3o para Cumprimento do Ac\u00f3rd\u00e3o 484-TCU\u201d.<\/p>\r\n<p>Art. 3\u00ba Compete ao Presidente do \u201cGT Plano de A\u00e7\u00e3o para Cumprimento do Ac\u00f3rd\u00e3o 484-TCU\u201d:<\/p>\r\n<p>I \u2013 convocar e presidir as reuni\u00f5es;<\/p> \r\n<p>II \u2013 resolver as quest\u00f5es de ordem; e,<\/p>\r\n<p>III \u2013 coordenar os trabalhos e distribuir as tarefas entre os membros do grupo de trabalho.<\/p> \r\n<p>Art. 4\u00ba Compete aos membros do \u201cGT Plano de A\u00e7\u00e3o para Cumprimento do Ac\u00f3rd\u00e3o 484-TCU\u201d participar das reuni\u00f5es do grupo de trabalho, contribuindo no estudo, nas discuss\u00f5es e na busca de solu\u00e7\u00f5es de consenso dos membros.<\/p>\r\n<p>Art. 5\u00ba As reuni\u00f5es acontecer\u00e3o com a presen\u00e7a m\u00ednima da maioria absoluta dos seus membros, considerando-se esse o n\u00famero legal para o in\u00edcio dos trabalhos.<\/p> \r\n<p>Art. 6\u00ba As convoca\u00e7\u00f5es ser\u00e3o feitas via correio eletr\u00f4nico, pelo(a) presidente, com anteced\u00eancia m\u00ednima de 48 (quarenta e oito) horas, devendo constar da mesma a Ordem do Dia.<\/p> \r\n<p>Par\u00e1grafo \u00fanico. N\u00e3o havendo qu\u00f3rum, os membros ser\u00e3o convocados para nova reuni\u00e3o 48 (quarenta e oito) horas depois, com a mesma pauta.<\/p>\r\n<p>Art. 7\u00ba O \u201cGT Plano de A\u00e7\u00e3o para Cumprimento do Ac\u00f3rd\u00e3o 484-TCU\u201d, reunir-se-\u00e1, ordinariamente, por 1 (um) turno, 2 (duas) vezes por m\u00eas ou extraordinariamente, sempre que convocado(a) pelo(a) presidente ou maioria de seus membros e desde que haja demanda para o referido \u00f3rg\u00e3o colegiado.<\/p>\r\n<p>Par\u00e1grafo \u00fanico. As reuni\u00f5es deste \u00f3rg\u00e3o colegiado, cujos membros, convidados ou participantes estejam em entes federativos diversos, ser\u00e3o realizadas por videoconfer\u00eancia, sem pagamento de di\u00e1rias e deslocamento.<\/p>\r\n<p>Art. 8\u00ba Caber\u00e1 ao Departamento de Arquivo Geral no que se refere ao funcionamento do GT, a responsabilidade de realizar o apoio administrativo e demais encaminhamentos para o devido andamento dos trabalhos.<\/p> \r\n<p>Art. 9\u00ba Em caso de conveni\u00eancia e oportunidade, para o melhor desenvolvimento das atividades desse GT, poder\u00e1 ser elaborado e encaminhado Regimento Interno pr\u00f3prio para aprecia\u00e7\u00e3o e delibera\u00e7\u00e3o pelo Departamento de Arquivo Geral (DAG).<\/p>\r\n<p>Art. 10 Nas reuni\u00f5es do referido \u00f3rg\u00e3o colegiado poder\u00e3o comparecer, quando convidados pelo presidente, servidores e\/ou discentes, a fim de prestarem esclarecimentos sobre assuntos que lhes forem pertinentes.<\/p> \r\n<p>Par\u00e1grafo \u00fanico. As reuni\u00f5es deste \u00f3rg\u00e3o colegiado, cujos membros possu\u00edrem domic\u00edlio e\/ou resid\u00eancia legal ou estiverem em local diverso da realiza\u00e7\u00e3o da atividade, ser\u00e3o realizadas por videoconfer\u00eancia, sem pagamento de di\u00e1rias e deslocamento.<\/p> \r\n<p>Art. 11 O \u201cGT Plano de A\u00e7\u00e3o para Cumprimento do Ac\u00f3rd\u00e3o 484-TCU\u201d, tornar\u00e1 p\u00fablica suas a\u00e7\u00f5es, reuni\u00f5es e materiais espec\u00edficos de sua \u00e1rea no Processo Eletr\u00f4nico de acompanhamento do atendimento dos itens do <a href=\"https:\/\/pesquisa.apps.tcu.gov.br\/#\/redireciona\/acordao-completo\/%22ACORDAO-COMPLETO-2413039%22\" target=\"_blank\"><font color=\"blue\"><u>Ac\u00f3rd\u00e3o 484\/2021-TCU-Plen\u00e1rio<\/u><\/font><\/a>, com a emiss\u00e3o de relat\u00f3rios semestrais e\/ou de acordo com o Plano de A\u00e7\u00e3o.<\/p>\r\n<p>Par\u00e1grafo \u00fanico. O GT ter\u00e1 que apresentar o Plano de A\u00e7\u00e3o nos moldes do <a href=\"https:\/\/pesquisa.apps.tcu.gov.br\/#\/redireciona\/acordao-completo\/%22ACORDAO-COMPLETO-2413039%22\" target=\"_blank\"><font color=\"blue\"><u>Ac\u00f3rd\u00e3o TCU<\/u><\/font><\/a> at\u00e9 22 de novembro de 2021, conforme prazo estabelecido no Of\u00edcio-Circular 001\/2021-TCU\/SecexEduca\u00e7\u00e3o, de 15 de junho de 2021.<\/p>\r\n<p>Art. 12 Esta Portaria Normativa entra em vigor em 12 de agosto de 2021, em car\u00e1ter de urg\u00eancia, justificada nos documentos de solicita\u00e7\u00e3o, de acordo com o que prev\u00ea o Artigo 4\u00ba do <a href=\"http:\/\/www.planalto.gov.br\/ccivil_03\/_ato2019-2022\/2019\/decreto\/D10139.htm\" target=\"_blank\"><font color=\"blue\"><u>Decreto N. 10.139, de 28 de novembro de 2019<\/u><\/font><\/a>, e tem vig\u00eancia de 10 meses.<\/p>\r\n<p>Par\u00e1grafo \u00fanico. Havendo qualquer modifica\u00e7\u00e3o legislativa, ou ainda, havendo qualquer situa\u00e7\u00e3o legal que impacte na legalidade da presente Portaria Normativa, a mesma se aplica de imediato.<\/p>\r\n<br>\r\n<p>Paulo Afonso Burmann,<\/p>\r\n<p>Reitor.<\/p>\r\n<\/s>\r\n<p><font color=\"red0000\">Este texto n\u00e3o substitui o documento original, publicado no Portal de Documentos em 11 de agosto de 2021.<\/font> Dispon\u00edvel em: <a href=\"https:\/\/portal.ufsm.br\/documentos\/publico\/documento.html?idDocumento=13674513\" target=\"_blank\"><font color=\"blue\">https:\/\/portal.ufsm.br\/documentos\/publico\/documento.html?idDocumento=13674513<\/font><\/a><\/p>\r\n\r\n\t\t<\/div>\n\t\t\t\t<\/div>\n\t\t\t\t\t<\/div>\n\t\t<\/div>\n\t\t\t\t\t<\/div>\n\t\t<\/section>\n\t\t\t\t<\/div>\n\t\t","protected":false},"excerpt":{"rendered":"<p>PORTARIA NORMATIVA UFSM N. 028, DE 11 DE AGOSTO DE 2021 MINIST\u00c9RIO DA EDUCA\u00c7\u00c3O UNIVERSIDADE FEDERAL DE SANTA MARIA PORTARIA NORMATIVA UFSM N. 028, DE 11 DE AGOSTO DE 2021 Criar o Grupo de Trabalho denominado GT plano de a\u00e7\u00e3o para cumprimento do ac\u00f3rd\u00e3o 484 TCU, no \u00e2mbito da Universidade Federal de Santa Maria (UFSM). [&hellip;]<\/p>\n","protected":false},"author":230,"featured_media":0,"parent":0,"menu_order":0,"comment_status":"closed","ping_status":"closed","template":"","meta":{"footnotes":""},"categories":[],"tags":[],"class_list":["post-4614","page","type-page","status-publish","hentry"],"acf":[],"_links":{"self":[{"href":"https:\/\/www.ufsm.br\/pro-reitorias\/proplan\/wp-json\/wp\/v2\/pages\/4614","targetHints":{"allow":["GET"]}}],"collection":[{"href":"https:\/\/www.ufsm.br\/pro-reitorias\/proplan\/wp-json\/wp\/v2\/pages"}],"about":[{"href":"https:\/\/www.ufsm.br\/pro-reitorias\/proplan\/wp-json\/wp\/v2\/types\/page"}],"author":[{"embeddable":true,"href":"https:\/\/www.ufsm.br\/pro-reitorias\/proplan\/wp-json\/wp\/v2\/users\/230"}],"replies":[{"embeddable":true,"href":"https:\/\/www.ufsm.br\/pro-reitorias\/proplan\/wp-json\/wp\/v2\/comments?post=4614"}],"version-history":[{"count":0,"href":"https:\/\/www.ufsm.br\/pro-reitorias\/proplan\/wp-json\/wp\/v2\/pages\/4614\/revisions"}],"wp:attachment":[{"href":"https:\/\/www.ufsm.br\/pro-reitorias\/proplan\/wp-json\/wp\/v2\/media?parent=4614"}],"wp:term":[{"taxonomy":"category","embeddable":true,"href":"https:\/\/www.ufsm.br\/pro-reitorias\/proplan\/wp-json\/wp\/v2\/categories?post=4614"},{"taxonomy":"post_tag","embeddable":true,"href":"https:\/\/www.ufsm.br\/pro-reitorias\/proplan\/wp-json\/wp\/v2\/tags?post=4614"}],"curies":[{"name":"wp","href":"https:\/\/api.w.org\/{rel}","templated":true}]}}