{"id":4620,"date":"2021-09-23T14:19:40","date_gmt":"2021-09-23T17:19:40","guid":{"rendered":"https:\/\/www.ufsm.br\/pro-reitorias\/proplan\/?page_id=4620"},"modified":"2023-03-02T09:58:13","modified_gmt":"2023-03-02T12:58:13","slug":"portaria-normativa-ufsm-n-031-2021","status":"publish","type":"page","link":"https:\/\/www.ufsm.br\/pro-reitorias\/proplan\/portaria-normativa-ufsm-n-031-2021","title":{"rendered":"Portaria Normativa UFSM N. 031\/2021"},"content":{"rendered":"\t\t<div data-elementor-type=\"wp-page\" data-elementor-id=\"4620\" class=\"elementor elementor-4620\">\n\t\t\t\t\t\t<section class=\"elementor-section elementor-top-section elementor-element elementor-element-b361167 elementor-section-boxed elementor-section-height-default elementor-section-height-default\" data-id=\"b361167\" data-element_type=\"section\">\n\t\t\t\t\t\t<div class=\"elementor-container elementor-column-gap-default\">\n\t\t\t\t\t<div class=\"elementor-column elementor-col-100 elementor-top-column elementor-element elementor-element-8c81f87\" data-id=\"8c81f87\" data-element_type=\"column\">\n\t\t\t<div class=\"elementor-widget-wrap elementor-element-populated\">\n\t\t\t\t\t\t<div class=\"elementor-element elementor-element-bb21630 elementor-widget elementor-widget-html\" data-id=\"bb21630\" data-element_type=\"widget\" data-widget_type=\"html.default\">\n\t\t\t\t<div class=\"elementor-widget-container\">\n\t\t\t\r\n<title><b>PORTARIA NORMATIVA UFSM N. 031, DE 17 DE SETEMBRO DE 2021<\/b><\/title>\r\n<div align=\"center\"><img decoding=\"async\" src=\"https:\/\/www.ufsm.br\/pro-reitorias\/proplan\/wp-content\/uploads\/sites\/344\/2019\/09\/brasao-da-republica-do-brasil-logo.png\" alt=\"Bras\u00e3o Rep\u00fablica Federativa do Brasil\" width=\"6%\" height=\"6%\"><\/div>\r\n<h1><font color=\"blue\"><font size=\"5\"><div align=\"center\">MINIST\u00c9RIO DA EDUCA\u00c7\u00c3O<\/div><\/font><\/font><\/H1>\r\n<p><b><font color=\"0000blue\"><div align=\"center\">UNIVERSIDADE FEDERAL DE SANTA MARIA<\/font><\/b><\/div><\/p>\r\n<p><div align=\"center\"><b><a href=\"https:\/\/portal.ufsm.br\/documentos\/publico\/documento.html?idDocumento=13745921\" target=\"_blank\"><font color=\"blue\">PORTARIA NORMATIVA UFSM N. 031, DE 17 DE SETEMBRO DE 2021<\/font><\/a><\/b><\/div>\r\n<br>\r\n<p><div align=\"right\"><font color=\"800000\">Aprova a cria\u00e7\u00e3o do \u00f3rg\u00e3o colegiado denominado \u201cComiss\u00e3o Tempor\u00e1ria do Acervo Art\u00edstico\u201d, vinculado \u00e0 Divis\u00e3o de Museus, Coordenadoria de Cultura e Arte\/PRE na estrutura organizacional da Universidade Federal de Santa Maria (UFSM).<\/font><\/div>\r\n<br>\r\n<p><a href=\"https:\/\/www.ufsm.br\/pro-reitorias\/proplan?page_id=5264\" target=\"_blank\"><font color=\"blue\">Revogada pela Resolu\u00e7\u00e3o UFSM N. 116\/2023<\/font><\/a><\/p>\r\n<br><div align=\"justify\">\r\n<s>\r\n<p>O REITOR DA UNIVERSIDADE FEDERAL DE SANTA MARIA, no uso de suas atribui\u00e7\u00f5es legais e estatut\u00e1rias e considerando:<\/p>\r\n<p>- o <a href=\"https:\/\/www.planalto.gov.br\/ccivil_03\/leis\/l9394.htm#art56\" target=\"_blank\"><font color=\"blue\"><u>Art. 56 da Lei N. 9.394, de 20 de dezembro de 1996<\/u><\/font><\/a>, que estabelece as diretrizes e bases da educa\u00e7\u00e3o nacional;<\/p>\r\n<p>- o <a href=\"http:\/\/www.planalto.gov.br\/ccivil_03\/_ato2015-2018\/2017\/decreto\/D9191.htm\" target=\"_blank\"><font color=\"blue\"><u>Decreto N. 9.191, de 1\u00b0 de novembro de 2017<\/u><\/font><\/a>, que estabelece as normas e as diretrizes para elabora\u00e7\u00e3o, reda\u00e7\u00e3o, altera\u00e7\u00e3o, consolida\u00e7\u00e3o e encaminhamento de propostas de atos normativos ao Presidente da Rep\u00fablica pelos Ministros de Estado;<\/p>\r\n<p>- o <a href=\"http:\/\/www.planalto.gov.br\/ccivil_03\/_ato2019-2022\/2019\/decreto\/D9759.htm\" target=\"_blank\"><font color=\"blue\"><u>Decreto N. 9.759, de 11 de abril de 2019<\/u><\/font><\/a>, que extingue e estabelece diretrizes, regras e limita\u00e7\u00f5es para colegiados da administra\u00e7\u00e3o p\u00fablica federal;<\/p>\r\n<p>- a <a href=\"https:\/\/www.ufsm.br\/pro-reitorias\/proplan\/resolucao-n-016-2020\/\" target=\"_blank\"><font color=\"blue\"><u>Resolu\u00e7\u00e3o N. 016\/2020, de 23 de junho de 2020<\/u><\/font><\/a>, que estabelece a nova estrutura organizacional da Pr\u00f3-Reitoria de Extens\u00e3o (PRE) da Universidade Federal de Santa Maria (UFSM), suas compet\u00eancias e atribui\u00e7\u00f5es e altera o Regimento Geral da UFSM; e<\/p>\r\n<p>- o que consta no Processo N. <a href=\"https:\/\/portal.ufsm.br\/documentos\/publico\/processo\/documento.html?idDocumento=13740845\" target=\"_blank\"><font color=\"blue\"><u>23081.079581\/2021-98<\/u><\/font><\/a>.<\/p>\r\n<br>\r\n<p><b>RESOLVE:<\/b><\/p>\r\n<br>\r\n<p>Art. 1\u00ba Aprovar a cria\u00e7\u00e3o do \u00f3rg\u00e3o colegiado denominado \u201cComiss\u00e3o Tempor\u00e1ria do Acervo Art\u00edstico\u201d vinculado \u00e0 Divis\u00e3o de Museus, Coordenadoria de Cultura e Arte\/PRE da Universidade Federal de Santa Maria (UFSM).<\/p>\r\n<br>\r\n<p><div align=\"center\"><b>T\u00cdTULO I<\/b>\r\n<p><b>DAS COMPET\u00caNCIAS<\/b><\/div>\r\n<br>\r\n<p>Art. 2\u00ba Compete \u00e0 Comiss\u00e3o elaborar o Regulamento Interno do Acervo Art\u00edstico para ser submetido \u00e0 aprecia\u00e7\u00e3o dos \u00f3rg\u00e3os competentes, bem como a curadoria da Exposi\u00e7\u00e3o de Abertura para a inaugura\u00e7\u00e3o do espa\u00e7o em data a ser definida.<\/p>\r\n<br>\r\n<p><div align=\"center\"><b>T\u00cdTULO II<\/b>\r\n<p><b>DA COMPOSI\u00c7\u00c3O E AUTORIDADE<\/b><\/div>\r\n<br>\r\n<p>Art 3\u00ba A \u201cComiss\u00e3o Tempor\u00e1ria do Acervo Art\u00edstico\u201d ser\u00e1 constitu\u00edda por dois docentes do Departamento de Artes Visuais, Centro de Artes e Letras, dois representantes discentes dos Cursos de Artes Visuais, um representante da Coordenadoria de Cultura e Arte\/PRE e um representante da Divis\u00e3o de Museus\/PRE.<\/p>\r\n<p>Par\u00e1grafo \u00danico: O presidente da Comiss\u00e3o ser\u00e1 o representante da Coordenadoria de Cultura e Arte.<\/p>\r\n<br>\r\n<p><div align=\"center\"><b>T\u00cdTULO III<\/b>\r\n<p><b>DO QU\u00d3RUM DE REUNI\u00c3O E DE VOTA\u00c7\u00c3O<\/b><\/div>\r\n<br>\r\n<p>Art. 4\u00ba As reuni\u00f5es acontecer\u00e3o com a presen\u00e7a m\u00ednima da maioria absoluta dos membros da Comiss\u00e3o, considerando-se esse o n\u00famero legal para a delibera\u00e7\u00e3o e vota\u00e7\u00e3o.<\/p>\r\n<br>\r\n<p><div align=\"center\"><b>T\u00cdTULO IV<\/b>\r\n<p><b>DA PERIODICIDADE DAS REUNI\u00d5ES<\/b><\/div>\r\n<br>\r\n<p>Art. 5\u00ba A Comiss\u00e3o reunir-se-\u00e1, ordinariamente, 1 (uma) vez por semana ou extraordinariamente, sempre que convocada pelo(a) presidente e desde que haja demanda para o referido \u00f3rg\u00e3o colegiado.<\/p>\r\n<br>\r\n<p><div align=\"center\"><b>T\u00cdTULO V<\/b>\r\n<p><b>DO \u00d3RG\u00c3O DE APOIO ADMINISTRATIVO<\/b><\/div>\r\n<br>\r\n<p>Art. 6\u00ba Caber\u00e1 \u00e0 Divis\u00e3o de Museus, \u00e0 Coordenadoria de Culltura e Arte e \u00e0 Pr\u00f3- Reitoria de Extens\u00e3o a responsabilidade de realizar o apoio administrativo e demais encaminhamentos para o devido andamento dos trabalhos da Comiss\u00e3o.<\/p>\r\n<br>\r\n<p><div align=\"center\"><b>T\u00cdTULO VI<\/b>\r\n<p><b>DO TERMO DE CONCLUS\u00c3O DOS TRABALHOS<\/b><\/div>\r\n<br>\r\n<p>Art. 7\u00ba A Comiss\u00e3o apresentar\u00e1 termo de conclus\u00e3o dos trabalhos at\u00e9 a data fnal de vig\u00eancia desta Portaria Normativa.<\/p>\r\n<br>\r\n<p><div align=\"center\"><b>T\u00cdTULO VII<\/b>\r\n<p><b>DOS RELAT\u00d3RIOS PERI\u00d3DICOS E DO RELAT\u00d3RIO FINAL<\/b><\/div>\r\n<br>\r\n<p>Art. 8\u00ba O relat\u00f3rio final dever\u00e1 ser encaminhado \u00e0 Pr\u00f3-Reitoria de Extens\u00e3o em at\u00e9 15 (quinze) dias ap\u00f3s a conclus\u00e3o dos trabalhos pela Comiss\u00e3o.<\/p>\r\n<br>\r\n<p><div align=\"center\"><b>T\u00cdTULO VIII<\/b>\r\n<p><b>DAS DISPOSI\u00c7\u00d5ES GERAIS E TRANSIT\u00d3RIAS<\/b><\/div>\r\n<br>\r\n<p>Art. 9\u00ba \u00c9 vedada a divulga\u00e7\u00e3o de discuss\u00f5es em curso sem a pr\u00e9via anu\u00eancia da Coordenadora de Cultura e Arte ou PRE.<\/p>\r\n<p>Art. 10 A participa\u00e7\u00e3o dos membros deste \u00f3rg\u00e3o colegiado ser\u00e1 considerada presta\u00e7\u00e3o de servi\u00e7o p\u00fablico relevante, e n\u00e3o ser\u00e1 remunerada.<\/p>\r\n<p>Art. 11  As reuni\u00f5es deste \u00f3rg\u00e3o colegiado ser\u00e3o realizadas por videoconfer\u00eancia.<\/p>\r\n<p>Art. 12 \u00c9 vedada a possibilidade de cria\u00e7\u00e3o de subcolegiados por ato deste colegiado.<\/p>\r\n<p>Art. 13 Esta Portaria entra em vigor a partir de 01 de outubro de 2021 e ter\u00e1 vig\u00eancia at\u00e9 19 de fevereiro de 2022.<\/p>\r\n<p>\u00a71\u00ba Est\u00e3o convalidados os atos relativos \u00e0 proposi\u00e7\u00e3o de regramento e estrutura de funcionamento para o Acervo Art\u00edstico da UFSM praticados a partir de 03 de maio de 2021 at\u00e9 o momento de publica\u00e7\u00e3o desta Portaria.<\/p>\r\n<p>\u00a72\u00ba Havendo qualquer modifica\u00e7\u00e3o legislativa, ou ainda, havendo qualquer situa\u00e7\u00e3o legal que impacte na legalidade da presente Portaria, a mesma se aplica de imediato.<\/p>\r\n<br>\r\n<p>Paulo Afonso Burmann,<\/p>\r\n<p>Reitor.<\/p>\r\n<\/s>\r\n<br>\r\n<p><font color=\"red0000\">Este texto n\u00e3o substitui o documento original, publicado no Portal de Documentos em 17 de setembro de 2021.<\/font> Dispon\u00edvel em: <a href=\"https:\/\/portal.ufsm.br\/documentos\/publico\/documento.html?idDocumento=13745921\" target=\"_blank\"><font color=\"blue\">https:\/\/portal.ufsm.br\/documentos\/publico\/documento.html?idDocumento=13745921<\/font><\/a><\/p><\/div>\r\n\t\t<\/div>\n\t\t\t\t<\/div>\n\t\t\t\t\t<\/div>\n\t\t<\/div>\n\t\t\t\t\t<\/div>\n\t\t<\/section>\n\t\t\t\t<\/div>\n\t\t","protected":false},"excerpt":{"rendered":"<p>PORTARIA NORMATIVA UFSM N. 031, DE 17 DE SETEMBRO DE 2021 MINIST\u00c9RIO DA EDUCA\u00c7\u00c3O UNIVERSIDADE FEDERAL DE SANTA MARIA PORTARIA NORMATIVA UFSM N. 031, DE 17 DE SETEMBRO DE 2021 Aprova a cria\u00e7\u00e3o do \u00f3rg\u00e3o colegiado denominado \u201cComiss\u00e3o Tempor\u00e1ria do Acervo Art\u00edstico\u201d, vinculado \u00e0 Divis\u00e3o de Museus, Coordenadoria de Cultura e Arte\/PRE na estrutura organizacional [&hellip;]<\/p>\n","protected":false},"author":230,"featured_media":0,"parent":0,"menu_order":0,"comment_status":"closed","ping_status":"closed","template":"","meta":{"footnotes":""},"categories":[],"tags":[],"class_list":["post-4620","page","type-page","status-publish","hentry"],"acf":[],"_links":{"self":[{"href":"https:\/\/www.ufsm.br\/pro-reitorias\/proplan\/wp-json\/wp\/v2\/pages\/4620","targetHints":{"allow":["GET"]}}],"collection":[{"href":"https:\/\/www.ufsm.br\/pro-reitorias\/proplan\/wp-json\/wp\/v2\/pages"}],"about":[{"href":"https:\/\/www.ufsm.br\/pro-reitorias\/proplan\/wp-json\/wp\/v2\/types\/page"}],"author":[{"embeddable":true,"href":"https:\/\/www.ufsm.br\/pro-reitorias\/proplan\/wp-json\/wp\/v2\/users\/230"}],"replies":[{"embeddable":true,"href":"https:\/\/www.ufsm.br\/pro-reitorias\/proplan\/wp-json\/wp\/v2\/comments?post=4620"}],"version-history":[{"count":0,"href":"https:\/\/www.ufsm.br\/pro-reitorias\/proplan\/wp-json\/wp\/v2\/pages\/4620\/revisions"}],"wp:attachment":[{"href":"https:\/\/www.ufsm.br\/pro-reitorias\/proplan\/wp-json\/wp\/v2\/media?parent=4620"}],"wp:term":[{"taxonomy":"category","embeddable":true,"href":"https:\/\/www.ufsm.br\/pro-reitorias\/proplan\/wp-json\/wp\/v2\/categories?post=4620"},{"taxonomy":"post_tag","embeddable":true,"href":"https:\/\/www.ufsm.br\/pro-reitorias\/proplan\/wp-json\/wp\/v2\/tags?post=4620"}],"curies":[{"name":"wp","href":"https:\/\/api.w.org\/{rel}","templated":true}]}}