{"id":4688,"date":"2021-11-10T10:29:21","date_gmt":"2021-11-10T13:29:21","guid":{"rendered":"https:\/\/www.ufsm.br\/pro-reitorias\/proplan\/?page_id=4688"},"modified":"2023-03-02T10:09:47","modified_gmt":"2023-03-02T13:09:47","slug":"portaria-normativa-ufsm-n-036-2021","status":"publish","type":"page","link":"https:\/\/www.ufsm.br\/pro-reitorias\/proplan\/portaria-normativa-ufsm-n-036-2021","title":{"rendered":"Portaria Normativa UFSM N. 036\/2021"},"content":{"rendered":"\t\t<div data-elementor-type=\"wp-page\" data-elementor-id=\"4688\" class=\"elementor elementor-4688\">\n\t\t\t\t\t\t<section class=\"elementor-section elementor-top-section elementor-element elementor-element-97273a6 elementor-section-boxed elementor-section-height-default elementor-section-height-default\" data-id=\"97273a6\" data-element_type=\"section\">\n\t\t\t\t\t\t<div class=\"elementor-container elementor-column-gap-default\">\n\t\t\t\t\t<div class=\"elementor-column elementor-col-100 elementor-top-column elementor-element elementor-element-c314485\" data-id=\"c314485\" data-element_type=\"column\">\n\t\t\t<div class=\"elementor-widget-wrap elementor-element-populated\">\n\t\t\t\t\t\t<div class=\"elementor-element elementor-element-c3d10d2 elementor-widget elementor-widget-html\" data-id=\"c3d10d2\" data-element_type=\"widget\" data-widget_type=\"html.default\">\n\t\t\t\t<div class=\"elementor-widget-container\">\n\t\t\t\r\n<title><b>PORTARIA NORMATIVA UFSM N. 036, DE 08 DE NOVEMBRO DE 2021<\/b><\/title>\r\n<div align=\"center\"><img decoding=\"async\" src=\"https:\/\/www.ufsm.br\/pro-reitorias\/proplan\/wp-content\/uploads\/sites\/344\/2019\/09\/brasao-da-republica-do-brasil-logo.png\" alt=\"Bras\u00e3o Rep\u00fablica Federativa do Brasil\" width=\"6%\" height=\"6%\"><\/div>    \r\n<h1><font color=\"blue\"><font size=\"5\"><div align=\"center\">MINIST\u00c9RIO DA EDUCA\u00c7\u00c3O<\/div><\/font><\/font><\/h1>\r\n<p><b><font color=\"0000blue\"><div align=\"center\">UNIVERSIDADE FEDERAL DE SANTA MARIA<\/font><\/b><\/div>\r\n<p><div align=\"center\"><b><a href=\"https:\/\/portal.ufsm.br\/documentos\/publico\/documento.html?id=13836690\" target=\"_blank\"><font color=\"blue\">PORTARIA NORMATIVA UFSM N. 036, DE 08 DE NOVEMBRO DE 2021<\/font><\/a><\/b><\/div>\r\n<br>\r\n<p><div align=\"right\"><font color=\"800000\">Instituir a Assessoria ao Reitor da Universidade Federal de Santa Maria<\/font><\/div>\r\n<br>\r\n<p><a href=\"https:\/\/www.ufsm.br\/pro-reitorias\/proplan?page_id=5264\" target=\"_blank\"><font color=\"blue\">Revogada pela Resolu\u00e7\u00e3o UFSM N. 116\/2023<\/font><\/a><\/p>\r\n<br><div align=\"justify\">\r\n<s>\r\n<p>O REITOR DA UNIVERSIDADE FEDERAL DE SANTA MARIA, no uso de suas atribui\u00e7\u00f5es legais e <a href=\"https:\/\/www.ufsm.br\/pro-reitorias\/proplan\/estatuto-ufsm-2010\/\" target=\"_blank\"><font color=\"blue\"><u>estatut\u00e1rias<\/u><\/font><\/a> e considerando o que prev\u00ea os artigos 12 e 14 do <a href=\"http:\/\/www.planalto.gov.br\/ccivil_03\/_ato2019-2022\/2019\/decreto\/D10139.htm\" target=\"_blank\"><font color=\"blue\"><u>Decreto 10.139, de 28 de novembro de 2019<\/u><\/font><\/a> e altera\u00e7\u00f5es subsequentes.\r\n<br>\r\n<p>RESOLVE:<\/p>\r\n<br>\r\n<p>Art. 1\u00ba Fica institu\u00eddo a Assessoria ao Reitor da Universidade Federal de Santa Maria, com o c\u00f3digo CD-3.<\/p>\r\n<p>Art. 2\u00ba S\u00e3o atribui\u00e7\u00f5es do Assessor do Reitor:<\/p>\r\n<p>I \u2013 Prestar assessoramento direto ao Reitor no desempenho da gest\u00e3o universit\u00e1ria;<\/p>\r\n<p>II \u2013 Assistir e supervisionar o funcionamento do Gabinete do Reitor;<\/p>\r\n<p>III - Assistir e supervisionar o funcionamento das Pr\u00f3-reitorias;<\/p>\r\n<p>III \u2013 Preparar os expedientes demandados pelo Reitor; e,<\/p>\r\n<p>IV \u2013 Desenvolver outras atividades para o fortalecimento do ensino, da pesquisa, extens\u00e3o e gest\u00e3o.<\/p>\r\n<p>Art. 3\u00ba Incumbir\u00e1 a Pr\u00f3-reitoria de Planejamento a realiza\u00e7\u00e3o de ajustes e registros necess\u00e1rios a aloca\u00e7\u00e3o da fun\u00e7\u00e3o nos sistemas internos e estruturantes que tratem de estrutura organizacional. <\/p>\r\n<p>Art. 4\u00ba Incumbir\u00e1 a Pr\u00f3-reitoria de Gest\u00e3o de Pessoas a realiza\u00e7\u00e3o de ajustes e registros necess\u00e1rios a implementa\u00e7\u00e3o da fun\u00e7\u00e3o nos sistemas internos e estruturantes que tratem de folha de pagamento de pessoal. <\/p>\r\n<p>Art. 5\u00ba Esta Portaria Normativa entrar\u00e1 em vigor em 12 de novembro de 2021, por se tratar de urg\u00eancia justi\ufb01cada no expediente administrativo.<\/p>\r\n<br>\r\n<p>Paulo Afonso Burmann,<\/p>\r\n<\/s>\r\n<p><font color=\"red0000\">Este texto n\u00e3o substitui o documento original, publicado no Portal de Documentos em 08 de novembro de 2021.<\/font> Dispon\u00edvel em: <a href=\"https:\/\/portal.ufsm.br\/documentos\/publico\/documento.html?id=13836690\" target=\"_blank\"><font color=\"blue\">https:\/\/portal.ufsm.br\/documentos\/publico\/documento.html?id=13836690<\/font><\/a><\/p><\/div>\r\n\r\n\t\t<\/div>\n\t\t\t\t<\/div>\n\t\t\t\t\t<\/div>\n\t\t<\/div>\n\t\t\t\t\t<\/div>\n\t\t<\/section>\n\t\t\t\t<\/div>\n\t\t","protected":false},"excerpt":{"rendered":"<p>PORTARIA NORMATIVA UFSM N. 036, DE 08 DE NOVEMBRO DE 2021 MINIST\u00c9RIO DA EDUCA\u00c7\u00c3O UNIVERSIDADE FEDERAL DE SANTA MARIA PORTARIA NORMATIVA UFSM N. 036, DE 08 DE NOVEMBRO DE 2021 Instituir a Assessoria ao Reitor da Universidade Federal de Santa Maria Revogada pela Resolu\u00e7\u00e3o UFSM N. 116\/2023 O REITOR DA UNIVERSIDADE FEDERAL DE SANTA MARIA, [&hellip;]<\/p>\n","protected":false},"author":206,"featured_media":0,"parent":0,"menu_order":0,"comment_status":"closed","ping_status":"closed","template":"","meta":{"footnotes":""},"categories":[],"tags":[],"class_list":["post-4688","page","type-page","status-publish","hentry"],"acf":[],"_links":{"self":[{"href":"https:\/\/www.ufsm.br\/pro-reitorias\/proplan\/wp-json\/wp\/v2\/pages\/4688","targetHints":{"allow":["GET"]}}],"collection":[{"href":"https:\/\/www.ufsm.br\/pro-reitorias\/proplan\/wp-json\/wp\/v2\/pages"}],"about":[{"href":"https:\/\/www.ufsm.br\/pro-reitorias\/proplan\/wp-json\/wp\/v2\/types\/page"}],"author":[{"embeddable":true,"href":"https:\/\/www.ufsm.br\/pro-reitorias\/proplan\/wp-json\/wp\/v2\/users\/206"}],"replies":[{"embeddable":true,"href":"https:\/\/www.ufsm.br\/pro-reitorias\/proplan\/wp-json\/wp\/v2\/comments?post=4688"}],"version-history":[{"count":0,"href":"https:\/\/www.ufsm.br\/pro-reitorias\/proplan\/wp-json\/wp\/v2\/pages\/4688\/revisions"}],"wp:attachment":[{"href":"https:\/\/www.ufsm.br\/pro-reitorias\/proplan\/wp-json\/wp\/v2\/media?parent=4688"}],"wp:term":[{"taxonomy":"category","embeddable":true,"href":"https:\/\/www.ufsm.br\/pro-reitorias\/proplan\/wp-json\/wp\/v2\/categories?post=4688"},{"taxonomy":"post_tag","embeddable":true,"href":"https:\/\/www.ufsm.br\/pro-reitorias\/proplan\/wp-json\/wp\/v2\/tags?post=4688"}],"curies":[{"name":"wp","href":"https:\/\/api.w.org\/{rel}","templated":true}]}}