{"id":4696,"date":"2021-11-11T09:29:10","date_gmt":"2021-11-11T12:29:10","guid":{"rendered":"https:\/\/www.ufsm.br\/pro-reitorias\/proplan\/?page_id=4696"},"modified":"2022-07-22T14:33:03","modified_gmt":"2022-07-22T17:33:03","slug":"instrucao-normativa-proplan-ufsm-n-002-2021","status":"publish","type":"page","link":"https:\/\/www.ufsm.br\/pro-reitorias\/proplan\/instrucao-normativa-proplan-ufsm-n-002-2021","title":{"rendered":"Instru\u00e7\u00e3o Normativa PROPLAN\/UFSM N. 002\/2021"},"content":{"rendered":"\t\t<div data-elementor-type=\"wp-page\" data-elementor-id=\"4696\" class=\"elementor elementor-4696\">\n\t\t\t\t\t\t<section class=\"elementor-section elementor-top-section elementor-element elementor-element-6fd061e elementor-section-boxed elementor-section-height-default elementor-section-height-default\" data-id=\"6fd061e\" data-element_type=\"section\">\n\t\t\t\t\t\t<div class=\"elementor-container elementor-column-gap-default\">\n\t\t\t\t\t<div class=\"elementor-column elementor-col-100 elementor-top-column elementor-element elementor-element-41c7271\" data-id=\"41c7271\" data-element_type=\"column\">\n\t\t\t<div class=\"elementor-widget-wrap elementor-element-populated\">\n\t\t\t\t\t\t<div class=\"elementor-element elementor-element-b5889f3 elementor-widget elementor-widget-html\" data-id=\"b5889f3\" data-element_type=\"widget\" data-widget_type=\"html.default\">\n\t\t\t\t<div class=\"elementor-widget-container\">\n\t\t\t\r\n<title><b>INSTRU\u00c7\u00c3O NORMATIVA PROPLAN\/UFSM N. 002, DE 10 DE NOVEMBRO DE 2021<\/b><\/title>\r\n<div align=\"center\"><img decoding=\"async\" src=\"https:\/\/www.ufsm.br\/pro-reitorias\/proplan\/wp-content\/uploads\/sites\/344\/2019\/09\/brasao-da-republica-do-brasil-logo.png\" alt=\"Bras\u00e3o Rep\u00fablica Federativa do Brasil\" width=\"6%\" height=\"6%\"><\/div>    \r\n<h1><font color=\"blue\"><font size=\"5\"><div align=\"center\">MINIST\u00c9RIO DA EDUCA\u00c7\u00c3O<\/div><\/font><\/font><\/h1>\r\n<p><b><font color=\"0000blue\"><div align=\"center\">UNIVERSIDADE FEDERAL DE SANTA MARIA<\/font><\/b><\/div>\r\n<p><div align=\"center\"><b><a href=\"https:\/\/portal.ufsm.br\/documentos\/publico\/documento.html?idDocumento=13839278\" target=\"_blank\"><font color=\"blue\">INSTRU\u00c7\u00c3O NORMATIVA PROPLAN\/UFSM N. 002, DE 10 DE NOVEMBRO DE 2021<\/font><\/a><\/b><\/div>\r\n<br>\r\n<p><div align=\"right\"><font color=\"800000\">Aprovar o Manual de Atos Normativos de Organiza\u00e7\u00e3o e Funcionamento de Estruturas Organizacionais Administrativas na Universidade Federal de Santa Maria.<\/font><\/div>\r\n<br>\r\n<br><div align=\"justify\">\r\n<br>\r\n<p>O PR\u00d3-REITOR DE PLANEJAMENTO DA UNIVERSIDADE FEDERAL DE SANTA MARIA e considerando o que consta na <a href=\"https:\/\/www.ufsm.br\/pro-reitorias\/proplan\/resolucao-n-058-1979\/\" target=\"_blank\"><font color=\"blue\"><u>Resolu\u00e7\u00e3o N. 058, de 18 de julho de 1979<\/u><\/font><\/a>:<\/p>\r\n<p>- a <a href=\"http:\/\/www.planalto.gov.br\/ccivil_03\/leis\/lcp\/lcp95.htm\" target=\"_blank\"><font color=\"blue\"><u>Lei Complementar N. 95, de 26 de fevereiro de 1998<\/u><\/font><\/a>, que disp\u00f5e sobre a elabora\u00e7\u00e3o, a reda\u00e7\u00e3o, a altera\u00e7\u00e3o e a consolida\u00e7\u00e3o das leis, conforme determina o Par\u00e1grafo \u00danico do Art. 59 da <a href=\"http:\/\/www.planalto.gov.br\/ccivil_03\/constituicao\/constituicao.htm\" target=\"_blank\"><font color=\"blue\"><u>Constitui\u00e7\u00e3o Federal<\/u><\/font><\/a>, e estabelece normas para a consolida\u00e7\u00e3o dos atos normativos que menciona;<\/p>\r\n<p>- a <a href=\"http:\/\/www.planalto.gov.br\/ccivil_03\/leis\/lcp\/lcp123.htm\" target=\"_blank\"><font color=\"blue\"><u>Lei Complementar N. 123, de 14 de dezembro de 2006<\/u><\/font><\/a>, que Institui o Estatuto Nacional da Microempresa e da Empresa de Pequeno Porte; altera dispositivos das Leis <a href=\"http:\/\/www.planalto.gov.br\/ccivil_03\/leis\/l8212cons.htm\" target=\"_blank\"><font color=\"blue\"><u>N. 8.212<\/u><\/font><\/a> e <a href=\"http:\/\/www.planalto.gov.br\/ccivil_03\/leis\/l8213cons.htm\" target=\"_blank\"><font color=\"blue\"><u>N. 8.213<\/u><\/font><\/a>, ambas de 24 de julho de 1991, da Consolida\u00e7\u00e3o das Leis do Trabalho - CLT, aprovada pelo <a href=\"http:\/\/www.planalto.gov.br\/ccivil_03\/decreto-lei\/del5452.htm\" target=\"_blank\"><font color=\"blue\"><u>Decreto-Lei N. 5.452, de 1\u00ba de maio de 1943<\/u><\/font><\/a>, da <a href=\"http:\/\/www.planalto.gov.br\/ccivil_03\/leis\/leis_2001\/L10189.htm\" target=\"_blank\"><font color=\"blue\"><u>Lei N. 10.189, de 14 de fevereiro de 2001<\/u><\/font><\/a>, da <a href=\"http:\/\/www.planalto.gov.br\/ccivil_03\/leis\/lcp\/lcp63.htm\" target=\"_blank\"><font color=\"blue\"><u>Lei Complementar N. 63, de 11 de janeiro de 1990<\/u><\/font><\/a>; e revoga as Leis <a href=\"http:\/\/www.planalto.gov.br\/ccivil_03\/leis\/l9317.htm\" target=\"_blank\"><font color=\"blue\"><u>N. 9.317, de 5 de dezembro de 1996<\/u><\/font><\/a>, e <a href=\"http:\/\/www.planalto.gov.br\/ccivil_03\/leis\/l9841.htm\" target=\"_blank\"><font color=\"blue\"><u>N. 9.841, de 5 de outubro de 1999<\/u><\/font><\/a>;<\/p>\r\n\r\n<p>- a <a href=\"http:\/\/www.planalto.gov.br\/ccivil_03\/leis\/l9784.htm\" target=\"_blank\"><font color=\"blue\"><u>Lei N. 9.784, de 29 de janeiro de 1999<\/u><\/font><\/a>, que regula o processo administrativo no \u00e2mbito da Administra\u00e7\u00e3o P\u00fablica Federal;<\/p>\r\n<p>- a <a href=\"http:\/\/www.planalto.gov.br\/ccivil_03\/_ato2019-2022\/2019\/lei\/L13874.htm\" target=\"_blank\"><font color=\"blue\"><u>Lei N. 13.726, de 8 outubro de 2018<\/u><\/font><\/a>, que racionaliza atos e procedimentos administrativos dos Poderes da Uni\u00e3o, dos Estados, do Distrito Federal e dos Munic\u00edpios e institui o Selo de Desburocratiza\u00e7\u00e3o e Simplifica\u00e7\u00e3o;<\/p>\r\n\r\n<p>- a <a href=\"http:\/\/www.planalto.gov.br\/ccivil_03\/_ato2015-2018\/2018\/lei\/L13726.htm\" target=\"_blank\"><font color=\"blue\"><u>Lei N. 13.874, de 20 de setembro de 2019<\/u><\/font><\/a>, que institui a Declara\u00e7\u00e3o de Direitos de Liberdade Econ\u00f4mica; estabelece garantias de livre mercado; altera as Leis <a href=\"http:\/\/www.planalto.gov.br\/ccivil_03\/leis\/2002\/L10406compilada.htm\" target=\"_blank\"><font color=\"blue\"><u>N. 10.406, de 10 de janeiro de 2002 (C\u00f3digo Civil)<\/u><\/font><\/a>, <a href=\"http:\/\/www.planalto.gov.br\/ccivil_03\/leis\/l6404consol.htm\" target=\"_blank\"><font color=\"blue\"><u>N. 6.404, de 15 de dezembro de 1976<\/u><\/font><\/a>, <a href=\"http:\/\/www.planalto.gov.br\/ccivil_03\/_ato2007-2010\/2007\/lei\/l11598.htm\" target=\"_blank\"><font color=\"blue\"><u>N. 11.598, de 3 de dezembro de 2007<\/u><\/font><\/a>, <a href=\"http:\/\/www.planalto.gov.br\/ccivil_03\/_ato2011-2014\/2012\/lei\/l12682.htm\" target=\"_blank\"><font color=\"blue\"><u>N. 12.682, de 9 de julho de 2012<\/u><\/font><\/a>, <a href=\"http:\/\/www.planalto.gov.br\/ccivil_03\/leis\/l6015compilada.htm\" target=\"_blank\"><font color=\"blue\"><u>N. 6.015, de 31 de dezembro de 1973<\/u><\/font><\/a>, <a href=\"http:\/\/www.planalto.gov.br\/ccivil_03\/leis\/2002\/l10522.htm\" target=\"_blank\"><font color=\"blue\"><u>N. 10.522, de 19 de julho de 2002<\/u><\/font><\/a>, <a href=\"http:\/\/www.planalto.gov.br\/ccivil_03\/leis\/l8934.htm\" target=\"_blank\"><font color=\"blue\"><u>N. 8.934, de 18 de novembro 1994<\/u><\/font><\/a>, o <a href=\"http:\/\/www.planalto.gov.br\/ccivil_03\/decreto-lei\/del9760.htm\" target=\"_blank\"><font color=\"blue\"><u>Decreto-Lei N. 9.760, de 5 de setembro de 1946<\/u><\/font><\/a> e a Consolida\u00e7\u00e3o das Leis do Trabalho, aprovada pelo <a href=\"http:\/\/www.planalto.gov.br\/ccivil_03\/decreto-lei\/del5452.htm\" target=\"_blank\"><font color=\"blue\"><u>Decreto-Lei N. 5.452, de 1\u00ba de maio de 1943<\/u><\/font><\/a>; revoga a <a href=\"http:\/\/www.planalto.gov.br\/ccivil_03\/leis\/ldl\/ldl04.htm\" target=\"_blank\"><font color=\"blue\"><u>Lei Delegada N. 4, de 26 de setembro de 1962<\/u><\/font><\/a>, a <a href=\"http:\/\/www.planalto.gov.br\/ccivil_03\/_ato2007-2010\/2008\/Lei\/L11887.htm\" target=\"_blank\"><font color=\"blue\"><u>Lei N. 11.887, de 24 de dezembro de 2008<\/u><\/font><\/a>, e dispositivos do <a href=\"http:\/\/www.planalto.gov.br\/ccivil_03\/decreto-lei\/del0073.htm\" target=\"_blank\"><font color=\"blue\"><u>Decreto-Lei N. 73, de 21 de novembro de 1966<\/u><\/font><\/a>; e d\u00e1 outras provid\u00eancias;<\/p>\r\n\r\n<p>- o <a href=\"http:\/\/www.planalto.gov.br\/ccivil_03\/_ato2015-2018\/2017\/decreto\/D9191.htm\" target=\"_blank\"><font color=\"blue\"><u>Decreto N. 9.191, de 1\u00ba de novembro de 2017<\/u><\/font><\/a>, que estabelece as normas e as diretrizes para elabora\u00e7\u00e3o, reda\u00e7\u00e3o, altera\u00e7\u00e3o, consolida\u00e7\u00e3o e encaminhamento de propostas de atos normativos ao Presidente da Rep\u00fablica pelos Ministros de Estado;<\/p>\r\n<p>- o <a href=\"http:\/\/www.planalto.gov.br\/ccivil_03\/_ato2019-2022\/2019\/decreto\/D9759.htm\" target=\"_blank\"><font color=\"blue\"><u>Decreto N. 9.759, de 11 de abril de 2019<\/u><\/font><\/a>, que extingue e estabelece diretrizes, regras e limita\u00e7\u00f5es para colegiados da administra\u00e7\u00e3o p\u00fablica federal; <\/p>\r\n<p>- o <a href=\"http:\/\/www.planalto.gov.br\/ccivil_03\/_ato2019-2022\/2019\/decreto\/D10139.htm\" target=\"_blank\"><font color=\"blue\"><u>Decreto N. 10.139, de 28 de novembro de 2019<\/u><\/font><\/a>, que disp\u00f5e sobre a revis\u00e3o e a consolida\u00e7\u00e3o de atos normativos inferiores a decreto;<\/p>\r\n<p>- a <a href=\"https:\/\/www.diariodasleis.com.br\/busca\/exibelink.php?numlink=213758\" target=\"_blank\"><font color=\"blue\"><u>Portaria N. 1.399, de 05 de outubro de 2009<\/u><\/font><\/a>, da Advocacia Geral da Uni\u00e3o, publicada no Di\u00e1rio Oficial da Uni\u00e3o em 06 de outubro de 2009;<\/p>\r\n<p>- a <a href=\"https:\/\/www.diariodasleis.com.br\/busca\/exibelink.php?numlink=213752\" target=\"_blank\"><font color=\"blue\"><u>Instru\u00e7\u00e3o Normativa Conjunta N. 1, de 13 de mar\u00e7o de 2010<\/u><\/font><\/a>, da Procuradoria Geral Federal, publicada no Di\u00e1rio Oficial da Uni\u00e3o em 22 de mar\u00e7o de 2010;<\/p>\r\n\r\n<p>- o <a href=\"https:\/\/www.ufsm.br\/pro-reitorias\/proplan\/estatuto-ufsm-2010\/\" target=\"_blank\"><font color=\"blue\"><u>Estatuto<\/u><\/font><\/a> da Universidade Federal de Santa Maria, com as adequa\u00e7\u00f5es aprovadas pela <a href=\"https:\/\/www.ufsm.br\/pro-reitorias\/proplan\/resolucao-n-037-2010\/\" target=\"_blank\"><font color=\"blue\"><u>Resolu\u00e7\u00e3o UFSM N. 037, de 30 de novembro de 2010<\/u><\/font><\/a> e aprovadas pela Portaria N. 156, de 12 de mar\u00e7o de 2014, publicada no Di\u00e1rio Oficial da Uni\u00e3o em 13 de mar\u00e7o de 2014;<\/p>\r\n<p>- o <a href=\"https:\/\/www.ufsm.br\/pro-reitorias\/proplan\/regimento-geral-da-ufsm-2011\/\" target=\"_blank\"><font color=\"blue\"><u>Regimento da UFSM<\/u><\/font><\/a>, disposto na <a href=\"https:\/\/www.ufsm.br\/pro-reitorias\/proplan\/resolucao-n-006-2011\/\" target=\"_blank\"><font color=\"blue\"><u>Resolu\u00e7\u00e3o UFSM N. 006, de 28 de abril de 2011<\/u><\/font><\/a>, atualizado pela <a href=\"https:\/\/www.ufsm.br\/pro-reitorias\/proplan\/resolucao-n-016-2019\/\" target=\"_blank\"><font color=\"blue\"><u>Resolu\u00e7\u00e3o UFSM N. 016, de 02 de julho de 2019<\/u><\/font><\/a>;<\/p>\r\n<p>- a <a href=\"https:\/\/www.ufsm.br\/pro-reitorias\/proplan\/resolucao-n-042-2019\/\" target=\"_blank\"><font color=\"blue\"><u>Resolu\u00e7\u00e3o UFSM N. 042, de 13 de dezembro de 2019<\/u><\/font><\/a>, que disp\u00f5e sobre os atos de cria\u00e7\u00e3o, ajuste e\/ou reforma de Projeto Pedag\u00f3gico de Curso (PPCs), no \u00e2mbito do ensino de gradua\u00e7\u00e3o e d\u00e1 outras provid\u00eancias;<\/p>\r\n\r\n<p>- a <a href=\"https:\/\/www.ufsm.br\/pro-reitorias\/proplan\/resolucao-n-027-2020\/\" target=\"_blank\"><font color=\"blue\"><u>Resolu\u00e7\u00e3o UFSM N. 027, de 28 setembro de 2020<\/u><\/font><\/a>, aprova o Regulamento que normatiza a cria\u00e7\u00e3o e organiza\u00e7\u00e3o das empresas juniores na Universidade Federal de Santa Maria (UFSM);<\/p>\r\n<p>- a <a href=\"https:\/\/www.ufsm.br\/pro-reitorias\/proplan\/resolucao-ufsm-n-054-2021\/\" target=\"_blank\"><font color=\"blue\"><u>Resolu\u00e7\u00e3o UFSM N. 054, de 1\u00ba de junho de 2021<\/u><\/font><\/a>, que regulamenta a proposi\u00e7\u00e3o e a emiss\u00e3o de Atos Normativos no \u00e2mbito da Universidade Federal de Santa Maria; e,<\/p>\r\n<p>- o que consta no Processo N. <a href=\"https:\/\/portal.ufsm.br\/documentos\/publico\/processo\/documento.html?idDocumento=13787845\" target=\"_blank\"><font color=\"blue\"><u>223081.090617\/2021-94<\/u><\/font><\/a>.<\/p>\r\n<br>\r\n<p>RESOLVE:<\/p>\r\n<br>\r\n<p>Art. 1\u00ba Aprovar o <a href=\"\t\" target=\"_blank\"><font color=\"blue\"><u>Manual de Atos Normativos de Organiza\u00e7\u00e3o e Funcionamento de Estruturas Organizacionais Administrativas na Universidade Federal de Santa Maria<\/u><\/font><\/a>.<\/p>\r\n<p>Par\u00e1grafo \u00fanico. A vers\u00e3o eletr\u00f4nica do manual de que trata o caput ser\u00e1 disponibilizada no endere\u00e7o eletr\u00f4nico <a href=\"https:\/\/portal.ufsm.br\/documentos\/publico\/consulta.html\" target=\"_blank\"><font color=\"blue\"><u>https:\/\/portal.ufsm.br\/documentos\/publico\/consulta.html<\/u><\/font><\/a>.<\/p>\r\n<p>Art. 2\u00ba O <a href=\"https:\/\/portal.ufsm.br\/documentos\/publico\/documento.html?id=13839368\" target=\"_blank\"><font color=\"blue\"><u>Manual de Atos Normativos de Organiza\u00e7\u00e3o e Funcionamento de Estruturas Organizacionais Administrativas na Universidade Federal de Santa Maria<\/u><\/font><\/a> tem como objetivo servir de orienta\u00e7\u00e3o para as propostas de cria\u00e7\u00e3o e\/ou altera\u00e7\u00e3o de estruturas organizacionais administrativas e seus respectivos regimentos que comp\u00f5e a estrutura administrativa da Universidade Federal de Santa Maria.<\/p>\r\n<p>Art. 3\u00ba A partir da publica\u00e7\u00e3o desta Instru\u00e7\u00e3o Normativa, o Manual de Atos Normativos de Organiza\u00e7\u00e3o e Funcionamento de Estruturas Organizacionais Administrativas da Universidade Federal de Santa Maria ser\u00e1 atualizado no endere\u00e7o eletr\u00f4nico indicado no Art. 1\u00ba, par\u00e1grafo \u00fanico, ou em outro que vier a substitu\u00ed-lo, sempre que necess\u00e1rio.<\/p>\r\n<p>Art. 4\u00ba Eventuais casos omissos ser\u00e3o dirimidos pelo Pr\u00f3-Reitor de Planejamento da UFSM.<\/p>\r\n<p>Art. 5\u00ba Esta Instru\u00e7\u00e3o Normativa entra em vigor em 1\u00ba de dezembro de 2021, de acordo com o que prev\u00ea o Artigo 4\u00ba do <a href=\"http:\/\/www.planalto.gov.br\/ccivil_03\/_ato2019-2022\/2019\/decreto\/D10139.htm\" target=\"_blank\"><font color=\"blue\"><u>Decreto N. 10.139, de 28 de novembro de 2019<\/u><\/font><\/a>.<\/p>\r\n<p>Par\u00e1grafo \u00fanico. Havendo conflito entre a norma legal e as posi\u00e7\u00f5es desta Instru\u00e7\u00e3o Normativa, em nome do princ\u00edpio da hierarquia das leis, aquela prevalece sobre esta, observando, ainda, as orienta\u00e7\u00f5es do Minist\u00e9rio da Educa\u00e7\u00e3o e seus entes vinculados sobre o tema.<\/p>\r\n<br>\r\n<p>Joeder Campos Soares<\/p>\r\n<p>Pr\u00f3-Reitor de Planejamento<\/p>\r\n<p><font color=\"red0000\">Este texto n\u00e3o substitui o documento original, publicado no Portal de Documentos em 10 de novembro de 2021.<\/font> Dispon\u00edvel em: <a href=\"https:\/\/portal.ufsm.br\/documentos\/publico\/documento.html?idDocumento=13839278\" target=\"_blank\"><font color=\"blue\">https:\/\/portal.ufsm.br\/documentos\/publico\/documento.html?idDocumento=13839278<\/font><\/a><\/p><\/div>\r\n\r\n\t\t<\/div>\n\t\t\t\t<\/div>\n\t\t\t\t\t<\/div>\n\t\t<\/div>\n\t\t\t\t\t<\/div>\n\t\t<\/section>\n\t\t\t\t<\/div>\n\t\t","protected":false},"excerpt":{"rendered":"<p>INSTRU\u00c7\u00c3O NORMATIVA PROPLAN\/UFSM N. 002, DE 10 DE NOVEMBRO DE 2021 MINIST\u00c9RIO DA EDUCA\u00c7\u00c3O UNIVERSIDADE FEDERAL DE SANTA MARIA INSTRU\u00c7\u00c3O NORMATIVA PROPLAN\/UFSM N. 002, DE 10 DE NOVEMBRO DE 2021 Aprovar o Manual de Atos Normativos de Organiza\u00e7\u00e3o e Funcionamento de Estruturas Organizacionais Administrativas na Universidade Federal de Santa Maria. O PR\u00d3-REITOR DE PLANEJAMENTO DA [&hellip;]<\/p>\n","protected":false},"author":205,"featured_media":0,"parent":0,"menu_order":0,"comment_status":"closed","ping_status":"closed","template":"","meta":{"footnotes":""},"categories":[],"tags":[],"class_list":["post-4696","page","type-page","status-publish","hentry"],"acf":[],"_links":{"self":[{"href":"https:\/\/www.ufsm.br\/pro-reitorias\/proplan\/wp-json\/wp\/v2\/pages\/4696","targetHints":{"allow":["GET"]}}],"collection":[{"href":"https:\/\/www.ufsm.br\/pro-reitorias\/proplan\/wp-json\/wp\/v2\/pages"}],"about":[{"href":"https:\/\/www.ufsm.br\/pro-reitorias\/proplan\/wp-json\/wp\/v2\/types\/page"}],"author":[{"embeddable":true,"href":"https:\/\/www.ufsm.br\/pro-reitorias\/proplan\/wp-json\/wp\/v2\/users\/205"}],"replies":[{"embeddable":true,"href":"https:\/\/www.ufsm.br\/pro-reitorias\/proplan\/wp-json\/wp\/v2\/comments?post=4696"}],"version-history":[{"count":0,"href":"https:\/\/www.ufsm.br\/pro-reitorias\/proplan\/wp-json\/wp\/v2\/pages\/4696\/revisions"}],"wp:attachment":[{"href":"https:\/\/www.ufsm.br\/pro-reitorias\/proplan\/wp-json\/wp\/v2\/media?parent=4696"}],"wp:term":[{"taxonomy":"category","embeddable":true,"href":"https:\/\/www.ufsm.br\/pro-reitorias\/proplan\/wp-json\/wp\/v2\/categories?post=4696"},{"taxonomy":"post_tag","embeddable":true,"href":"https:\/\/www.ufsm.br\/pro-reitorias\/proplan\/wp-json\/wp\/v2\/tags?post=4696"}],"curies":[{"name":"wp","href":"https:\/\/api.w.org\/{rel}","templated":true}]}}