{"id":4723,"date":"2021-12-02T09:33:47","date_gmt":"2021-12-02T12:33:47","guid":{"rendered":"https:\/\/www.ufsm.br\/pro-reitorias\/proplan\/?page_id=4723"},"modified":"2025-08-28T15:37:42","modified_gmt":"2025-08-28T18:37:42","slug":"resolucao-ufsm-n-066-2021","status":"publish","type":"page","link":"https:\/\/www.ufsm.br\/pro-reitorias\/proplan\/resolucao-ufsm-n-066-2021","title":{"rendered":"RESOLU\u00c7\u00c3O UFSM N\u00b0 066\/2021"},"content":{"rendered":"\t\t<div data-elementor-type=\"wp-page\" data-elementor-id=\"4723\" class=\"elementor elementor-4723\">\n\t\t\t\t\t\t<section class=\"elementor-section elementor-top-section elementor-element elementor-element-84d01d1 elementor-section-boxed elementor-section-height-default elementor-section-height-default\" data-id=\"84d01d1\" data-element_type=\"section\">\n\t\t\t\t\t\t<div class=\"elementor-container elementor-column-gap-default\">\n\t\t\t\t\t<div class=\"elementor-column elementor-col-100 elementor-top-column elementor-element elementor-element-95c5231\" data-id=\"95c5231\" data-element_type=\"column\">\n\t\t\t<div class=\"elementor-widget-wrap elementor-element-populated\">\n\t\t\t\t\t\t<div class=\"elementor-element elementor-element-3292e64 elementor-widget elementor-widget-html\" data-id=\"3292e64\" data-element_type=\"widget\" data-widget_type=\"html.default\">\n\t\t\t\t<div class=\"elementor-widget-container\">\n\t\t\t\r\n\r\n\r\n<title><b>RESOLU\u00c7\u00c3O UFSM N. 066, DE 29 DE NOVEMBRO DE 2021<\/b><\/title>\r\n\r\n\r\n<div align=\"center\"><img decoding=\"async\" src=\"https:\/\/www.ufsm.br\/pro-reitorias\/proplan\/wp-content\/uploads\/sites\/344\/2019\/09\/brasao-da-republica-do-brasil-logo.png\" alt=\"Bras\u00e3o Rep\u00fablica Federativa do Brasil\" width=\"6%\" height=\"6%\"><\/div>  <h1><font color=\"blue\"><font size=\"5\"><div align=\"center\">MINIST\u00c9RIO DA EDUCA\u00c7\u00c3O<\/div><\/font><\/font><\/H1>\r\n<b><font color=\"0000blue\"><div align=\"center\">UNIVERSIDADE FEDERAL DE SANTA MARIA<\/div><\/font><\/b>\r\n<p><div align=\"center\"><b><a href=\"https:\/\/portal.ufsm.br\/documentos\/publico\/documento.html?idDocumento=13876848\" target=\"_blank\"><font color=\"blue\">RESOLU\u00c7\u00c3O UFSM N\u00b0 066, DE 29 DE NOVEMBRO DE 2021<\/font><\/a><\/b><\/div>\r\n<br>\r\n   <div style=\"color: #800000;width: 60%;margin-left: auto;margin-right: 0;text-align: justify;font-weight: normal\">Aprova a cria\u00e7\u00e3o do Curso PROEJA-FIC-EJA-ENSINO M\u00c9DIO na estrutura organizacional do Col\u00e9gio Polit\u00e9cnico da Universidade Federal de Santa Maria (UFSM).<\/font><\/div>\r\n<br>\r\n<br><div align=\"justify\">\r\n<p>O REITOR DA UNIVERSIDADE FEDERAL DE SANTA MARIA, no uso de suas atribui\u00e7\u00f5es legais e estatut\u00e1rias e considerando:<\/p>\r\n<p>- a <a href=\"http:\/\/www.planalto.gov.br\/ccivil_03\/constituicao\/constituicao.htm\" target=\"_blank\"><font color=\"blue\"><u>Constitui\u00e7\u00e3o da Rep\u00fablica Federativa do Brasil de 1988, de 05 de outubro de 1988<\/u><\/font><\/a>;<\/p> \r\n<p>- a <a href=\"http:\/\/www.planalto.gov.br\/ccivil_03\/leis\/l8112cons.htm\" target=\"_blank\"><font color=\"blue\"><u>Lei N. 8.112, de 11 de dezembro de 1990<\/u><\/font><\/a>, que disp\u00f5e sobre o regime jur\u00eddico dos servidores p\u00fablicos civis da Uni\u00e3o, das autarquias e das funda\u00e7\u00f5es p\u00fablicas federais;<\/p> \r\n<p>- a <a href=\"http:\/\/www.planalto.gov.br\/ccivil_03\/leis\/l9394.htm\" target=\"_blank\"><font color=\"blue\"><u>Lei N. 9.394, de 20 de dezembro de 1996<\/u><\/font><\/a>, que estabelece as diretrizes e bases da educa\u00e7\u00e3o nacional e suas altera\u00e7\u00f5es, em especial o Art. 39, \u00a7 2\u00ba, inciso I, que trata da forma\u00e7\u00e3o inicial e continuada (FIC) ou qualifica\u00e7\u00e3o profissional;<\/p> \r\n<p>- a <a href=\"http:\/\/www.planalto.gov.br\/ccivil_03\/leis\/lcp\/lcp95.htm\" target=\"_blank\"><font color=\"blue\"><u>Lei Complementar N. 95, de 26 de fevereiro de 1998<\/u><\/font><\/a>, que disp\u00f5e sobre a elabora\u00e7\u00e3o, a reda\u00e7\u00e3o, a altera\u00e7\u00e3o e a consolida\u00e7\u00e3o das leis, conforme determina o Par\u00e1grafo \u00danico do Art. 59 da <a href=\"http:\/\/www.planalto.gov.br\/ccivil_03\/constituicao\/constituicao.htm\" target=\"_blank\"><font color=\"blue\"><u>Constitui\u00e7\u00e3o Federal<\/u><\/font><\/a>, e estabelece normas para a consolida\u00e7\u00e3o dos atos normativos que menciona;<\/p> \r\n<p>- a <a href=\"http:\/\/www.planalto.gov.br\/ccivil_03\/_ato2011-2014\/2014\/lei\/l13005.htm\" target=\"_blank\"><font color=\"blue\"><u>Lei N. 13.005, de 25 de junho de 2014<\/u><\/font><\/a>, que aprova o Plano Nacional de Educa\u00e7\u00e3o (PNE) e d\u00e1 outras provid\u00eancias;<\/p>\r\n<p>- a <a href=\"http:\/\/www.planalto.gov.br\/ccivil_03\/_ato2004-2006\/2004\/decreto\/d5154.htm\" target=\"_blank\"><font color=\"blue\"><u>Lei N. 5.154, de 23 de julho 2004<\/u><\/font><\/a>, que regulamenta o \u00a7 2\u00ba do Art. 36 e os Arts. 39 a 41 da <a href=\"http:\/\/www.planalto.gov.br\/ccivil_03\/leis\/l9394.htm\" target=\"_blank\"><font color=\"blue\"><u>Lei N. 9.394, de 20 de dezembro de 1996<\/u><\/font><\/a>, que estabelece as diretrizes e bases da educa\u00e7\u00e3o nacional, e d\u00e1 outras provid\u00eancias;<\/p>\r\n<p>- o <a href=\"http:\/\/www.planalto.gov.br\/ccivil_03\/_ato2004-2006\/2006\/decreto\/d5840.htm\" target=\"_blank\"><font color=\"blue\"><u>Decreto N. 5.840, de 13 de julho de 2006<\/u><\/font><\/a>, que institui, no \u00e2mbito federal, o Programa Nacional de Integra\u00e7\u00e3o da Educa\u00e7\u00e3o Profissional com a Educa\u00e7\u00e3o B\u00e1sica na Modalidade de Educa\u00e7\u00e3o de Jovens e Adultos (PROEJA), e d\u00e1 outras provid\u00eancias;<\/p>\r\n<p>- o <a href=\"http:\/\/www.planalto.gov.br\/ccivil_03\/_ato2011-2014\/2014\/decreto\/d8268.htm\" target=\"_blank\"><font color=\"blue\"><u>Decreto N. 8.268, de 18 de junho de 2014<\/u><\/font><\/a>, que altera o <a href=\"http:\/\/www.planalto.gov.br\/ccivil_03\/_ato2004-2006\/2004\/decreto\/d5154.htm\" target=\"_blank\"><font color=\"blue\"><u>Decreto N. 5.154, de 23 de julho de 2004<\/u><\/font><\/a>, que regulamenta o \u00a7 2\u00ba do Art. 36 e os Arts. 39 a 41 da <a href=\"http:\/\/www.planalto.gov.br\/ccivil_03\/leis\/l9394.htm\" target=\"_blank\"><font color=\"blue\"><u>Lei N. 9.394, de 20 de dezembro de 1996<\/u><\/font><\/a>;<\/p>\r\n<p>- o <a href=\"http:\/\/www.planalto.gov.br\/ccivil_03\/_ato2015-2018\/2017\/decreto\/D9191.htm\" target=\"_blank\"><font color=\"blue\"><u>Decreto N. 9.191, de 1\u00ba de novembro de 2017<\/u><\/font><\/a>, que estabelece as normas e as diretrizes para elabora\u00e7\u00e3o, reda\u00e7\u00e3o, altera\u00e7\u00e3o, consolida\u00e7\u00e3o e encaminhamento de propostas de atos normativos ao Presidente da Rep\u00fablica pelos Ministros de Estado;<\/p> \r\n<p>- o <a href=\"https:\/\/www.ufsm.br\/pro-reitorias\/proplan\/estatuto-ufsm-2010\/\" target=\"_blank\"><font color=\"blue\"><u>Estatuto da Universidade Federal de Santa Maria<\/u><\/font><\/a> com as adequa\u00e7\u00f5es aprovadas pela <a href=\"https:\/\/www.ufsm.br\/pro-reitorias\/proplan\/resolucao-n-037-2010\/\" target=\"_blank\"><font color=\"blue\"><u>Resolu\u00e7\u00e3o UFSM N. 037, de 30 de novembro de 2010<\/u><\/font><\/a>, aprovado pela <a href=\"https:\/\/pesquisa.in.gov.br\/imprensa\/jsp\/visualiza\/index.jsp?data=13\/03\/2014&amp;jornal=1&amp;pagina=43&amp;totalArquivos=100\" target=\"_blank\"><font color=\"blue\"><u>Portaria N. 156, de 12 de mar\u00e7o de 2014<\/u><\/font><\/a>, e publicado no Di\u00e1rio Oficial da Uni\u00e3o em 13 de mar\u00e7o de 2014;<\/p> \r\n<p>- a <a href=\"https:\/\/www.ufsm.br\/pro-reitorias\/proplan\/resolucao-n-001-2017\/\" target=\"_blank\"><font color=\"blue\"><u>Resolu\u00e7\u00e3o N. 001, de 07 de fevereiro de 2017<\/u><\/font><\/a>, que aprova o Regimento Interno do Col\u00e9gio Polit\u00e9cnico da Universidade Federal de Santa Maria;<\/p>\r\n<p>- o <a href=\"https:\/\/www.ufsm.br\/pro-reitorias\/proplan\/regimento-geral-da-ufsm-com-alteracoes-compiladas-pela-resolucao-n-016-2019\/\" target=\"_blank\"><font color=\"blue\"><u>Regimento da UFSM<\/u><\/font><\/a>, disposto na <a href=\"https:\/\/www.ufsm.br\/pro-reitorias\/proplan\/resolucao-n-006-2011\/\" target=\"_blank\"><font color=\"blue\"><u>Resolu\u00e7\u00e3o UFSM N. 006, de 28 de abril de 2011<\/u><\/font><\/a>, atualizado pela <a href=\"https:\/\/www.ufsm.br\/pro-reitorias\/proplan\/resolucao-n-016-2019\/\" target=\"_blank\"><font color=\"blue\"><u>Resolu\u00e7\u00e3o UFSM N. 016, de 02 de julho de 2019<\/u><\/font><\/a>;<\/p>\r\n<p>- o Parecer N. 011\/2021 da Comiss\u00e3o de Ensino, Pesquisa e Extens\u00e3o (COMEPE), aprovado na 967\u00aa Sess\u00e3o do Conselho de Ensino, Pesquisa e Extens\u00e3o (CEPE), de 19 de novembro de 2021, referente ao Processo N. <a href=\"https:\/\/portal.ufsm.br\/documentos\/publico\/processo\/documento.html?idDocumento=11123374\" target=\"_blank\"><font color=\"blue\"><u>23081.056569\/2018-18<\/u><\/font><\/a>; e,<\/p>\r\n<p>- o Parecer N. 091\/2021 da Comiss\u00e3o de Legisla\u00e7\u00e3o e Normas (CLN), aprovado na 967\u00aa Sess\u00e3o do Conselho de Ensino, Pesquisa e Extens\u00e3o (CEPE), de 19 de novembro de 2021, referente ao Processo N. <a href=\"https:\/\/portal.ufsm.br\/documentos\/publico\/processo\/documento.html?idDocumento=11123374\" target=\"_blank\"><font color=\"blue\"><u>23081.056569\/2018-18<\/u><\/font><\/a>; e,<\/p>\r\n<p>- o Parecer N. 106\/2021 da Comiss\u00e3o de Legisla\u00e7\u00e3o e Regimentos (CLR), aprovado na 846\u00aa Sess\u00e3o do Conselho Universit\u00e1rio (CONSU), de 26 de novembro de 2021, referente ao Processo N. <a href=\"https:\/\/portal.ufsm.br\/documentos\/publico\/processo\/documento.html?idDocumento=11123374\" target=\"_blank\"><font color=\"blue\"><u>23081.056569\/2018-18<\/u><\/font><\/a>.<\/p>\r\n<br>\r\n<p>RESOLVE:<\/p>\r\n<br>\r\n<p>Art. 1\u00ba Aprovar a cria\u00e7\u00e3o do Curso \u201cPROEJA \u2013 FIC \u2013 Educa\u00e7\u00e3o de Jovens e Adultos (EJA) \u2013 Ensino M\u00e9dio\u201d na estrutura organizacional do Col\u00e9gio Polit\u00e9cnico da Universidade Federal de Santa Maria (UFSM).<\/p>\r\n<p>Par\u00e1grafo \u00fanico. A Coordena\u00e7\u00e3o do Curso ficar\u00e1 sob responsabilidade da Coordena\u00e7\u00e3o do Curso T\u00e9cnico em Administra\u00e7\u00e3o da mesma unidade de ensino.<\/p>\r\n<p>Art. 2\u00ba Esta Resolu\u00e7\u00e3o entra em vigor em 03 de janeiro de 2022, de acordo com o que prev\u00ea o Artigo 4\u00ba do <a href=\"http:\/\/www.planalto.gov.br\/ccivil_03\/_ato2019-2022\/2019\/decreto\/D10139.htm\" target=\"_blank\"><font color=\"blue\"><u>Decreto N. 10.139, de 28 de novembro de 2019<\/u><\/font><\/a>.<\/p>\r\n<p>Par\u00e1grafo \u00fanico. Havendo qualquer modifica\u00e7\u00e3o legislativa, ou ainda, havendo qualquer situa\u00e7\u00e3o legal que impacte na legalidade da presente Resolu\u00e7\u00e3o, a mesma se aplica de imediato.<\/p>\r\n<br>\r\n<p>Paulo Afonso Burmann,<\/p>\r\n<p>Reitor.<\/p>\r\n<br>\r\n<p><font color=\"red0000\">Este texto n\u00e3o substitui o documento original, publicado no Portal de Documentos em 29 de novembro de 2021.<\/font> Dispon\u00edvel em: <a href=\"https:\/\/portal.ufsm.br\/documentos\/publico\/documento.html?idDocumento=13876848\"><font color=\"blue\">https:\/\/portal.ufsm.br\/documentos\/publico\/documento.html?idDocumento=13876848<\/font><\/a><\/p><\/div>\r\n\r\n \t\t<\/div>\n\t\t\t\t<\/div>\n\t\t\t\t\t<\/div>\n\t\t<\/div>\n\t\t\t\t\t<\/div>\n\t\t<\/section>\n\t\t\t\t<\/div>\n\t\t","protected":false},"excerpt":{"rendered":"<p>RESOLU\u00c7\u00c3O UFSM N. 066, DE 29 DE NOVEMBRO DE 2021 MINIST\u00c9RIO DA EDUCA\u00c7\u00c3O UNIVERSIDADE FEDERAL DE SANTA MARIA RESOLU\u00c7\u00c3O UFSM N\u00b0 066, DE 29 DE NOVEMBRO DE 2021 Aprova a cria\u00e7\u00e3o do Curso PROEJA-FIC-EJA-ENSINO M\u00c9DIO na estrutura organizacional do Col\u00e9gio Polit\u00e9cnico da Universidade Federal de Santa Maria (UFSM). O REITOR DA UNIVERSIDADE FEDERAL DE SANTA [&hellip;]<\/p>\n","protected":false},"author":230,"featured_media":0,"parent":0,"menu_order":0,"comment_status":"closed","ping_status":"closed","template":"","meta":{"footnotes":""},"categories":[],"tags":[],"class_list":["post-4723","page","type-page","status-publish","hentry"],"acf":[],"_links":{"self":[{"href":"https:\/\/www.ufsm.br\/pro-reitorias\/proplan\/wp-json\/wp\/v2\/pages\/4723","targetHints":{"allow":["GET"]}}],"collection":[{"href":"https:\/\/www.ufsm.br\/pro-reitorias\/proplan\/wp-json\/wp\/v2\/pages"}],"about":[{"href":"https:\/\/www.ufsm.br\/pro-reitorias\/proplan\/wp-json\/wp\/v2\/types\/page"}],"author":[{"embeddable":true,"href":"https:\/\/www.ufsm.br\/pro-reitorias\/proplan\/wp-json\/wp\/v2\/users\/230"}],"replies":[{"embeddable":true,"href":"https:\/\/www.ufsm.br\/pro-reitorias\/proplan\/wp-json\/wp\/v2\/comments?post=4723"}],"version-history":[{"count":0,"href":"https:\/\/www.ufsm.br\/pro-reitorias\/proplan\/wp-json\/wp\/v2\/pages\/4723\/revisions"}],"wp:attachment":[{"href":"https:\/\/www.ufsm.br\/pro-reitorias\/proplan\/wp-json\/wp\/v2\/media?parent=4723"}],"wp:term":[{"taxonomy":"category","embeddable":true,"href":"https:\/\/www.ufsm.br\/pro-reitorias\/proplan\/wp-json\/wp\/v2\/categories?post=4723"},{"taxonomy":"post_tag","embeddable":true,"href":"https:\/\/www.ufsm.br\/pro-reitorias\/proplan\/wp-json\/wp\/v2\/tags?post=4723"}],"curies":[{"name":"wp","href":"https:\/\/api.w.org\/{rel}","templated":true}]}}