{"id":4727,"date":"2021-12-13T09:18:32","date_gmt":"2021-12-13T12:18:32","guid":{"rendered":"https:\/\/www.ufsm.br\/pro-reitorias\/proplan\/?page_id=4727"},"modified":"2023-10-10T16:31:53","modified_gmt":"2023-10-10T19:31:53","slug":"outros-emitidos-ate-2020-por-ano","status":"publish","type":"page","link":"https:\/\/www.ufsm.br\/pro-reitorias\/proplan\/outros-emitidos-ate-2020-por-ano","title":{"rendered":"Outros &#8211; Emitidos at\u00e9 2020 por ano"},"content":{"rendered":"\t\t<div data-elementor-type=\"wp-page\" data-elementor-id=\"4727\" class=\"elementor elementor-4727\">\n\t\t\t\t\t\t<section class=\"elementor-section elementor-top-section elementor-element elementor-element-4e292e7 elementor-section-boxed elementor-section-height-default elementor-section-height-default\" data-id=\"4e292e7\" data-element_type=\"section\">\n\t\t\t\t\t\t<div class=\"elementor-container elementor-column-gap-default\">\n\t\t\t\t\t<div class=\"elementor-column elementor-col-100 elementor-top-column elementor-element elementor-element-ab97df5\" data-id=\"ab97df5\" data-element_type=\"column\">\n\t\t\t<div class=\"elementor-widget-wrap elementor-element-populated\">\n\t\t\t\t\t\t<div class=\"elementor-element elementor-element-ef7d881 elementor-widget elementor-widget-toggle\" data-id=\"ef7d881\" data-element_type=\"widget\" data-widget_type=\"toggle.default\">\n\t\t\t\t<div class=\"elementor-widget-container\">\n\t\t\t\t\t<div class=\"elementor-toggle\">\n\t\t\t\t\t\t\t<div class=\"elementor-toggle-item\">\n\t\t\t\t\t<div id=\"elementor-tab-title-2511\" class=\"elementor-tab-title\" data-tab=\"1\" role=\"button\" aria-controls=\"elementor-tab-content-2511\" aria-expanded=\"false\">\n\t\t\t\t\t\t\t\t\t\t\t\t<span class=\"elementor-toggle-icon elementor-toggle-icon-left\" aria-hidden=\"true\">\n\t\t\t\t\t\t\t\t\t\t\t\t\t\t\t<span class=\"elementor-toggle-icon-closed\"><i class=\"fas fa-caret-right\"><\/i><\/span>\n\t\t\t\t\t\t\t\t<span class=\"elementor-toggle-icon-opened\"><i class=\"elementor-toggle-icon-opened fas fa-caret-up\"><\/i><\/span>\n\t\t\t\t\t\t\t\t\t\t\t\t\t<\/span>\n\t\t\t\t\t\t\t\t\t\t\t\t<a class=\"elementor-toggle-title\" tabindex=\"0\">2017<\/a>\n\t\t\t\t\t<\/div>\n\n\t\t\t\t\t<div id=\"elementor-tab-content-2511\" class=\"elementor-tab-content elementor-clearfix\" data-tab=\"1\" role=\"region\" aria-labelledby=\"elementor-tab-title-2511\"><ul style=\"list-style-type: disc\">\n<li><a href=\"https:\/\/www.ufsm.br\/pro-reitorias\/proplan\/regulamento-do-programa-de-pos-graduacao-em-geografia-2017\/\">Regulamento do Programa de P\u00f3s-Gradua\u00e7\u00e3o em Geografia (PPGGEO)<\/a>&nbsp;(<span style=\"color: red;font-size: 16px;text-align: justify\">Revogado<\/span><span style=\"font-size: 16px;text-align: justify\">&nbsp;pela&nbsp;<\/span><span style=\"font-size: 16px;text-align: justify\"><a href=\"https:\/\/www.ufsm.br\/pro-reitorias\/proplan\/resolucao-ufsm-n-139-2023\" target=\"_blank\">Resolu\u00e7\u00e3o UFSM N\u00b0 139\/2023<\/a>)<\/span><\/li>\n<li><a href=\"https:\/\/www.ufsm.br\/pro-reitorias\/proplan\/regulamento-do-programa-de-pos-graduacao-em-meteorologia-2017\/\" target=\"_blank\">Regulamento do Programa de P\u00f3s-Gradua\u00e7\u00e3o em Meteorologia (PPGMET)<\/a>&nbsp;(<span style=\"color: red;font-size: 16px;text-align: justify\">Revogado<\/span><span style=\"font-size: 16px;text-align: justify\">&nbsp;pela&nbsp;<\/span><span style=\"font-size: 16px;text-align: justify\"><a href=\"https:\/\/www.ufsm.br\/pro-reitorias\/proplan\/resolucao-ufsm-n-139-2023\" target=\"_blank\">Resolu\u00e7\u00e3o UFSM N\u00b0 139\/2023<\/a>)<\/span><br><\/li>\n<li><a href=\"https:\/\/www.ufsm.br\/pro-reitorias\/proplan\/?p=4748\" target=\"_blank\">Regulamento do Mestrado Profissional em Matem\u00e1tica em Rede Nacional (PROFMAT &#8211; UFSM)<\/a>&nbsp;(<span style=\"color: red;font-size: 16px;text-align: justify\">Revogado<\/span><span style=\"font-size: 16px;text-align: justify\">&nbsp;pela&nbsp;<\/span><span style=\"font-size: 16px;text-align: justify\"><a href=\"https:\/\/www.ufsm.br\/pro-reitorias\/proplan\/resolucao-ufsm-n-139-2023\" target=\"_blank\">Resolu\u00e7\u00e3o UFSM N\u00b0 139\/2023<\/a>)<\/span><br><\/li>\n<\/ul><\/div>\n\t\t\t\t<\/div>\n\t\t\t\t\t\t\t<div class=\"elementor-toggle-item\">\n\t\t\t\t\t<div id=\"elementor-tab-title-2512\" class=\"elementor-tab-title\" data-tab=\"2\" role=\"button\" aria-controls=\"elementor-tab-content-2512\" aria-expanded=\"false\">\n\t\t\t\t\t\t\t\t\t\t\t\t<span class=\"elementor-toggle-icon elementor-toggle-icon-left\" aria-hidden=\"true\">\n\t\t\t\t\t\t\t\t\t\t\t\t\t\t\t<span class=\"elementor-toggle-icon-closed\"><i class=\"fas fa-caret-right\"><\/i><\/span>\n\t\t\t\t\t\t\t\t<span class=\"elementor-toggle-icon-opened\"><i class=\"elementor-toggle-icon-opened fas fa-caret-up\"><\/i><\/span>\n\t\t\t\t\t\t\t\t\t\t\t\t\t<\/span>\n\t\t\t\t\t\t\t\t\t\t\t\t<a class=\"elementor-toggle-title\" tabindex=\"0\">2016<\/a>\n\t\t\t\t\t<\/div>\n\n\t\t\t\t\t<div id=\"elementor-tab-content-2512\" class=\"elementor-tab-content elementor-clearfix\" data-tab=\"2\" role=\"region\" aria-labelledby=\"elementor-tab-title-2512\"><ul style=\"list-style-type: disc\">\n<li>&nbsp;<a href=\"https:\/\/www.ufsm.br\/pro-reitorias\/proplan\/regulamento-do-programa-de-pos-graduacao-em-quimica\/\" target=\"_blank\" rel=\"noopener\">Regulamento do Programa de P\u00f3s-Gradua\u00e7\u00e3o em Qu\u00edmica (PPGQ)<\/a>&nbsp;(<span style=\"color: red;font-size: 16px;text-align: justify\">Revogado<\/span><span style=\"font-size: 16px;text-align: justify\">&nbsp;pela&nbsp;<\/span><span style=\"font-size: 16px;text-align: justify\"><a href=\"https:\/\/www.ufsm.br\/pro-reitorias\/proplan\/resolucao-ufsm-n-139-2023\" target=\"_blank\">Resolu\u00e7\u00e3o UFSM N\u00b0 139\/2023<\/a>)<\/span><\/li>\n<li>\n<h1 style=\"font-size: 2.5rem\"><a href=\"https:\/\/www.ufsm.br\/pro-reitorias\/proplan\/?page_id=4737\" target=\"_blank\">Regulamento do Programa de P\u00f3s-Gradua\u00e7\u00e3o em Educa\u00e7\u00e3o Matem\u00e1tica e Ensino de F\u00edsica (PPGEMEF)&nbsp;<\/a>(<span style=\"font-size: 16px;font-weight: var( --e-global-typography-text-font-weight );color: red;text-align: justify\">Revogado<\/span><span style=\"font-size: 16px;font-weight: var( --e-global-typography-text-font-weight );text-align: justify\">&nbsp;pela&nbsp;<\/span><span style=\"font-size: 16px;font-weight: var( --e-global-typography-text-font-weight );text-align: justify\"><a href=\"https:\/\/www.ufsm.br\/pro-reitorias\/proplan\/resolucao-ufsm-n-139-2023\" target=\"_blank\">Resolu\u00e7\u00e3o UFSM N\u00b0 139\/2023<\/a>)<\/span>&nbsp;<\/h1><\/li>\n<\/ul><\/div>\n\t\t\t\t<\/div>\n\t\t\t\t\t\t\t<div class=\"elementor-toggle-item\">\n\t\t\t\t\t<div id=\"elementor-tab-title-2513\" class=\"elementor-tab-title\" data-tab=\"3\" role=\"button\" aria-controls=\"elementor-tab-content-2513\" aria-expanded=\"false\">\n\t\t\t\t\t\t\t\t\t\t\t\t<span class=\"elementor-toggle-icon elementor-toggle-icon-left\" aria-hidden=\"true\">\n\t\t\t\t\t\t\t\t\t\t\t\t\t\t\t<span class=\"elementor-toggle-icon-closed\"><i class=\"fas fa-caret-right\"><\/i><\/span>\n\t\t\t\t\t\t\t\t<span class=\"elementor-toggle-icon-opened\"><i class=\"elementor-toggle-icon-opened fas fa-caret-up\"><\/i><\/span>\n\t\t\t\t\t\t\t\t\t\t\t\t\t<\/span>\n\t\t\t\t\t\t\t\t\t\t\t\t<a class=\"elementor-toggle-title\" tabindex=\"0\">2015<\/a>\n\t\t\t\t\t<\/div>\n\n\t\t\t\t\t<div id=\"elementor-tab-content-2513\" class=\"elementor-tab-content elementor-clearfix\" data-tab=\"3\" role=\"region\" aria-labelledby=\"elementor-tab-title-2513\"><ul style=\"list-style-type: disc\">\n<li><a href=\"https:\/\/www.ufsm.br\/pro-reitorias\/proplan\/regulamento-do-programa-de-pos-graduacao-em-ciencias-biologicas-bioquimica-toxicologica-2015\/\" target=\"_blank\" rel=\"noopener\">Regulamento do Programa de P\u00f3s-Gradua\u00e7\u00e3o em Ci\u00eancias Biol\u00f3gicas: Bioqu\u00edmica Toxicol\u00f3gica (PPGBTox)<\/a>&nbsp;(<span style=\"color: red;font-size: 16px;text-align: justify\">Revogado<\/span><span style=\"font-size: 16px;text-align: justify\">&nbsp;pela&nbsp;<\/span><span style=\"font-size: 16px;text-align: justify\"><a href=\"https:\/\/www.ufsm.br\/pro-reitorias\/proplan\/resolucao-ufsm-n-139-2023\" target=\"_blank\">Resolu\u00e7\u00e3o UFSM N\u00b0 139\/2023<\/a>)<\/span><\/li>\n<li><a href=\"https:\/\/www.ufsm.br\/pro-reitorias\/proplan\/?page_id=4732\">Regulamento do Programa de P\u00f3s-Gradua\u00e7\u00e3o em Geografia (PPGGEO)&nbsp;<\/a>(<a href=\"https:\/\/www.ufsm.br\/pro-reitorias\/proplan\/?page_id=4732\"><span style=\"color: red\">Revogado<\/span><\/a> pela <a href=\"https:\/\/www.ufsm.br\/pro-reitorias\/proplan\/?page_id=5044\" target=\"_blank\" rel=\"noopener\">Resolu\u00e7\u00e3o UFSM N. 100\/2022)<\/a><\/li>\n<li><a href=\"https:\/\/www.ufsm.br\/pro-reitorias\/proplan\/regulamento-do-programa-de-pos-graduacao-educacao-em-ciencias-quimica-da-vida-ppgecqvs\/\" target=\"_blank\" rel=\"noopener\">Regulamento do Programa de P\u00f3s Gradua\u00e7\u00e3o Educa\u00e7\u00e3o em Ci\u00eancias: Qu\u00edmica da Vida e Sa\u00fade (PPGECQVS)<\/a>&nbsp;(<span style=\"color: red;font-size: 16px;text-align: justify\">Revogado<\/span><span style=\"font-size: 16px;text-align: justify\">&nbsp;pela&nbsp;<\/span><span style=\"font-size: 16px;text-align: justify\"><a href=\"https:\/\/www.ufsm.br\/pro-reitorias\/proplan\/resolucao-ufsm-n-139-2023\" target=\"_blank\">Resolu\u00e7\u00e3o UFSM N\u00b0 139\/2023<\/a>)<\/span><\/li>\n<li>\n<h1 style=\"font-size: 2.5rem\"><a href=\"https:\/\/www.ufsm.br\/pro-reitorias\/proplan\/?page_id=4743\" target=\"_blank\" rel=\"noopener\"><b>Regulamento do Curso de Especializa\u00e7\u00e3o em Estat\u00edstica e Modelagem Quantitativa (CCEMQ)<\/b><\/a><\/h1>\n<\/li>\n<\/ul><\/div>\n\t\t\t\t<\/div>\n\t\t\t\t\t\t\t<div class=\"elementor-toggle-item\">\n\t\t\t\t\t<div id=\"elementor-tab-title-2514\" class=\"elementor-tab-title\" data-tab=\"4\" role=\"button\" aria-controls=\"elementor-tab-content-2514\" aria-expanded=\"false\">\n\t\t\t\t\t\t\t\t\t\t\t\t<span class=\"elementor-toggle-icon elementor-toggle-icon-left\" aria-hidden=\"true\">\n\t\t\t\t\t\t\t\t\t\t\t\t\t\t\t<span class=\"elementor-toggle-icon-closed\"><i class=\"fas fa-caret-right\"><\/i><\/span>\n\t\t\t\t\t\t\t\t<span class=\"elementor-toggle-icon-opened\"><i class=\"elementor-toggle-icon-opened fas fa-caret-up\"><\/i><\/span>\n\t\t\t\t\t\t\t\t\t\t\t\t\t<\/span>\n\t\t\t\t\t\t\t\t\t\t\t\t<a class=\"elementor-toggle-title\" tabindex=\"0\">2013<\/a>\n\t\t\t\t\t<\/div>\n\n\t\t\t\t\t<div id=\"elementor-tab-content-2514\" class=\"elementor-tab-content elementor-clearfix\" data-tab=\"4\" role=\"region\" aria-labelledby=\"elementor-tab-title-2514\"><ul style=\"list-style-type: disc\">\n<li><a href=\"https:\/\/www.ufsm.br\/pro-reitorias\/proplan\/regulamento-do-programa-de-pos-graduacao-em-quimica-2013\/\" target=\"_blank\" rel=\"noopener\">Regulamento do Programa de P\u00f3s-Gradua\u00e7\u00e3o em Qu\u00edmica (PPGQ)<\/a> <a href=\"https:\/\/www.ufsm.br\/pro-reitorias\/proplan\/?page_id=4732\">(<span style=\"color: red\">Revogado<\/span> pela<\/a><a href=\"https:\/\/www.ufsm.br\/pro-reitorias\/proplan\/?page_id=5044\" target=\"_blank\" rel=\"noopener\"> Resolu\u00e7\u00e3o UFSM N.100\/2022)<\/a><\/li>\n<li>\n<h1 style=\"font-size: 2.5rem\"><a href=\"https:\/\/www.ufsm.br\/pro-reitorias\/proplan\/?page_id=4746\">Regulamento do Programa de P\u00f3s-Gradua\u00e7\u00e3o em Matem\u00e1tica (PPGMat)<\/a><b>&nbsp;<\/b>(<span style=\"font-size: 16px;font-weight: var( --e-global-typography-text-font-weight );color: red;text-align: justify\">Revogado<\/span><span style=\"font-size: 16px;font-weight: var( --e-global-typography-text-font-weight );text-align: justify\">&nbsp;pela&nbsp;<\/span><span style=\"font-size: 16px;font-weight: var( --e-global-typography-text-font-weight );text-align: justify\"><a href=\"https:\/\/www.ufsm.br\/pro-reitorias\/proplan\/resolucao-ufsm-n-139-2023\" target=\"_blank\">Resolu\u00e7\u00e3o UFSM N\u00b0 139\/2023<\/a>)<\/span><\/h1>\n<\/li>\n<\/ul><\/div>\n\t\t\t\t<\/div>\n\t\t\t\t\t\t\t<div class=\"elementor-toggle-item\">\n\t\t\t\t\t<div id=\"elementor-tab-title-2515\" class=\"elementor-tab-title\" data-tab=\"5\" role=\"button\" aria-controls=\"elementor-tab-content-2515\" aria-expanded=\"false\">\n\t\t\t\t\t\t\t\t\t\t\t\t<span class=\"elementor-toggle-icon elementor-toggle-icon-left\" aria-hidden=\"true\">\n\t\t\t\t\t\t\t\t\t\t\t\t\t\t\t<span class=\"elementor-toggle-icon-closed\"><i class=\"fas fa-caret-right\"><\/i><\/span>\n\t\t\t\t\t\t\t\t<span class=\"elementor-toggle-icon-opened\"><i class=\"elementor-toggle-icon-opened fas fa-caret-up\"><\/i><\/span>\n\t\t\t\t\t\t\t\t\t\t\t\t\t<\/span>\n\t\t\t\t\t\t\t\t\t\t\t\t<a class=\"elementor-toggle-title\" tabindex=\"0\">2012 (Esses atos n\u00e3o est\u00e3o mais em vig\u00eancia)<\/a>\n\t\t\t\t\t<\/div>\n\n\t\t\t\t\t<div id=\"elementor-tab-content-2515\" class=\"elementor-tab-content elementor-clearfix\" data-tab=\"5\" role=\"region\" aria-labelledby=\"elementor-tab-title-2515\"><ul style=\"list-style-type: disc\">\n<li><a href=\"https:\/\/www.ufsm.br\/pro-reitorias\/proplan\/?page_id=4734\" target=\"_blank\" rel=\"noopener\">Regulamento do Programa de P\u00f3s-Gradua\u00e7\u00e3o em Geografia (PPGGEO)&nbsp;<\/a>(<a style=\"background-color: var(--bs-body-bg)\" href=\"https:\/\/www.ufsm.br\/pro-reitorias\/proplan\/?page_id=4732\"><span style=\"color: red\">Revogado<\/span><\/a><span style=\"background-color: var(--bs-body-bg)\"> pela <\/span><a style=\"background-color: var(--bs-body-bg)\" href=\"https:\/\/www.ufsm.br\/pro-reitorias\/proplan\/?page_id=5044\" target=\"_blank\" rel=\"noopener\">Resolu\u00e7\u00e3o UFSM N.100\/2022)<\/a><\/li>\n<li>&nbsp;<a style=\"background-color: var(--bs-body-bg)\" href=\"https:\/\/www.ufsm.br\/pro-reitorias\/proplan\/regulamento-interno-do-programa-de-pos-graduacao-em-agrobiologia\/\" target=\"_blank\" rel=\"noopener\">Regulamento Interno do \u00b4Programa de P\u00f3s-Gradua\u00e7\u00e3o em Agrobiologia (PPGAGROBIO)<\/a>&nbsp;(<a href=\"https:\/\/www.ufsm.br\/pro-reitorias\/proplan\/?page_id=4732\" style=\"background-color: var(--bs-body-bg)\"><span style=\"color: red\">Revogado<\/span><\/a><span style=\"background-color: var(--bs-body-bg)\"> pela <\/span><a href=\"https:\/\/www.ufsm.br\/pro-reitorias\/proplan\/?page_id=5044\" target=\"_blank\" rel=\"noopener\" style=\"background-color: var(--bs-body-bg)\">Resolu\u00e7\u00e3o UFSM N.100\/2022)<\/a>&nbsp;<\/li>\n<\/ul><\/div>\n\t\t\t\t<\/div>\n\t\t\t\t\t\t\t<div class=\"elementor-toggle-item\">\n\t\t\t\t\t<div id=\"elementor-tab-title-2516\" class=\"elementor-tab-title\" data-tab=\"6\" role=\"button\" aria-controls=\"elementor-tab-content-2516\" aria-expanded=\"false\">\n\t\t\t\t\t\t\t\t\t\t\t\t<span class=\"elementor-toggle-icon elementor-toggle-icon-left\" aria-hidden=\"true\">\n\t\t\t\t\t\t\t\t\t\t\t\t\t\t\t<span class=\"elementor-toggle-icon-closed\"><i class=\"fas fa-caret-right\"><\/i><\/span>\n\t\t\t\t\t\t\t\t<span class=\"elementor-toggle-icon-opened\"><i class=\"elementor-toggle-icon-opened fas fa-caret-up\"><\/i><\/span>\n\t\t\t\t\t\t\t\t\t\t\t\t\t<\/span>\n\t\t\t\t\t\t\t\t\t\t\t\t<a class=\"elementor-toggle-title\" tabindex=\"0\">2011 (Esses atos n\u00e3o est\u00e3o mais em vig\u00eancia)<\/a>\n\t\t\t\t\t<\/div>\n\n\t\t\t\t\t<div id=\"elementor-tab-content-2516\" class=\"elementor-tab-content elementor-clearfix\" data-tab=\"6\" role=\"region\" aria-labelledby=\"elementor-tab-title-2516\"><ul>\n<li><a href=\"https:\/\/www.ufsm.br\/pro-reitorias\/proplan\/?p=4761\" target=\"_blank\" rel=\"noopener\">Regulamento do Programa de P\u00f3s-Gradua\u00e7\u00e3o em Meteorologia (PPGMET)<\/a>&nbsp;(<a href=\"https:\/\/www.ufsm.br\/pro-reitorias\/proplan\/?page_id=4732\" style=\"background-color: var(--bs-body-bg)\"><span style=\"color: red\">Revogado<\/span><\/a><span style=\"background-color: var(--bs-body-bg)\"> pela <\/span><a href=\"https:\/\/www.ufsm.br\/pro-reitorias\/proplan\/?page_id=5044\" target=\"_blank\" rel=\"noopener\" style=\"background-color: var(--bs-body-bg)\">Resolu\u00e7\u00e3o UFSM N.100\/2022)<\/a>&nbsp;<\/li>\n<\/ul><\/div>\n\t\t\t\t<\/div>\n\t\t\t\t\t\t\t<div class=\"elementor-toggle-item\">\n\t\t\t\t\t<div id=\"elementor-tab-title-2517\" class=\"elementor-tab-title\" data-tab=\"7\" role=\"button\" aria-controls=\"elementor-tab-content-2517\" aria-expanded=\"false\">\n\t\t\t\t\t\t\t\t\t\t\t\t<span class=\"elementor-toggle-icon elementor-toggle-icon-left\" aria-hidden=\"true\">\n\t\t\t\t\t\t\t\t\t\t\t\t\t\t\t<span class=\"elementor-toggle-icon-closed\"><i class=\"fas fa-caret-right\"><\/i><\/span>\n\t\t\t\t\t\t\t\t<span class=\"elementor-toggle-icon-opened\"><i class=\"elementor-toggle-icon-opened fas fa-caret-up\"><\/i><\/span>\n\t\t\t\t\t\t\t\t\t\t\t\t\t<\/span>\n\t\t\t\t\t\t\t\t\t\t\t\t<a class=\"elementor-toggle-title\" tabindex=\"0\">2010<\/a>\n\t\t\t\t\t<\/div>\n\n\t\t\t\t\t<div id=\"elementor-tab-content-2517\" class=\"elementor-tab-content elementor-clearfix\" data-tab=\"7\" role=\"region\" aria-labelledby=\"elementor-tab-title-2517\"><ul>\n<li>\n<h1 style=\"font-size: 2.5rem;color: #21376b\"><a href=\"https:\/\/www.ufsm.br\/pro-reitorias\/proplan\/?page_id=4741\" target=\"_blank\" rel=\"noopener\">Regulamento Interno do Curso de Especializa\u00e7\u00e3o em Estat\u00edstica e Modelagem Quantitativa (CEEMQ<\/a>) (<a href=\"https:\/\/www.ufsm.br\/pro-reitorias\/proplan\/?page_id=4732\" style=\"background-color: var(--bs-body-bg)\"><span style=\"color: red\">Revogado<\/span><\/a><span style=\"background-color: var(--bs-body-bg)\"> pela <\/span><a href=\"https:\/\/www.ufsm.br\/pro-reitorias\/proplan\/?page_id=5044\" target=\"_blank\" rel=\"noopener\" style=\"background-color: var(--bs-body-bg)\">Resolu\u00e7\u00e3o UFSM N.100\/2022)<\/a><\/h1>\n<\/li>\n<li>\n<h1 style=\"font-size: 2.5rem;color: #21376b\"><a href=\"https:\/\/www.ufsm.br\/pro-reitorias\/proplan\/?p=4758\" target=\"_blank\" rel=\"noopener\" style=\"font-size: 2.5rem;background-color: var(--bs-body-bg)\">Regulamento do Programa de P\u00f3s-Gradua\u00e7\u00e3o em Biodiversidade Animal (PPGBA)<b>&nbsp;<\/b><\/a>(<span style=\"font-size: 16px;font-weight: var( --e-global-typography-text-font-weight );color: red;text-align: justify\">Revogado<\/span><span style=\"font-size: 16px;font-weight: var( --e-global-typography-text-font-weight );text-align: justify\">&nbsp;pela&nbsp;<\/span><span style=\"font-size: 16px;font-weight: var( --e-global-typography-text-font-weight );text-align: justify\"><a href=\"https:\/\/www.ufsm.br\/pro-reitorias\/proplan\/resolucao-ufsm-n-139-2023\" target=\"_blank\">Resolu\u00e7\u00e3o UFSM N\u00b0 139\/2023<\/a>)<\/span><\/h1>\n<\/li>\n<li><a href=\"https:\/\/www.ufsm.br\/pro-reitorias\/proplan\/?page_id=4760\" target=\"_blank\" rel=\"noopener\">Regulamento do Programa de P\u00f3s-Gradua\u00e7\u00e3o em Meteorologia (PPGMET)<\/a>&nbsp;(<a href=\"https:\/\/www.ufsm.br\/pro-reitorias\/proplan\/?page_id=4732\" style=\"background-color: var(--bs-body-bg)\"><span style=\"color: red\">Revogado<\/span><\/a><span style=\"background-color: var(--bs-body-bg)\"> pela <\/span><a href=\"https:\/\/www.ufsm.br\/pro-reitorias\/proplan\/?page_id=5044\" target=\"_blank\" rel=\"noopener\" style=\"background-color: var(--bs-body-bg)\">Resolu\u00e7\u00e3o UFSM N.100\/2022)<\/a>&nbsp;<\/li>\n<\/ul><\/div>\n\t\t\t\t<\/div>\n\t\t\t\t\t\t\t<div class=\"elementor-toggle-item\">\n\t\t\t\t\t<div id=\"elementor-tab-title-2518\" class=\"elementor-tab-title\" data-tab=\"8\" role=\"button\" aria-controls=\"elementor-tab-content-2518\" aria-expanded=\"false\">\n\t\t\t\t\t\t\t\t\t\t\t\t<span class=\"elementor-toggle-icon elementor-toggle-icon-left\" aria-hidden=\"true\">\n\t\t\t\t\t\t\t\t\t\t\t\t\t\t\t<span class=\"elementor-toggle-icon-closed\"><i class=\"fas fa-caret-right\"><\/i><\/span>\n\t\t\t\t\t\t\t\t<span class=\"elementor-toggle-icon-opened\"><i class=\"elementor-toggle-icon-opened fas fa-caret-up\"><\/i><\/span>\n\t\t\t\t\t\t\t\t\t\t\t\t\t<\/span>\n\t\t\t\t\t\t\t\t\t\t\t\t<a class=\"elementor-toggle-title\" tabindex=\"0\">2009 (Esses atos n\u00e3o est\u00e3o mais em vig\u00eancia)<\/a>\n\t\t\t\t\t<\/div>\n\n\t\t\t\t\t<div id=\"elementor-tab-content-2518\" class=\"elementor-tab-content elementor-clearfix\" data-tab=\"8\" role=\"region\" aria-labelledby=\"elementor-tab-title-2518\"><ul style=\"list-style-type: disc\"><li><a href=\"https:\/\/www.ufsm.br\/pro-reitorias\/proplan\/regulamento-do-programa-de-pos-graduacao-em-quimica-2009\/\" target=\"_blank\" rel=\"noopener\">Regulamento do Programa de P\u00f3s-Gradua\u00e7\u00e3o em Qu\u00edmica (PPGQ)<\/a> (<a href=\"https:\/\/www.ufsm.br\/pro-reitorias\/proplan\/?page_id=4732\"><span style=\"color: red\">Revogado<\/span><\/a> pela <a href=\"https:\/\/www.ufsm.br\/pro-reitorias\/proplan\/?page_id=5044\" target=\"_blank\" rel=\"noopener\">Resolu\u00e7\u00e3o UFSM N.100\/2022)<\/a><\/li><\/ul><\/div>\n\t\t\t\t<\/div>\n\t\t\t\t\t\t\t<div class=\"elementor-toggle-item\">\n\t\t\t\t\t<div id=\"elementor-tab-title-2519\" class=\"elementor-tab-title\" data-tab=\"9\" role=\"button\" aria-controls=\"elementor-tab-content-2519\" aria-expanded=\"false\">\n\t\t\t\t\t\t\t\t\t\t\t\t<span class=\"elementor-toggle-icon elementor-toggle-icon-left\" aria-hidden=\"true\">\n\t\t\t\t\t\t\t\t\t\t\t\t\t\t\t<span class=\"elementor-toggle-icon-closed\"><i class=\"fas fa-caret-right\"><\/i><\/span>\n\t\t\t\t\t\t\t\t<span class=\"elementor-toggle-icon-opened\"><i class=\"elementor-toggle-icon-opened fas fa-caret-up\"><\/i><\/span>\n\t\t\t\t\t\t\t\t\t\t\t\t\t<\/span>\n\t\t\t\t\t\t\t\t\t\t\t\t<a class=\"elementor-toggle-title\" tabindex=\"0\">2007 (Esses atos n\u00e3o est\u00e3o mais em vig\u00eancia)<\/a>\n\t\t\t\t\t<\/div>\n\n\t\t\t\t\t<div id=\"elementor-tab-content-2519\" class=\"elementor-tab-content elementor-clearfix\" data-tab=\"9\" role=\"region\" aria-labelledby=\"elementor-tab-title-2519\"><ul style=\"list-style-type: disc\">\n<li><a href=\"https:\/\/www.ufsm.br\/pro-reitorias\/proplan\/regulamento-do-programa-de-pos-graduacao-em-quimica-2007\/\" target=\"_blank\" rel=\"noopener\">Regulamento do Programa de P\u00f3s-Gradua\u00e7\u00e3o em Qu\u00edmica (PPGQ)<\/a>&nbsp;(<a href=\"https:\/\/www.ufsm.br\/pro-reitorias\/proplan\/?page_id=4732\" style=\"background-color: var(--bs-body-bg)\"><span style=\"color: red\">Revogado<\/span><\/a><span style=\"background-color: var(--bs-body-bg)\"> pela <\/span><a href=\"https:\/\/www.ufsm.br\/pro-reitorias\/proplan\/?page_id=5044\" target=\"_blank\" rel=\"noopener\" style=\"background-color: var(--bs-body-bg)\">Resolu\u00e7\u00e3o UFSM N.100\/2022)<\/a>&nbsp;<\/li>\n<\/ul><\/div>\n\t\t\t\t<\/div>\n\t\t\t\t\t\t\t<div class=\"elementor-toggle-item\">\n\t\t\t\t\t<div id=\"elementor-tab-title-25110\" class=\"elementor-tab-title\" data-tab=\"10\" role=\"button\" aria-controls=\"elementor-tab-content-25110\" aria-expanded=\"false\">\n\t\t\t\t\t\t\t\t\t\t\t\t<span class=\"elementor-toggle-icon elementor-toggle-icon-left\" aria-hidden=\"true\">\n\t\t\t\t\t\t\t\t\t\t\t\t\t\t\t<span class=\"elementor-toggle-icon-closed\"><i class=\"fas fa-caret-right\"><\/i><\/span>\n\t\t\t\t\t\t\t\t<span class=\"elementor-toggle-icon-opened\"><i class=\"elementor-toggle-icon-opened fas fa-caret-up\"><\/i><\/span>\n\t\t\t\t\t\t\t\t\t\t\t\t\t<\/span>\n\t\t\t\t\t\t\t\t\t\t\t\t<a class=\"elementor-toggle-title\" tabindex=\"0\">1987<\/a>\n\t\t\t\t\t<\/div>\n\n\t\t\t\t\t<div id=\"elementor-tab-content-25110\" class=\"elementor-tab-content elementor-clearfix\" data-tab=\"10\" role=\"region\" aria-labelledby=\"elementor-tab-title-25110\"><ul><li><a href=\"https:\/\/www.ufsm.br\/pro-reitorias\/proplan\/regimento-geral-da-ufsm-1987\/\"><strong>Regimento Geral da UFSM (1987)<\/strong><\/a><\/li><\/ul><\/div>\n\t\t\t\t<\/div>\n\t\t\t\t\t\t\t\t<\/div>\n\t\t\t\t<\/div>\n\t\t\t\t<\/div>\n\t\t\t\t\t<\/div>\n\t\t<\/div>\n\t\t\t\t\t<\/div>\n\t\t<\/section>\n\t\t\t\t<\/div>\n\t\t","protected":false},"excerpt":{"rendered":"<p>2017 Regulamento do Programa de P\u00f3s-Gradua\u00e7\u00e3o em Geografia (PPGGEO)&nbsp;(Revogado&nbsp;pela&nbsp;Resolu\u00e7\u00e3o UFSM N\u00b0 139\/2023) Regulamento do Programa de P\u00f3s-Gradua\u00e7\u00e3o em Meteorologia (PPGMET)&nbsp;(Revogado&nbsp;pela&nbsp;Resolu\u00e7\u00e3o UFSM N\u00b0 139\/2023) Regulamento do Mestrado Profissional em Matem\u00e1tica em Rede Nacional (PROFMAT &#8211; UFSM)&nbsp;(Revogado&nbsp;pela&nbsp;Resolu\u00e7\u00e3o UFSM N\u00b0 139\/2023) 2016 &nbsp;Regulamento do Programa de P\u00f3s-Gradua\u00e7\u00e3o em Qu\u00edmica (PPGQ)&nbsp;(Revogado&nbsp;pela&nbsp;Resolu\u00e7\u00e3o UFSM N\u00b0 139\/2023) Regulamento do Programa de P\u00f3s-Gradua\u00e7\u00e3o [&hellip;]<\/p>\n","protected":false},"author":230,"featured_media":0,"parent":0,"menu_order":0,"comment_status":"closed","ping_status":"closed","template":"","meta":{"footnotes":""},"categories":[],"tags":[],"class_list":["post-4727","page","type-page","status-publish","hentry"],"acf":[],"_links":{"self":[{"href":"https:\/\/www.ufsm.br\/pro-reitorias\/proplan\/wp-json\/wp\/v2\/pages\/4727","targetHints":{"allow":["GET"]}}],"collection":[{"href":"https:\/\/www.ufsm.br\/pro-reitorias\/proplan\/wp-json\/wp\/v2\/pages"}],"about":[{"href":"https:\/\/www.ufsm.br\/pro-reitorias\/proplan\/wp-json\/wp\/v2\/types\/page"}],"author":[{"embeddable":true,"href":"https:\/\/www.ufsm.br\/pro-reitorias\/proplan\/wp-json\/wp\/v2\/users\/230"}],"replies":[{"embeddable":true,"href":"https:\/\/www.ufsm.br\/pro-reitorias\/proplan\/wp-json\/wp\/v2\/comments?post=4727"}],"version-history":[{"count":0,"href":"https:\/\/www.ufsm.br\/pro-reitorias\/proplan\/wp-json\/wp\/v2\/pages\/4727\/revisions"}],"wp:attachment":[{"href":"https:\/\/www.ufsm.br\/pro-reitorias\/proplan\/wp-json\/wp\/v2\/media?parent=4727"}],"wp:term":[{"taxonomy":"category","embeddable":true,"href":"https:\/\/www.ufsm.br\/pro-reitorias\/proplan\/wp-json\/wp\/v2\/categories?post=4727"},{"taxonomy":"post_tag","embeddable":true,"href":"https:\/\/www.ufsm.br\/pro-reitorias\/proplan\/wp-json\/wp\/v2\/tags?post=4727"}],"curies":[{"name":"wp","href":"https:\/\/api.w.org\/{rel}","templated":true}]}}