{"id":4728,"date":"2021-12-13T10:09:05","date_gmt":"2021-12-13T13:09:05","guid":{"rendered":"https:\/\/www.ufsm.br\/pro-reitorias\/proplan\/?page_id=4728"},"modified":"2023-10-10T17:05:35","modified_gmt":"2023-10-10T20:05:35","slug":"outros-emitidos-ate-2020-por-materia","status":"publish","type":"page","link":"https:\/\/www.ufsm.br\/pro-reitorias\/proplan\/outros-emitidos-ate-2020-por-materia","title":{"rendered":"Outros &#8211; Emitidos at\u00e9 2020 por Mat\u00e9ria"},"content":{"rendered":"\t\t<div data-elementor-type=\"wp-page\" data-elementor-id=\"4728\" class=\"elementor elementor-4728\">\n\t\t\t\t\t\t<section class=\"elementor-section elementor-top-section elementor-element elementor-element-2c0004a elementor-section-boxed elementor-section-height-default elementor-section-height-default\" data-id=\"2c0004a\" data-element_type=\"section\">\n\t\t\t\t\t\t<div class=\"elementor-container elementor-column-gap-default\">\n\t\t\t\t\t<div class=\"elementor-column elementor-col-100 elementor-top-column elementor-element elementor-element-6c49407\" data-id=\"6c49407\" data-element_type=\"column\">\n\t\t\t<div class=\"elementor-widget-wrap elementor-element-populated\">\n\t\t\t\t\t\t<div class=\"elementor-element elementor-element-0db2fe9 elementor-widget elementor-widget-toggle\" data-id=\"0db2fe9\" data-element_type=\"widget\" data-widget_type=\"toggle.default\">\n\t\t\t\t<div class=\"elementor-widget-container\">\n\t\t\t\t\t<div class=\"elementor-toggle\">\n\t\t\t\t\t\t\t<div class=\"elementor-toggle-item\">\n\t\t\t\t\t<div id=\"elementor-tab-title-1431\" class=\"elementor-tab-title\" data-tab=\"1\" role=\"button\" aria-controls=\"elementor-tab-content-1431\" aria-expanded=\"false\">\n\t\t\t\t\t\t\t\t\t\t\t\t<span class=\"elementor-toggle-icon elementor-toggle-icon-left\" aria-hidden=\"true\">\n\t\t\t\t\t\t\t\t\t\t\t\t\t\t\t<span class=\"elementor-toggle-icon-closed\"><i class=\"fas fa-caret-right\"><\/i><\/span>\n\t\t\t\t\t\t\t\t<span class=\"elementor-toggle-icon-opened\"><i class=\"elementor-toggle-icon-opened fas fa-caret-up\"><\/i><\/span>\n\t\t\t\t\t\t\t\t\t\t\t\t\t<\/span>\n\t\t\t\t\t\t\t\t\t\t\t\t<a class=\"elementor-toggle-title\" tabindex=\"0\">ORGANIZA\u00c7\u00c3O E FUNCIONAMENTO - UNIVERSIDADE FEDERAL DE SANTA MARIA<\/a>\n\t\t\t\t\t<\/div>\n\n\t\t\t\t\t<div id=\"elementor-tab-content-1431\" class=\"elementor-tab-content elementor-clearfix\" data-tab=\"1\" role=\"region\" aria-labelledby=\"elementor-tab-title-1431\"><ul><li><a href=\"https:\/\/www.ufsm.br\/pro-reitorias\/proplan\/regimento-geral-da-ufsm-1987\/\"><strong>Regimento Geral da UFSM (1987)<\/strong><\/a><\/li><\/ul><\/div>\n\t\t\t\t<\/div>\n\t\t\t\t\t\t\t<div class=\"elementor-toggle-item\">\n\t\t\t\t\t<div id=\"elementor-tab-title-1432\" class=\"elementor-tab-title\" data-tab=\"2\" role=\"button\" aria-controls=\"elementor-tab-content-1432\" aria-expanded=\"false\">\n\t\t\t\t\t\t\t\t\t\t\t\t<span class=\"elementor-toggle-icon elementor-toggle-icon-left\" aria-hidden=\"true\">\n\t\t\t\t\t\t\t\t\t\t\t\t\t\t\t<span class=\"elementor-toggle-icon-closed\"><i class=\"fas fa-caret-right\"><\/i><\/span>\n\t\t\t\t\t\t\t\t<span class=\"elementor-toggle-icon-opened\"><i class=\"elementor-toggle-icon-opened fas fa-caret-up\"><\/i><\/span>\n\t\t\t\t\t\t\t\t\t\t\t\t\t<\/span>\n\t\t\t\t\t\t\t\t\t\t\t\t<a class=\"elementor-toggle-title\" tabindex=\"0\">ORGANIZA\u00c7\u00c3O E FUNCIONAMENTO - CENTRO DE CI\u00caNCIAS NATURAIS E EXATAS<\/a>\n\t\t\t\t\t<\/div>\n\n\t\t\t\t\t<div id=\"elementor-tab-content-1432\" class=\"elementor-tab-content elementor-clearfix\" data-tab=\"2\" role=\"region\" aria-labelledby=\"elementor-tab-title-1432\"><div style=\"color: #1c1c1c;font-size: 16px\">\n<div data-elementor-type=\"wp-page\" data-elementor-id=\"4727\" data-elementor-settings=\"[]\">\n<section data-id=\"4e292e7\" data-element_type=\"section\">\n<div style=\"width: 1176px\">\n<div style=\"width: 1176px\" data-id=\"ab97df5\" data-element_type=\"column\">\n<div style=\"width: 1176px\">\n<div style=\"width: 1162px\">\n<div style=\"width: 1162px\" data-id=\"ef7d881\" data-element_type=\"widget\" data-widget_type=\"toggle.default\">\n<div role=\"tablist\">\n<div role=\"tabpanel\" data-tab=\"1\" aria-labelledby=\"elementor-tab-title-2511\">\n<ul>\n<li><a href=\"https:\/\/www.ufsm.br\/pro-reitorias\/proplan\/?page_id=4743\" target=\"_blank\" rel=\"noopener\"><span style=\"font-weight: 700\">Regulamento do Curso de Especializa\u00e7\u00e3o em Estat\u00edstica e Modelagem Quantitativa (CEEMQ) &#8211; 2015<\/span><\/a><\/li>\n<li><a href=\"https:\/\/www.ufsm.br\/pro-reitorias\/proplan\/regulamento-interno-do-programa-de-pos-graduacao-em-agrobiologia\/\" target=\"_blank\" rel=\"noopener\">Regulamento Interno do Programa de P\u00f3s-Gradua\u00e7\u00e3o em Agrobiologia (PPGAGROBIO) &#8211; 2012<\/a>&nbsp;(<span style=\"color: red;font-size: 16px;text-align: justify\">Revogado<\/span><span style=\"font-size: 16px;text-align: justify\">&nbsp;pela&nbsp;<\/span><span style=\"font-size: 16px;text-align: justify\"><font color=\"#204c90\"><a href=\"https:\/\/www.ufsm.br\/pro-reitorias\/proplan?page_id=5044\">Resolu\u00e7\u00e3o UFSM N\u00b0 100\/2022<\/a><\/font>)<\/span><\/li>\n<li>\n<h1 style=\"font-size: 2.5rem\"><a href=\"https:\/\/www.ufsm.br\/pro-reitorias\/proplan\/?page_id=4741\" target=\"_blank\" rel=\"noopener\">Regulamento Interno do Curso de Especializa\u00e7\u00e3o em Estat\u00edstica e Modelagem Quantitativa (CEEMQ) &#8211; 2010<\/a>&nbsp;(<span style=\"font-size: 16px;font-weight: var( --e-global-typography-text-font-weight );color: red;text-align: justify\">Revogado<\/span><span style=\"font-size: 16px;font-weight: var( --e-global-typography-text-font-weight );text-align: justify\">&nbsp;pela&nbsp;<\/span><span style=\"font-size: 16px;font-weight: var( --e-global-typography-text-font-weight );text-align: justify\"><font color=\"#204c90\"><a href=\"https:\/\/www.ufsm.br\/pro-reitorias\/proplan?page_id=5044\">Resolu\u00e7\u00e3o UFSM N\u00b0 100\/2022<\/a><\/font>)<\/span><\/h1>\n<\/li>\n<li><a href=\"https:\/\/www.ufsm.br\/pro-reitorias\/proplan\/regulamento-do-programa-de-pos-graduacao-em-ciencias-biologicas-bioquimica-toxicologica-2015\/\" target=\"_blank\" rel=\"noopener\">Regulamento do Programa de P\u00f3s-Gradua\u00e7\u00e3o em Ci\u00eancias Biol\u00f3gicas: Bioqu\u00edmica Toxicol\u00f3gica (PPGBTox) &#8211; 2015<\/a><b>&nbsp;<\/b>(<span style=\"color: red;font-size: 16px;text-align: justify\">Revogado<\/span><span style=\"color: #1c1c1c;font-size: 16px;text-align: justify\">&nbsp;pela&nbsp;<\/span><span style=\"color: #1c1c1c;font-size: 16px;text-align: justify\"><a style=\"color: #204c90\" href=\"https:\/\/www.ufsm.br\/pro-reitorias\/proplan\/resolucao-ufsm-n-139-2023\" target=\"_blank\" rel=\"noopener\">Resolu\u00e7\u00e3o UFSM N\u00b0 139\/2023<\/a>)<\/span><\/li>\n<li><span style=\"background-color: var(--bs-body-bg)\"><a href=\"https:\/\/www.ufsm.br\/pro-reitorias\/proplan\/regulamento-do-programa-de-pos-graduacao-em-geografia-2017\/\">Regulamento do Programa de P\u00f3s-Gradua\u00e7\u00e3o em Geografia (PPGGEO) &#8211; 2017<\/a><b>&nbsp;<\/b><\/span>(<span style=\"color: red;font-size: 16px;text-align: justify\">Revogado<\/span><span style=\"color: #1c1c1c;font-size: 16px;text-align: justify\">&nbsp;pela&nbsp;<\/span><span style=\"color: #1c1c1c;font-size: 16px;text-align: justify\"><a style=\"color: #204c90\" href=\"https:\/\/www.ufsm.br\/pro-reitorias\/proplan\/resolucao-ufsm-n-139-2023\" target=\"_blank\" rel=\"noopener\">Resolu\u00e7\u00e3o UFSM N\u00b0 139\/2023<\/a>)<\/span><\/li>\n<li><a href=\"https:\/\/www.ufsm.br\/pro-reitorias\/proplan\/?page_id=4732\" target=\"_blank\" rel=\"noopener\">Regulamento do Programa de P\u00f3s-Gradua\u00e7\u00e3o em Geografia (PPGGEO) &#8211; 2015<\/a>&nbsp;(<span style=\"color: red;font-size: 16px;text-align: justify\">Revogado<\/span><span style=\"color: #1c1c1c;font-size: 16px;text-align: justify\">&nbsp;pela&nbsp;<\/span><span style=\"color: #1c1c1c;font-size: 16px;text-align: justify\"><a style=\"color: #204c90\" href=\"https:\/\/www.ufsm.br\/pro-reitorias\/proplan\/resolucao-ufsm-n-139-2023\" target=\"_blank\" rel=\"noopener\">Resolu\u00e7\u00e3o UFSM N\u00b0 139\/2023<\/a>)<\/span><\/li>\n<li><a href=\"https:\/\/www.ufsm.br\/pro-reitorias\/proplan\/?page_id=4734\">Regulamento do Programa de P\u00f3s-Gradua\u00e7\u00e3o em Geografia (PPGGEO) &#8211; 2012<\/a><b>&nbsp;<\/b>(<span style=\"color: red;font-size: 16px;text-align: justify\">Revogado<\/span><span style=\"color: #1c1c1c;font-size: 16px;text-align: justify\">&nbsp;pela&nbsp;<\/span><span style=\"color: #1c1c1c;font-size: 16px;text-align: justify\"><a style=\"color: #204c90\" href=\"https:\/\/www.ufsm.br\/pro-reitorias\/proplan\/resolucao-ufsm-n-139-2023\" target=\"_blank\" rel=\"noopener\">Resolu\u00e7\u00e3o UFSM N\u00b0 139\/2023<\/a>)<\/span><\/li>\n<li><a href=\"https:\/\/www.ufsm.br\/pro-reitorias\/proplan\/regulamento-do-programa-de-pos-graduacao-educacao-em-ciencias-quimica-da-vida-ppgecqvs\/\" target=\"_blank\" rel=\"noopener\">Regulamento do Programa de P\u00f3s Gradua\u00e7\u00e3o Educa\u00e7\u00e3o em Ci\u00eancias: Qu\u00edmica da Vida e Sa\u00fade (PPGECQVS) &#8211; 2015<\/a>&nbsp;(<span style=\"color: red;font-size: 16px;text-align: justify\">Revogado<\/span><span style=\"color: #1c1c1c;font-size: 16px;text-align: justify\">&nbsp;pela&nbsp;<\/span><span style=\"color: #1c1c1c;font-size: 16px;text-align: justify\"><a style=\"color: #204c90\" href=\"https:\/\/www.ufsm.br\/pro-reitorias\/proplan\/resolucao-ufsm-n-139-2023\" target=\"_blank\" rel=\"noopener\">Resolu\u00e7\u00e3o UFSM N\u00b0 139\/2023<\/a>)<\/span><\/li>\n<li><a href=\"https:\/\/www.ufsm.br\/pro-reitorias\/proplan\/regulamento-do-programa-de-pos-graduacao-em-quimica\/\" target=\"_blank\" rel=\"noopener\">Regulamento do Programa de P\u00f3s-Gradua\u00e7\u00e3o em Qu\u00edmica (PPGQ) &#8211; 2016<\/a>&nbsp;(<span style=\"color: red;font-size: 16px;text-align: justify\">Revogado<\/span><span style=\"color: #1c1c1c;font-size: 16px;text-align: justify\">&nbsp;pela&nbsp;<\/span><span style=\"color: #1c1c1c;font-size: 16px;text-align: justify\"><a style=\"color: #204c90\" href=\"https:\/\/www.ufsm.br\/pro-reitorias\/proplan\/resolucao-ufsm-n-139-2023\" target=\"_blank\" rel=\"noopener\">Resolu\u00e7\u00e3o UFSM N\u00b0 139\/2023<\/a>)<\/span><\/li>\n<li><a href=\"https:\/\/www.ufsm.br\/pro-reitorias\/proplan\/regulamento-do-programa-de-pos-graduacao-em-quimica-2013\/\" target=\"_blank\" rel=\"noopener\">Regulamento do Programa de P\u00f3s-Gradua\u00e7\u00e3o em Qu\u00edmica (PPGQ)&nbsp;&#8211; 2013<\/a>&nbsp;(<span style=\"color: red;font-size: 16px;text-align: justify\">Revogado<\/span><span style=\"color: #1c1c1c;font-size: 16px;text-align: justify\">&nbsp;pela&nbsp;<\/span><span style=\"color: #1c1c1c;font-size: 16px;text-align: justify\"><a style=\"color: #204c90\" href=\"https:\/\/www.ufsm.br\/pro-reitorias\/proplan\/resolucao-ufsm-n-139-2023\" target=\"_blank\" rel=\"noopener\">Resolu\u00e7\u00e3o UFSM N\u00b0 139\/2023<\/a>)<\/span><\/li>\n<li><a href=\"https:\/\/www.ufsm.br\/pro-reitorias\/proplan\/regulamento-do-programa-de-pos-graduacao-em-quimica-2009\/\">Regulamento do Programa de P\u00f3s-Gradua\u00e7\u00e3o em Qu\u00edmica (PPGQ) &#8211; 2009<\/a><b>&nbsp;<\/b>(<span style=\"color: red;font-size: 16px;text-align: justify\">Revogado<\/span><span style=\"color: #1c1c1c;font-size: 16px;text-align: justify\">&nbsp;pela&nbsp;<\/span><span style=\"color: #1c1c1c;font-size: 16px;text-align: justify\"><a style=\"color: #204c90\" href=\"https:\/\/www.ufsm.br\/pro-reitorias\/proplan\/resolucao-ufsm-n-139-2023\" target=\"_blank\" rel=\"noopener\">Resolu\u00e7\u00e3o UFSM N\u00b0 139\/2023<\/a>)<\/span><\/li>\n<li><a href=\"https:\/\/www.ufsm.br\/pro-reitorias\/proplan\/regulamento-do-programa-de-pos-graduacao-em-quimica-2007\/\">Regulamento do Programa de P\u00f3s-Gradua\u00e7\u00e3o em Qu\u00edmica (PPGQ) &#8211; 2007<\/a><b>&nbsp;<\/b>(<span style=\"color: red;font-size: 16px;text-align: justify\">Revogado<\/span><span style=\"color: #1c1c1c;font-size: 16px;text-align: justify\">&nbsp;pela&nbsp;<\/span><span style=\"color: #1c1c1c;font-size: 16px;text-align: justify\"><a style=\"color: #204c90\" href=\"https:\/\/www.ufsm.br\/pro-reitorias\/proplan\/resolucao-ufsm-n-139-2023\" target=\"_blank\" rel=\"noopener\">Resolu\u00e7\u00e3o UFSM N\u00b0 139\/2023<\/a>)<\/span><\/li>\n<li>\n<h1 style=\"font-size: 2.5rem\"><a href=\"https:\/\/www.ufsm.br\/pro-reitorias\/proplan\/?page_id=4737\" target=\"_blank\" rel=\"noopener\">Regulamento do Programa de P\u00f3s-Gradua\u00e7\u00e3o em Educa\u00e7\u00e3o Matem\u00e1tica e Ensino de F\u00edsica (PPGEMEF) &#8211; 2016<\/a>&nbsp;(<span style=\"font-size: 16px;font-weight: var( --e-global-typography-text-font-weight );color: red;text-align: justify\">Revogado<\/span><span style=\"color: #1c1c1c;font-size: 16px;font-weight: var( --e-global-typography-text-font-weight );text-align: justify\">&nbsp;pela&nbsp;<\/span><span style=\"color: #1c1c1c;font-size: 16px;font-weight: var( --e-global-typography-text-font-weight );text-align: justify\"><a style=\"color: #204c90\" href=\"https:\/\/www.ufsm.br\/pro-reitorias\/proplan\/resolucao-ufsm-n-139-2023\" target=\"_blank\" rel=\"noopener\">Resolu\u00e7\u00e3o UFSM N\u00b0 139\/2023<\/a>)<\/span><\/h1>\n<\/li>\n<li>\n<div>\n<h1 style=\"font-size: 2.5rem;color: #21376b\"><a href=\"https:\/\/www.ufsm.br\/pro-reitorias\/proplan\/?page_id=4746\" target=\"_blank\" rel=\"noopener\">Regulamento do Programa de P\u00f3s-Gradua\u00e7\u00e3o em Matem\u00e1tica (PPGMat) &#8211; 2013<\/a>&nbsp;(<span style=\"font-size: 16px;font-weight: var( --e-global-typography-text-font-weight );color: red;text-align: justify\">Revogado<\/span><span style=\"color: #1c1c1c;font-size: 16px;font-weight: var( --e-global-typography-text-font-weight );text-align: justify\">&nbsp;pela&nbsp;<\/span><span style=\"color: #1c1c1c;font-size: 16px;font-weight: var( --e-global-typography-text-font-weight );text-align: justify\"><a style=\"color: #204c90\" href=\"https:\/\/www.ufsm.br\/pro-reitorias\/proplan\/resolucao-ufsm-n-139-2023\" target=\"_blank\" rel=\"noopener\">Resolu\u00e7\u00e3o UFSM N\u00b0 139\/2023<\/a>)<\/span><\/h1>\n<\/div>\n<\/li>\n<li>\n<div><a href=\"https:\/\/www.ufsm.br\/pro-reitorias\/proplan\/?p=4748\" target=\"_blank\" rel=\"noopener\">Regulamento do Mestrado Profissional em Matem\u00e1tica em Rede Nacional (PROFMAT &#8211; UFSM)<\/a>&nbsp;<span style=\"font-weight: var( --e-global-typography-text-font-weight )\">(<\/span><span style=\"font-size: 16px;font-weight: var( --e-global-typography-text-font-weight );color: red;text-align: justify\">Revogado<\/span><span style=\"color: #1c1c1c;font-size: 16px;font-weight: var( --e-global-typography-text-font-weight );text-align: justify\">&nbsp;pela&nbsp;<\/span><span style=\"color: #1c1c1c;font-size: 16px;font-weight: var( --e-global-typography-text-font-weight );text-align: justify\"><a style=\"color: #204c90\" href=\"https:\/\/www.ufsm.br\/pro-reitorias\/proplan\/resolucao-ufsm-n-139-2023\" target=\"_blank\" rel=\"noopener\">Resolu\u00e7\u00e3o UFSM N\u00b0 139\/2023<\/a>)<\/span><\/div>\n<\/li>\n<li>\n<div><a href=\"https:\/\/www.ufsm.br\/pro-reitorias\/proplan\/?p=4758\" target=\"_blank\" rel=\"noopener\">Regulamento do Programa de P\u00f3s-Gradua\u00e7\u00e3o em Biodiversidade Animal (PPGBA) &#8211; 2010<\/a>&nbsp;<span style=\"font-weight: var( --e-global-typography-text-font-weight )\">(<\/span><span style=\"font-size: 16px;font-weight: var( --e-global-typography-text-font-weight );color: red;text-align: justify\">Revogado<\/span><span style=\"color: #1c1c1c;font-size: 16px;font-weight: var( --e-global-typography-text-font-weight );text-align: justify\">&nbsp;pela&nbsp;<\/span><span style=\"color: #1c1c1c;font-size: 16px;font-weight: var( --e-global-typography-text-font-weight );text-align: justify\"><a style=\"color: #204c90\" href=\"https:\/\/www.ufsm.br\/pro-reitorias\/proplan\/resolucao-ufsm-n-139-2023\" target=\"_blank\" rel=\"noopener\">Resolu\u00e7\u00e3o UFSM N\u00b0 139\/2023<\/a>)<\/span><\/div>\n<\/li>\n<li><a href=\"https:\/\/www.ufsm.br\/pro-reitorias\/proplan\/regulamento-do-programa-de-pos-graduacao-em-meteorologia-2017\/\" target=\"_blank\" rel=\"noopener\">&nbsp;Regulamento do Programa de P\u00f3s-Gradua\u00e7\u00e3o em Meteorologia (PPGMET) &#8211; 2017<\/a>&nbsp;(<span style=\"color: red;font-size: 16px;text-align: justify\">Revogado<\/span><span style=\"color: #1c1c1c;font-size: 16px;text-align: justify\">&nbsp;pela&nbsp;<\/span><span style=\"color: #1c1c1c;font-size: 16px;text-align: justify\"><a style=\"color: #204c90\" href=\"https:\/\/www.ufsm.br\/pro-reitorias\/proplan\/resolucao-ufsm-n-139-2023\" target=\"_blank\" rel=\"noopener\">Resolu\u00e7\u00e3o UFSM N\u00b0 139\/2023<\/a>)<\/span><\/li>\n<li><a href=\"https:\/\/www.ufsm.br\/pro-reitorias\/proplan\/?p=4761\">Regulamento do Programa de P\u00f3s-Gradua\u00e7\u00e3o em Meteorologia (PPGMET) &#8211; 2011<\/a>&nbsp;(<span style=\"color: red;font-size: 16px;text-align: justify\">Revogado<\/span><span style=\"color: #1c1c1c;font-size: 16px;text-align: justify\">&nbsp;pela&nbsp;<\/span><span style=\"color: #1c1c1c;font-size: 16px;text-align: justify\"><a style=\"color: #204c90\" href=\"https:\/\/www.ufsm.br\/pro-reitorias\/proplan\/resolucao-ufsm-n-139-2023\" target=\"_blank\" rel=\"noopener\">Resolu\u00e7\u00e3o UFSM N\u00b0 139\/2023<\/a>)<\/span><\/li>\n<li><span style=\"font-size: 16px\"><a href=\"https:\/\/www.ufsm.br\/pro-reitorias\/proplan\/?page_id=4760\">Regulamento do Programa de P\u00f3s-Gradua\u00e7\u00e3o em Meteorologia (PPGMET) &#8211; 2010<\/a>&nbsp;<\/span>(<span style=\"color: red;font-size: 16px;text-align: justify\">Revogado<\/span><span style=\"color: #1c1c1c;font-size: 16px;text-align: justify\">&nbsp;pela&nbsp;<\/span><span style=\"color: #1c1c1c;font-size: 16px;text-align: justify\"><a style=\"color: #204c90\" href=\"https:\/\/www.ufsm.br\/pro-reitorias\/proplan\/resolucao-ufsm-n-139-2023\" target=\"_blank\" rel=\"noopener\">Resolu\u00e7\u00e3o UFSM N\u00b0 139\/2023<\/a>)<\/span><\/li>\n<\/ul>\n<\/div>\n<\/div>\n<\/div>\n<\/div>\n<\/div>\n<\/div>\n<\/div>\n<\/section>\n<\/div>\n<\/div><\/div>\n\t\t\t\t<\/div>\n\t\t\t\t\t\t\t\t<\/div>\n\t\t\t\t<\/div>\n\t\t\t\t<\/div>\n\t\t\t\t\t<\/div>\n\t\t<\/div>\n\t\t\t\t\t<\/div>\n\t\t<\/section>\n\t\t\t\t<\/div>\n\t\t","protected":false},"excerpt":{"rendered":"<p>ORGANIZA\u00c7\u00c3O E FUNCIONAMENTO &#8211; UNIVERSIDADE FEDERAL DE SANTA MARIA Regimento Geral da UFSM (1987) ORGANIZA\u00c7\u00c3O E FUNCIONAMENTO &#8211; CENTRO DE CI\u00caNCIAS NATURAIS E EXATAS Regulamento do Curso de Especializa\u00e7\u00e3o em Estat\u00edstica e Modelagem Quantitativa (CEEMQ) &#8211; 2015 Regulamento Interno do Programa de P\u00f3s-Gradua\u00e7\u00e3o em Agrobiologia (PPGAGROBIO) &#8211; 2012&nbsp;(Revogado&nbsp;pela&nbsp;Resolu\u00e7\u00e3o UFSM N\u00b0 100\/2022) Regulamento Interno do Curso [&hellip;]<\/p>\n","protected":false},"author":230,"featured_media":0,"parent":0,"menu_order":0,"comment_status":"closed","ping_status":"closed","template":"","meta":{"footnotes":""},"categories":[],"tags":[],"class_list":["post-4728","page","type-page","status-publish","hentry"],"acf":[],"_links":{"self":[{"href":"https:\/\/www.ufsm.br\/pro-reitorias\/proplan\/wp-json\/wp\/v2\/pages\/4728","targetHints":{"allow":["GET"]}}],"collection":[{"href":"https:\/\/www.ufsm.br\/pro-reitorias\/proplan\/wp-json\/wp\/v2\/pages"}],"about":[{"href":"https:\/\/www.ufsm.br\/pro-reitorias\/proplan\/wp-json\/wp\/v2\/types\/page"}],"author":[{"embeddable":true,"href":"https:\/\/www.ufsm.br\/pro-reitorias\/proplan\/wp-json\/wp\/v2\/users\/230"}],"replies":[{"embeddable":true,"href":"https:\/\/www.ufsm.br\/pro-reitorias\/proplan\/wp-json\/wp\/v2\/comments?post=4728"}],"version-history":[{"count":0,"href":"https:\/\/www.ufsm.br\/pro-reitorias\/proplan\/wp-json\/wp\/v2\/pages\/4728\/revisions"}],"wp:attachment":[{"href":"https:\/\/www.ufsm.br\/pro-reitorias\/proplan\/wp-json\/wp\/v2\/media?parent=4728"}],"wp:term":[{"taxonomy":"category","embeddable":true,"href":"https:\/\/www.ufsm.br\/pro-reitorias\/proplan\/wp-json\/wp\/v2\/categories?post=4728"},{"taxonomy":"post_tag","embeddable":true,"href":"https:\/\/www.ufsm.br\/pro-reitorias\/proplan\/wp-json\/wp\/v2\/tags?post=4728"}],"curies":[{"name":"wp","href":"https:\/\/api.w.org\/{rel}","templated":true}]}}