{"id":4772,"date":"2021-12-22T08:15:16","date_gmt":"2021-12-22T11:15:16","guid":{"rendered":"https:\/\/www.ufsm.br\/pro-reitorias\/proplan\/?page_id=4772"},"modified":"2024-01-29T14:00:37","modified_gmt":"2024-01-29T17:00:37","slug":"resolucao-ufsm-n-073-2021","status":"publish","type":"page","link":"https:\/\/www.ufsm.br\/pro-reitorias\/proplan\/resolucao-ufsm-n-073-2021","title":{"rendered":"Resolu\u00e7\u00e3o UFSM N. 073\/2021"},"content":{"rendered":"\t\t<div data-elementor-type=\"wp-page\" data-elementor-id=\"4772\" class=\"elementor elementor-4772\">\n\t\t\t\t\t\t<section class=\"elementor-section elementor-top-section elementor-element elementor-element-0ca0f1d elementor-section-boxed elementor-section-height-default elementor-section-height-default\" data-id=\"0ca0f1d\" data-element_type=\"section\">\n\t\t\t\t\t\t<div class=\"elementor-container elementor-column-gap-default\">\n\t\t\t\t\t<div class=\"elementor-column elementor-col-100 elementor-top-column elementor-element elementor-element-d1ed8c5\" data-id=\"d1ed8c5\" data-element_type=\"column\">\n\t\t\t<div class=\"elementor-widget-wrap elementor-element-populated\">\n\t\t\t\t\t\t<div class=\"elementor-element elementor-element-66cd9f7 elementor-widget elementor-widget-html\" data-id=\"66cd9f7\" data-element_type=\"widget\" data-widget_type=\"html.default\">\n\t\t\t\t<div class=\"elementor-widget-container\">\n\t\t\t\r\n\r\n\r\n<title><b>RESOLU\u00c7\u00c3O UFSM N. 073, DE 20 DE DEZEMBRO DE 2021<\/b><\/title>\r\n\r\n\r\n<div align=\"center\"><img decoding=\"async\" src=\"https:\/\/www.ufsm.br\/pro-reitorias\/proplan\/wp-content\/uploads\/sites\/344\/2019\/09\/brasao-da-republica-do-brasil-logo.png\" alt=\"Bras\u00e3o Rep\u00fablica Federativa do Brasil\" width=\"6%\" height=\"6%\"><\/div>  <h1><font color=\"blue\"><font size=\"5\"><div align=\"center\">MINIST\u00c9RIO DA EDUCA\u00c7\u00c3O<\/div><\/font><\/font><\/H1>\r\n<b><font color=\"0000blue\"><div align=\"center\">UNIVERSIDADE FEDERAL DE SANTA MARIA<\/div><\/font><\/b>\r\n<p><div align=\"center\"><b><a href=\"https:\/\/portal.ufsm.br\/documentos\/publico\/documento.html?id=13906133\" target=\"_blank\"><font color=\"blue\">RESOLU\u00c7\u00c3O UFSM N. 073, DE 20 DE DEZEMBRO DE 2021<\/font><\/a><\/b><\/div>\r\n<br>\r\n<p><div align=\"right\"><font color=\"800000\"><s>Aprova a cria\u00e7\u00e3o do Curso \u201cGest\u00e3o de Tecnologia da Informa\u00e7\u00e3o \u2013 Latu Sensu\u201d, em n\u00edvel de especializa\u00e7\u00e3o, na estrutura organizacional do Campus da Universidade Federal de Santa Maria em Frederico Westphalen (UFSM-FW).<\/s><\/font><\/div>\r\n<br>\r\n<p><a href=\"https:\/\/www.ufsm.br\/pro-reitorias\/proplan\/resolucao-ufsm-n-076-2022\/\" target=\"_blank\"><font color=\"blue\">Revogada pela Resolu\u00e7\u00e3o UFSM N. 076\/2022<\/font><\/a><\/p>\r\n<br><div align=\"justify\">\r\n<p style=\"text-align: justify\"><s>O REITOR DA UNIVERSIDADE FEDERAL DE SANTA MARIA, no uso de suas atribui&ccedil;&otilde;es legais e estatut&aacute;rias e considerando:&nbsp;&nbsp;<\/p>\r\n<p style=\"text-align: justify\">- a <a href=\"http:\/\/www.planalto.gov.br\/ccivil_03\/constituicao\/constituicao.htm\" target=\"_blank\"><font color=\"blue\"><u>Constitui\u00e7\u00e3o da Rep\u00fablica Federativa do Brasil de 1988<\/u><\/font><\/a>, de 05 de outubro de 1988;&nbsp;&nbsp;<\/p>\r\n<p style=\"text-align: justify\">- a <a href=\"http:\/\/www.planalto.gov.br\/ccivil_03\/leis\/l8112cons.htm\" target=\"_blank\"><font color=\"blue\"><u>Lei N. 8.112, de 11 de dezembro de 1990<\/u><\/font><\/a>, que disp\u00f5e sobre o regime jur\u00eddico dos servidores p\u00fablicos civis da Uni\u00e3o, das autarquias e das funda\u00e7\u00f5es p\u00fablicas federais;&nbsp;&nbsp;<\/p>\r\n<p style=\"text-align: justify\">- a <a href=\"http:\/\/www.planalto.gov.br\/ccivil_03\/leis\/l9394.htm\" target=\"_blank\"><font color=\"blue\"><u>Lei N. 9.394, de 20 de dezembro de 1996<\/u><\/font><\/a>, que estabelece as diretrizes e bases da educa\u00e7\u00e3o nacional e suas altera\u00e7\u00f5es;&nbsp;&nbsp;<\/p>\r\n<p style=\"text-align: justify\">- a <a href=\"http:\/\/www.planalto.gov.br\/ccivil_03\/leis\/lcp\/lcp95.htm\" target=\"_blank\"><font color=\"blue\"><u>Lei Complementar N. 95, de 26 de fevereiro de 1998<\/u><\/font><\/a>, que disp\u00f5e sobre a elabora\u00e7\u00e3o, a reda\u00e7\u00e3o, a altera\u00e7\u00e3o e a consolida\u00e7\u00e3o das leis, conforme determina o Par\u00e1grafo \u00danico do Art. 59 da Constitui\u00e7\u00e3o Federal, e estabelece normas para a consolida\u00e7\u00e3o dos atos normativos que menciona;&nbsp;&nbsp;<\/p>\r\n<p style=\"text-align: justify\">- o <a href=\"http:\/\/www.planalto.gov.br\/ccivil_03\/_ato2015-2018\/2017\/decreto\/D9191.htm\" target=\"_blank\"><font color=\"blue\"><u>Decreto N. 9.191, de 1\u00ba de novembro de 2017<\/u><\/font><\/a>, que estabelece as normas e as diretrizes para elabora\u00e7\u00e3o, reda\u00e7\u00e3o, altera\u00e7\u00e3o, consolida\u00e7\u00e3o e encaminhamento de propostas de atos normativos ao Presidente da Rep\u00fablica pelos Ministros de Estado;&nbsp;&nbsp;<\/p>\r\n<p style=\"text-align: justify\">- a <a href=\"http:\/\/portal.mec.gov.br\/index.php?option=com_docman&amp;view=download&amp;alias=15177-rces002-14&amp;category_slug=fevereiro-2014&amp;Itemid=30192\" target=\"_blank\"><font color=\"blue\"><u>Resolu\u00e7\u00e3o N. 002, de 12 de fevereiro de 2014<\/u><\/font><\/a>, que institui o cadastro nacional de oferta de cursos de p\u00f3s-gradua\u00e7\u00e3o lato sensu (especializa\u00e7\u00e3o) das institui\u00e7\u00f5es credenciadas no Sistema Federal de Ensino, da C\u00e2mara de Educa\u00e7\u00e3o Superior do Conselho Nacional de Educa\u00e7\u00e3o (CES\/CNE) do Minist\u00e9rio da Educa\u00e7\u00e3o;<\/p>\r\n<p style=\"text-align: justify\">- a <a href=\"https:\/\/abmes.org.br\/legislacoes\/detalhe\/1555\/instrucao-normativa-n-1\" target=\"_blank\"><font color=\"blue\"><u>Instru\u00e7\u00e3o Normativa N. 001, de 16 de maio de 2014<\/u><\/font><\/a>, que estabelece prazo para o cumprimento da Resolu\u00e7\u00e3o N. 2, de 12 de fevereiro de 2014, da C\u00e2mara de Educa\u00e7\u00e3o Superior do Conselho Nacional de Educa\u00e7\u00e3o (CES\/CNE) do Minist\u00e9rio da Educa\u00e7\u00e3o;<\/p>\r\n<p style=\"text-align: justify\">- o <a href=\"https:\/\/www.ufsm.br\/pro-reitorias\/proplan\/estatuto-ufsm-2010\/\" target=\"_blank\"><font color=\"blue\"><u>Estatuto da Universidade Federal de Santa Maria<\/u><\/font><\/a> com as adequa\u00e7\u00f5es aprovadas pela <a href=\"https:\/\/www.ufsm.br\/pro-reitorias\/proplan\/resolucao-n-037-2010\/\" target=\"_blank\"><font color=\"blue\"><u>Resolu\u00e7\u00e3o UFSM N. 037, de 30 de novembro de 2010<\/u><\/font><\/a>, aprovado pela <a href=\"https:\/\/www.ufsm.br\/app\/uploads\/2018\/08\/Estatuto-da-UFSM.pdf\" target=\"_blank\"><font color=\"blue\"><u>Portaria N. 156, de 12 de mar\u00e7o de 2014<\/u><\/font><\/a>, e publicado no Di\u00e1rio Oficial da Uni\u00e3o em 13 de mar\u00e7o de 2014;&nbsp;&nbsp;<\/p>\r\n<p style=\"text-align: justify\">- o <a href=\"https:\/\/www.ufsm.br\/pro-reitorias\/proplan\/regimento-geral-da-ufsm-com-alteracoes-compiladas-pela-resolucao-n-016-2019\/\" target=\"_blank\"><font color=\"blue\"><u>Regimento da UFSM<\/u><\/font><\/a>, disposto na <a href=\"https:\/\/www.ufsm.br\/pro-reitorias\/proplan\/resolucao-n-006-2011\/\" target=\"_blank\"><font color=\"blue\"><u>Resolu\u00e7\u00e3o UFSM N. 006, de 28 de abril de 2011<\/u><\/font><\/a>, atualizado pela <a href=\"https:\/\/www.ufsm.br\/pro-reitorias\/proplan\/resolucao-n-016-2019\/\" target=\"_blank\"><font color=\"blue\"><u>Resolu\u00e7\u00e3o UFSM N. 016, de 02 de julho de 2019<\/u><\/font><\/a>;&nbsp;&nbsp;&nbsp;<\/p>\r\n<p style=\"text-align: justify\">- a <a href=\"https:\/\/www.ufsm.br\/pro-reitorias\/proplan\/resolucao-n-015-2014\/\" target=\"_blank\"><font color=\"blue\"><u>Resolu\u00e7\u00e3o UFSM N. 015, de 07 de julho de 2014<\/u><\/font><\/a>, que aprova o Regimento Geral da P\u00f3s-Gradua\u00e7\u00e3o Stricto Sensu e Lato Sensu da Universidade Federal de Santa Maria, com altera\u00e7\u00f5es das <a href=\"https:\/\/www.ufsm.br\/pro-reitorias\/proplan\/resolucao-n-040-2019\/\" target=\"_blank\"><font color=\"blue\"><u>Resolu\u00e7\u00f5es UFSM N. 040\/2019, de 02 de dezembro de 2019<\/u><\/font><\/a>, e <a href=\"https:\/\/www.ufsm.br\/pro-reitorias\/proplan\/resolucao-n-009-2020\/\" target=\"_blank\"><font color=\"blue\"><u>N. 009, de 14 de abril de 2020<\/u><\/font><\/a>;&nbsp;&nbsp;<\/p>\r\n<p style=\"text-align: justify\">- a <a href=\"https:\/\/www.ufsm.br\/pro-reitorias\/proplan\/resolucao-ufsm-n-054-2021\/\" target=\"_blank\"><font color=\"blue\"><u>Resolu\u00e7\u00e3o UFSM N. 054, de 1\u00ba de junho de 2021<\/u><\/font><\/a>, que regulamenta a proposi\u00e7\u00e3o e a emiss\u00e3o de Atos Normativos no \u00e2mbito da Universidade Federal de Santa Maria;&nbsp;<\/p>\r\n<p style=\"text-align: justify\">- o Parecer N. 027\/2019 da Comiss\u00e3o de Ensino, Pesquisa e Extens\u00e3o (COMEPE), aprovado na 943\u00aa&nbsp;Sess\u00e3o do Conselho de Ensino, Pesquisa e Extens\u00e3o (CEPE), de 22 de novembro de 2019, referente ao Processo N. <a href=\"https:\/\/portal.ufsm.br\/documentos\/publico\/processo\/documento.html?idDocumento=12410943\" target=\"_blank\"><font color=\"blue\"><u>23081.018391\/2019-80<\/u><\/font><\/a>;<\/p>\r\n<p style=\"text-align: justify\">- o Parecer N. 174\/2019 da Comiss\u00e3o de Legisla\u00e7\u00e3o e Regimentos (CLR), aprovado na 825\u00aa Sess\u00e3o do Conselho Universit\u00e1rio (CONSU), de 13 de dezembro de 2019, referente ao Processo <a href=\"https:\/\/portal.ufsm.br\/documentos\/publico\/processo\/documento.html?idDocumento=12410943\" target=\"_blank\"><font color=\"blue\"><u>N. 23081.018391\/2019-80<\/u><\/font><\/a>; e,<\/p>\r\n<p style=\"text-align: justify\">- o Parecer N. 113\/2021 da Comiss\u00e3o de Legisla\u00e7\u00e3o e Regimentos (CLR), aprovado na 847\u00aa Sess\u00e3o do Conselho Universit\u00e1rio (CONSU), de 17 de dezembro\r\n\r\n<p style=\"text-align: justify\">&nbsp;<\/p>\r\n<p style=\"text-align: justify\">RESOLVE:<\/p>\r\n<p style=\"text-align: justify\">&nbsp;<\/p>\r\n<p style=\"text-align: justify\">Art. 1&ordm; Aprovar a cria&ccedil;&atilde;o do Curso &ldquo;Gest&atilde;o de Tecnologia da Informa&ccedil;&atilde;o &ndash; Latu Sensu&rdquo;, em n&iacute;vel de especializa&ccedil;&atilde;o, na estrutura organizacional do Campus da Universidade Federal de Santa Maria em Frederico Westphalen (UFSM-FW).&nbsp;&nbsp;<\/p>\r\n<p style=\"text-align: justify\">Par&aacute;grafo &uacute;nico. Fica atribu&iacute;da a atividade de Coordena&ccedil;&atilde;o do Curso &ldquo;Gest&atilde;o de Tecnologia da Informa&ccedil;&atilde;o &ndash; Latu Sensu&rdquo; ao Coordenador do Curso de Sistemas de Informa&ccedil;&atilde;o do Campus da UFSM em Frederico Westphalen.<\/p>\r\n<p style=\"text-align: justify\">Art. 2&ordm; Esta Resolu&ccedil;&atilde;o entra em vigor 03 de janeiro de 2022, de acordo com o que prev&ecirc; o Artigo 4&ordm; do <a><font color=\"blue\"><u>Decreto N. 10.139, de 28 de novembro de 2019<\/u><\/font><\/a>.<\/p>\r\n<p style=\"text-align: justify\">Par&aacute;grafo &uacute;nico. Havendo qualquer modifica&ccedil;&atilde;o legislativa, ou ainda, havendo qualquer situa&ccedil;&atilde;o legal que impacte na legalidade da presente Resolu&ccedil;&atilde;o, a mesma se aplica de imediato.&nbsp;<\/p>\r\n<br>\r\n<p>Paulo Afonso Burmann,<\/p>\r\n<p>Reitor.<\/s><\/p>\r\n<br>\r\n<p><font color=\"red0000\">Este texto n\u00e3o substitui o documento original, publicado no Portal de Documentos em 22 de dezembro de 2021.<\/font> Dispon\u00edvel em: <a href=\"https:\/\/portal.ufsm.br\/documentos\/publico\/documento.html?id=13906133\"><font color=\"blue\">https:\/\/portal.ufsm.br\/documentos\/publico\/documento.html?id=13906133<\/font><\/a><\/p><\/div>\r\n\r\n \r\n\r\n\t\t<\/div>\n\t\t\t\t<\/div>\n\t\t\t\t\t<\/div>\n\t\t<\/div>\n\t\t\t\t\t<\/div>\n\t\t<\/section>\n\t\t\t\t<\/div>\n\t\t","protected":false},"excerpt":{"rendered":"<p>RESOLU\u00c7\u00c3O UFSM N. 073, DE 20 DE DEZEMBRO DE 2021 MINIST\u00c9RIO DA EDUCA\u00c7\u00c3O UNIVERSIDADE FEDERAL DE SANTA MARIA RESOLU\u00c7\u00c3O UFSM N. 073, DE 20 DE DEZEMBRO DE 2021 Aprova a cria\u00e7\u00e3o do Curso \u201cGest\u00e3o de Tecnologia da Informa\u00e7\u00e3o \u2013 Latu Sensu\u201d, em n\u00edvel de especializa\u00e7\u00e3o, na estrutura organizacional do Campus da Universidade Federal de Santa [&hellip;]<\/p>\n","protected":false},"author":4883,"featured_media":0,"parent":0,"menu_order":0,"comment_status":"closed","ping_status":"closed","template":"","meta":{"footnotes":""},"categories":[],"tags":[],"class_list":["post-4772","page","type-page","status-publish","hentry"],"acf":[],"_links":{"self":[{"href":"https:\/\/www.ufsm.br\/pro-reitorias\/proplan\/wp-json\/wp\/v2\/pages\/4772","targetHints":{"allow":["GET"]}}],"collection":[{"href":"https:\/\/www.ufsm.br\/pro-reitorias\/proplan\/wp-json\/wp\/v2\/pages"}],"about":[{"href":"https:\/\/www.ufsm.br\/pro-reitorias\/proplan\/wp-json\/wp\/v2\/types\/page"}],"author":[{"embeddable":true,"href":"https:\/\/www.ufsm.br\/pro-reitorias\/proplan\/wp-json\/wp\/v2\/users\/4883"}],"replies":[{"embeddable":true,"href":"https:\/\/www.ufsm.br\/pro-reitorias\/proplan\/wp-json\/wp\/v2\/comments?post=4772"}],"version-history":[{"count":0,"href":"https:\/\/www.ufsm.br\/pro-reitorias\/proplan\/wp-json\/wp\/v2\/pages\/4772\/revisions"}],"wp:attachment":[{"href":"https:\/\/www.ufsm.br\/pro-reitorias\/proplan\/wp-json\/wp\/v2\/media?parent=4772"}],"wp:term":[{"taxonomy":"category","embeddable":true,"href":"https:\/\/www.ufsm.br\/pro-reitorias\/proplan\/wp-json\/wp\/v2\/categories?post=4772"},{"taxonomy":"post_tag","embeddable":true,"href":"https:\/\/www.ufsm.br\/pro-reitorias\/proplan\/wp-json\/wp\/v2\/tags?post=4772"}],"curies":[{"name":"wp","href":"https:\/\/api.w.org\/{rel}","templated":true}]}}