{"id":4777,"date":"2021-12-31T08:52:15","date_gmt":"2021-12-31T11:52:15","guid":{"rendered":"https:\/\/www.ufsm.br\/pro-reitorias\/proplan\/?page_id=4777"},"modified":"2021-12-31T08:54:52","modified_gmt":"2021-12-31T11:54:52","slug":"portaria-normativa-ufsm-n-039-2021","status":"publish","type":"page","link":"https:\/\/www.ufsm.br\/pro-reitorias\/proplan\/portaria-normativa-ufsm-n-039-2021","title":{"rendered":"Portaria Normativa UFSM N. 039\/2021"},"content":{"rendered":"\t\t<div data-elementor-type=\"wp-page\" data-elementor-id=\"4777\" class=\"elementor elementor-4777\">\n\t\t\t\t\t\t<section class=\"elementor-section elementor-top-section elementor-element elementor-element-18acbae elementor-section-boxed elementor-section-height-default elementor-section-height-default\" data-id=\"18acbae\" data-element_type=\"section\">\n\t\t\t\t\t\t<div class=\"elementor-container elementor-column-gap-default\">\n\t\t\t\t\t<div class=\"elementor-column elementor-col-100 elementor-top-column elementor-element elementor-element-f9d1af8\" data-id=\"f9d1af8\" data-element_type=\"column\">\n\t\t\t<div class=\"elementor-widget-wrap elementor-element-populated\">\n\t\t\t\t\t\t<div class=\"elementor-element elementor-element-c56fa84 elementor-widget elementor-widget-html\" data-id=\"c56fa84\" data-element_type=\"widget\" data-widget_type=\"html.default\">\n\t\t\t\t<div class=\"elementor-widget-container\">\n\t\t\t\r\n<title><b>PORTARIA NORMATIVA UFSM N. 039, DE 30 DE DEZEMBRO DE 2021<\/b><\/title>\r\n<div align=\"center\"><img decoding=\"async\" src=\"https:\/\/www.ufsm.br\/pro-reitorias\/proplan\/wp-content\/uploads\/sites\/344\/2019\/09\/brasao-da-republica-do-brasil-logo.png\" alt=\"Bras\u00e3o Rep\u00fablica Federativa do Brasil\" width=\"6%\" height=\"6%\"><\/div>    \r\n<h1><font color=\"blue\"><font size=\"5\"><div align=\"center\">MINIST\u00c9RIO DA EDUCA\u00c7\u00c3O<\/div><\/font><\/font><\/h1>\r\n<p><b><font color=\"0000blue\"><div align=\"center\">UNIVERSIDADE FEDERAL DE SANTA MARIA<\/font><\/b><\/div>\r\n<p><div align=\"center\"><b><a href=\"https:\/\/portal.ufsm.br\/documentos\/publico\/documento.html?idDocumento=13914736\" target=\"_blank\"><font color=\"blue\">PORTARIA NORMATIVA UFSM N. 039, DE 30 DE DEZEMBRO DE 2021<\/font><\/a><\/b><\/div>\r\n<br>\r\n<p><div align=\"right\"><font color=\"800000\">Remaneja fun\u00e7\u00f5es entre unidades administrativas da Pr\u00f3-Reitoria de Extens\u00e3o da Universidade Federal de Santa Maria (UFSM).<\/font><\/div>\r\n<br>\r\n<br><div align=\"justify\">\r\n<p>O REITOR DA UNIVERSIDADE FEDERAL DE SANTA MARIA, no uso de suas atribui\u00e7\u00f5es legais e estatut\u00e1rias e considerando a troca de Gest\u00e3o para o per\u00edodo 2022-2025,<\/p>\r\n<br>\r\n<p>RESOLVE:<\/p>\r\n<br>\r\n<p>Art. 1\u00ba Aprovar o remanejo das fun\u00e7\u00f5es entre unidades administrativas da Universidade Federal de Santa Maria.<\/p>\r\n<p>Art. 2\u00ba Ficam remanejadas os seguintes Cargos Comissionados:<\/p>\r\n<p>I \u2013 CD3 da Coordenadoria de Articula\u00e7\u00e3o e Fomento \u00e0 Extens\u00e3o (CAFE-PRE) da Pr\u00f3-Reitoria de Extens\u00e3o (PRE) para a Coordenadoria de Cultura e Arte (CCA-PRE) da Pr\u00f3-Reitoria de Extens\u00e3o (PRE); e,<\/p>\r\n<p>II - CD4 da Coordenadoria de Cultura e Arte (CCA-PRE) da Pr\u00f3-Reitoria de Extens\u00e3o (PRE) para a Coordenadoria de Articula\u00e7\u00e3o e Fomento \u00e0 Extens\u00e3o (CAFE-PRE).<\/p>\r\n<p>Art. 3\u00ba Esta Portaria Normativa entra em vigor em 03 de janeiro de 2022, por se tratar de urg\u00eancia justi\ufb01cada no expediente administrativo.<\/p>\r\n<p>Par\u00e1grafo \u00fanico. Havendo qualquer modifica\u00e7\u00e3o legislativa, ou ainda, havendo qualquer situa\u00e7\u00e3o legal que impacte na legalidade da presente Portaria Normativa, a mesma se aplica de imediato<\/p>\r\n<br>\r\n<p>Luciano Schuch<\/p>\r\n<p>Reitor<\/p>\r\n<br>\r\n<br>\r\n<p><font color=\"red0000\">Este texto n\u00e3o substitui o documento original, publicado no Di\u00e1rio Oficial da Uni\u00e3o em 31 de dezembro de 2021.<\/font> Dispon\u00edvel em: <a href=\"https:\/\/www.in.gov.br\/en\/web\/dou\/-\/portaria-normativa-ufsm-n-39-de-30-de-dezembro-de-2021-371522544\" target=\"_blank\"><font color=\"blue\">https:\/\/www.in.gov.br\/en\/web\/dou\/-\/portaria-normativa-ufsm-n-39-de-30-de-dezembro-de-2021-371522544<\/font><\/a><\/p><\/div>\r\n\r\n\t\t<\/div>\n\t\t\t\t<\/div>\n\t\t\t\t\t<\/div>\n\t\t<\/div>\n\t\t\t\t\t<\/div>\n\t\t<\/section>\n\t\t\t\t<\/div>\n\t\t","protected":false},"excerpt":{"rendered":"<p>PORTARIA NORMATIVA UFSM N. 039, DE 30 DE DEZEMBRO DE 2021 MINIST\u00c9RIO DA EDUCA\u00c7\u00c3O UNIVERSIDADE FEDERAL DE SANTA MARIA PORTARIA NORMATIVA UFSM N. 039, DE 30 DE DEZEMBRO DE 2021 Remaneja fun\u00e7\u00f5es entre unidades administrativas da Pr\u00f3-Reitoria de Extens\u00e3o da Universidade Federal de Santa Maria (UFSM). O REITOR DA UNIVERSIDADE FEDERAL DE SANTA MARIA, no [&hellip;]<\/p>\n","protected":false},"author":205,"featured_media":0,"parent":0,"menu_order":0,"comment_status":"closed","ping_status":"closed","template":"","meta":{"footnotes":""},"categories":[],"tags":[],"class_list":["post-4777","page","type-page","status-publish","hentry"],"acf":[],"_links":{"self":[{"href":"https:\/\/www.ufsm.br\/pro-reitorias\/proplan\/wp-json\/wp\/v2\/pages\/4777","targetHints":{"allow":["GET"]}}],"collection":[{"href":"https:\/\/www.ufsm.br\/pro-reitorias\/proplan\/wp-json\/wp\/v2\/pages"}],"about":[{"href":"https:\/\/www.ufsm.br\/pro-reitorias\/proplan\/wp-json\/wp\/v2\/types\/page"}],"author":[{"embeddable":true,"href":"https:\/\/www.ufsm.br\/pro-reitorias\/proplan\/wp-json\/wp\/v2\/users\/205"}],"replies":[{"embeddable":true,"href":"https:\/\/www.ufsm.br\/pro-reitorias\/proplan\/wp-json\/wp\/v2\/comments?post=4777"}],"version-history":[{"count":0,"href":"https:\/\/www.ufsm.br\/pro-reitorias\/proplan\/wp-json\/wp\/v2\/pages\/4777\/revisions"}],"wp:attachment":[{"href":"https:\/\/www.ufsm.br\/pro-reitorias\/proplan\/wp-json\/wp\/v2\/media?parent=4777"}],"wp:term":[{"taxonomy":"category","embeddable":true,"href":"https:\/\/www.ufsm.br\/pro-reitorias\/proplan\/wp-json\/wp\/v2\/categories?post=4777"},{"taxonomy":"post_tag","embeddable":true,"href":"https:\/\/www.ufsm.br\/pro-reitorias\/proplan\/wp-json\/wp\/v2\/tags?post=4777"}],"curies":[{"name":"wp","href":"https:\/\/api.w.org\/{rel}","templated":true}]}}