{"id":4784,"date":"2022-01-12T16:00:48","date_gmt":"2022-01-12T19:00:48","guid":{"rendered":"https:\/\/www.ufsm.br\/pro-reitorias\/proplan\/?page_id=4784"},"modified":"2022-01-12T16:02:27","modified_gmt":"2022-01-12T19:02:27","slug":"regimento-interno-da-auditoria-interna-da-ufsm-2011","status":"publish","type":"page","link":"https:\/\/www.ufsm.br\/pro-reitorias\/proplan\/regimento-interno-da-auditoria-interna-da-ufsm-2011","title":{"rendered":"Regimento Interno da Auditoria Interna da UFSM (2011)"},"content":{"rendered":"\t\t<div data-elementor-type=\"wp-page\" data-elementor-id=\"4784\" class=\"elementor elementor-4784\">\n\t\t\t\t\t\t<section class=\"elementor-section elementor-top-section elementor-element elementor-element-22762f53 elementor-section-boxed elementor-section-height-default elementor-section-height-default\" data-id=\"22762f53\" data-element_type=\"section\">\n\t\t\t\t\t\t<div class=\"elementor-container elementor-column-gap-default\">\n\t\t\t\t\t<div class=\"elementor-column elementor-col-100 elementor-top-column elementor-element elementor-element-12d9d58d\" data-id=\"12d9d58d\" data-element_type=\"column\">\n\t\t\t<div class=\"elementor-widget-wrap elementor-element-populated\">\n\t\t\t\t\t\t<div class=\"elementor-element elementor-element-3af57640 elementor-widget elementor-widget-text-editor\" data-id=\"3af57640\" data-element_type=\"widget\" data-widget_type=\"text-editor.default\">\n\t\t\t\t<div class=\"elementor-widget-container\">\n\t\t\t\t\t\t\t<!-- wp:tadv\/classic-paragraph \/-->\t\t\t\t\t\t<\/div>\n\t\t\t\t<\/div>\n\t\t\t\t\t<\/div>\n\t\t<\/div>\n\t\t\t\t\t<\/div>\n\t\t<\/section>\n\t\t\t\t<section class=\"elementor-section elementor-top-section elementor-element elementor-element-bc89e73 elementor-section-boxed elementor-section-height-default elementor-section-height-default\" data-id=\"bc89e73\" data-element_type=\"section\">\n\t\t\t\t\t\t<div class=\"elementor-container elementor-column-gap-default\">\n\t\t\t\t\t<div class=\"elementor-column elementor-col-100 elementor-top-column elementor-element elementor-element-02269ab\" data-id=\"02269ab\" data-element_type=\"column\">\n\t\t\t<div class=\"elementor-widget-wrap elementor-element-populated\">\n\t\t\t\t\t\t<div class=\"elementor-element elementor-element-a4dc6f7 elementor-widget elementor-widget-html\" data-id=\"a4dc6f7\" data-element_type=\"widget\" data-widget_type=\"html.default\">\n\t\t\t\t<div class=\"elementor-widget-container\">\n\t\t\t\n\n\n<title><b>REGIMENTO INTERNO DA AUDITORIA INTERNA DA UFSM<\/b><\/title>\n\n\n<div align=\"center\"><img decoding=\"async\" src=\"https:\/\/www.ufsm.br\/pro-reitorias\/proplan\/wp-content\/uploads\/sites\/344\/2019\/09\/brasao-da-republica-do-brasil-logo.png\" alt=\"Bras\u00e3o Rep\u00fablica Federativa do Brasil\" width=\"6%\" height=\"6%\"><\/div>    \n<h1><font color=\"blue\"><font size=\"5\"><div align=\"center\">MINIST\u00c9RIO DA EDUCA\u00c7\u00c3O<\/b><\/font><\/font><\/div><\/H1>\n<p><b><font color=\"0000blue\"><div align=\"center\">UNIVERSIDADE FEDERAL DE SANTA MARIA<\/b><\/font><\/div><\/p>\n\n<p><div align=\"center\"><b><a href=\"https:\/\/portal.ufsm.br\/documentos\/publico\/documento.html?id=13928235\"><font color=\"blue\">REGIMENTO INTERNO DA AUDITORIA INTERNA DA UFSM<\/font><\/a><\/b><\/div><\/p>\n<br>\n<p><a href=\"https:\/\/www.ufsm.br\/pro-reitorias\/proplan\/resolucao-ufsm-n-003-2016\/\" target=\"_blank\"><font color=\"blue\">Alterado pela Resolu\u00e7\u00e3o UFSM N. 003\/2016<\/a><\/font><\/p>\n<p><a href=\"https:\/\/www.ufsm.br\/pro-reitorias\/proplan\/resolucao-ufsm-n-039-2021\/\" target=\"_blank\"><font color=\"blue\">Revogado pela Resolu\u00e7\u00e3o UFSM N. 039\/2021<\/a><\/font><\/p>\n<br><div align=\"justify\">\n<strike>\n<p><b><div align=\"center\">CAP\u00cdTULO I<\/b><\/div><\/p>\n<p><b><div align=\"center\">DA CATEGORIA E FINALIDADES<\/b><\/div><\/p>\n<br>\n<p>Art. 1\u00ba A Auditoria Interna da Universidade Federal de Santa Maria \u00e9 um \u00f3rg\u00e3o t\u00e9cnico de controle interno, diretamente subordinada ao Conselho Universit\u00e1rio, com a finalidade de controlar, orientar e avaliar os atos de gest\u00e3o praticados no \u00e2mbito da UFSM e apoiar o controle externo no exerc\u00edcio de sua miss\u00e3o institucional com o objetivo de assegurar:<\/p>\n<p>I - a regularidade das contas, a efici\u00eancia e a efic\u00e1cia dos recursos dispon\u00edveis, observados, dentre outros, os princ\u00edpios da legalidade, moralidade, impessoalidade, publicidade, legitimidade e economicidade;<\/p>\n<p>II - aos ordenadores de despesas, a orienta\u00e7\u00e3o necess\u00e1ria para racionalizar a execu\u00e7\u00e3o da receita e despesas, com vistas \u00e0 aplica\u00e7\u00e3o regular e a utiliza\u00e7\u00e3o adequada de recursos e bens dispon\u00edveis;<\/p>\n<p>III - aos \u00f3rg\u00e3os respons\u00e1veis pela administra\u00e7\u00e3o, planejamento, or\u00e7amento e programa\u00e7\u00e3o financeira, informa\u00e7\u00f5es oportunas que permitam aperfei\u00e7oar essas atividades;<\/p>\n<p>IV - o fiel cumprimento das leis, normas e regulamentos bem como a efici\u00eancia e a qualidade t\u00e9cnica dos controles cont\u00e1beis, or\u00e7ament\u00e1rios, financeiros e patrimoniais da Institui\u00e7\u00e3o;<\/p>\n<p>V - a racionaliza\u00e7\u00e3o progressiva dos procedimentos administrativos, cont\u00e1beis e or\u00e7ament\u00e1rios, financeiros e patrimoniais da Institui\u00e7\u00e3o;<\/p>\n<p>VI - a interpreta\u00e7\u00e3o de normas, instru\u00e7\u00f5es de procedimentos e qualquer outro assunto no \u00e2mbito de sua compet\u00eancia ou atribui\u00e7\u00e3o; e<\/p>\n<p>VII - a proposi\u00e7\u00e3o de altera\u00e7\u00f5es nas estruturas, sistemas e m\u00e9todos e na regulamenta\u00e7\u00e3o dos \u00f3rg\u00e3os da UFSM, quando diagnosticadas defici\u00eancias ou desvios.<\/p>\n\n<p><b><div align=\"center\">CAP\u00cdTULO II<\/b><\/div><\/p>\n<p><b><div align=\"center\">DA ORGANIZA\u00c7\u00c3O<\/b><\/div><\/p>\n\n<p>Art. 2\u00ba A Auditoria Interna da UFSM ser\u00e1 composta por um auditor-chefe, por uma Secretaria de Apoio Administrativo e por uma equipe t\u00e9cnica em n\u00famero suficiente para atender as suas finalidades.<\/p>\n<p>Art. 3\u00ba A fun\u00e7\u00e3o de Auditor-Chefe ser\u00e1 exercida por profissional com forma\u00e7\u00e3o na \u00e1rea de direito, administra\u00e7\u00e3o, ci\u00eancias cont\u00e1beis, ci\u00eancias econ\u00f4micas, gest\u00e3o empresarial ou correlata, cuja nomea\u00e7\u00e3o ou exonera\u00e7\u00e3o ser\u00e1 submetida pelo Reitor \u00e0 aprova\u00e7\u00e3o do Conselho Universit\u00e1rio da UFSM, com posterior aprova\u00e7\u00e3o da Controladoria-Geral da Uni\u00e3o no Rio Grande do Sul.<\/p>\n<p>Art. 4\u00ba O ocupante da fun\u00e7\u00e3o prevista no artigo anterior ser\u00e1 substitu\u00eddo, em seus afastamentos tempor\u00e1rios e impedimentos eventuais, por servidor previamente designado na forma da legisla\u00e7\u00e3o espec\u00edfica.<\/p>\n<p>Art. 5\u00ba A Auditoria Interna da UFSM se sujeitar\u00e1 \u00e0 orienta\u00e7\u00e3o normativa e supervis\u00e3o t\u00e9cnica do Sistema de Controle Interno do Poder Executivo Federal.<\/p>\n\n<p><b><div align=\"center\">CAP\u00cdTULO III<\/b><\/div><\/p>\n<p><b><div align=\"center\">DAS COMPET\u00caNCIAS DA AUDITORIA INTERNA<\/b><\/div><\/p>\n\n<p>Art. 6\u00ba \u00c0 Auditoria Interna da UFSM compete:<\/p>\n<p>I - examinar os atos de gest\u00e3o com base nos registros cont\u00e1beis e na documenta\u00e7\u00e3o comprobat\u00f3ria das opera\u00e7\u00f5es, com o objetivo de verificar a exatid\u00e3o, a regularidade das contas e comprovar a efici\u00eancia, a efic\u00e1cia, a efetividade na aplica\u00e7\u00e3o dos recursos dispon\u00edveis;<\/p>\n<p>II - acompanhar o cumprimento das metas previstas no Plano Plurianual, a execu\u00e7\u00e3o dos programas e do or\u00e7amento;<\/p>\n<p>III - verificar o cumprimento das diretrizes, normas e orienta\u00e7\u00f5es emanadas pelos \u00f3rg\u00e3os internos competentes, bem como dos Planos e Programas no \u00e2mbito da Institui\u00e7\u00e3o;<\/p>\n<p>IV - acompanhar o cumprimento \u00e0s recomenda\u00e7\u00f5es e decis\u00f5es emanadas do Sistema de Controle Interno do Poder Executivo e do Tribunal de Contas da Uni\u00e3o;<\/p>\n<p>V - verificar e opinar sobre as contas dos respons\u00e1veis pela aplica\u00e7\u00e3o, utiliza\u00e7\u00e3o ou guarda de bens e valores e de todo aquele que der causa \u00e0 perda, subtra\u00e7\u00e3o ou dano de valores e de bens materiais de propriedade da Institui\u00e7\u00e3o;<\/p>\n<p>VI - verificar a consist\u00eancia e a seguran\u00e7a dos instrumentos de controle, guarda e conserva\u00e7\u00e3o dos bens e valores da Institui\u00e7\u00e3o ou daqueles pelos quais ela seja respons\u00e1vel;<\/p>\n<p>VII - zelar pelo fiel cumprimento aos princ\u00edpios da licita\u00e7\u00e3o p\u00fablica, nas licita\u00e7\u00f5es relativas \u00e0 aquisi\u00e7\u00e3o de bens, contrata\u00e7\u00f5es de servi\u00e7os, realiza\u00e7\u00e3o de obras e aliena\u00e7\u00f5es, no \u00e2mbito da Institui\u00e7\u00e3o;<\/p>\n<p>VIII - analisar e avaliar os procedimentos cont\u00e1beis utilizados, com o objetivo de opinar sobre a qualidade e fidelidade das informa\u00e7\u00f5es prestadas;<\/p>\n<p>IX - propor ao reitor a instaura\u00e7\u00e3o de Sindic\u00e2ncia e Processo Administrativo Disciplinar, quando da ocorr\u00eancia de ind\u00edcios e evid\u00eancias de irregularidade;<\/p>\n<p>X - analisar e avaliar os controles internos adotados com vistas a garantir a efici\u00eancia e efic\u00e1cia dos respectivos controles;<\/p>\n<p>XI - acompanhar e avaliar as auditorias realizadas por firmas ou empresas privadas que a Institui\u00e7\u00e3o contratar;<\/p>\n<p>XII - elaborar propostas visando o aperfei\u00e7oamento das normas e procedimentos de auditoria e controles adotados com o objetivo de melhor avaliar o desempenho das unidades auditadas;<\/p>\n<p>XIII - promover estudos peri\u00f3dicos das normas e orienta\u00e7\u00f5es internas, com vistas \u00e0 sua adequa\u00e7\u00e3o e atualiza\u00e7\u00e3o \u00e0 situa\u00e7\u00e3o em vigor;<\/p>\n<p>XIV - assessorar o Gestor e Dirigentes, no acompanhamento da execu\u00e7\u00e3o dos programas pertinentes, visando comprovar o n\u00edvel de execu\u00e7\u00e3o das metas, o alcance dos objetivos e a adequa\u00e7\u00e3o ao gerenciamento;<\/p>\n<p>XV - analisar os processos de gest\u00e3o de pessoas;<\/p>\n<p>XVI - examinar e emitir parecer pr\u00e9vio sobre a presta\u00e7\u00e3o de contas anual e as tomadas de contas especiais;<\/p>\n<p>XVII - realizar auditagem obedecendo a programas de auditoria previamente elaborados;<\/p>\n<p>XVIII - apoiar o controle externo no exerc\u00edcio de sua miss\u00e3o institucional;<\/p>\n<p>XIX - elaborar relat\u00f3rios de auditoria, assinalando as eventuais falhas encontradas, para fornecer aos dirigentes os subs\u00eddios necess\u00e1rios \u00e0 tomada de decis\u00f5es; e,<\/p>\n<p>XX - apresentar sugest\u00f5es e colaborar na sistematiza\u00e7\u00e3o, padroniza\u00e7\u00e3o e simplifica\u00e7\u00e3o de normas e procedimentos operacionais de interesse da Institui\u00e7\u00e3o.<\/p>\n<p>Art. 7\u00ba \u00c0 Equipe T\u00e9cnica compete:<\/p>\n<p>I - realizar auditagem de acordo com o plano de auditoria previamente aprovado;<\/p>\n<p>II - planejar adequadamente os trabalhos de auditoria de forma a prever a natureza, a extens\u00e3o e a profundidade dos procedimentos que neles ser\u00e3o empregados, bem como a oportunidade de sua aplica\u00e7\u00e3o;<\/p>\n<p>III - efetuar exames preliminares das \u00e1reas, opera\u00e7\u00f5es, programas e recursos nas unidades, a serem auditadas, considerando-se a legisla\u00e7\u00e3o aplic\u00e1vel, normas e instrumentos vigentes, bem como o resultado das \u00faltimas auditorias;<\/p>\n<p>IV - determinar o universo e a extens\u00e3o dos trabalhos, definindo o alcance dos procedimentos a serem utilizados estabelecendo as t\u00e9cnicas apropriadas;<\/p>\n<p>V - avaliar os sistemas cont\u00e1bil, or\u00e7ament\u00e1rio, financeiro, patrimonial e operacional das unidades a serem auditadas;<\/p>\n<p>VI - acompanhar a execu\u00e7\u00e3o cont\u00e1bil, or\u00e7ament\u00e1ria, financeira, patrimonial e operacional examinando periodicamente o comportamento das receitas e das despesas dentro dos n\u00edveis autorizados para apurar as correspond\u00eancias dos lan\u00e7amentos com os documentos que lhe deram origem, detectando responsabilidades;<\/p>\n<p>VII - assessorar a Administra\u00e7\u00e3o Superior no atendimento \u00e0s dilig\u00eancias da Secretaria Federal de Controle Interno e do Tribunal de Contas da Uni\u00e3o;<\/p>\n<p>VIII - identificar os problemas existentes no cumprimento das normas de controle interno relativas \u00e0 gest\u00e3o cont\u00e1bil, or\u00e7ament\u00e1ria, financeira, patrimonial e operacional, propondo solu\u00e7\u00f5es quando cab\u00edveis;<\/p>\n<p>IX - elaborar periodicamente relat\u00f3rios parciais e globais de auditagem realizada para fornecer aos dirigentes subs\u00eddios \u00e0 tomada de decis\u00f5es;<\/p>\n<p>X - emitir parecer sobre mat\u00e9ria de natureza cont\u00e1bil, or\u00e7ament\u00e1ria, financeira, patrimonial e operacional que lhes for submetido a exames, para subsidiar decis\u00e3o superior;<\/p>\n<p>XI - verificar as contas dos respons\u00e1veis pela aplica\u00e7\u00e3o, utiliza\u00e7\u00e3o ou guarda de bens e valores da Administra\u00e7\u00e3o Superior e unidades descentralizadas, e,<\/p>\n<p>XII - avaliar a legalidade, efici\u00eancia, efic\u00e1cia, efetividade, economicidade e qualidade da gest\u00e3o.<\/p>\n<p>Art. 8\u00ba \u00c0 Secretaria de Apoio Administrativo compete:<\/p>\n<p>I - exercer o controle da entrada, sa\u00edda e arquivamento da correspond\u00eancia expedida e recebida;<\/p>\n<p>II - controlar os expedientes emitidos e acompanhar a sua tramita\u00e7\u00e3o, especialmente aqueles que contiverem exig\u00eancia de prazo para atendimento de urg\u00eancia devidamente especificado;<\/p>\n<p>III - executar trabalhos de digita\u00e7\u00e3o, reda\u00e7\u00e3o oficial, arquivo, solicita\u00e7\u00e3o de materiais, com observ\u00e2ncia aos prazos estabelecidos;<\/p> \n<p>IV - manter atualizados os cadastros de \u00f3rg\u00e3os, entidades p\u00fablicas e privadas de interesse da Auditoria Interna;<\/p>\n<p>V - zelar e controlar a carga patrimonial dos bens sob responsabilidade da Auditoria Interna; e<\/p>\n<p>VI - exercer outras atribui\u00e7\u00f5es determinadas pelo Auditor-Chefe.<\/p>\n\n<p><b><div align=\"center\">CAP\u00cdTULO IV<\/b><\/div><\/p>\n<p><b><div align=\"center\">DAS ATRIBUI\u00c7\u00d5ES DO AUDITOR-CHEFE<\/b><\/div><\/p>\n\n<p>Art. 9\u00ba Ao Auditor-Chefe incumbe:<\/p>\n<p>I - planejar, gerir, orientar, supervisionar e relatar os trabalhos de auditoria;<\/p>\n<p>II - elaborar projetos e atividades a serem desenvolvidas pela Auditoria Interna;<\/p>\n<p>III - coordenar a elabora\u00e7\u00e3o do Plano Anual de Atividades de Auditoria Interna e o Relat\u00f3rio Anual de Auditoria;<\/p>\n<p>IV - representar a Auditoria Interna perante os Conselhos Superiores, unidades descentralizadas e outras entidades p\u00fablicas ou privadas;<\/p>\n<p>V - identificar as necessidades de treinamento do pessoal da Auditoria Interna;<\/p>\n<p>VI - subsidiar o Presidente do Conselho Universit\u00e1rio, fornecendo informa\u00e7\u00f5es para tomada de decis\u00f5es;<\/p>\n<p>VII - emitir parecer sobre pedido de autoriza\u00e7\u00e3o para contrata\u00e7\u00e3o de servi\u00e7os de auditoria independente;<\/p>\n<p>VIII - pronunciar-se sobre quest\u00f5es relativas \u00e0 interpreta\u00e7\u00e3o de normas, instru\u00e7\u00f5es de procedimentos e a qualquer outro assunto no \u00e2mbito de sua compet\u00eancia ou atribui\u00e7\u00e3o; e,<\/p>\n<p>IX - tratar de outros assuntos de interesse da Auditoria Interna.<\/p>\n\n<p><b><div align=\"center\">CAP\u00cdTULO V<\/b><\/div><\/p>\n<p><b><div align=\"center\">DO FUNCIONAMENTO DA AUDITORIA INTERNA<\/b><\/div><\/p>\n\n<p>Art. 10. O planejamento das atividades da Auditoria Interna da UFSM ser\u00e1 consignado no Plano Anual de Atividades de Auditoria Interna - PAINT, que dever\u00e1 abordar os seguintes itens:<\/p>\n<p>I - a\u00e7\u00f5es de auditoria interna previstas e seus objetivos; e,<\/p>\n<p>II - a\u00e7\u00f5es de desenvolvimento institucional e capacita\u00e7\u00e3o previstas para o fortalecimento das atividades da auditoria interna na entidade.<\/p>\n<p>\u00a7 1\u00ba Na descri\u00e7\u00e3o das a\u00e7\u00f5es de auditoria interna, para cada objeto a ser auditado, ser\u00e3o consignadas as seguintes informa\u00e7\u00f5es:<\/p>\n<p>I - n\u00famero sequencial da a\u00e7\u00e3o de auditoria;<\/p>\n<p>II - avalia\u00e7\u00e3o sum\u00e1ria quanto ao risco inerente ao objeto a ser auditado, e sua relev\u00e2ncia em rela\u00e7\u00e3o \u00e0 entidade;<\/p>\n<p>III - origem da demanda;<\/p>\n<p>IV - objetivo da auditoria, contendo os resultados esperados, devendo-se especificar de que forma as vulnerabilidades do objeto a ser auditado poder\u00e3o ser mitigadas;<\/p>\n<p>V - escopo do trabalho, explicitando, tanto quanto poss\u00edvel sua representatividade em termos relativos, e demonstrando a amplitude dos exames a serem realizados, em rela\u00e7\u00e3o ao universo de refer\u00eancia concernente ao objeto a ser auditado;<\/p>\n<p>VI - cronograma contendo a data estimada de in\u00edcio e t\u00e9rmino dos trabalhos;<\/p>\n<p>VII - local de realiza\u00e7\u00e3o dos trabalhos de auditoria; e,<\/p>\n<p>VIII - recursos humanos a serem empregados, com a especifica\u00e7\u00e3o da quantidade de homens-hora de auditores a serem alocados em cada a\u00e7\u00e3o de auditoria e os conhecimentos espec\u00edficos que ser\u00e3o requeridos na realiza\u00e7\u00e3o dos trabalhos.<\/p>\n<p>\u00a7 2\u00ba Do detalhamento das a\u00e7\u00f5es de desenvolvimento institucional e capacita\u00e7\u00e3o dever\u00e3o constar justificativas para cada a\u00e7\u00e3o que se pretende realizar ao longo do exerc\u00edcio.<\/p>\n<p>\u00a7 3\u00ba Na descri\u00e7\u00e3o das a\u00e7\u00f5es de fortalecimento da unidade de auditoria interna dever\u00e3o constar informa\u00e7\u00f5es relativas \u00e0 revis\u00e3o de normativos internos, redesenho organizacional, desenvolvimento ou aquisi\u00e7\u00e3o de metodologias e softwares ou outros.<\/p>\n<p>Art. 11. A apresenta\u00e7\u00e3o dos resultados dos trabalhos de auditoria interna ser\u00e1 efetuada por meio do Relat\u00f3rio Anual de Atividades de Auditoria Interna - RAINT, que conter\u00e1 o relato sobre as atividades de auditoria interna, em fun\u00e7\u00e3o das a\u00e7\u00f5es planejadas constantes do PAINT do exerc\u00edcio anterior, bem como das a\u00e7\u00f5es cr\u00edticas ou n\u00e3o planejadas, mas que exigiram atua\u00e7\u00e3o da unidade de auditoria.<\/p>\n<p>Art. 12. O RAINT observar\u00e1 a seguinte estrutura de informa\u00e7\u00f5es:<\/p>\n<p>I - descri\u00e7\u00e3o das a\u00e7\u00f5es de auditoria interna realizadas pela entidade;<\/p>\n<p>II - registro quanto \u00e0 implementa\u00e7\u00e3o ou cumprimento, pela entidade, ao longo do exerc\u00edcio, de recomenda\u00e7\u00f5es ou determina\u00e7\u00f5es efetuadas pelos \u00f3rg\u00e3os central e setoriais do Sistema de Controle interno do Poder Executivo Federal e pelo Conselho Fiscal ou \u00f3rg\u00e3o equivalente da entidade;<\/p>\n<p>III - relato gerencial sobre a gest\u00e3o de \u00e1reas essenciais da unidade, com base nos trabalhos realizados;<\/p>\n<p>IV - fatos relevantes de natureza administrativa ou organizacional com impacto sobre a auditoria interna; e<\/p>\n<p>V - desenvolvimento institucional e capacita\u00e7\u00e3o da auditoria interna.<\/p>\n\n<p><b><div align=\"center\">CAP\u00cdTULO VI<\/b><\/div><\/p>\n<p><b><div align=\"center\">DAS DISPOSI\u00c7\u00d5ES GERAIS<\/b><\/div><\/p>\n\n<p>Art. 13. As demandas de informa\u00e7\u00f5es e prioridades emanadas da Auditoria Interna ter\u00e3o prioridade administrativa na Institui\u00e7\u00e3o, e sua recusa ou atraso no atendimento importar\u00e1 em representa\u00e7\u00e3o para os \u00f3rg\u00e3os superiores.<\/p>\n<p>Art. 14. Os dirigentes de unidades ou entidades ligadas direta ou indiretamente \u00e0 Institui\u00e7\u00e3o devem proporcionar ao Corpo T\u00e9cnico amplas condi\u00e7\u00f5es para o exerc\u00edcio de suas fun\u00e7\u00f5es, permitindo-se livre acesso a informa\u00e7\u00f5es, depend\u00eancias e instala\u00e7\u00f5es, bem como a t\u00edtulos, documentos e valores.<\/p>\n<p>Art. 15. O Corpo T\u00e9cnico ser\u00e1 designado para os trabalhos de auditoria mediante Ordem de Servi\u00e7o expedida pelo Auditor.<\/p>\n<p>\u00a7 1\u00ba Os trabalhos ser\u00e3o executados de acordo com as normas e procedimentos da Administra\u00e7\u00e3o P\u00fablica Federal.<\/p>\n<p>\u00a7 2\u00ba As conclus\u00f5es do Corpo T\u00e9cnico ser\u00e3o condensadas em Relat\u00f3rio de Auditoria que constituir\u00e1 o documento final dos trabalhos realizados.<\/p>\n<p>Art. 16. Quando dos trabalhos de campo, houver necessidade de especialistas fora da \u00e1rea de atua\u00e7\u00e3o do auditor, poder\u00e1 ser requisitado pelo Auditor, profissional habilitado para subsidiar os trabalhos a serem executados.<\/p>\n<p>Art. 17. Os casos omissos neste Regimento Interno ser\u00e3o resolvidos pela Equipe de Auditores, ressalvada a mat\u00e9ria de compet\u00eancia dos \u00f3rg\u00e3os superiores da Institui\u00e7\u00e3o e do Sistema de Controle Interno Federal.<\/p>\n<p>Art. 18. O presente regimento entrar\u00e1 em vigor na data de sua publica\u00e7\u00e3o.<\/p>\n\n\n\n\n\n\n\n\n\n\n\n\n\n\n\n\n<\/strike>\n<\/div>\n<p><font color=\"red0000\">Este texto n\u00e3o substitui o documento original, publicado no Portal de Documentos.<\/font> Dispon\u00edvel em: <a href=\"https:\/\/portal.ufsm.br\/documentos\/publico\/documento.html?id=13928235\"><font color=\"blue\">https:\/\/portal.ufsm.br\/documentos\/publico\/documento.html?id=13928235<\/font><\/a>\n\n\t\t<\/div>\n\t\t\t\t<\/div>\n\t\t\t\t\t<\/div>\n\t\t<\/div>\n\t\t\t\t\t<\/div>\n\t\t<\/section>\n\t\t\t\t<\/div>\n\t\t","protected":false},"excerpt":{"rendered":"<p>REGIMENTO INTERNO DA AUDITORIA INTERNA DA UFSM MINIST\u00c9RIO DA EDUCA\u00c7\u00c3O UNIVERSIDADE FEDERAL DE SANTA MARIA REGIMENTO INTERNO DA AUDITORIA INTERNA DA UFSM Alterado pela Resolu\u00e7\u00e3o UFSM N. 003\/2016 Revogado pela Resolu\u00e7\u00e3o UFSM N. 039\/2021 CAP\u00cdTULO I DA CATEGORIA E FINALIDADES Art. 1\u00ba A Auditoria Interna da Universidade Federal de Santa Maria \u00e9 um \u00f3rg\u00e3o t\u00e9cnico [&hellip;]<\/p>\n","protected":false},"author":206,"featured_media":0,"parent":0,"menu_order":0,"comment_status":"closed","ping_status":"closed","template":"","meta":{"footnotes":""},"categories":[],"tags":[],"class_list":["post-4784","page","type-page","status-publish","hentry"],"acf":[],"_links":{"self":[{"href":"https:\/\/www.ufsm.br\/pro-reitorias\/proplan\/wp-json\/wp\/v2\/pages\/4784","targetHints":{"allow":["GET"]}}],"collection":[{"href":"https:\/\/www.ufsm.br\/pro-reitorias\/proplan\/wp-json\/wp\/v2\/pages"}],"about":[{"href":"https:\/\/www.ufsm.br\/pro-reitorias\/proplan\/wp-json\/wp\/v2\/types\/page"}],"author":[{"embeddable":true,"href":"https:\/\/www.ufsm.br\/pro-reitorias\/proplan\/wp-json\/wp\/v2\/users\/206"}],"replies":[{"embeddable":true,"href":"https:\/\/www.ufsm.br\/pro-reitorias\/proplan\/wp-json\/wp\/v2\/comments?post=4784"}],"version-history":[{"count":0,"href":"https:\/\/www.ufsm.br\/pro-reitorias\/proplan\/wp-json\/wp\/v2\/pages\/4784\/revisions"}],"wp:attachment":[{"href":"https:\/\/www.ufsm.br\/pro-reitorias\/proplan\/wp-json\/wp\/v2\/media?parent=4784"}],"wp:term":[{"taxonomy":"category","embeddable":true,"href":"https:\/\/www.ufsm.br\/pro-reitorias\/proplan\/wp-json\/wp\/v2\/categories?post=4784"},{"taxonomy":"post_tag","embeddable":true,"href":"https:\/\/www.ufsm.br\/pro-reitorias\/proplan\/wp-json\/wp\/v2\/tags?post=4784"}],"curies":[{"name":"wp","href":"https:\/\/api.w.org\/{rel}","templated":true}]}}