{"id":4795,"date":"2022-01-27T12:42:57","date_gmt":"2022-01-27T15:42:57","guid":{"rendered":"https:\/\/www.ufsm.br\/pro-reitorias\/proplan\/?page_id=4795"},"modified":"2026-01-09T11:50:40","modified_gmt":"2026-01-09T14:50:40","slug":"resolucao-ufsm-n-075-2022","status":"publish","type":"page","link":"https:\/\/www.ufsm.br\/pro-reitorias\/proplan\/resolucao-ufsm-n-075-2022","title":{"rendered":"RESOLU\u00c7\u00c3O UFSM N\u00b0 075\/2022"},"content":{"rendered":"\t\t<div data-elementor-type=\"wp-page\" data-elementor-id=\"4795\" class=\"elementor elementor-4795\">\n\t\t\t\t\t\t<section class=\"elementor-section elementor-top-section elementor-element elementor-element-c310763 elementor-section-boxed elementor-section-height-default elementor-section-height-default\" data-id=\"c310763\" data-element_type=\"section\">\n\t\t\t\t\t\t<div class=\"elementor-container elementor-column-gap-default\">\n\t\t\t\t\t<div class=\"elementor-column elementor-col-100 elementor-top-column elementor-element elementor-element-e6e5f0d\" data-id=\"e6e5f0d\" data-element_type=\"column\">\n\t\t\t<div class=\"elementor-widget-wrap elementor-element-populated\">\n\t\t\t\t\t\t<div class=\"elementor-element elementor-element-117ac66 elementor-widget elementor-widget-html\" data-id=\"117ac66\" data-element_type=\"widget\" data-widget_type=\"html.default\">\n\t\t\t\t<div class=\"elementor-widget-container\">\n\t\t\t\r\n\r\n\r\n<title><b>RESOLU\u00c7\u00c3O UFSM N. 075, DE xx DE JANEIRO DE 2022<\/b><\/title>\r\n\r\n\r\n<div align=\"center\"><img decoding=\"async\" src=\"https:\/\/www.ufsm.br\/pro-reitorias\/proplan\/wp-content\/uploads\/sites\/344\/2019\/09\/brasao-da-republica-do-brasil-logo.png\" alt=\"Bras\u00e3o Rep\u00fablica Federativa do Brasil\" width=\"6%\" height=\"6%\"><\/div>  <h1><font color=\"blue\"><font size=\"5\"><div align=\"center\">MINIST\u00c9RIO DA EDUCA\u00c7\u00c3O<\/div><\/font><\/font><\/H1>\r\n<b><font color=\"0000blue\"><div align=\"center\">UNIVERSIDADE FEDERAL DE SANTA MARIA<\/div><\/font><\/b>\r\n<p><div align=\"center\"><b><a href=\"https:\/\/portal.ufsm.br\/documentos\/publico\/documento.html?id=13948187\" target=\"_blank\"><font color=\"blue\">RESOLU\u00c7\u00c3O UFSM N\u00b0 075, DE 26 DE JANEIRO DE 2022<\/font><\/a><\/b><\/div>\r\n<br>\r\n    <div style=\"color: #800000;width: 60%;margin-left: auto;margin-right: 0;text-align: justify;font-weight: normal\">Disp\u00f5e sobre a implanta\u00e7\u00e3o de planos de ensino digitais nos cursos de gradua\u00e7\u00e3o, no \u00e2mbito da Universidade Federal de Santa Maria (UFSM).<\/font><\/div>\r\n<br>\r\n<div align=\"justify\">\r\n<p style=\"text-align: justify\">O REITOR DA UNIVERSIDADE FEDERAL DE SANTA MARIA, no uso de suas atribui&ccedil;&otilde;es legais e estatut&aacute;rias e considerando:&nbsp;&nbsp;<\/p>\r\n<p>- a&nbsp;<span style=\"text-decoration: underline;color: #0000ff\"><a href=\"http:\/\/www.planalto.gov.br\/ccivil_03\/constituicao\/constituicao.htm\" target=\"_blank\"><span style=\"color: #0000ff;text-decoration: underline\">Constitui&ccedil;&atilde;o da Rep&uacute;blica Federativa do Brasil de 1988<\/span><\/a><\/span>, de 05 de outubro de 1988;<\/p>\r\n<p>- a&nbsp;<span style=\"text-decoration: underline;color: #0000ff\"><a href=\"http:\/\/www.planalto.gov.br\/ccivil_03\/leis\/l8112cons.htm\" target=\"_blank\"><span style=\"color: #0000ff;text-decoration: underline\">Lei N. 8.112, de 11 de dezembro de 1990<\/span><\/a><\/span>, que disp&otilde;e sobre o regime jur&iacute;dico dos servidores p&uacute;blicos civis da Uni&atilde;o, das autarquias e das funda&ccedil;&otilde;es p&uacute;blicas federais;<\/p>\r\n<p>- a&nbsp;<span style=\"text-decoration: underline;color: #0000ff\"><a href=\"http:\/\/www.planalto.gov.br\/ccivil_03\/leis\/l9394.htm\" target=\"_blank\"><span style=\"color: #0000ff;text-decoration: underline\">Lei N. 9.394, de 20 de dezembro de 1996<\/span><\/a><\/span>, que estabelece as diretrizes e bases da educa&ccedil;&atilde;o nacional e suas altera&ccedil;&otilde;es;<\/p>\r\n<p>- a&nbsp;<span style=\"text-decoration: underline\"><span style=\"color: #0000ff\"><a href=\"http:\/\/www.planalto.gov.br\/ccivil_03\/leis\/lcp\/lcp95.htm\" target=\"_blank\"><span style=\"color: #0000ff;text-decoration: underline\">Lei Complementar N. 95, de 26 de fevereiro de 1998<\/span><\/a><\/span><\/span>, que disp&otilde;e sobre a elabora&ccedil;&atilde;o, a reda&ccedil;&atilde;o, a altera&ccedil;&atilde;o e a consolida&ccedil;&atilde;o das leis, conforme determina o Par&aacute;grafo &Uacute;nico do Art. 59 da Constitui&ccedil;&atilde;o Federal, e estabelece normas para a consolida&ccedil;&atilde;o dos atos normativos que menciona;<\/p>\r\n<p>- a&nbsp;<span style=\"text-decoration: underline;color: #0000ff\"><a href=\"http:\/\/www.planalto.gov.br\/ccivil_03\/_ato2011-2014\/2012\/lei\/l12711.htm\" target=\"_blank\"><span style=\"color: #0000ff;text-decoration: underline\">Lei N. 12.711, de 29 de agosto de 2012<\/span><\/a><\/span>, que disp&otilde;e sobre o ingresso nas universidades federais e nas institui&ccedil;&otilde;es federais de ensino t&eacute;cnico de n&iacute;vel m&eacute;dio e d&aacute; outras provid&ecirc;ncias;<\/p>\r\n<p>- a&nbsp;<span style=\"text-decoration: underline;color: #0000ff\"><a href=\"http:\/\/www.planalto.gov.br\/ccivil_03\/_ato2015-2018\/2015\/lei\/l13146.htm\" target=\"_blank\"><span style=\"color: #0000ff;text-decoration: underline\">Lei N. 13.146, de 06 de julho de 2015<\/span><\/a><\/span>, que institui a Lei Brasileira de Inclus&atilde;o da Pessoa com Defici&ecirc;ncia (Estatuto da Pessoa com Defici&ecirc;ncia);<\/p>\r\n<p>- a&nbsp;<span style=\"text-decoration: underline;color: #0000ff\"><a href=\"http:\/\/www.planalto.gov.br\/ccivil_03\/_ato2015-2018\/2016\/lei\/l13409.htm\" target=\"_blank\"><span style=\"color: #0000ff;text-decoration: underline\">Lei N. 13.409, de 28 de dezembro de 2016<\/span><\/a><\/span>, que altera a<a href=\"http:\/\/www.planalto.gov.br\/ccivil_03\/_ato2011-2014\/2012\/lei\/l12711.htm\" target=\"_blank\">&nbsp;<span style=\"text-decoration: underline\"><span style=\"color: #0000ff;text-decoration: underline\">Lei N. 12.711, de 29 de agosto de 2012<\/span><\/span><\/a>, para dispor sobre a reserva de vagas para pessoas com defici&ecirc;ncia nos cursos t&eacute;cnicos de n&iacute;vel m&eacute;dio e superior das institui&ccedil;&otilde;es federais de ensino;<\/p>\r\n<p>- o&nbsp;<a href=\"http:\/\/www.planalto.gov.br\/ccivil_03\/_ato2011-2014\/2011\/decreto\/d7612.htm\" target=\"_blank\"><span style=\"text-decoration: underline;color: #0000ff\">Decreto N. 7.612, de 17 de novembro de 2011<\/span>,<\/a>&nbsp;que institui o Plano Nacional dos Direitos da Pessoa com Defici&ecirc;ncia &ndash; Plano Viver sem Limite;<\/p>\r\n<p>- o&nbsp;<span style=\"text-decoration: underline;color: #0000ff\"><a href=\"http:\/\/www.planalto.gov.br\/ccivil_03\/_ato2015-2018\/2017\/decreto\/D9191.htm\" target=\"_blank\"><span style=\"color: #0000ff;text-decoration: underline\">Decreto N. 9.191, de 1&ordm; de novembro de 2017<\/span><\/a><\/span>, que estabelece as normas e as diretrizes para elabora&ccedil;&atilde;o, reda&ccedil;&atilde;o, altera&ccedil;&atilde;o, consolida&ccedil;&atilde;o e encaminhamento de propostas de atos normativos ao Presidente da Rep&uacute;blica pelos Ministros de Estado;<\/p>\r\n<p>- a&nbsp;<span style=\"text-decoration: underline;color: #0000ff\"><a href=\"http:\/\/portal.mec.gov.br\/arquivos\/pdf\/politicaeducespecial.pdf\" target=\"_blank\"><span style=\"color: #0000ff;text-decoration: underline\">Pol&iacute;tica Nacional de Educa&ccedil;&atilde;o Especial na Perspectiva da Educa&ccedil;&atilde;o Inclusiva, de janeiro de 2008<\/span><\/a><\/span>;<\/p>\r\n<p>- o&nbsp;<span style=\"text-decoration: underline;color: #0000ff\"><a href=\"https:\/\/www.ufsm.br\/pro-reitorias\/proplan\/estatuto-ufsm-2010\/\"><span style=\"color: #0000ff;text-decoration: underline\">Estatuto da Universidade Federal de Santa Maria<\/span><\/a><\/span>&nbsp;com as adequa&ccedil;&otilde;es aprovadas pela&nbsp;<span style=\"text-decoration: underline;color: #0000ff\"><a href=\"https:\/\/www.ufsm.br\/pro-reitorias\/proplan\/resolucao-n-037-2010\/\"><span style=\"color: #0000ff;text-decoration: underline\">Resolu&ccedil;&atilde;o UFSM N. 037, de 30 de novembro de 2010<\/span><\/a><\/span>, aprovado pela<a href=\"https:\/\/www.ufsm.br\/app\/uploads\/2018\/08\/Estatuto-da-UFSM.pdf\">&nbsp;<span style=\"text-decoration: underline;color: #0000ff\">Portaria N. 156, de 12 de mar&ccedil;o de 2014<\/span><\/a>, e publicado no Di&aacute;rio Oficial da Uni&atilde;o em 13 de mar&ccedil;o de 2014;<\/p>\r\n<p>- o&nbsp;<span style=\"text-decoration: underline;color: #0000ff\"><a href=\"https:\/\/www.ufsm.br\/pro-reitorias\/proplan\/ufsm.br\/app\/uploads\/sites\/500\/2021\/04\/VFinal-DocumentoPDI-TextoBaseCONSU_TextoComPlanoDeMetas2022.pdf\"><span style=\"color: #0000ff;text-decoration: underline\">Plano de Desenvolvimento Institucional &ndash; PDI (2016-2026) da UFSM<\/span><\/a><\/span>, notadamente no Desafio 2 - Educa&ccedil;&atilde;o Inovadora e Transformadora com Excel&ecirc;ncia Acad&ecirc;mica;&nbsp;<\/p>\r\n<p>- o&nbsp;<span style=\"text-decoration: underline;color: #0000ff\"><a href=\"https:\/\/www.ufsm.br\/app\/uploads\/sites\/713\/2019\/10\/Regimento-Geral-UFSM.pdf\"><span style=\"color: #0000ff;text-decoration: underline\">Regimento da UFSM<\/span><\/a><\/span>, disposto na&nbsp;<span style=\"text-decoration: underline\"><span style=\"color: #0000ff\"><a href=\"https:\/\/www.ufsm.br\/pro-reitorias\/proplan\/resolucao-n-006-2011\/\"><span style=\"color: #0000ff;text-decoration: underline\">Resolu&ccedil;&atilde;o UFSM N. 006, de 28 de abril de 2011<\/span><\/a><\/span><\/span>, atualizado pela&nbsp;<span style=\"text-decoration: underline;color: #0000ff\"><a href=\"https:\/\/www.ufsm.br\/pro-reitorias\/proplan\/resolucao-n-016-2019\/\"><span style=\"color: #0000ff;text-decoration: underline\">Resolu&ccedil;&atilde;o UFSM N. 016, de 02 de julho de 2019<\/span><\/a><\/span>;<\/p>\r\n<p>- a&nbsp;<span style=\"text-decoration: underline;color: #0000ff\"><a href=\"https:\/\/ufsm.br\/pro-reitorias\/proplan\/resolucao-n-006-2019\/\"><span style=\"color: #0000ff;text-decoration: underline\">Resolu&ccedil;&atilde;o UFSM N. 006, de 29 de abril de 2019<\/span><\/a><\/span>, que aprova a&nbsp;<span style=\"text-decoration: underline;color: #0000ff\"><a href=\"https:\/\/www.ufsm.br\/pro-reitorias\/proplan\/ufsm.br\/pro-reitorias\/proplan\/politica-de-extensao-da-ufsm\/\"><span style=\"color: #0000ff;text-decoration: underline\">Pol&iacute;tica de Extens&atilde;o da Universidade Federal de Santa Maria (UFSM)<\/span><\/a><\/span>, notadamente nos Art. 4&ordm;, 5&ordm;, 6&ordm; e 10;<\/p>\r\n<p>- a&nbsp;<span style=\"text-decoration: underline;color: #0000ff\"><a href=\"https:\/\/www.ufsm.br\/pro-reitorias\/proplan\/resolucao-n-042-2019\/\"><span style=\"color: #0000ff;text-decoration: underline\">Resolu&ccedil;&atilde;o N. 042, de 13 de dezembro de 2019<\/span><\/a><\/span>, que disp&otilde;e sobre os atos de cria&ccedil;&atilde;o, ajuste e\/ou reforma de Projeto Pedag&oacute;gico de Curso (PPCS), no &acirc;mbito do ensino de gradua&ccedil;&atilde;o e d&aacute; outras provid&ecirc;ncias;<\/p>\r\n<p>- a&nbsp;<span style=\"text-decoration: underline;color: #0000ff\"><a href=\"https:\/\/www.ufsm.br\/pro-reitorias\/proplan\/resolucao-n-005-2020\/\"><span style=\"color: #0000ff;text-decoration: underline\">Resolu&ccedil;&atilde;o UFSM N. 029, de 05 de novembro de 2020<\/span><\/a><\/span>, que aprova a consolida&ccedil;&atilde;o dos Cursos de Gradua&ccedil;&atilde;o (Licenciatura e Bacharelado), com situa&ccedil;&atilde;o &ldquo;em atividade&rdquo;, em cada Unidade de Ensino, da Universidade Federal de Santa Maria (UFSM), em decorr&ecirc;ncia do disposto no&nbsp;<span style=\"text-decoration: underline;color: #0000ff\"><a href=\"https:\/\/www.in.gov.br\/en\/web\/dou\/-\/decreto-n-10.139-de-28-de-novembro-de-2019-230458659https:\/\/www.in.gov.br\/en\/web\/dou\/-\/decreto-n-10.139-de-28-de-novembro-de-2019-230458659\" target=\"_blank\"><span style=\"color: #0000ff;text-decoration: underline\">Decreto N. 10.139, de 28 de novembro de 2019<\/span><\/a><\/span>;<\/p>\r\n<p>- a&nbsp;<span style=\"text-decoration: underline;color: #0000ff\"><a href=\"https:\/\/www.ufsm.br\/pro-reitorias\/proplan\/resolucao-ufsm-n-054-2021\/\"><span style=\"color: #0000ff;text-decoration: underline\">Resolu&ccedil;&atilde;o UFSM N. 054, de 1&ordm; de junho de 2021<\/span><\/a><\/span>, que regulamenta a proposi&ccedil;&atilde;o e a emiss&atilde;o de Atos Normativos no &acirc;mbito da Universidade Federal de Santa Maria;<\/p>\r\n<p>- o Parecer N. 001\/2022 da Comiss&otilde;es de Ensino, Pesquisa e Extens&atilde;o (COMEPE), aprovado na 969&ordf; Sess&atilde;o do Conselho de Ensino, Pesquisa e Extens&atilde;o (CEPE), de 21 de janeiro de 2022, referente ao&nbsp;<span style=\"text-decoration: underline;color: #0000ff\"><a href=\"https:\/\/portal.ufsm.br\/documentos\/publico\/processo\/documento.html?idDocumento=13803626\"><span style=\"color: #0000ff;text-decoration: underline\">Processo N. 23081.094053\/2021-69<\/span><\/a><\/span>; e,<\/p>\r\n<p>- o Parecer N. 010\/2022 da Comiss&atilde;o de Legisla&ccedil;&atilde;o e Normas (CLN), aprovado na 969&ordf; Sess&atilde;o do Conselho de Ensino, Pesquisa e Extens&atilde;o (CEPE), de 21 de janeiro de 2022, referente ao&nbsp;<span style=\"color: #0000ff\"><a href=\"https:\/\/portal.ufsm.br\/documentos\/publico\/processo\/documento.html?idDocumento=13803626\"><span style=\"color: #0000ff;text-decoration: underline\">Processo N. 23081.094053\/2021-69<\/span><\/a><\/span>.<\/p>\r\n<br>\r\n<p style=\"text-align: justify\">RESOLVE:<\/p>\r\n<br>\r\n<p style=\"text-align: justify\">Art. 1&ordm; Dispor sobre a implanta&ccedil;&atilde;o de planos de ensino nos cursos de gradua&ccedil;&atilde;o da Universidade Federal de Santa Maria (UFSM).<\/p>\r\n<p style=\"text-align: justify\">&sect; 1&ordm; Por plano de ensino entende-se o documento por meio do qual o docente registra o planejamento did&aacute;tico da disciplina e divulga ao curso e aos acad&ecirc;micos uma previs&atilde;o da orienta&ccedil;&atilde;o a ser assumida para o desenvolvimento dos componentes curriculares e o alcance dos objetivos da aprendizagem.<\/p>\r\n<p style=\"text-align: justify\">&sect; 2&ordm; Pela sua estrita rela&ccedil;&atilde;o com o perfil do curso, os objetivos da disciplina e a turma, o plano de ensino dever&aacute; ser elaborado sempre em considera&ccedil;&atilde;o ao Projeto Pedag&oacute;gico de Curso (PPC), ao Projeto Pedag&oacute;gico Institucional (PPI), ao Guia e ao Calend&aacute;rio Acad&ecirc;mico e &agrave; especificidade de cada turma.<\/p>\r\n<p style=\"text-align: justify\">Art. 2&ordm; O plano de ensino dever&aacute; ser realizado a cada oferta, por turma, sendo a sua elabora&ccedil;&atilde;o atribui&ccedil;&atilde;o do(s) docente(s) respons&aacute;vel(is) pelo respectivo encargo did&aacute;tico.<\/p>\r\n<p style=\"text-align: justify\">Par&aacute;grafo &uacute;nico. A elabora&ccedil;&atilde;o do plano de ensino pelos docentes ser&aacute; realizada impreterivelmente por meio do Portal do Professor da UFSM, sendo que a funcionalidade relacionada estar&aacute; dispon&iacute;vel apenas para as turmas em situa&ccedil;&atilde;o &ldquo;liberada para matr&iacute;cula&rdquo;.<\/p>\r\n<p style=\"text-align: justify\">Art. 3&ordm; Uma vez finalizado, o plano de ensino dever&aacute; ser encaminhado pelo(s) docente(s) respons&aacute;vel(is) &agrave; coordena&ccedil;&atilde;o do curso no qual a disciplina ser&aacute; desenvolvida e estar dispon&iacute;vel no Portal do Aluno em at&eacute; 15 (quinze) dias a contar da data de in&iacute;cio do semestre letivo.<\/p>\r\n<p style=\"text-align: justify\">&sect; 1&ordm; Durante o tr&acirc;mite, &eacute; facultada &agrave;s coordena&ccedil;&otilde;es de curso a solicita&ccedil;&atilde;o de ajustes nos planos de ensino, desde que vinculados &agrave;s informa&ccedil;&otilde;es referentes ao Calend&aacute;rio e ao Guia Acad&ecirc;mico.<\/p>\r\n<p style=\"text-align: justify\">&sect; 2&ordm; Quando solicitado pelas coordena&ccedil;&otilde;es de curso, as chefias de departamento poder&atilde;o intermediar o processo de ajuste.<\/p>\r\n<p style=\"text-align: justify\">Art. 4&ordm; As atividades de ensino de cada disciplina\/turma dever&atilde;o ser desenvolvidas de acordo com o plano de ensino disponibilizado aos acad&ecirc;micos.<\/p>\r\n<p style=\"text-align: justify\">Art. 5&ordm; Pelo car&aacute;ter din&acirc;mico, cr&iacute;tico e reflexivo do planejamento did&aacute;tico, adequa&ccedil;&otilde;es e ajustes no plano de ensino poder&atilde;o ser realizados pelos docentes a qualquer tempo durante o per&iacute;odo de oferta da disciplina, devendo seguir os mesmos tr&acirc;mites elencados para sua cria&ccedil;&atilde;o.<\/p>\r\n<p style=\"text-align: justify\">&sect; 1&ordm; Os acad&ecirc;micos dever&atilde;o ser comunicados pelo(s) docente(s) respons&aacute;vel(is) sempre que forem efetuadas altera&ccedil;&otilde;es no plano de ensino, preferencialmente pela via eletr&ocirc;nica na forma usual de comunica&ccedil;&atilde;o estabelecida entre professor e alunos.<\/p>\r\n<p style=\"text-align: justify\">&sect; 2&ordm; O registro definitivo das a&ccedil;&otilde;es desenvolvidas pelo docente ao longo do per&iacute;odo letivo para a integraliza&ccedil;&atilde;o dos conte&uacute;dos e o alcance dos objetivos de aprendizagem &eacute; prerrogativa do di&aacute;rio de classe.<\/p>\r\n<p style=\"text-align: justify\">Art. 6&ordm; O plano de ensino dever&aacute; conter:<\/p>\r\n<p style=\"text-align: justify\">I - a identifica&ccedil;&atilde;o da disciplina e os dados de oferta, incluindo curso, n&uacute;mero da turma, nome(s) do(s) docente(s) respons&aacute;vel(is) e nome do tutor, no caso de disciplina a dist&acirc;ncia (se disposto no PPC);<\/p>\r\n<p style=\"text-align: justify\">II - o programa da disciplina, incluindo objetivos, ementa, bibliografia b&aacute;sica e bibliografia complementar, todos de acordo com o PPC vigente;<\/p>\r\n<p style=\"text-align: justify\">III - as estrat&eacute;gias de ensino a serem adotadas visando &agrave; aprendizagem dos componentes curriculares e ao alcance do objetivo geral da disciplina, incluindo condi&ccedil;&otilde;es de acessibilidade, em caso de matr&iacute;cula de alunos com defici&ecirc;ncia;<\/p>\r\n<p style=\"text-align: justify\">IV - as atividades extensionistas, se previstas na disciplina, com a descri&ccedil;&atilde;o das estrat&eacute;gias empregadas para o desenvolvimento das a&ccedil;&otilde;es junto da comunidade externa;<\/p>\r\n<p style=\"text-align: justify\">V - as informa&ccedil;&otilde;es relacionadas &agrave;s avalia&ccedil;&otilde;es (parcial e final) e &agrave;s atividades de recupera&ccedil;&atilde;o, se houver; e,<\/p>\r\n<p style=\"text-align: justify\">VI - outras informa&ccedil;&otilde;es complementares acerca de recursos educacionais e\/ou bibliografias extras a serem trabalhadas pelo(s) docente(s), se for o caso, e\/ou outras informa&ccedil;&otilde;es pertinentes.<\/p>\r\n<p style=\"text-align: justify\">&sect; 1&ordm; As informa&ccedil;&otilde;es constantes nos incisos I e II ser&atilde;o extra&iacute;das diretamente do Sistema Integrado para o Ensino (SIE) e n&atilde;o poder&atilde;o ser alteradas pelos docentes, devendo as coordena&ccedil;&otilde;es de curso, quando necess&aacute;rio, solicitar provid&ecirc;ncias &agrave; Pr&oacute;-Reitoria de Gradua&ccedil;&atilde;o (PROGRAD) no que compete ao cadastro de programas de disciplinas.<\/p>\r\n<p style=\"text-align: justify\">&sect; 2&ordm; Para o disposto no Inciso III, as estrat&eacute;gias de ensino dever&atilde;o tamb&eacute;m incluir o planejamento das a&ccedil;&otilde;es em caso de:<\/p>\r\n<p style=\"text-align: justify\">a) est&aacute;gio de doc&ecirc;ncia (doc&ecirc;ncia orientada);<\/p>\r\n<p style=\"text-align: justify\">b) atividades a dist&acirc;ncia (se disposto no PPC); e,<\/p>\r\n<p style=\"text-align: justify\">c) atividades pr&aacute;ticas, se previstas na disciplina, com a descri&ccedil;&atilde;o da forma e do local onde ser&atilde;o desenvolvidas.<\/p>\r\n<p style=\"text-align: justify\">&sect; 3&ordm; A crit&eacute;rio do docente, o planejamento das a&ccedil;&otilde;es de ensino previstas no &sect; 2&ordm; poder&aacute; incluir a organiza&ccedil;&atilde;o de um cronograma detalhado, com a indica&ccedil;&atilde;o do desenvolvimento das atividades em cada dia de oferta da disciplina, em conformidade com o Calend&aacute;rio Acad&ecirc;mico.<\/p>\r\n<p style=\"text-align: justify\">&sect; 4&ordm; As atividades de extens&atilde;o dever&atilde;o ser desenvolvidas em considera&ccedil;&atilde;o &agrave;s diretrizes da Pol&iacute;tica de Extens&atilde;o da UFSM.<\/p>\r\n<p style=\"text-align: justify\">&sect; 5&ordm; Para o disposto no inciso VI, em caso de indica&ccedil;&atilde;o de recursos educacionais e\/ou de leituras complementares n&atilde;o previstas no PPC, dever&atilde;o ser priorizados os recursos educacionais abertos e as bibliografias de acesso livre.<\/p>\r\n<p style=\"text-align: justify\">Art. 7&ordm; Coordena&ccedil;&otilde;es de curso e chefias de departamento poder&atilde;o acompanhar a elabora&ccedil;&atilde;o e acessar o hist&oacute;rico dos planos de ensino dos respectivos cursos\/docentes por meio do Portal do Derca.<\/p>\r\n<p style=\"text-align: justify\">Art. 8&ordm; Os planos de ensino ficar&atilde;o tamb&eacute;m dispon&iacute;veis para acesso p&uacute;blico pelo Portal de Documentos da UFSM, sendo a sua guarda permanente.<\/p>\r\n<p style=\"text-align: justify\">Art. 9&ordm; Os casos omissos relacionados ao plano de ensino ser&atilde;o objeto de delibera&ccedil;&atilde;o da Pr&oacute;-Reitoria de&nbsp;Gradua&ccedil;&atilde;o da UFSM.<\/p>\r\n<p style=\"text-align: justify\">Art. 10. Esta Resolu&ccedil;&atilde;o entra em vigor em 1&ordm; de mar&ccedil;o de 2022, de acordo com o que prev&ecirc; o Artigo 4&ordm; do <a href=\"http:\/\/www.planalto.gov.br\/ccivil_03\/_ato2019-2022\/2019\/decreto\/D10139.htm\" target=\"_blank\"><font color=\"blue\"><u>Decreto N. 10.139, de 28 de novembro de 2019<\/u><\/font><\/a>.<\/p>\r\n<p style=\"text-align: justify\">Par&aacute;grafo &uacute;nico. Havendo qualquer modifica&ccedil;&atilde;o legislativa, ou ainda, havendo qualquer situa&ccedil;&atilde;o legal que impacte na legalidade da presente Resolu&ccedil;&atilde;o, a mesma se aplica de imediato.<\/p>\r\n<br>\r\n<p>Paulo Afonso Burmann,<\/p>\r\n<p>Reitor.<\/p>\r\n<br>\r\n<p><font color=\"red0000\">Este texto n\u00e3o substitui o documento original, publicado no Portal de Documentos em 26 de dezembro de 2021.<\/font> Dispon\u00edvel em: <a href=\"https:\/\/portal.ufsm.br\/documentos\/publico\/documento.html?id=13948187\"><font color=\"blue\">https:\/\/portal.ufsm.br\/documentos\/publico\/documento.html?id=13948187<\/font><\/a><\/p><\/div>\r\n\r\n \r\n\r\n\r\n\r\n\t\t<\/div>\n\t\t\t\t<\/div>\n\t\t\t\t\t<\/div>\n\t\t<\/div>\n\t\t\t\t\t<\/div>\n\t\t<\/section>\n\t\t\t\t<\/div>\n\t\t","protected":false},"excerpt":{"rendered":"<p>RESOLU\u00c7\u00c3O UFSM N. 075, DE xx DE JANEIRO DE 2022 MINIST\u00c9RIO DA EDUCA\u00c7\u00c3O UNIVERSIDADE FEDERAL DE SANTA MARIA RESOLU\u00c7\u00c3O UFSM N\u00b0 075, DE 26 DE JANEIRO DE 2022 Disp\u00f5e sobre a implanta\u00e7\u00e3o de planos de ensino digitais nos cursos de gradua\u00e7\u00e3o, no \u00e2mbito da Universidade Federal de Santa Maria (UFSM). O REITOR DA UNIVERSIDADE FEDERAL [&hellip;]<\/p>\n","protected":false},"author":4883,"featured_media":0,"parent":0,"menu_order":0,"comment_status":"closed","ping_status":"closed","template":"","meta":{"footnotes":""},"categories":[],"tags":[],"class_list":["post-4795","page","type-page","status-publish","hentry"],"acf":[],"_links":{"self":[{"href":"https:\/\/www.ufsm.br\/pro-reitorias\/proplan\/wp-json\/wp\/v2\/pages\/4795","targetHints":{"allow":["GET"]}}],"collection":[{"href":"https:\/\/www.ufsm.br\/pro-reitorias\/proplan\/wp-json\/wp\/v2\/pages"}],"about":[{"href":"https:\/\/www.ufsm.br\/pro-reitorias\/proplan\/wp-json\/wp\/v2\/types\/page"}],"author":[{"embeddable":true,"href":"https:\/\/www.ufsm.br\/pro-reitorias\/proplan\/wp-json\/wp\/v2\/users\/4883"}],"replies":[{"embeddable":true,"href":"https:\/\/www.ufsm.br\/pro-reitorias\/proplan\/wp-json\/wp\/v2\/comments?post=4795"}],"version-history":[{"count":0,"href":"https:\/\/www.ufsm.br\/pro-reitorias\/proplan\/wp-json\/wp\/v2\/pages\/4795\/revisions"}],"wp:attachment":[{"href":"https:\/\/www.ufsm.br\/pro-reitorias\/proplan\/wp-json\/wp\/v2\/media?parent=4795"}],"wp:term":[{"taxonomy":"category","embeddable":true,"href":"https:\/\/www.ufsm.br\/pro-reitorias\/proplan\/wp-json\/wp\/v2\/categories?post=4795"},{"taxonomy":"post_tag","embeddable":true,"href":"https:\/\/www.ufsm.br\/pro-reitorias\/proplan\/wp-json\/wp\/v2\/tags?post=4795"}],"curies":[{"name":"wp","href":"https:\/\/api.w.org\/{rel}","templated":true}]}}