{"id":4798,"date":"2022-01-27T13:22:44","date_gmt":"2022-01-27T16:22:44","guid":{"rendered":"https:\/\/www.ufsm.br\/pro-reitorias\/proplan\/?page_id=4798"},"modified":"2025-08-22T11:37:18","modified_gmt":"2025-08-22T14:37:18","slug":"resolucao-ufsm-n-074-2022","status":"publish","type":"page","link":"https:\/\/www.ufsm.br\/pro-reitorias\/proplan\/resolucao-ufsm-n-074-2022","title":{"rendered":"RESOLU\u00c7\u00c3O UFSM N\u00b0 074\/2022"},"content":{"rendered":"\t\t<div data-elementor-type=\"wp-page\" data-elementor-id=\"4798\" class=\"elementor elementor-4798\">\n\t\t\t\t\t\t<section class=\"elementor-section elementor-top-section elementor-element elementor-element-71ce2db elementor-section-boxed elementor-section-height-default elementor-section-height-default\" data-id=\"71ce2db\" data-element_type=\"section\">\n\t\t\t\t\t\t<div class=\"elementor-container elementor-column-gap-default\">\n\t\t\t\t\t<div class=\"elementor-column elementor-col-100 elementor-top-column elementor-element elementor-element-3d2dcdf\" data-id=\"3d2dcdf\" data-element_type=\"column\">\n\t\t\t<div class=\"elementor-widget-wrap elementor-element-populated\">\n\t\t\t\t\t\t<div class=\"elementor-element elementor-element-d4f5013 elementor-widget elementor-widget-html\" data-id=\"d4f5013\" data-element_type=\"widget\" data-widget_type=\"html.default\">\n\t\t\t\t<div class=\"elementor-widget-container\">\n\t\t\t\r\n\r\n\r\n<title><b>RESOLU\u00c7\u00c3O UFSM N. 074, DE 26 DE JANEIRO DE 2022<\/b><\/title>\r\n\r\n\r\n<div align=\"center\"><img decoding=\"async\" src=\"https:\/\/www.ufsm.br\/pro-reitorias\/proplan\/wp-content\/uploads\/sites\/344\/2019\/09\/brasao-da-republica-do-brasil-logo.png\" alt=\"Bras\u00e3o Rep\u00fablica Federativa do Brasil\" width=\"6%\" height=\"6%\"><\/div>  <h1><font color=\"blue\"><font size=\"5\"><div align=\"center\">MINIST\u00c9RIO DA EDUCA\u00c7\u00c3O<\/div><\/font><\/font><\/H1>\r\n<b><font color=\"0000blue\"><div align=\"center\">UNIVERSIDADE FEDERAL DE SANTA MARIA<\/div><\/font><\/b>\r\n<p><div align=\"center\"><b><a href=\"https:\/\/portal.ufsm.br\/documentos\/publico\/documento.html?id=13948185\" target=\"_blank\"><font color=\"blue\">RESOLU\u00c7\u00c3O UFSM N\u00b0 074, DE 26 DE JANEIRO DE 2022<\/font><\/a><\/b><\/div>\r\n<br>\r\n    <div style=\"color: #800000;width: 60%;margin-left: auto;margin-right: 0;text-align: justify;font-weight: normal\">Disp\u00f5e sobre a regulamenta\u00e7\u00e3o da Dupla Diploma\u00e7\u00e3o no \u00e2mbito da Universidade Federal de Santa Maria (UFSM).<\/font><\/div>\r\n    \r\n\r\n<br><div align=\"justify\">\r\n<p>O REITOR DA UNIVERSIDADE FEDERAL DE SANTA MARIA, no uso de suas atribui\u00e7\u00f5es legais e estatut\u00e1rias e considerando:<\/p>\r\n<p>- o artigo 207, caput, da <a href=\"http:\/\/www.planalto.gov.br\/ccivil_03\/constituicao\/constituicao.htm\" target=\"_blank\"><font color=\"blue\"><u>Constitui\u00e7\u00e3o da Rep\u00fablica Federativa do Brasil de 1988, de 05 de outubro de 1988<\/u><\/font><\/a>; \r\n<p>- a <a href=\"http:\/\/www.planalto.gov.br\/ccivil_03\/leis\/l8112cons.htm\" target=\"_blank\"><font color=\"blue\"><u>Lei N. 8.112, de 11 de dezembro de 1990<\/u><\/font><\/a>, que disp\u00f5e sobre o regime jur\u00eddico dos servidores p\u00fablicos civis da Uni\u00e3o, das autarquias e das funda\u00e7\u00f5es p\u00fablicas federais; \r\n<p>- a <a href=\"http:\/\/www.planalto.gov.br\/ccivil_03\/leis\/l9394.htm\" target=\"_blank\"><font color=\"blue\"><u>Lei N. 9.394, de 20 de dezembro de 1996<\/u><\/font><\/a>, que estabelece as diretrizes e bases da educa\u00e7\u00e3o nacional e suas altera\u00e7\u00f5es; \r\n<p>- a <a href=\"http:\/\/www.planalto.gov.br\/ccivil_03\/leis\/lcp\/lcp95.htm\" target=\"_blank\"><font color=\"blue\"><u>Lei Complementar N. 95, de 26 de fevereiro de 1998<\/u><\/font><\/a>, que disp\u00f5e sobre a elabora\u00e7\u00e3o, a reda\u00e7\u00e3o, a altera\u00e7\u00e3o e a consolida\u00e7\u00e3o das leis, conforme determina o Par\u00e1grafo \u00danico do Art. 59 da <a href=\"http:\/\/www.planalto.gov.br\/ccivil_03\/constituicao\/constituicao.htm\" target=\"_blank\"><font color=\"blue\"><u>Constitui\u00e7\u00e3o Federal<\/u><\/font><\/a>, e estabelece normas para a consolida\u00e7\u00e3o dos atos normativos que menciona;\r\n<p>- a <a href=\"http:\/\/www.planalto.gov.br\/ccivil_03\/_ato2011-2014\/2012\/lei\/l12711.htm\" target=\"_blank\"><font color=\"blue\"><u>Lei N. 12.711, de 29 de agosto de 2012<\/u><\/font><\/a>, que disp\u00f5e sobre o ingresso nas universidades federais e nas institui\u00e7\u00f5es federais de ensino t\u00e9cnico de n\u00edvel m\u00e9dio e d\u00e1 outras provid\u00eancias; \r\n<p>- o <a href=\"http:\/\/www.planalto.gov.br\/ccivil_03\/_ato2015-2018\/2017\/decreto\/D9191.htm\" target=\"_blank\"><font color=\"blue\"><u>Decreto N. 9.191, de 1\u00ba de novembro de 2017<\/u><\/font><\/a>, que estabelece as normas e as diretrizes para elabora\u00e7\u00e3o, reda\u00e7\u00e3o, altera\u00e7\u00e3o, consolida\u00e7\u00e3o e encaminhamento de propostas de atos normativos ao Presidente da Rep\u00fablica pelos Ministros de Estado; \r\n<p>- a <a href=\"https:\/\/normativasconselhos.mec.gov.br\/normativa\/view\/CNE_RES_CNECESN32011.pdf?query=Brasil\" target=\"_blank\"><font color=\"blue\"><u>Resolu\u00e7\u00e3o N. 03, de 1\u00ba de fevereiro de 2011<\/u><\/font><\/a>, da C\u00e2mara de Educa\u00e7\u00e3o Superior, do Conselho Nacional de Educa\u00e7\u00e3o, do Minist\u00e9rio da Educa\u00e7\u00e3o, que disp\u00f5es sobre o reconhecimento de t\u00edtulos de p\u00f3s-gradua\u00e7\u00e3o stricto sensu, mestrado e doutorado, obtidos nos Estados Partes do Mercosul;\r\n<p>- o <a href=\"https:\/\/www.ufsm.br\/pro-reitorias\/proplan\/estatuto-ufsm-2010\/\" target=\"_blank\"><font color=\"blue\"><u>Estatuto da Universidade Federal de Santa Maria<\/u><\/font><\/a> com as adequa\u00e7\u00f5es aprovadas pela <a href=\"https:\/\/www.ufsm.br\/pro-reitorias\/proplan\/resolucao-n-037-2010\/\" target=\"_blank\"><font color=\"blue\"><u>Resolu\u00e7\u00e3o UFSM N. 037, de 30 de novembro de 2010<\/u><\/font><\/a>, aprovado pela <a href=\"https:\/\/pesquisa.in.gov.br\/imprensa\/jsp\/visualiza\/index.jsp?data=13\/03\/2014&amp;jornal=1&amp;pagina=43&amp;totalArquivos=100\" target=\"_blank\"><font color=\"blue\"><u>Portaria N. 156, de 12 de mar\u00e7o de 2014<\/u><\/font><\/a>, e publicado no Di\u00e1rio Oficial da Uni\u00e3o em 13 de mar\u00e7o de 2014; \r\n<p>- o <a href=\"https:\/\/www.ufsm.br\/pro-reitorias\/proplan\/regimento-geral-da-ufsm-com-alteracoes-compiladas-pela-resolucao-n-016-2019\/\" target=\"_blank\"><font color=\"blue\"><u>Regimento da UFSM<\/u><\/font><\/a>, disposto na <a href=\"https:\/\/www.ufsm.br\/pro-reitorias\/proplan\/resolucao-n-006-2011\/\" target=\"_blank\"><font color=\"blue\"><u>Resolu\u00e7\u00e3o UFSM N. 006, de 28 de abril de 2011<\/u><\/font><\/a>, atualizado pela <a href=\"https:\/\/www.ufsm.br\/pro-reitorias\/proplan\/resolucao-n-016-2019\/\" target=\"_blank\"><font color=\"blue\"><u>Resolu\u00e7\u00e3o UFSM N. 016, de 02 de julho de 2019<\/u><\/font><\/a>; \r\n<p>- a <a href=\"https:\/\/www.ufsm.br\/pro-reitorias\/proplan\/resolucao-n-003-2008\/\" target=\"_blank\"><font color=\"blue\"><u>Resolu\u00e7\u00e3o UFSM N. 003, de 14 de maio de 2008<\/u><\/font><\/a>, que disciplina a tramita\u00e7\u00e3o dos processos de conv\u00eanios, acordos, ajustes e outros instrumentos cong\u00eaneres no \u00e2mbito da UFSM;\r\n<p>- a <a href=\"https:\/\/www.ufsm.br\/pro-reitorias\/proplan\/resolucao-n-019-2014\/\" target=\"_blank\"><font color=\"blue\"><u>Resolu\u00e7\u00e3o UFSM N. 019, de 11 de setembro de 2014<\/u><\/font><\/a>, que institui o Boletim de Conv\u00eanios, no \u00e2mbito da Universidade Federal de Santa Maria; \r\n<p>- a <a href=\"https:\/\/www.ufsm.br\/pro-reitorias\/proplan\/resolucao-n-027-2014\/\" target=\"_blank\"><font color=\"blue\"><u>Resolu\u00e7\u00e3o UFSM N. 027, de 25 de novembro de 2014<\/u><\/font><\/a>, que regulamenta procedimento interno de cotutela de disserta\u00e7\u00e3o e tese referente a diploma com titula\u00e7\u00e3o simult\u00e2nea em dois pa\u00edses;\r\n<p>- a <a href=\"https:\/\/www.ufsm.br\/pro-reitorias\/proplan\/resolucao-n-004-2017\/\" target=\"_blank\"><font color=\"blue\"><u>Resolu\u00e7\u00e3o UFSM N. 004, de 26 de maio de 2017<\/u><\/font><\/a>, que disp\u00f5e, no \u00e2mbito da Universidade Federal de Santa Maria, sobre o reconhecimento de diplomas de cursos de p\u00f3s-gradua\u00e7\u00e3o stricto sensu (mestrado e doutorado), expedidos por institui\u00e7\u00f5es de ensino superior estrangeiras;\r\n<p>- a <a href=\"https:\/\/www.ufsm.br\/pro-reitorias\/proplan\/resolucao-n-007-2017\/\" target=\"_blank\"><font color=\"blue\"><u>Resolu\u00e7\u00e3o UFSM N. 007, de 23 de junho de 2017<\/u><\/font><\/a>, que disp\u00f5e sobre as normas e procedimentos gerais de tramita\u00e7\u00e3o de processos de solicita\u00e7\u00e3o de revalida\u00e7\u00e3o de diplomas de gradua\u00e7\u00e3o estrangeiros expedidos por estabelecimentos estrangeiros de ensino superior;\r\n<p>- a <a href=\"https:\/\/www.ufsm.br\/pro-reitorias\/proplan\/resolucao-n-022-2017\/\" target=\"_blank\"><font color=\"blue\"><u>Resolu\u00e7\u00e3o UFSM N. 022, de 19 de dezembro de 2017<\/u><\/font><\/a>, que normatiza a expedi\u00e7\u00e3o de diplomas e certificados da Universidade Federal de Santa Maria;\r\n<p>- a <a href=\"https:\/\/www.ufsm.br\/pro-reitorias\/proplan\/resolucao-n-025-2017\/\" target=\"_blank\"><font color=\"blue\"><u>Resolu\u00e7\u00e3o UFSM N. 025, de 19 de dezembro de 2017<\/u><\/font><\/a>, que regulamenta os processos de dispensa de disciplinas de gradua\u00e7\u00e3o, dispensa de disciplinas por autodidatismo e registro de Atividades Complementares de Gradua\u00e7\u00e3o (ACG);\r\n<p>- a <a href=\"https:\/\/www.ufsm.br\/pro-reitorias\/proplan\/resolucao-n-042-2019\/\" target=\"_blank\"><font color=\"blue\"><u>Resolu\u00e7\u00e3o UFSM N. 042, de 13 de dezembro de 2019<\/u><\/font><\/a>, que disp\u00f5e sobre os atos de cria\u00e7\u00e3o, ajuste e\/ou reforma de Projeto Pedag\u00f3gico de Curso (PPCS), no \u00e2mbito do ensino de gradua\u00e7\u00e3o e d\u00e1 outras provid\u00eancias;\r\n<p>- a <a href=\"https:\/\/www.ufsm.br\/pro-reitorias\/proplan\/resolucao-n-029-2020\/\" target=\"_blank\"><font color=\"blue\"><u>Resolu\u00e7\u00e3o UFSM N. 029, de 05 de novembro de 2020<\/u><\/font><\/a>, que aprova a consolida\u00e7\u00e3o dos Cursos de Gradua\u00e7\u00e3o (Licenciatura e Bacharelado), com situa\u00e7\u00e3o \u201cem atividade\u201d, em cada Unidade de Ensino, da Universidade Federal de Santa Maria (UFSM), em decorr\u00eancia do disposto no <a href=\"http:\/\/www.planalto.gov.br\/ccivil_03\/_ato2019-2022\/2019\/decreto\/D10139.htm\" target=\"_blank\"><font color=\"blue\"><u>Decreto N. 10.139, de 28 de novembro de 2019<\/u><\/font><\/a>;\r\n<p>- a <a href=\"https:\/\/www.ufsm.br\/pro-reitorias\/proplan\/resolucao-ufsm-n-054-2021\/\" target=\"_blank\"><font color=\"blue\"><u>Resolu\u00e7\u00e3o UFSM N. 054, de 1\u00ba de junho de 2021<\/u><\/font><\/a>, que regulamenta a proposi\u00e7\u00e3o e a emiss\u00e3o de Atos Normativos no \u00e2mbito da Universidade Federal de Santa Maria; e,\r\n<p>- o Parecer N. 008\/2022 da Comiss\u00e3o de Legisla\u00e7\u00e3o e Normas (CLN), aprovado na 969\u00aa Sess\u00e3o do Conselho de Ensino, Pesquisa e Extens\u00e3o (CEPE), de 21 de janeiro de 2022, referente ao Processo N. <a href=\"https:\/\/portal.ufsm.br\/documentos\/publico\/processo\/documento.html?idDocumento=13803546\" target=\"_blank\"><font color=\"blue\"><u>23081.094044\/2021-78<\/u><\/font><\/a>. \r\n<br>\r\n<br>\r\n<p>RESOLVE:<\/p>\r\n<br>\r\n<p>Art. 1\u00ba Dispor sobre a regulamenta\u00e7\u00e3o da Dupla Diploma\u00e7\u00e3o no \u00e2mbito da Universidade Federal de Santa Maria (UFSM).\r\n<p>Par\u00e1grafo \u00fanico. A presente resolu\u00e7\u00e3o aprova normas para a regulamenta\u00e7\u00e3o da Dupla Diploma\u00e7\u00e3o na UFSM.\r\n<p>Art. 2\u00ba Os Programas de Dupla Diploma\u00e7\u00e3o visam permitir aos alunos de gradua\u00e7\u00e3o da UFSM a obten\u00e7\u00e3o de diploma nesta Universidade e em outra Institui\u00e7\u00e3o estrangeira cong\u00eanere.\r\n<p>Par\u00e1grafo \u00fanico. Os Programas de Dupla Diploma\u00e7\u00e3o ficam condicionados \u00e0 exist\u00eancia de Conv\u00eanio espec\u00edfico, devidamente aprovado, entre a UFSM e a(s) Institui\u00e7\u00e3o(\u00f5es) estrangeira(s) envolvida(s) pelos \u00f3rg\u00e3os superiores estatutariamente competentes da UFSM, anteriormente ao in\u00edcio da coopera\u00e7\u00e3o, vedada qualquer convalida\u00e7\u00e3o de per\u00edodo anterior a realiza\u00e7\u00e3o do conv\u00eanio e\/ou coopera\u00e7\u00e3o.\r\n<p>Art. 3\u00ba Os Programas de Dupla Diploma\u00e7\u00e3o dever\u00e3o estabelecer em seus Regulamentos: \r\n<p>a) os crit\u00e9rios de sele\u00e7\u00e3o dos alunos participantes; \r\n<p>b) o conjunto de disciplinas; \r\n<p>c) o cronograma de atividades a serem desenvolvidas (plano de estudos); \r\n<p>d) o tempo previsto para a integraliza\u00e7\u00e3o do curso e o tempo programado para o desenvolvimento das atividades, tanto na UFSM, como na Institui\u00e7\u00e3o estrangeira cong\u00eanere; \r\n<p>e) as exig\u00eancias espec\u00edficas a serem cumpridas pelos alunos para a obten\u00e7\u00e3o da Dupla Diploma\u00e7\u00e3o; e \r\n<p>f) demais obriga\u00e7\u00f5es assumidas entre as partes, desde que aprovadas pelas IES envolvidas, nisto inclu\u00eddas as obriga\u00e7\u00f5es financeiras como, por exemplo, seguro de vida, assist\u00eancia m\u00e9dica, seguro sa\u00fade e funeral, a cargo do estudante.\r\n<p>Art. 4\u00ba Os Programas de Dupla Diploma\u00e7\u00e3o devem ter origem na unidade interessada, ouvido o respectivo colegiado. \r\n<p>Art. 5\u00ba O diploma da UFSM, a ser conferido aos acad\u00eamicos participantes de Programa de Dupla Diploma\u00e7\u00e3o, regularmente matriculados nesta Universidade, s\u00f3 poder\u00e1 ser concedido \u00e0queles que tiverem cursado, com aproveitamento, de no m\u00ednimo, 75% (setenta e cinco por cento) da carga hor\u00e1ria\/cr\u00e9ditos do respectivo curso de gradua\u00e7\u00e3o da UFSM, ou outra carga hor\u00e1ria que venha a ser definida pela legisla\u00e7\u00e3o, observando tamb\u00e9m os crit\u00e9rios impostos pela legisla\u00e7\u00e3o brasileira, para fins de outorga de diplomas de gradua\u00e7\u00e3o. \r\n<p>Art. 6\u00ba O diploma da UFSM, a ser conferido aos acad\u00eamicos estrangeiros participantes de Programas de Dupla Diploma\u00e7\u00e3o, regularmente matriculados em Institui\u00e7\u00f5es estrangeiras cong\u00eaneres conveniadas, s\u00f3 poder\u00e1 ser concedido \u00e0queles que tiverem cursado, com aproveitamento, de no m\u00ednimo, 25% (vinte e cinco por cento) da carga hor\u00e1ria\/cr\u00e9ditos do respectivo curso de gradua\u00e7\u00e3o da UFSM.\r\n<p>Art. 7\u00ba O tempo de perman\u00eancia dos alunos da UFSM na Institui\u00e7\u00e3o estrangeira cong\u00eanere conveniada, ser\u00e1, no m\u00e1ximo, igual \u00e0quele programado para o desenvolvimento das atividades naquela institui\u00e7\u00e3o, em atendimento ao previsto na al\u00ednea \"c\" do Art. 3\u00ba desta Resolu\u00e7\u00e3o. \r\n<p>Par\u00e1grafo \u00fanico. Os acad\u00eamicos da UFSM, participantes de Programas de Dupla Diploma\u00e7\u00e3o, conservar\u00e3o seu v\u00ednculo com a Universidade atrav\u00e9s da modalidade \u201cINT 1000 - Afastamento para Realiza\u00e7\u00e3o de Estudos\u201d, sendo que mediante justificativa e aprova\u00e7\u00e3o do curso de origem e do curso de execu\u00e7\u00e3o, poder\u00e1 ser prorrogado, no m\u00e1ximo, por mais 12 (doze) meses.\r\n<p>Art. 8\u00ba O tempo de perman\u00eancia na UFSM, dos acad\u00eamicos da Institui\u00e7\u00e3o Estrangeira cong\u00eanere conveniada, ser\u00e1, no m\u00e1ximo, igual \u00e0quele programado pela institui\u00e7\u00e3o de origem, para a integraliza\u00e7\u00e3o das disciplinas na UFSM.\r\n<p>Par\u00e1grafo \u00fanico. Os alunos provenientes de Institui\u00e7\u00f5es estrangeiras cong\u00eaneres conveniadas, participantes de Programas de Dupla Diploma\u00e7\u00e3o, ter\u00e3o seu ingresso regularizado na UFSM atrav\u00e9s de modalidade espec\u00edfica, ensejando o registro do aproveitamento em disciplinas cursadas na Universidade e previstas no \u00e2mbito do Programa de Dupla Diploma\u00e7\u00e3o do referido curso, sendo que mediante justificativa e aprova\u00e7\u00e3o do curso de origem e do curso de execu\u00e7\u00e3o, poder\u00e1 ser prorrogado, no m\u00e1ximo, por mais 12 (doze) meses.\r\n<p>Art. 9\u00ba Nos Hist\u00f3ricos Escolares conferidos pela UFSM aos diplomados participantes de Programa de Dupla Diploma\u00e7\u00e3o, constar\u00e3o a nominata, os cr\u00e9ditos e os conceitos das disciplinas cursadas na UFSM, bem como a men\u00e7\u00e3o de que as demais exig\u00eancias do curr\u00edculo do curso foram atendidas quando do desenvolvimento do respectivo Programa de Dupla Diploma\u00e7\u00e3o.\r\n<p>Par\u00e1grafo \u00fanico. Nos Hist\u00f3ricos Escolares dever\u00e3o constar, explicitamente, as identifica\u00e7\u00f5es dos Conv\u00eanios correspondentes, os nomes das Institui\u00e7\u00f5es Estrangeiras cong\u00eaneres conveniadas e os per\u00edodos de perman\u00eancia dos discentes na UFSM. \r\n<p>Art. 10. Nos diplomas da UFSM, a serem conferidos aos alunos participantes de Programa de Dupla Diploma\u00e7\u00e3o, dever\u00e3o constar, explicitamente, as identifica\u00e7\u00f5es das Institui\u00e7\u00f5es Estrangeiras cong\u00eaneres conveniadas e dos Conv\u00eanios correspondentes.\r\n<p>Art. 11. Esta Resolu\u00e7\u00e3o entra em vigor 1\u00ba de mar\u00e7o de 2022, de acordo com o que prev\u00ea o Artigo 4\u00ba do <a href=\"http:\/\/www.planalto.gov.br\/ccivil_03\/_ato2019-2022\/2019\/decreto\/D10139.htm\" target=\"_blank\"><font color=\"blue\"><u>Decreto N. 10.139, de 28 de novembro de 2019<\/u><\/font><\/a>.\r\n<p>Par\u00e1grafo \u00fanico. Havendo qualquer modifica\u00e7\u00e3o legislativa, ou ainda, havendo qualquer situa\u00e7\u00e3o legal que impacte na legalidade da presente Resolu\u00e7\u00e3o, a mesma se aplica de imediato.\r\n<br>\r\n<br>\r\n<p>Luciano Schuch,<\/p>\r\n<p>Reitor.<\/p>\r\n<br>\r\n<p><font color=\"red0000\">Este texto n\u00e3o substitui o documento original, publicado no Portal de Documentos em 26 de janeiro de 2022.<\/font> Dispon\u00edvel em: <a href=\"https:\/\/portal.ufsm.br\/documentos\/publico\/documento.html?id=13948185\"><font color=\"blue\">https:\/\/portal.ufsm.br\/documentos\/publico\/documento.html?id=13948185<\/font><\/a><\/p><\/div>\r\n\r\n \t\t<\/div>\n\t\t\t\t<\/div>\n\t\t\t\t\t<\/div>\n\t\t<\/div>\n\t\t\t\t\t<\/div>\n\t\t<\/section>\n\t\t\t\t<\/div>\n\t\t","protected":false},"excerpt":{"rendered":"<p>RESOLU\u00c7\u00c3O UFSM N. 074, DE 26 DE JANEIRO DE 2022 MINIST\u00c9RIO DA EDUCA\u00c7\u00c3O UNIVERSIDADE FEDERAL DE SANTA MARIA RESOLU\u00c7\u00c3O UFSM N\u00b0 074, DE 26 DE JANEIRO DE 2022 Disp\u00f5e sobre a regulamenta\u00e7\u00e3o da Dupla Diploma\u00e7\u00e3o no \u00e2mbito da Universidade Federal de Santa Maria (UFSM). O REITOR DA UNIVERSIDADE FEDERAL DE SANTA MARIA, no uso de [&hellip;]<\/p>\n","protected":false},"author":230,"featured_media":0,"parent":0,"menu_order":0,"comment_status":"closed","ping_status":"closed","template":"","meta":{"footnotes":""},"categories":[],"tags":[],"class_list":["post-4798","page","type-page","status-publish","hentry"],"acf":[],"_links":{"self":[{"href":"https:\/\/www.ufsm.br\/pro-reitorias\/proplan\/wp-json\/wp\/v2\/pages\/4798","targetHints":{"allow":["GET"]}}],"collection":[{"href":"https:\/\/www.ufsm.br\/pro-reitorias\/proplan\/wp-json\/wp\/v2\/pages"}],"about":[{"href":"https:\/\/www.ufsm.br\/pro-reitorias\/proplan\/wp-json\/wp\/v2\/types\/page"}],"author":[{"embeddable":true,"href":"https:\/\/www.ufsm.br\/pro-reitorias\/proplan\/wp-json\/wp\/v2\/users\/230"}],"replies":[{"embeddable":true,"href":"https:\/\/www.ufsm.br\/pro-reitorias\/proplan\/wp-json\/wp\/v2\/comments?post=4798"}],"version-history":[{"count":0,"href":"https:\/\/www.ufsm.br\/pro-reitorias\/proplan\/wp-json\/wp\/v2\/pages\/4798\/revisions"}],"wp:attachment":[{"href":"https:\/\/www.ufsm.br\/pro-reitorias\/proplan\/wp-json\/wp\/v2\/media?parent=4798"}],"wp:term":[{"taxonomy":"category","embeddable":true,"href":"https:\/\/www.ufsm.br\/pro-reitorias\/proplan\/wp-json\/wp\/v2\/categories?post=4798"},{"taxonomy":"post_tag","embeddable":true,"href":"https:\/\/www.ufsm.br\/pro-reitorias\/proplan\/wp-json\/wp\/v2\/tags?post=4798"}],"curies":[{"name":"wp","href":"https:\/\/api.w.org\/{rel}","templated":true}]}}