{"id":4803,"date":"2022-02-01T12:21:33","date_gmt":"2022-02-01T15:21:33","guid":{"rendered":"https:\/\/www.ufsm.br\/pro-reitorias\/proplan\/?page_id=4803"},"modified":"2026-01-09T11:51:43","modified_gmt":"2026-01-09T14:51:43","slug":"resolucao-ufsm-n-077-2022","status":"publish","type":"page","link":"https:\/\/www.ufsm.br\/pro-reitorias\/proplan\/resolucao-ufsm-n-077-2022","title":{"rendered":"RESOLU\u00c7\u00c3O UFSM N\u00b0 077\/2022"},"content":{"rendered":"\t\t<div data-elementor-type=\"wp-page\" data-elementor-id=\"4803\" class=\"elementor elementor-4803\">\n\t\t\t\t\t\t<section class=\"elementor-section elementor-top-section elementor-element elementor-element-0d036e8 elementor-section-boxed elementor-section-height-default elementor-section-height-default\" data-id=\"0d036e8\" data-element_type=\"section\">\n\t\t\t\t\t\t<div class=\"elementor-container elementor-column-gap-default\">\n\t\t\t\t\t<div class=\"elementor-column elementor-col-100 elementor-top-column elementor-element elementor-element-45eadcd\" data-id=\"45eadcd\" data-element_type=\"column\">\n\t\t\t<div class=\"elementor-widget-wrap elementor-element-populated\">\n\t\t\t\t\t\t<div class=\"elementor-element elementor-element-7fb8786 elementor-widget elementor-widget-html\" data-id=\"7fb8786\" data-element_type=\"widget\" data-widget_type=\"html.default\">\n\t\t\t\t<div class=\"elementor-widget-container\">\n\t\t\t\r\n\r\n\r\n<title><b>RESOLU\u00c7\u00c3O UFSM N. 077, DE 31 DE JANEIRO DE 2022<\/b><\/title>\r\n\r\n\r\n<div align=\"center\"><img decoding=\"async\" src=\"https:\/\/www.ufsm.br\/pro-reitorias\/proplan\/wp-content\/uploads\/sites\/344\/2019\/09\/brasao-da-republica-do-brasil-logo.png\" alt=\"Bras\u00e3o Rep\u00fablica Federativa do Brasil\" width=\"6%\" height=\"6%\"><\/div>  <h1><font color=\"blue\"><font size=\"5\"><div align=\"center\">MINIST\u00c9RIO DA EDUCA\u00c7\u00c3O<\/div><\/font><\/font><\/H1>\r\n<b><font color=\"0000blue\"><div align=\"center\">UNIVERSIDADE FEDERAL DE SANTA MARIA<\/div><\/font><\/b>\r\n<p><div align=\"center\"><b><a href=\"https:\/\/portal.ufsm.br\/documentos\/publico\/documento.html?id=13955134\" target=\"_blank\"><font color=\"blue\">RESOLU\u00c7\u00c3O UFSM N\u00b0 077, DE 31 DE JANEIRO DE 2022<\/font><\/a><\/b><\/div>\r\n<br>\r\n<p>\r\n    <div align=\"justify\">\r\n        <font color=\"800000\">\r\n            <ul>\r\n                <ul>\r\n                    <ul>\r\n                        <ul>\r\n                            <ul>\r\n                                <ul>\r\n                                    <ul>\r\n                                        <ul>\r\n                                            <ul>\r\n                                                <ul>\r\n                                                    <ul>\r\n                                                        <ul>\r\n                                                            <ul>\r\n                                                                <ul>\r\n                                                                    <ul>\r\n                                                                        <ul>\r\n                                                                            Aprova o novo Regimento Interno da Orquestra (OS-PRE), Subunidade Administrativa, vinculada \u00e0 Coordenadoria de Cultura e Arte (CCA-PRE), da estrutura organizacional da Pr\u00f3-Reitoria de Extens\u00e3o (PRE), da Universidade Federal de Santa (UFSM).\r\n                                                                        <\/ul>\r\n                                                                    <\/ul>\r\n                                                                <\/ul>\r\n                                                            <\/ul>\r\n                                                        <\/ul>\r\n                                                    <\/ul>\r\n                                                <\/ul>\r\n                                            <\/ul>\r\n                                        <\/ul>\r\n                                    <\/ul>\r\n                                <\/ul>\r\n                            <\/ul>\r\n                        <\/ul>\r\n                    <\/ul>\r\n                <\/ul>\r\n            <\/ul>\r\n        <\/font>\r\n    <\/div>\r\n<\/p>\r\n\r\n<br>\r\n\r\n<p>O REITOR DA UNIVERSIDADE FEDERAL DE SANTA MARIA, no uso de suas atribui\u00e7\u00f5es legais e estatut\u00e1rias e considerando:<\/p>\r\n<p class=\"Textbodyindent\">- a&nbsp;<span style=\"text-decoration: underline;color: #0000ff\"><a href=\"http:\/\/www.planalto.gov.br\/ccivil_03\/constituicao\/constituicao.htm\"><span style=\"color: #0000ff;text-decoration: underline\">Constitui&ccedil;&atilde;o da Rep&uacute;blica Federativa do Brasil de 1988, de 05 de outubro de 1988<\/span><\/a><\/span>;<\/p>\r\n<p class=\"Textbodyindent\">- a&nbsp;<span style=\"text-decoration: underline;color: #0000ff\"><a href=\"http:\/\/www.planalto.gov.br\/ccivil_03\/leis\/l8027.htm\"><span style=\"color: #0000ff;text-decoration: underline\">Lei N. 8.027, de 12 de abril de 1990<\/span><\/a><\/span>, que disp&otilde;e sobre normas de conduta dos servidores p&uacute;blicos civis da Uni&atilde;o, das Autarquias e das Funda&ccedil;&otilde;es P&uacute;blicas, e d&aacute; outras provid&ecirc;ncias;<\/p>\r\n<p class=\"Textbodyindent\">-&nbsp;<span style=\"text-decoration: underline;color: #0000ff\"><a href=\"http:\/\/www.planalto.gov.br\/ccivil_03\/leis\/l8112cons.htm\"><span style=\"color: #0000ff;text-decoration: underline\">a Lei N. 8.112, de 11 de dezembro de 1990<\/span><\/a><\/span>, que disp&otilde;e sobre o regime jur&iacute;dico dos servidores p&uacute;blicos civis da Uni&atilde;o, das autarquias e das funda&ccedil;&otilde;es p&uacute;blicas federais;<\/p>\r\n<p class=\"Textbodyindent\">-&nbsp;<span style=\"text-decoration: underline;color: #0000ff\"><a href=\"http:\/\/www.planalto.gov.br\/ccivil_03\/leis\/l9394.htm\"><span style=\"color: #0000ff;text-decoration: underline\">a Lei N. 9.394, de 20 de dezembro de 1996<\/span><\/a><\/span>, que estabelece as diretrizes e bases da educa&ccedil;&atilde;o nacional e suas altera&ccedil;&otilde;es;<\/p>\r\n<p class=\"Textbodyindent\">-&nbsp;<span style=\"text-decoration: underline;color: #0000ff\"><a href=\"http:\/\/www.planalto.gov.br\/ccivil_03\/leis\/lcp\/lcp95.htm\"><span style=\"color: #0000ff;text-decoration: underline\">a Lei Complementar N. 95, de 26 de fevereiro de 1998<\/span><\/a><\/span>, que disp&otilde;e sobre a elabora&ccedil;&atilde;o, a reda&ccedil;&atilde;o, a altera&ccedil;&atilde;o e a consolida&ccedil;&atilde;o das leis, conforme determina o Par&aacute;grafo &Uacute;nico do Art. 59 da Constitui&ccedil;&atilde;o Federal, e estabelece normas para a consolida&ccedil;&atilde;o dos atos normativos que menciona;<\/p>\r\n<p class=\"Textbodyindent\">-&nbsp;<span style=\"text-decoration: underline;color: #0000ff\"><a href=\"https:\/\/www.in.gov.br\/en\/web\/dou\/-\/decreto-n-10.139-de-28-de-novembro-de-2019-230458659\"><span style=\"color: #0000ff;text-decoration: underline\">o Decreto N. 10.139, de 28 de novembro de 2019<\/span><\/a><\/span>, que disp&otilde;e sobre a revis&atilde;o e a consolida&ccedil;&atilde;o de atos normativos inferiores a decreto;<\/p>\r\n<p>-&nbsp;<span style=\"text-decoration: underline;color: #0000ff\"><a href=\"http:\/\/www.planalto.gov.br\/ccivil_03\/_ato2019-2022\/2019\/decreto\/D9759.htm\"><span style=\"color: #0000ff;text-decoration: underline\">o Decreto N. 9.759, de 11 de abril de 2019<\/span><\/a><\/span>, que extingue e estabelece diretrizes, regras e limita&ccedil;&otilde;es para colegiados da administra&ccedil;&atilde;o p&uacute;blica federal, alterado pelo&nbsp;<span style=\"text-decoration: underline;color: #0000ff\"><a href=\"http:\/\/www.planalto.gov.br\/ccivil_03\/_ato2019-2022\/2019\/decreto\/D9812.htm\"><span style=\"color: #0000ff;text-decoration: underline\">Decreto N. 9.812, de 30 de maio de 2019<\/span><\/a><\/span>;<\/p>\r\n<p class=\"Textbodyindent\">-&nbsp;<span style=\"text-decoration: underline;color: #0000ff\"><a href=\"http:\/\/www.planalto.gov.br\/ccivil_03\/_ato2015-2018\/2017\/decreto\/D9191.htm\"><span style=\"color: #0000ff;text-decoration: underline\">o Decreto N. 9.191, de 1&ordm; de novembro de 2017<\/span><\/a><\/span>, que estabelece as normas e as diretrizes para elabora&ccedil;&atilde;o, reda&ccedil;&atilde;o, altera&ccedil;&atilde;o, consolida&ccedil;&atilde;o e encaminhamento de propostas de atos normativos ao Presidente da Rep&uacute;blica pelos Ministros de Estado;<\/p>\r\n<p class=\"Textbodyindent\">-&nbsp;<span style=\"text-decoration: underline;color: #0000ff\"><a href=\"https:\/\/www.ufsm.br\/pro-reitorias\/proplan\/estatuto-ufsm-2010\/\"><span style=\"color: #0000ff;text-decoration: underline\">o Estatuto da Universidade Federal de Santa Maria<\/span><\/a><\/span>&nbsp;com as adequa&ccedil;&otilde;es aprovadas pela&nbsp;<span style=\"text-decoration: underline;color: #0000ff\"><a href=\"https:\/\/www.ufsm.br\/pro-reitorias\/proplan\/resolucao-n-037-2010\/\"><span style=\"color: #0000ff;text-decoration: underline\">Resolu&ccedil;&atilde;o UFSM N. 037, de 30 de novembro de 2010<\/span><\/a><\/span>, aprovado pela&nbsp;<span style=\"text-decoration: underline\"><span style=\"color: #0000ff\"><a href=\"https:\/\/www.ufsm.br\/app\/uploads\/2018\/08\/Estatuto-da-UFSM.pdf\"><span style=\"color: #0000ff;text-decoration: underline\">Portaria N. 156, de 12 de mar&ccedil;o de 2014<\/span><\/a><\/span><\/span>, e publicado no Di&aacute;rio Oficial da Uni&atilde;o em 13 de mar&ccedil;o de 2014;<\/p>\r\n<p class=\"Textbodyindent\">-<span style=\"text-decoration: underline;color: #0000ff\">&nbsp;<a href=\"https:\/\/www.ufsm.br\/app\/uploads\/sites\/713\/2019\/10\/Regimento-Geral-UFSM.pdf\"><span style=\"color: #0000ff;text-decoration: underline\">o Regimento da UFSM<\/span><\/a><\/span>, disposto na&nbsp;<span style=\"text-decoration: underline;color: #0000ff\"><a href=\"https:\/\/www.ufsm.br\/pro-reitorias\/proplan\/resolucao-n-006-2011\/\"><span style=\"color: #0000ff;text-decoration: underline\">Resolu&ccedil;&atilde;o UFSM N. 006, de 28 de abril de 2011<\/span><\/a><\/span>, atualizado pela<span style=\"text-decoration: underline;color: #0000ff\">&nbsp;<a href=\"https:\/\/www.ufsm.br\/pro-reitorias\/proplan\/resolucao-n-016-2019\/\"><span style=\"color: #0000ff\">Resolu&ccedil;&atilde;o UFSM N. 016, de 02 de julho de 2019<\/span><\/a><\/span>;&nbsp;<\/p>\r\n<p>-&nbsp;<span style=\"text-decoration: underline;color: #0000ff\"><a href=\"https:\/\/www.ufsm.br\/pro-reitorias\/proplan\/resolucao-n-016-2020\/\"><span style=\"color: #0000ff;text-decoration: underline\">a Resolu&ccedil;&atilde;o UFSM N. 016, de 23 de junho de 2020<\/span><\/a><\/span>, que estabelece a nova estrutura organizacional da Pr&oacute;-Reitoria de Extens&atilde;o (PRE) da Universidade Federal de Santa Maria (UFSM), suas compet&ecirc;ncias e atribui&ccedil;&otilde;es e altera o Regimento Geral da UFSM;<\/p>\r\n<p class=\"Textbodyindent\">- a&nbsp;<span style=\"text-decoration: underline;color: #0000ff\"><a href=\"https:\/\/www.ufsm.br\/pro-reitorias\/proplan\/resolucao-ufsm-n-054-2021\/\"><span style=\"color: #0000ff;text-decoration: underline\">Resolu&ccedil;&atilde;o UFSM N. 054, de 1&ordm; de junho de 2021<\/span><\/a><\/span>, que regulamenta a proposi&ccedil;&atilde;o e a emiss&atilde;o de Atos Normativos no &acirc;mbito da Universidade Federal de Santa Maria;<\/p>\r\n<p>- o Parecer N. 003\/2022 da Comiss&atilde;o de Legisla&ccedil;&atilde;o e Normas (CLN), aprovado na 969&ordf; Sess&atilde;o do Conselho de Ensino, Pesquisa e Extens&atilde;o (CEPE), de 21 de janeiro de 2022, referente ao&nbsp;<span style=\"text-decoration: underline;color: #0000ff\"><a href=\"https:\/\/portal.ufsm.br\/documentos\/publico\/processo\/documento.html;jsessionid=1b2deacf5266a3cb71ada035da05?idDocumento=13414009\"><span style=\"color: #0000ff;text-decoration: underline\">Processo N. 23081.013835\/2021-13<\/span><\/a><\/span>; e,<\/p>\r\n<p>- o Parecer N. 003\/2022 da Comiss&atilde;o de Legisla&ccedil;&atilde;o e Regimentos (CLR), aprovado na 848&ordf; Sess&atilde;o do Conselho Universit&aacute;rio (CONSU), de 28 de janeiro de 2022, referente ao<span style=\"text-decoration: underline;color: #0000ff\">&nbsp;<a href=\"https:\/\/portal.ufsm.br\/documentos\/publico\/processo\/documento.html;jsessionid=1b2deacf5266a3cb71ada035da05?idDocumento=13414009\"><span style=\"color: #0000ff\">Processo N. 23081.013835\/2021-13<\/span><\/a><\/span>.<\/p>\r\n<p style=\"text-align: justify\">&nbsp;<\/p>\r\n<p style=\"text-align: justify\">RESOLVE:<\/p>\r\n<p style=\"text-align: justify\">&nbsp;<\/p>\r\n<p style=\"text-align: justify\">Art. 1&ordm; Aprovar o novo Regimento Interno da Orquestra (OS-PRE), Subunidade Administrativa, vinculada &agrave; Coordenadoria de Cultura e Arte (CCA-PRE), da estrutura organizacional da Pr&oacute;-Reitoria de Extens&atilde;o (PRE), da Universidade Federal de Santa Maria (UFSM).<\/p>\r\n<p style=\"text-align: justify\">Par&aacute;grafo &uacute;nico. O novo Regimento Interno da Orquestra (OS-PRE) se constitui como anexo desta Resolu&ccedil;&atilde;o.<\/p>\r\n<p style=\"text-align: justify\">Art. 2&ordm; Esta Resolu&ccedil;&atilde;o entra em vigor 1&ordm; de mar&ccedil;o de 2022, de acordo com o que prev&ecirc; o Artigo 4&ordm; do <a href=\"http:\/\/www.planalto.gov.br\/ccivil_03\/_ato2019-2022\/2019\/decreto\/D10139.htm\" target=\"_blank\"><font color=\"blue\"><u>Decreto N. 10.139, de 28 de novembro de 2019<\/u><\/font><\/a>.<\/p>\r\n<p style=\"text-align: justify\">Par&aacute;grafo &uacute;nico. Havendo qualquer modifica&ccedil;&atilde;o legislativa, ou ainda, havendo qualquer situa&ccedil;&atilde;o legal que impacte na legalidade da presente Resolu&ccedil;&atilde;o, a mesma se aplica de imediato.<\/p>\r\n\r\n<br>\r\n<p>Luciano Schuch,<\/p>\r\n<p>Reitor.<\/p>\r\n<br>\r\n<p><font color=\"red0000\">Este texto n\u00e3o substitui o documento original, publicado no Portal de Documentos em 31 de janeiro de 2022.<\/font> Dispon\u00edvel em: <a href=\"https:\/\/portal.ufsm.br\/documentos\/publico\/documento.html?id=13955134\"><font color=\"blue\">https:\/\/portal.ufsm.br\/documentos\/publico\/documento.html?id=13955134<\/font><\/a><\/p><\/div>\r\n\r\n \t\t<\/div>\n\t\t\t\t<\/div>\n\t\t\t\t\t<\/div>\n\t\t<\/div>\n\t\t\t\t\t<\/div>\n\t\t<\/section>\n\t\t\t\t<\/div>\n\t\t","protected":false},"excerpt":{"rendered":"<p>RESOLU\u00c7\u00c3O UFSM N. 077, DE 31 DE JANEIRO DE 2022 MINIST\u00c9RIO DA EDUCA\u00c7\u00c3O UNIVERSIDADE FEDERAL DE SANTA MARIA RESOLU\u00c7\u00c3O UFSM N\u00b0 077, DE 31 DE JANEIRO DE 2022 Aprova o novo Regimento Interno da Orquestra (OS-PRE), Subunidade Administrativa, vinculada \u00e0 Coordenadoria de Cultura e Arte (CCA-PRE), da estrutura organizacional da Pr\u00f3-Reitoria de Extens\u00e3o (PRE), da [&hellip;]<\/p>\n","protected":false},"author":4883,"featured_media":0,"parent":0,"menu_order":0,"comment_status":"closed","ping_status":"closed","template":"","meta":{"footnotes":""},"categories":[],"tags":[],"class_list":["post-4803","page","type-page","status-publish","hentry"],"acf":[],"_links":{"self":[{"href":"https:\/\/www.ufsm.br\/pro-reitorias\/proplan\/wp-json\/wp\/v2\/pages\/4803","targetHints":{"allow":["GET"]}}],"collection":[{"href":"https:\/\/www.ufsm.br\/pro-reitorias\/proplan\/wp-json\/wp\/v2\/pages"}],"about":[{"href":"https:\/\/www.ufsm.br\/pro-reitorias\/proplan\/wp-json\/wp\/v2\/types\/page"}],"author":[{"embeddable":true,"href":"https:\/\/www.ufsm.br\/pro-reitorias\/proplan\/wp-json\/wp\/v2\/users\/4883"}],"replies":[{"embeddable":true,"href":"https:\/\/www.ufsm.br\/pro-reitorias\/proplan\/wp-json\/wp\/v2\/comments?post=4803"}],"version-history":[{"count":0,"href":"https:\/\/www.ufsm.br\/pro-reitorias\/proplan\/wp-json\/wp\/v2\/pages\/4803\/revisions"}],"wp:attachment":[{"href":"https:\/\/www.ufsm.br\/pro-reitorias\/proplan\/wp-json\/wp\/v2\/media?parent=4803"}],"wp:term":[{"taxonomy":"category","embeddable":true,"href":"https:\/\/www.ufsm.br\/pro-reitorias\/proplan\/wp-json\/wp\/v2\/categories?post=4803"},{"taxonomy":"post_tag","embeddable":true,"href":"https:\/\/www.ufsm.br\/pro-reitorias\/proplan\/wp-json\/wp\/v2\/tags?post=4803"}],"curies":[{"name":"wp","href":"https:\/\/api.w.org\/{rel}","templated":true}]}}