{"id":4828,"date":"2022-02-21T10:26:06","date_gmt":"2022-02-21T13:26:06","guid":{"rendered":"https:\/\/www.ufsm.br\/pro-reitorias\/proplan\/?page_id=4828"},"modified":"2025-08-22T15:18:51","modified_gmt":"2025-08-22T18:18:51","slug":"resolucao-ufsm-n-081-2022","status":"publish","type":"page","link":"https:\/\/www.ufsm.br\/pro-reitorias\/proplan\/resolucao-ufsm-n-081-2022","title":{"rendered":"RESOLU\u00c7\u00c3O UFSM N\u00b0 081\/2022"},"content":{"rendered":"\t\t<div data-elementor-type=\"wp-page\" data-elementor-id=\"4828\" class=\"elementor elementor-4828\">\n\t\t\t\t\t\t<section class=\"elementor-section elementor-top-section elementor-element elementor-element-fd0b7ad elementor-section-boxed elementor-section-height-default elementor-section-height-default\" data-id=\"fd0b7ad\" data-element_type=\"section\">\n\t\t\t\t\t\t<div class=\"elementor-container elementor-column-gap-default\">\n\t\t\t\t\t<div class=\"elementor-column elementor-col-100 elementor-top-column elementor-element elementor-element-23f67c9\" data-id=\"23f67c9\" data-element_type=\"column\">\n\t\t\t<div class=\"elementor-widget-wrap elementor-element-populated\">\n\t\t\t\t\t\t<div class=\"elementor-element elementor-element-f63da65 elementor-widget elementor-widget-html\" data-id=\"f63da65\" data-element_type=\"widget\" data-widget_type=\"html.default\">\n\t\t\t\t<div class=\"elementor-widget-container\">\n\t\t\t\r\n\r\n\r\n<title><b>RESOLU\u00c7\u00c3O UFSM N. 081, DE 18 DE FEVEREIRO DE 2022<\/b><\/title>\r\n\r\n\r\n<div align=\"center\"><img decoding=\"async\" src=\"https:\/\/www.ufsm.br\/pro-reitorias\/proplan\/wp-content\/uploads\/sites\/344\/2019\/09\/brasao-da-republica-do-brasil-logo.png\" alt=\"Bras\u00e3o Rep\u00fablica Federativa do Brasil\" width=\"6%\" height=\"6%\"><\/div>  <h1><font color=\"blue\"><font size=\"5\"><div align=\"center\">MINIST\u00c9RIO DA EDUCA\u00c7\u00c3O<\/div><\/font><\/font><\/H1>\r\n<b><font color=\"0000blue\"><div align=\"center\">UNIVERSIDADE FEDERAL DE SANTA MARIA<\/div><\/font><\/b>\r\n<p><div align=\"center\"><b><a href=\"https:\/\/portal.ufsm.br\/documentos\/publico\/documento.html?id=13989562\" target=\"_blank\"><font color=\"blue\">RESOLU\u00c7\u00c3O UFSM N\u00b0 081, DE 18 DE FEVEREIRO DE 2022<\/font><\/a><\/b><\/div>\r\n<br>\r\n<p><div align=\"justify\"><font color=\"800000\"><ul><ul><ul><ul><ul><ul><ul><ul><ul><ul><ul><ul><ul><ul><ul><ul>Aprova a cria\u00e7\u00e3o do \u00f3rg\u00e3o colegiado denominado \u201cComiss\u00e3o Interna de Conserva\u00e7\u00e3o de Energia\u201d (CICE\/UFSM), vinculado a Universidade Federal de Santa Maria (UFSM).<\/font><\/div>\r\n<\/ul><\/ul><\/ul><\/ul><\/ul><\/ul><\/ul><\/ul><\/ul><\/ul><\/ul><\/ul><\/ul><\/ul><\/ul><\/ul><\/ul><\/ul><\/ul>\r\n\r\n<br><div align=\"justify\"><font color=\"black\">\r\n<p>O REITOR DA UNIVERSIDADE FEDERAL DE SANTA MARIA, no uso de suas atribui\u00e7\u00f5es legais e estatut\u00e1rias e considerando:<\/p>\r\n<p>- a <a href=\"http:\/\/www.planalto.gov.br\/ccivil_03\/constituicao\/constituicao.htm\" target=\"_blank\"><font color=\"blue\"><u>Constitui\u00e7\u00e3o da Rep\u00fablica Federativa do Brasil de 1988, de 05 de outubro de 1988<\/u><\/font><\/a>; \r\n<p>- a <a href=\"http:\/\/www.planalto.gov.br\/ccivil_03\/leis\/l8112cons.htm\" target=\"_blank\"><font color=\"blue\"><u>Lei N. 8.112, de 11 de dezembro de 1990<\/u><\/font><\/a>, que disp\u00f5e sobre o regime jur\u00eddico dos servidores p\u00fablicos civis da Uni\u00e3o, das autarquias e das funda\u00e7\u00f5es p\u00fablicas federais; \r\n<p>- a <a href=\"http:\/\/www.planalto.gov.br\/ccivil_03\/leis\/l9394.htm\" target=\"_blank\"><font color=\"blue\"><u>Lei N. 9.394, de 20 de dezembro de 1996<\/u><\/font><\/a>, que estabelece as diretrizes e bases da educa\u00e7\u00e3o nacional e suas altera\u00e7\u00f5es; \r\n<p>- a <a href=\"http:\/\/www.planalto.gov.br\/ccivil_03\/leis\/lcp\/lcp95.htm\" target=\"_blank\"><font color=\"blue\"><u>Lei Complementar N. 95, de 26 de fevereiro de 1998<\/u><\/font><\/a>, que disp\u00f5e sobre a elabora\u00e7\u00e3o, a reda\u00e7\u00e3o, a altera\u00e7\u00e3o e a consolida\u00e7\u00e3o das leis, conforme determina o Par\u00e1grafo \u00danico do Art. 59 da <a href=\"http:\/\/www.planalto.gov.br\/ccivil_03\/constituicao\/constituicao.htm\" target=\"_blank\"><font color=\"blue\"><u>Constitui\u00e7\u00e3o Federal<\/u><\/font><\/a>, e estabelece normas para a consolida\u00e7\u00e3o dos atos normativos que menciona; \r\n<p>- o <a href=\"http:\/\/www.planalto.gov.br\/ccivil_03\/_ato2015-2018\/2017\/decreto\/D9191.htm\" target=\"_blank\"><font color=\"blue\"><u>Decreto N. 9.191, de 1\u00ba de novembro de 2017<\/u><\/font><\/a>, que estabelece as normas e as diretrizes para elabora\u00e7\u00e3o, reda\u00e7\u00e3o, altera\u00e7\u00e3o, consolida\u00e7\u00e3o e encaminhamento de proposta de atos normativos ao Presidente da Rep\u00fablica pelos Ministros de Estado;\r\n<p>\u2013 o <a href=\"http:\/\/www.planalto.gov.br\/ccivil_03\/_ato2019-2022\/2019\/decreto\/D9759.htm\" target=\"_blank\"><font color=\"blue\"><u>Decreto N. 9.759, de 11 de abril de 2019<\/u><\/font><\/a>, que extingue e estabelece diretrizes, regras e limita\u00e7\u00f5es para colegiados da administra\u00e7\u00e3o p\u00fablica federal;<\/p>\r\n<p>- o <a href=\"http:\/\/www.planalto.gov.br\/ccivil_03\/_ato2019-2022\/2019\/decreto\/D10139.htm\" target=\"_blank\"><font color=\"blue\"><u>Decreto N. 10.139, de 28 de novembro de 2019<\/u><\/font><\/a>, que disp\u00f5e sobre a revis\u00e3o e a consolida\u00e7\u00e3o de atos normativos inferiores a decreto;\r\n<p>- o Artigo 3\u00ba, do <a href=\"http:\/\/www.planalto.gov.br\/ccivil_03\/_ato2019-2022\/2021\/decreto\/D10779.htm\" target=\"_blank\"><font color=\"blue\"><u>Decreto N. 10.779, de 25 de agosto de 2021<\/u><\/font><\/a>, que estabelece medidas para a redu\u00e7\u00e3o do consumo de energia el\u00e9trica no \u00e2mbito da administra\u00e7\u00e3o p\u00fablica federal e a cria\u00e7\u00e3o da Comiss\u00e3o interna de conserva\u00e7\u00e3o de energia - CICE\r\n<p>- o <a href=\"https:\/\/www.ufsm.br\/pro-reitorias\/proplan\/estatuto-ufsm-2010\/\" target=\"_blank\"><font color=\"blue\"><u>Estatuto da Universidade Federal de Santa Maria<\/u><\/font><\/a> com as adequa\u00e7\u00f5es aprovadas pela <a href=\"https:\/\/www.ufsm.br\/pro-reitorias\/proplan\/resolucao-n-037-2010\/\" target=\"_blank\"><font color=\"blue\"><u>Resolu\u00e7\u00e3o UFSM N. 037, de 30 de novembro de 2010<\/u><\/font><\/a>, aprovado pela <a href=\"https:\/\/pesquisa.in.gov.br\/imprensa\/jsp\/visualiza\/index.jsp?data=13\/03\/2014&amp;jornal=1&amp;pagina=43&amp;totalArquivos=100\" target=\"_blank\"><font color=\"blue\"><u>Portaria N. 156, de 12 de mar\u00e7o de 2014<\/u><\/font><\/a>, e publicado no Di\u00e1rio Oficial da Uni\u00e3o em 13 de mar\u00e7o de 2014; \r\n<p>- o <a href=\"https:\/\/www.ufsm.br\/pro-reitorias\/proplan\/regimento-geral-da-ufsm-2011\/\" target=\"_blank\"><font color=\"blue\"><u>Regimento da UFSM<\/u><\/font><\/a>, disposto na <a href=\"https:\/\/www.ufsm.br\/pro-reitorias\/proplan\/resolucao-n-006-2011\/\" target=\"_blank\"><font color=\"blue\"><u>Resolu\u00e7\u00e3o UFSM N. 006, de 28 de abril de 2011<\/u><\/font><\/a>, atualizado pela <a href=\"https:\/\/www.ufsm.br\/pro-reitorias\/proplan\/resolucao-n-016-2019\/\" target=\"_blank\"><font color=\"blue\"><u>Resolu\u00e7\u00e3o UFSM N. 016, de 02 de julho de 2019<\/u><\/font><\/a>;  \r\n<p>- a <a href=\"https:\/\/www.ufsm.br\/pro-reitorias\/proplan\/resolucao-ufsm-n-054-2021\/\" target=\"_blank\"><font color=\"blue\"><u>Resolu\u00e7\u00e3o UFSM N. 054, de 1\u00ba de junho de 2021<\/u><\/font><\/a>, que regulamenta a proposi\u00e7\u00e3o e a emiss\u00e3o de Atos Normativos no \u00e2mbito da Universidade Federal de Santa Maria; e,\r\n<p>- o Parecer N. 024\/2022 da Comiss\u00e3o de Legisla\u00e7\u00e3o e Regimentos (CLR), aprovado na 849\u00aa Sess\u00e3o do Conselho Universit\u00e1rio (CONSU), de 18 de fevereiro de 2022, referente ao Processo N. <a href=\"https:\/\/portal.ufsm.br\/documentos\/publico\/processo\/documento.html?idDocumento=13897764\" target=\"_blank\"><font color=\"blue\"><u>23081.109894\/2021-88<\/u><\/font><\/a>.\r\n<br>\r\n<BR>\r\n<p>RESOLVE:<\/p>\r\n<br>\r\n<p>Art. 1\u00ba Aprovar a cria\u00e7\u00e3o do \u00f3rg\u00e3o colegiado denominado \u201cComiss\u00e3o Interna de Conserva\u00e7\u00e3o de Energia\u201d (CICE), vinculado a Universidade Federal de Santa Maria (UFSM). <\/p>\r\n<br>\r\n<p>CAP\u00cdTULO I<\/p>\r\n<p>DAS COMPET\u00caNCIAS<\/p>\r\n<br>\r\n<p>Art. 2\u00ba Caber\u00e1 ao \u00f3rg\u00e3o colegiado denominado \u201cComiss\u00e3o Interna de Conserva\u00e7\u00e3o de Energia\u201d (CICE\/UFSM), um \u00f3rg\u00e3o consultivo: <\/p>\r\n<p>I \u2013 assessorar o dirigente m\u00e1ximo da institui\u00e7\u00e3o na ado\u00e7\u00e3o de medidas para a redu\u00e7\u00e3o do consumo da energia el\u00e9trica;<\/p>\r\n<p>II \u2013 orientar e emitir opini\u00e3o, em car\u00e1ter consultivo, sempre que demando pelo Gabinete do Reitor, Unidade ou Pr\u00f3-Reitoria, referente a:<\/p>\r\n<p>a) investimentos na rede el\u00e9trica de todos os campi, principalmente no que tange a alimenta\u00e7\u00e3o, distribui\u00e7\u00e3o e gera\u00e7\u00e3o de energia el\u00e9trica;<\/p>\r\n<p>b) compras de equipamentos e licita\u00e7\u00f5es de registro de pre\u00e7o de componentes el\u00e9tricos espec\u00edficos e com alto poder de consumo;<\/p>\r\n<p>c) contratos de fornecimento de energia para os campi da UFSM; e,<\/p>\r\n<p>d) outras demandas relacionadas a tem\u00e1tica de conserva\u00e7\u00e3o de energia.<\/p>\r\n<p>III \u2013 subsidiar as equipes de comunica\u00e7\u00e3o da UFSM com informa\u00e7\u00f5es t\u00e9cnicas sobre o uso correto da energia el\u00e9trica e estrat\u00e9gias de efici\u00eancia energ\u00e9tica<\/p>\r\n<p>IV - promover a\u00e7\u00f5es para a UFSM avan\u00e7ar na sustentabilidade ambiental com aplica\u00e7\u00e3o de tecnologias inteligentes;<\/p>\r\n<p>V - acompanhar o monitoramento dos sistemas de medi\u00e7\u00e3o, comunica\u00e7\u00e3o, supervis\u00e3o e controle de uso e gera\u00e7\u00e3o de energia el\u00e9trica; e,<\/p>\r\n<p>VI \u2013 apoiar a implementa\u00e7\u00e3o um Sistema de Gest\u00e3o de Energia na UFSM com base na ISO 50.0001.<\/p>\r\n<br>\r\n<p>CAP\u00cdTULO II<\/p>\r\n<p>DA COMPOSI\u00c7\u00c3O E AUTORIDADE<\/p>\r\n<br>\r\n<p>Art. 3\u00ba A \u201cComiss\u00e3o Interna de Conserva\u00e7\u00e3o de Energia\u201d (CICE), ser\u00e1 constitu\u00edda pelos seguintes membros:<\/p>\r\n<p>I \u2013 Reitor da UFSM;<\/p>\r\n<p>II \u2013 Pr\u00f3-reitor de Infraestrutura;<\/p>\r\n<p>III \u2013 Pr\u00f3-reitor de Administra\u00e7\u00e3o;<\/p>\r\n<p>IV \u2013 1 (um) representante do corpo t\u00e9cnico da Pr\u00f3-Reitoria de Infraestrutura (PROINFRA) na \u00e1rea afim da comiss\u00e3o;<\/p>\r\n<p>V \u2013 1 (um) representante dos Diretores de Unidades de Ensino com cursos na \u00e1rea afim da comiss\u00e3o;<\/p>\r\n<p>VI \u2013 2 (dois) professores de Programas de P\u00f3s-Gradua\u00e7\u00e3o com pesquisas no tema da comiss\u00e3o;<\/p>\r\n<p>VII \u2013 2 (dois) representantes dos Cursos t\u00e9cnicos ou superiores da \u00e1rea afim a comiss\u00e3o da UFSM (campus sede); e,<\/p>\r\n<p>VIII \u2013 Professor a \u00e1rea afim a comiss\u00e3o do Campus de Cachoeira do Sul.<\/p>\r\n\r\n<p>\u00a7 1\u00ba O Presidente da \u201cComiss\u00e3o Interna de Conserva\u00e7\u00e3o de Energia\u201d (CICE) ser\u00e1 o Reitor e, na sua aus\u00eancia ou impedimento o Vice-Reitor da UFSM, como suplente.<\/p>\r\n<p>I \u2013 na aus\u00eancia de ambos (Reitor e Vice-Reitor), a reuni\u00e3o ser\u00e1 conduzida pelo Pr\u00f3-Reitor de Infraestrutura.<\/p>\r\n<p>\u00a7 2\u00ba Os membros mencionados nos incisos IV, VI, VII, VIII, IX e X do Artigo 3\u00ba ser\u00e3o indicados pelas respectivas unidades as quais representam, juntamente com seus suplentes.<\/p>\r\n<p>I \u2013 os suplentes dos membros mencionados nos incisos II, III e V do Artigo 3\u00ba ser\u00e3o os substitutos oficialmente designados via portaria do Reitor\/Diretor como seus substitutos nas respectivas \u00e1reas de atua\u00e7\u00e3o. <\/p>\r\n<p>\u00a7 3\u00ba Os membros ter\u00e3o mandato de 4 (quatro) anos, podendo ser reconduzidos pelo mesmo per\u00edodo. <\/p>\r\n<p>\u00a7 4\u00ba Cada membro poder\u00e1 ser substitu\u00eddo em qualquer \u00e9poca, sempre que houver consenso da maioria, por meio de uma solicita\u00e7\u00e3o escrita do respectivo segmento de representa\u00e7\u00e3o, ou se o pr\u00f3prio representante assim o desejar. <\/p>\r\n<p>\u00a7 5\u00ba O total de membros ser\u00e3o 10 (dez), justificado este n\u00famero de pessoas pela condi\u00e7\u00e3o estrat\u00e9gica que a energia possui na sociedade e na institui\u00e7\u00e3o, visto que, a garantia do fornecimento de energia, a qualidade da mesma e o uso eficiente s\u00e3o quest\u00f5es fundamentais para a evolu\u00e7\u00e3o da sociedade e da UFSM.<\/p>\r\n<br>\r\n<p>CAP\u00cdTULO III<\/p>\r\n<p>DO QU\u00d3RUM DE REUNI\u00c3O <\/p>\r\n<br>\r\n<p>Art. 4\u00ba As reuni\u00f5es acontecer\u00e3o com a presen\u00e7a m\u00ednima da maioria absoluta dos seus membros, considerando-se esse o n\u00famero legal para a vota\u00e7\u00e3o. <\/p>\r\nPar\u00e1grafo \u00fanico. Quando da ocorr\u00eancia de empate na vota\u00e7\u00e3o, caber\u00e1 ao(\u00e0) Presidente da sess\u00e3o o voto qualificado.<\/p>\r\nArt. 5o As convoca\u00e7\u00f5es ser\u00e3o feitas via correio eletr\u00f4nico, pelo(a) presidente, com anteced\u00eancia m\u00ednima de 2 (dois) dias \u00fateis, devendo constar da mesma a Ordem do Dia.<\/p>\r\nArt. 6o Havendo n\u00famero legal e declarada aberta a sess\u00e3o, proceder-se-\u00e1 a discuss\u00e3o e posterior realiza\u00e7\u00e3o dos pareceres que dever\u00e3o embasar os processos a serem analisados pelo \u00f3rg\u00e3o colegiado em quest\u00e3o. <\/p>\r\nPar\u00e1grafo \u00fanico. N\u00e3o havendo qu\u00f3rum, os membros ser\u00e3o convocados para nova reuni\u00e3o 48 (quarenta e oito) horas depois, com a mesma pauta. <\/p>\r\n<br>\r\n<p>CAP\u00cdTULO IV<\/p>\r\n<p>DA PERIODICIDADE DAS REUNI\u00d5ES<\/p>\r\n<br>\r\n<p>Art. 7\u00ba A \u201cComiss\u00e3o Interna de Conserva\u00e7\u00e3o de Energia\u201d (CICE), reunir-se-\u00e1, ordinariamente, por 1 (um) turno, 1 (uma) vez por m\u00eas ou extraordinariamente, sempre que convocado(a) pelo(a) presidente ou maioria de seus membros e desde que haja demanda para o referido \u00f3rg\u00e3o colegiado.<\/p>\r\nPar\u00e1grafo \u00fanico. As reuni\u00f5es deste \u00f3rg\u00e3o colegiado, cujos membros, convidados ou participantes estejam em entes federativos diversos, ser\u00e3o realizadas por videoconfer\u00eancia, sem pagamento de di\u00e1rias e deslocamento. <\/p>\r\n<br>\r\n<p>CAP\u00cdTULO V<\/p>\r\n<p>DA UNIDADE DE APOIO ADMINISTRATIVO<\/p>\r\n<br>\r\n<p>Art. 8\u00ba Caber\u00e1 \u00e0 PROINFRA no que se refere ao funcionamento da \u201cComiss\u00e3o Interna de Conserva\u00e7\u00e3o de Energia\u201d (CICE), a responsabilidade de realizar o apoio administrativo e demais encaminhamentos para o devido andamento dos trabalhos.<\/p>\r\n<br>\r\n<p>CAP\u00cdTULO VI<\/p>\r\n<p>DO REGIMENTO INTERNO<\/p>\r\n<br>\r\n<p>Art. 9\u00ba Em caso de conveni\u00eancia e oportunidade, para o melhor desenvolvimento das atividades dessa Comiss\u00e3o, poder\u00e1 ser elaborado e encaminhado Regimento Interno pr\u00f3prio para aprecia\u00e7\u00e3o e delibera\u00e7\u00e3o pelas inst\u00e2ncias competentes. <\/p>\r\n<br>\r\n<p>CAP\u00cdTULO VII<\/p>\r\n<p>DOS MEMBROS N\u00c3O NATOS<\/p>\r\n<br>\r\n<p>Art. 10. Nas reuni\u00f5es do referido \u00f3rg\u00e3o colegiado poder\u00e3o comparecer, quando convidados pelo presidente, servidores e\/ou discentes, a fim de prestarem esclarecimentos sobre assuntos que lhes forem pertinentes.  <\/p>\r\n<p>Par\u00e1grafo \u00fanico. As reuni\u00f5es deste \u00f3rg\u00e3o colegiado, cujos membros possu\u00edrem domic\u00edlio e\/ou resid\u00eancia legal ou estiverem em local diverso da realiza\u00e7\u00e3o da atividade ser\u00e3o realizadas por videoconfer\u00eancia, sem pagamento de di\u00e1rias e deslocamento.<\/p>\r\n<br>\r\n<p>CAP\u00cdTULO VIII<\/p>\r\n<p>DOS RELAT\u00d3RIOS PERI\u00d3DICOS E DO RELAT\u00d3RIO FINAL<\/p>\r\n<br>\r\n<p>Art. 11. A Comiss\u00e3o Interna de Conserva\u00e7\u00e3o de Energia tornar\u00e1 p\u00fablica suas a\u00e7\u00f5es, reuni\u00f5es e materiais espec\u00edficos de sua \u00e1rea em s\u00edtio eletr\u00f4nico da PROINFRA, ressalvado o conte\u00fado sujeito a sigilo, n\u00e3o havendo necessidades de emitir relat\u00f3rios peri\u00f3dicos e anuais. <\/p>\r\n<br>\r\n<p>CAP\u00cdTULO IX<\/p>\r\n<p>DAS DISPOSI\u00c7\u00d5ES GERAIS E TRANSIT\u00d3RIAS<\/p>\r\n<br>\r\n<p>Art. 12. \u00c9 vedada a divulga\u00e7\u00e3o de discuss\u00f5es em curso sem a pr\u00e9via anu\u00eancia do representante maior da UFSM ao qual este \u00f3rg\u00e3o colegiado est\u00e1 vinculado.  <\/p>\r\n<p>Art. 13. A participa\u00e7\u00e3o dos membros deste \u00f3rg\u00e3o colegiado ser\u00e1 considerada presta\u00e7\u00e3o de servi\u00e7o p\u00fablico relevante, e n\u00e3o ser\u00e1 remunerada. <\/p>\r\n<p>Par\u00e1grafo \u00fanico. As atividades do colegiado e de seus membros n\u00e3o poder\u00e1 causar preju\u00edzo \u00e0 presta\u00e7\u00e3o do servi\u00e7o p\u00fablico pelo servidor membro do Colegiado.<\/p>\r\n<p>Art. 14. As reuni\u00f5es deste \u00f3rg\u00e3o colegiado, cujos membros possu\u00edrem domic\u00edlio e\/ou resid\u00eancia legal ou estiverem em local diverso da realiza\u00e7\u00e3o da atividade ser\u00e3o realizadas por videoconfer\u00eancia, sem pagamento de di\u00e1rias, deslocamento. <\/p>\r\n<p>Par\u00e1grafo \u00fanico. Na hip\u00f3tese de ser demonstrada, de modo fundamentado, a inviabilidade ou a inconveni\u00eancia de se realizar a reuni\u00e3o por videoconfer\u00eancia, ser\u00e3o estimados os gastos com di\u00e1rias e passagens dos membros deste colegiado, assim como, a comprova\u00e7\u00e3o da disponibilidade or\u00e7ament\u00e1ria e financeira para o exerc\u00edcio em curso. <\/p>\r\n<p>Art. 15. \u00c9 vedada a possibilidade de cria\u00e7\u00e3o de subcolegiados por ato deste colegiado, exceto se na presente Resolu\u00e7\u00e3o houver: <\/p>\r\n<p>I - limitado o n\u00famero m\u00e1ximo de seus membros; <\/p>\r\n<p>II - estabelecido car\u00e1ter tempor\u00e1rio e dura\u00e7\u00e3o n\u00e3o superior a um ano; e <\/p>\r\n<p>III - fixado o n\u00famero m\u00e1ximo de subcolegiados que poder\u00e3o operar simultaneamente. <\/p>\r\n<p>Par\u00e1grafo \u00fanico.  A mera necessidade de reuni\u00f5es eventuais para debate, articula\u00e7\u00e3o ou trabalho que envolva agentes p\u00fablicos da administra\u00e7\u00e3o p\u00fablica federal n\u00e3o ser\u00e1 admitida como fundamento para as propostas de que trata o caput. <\/p>\r\n<p>Art. 16. Esta Resolu\u00e7\u00e3o entra em vigor em 1\u00ba de mar\u00e7o de 2022 de acordo com o que prev\u00ea o Artigo 4\u00ba do <a href=\"http:\/\/www.planalto.gov.br\/ccivil_03\/_ato2019-2022\/2019\/decreto\/D10139.htm\" target=\"_blank\"><font color=\"blue\"><u>Decreto N. 10.139, de 28 de novembro de 2019<\/u><\/font><\/a>.<\/p>\r\n<p>Par\u00e1grafo \u00fanico. Havendo qualquer modifica\u00e7\u00e3o legislativa, ou ainda, havendo qualquer situa\u00e7\u00e3o legal que impacte na legalidade da presente Resolu\u00e7\u00e3o, a mesma se aplica de imediato.<\/p>\r\n<br>\r\n<p>Luciano Schuch<\/p>\r\n<p>Reitor<\/p>\r\n<br>\r\n<p><font color=\"red0000\">Este texto n\u00e3o substitui o documento original, publicado em 21-02-2022 no Portal de Documentos.<\/font> Dispon\u00edvel em: <a href=\"https:\/\/portal.ufsm.br\/documentos\/publico\/documento.html?id=13989562\"><font color=\"blue\">https:\/\/portal.ufsm.br\/documentos\/publico\/documento.html?id=13989562<\/font><\/a><\/p><\/div>\r\n\r\n \t\t<\/div>\n\t\t\t\t<\/div>\n\t\t\t\t\t<\/div>\n\t\t<\/div>\n\t\t\t\t\t<\/div>\n\t\t<\/section>\n\t\t\t\t<\/div>\n\t\t","protected":false},"excerpt":{"rendered":"<p>RESOLU\u00c7\u00c3O UFSM N. 081, DE 18 DE FEVEREIRO DE 2022 MINIST\u00c9RIO DA EDUCA\u00c7\u00c3O UNIVERSIDADE FEDERAL DE SANTA MARIA RESOLU\u00c7\u00c3O UFSM N\u00b0 081, DE 18 DE FEVEREIRO DE 2022 Aprova a cria\u00e7\u00e3o do \u00f3rg\u00e3o colegiado denominado \u201cComiss\u00e3o Interna de Conserva\u00e7\u00e3o de Energia\u201d (CICE\/UFSM), vinculado a Universidade Federal de Santa Maria (UFSM). O REITOR DA UNIVERSIDADE FEDERAL [&hellip;]<\/p>\n","protected":false},"author":4883,"featured_media":0,"parent":0,"menu_order":0,"comment_status":"closed","ping_status":"closed","template":"","meta":{"footnotes":""},"categories":[],"tags":[],"class_list":["post-4828","page","type-page","status-publish","hentry"],"acf":[],"_links":{"self":[{"href":"https:\/\/www.ufsm.br\/pro-reitorias\/proplan\/wp-json\/wp\/v2\/pages\/4828","targetHints":{"allow":["GET"]}}],"collection":[{"href":"https:\/\/www.ufsm.br\/pro-reitorias\/proplan\/wp-json\/wp\/v2\/pages"}],"about":[{"href":"https:\/\/www.ufsm.br\/pro-reitorias\/proplan\/wp-json\/wp\/v2\/types\/page"}],"author":[{"embeddable":true,"href":"https:\/\/www.ufsm.br\/pro-reitorias\/proplan\/wp-json\/wp\/v2\/users\/4883"}],"replies":[{"embeddable":true,"href":"https:\/\/www.ufsm.br\/pro-reitorias\/proplan\/wp-json\/wp\/v2\/comments?post=4828"}],"version-history":[{"count":0,"href":"https:\/\/www.ufsm.br\/pro-reitorias\/proplan\/wp-json\/wp\/v2\/pages\/4828\/revisions"}],"wp:attachment":[{"href":"https:\/\/www.ufsm.br\/pro-reitorias\/proplan\/wp-json\/wp\/v2\/media?parent=4828"}],"wp:term":[{"taxonomy":"category","embeddable":true,"href":"https:\/\/www.ufsm.br\/pro-reitorias\/proplan\/wp-json\/wp\/v2\/categories?post=4828"},{"taxonomy":"post_tag","embeddable":true,"href":"https:\/\/www.ufsm.br\/pro-reitorias\/proplan\/wp-json\/wp\/v2\/tags?post=4828"}],"curies":[{"name":"wp","href":"https:\/\/api.w.org\/{rel}","templated":true}]}}