{"id":4830,"date":"2022-02-24T09:09:55","date_gmt":"2022-02-24T12:09:55","guid":{"rendered":"https:\/\/www.ufsm.br\/pro-reitorias\/proplan\/?page_id=4830"},"modified":"2023-10-23T15:25:59","modified_gmt":"2023-10-23T18:25:59","slug":"elementor-4830","status":"publish","type":"page","link":"https:\/\/www.ufsm.br\/pro-reitorias\/proplan\/elementor-4830","title":{"rendered":"Portaria Normativa UFSM N. 042\/2022"},"content":{"rendered":"\t\t<div data-elementor-type=\"wp-page\" data-elementor-id=\"4830\" class=\"elementor elementor-4830\">\n\t\t\t\t\t\t<section class=\"elementor-section elementor-top-section elementor-element elementor-element-d7a5ebf elementor-section-boxed elementor-section-height-default elementor-section-height-default\" data-id=\"d7a5ebf\" data-element_type=\"section\">\n\t\t\t\t\t\t<div class=\"elementor-container elementor-column-gap-default\">\n\t\t\t\t\t<div class=\"elementor-column elementor-col-100 elementor-top-column elementor-element elementor-element-0f08d40\" data-id=\"0f08d40\" data-element_type=\"column\">\n\t\t\t<div class=\"elementor-widget-wrap elementor-element-populated\">\n\t\t\t\t\t\t<div class=\"elementor-element elementor-element-c0318e3 elementor-widget elementor-widget-html\" data-id=\"c0318e3\" data-element_type=\"widget\" data-widget_type=\"html.default\">\n\t\t\t\t<div class=\"elementor-widget-container\">\n\t\t\t\r\n<title><b>PORTARIA NORMATIVA UFSM N. 041, DE 12 DE JANEIRO DE 2022<\/b><\/title>\r\n<div align=\"center\"><img decoding=\"async\" src=\"https:\/\/www.ufsm.br\/pro-reitorias\/proplan\/wp-content\/uploads\/sites\/344\/2019\/09\/brasao-da-republica-do-brasil-logo.png\" alt=\"Bras\u00e3o Rep\u00fablica Federativa do Brasil\" width=\"6%\" height=\"6%\"><\/div>    \r\n<h1><font color=\"blue\"><font size=\"5\"><div align=\"center\">MINIST\u00c9RIO DA EDUCA\u00c7\u00c3O<\/div><\/font><\/font><\/h1>\r\n<p><b><font color=\"0000blue\"><div align=\"center\">UNIVERSIDADE FEDERAL DE SANTA MARIA<\/font><\/b><\/div>\r\n<p><div align=\"center\"><b><a href=\"https:\/\/portal.ufsm.br\/documentos\/publico\/documento.html?id=14001064\" target=\"_blank\"><font color=\"blue\">PORTARIA NORMATIVA UFSM N. 042, DE 23 DE FEVEREIRO DE 2022<\/font><\/a><\/b><\/div>\r\n<br>\r\n<p><div align=\"right\"><font color=\"800000\">Estabelece o cumprimento da jornada de trabalho nos dias 25 de fevereiro de 2022 e 02 de mar\u00e7o de 2022, no \u00e2mbito da Universidade Federal de Santa Maria (UFSM)\r\n<\/font><\/div>\r\n<br>\r\n<p><a href=\"https:\/\/www.ufsm.br\/pro-reitorias\/proplan?page_id=5264\" target=\"_blank\"><font color=\"blue\">Revogada pela Resolu\u00e7\u00e3o UFSM N. 116\/2023<\/font><\/a><\/p>\r\n<br><div align=\"justify\">\r\n<s>\r\n<p>O REITOR DA UNIVERSIDADE FEDERAL DE SANTA MARIA, no uso das atribui\u00e7\u00f5es legais e estatut\u00e1rias, e considerando: <\/p>\r\n<p style=\"text-align: justify\">- a <a href=\"http:\/\/www.planalto.gov.br\/ccivil_03\/constituicao\/constituicao.htm\"><font color=\"blue\"><u>Constitui&ccedil;&atilde;o da Rep&uacute;blica Federativa do Brasil de 1988, de 05 de outubro de 1988<\/font><\/u><\/a>;<\/p>\r\n<p style=\"text-align: justify\">- a <a href=\"http:\/\/www.planalto.gov.br\/ccivil_03\/leis\/l8112cons.htm\"><font color=\"blue\"><u>Lei N. 8.112, de 11 de dezembro de 1990<\/font><\/u><\/a>, que disp&otilde;e sobre o regime jur&iacute;dico dos servidores p&uacute;blicos civis da Uni&atilde;o, das autarquias e das funda&ccedil;&otilde;es p&uacute;blicas federais;<\/p>\r\n<p style=\"text-align: justify\">- a <a href=\"http:\/\/www.planalto.gov.br\/ccivil_03\/leis\/l9394.htm\"><font color=\"blue\"><u>Lei N. 9.394, de 20 de dezembro de 1996<\/font><\/u><\/a>, que estabelece as diretrizes e bases da educa&ccedil;&atilde;o nacional e suas altera&ccedil;&otilde;es;<\/p>\r\n<p style=\"text-align: justify\">- a <a href=\"http:\/\/www.planalto.gov.br\/ccivil_03\/leis\/lcp\/lcp95.htm\"><font color=\"blue\"><u>Lei Complementar N. 95, de 26 de fevereiro de 1998<\/font><\/u><\/a>, que disp&otilde;e sobre a elabora&ccedil;&atilde;o, a reda&ccedil;&atilde;o, a altera&ccedil;&atilde;o e a consolida&ccedil;&atilde;o das leis, conforme determina o Par&aacute;grafo &Uacute;nico do Art. 59 da Constitui&ccedil;&atilde;o Federal, e estabelece normas para a consolida&ccedil;&atilde;o dos atos normativos que menciona;<\/p>\r\n<p style=\"text-align: justify\">- o <a href=\"http:\/\/www.planalto.gov.br\/ccivil_03\/_ato2015-2018\/2017\/decreto\/D9191.htm\"><font color=\"blue\"><u>Decreto N. 9.191, de 1&ordm; de novembro de 2017<\/font><\/u><\/a>, que estabelece as normas e as diretrizes para elabora&ccedil;&atilde;o, reda&ccedil;&atilde;o, altera&ccedil;&atilde;o, consolida&ccedil;&atilde;o e encaminhamento de propostas de atos normativos ao Presidente da Rep&uacute;blica pelos Ministros de Estado;<\/p>\r\n<p style=\"text-align: justify\">- o <a href=\"https:\/\/www.ufsm.br\/pro-reitorias\/proplan\/estatuto-ufsm-2010\/\"><font color=\"blue\"><u>Estatuto da Universidade Federal de Santa Maria<\/font><\/u><\/a> com as adequa&ccedil;&otilde;es aprovadas pela <a href=\"https:\/\/www.ufsm.br\/pro-reitorias\/proplan\/resolucao-n-037-2010\/\"><font color=\"blue\"><u>Resolu&ccedil;&atilde;o UFSM N. 037, de 30 de novembro de 2010<\/font><\/u><\/a>, aprovado pela <a href=\"https:\/\/www.ufsm.br\/app\/uploads\/2018\/08\/Estatuto-da-UFSM.pdf\">Portaria N. 156, de 12 de mar&ccedil;o de 2014<\/font><\/u><\/a>, e publicado no Di&aacute;rio Oficial da Uni&atilde;o em 13 de mar&ccedil;o de 2014;<\/p>\r\n<p style=\"text-align: justify\">- o <a href=\"https:\/\/www.ufsm.br\/pro-reitorias\/proplan\/regimento-geral-da-ufsm-com-alteracoes-compiladas-pela-resolucao-n-016-2019\/\"><font color=\"blue\"><u>Regimento da UFSM<\/font><\/u><\/a>, disposto na <a href=\"https:\/\/www.ufsm.br\/pro-reitorias\/proplan\/resolucao-n-006-2011\/\"><font color=\"blue\"><u>Resolu&ccedil;&atilde;o UFSM N. 006, de 28 de abril de 2011<\/font><\/u><\/a>, atualizado pela <a href=\"https:\/\/www.ufsm.br\/pro-reitorias\/proplan\/resolucao-n-016-2019\/\"><font color=\"blue\"><u>Resolu&ccedil;&atilde;o UFSM N. 016, de 02 de julho de 2019<\/font><\/u><\/a>; e,<\/p>\r\n<p style=\"text-align: justify\">- o que consta no ao Processo N. <a href=\"https:\/\/portal.ufsm.br\/documentos\/publico\/processo\/documento.html;jsessionid=6c9b0b3d1c345bdb6a074eb83209?idDocumento=13981808\"><font color=\"blue\"><u>23081.013346\/2022-34<\/font><\/u><\/a>.<\/p>\r\n<p style=\"text-align: justify\">&nbsp;<\/p>\r\n<p>RESOLVE:<\/p>\r\n<p>&nbsp;<\/p>\r\n<p style=\"text-align: justify\">Art. 1&ordm; Estabelecer por meio desta Portaria, que:<\/p>\r\n<p style=\"text-align: justify\">I - no dia 25 de fevereiro de 2022, sexta-feira, n&atilde;o haver&aacute; expediente presencial e remoto no turno da tarde;<\/p>\r\n<p style=\"text-align: justify\">II - no dia 02 de mar&ccedil;o de 2022, quarta-feira de cinzas, o expediente ser&aacute; apenas no turno da tarde, das 14h &agrave;s 18h.<\/p>\r\n<p style=\"text-align: justify\">Art. 2&ordm;&nbsp;Ficam as equipes autorizadas a fazerem revezamento presencial e remoto entre os turnos da manh&atilde; do dia 25 de fevereiro de 2022&nbsp;e pela parte da tarde do dia 02 de mar&ccedil;o de 2022.<\/p>\r\n<p style=\"text-align: justify\">&sect; 1&ordm;&nbsp;As unidades dever&atilde;o revezar as equipes para permitir atendimento presencial no turno da manh&atilde; do dia 25 de fevereiro de 2022, sexta-feira, e no turno da tarde do dia 02 de mar&ccedil;o de 2022, quarta-feira de cinzas.<\/p>\r\n<p style=\"text-align: justify\">&sect; 2&ordm; O servidor que estiver trabalhando de forma remota dever&aacute; solicitar abono de 04 horas no ponto eletr&ocirc;nico em virtude do revezamento.<\/p>\r\n<p style=\"text-align: justify\">Art. 3&ordm;&nbsp;Esta Portaria Normativa entra em vigor em 24 de fevereiro de 2022, por se tratar de urg&ecirc;ncia justi\ufb01cada no expediente administrativo,&nbsp;de acordo com o que prev&ecirc; o Artigo 4&ordm; do <a href=\"http:\/\/www.planalto.gov.br\/ccivil_03\/_ato2019-2022\/2019\/decreto\/D10139.htm\" target=\"_blank\"><font color=\"blue\"><u>Decreto N. 10.139, de 28 de novembro de 2019<\/u><\/font><\/a>.<\/p>\r\n<p style=\"text-align: justify\">Par&aacute;grafo &uacute;nico. Havendo qualquer modifica&ccedil;&atilde;o legislativa, ou ainda, havendo qualquer situa&ccedil;&atilde;o legal que impacte na legalidade da presente Portaria Normativa, a mesma se aplica de imediato.<\/p>\r\n<br>\r\n<p>Luciano Schuch,<\/p>\r\n<p>Reitor.<\/p>\r\n<\/s>\r\n<p><font color=\"red0000\">Este texto n\u00e3o substitui o documento original, publicado no Portal de Documentos em 23 de fevereiro de 2022.<\/font> Dispon\u00edvel em: <a href=\"https:\/\/portal.ufsm.br\/documentos\/publico\/documento.html?id=14001064\" target=\"_blank\"><font color=\"blue\">https:\/\/portal.ufsm.br\/documentos\/publico\/documento.html?id=14001064<\/font><\/a><\/p><\/div>\r\n\r\n\t\t<\/div>\n\t\t\t\t<\/div>\n\t\t\t\t\t<\/div>\n\t\t<\/div>\n\t\t\t\t\t<\/div>\n\t\t<\/section>\n\t\t\t\t<\/div>\n\t\t","protected":false},"excerpt":{"rendered":"<p>PORTARIA NORMATIVA UFSM N. 041, DE 12 DE JANEIRO DE 2022 MINIST\u00c9RIO DA EDUCA\u00c7\u00c3O UNIVERSIDADE FEDERAL DE SANTA MARIA PORTARIA NORMATIVA UFSM N. 042, DE 23 DE FEVEREIRO DE 2022 Estabelece o cumprimento da jornada de trabalho nos dias 25 de fevereiro de 2022 e 02 de mar\u00e7o de 2022, no \u00e2mbito da Universidade Federal [&hellip;]<\/p>\n","protected":false},"author":4883,"featured_media":0,"parent":0,"menu_order":0,"comment_status":"closed","ping_status":"closed","template":"","meta":{"footnotes":""},"categories":[],"tags":[],"class_list":["post-4830","page","type-page","status-publish","hentry"],"acf":[],"_links":{"self":[{"href":"https:\/\/www.ufsm.br\/pro-reitorias\/proplan\/wp-json\/wp\/v2\/pages\/4830","targetHints":{"allow":["GET"]}}],"collection":[{"href":"https:\/\/www.ufsm.br\/pro-reitorias\/proplan\/wp-json\/wp\/v2\/pages"}],"about":[{"href":"https:\/\/www.ufsm.br\/pro-reitorias\/proplan\/wp-json\/wp\/v2\/types\/page"}],"author":[{"embeddable":true,"href":"https:\/\/www.ufsm.br\/pro-reitorias\/proplan\/wp-json\/wp\/v2\/users\/4883"}],"replies":[{"embeddable":true,"href":"https:\/\/www.ufsm.br\/pro-reitorias\/proplan\/wp-json\/wp\/v2\/comments?post=4830"}],"version-history":[{"count":0,"href":"https:\/\/www.ufsm.br\/pro-reitorias\/proplan\/wp-json\/wp\/v2\/pages\/4830\/revisions"}],"wp:attachment":[{"href":"https:\/\/www.ufsm.br\/pro-reitorias\/proplan\/wp-json\/wp\/v2\/media?parent=4830"}],"wp:term":[{"taxonomy":"category","embeddable":true,"href":"https:\/\/www.ufsm.br\/pro-reitorias\/proplan\/wp-json\/wp\/v2\/categories?post=4830"},{"taxonomy":"post_tag","embeddable":true,"href":"https:\/\/www.ufsm.br\/pro-reitorias\/proplan\/wp-json\/wp\/v2\/tags?post=4830"}],"curies":[{"name":"wp","href":"https:\/\/api.w.org\/{rel}","templated":true}]}}