{"id":4860,"date":"2022-04-19T14:23:10","date_gmt":"2022-04-19T17:23:10","guid":{"rendered":"https:\/\/www.ufsm.br\/pro-reitorias\/proplan\/?page_id=4860"},"modified":"2025-01-02T11:18:11","modified_gmt":"2025-01-02T14:18:11","slug":"portaria-normativa-ufsm-n-045-2022","status":"publish","type":"page","link":"https:\/\/www.ufsm.br\/pro-reitorias\/proplan\/portaria-normativa-ufsm-n-045-2022","title":{"rendered":"Portaria Normativa UFSM N. 045\/2022"},"content":{"rendered":"\t\t<div data-elementor-type=\"wp-page\" data-elementor-id=\"4860\" class=\"elementor elementor-4860\">\n\t\t\t\t\t\t<section class=\"elementor-section elementor-top-section elementor-element elementor-element-0e59b92 elementor-section-boxed elementor-section-height-default elementor-section-height-default\" data-id=\"0e59b92\" data-element_type=\"section\">\n\t\t\t\t\t\t<div class=\"elementor-container elementor-column-gap-default\">\n\t\t\t\t\t<div class=\"elementor-column elementor-col-100 elementor-top-column elementor-element elementor-element-4ed028d\" data-id=\"4ed028d\" data-element_type=\"column\">\n\t\t\t<div class=\"elementor-widget-wrap elementor-element-populated\">\n\t\t\t\t\t\t<div class=\"elementor-element elementor-element-32de1ee elementor-widget elementor-widget-html\" data-id=\"32de1ee\" data-element_type=\"widget\" data-widget_type=\"html.default\">\n\t\t\t\t<div class=\"elementor-widget-container\">\n\t\t\t\r\n\r\n\r\n<title><b>PORTARIA NORMATIVA UFSM N. 045\/2022<\/b><\/title>\r\n\r\n\r\n<div align=\"center\"><img decoding=\"async\" src=\"https:\/\/www.ufsm.br\/pro-reitorias\/proplan\/wp-content\/uploads\/sites\/344\/2019\/09\/brasao-da-republica-do-brasil-logo.png\" alt=\"Bras\u00e3o Rep\u00fablica Federativa do Brasil\" width=\"6%\" height=\"6%\"><\/div>\r\n<h1><font color=\"blue\"><font size=\"5\"><div align=\"center\">MINIST\u00c9RIO DA EDUCA\u00c7\u00c3O<\/b><\/font><\/font><\/div><\/H1>\r\n<p><b><font color=\"0000blue\"><div align=\"center\">UNIVERSIDADE FEDERAL DE SANTA MARIA<\/b><\/font><\/div><\/p>\r\n<p><div align=\"center\"><b><a href=\"https:\/\/portal.ufsm.br\/documentos\/publico\/documento.html?id=14110648\" target=\"_blank\"><font color=\"blue\">PORTARIA NORMATIVA UFSM N. 045, DE 19 DE ABRIL DE 2022<\/font><\/a><\/b><\/div><\/p>\r\n<br>\r\n\r\n<div align=\"justify\"> Revogada pela \r\n<a href=\"https:\/\/www.ufsm.br\/pro-reitorias\/proplan\/resolucao-ufsm-n-191-2024\" style=\"text-decoration: none\">\r\n<font color=\"blue\">\r\n<u>Resolu\u00e7\u00e3o UFSM N\u00b0 191\/2024\r\n<\/u>\r\n<\/font>\r\n<\/a>\r\n<\/div>\r\n<s>\r\n<p><div align=\"right\"><font color=\"800000\">Aprova as altera\u00e7\u00f5es no Art. 5\u00ba da Portaria Normativa N. 008, de 18 de dezembro de 2020. <\/font><\/div><\/p>\r\n<br>\r\n<br><div align=\"justify\">\r\n<p>O REITOR DA UNIVERSIDADE FEDERAL DE SANTA MARIA, no uso de suas atribui\u00e7\u00f5es legais e estatut\u00e1rias, e tendo em vista:<\/p>\r\n<p>\u2013 o Art. 56 da <a href=\"http:\/\/www.planalto.gov.br\/ccivil_03\/leis\/l9394.htm\" target=\"_blank\"><font color=\"blue\"><u>Lei N. 9.394, de 20 de dezembro de 1996<\/u><\/font><\/a>, que estabelece as diretrizes e bases da educa\u00e7\u00e3o nacional;<\/p>\r\n<p>\u2013 o <a href=\"http:\/\/www.planalto.gov.br\/ccivil_03\/_ato2015-2018\/2017\/decreto\/D9191.htm\" target=\"_blank\"><font color=\"blue\"><u>Decreto N. 9.191, de 1\u00b0 de novembro de 2017<\/u><\/font><\/a>, que estabelece as normas e as diretrizes para elabora\u00e7\u00e3o, reda\u00e7\u00e3o, altera\u00e7\u00e3o, consolida\u00e7\u00e3o e encaminhamento de propostas de atos normativos ao Presidente da Rep\u00fablica pelos Ministros de Estado;<\/p>\r\n<p>\u2013 o <a href=\"http:\/\/www.planalto.gov.br\/ccivil_03\/_ato2019-2022\/2019\/decreto\/D9759.htm\" target=\"_blank\"><font color=\"blue\"><u>Decreto N. 9.759, de 11 de abril de 2019<\/u><\/font><\/a>, que extingue e estabelece diretrizes, regras e limita\u00e7\u00f5es para colegiados da administra\u00e7\u00e3o p\u00fablica federal; e,<\/p>\r\n<p>\u2013 <a href=\"http:\/\/portal.mec.gov.br\/index.php?option=com_docman&amp;view=download&amp;alias=145011-pcp005-20&amp;category_slug=marco-2020-pdf&amp;Itemid=30192\" target=\"_blank\"><font color=\"blue\"><u>Parecer N. 5 de 2020, do Conselho Nacional de Educa\u00e7\u00e3o<\/u><\/font><\/a>;<\/p>\r\n<p>\u2013 a <a href=\"https:\/\/www.in.gov.br\/en\/web\/dou\/-\/medida-provisoria-n-934-de-1-de-abril-de-2020-250710591\" target=\"_blank\"><font color=\"blue\"><u>Medida Provis\u00f3ria N.934, de 1 de abril de 2020<\/u><\/font><\/a>, transformada na <a href=\"http:\/\/www.planalto.gov.br\/ccivil_03\/_ato2019-2022\/2020\/lei\/L14040.htm\" target=\"_blank\"><font color=\"blue\"><u>Lei N. 14.040, de 18 de agosto de 2020<\/u><\/font><\/a>.<\/p>\r\n<p>\u2013 a <a href=\"https:\/\/www.in.gov.br\/en\/web\/dou\/-\/portaria-n-544-de-16-de-junho-de-2020-261924872\" target=\"_blank\"><font color=\"blue\"><u>Portaria MEC N. 544, de 16 de junho de 2020<\/u><\/font><\/a>,<\/p>\r\n<p>\u2013 a <a href=\"https:\/\/www.in.gov.br\/en\/web\/dou\/-\/portaria-conjunta-n-20-de-18-de-junho-de-2020-262408085#\" target=\"_blank\"><font color=\"blue\"><u>Portaria Conjunta ME\/MS N. 20, de 18 de junho de 2020<\/u><\/font><\/a>,<\/p>\r\n<p>\u2013 a <a href=\"https:\/\/www.legisweb.com.br\/legislacao\/?id=396530\" target=\"_blank\"><font color=\"blue\"><u>Portaria Conjunta SES\/SEDUC\/RS N. 1 de 2020<\/u><\/font><\/a>, que tem a principal fun\u00e7\u00e3o elaborar o Plano de Conting\u00eancia para Preven\u00e7\u00e3o, Monitoramento e Controle do Novo Coronav\u00edrus para as medidas de controle no \u00e2mbito da Institui\u00e7\u00e3o de Ensino.<\/p>\r\n<p>\u2013 o que consta no Processo N. <a href=\"https:\/\/portal.ufsm.br\/documentos\/publico\/processo\/documento.html?idDocumento=13326795\" target=\"_blank\"><font color=\"blue\"><u>23081.062029\/2020-80<\/u><\/font><\/a>.<\/p>\r\n<br>\r\n<p>RESOLVE:<\/p>\r\n<br>\r\n<p>Art. 1\u00ba Aprovar a altera\u00e7\u00e3o na <a href=\"https:\/\/www.ufsm.br\/pro-reitorias\/proplan\/portaria-normativa-n-008-2020\" target=\"_blank\"><font color=\"blue\"><u>Portaria N. 008, de 18 de dezembro de 2020<\/u><\/font><\/a>, que aprova a cria\u00e7\u00e3o do \u00f3rg\u00e3o colegiado tempor\u00e1rio denominado \u201cCentro de Opera\u00e7\u00f5es de Emerg\u00eancia em Sa\u00fade P\u00fablica \u2013 COVID 19 \u2013 UFSM\u201d:<\/p>\r\n<p>I - o Art. 5\u00ba, onde se l\u00ea: \u201cO COE-UFSM ser\u00e1 composto por 33 (trinta e tr\u00eas) membros, designados por portaria emitida pelo Reitor da UFSM\u201d, leia-se \u201cO COE-UFSM ser\u00e1 composto por 27 (vinte sete) membros, designados por portaria emitida pelo Reitor da UFSM\u201d; <\/p>\r\n<p>II - o Art. 5\u00ba, \u00a7 2\u00ba, onde se l\u00ea: \u201c A comiss\u00e3o ser\u00e1 presidida pelo reitor da UFSM\u201d, leia-se \u201c A comiss\u00e3o ser\u00e1 presidida pela Vice-Reitora da UFSM\u201d; e,<\/p>\r\n<p>III - o Art. 5\u00ba, \u00a7 3\u00ba, onde se l\u00ea: \u201cNa aus\u00eancia do(a) presidente em uma reuni\u00e3o do COE-E UFSM, a Presid\u00eancia ser\u00e1 exercida pelo Vice-Reitor\u201d, leia-se \u201c Na aus\u00eancia do(a) presidente em uma reuni\u00e3o do COE-E UFSM, a Presid\u00eancia ser\u00e1 exercida por um membro indicado pelo presidente\u201d.<\/p>\r\n<p>Art. 2\u00ba Mant\u00eam-se os demais itens da portaria original, inclusive o per\u00edodo de vig\u00eancia.<\/p> \r\n<p>Art. 3\u00ba Esta portaria entra em vigor em 20 de abril de 2022, devido \u00e0 urg\u00eancia justificada no expediente administrativo.<\/p> \r\n<p>Par\u00e1grafo \u00fanico. Havendo qualquer modifica\u00e7\u00e3o legislativa, ou ainda, havendo qualquer situa\u00e7\u00e3o legal que impacte na legalidade da presente Portaria, a mesma se aplica de imediato.<\/p> \r\n<br>\r\n<\/s>\r\n<p>Luciano Schuch<\/p>\r\n<p>Reitor<\/p>\r\n<br>\r\n<p><font color=\"red0000\">Este texto n\u00e3o substitui o documento original, publicado no Portal de Documentos em 19 de abril de 2022.<\/font> Dispon\u00edvel em: <a href=\"https:\/\/portal.ufsm.br\/documentos\/publico\/documento.html?id=14110648\" target=\"_blank\"><font color=\"blue\">https:\/\/portal.ufsm.br\/documentos\/publico\/documento.html?id=14110648<\/font><\/a>\r\n\r\n\t\t<\/div>\n\t\t\t\t<\/div>\n\t\t\t\t\t<\/div>\n\t\t<\/div>\n\t\t\t\t\t<\/div>\n\t\t<\/section>\n\t\t\t\t<\/div>\n\t\t","protected":false},"excerpt":{"rendered":"<p>PORTARIA NORMATIVA UFSM N. 045\/2022 MINIST\u00c9RIO DA EDUCA\u00c7\u00c3O UNIVERSIDADE FEDERAL DE SANTA MARIA PORTARIA NORMATIVA UFSM N. 045, DE 19 DE ABRIL DE 2022 Revogada pela Resolu\u00e7\u00e3o UFSM N\u00b0 191\/2024 Aprova as altera\u00e7\u00f5es no Art. 5\u00ba da Portaria Normativa N. 008, de 18 de dezembro de 2020. O REITOR DA UNIVERSIDADE FEDERAL DE SANTA MARIA, [&hellip;]<\/p>\n","protected":false},"author":4883,"featured_media":0,"parent":0,"menu_order":0,"comment_status":"closed","ping_status":"closed","template":"","meta":{"footnotes":""},"categories":[],"tags":[],"class_list":["post-4860","page","type-page","status-publish","hentry"],"acf":[],"_links":{"self":[{"href":"https:\/\/www.ufsm.br\/pro-reitorias\/proplan\/wp-json\/wp\/v2\/pages\/4860","targetHints":{"allow":["GET"]}}],"collection":[{"href":"https:\/\/www.ufsm.br\/pro-reitorias\/proplan\/wp-json\/wp\/v2\/pages"}],"about":[{"href":"https:\/\/www.ufsm.br\/pro-reitorias\/proplan\/wp-json\/wp\/v2\/types\/page"}],"author":[{"embeddable":true,"href":"https:\/\/www.ufsm.br\/pro-reitorias\/proplan\/wp-json\/wp\/v2\/users\/4883"}],"replies":[{"embeddable":true,"href":"https:\/\/www.ufsm.br\/pro-reitorias\/proplan\/wp-json\/wp\/v2\/comments?post=4860"}],"version-history":[{"count":0,"href":"https:\/\/www.ufsm.br\/pro-reitorias\/proplan\/wp-json\/wp\/v2\/pages\/4860\/revisions"}],"wp:attachment":[{"href":"https:\/\/www.ufsm.br\/pro-reitorias\/proplan\/wp-json\/wp\/v2\/media?parent=4860"}],"wp:term":[{"taxonomy":"category","embeddable":true,"href":"https:\/\/www.ufsm.br\/pro-reitorias\/proplan\/wp-json\/wp\/v2\/categories?post=4860"},{"taxonomy":"post_tag","embeddable":true,"href":"https:\/\/www.ufsm.br\/pro-reitorias\/proplan\/wp-json\/wp\/v2\/tags?post=4860"}],"curies":[{"name":"wp","href":"https:\/\/api.w.org\/{rel}","templated":true}]}}