{"id":4898,"date":"2022-05-04T16:22:47","date_gmt":"2022-05-04T19:22:47","guid":{"rendered":"https:\/\/www.ufsm.br\/pro-reitorias\/proplan\/?page_id=4898"},"modified":"2025-08-22T15:36:10","modified_gmt":"2025-08-22T18:36:10","slug":"resolucao-ufsm-n-085-de-28-de-abril-de-2022","status":"publish","type":"page","link":"https:\/\/www.ufsm.br\/pro-reitorias\/proplan\/resolucao-ufsm-n-085-de-28-de-abril-de-2022","title":{"rendered":"RESOLU\u00c7\u00c3O UFSM N\u00b0 085\/2022"},"content":{"rendered":"\t\t<div data-elementor-type=\"wp-page\" data-elementor-id=\"4898\" class=\"elementor elementor-4898\">\n\t\t\t\t\t\t<section class=\"elementor-section elementor-top-section elementor-element elementor-element-c02ee19 elementor-section-boxed elementor-section-height-default elementor-section-height-default\" data-id=\"c02ee19\" data-element_type=\"section\">\n\t\t\t\t\t\t<div class=\"elementor-container elementor-column-gap-default\">\n\t\t\t\t\t<div class=\"elementor-column elementor-col-100 elementor-top-column elementor-element elementor-element-22f3fe5\" data-id=\"22f3fe5\" data-element_type=\"column\">\n\t\t\t<div class=\"elementor-widget-wrap elementor-element-populated\">\n\t\t\t\t\t\t<div class=\"elementor-element elementor-element-0c8a13d elementor-widget elementor-widget-html\" data-id=\"0c8a13d\" data-element_type=\"widget\" data-widget_type=\"html.default\">\n\t\t\t\t<div class=\"elementor-widget-container\">\n\t\t\t\r\n\r\n\r\n<title><b>RESOLU\u00c7\u00c3O UFSM N. 085, DE 28 DE ABRIL DE 2022<\/b><\/title>\r\n\r\n\r\n<div align=\"center\"><img decoding=\"async\" src=\"https:\/\/www.ufsm.br\/pro-reitorias\/proplan\/wp-content\/uploads\/sites\/344\/2019\/09\/brasao-da-republica-do-brasil-logo.png\" alt=\"Bras\u00e3o Rep\u00fablica Federativa do Brasil\" width=\"6%\" height=\"6%\"><\/div>  <h1><font color=\"blue\"><font size=\"5\"><div align=\"center\">MINIST\u00c9RIO DA EDUCA\u00c7\u00c3O<\/div><\/font><\/font><\/H1>\r\n<b><font color=\"0000blue\"><div align=\"center\">UNIVERSIDADE FEDERAL DE SANTA MARIA<\/div><\/font><\/b>\r\n<p><div align=\"center\"><b><a href=\"https:\/\/portal.ufsm.br\/documentos\/relacao\/formRelacionamento.html?idDocumento=14139359\" target=\"_blank\"><font color=\"blue\">RESOLU\u00c7\u00c3O UFSM N\u00b0 085, DE 28 DE ABRIL DE 2022<\/font><\/a><\/b><\/div>\r\n<br>\r\n<p><div align=\"justify\"><font color=\"800000\"><ul><ul><ul><ul><ul><ul><ul><ul><ul><ul><ul><ul><ul><ul><ul><ul>Aprova o plano acad\u00eamico da empresa j\u00fanior \u201cF5 Junior - Consultoria Internacional\u201d vinculada ao Curso de Rela\u00e7\u00f5es Internacionais do Centro de Ci\u00eancias Sociais e Humanas (CCSH) da Universidade Federal de Santa Maria (UFSM).<\/font><\/div>\r\n<\/ul><\/ul><\/ul><\/ul><\/ul><\/ul><\/ul><\/ul><\/ul><\/ul><\/ul><\/ul><\/ul><\/ul><\/ul><\/ul><\/ul><\/ul><\/ul>\r\n\r\n<br><div align=\"justify\"><font color=\"black\">\r\n<p>O REITOR DA UNIVERSIDADE FEDERAL DE SANTA MARIA, no uso de suas atribui\u00e7\u00f5es legais e estatut\u00e1rias e considerando:<\/p>\r\n<p class=\"Textbodyindent\">- a&nbsp;<span style=\"text-decoration: underline;color: #0000ff\"><a href=\"http:\/\/www.planalto.gov.br\/ccivil_03\/constituicao\/constituicaocompilado.htm\"><span style=\"color: #0000ff;text-decoration: underline\">Constitui&ccedil;&atilde;o da Rep&uacute;blica Federativa do Brasil de 1988, de 05 de outubro de 1988<\/span><\/a><\/span>;<\/p>\r\n<p class=\"Textbodyindent\">- a&nbsp;<span style=\"text-decoration: underline;color: #0000ff\"><a href=\"http:\/\/www.planalto.gov.br\/ccivil_03\/leis\/l8112cons.htm\"><span style=\"color: #0000ff;text-decoration: underline\">Lei N. 8.112, de 11 de dezembro de 1990<\/span><\/a><\/span>, que disp&otilde;e sobre o regime jur&iacute;dico dos servidores p&uacute;blicos civis da Uni&atilde;o, das autarquias e das funda&ccedil;&otilde;es p&uacute;blicas federais;<\/p>\r\n<p class=\"Textbodyindent\">- a&nbsp;<span style=\"text-decoration: underline;color: #0000ff\"><a href=\"http:\/\/www.planalto.gov.br\/ccivil_03\/leis\/l9394.htm\"><span style=\"color: #0000ff;text-decoration: underline\">Lei N. 9.394, de 20 de dezembro de 1996<\/span><\/a><\/span>, que estabelece as diretrizes e bases da educa&ccedil;&atilde;o nacional e suas altera&ccedil;&otilde;es;<\/p>\r\n<p class=\"Textbodyindent\">- a&nbsp;<span style=\"text-decoration: underline;color: #0000ff\"><a href=\"http:\/\/www.planalto.gov.br\/ccivil_03\/leis\/lcp\/lcp95.htm\"><span style=\"color: #0000ff;text-decoration: underline\">Lei Complementar N. 95, de 26 de fevereiro de 1998<\/span><\/a><\/span>, que disp&otilde;e sobre a elabora&ccedil;&atilde;o, a reda&ccedil;&atilde;o, a altera&ccedil;&atilde;o e a consolida&ccedil;&atilde;o das leis, conforme determina o Par&aacute;grafo &Uacute;nico do Art. 59 da Constitui&ccedil;&atilde;o Federal, e estabelece normas para a consolida&ccedil;&atilde;o dos atos normativos que menciona;<\/p>\r\n<p>- a&nbsp;<span style=\"text-decoration: underline;color: #0000ff\"><a href=\"http:\/\/www.planalto.gov.br\/ccivil_03\/_ato2015-2018\/2016\/lei\/l13267.htm\"><span style=\"color: #0000ff;text-decoration: underline\">Lei N. 13.267, de 06 de abril de 2016<\/span><\/a><\/span>, que disciplina a cria&ccedil;&atilde;o e a organiza&ccedil;&atilde;o das associa&ccedil;&otilde;es denominadas empresas juniores, com funcionamento perante institui&ccedil;&otilde;es de ensino superior;<\/p>\r\n<p class=\"Textbodyindent\">- o&nbsp;<span style=\"text-decoration: underline;color: #0000ff\"><a href=\"http:\/\/www.planalto.gov.br\/ccivil_03\/_ato2015-2018\/2017\/decreto\/D9191.htm\"><span style=\"color: #0000ff;text-decoration: underline\">Decreto N. 9.191, de 1&ordm; de novembro de 2017<\/span><\/a><\/span>, que estabelece as normas e as diretrizes para elabora&ccedil;&atilde;o, reda&ccedil;&atilde;o, altera&ccedil;&atilde;o, consolida&ccedil;&atilde;o e encaminhamento de propostas de atos normativos ao Presidente da Rep&uacute;blica pelos Ministros de Estado;<\/p>\r\n<p class=\"Textbodyindent\">- o&nbsp;<span style=\"text-decoration: underline;color: #0000ff\"><a href=\"https:\/\/www.ufsm.br\/pro-reitorias\/proplan\/estatuto-ufsm-2010\/#:~:text=DA%20UNIVERSIDADE-,Art.,vinculada%20ao%20Minist%C3%A9rio%20da%20Educa%C3%A7%C3%A3o.\"><span style=\"color: #0000ff;text-decoration: underline\">Estatuto da Universidade Federal de Santa Maria<\/span><\/a><\/span>&nbsp;com as adequa&ccedil;&otilde;es aprovadas pela&nbsp;<span style=\"text-decoration: underline;color: #0000ff\"><a href=\"https:\/\/www.ufsm.br\/pro-reitorias\/proplan\/resolucao-n-037-2010\/\"><span style=\"color: #0000ff;text-decoration: underline\">Resolu&ccedil;&atilde;o UFSM N. 037, de 30 de novembro de 2010<\/span><\/a><\/span>, aprovado pela&nbsp;<span style=\"text-decoration: underline;color: #0000ff\"><a href=\"https:\/\/www.ufsm.br\/app\/uploads\/2018\/08\/Estatuto-da-UFSM.pdf\"><span style=\"color: #0000ff;text-decoration: underline\">Portaria N. 156, de 12 de mar&ccedil;o de 2014<\/span><\/a><\/span>, e publicado no Di&aacute;rio Oficial da Uni&atilde;o em 13 de mar&ccedil;o de 2014;<\/p>\r\n<p class=\"Textbodyindent\">- o&nbsp;<span style=\"text-decoration: underline;color: #0000ff\"><a href=\"https:\/\/www.ufsm.br\/pro-reitorias\/proplan\/regimento-geral-da-ufsm-com-alteracoes-compiladas-pela-resolucao-n-016-2019\/\"><span style=\"color: #0000ff;text-decoration: underline\">Regimento da UFSM<\/span><\/a><\/span>, disposto na&nbsp;<span style=\"text-decoration: underline;color: #0000ff\"><a href=\"https:\/\/www.ufsm.br\/pro-reitorias\/proplan\/resolucao-n-006-2011\/#:~:text=Aprova%20a%20adequa%C3%A7%C3%A3o%20do%20Regimento,Santa%20Maria%20%C3%A0%20legisla%C3%A7%C3%A3o%20vigente.\"><span style=\"color: #0000ff;text-decoration: underline\">Resolu&ccedil;&atilde;o UFSM N. 006, de 28 de abril de 2011<\/span><\/a><\/span>, atualizado pela&nbsp;<span style=\"text-decoration: underline;color: #0000ff\"><a href=\"https:\/\/www.ufsm.br\/pro-reitorias\/proplan\/resolucao-n-016-2019\/\"><span style=\"color: #0000ff;text-decoration: underline\">Resolu&ccedil;&atilde;o UFSM N. 016, de 02 de julho de 2019<\/span><\/a><\/span>;&nbsp;<\/p>\r\n<p class=\"Textbodyindent\">- a&nbsp;<span style=\"text-decoration: underline;color: #0000ff\"><a href=\"https:\/\/www.ufsm.br\/pro-reitorias\/proplan\/resolucao-n-027-2020\/#:~:text=Aprova%20o%20Regulamento%20que%20normatiza,de%20Santa%20Maria%20(UFSM).\"><span style=\"color: #0000ff;text-decoration: underline\">Resolu&ccedil;&atilde;o UFSM N. 027, de 28 de setembro de 2020<\/span><\/a><\/span>, que aprova o Regulamento que normatiza a cria&ccedil;&atilde;o e organiza&ccedil;&atilde;o das empresas juniores na Universidade Federal de Santa Maria (UFSM);<\/p>\r\n<p class=\"Textbodyindent\">- a&nbsp;<span style=\"text-decoration: underline;color: #0000ff\"><a href=\"https:\/\/www.ufsm.br\/pro-reitorias\/proplan\/resolucao-n-029-2020\/#:~:text=Aprova%20a%20consolida%C3%A7%C3%A3o%20dos%20Cursos,28%20de%20novembro%20de%202019.\"><span style=\"color: #0000ff;text-decoration: underline\">Resolu&ccedil;&atilde;o UFSM N. 029, de 05 de novembro de 2020<\/span><\/a><\/span>, que aprova a consolida&ccedil;&atilde;o dos Cursos de Gradua&ccedil;&atilde;o (Licenciatura e Bacharelado), com situa&ccedil;&atilde;o &ldquo;em atividade&rdquo;, em cada Unidade de Ensino, da Universidade Federal de Santa Maria (UFSM), em decorr&ecirc;ncia do disposto no&nbsp;<span style=\"text-decoration: underline;color: #0000ff\"><a href=\"http:\/\/www.planalto.gov.br\/ccivil_03\/_ato2019-2022\/2019\/decreto\/D10139.htm\"><span style=\"color: #0000ff;text-decoration: underline\">Decreto N. 10.139, de 28 de novembro de 2019<\/span><\/a><\/span>;<\/p>\r\n<p class=\"Textbodyindent\">- a&nbsp;<span style=\"text-decoration: underline;color: #0000ff\"><a href=\"https:\/\/www.ufsm.br\/pro-reitorias\/proplan\/resolucao-ufsm-n-054-2021\/#:~:text=Regulamenta%20a%20proposi%C3%A7%C3%A3o%20e%20a,%2D%20a%20Lei%20Complementar%20N.\"><span style=\"color: #0000ff;text-decoration: underline\">Resolu&ccedil;&atilde;o UFSM N. 054, de 1&ordm; de junho de 2021<\/span><\/a><\/span>, que regulamenta a proposi&ccedil;&atilde;o e a emiss&atilde;o de Atos Normativos no &acirc;mbito da Universidade Federal de Santa Maria;<\/p>\r\n<p class=\"Textbodyindent\">- o Despacho N. 00268\/2021\/PROJUR\/PFUFSM\/PGF\/AGU, de 30 de novembro de 2021;<\/p>\r\n<p>- o Parecer N. 034\/2022 da Comiss&atilde;o de Legisla&ccedil;&atilde;o e Normas (CLN), aprovado na 972<span><span>a<\/span><\/span>&nbsp;Sess&atilde;o do Conselho de Ensino, Pesquisa e Extens&atilde;o (CEPE), de 20 de abril de 2022, referente ao&nbsp;<span style=\"text-decoration: underline;color: #0000ff\"><a href=\"https:\/\/portal.ufsm.br\/documentos\/publico\/processo\/documento.html?idDocumento=13759626\"><span style=\"color: #0000ff;text-decoration: underline\">Processo N. 23081.083931\/2021-11<\/span><\/a><\/span>.<\/p>\r\n<BR>\r\n<p style=\"text-align: justify\">RESOLVE:<\/p>\r\n<BR>\r\n<p style=\"text-align: justify\">Art. 1&ordm; Aprovar o plano acad&ecirc;mico da empresa j&uacute;nior &ldquo;F5 Junior - Consultoria Internacional&rdquo; vinculada ao Curso de Rela&ccedil;&otilde;es Internacionais do Centro de Ci&ecirc;ncias Sociais e Humanas (CCSH) da Universidade Federal de Santa Maria (UFSM).<\/p>\r\n<p style=\"text-align: justify\">Art. 2&ordm; Esta resolu&ccedil;&atilde;o entra em vigor em 1&ordm; de junho de 2022, de acordo com o que prev&ecirc; o Artigo 4&ordm; do <span style=\"text-decoration: underline;color: #0000ff\"><a href=\"https:\/\/www.in.gov.br\/en\/web\/dou\/-\/decreto-n-10.139-de-28-de-novembro-de-2019-230458659\"><span style=\"color: #0000ff;text-decoration: underline\">Decreto N. 10.139, de 28 de novembro de 2019<\/span><\/a>.<\/p>Par&aacute;grafo &uacute;nico. Havendo qualquer modifica&ccedil;&atilde;o&nbsp;&nbsp; legislativa, ou&nbsp;&nbsp; ainda, havendo qualquer situa&ccedil;&atilde;o legal que impacte na legalidade da presente Resolu&ccedil;&atilde;o, a mesma se aplica de imediato, sem preju&iacute;zo da adequa&ccedil;&atilde;o do Estatuto e\/ou Regimento Interno.<\/p>\r\n<BR>\r\n\r\n<p>Luciano Schuch<\/p>\r\n<p>Reitor<\/p>\r\n<br>\r\n<p><font color=\"red0000\">Este texto n\u00e3o substitui o documento original, publicado em 04 de maio de 2022 no Portal de Documentos.<\/font> Dispon\u00edvel em: <a href=\"https:\/\/portal.ufsm.br\/documentos\/relacao\/formRelacionamento.html?idDocumento=14139359\"><font color=\"blue\">https:\/\/portal.ufsm.br\/documentos\/relacao\/formRelacionamento.html?idDocumento=14139359<\/font><\/a><\/p><\/div>\r\n\r\n \t\t<\/div>\n\t\t\t\t<\/div>\n\t\t\t\t\t<\/div>\n\t\t<\/div>\n\t\t\t\t\t<\/div>\n\t\t<\/section>\n\t\t\t\t<\/div>\n\t\t","protected":false},"excerpt":{"rendered":"<p>RESOLU\u00c7\u00c3O UFSM N. 085, DE 28 DE ABRIL DE 2022 MINIST\u00c9RIO DA EDUCA\u00c7\u00c3O UNIVERSIDADE FEDERAL DE SANTA MARIA RESOLU\u00c7\u00c3O UFSM N\u00b0 085, DE 28 DE ABRIL DE 2022 Aprova o plano acad\u00eamico da empresa j\u00fanior \u201cF5 Junior &#8211; Consultoria Internacional\u201d vinculada ao Curso de Rela\u00e7\u00f5es Internacionais do Centro de Ci\u00eancias Sociais e Humanas (CCSH) da [&hellip;]<\/p>\n","protected":false},"author":5547,"featured_media":0,"parent":0,"menu_order":0,"comment_status":"closed","ping_status":"closed","template":"","meta":{"footnotes":""},"categories":[],"tags":[],"class_list":["post-4898","page","type-page","status-publish","hentry"],"acf":[],"_links":{"self":[{"href":"https:\/\/www.ufsm.br\/pro-reitorias\/proplan\/wp-json\/wp\/v2\/pages\/4898","targetHints":{"allow":["GET"]}}],"collection":[{"href":"https:\/\/www.ufsm.br\/pro-reitorias\/proplan\/wp-json\/wp\/v2\/pages"}],"about":[{"href":"https:\/\/www.ufsm.br\/pro-reitorias\/proplan\/wp-json\/wp\/v2\/types\/page"}],"author":[{"embeddable":true,"href":"https:\/\/www.ufsm.br\/pro-reitorias\/proplan\/wp-json\/wp\/v2\/users\/5547"}],"replies":[{"embeddable":true,"href":"https:\/\/www.ufsm.br\/pro-reitorias\/proplan\/wp-json\/wp\/v2\/comments?post=4898"}],"version-history":[{"count":0,"href":"https:\/\/www.ufsm.br\/pro-reitorias\/proplan\/wp-json\/wp\/v2\/pages\/4898\/revisions"}],"wp:attachment":[{"href":"https:\/\/www.ufsm.br\/pro-reitorias\/proplan\/wp-json\/wp\/v2\/media?parent=4898"}],"wp:term":[{"taxonomy":"category","embeddable":true,"href":"https:\/\/www.ufsm.br\/pro-reitorias\/proplan\/wp-json\/wp\/v2\/categories?post=4898"},{"taxonomy":"post_tag","embeddable":true,"href":"https:\/\/www.ufsm.br\/pro-reitorias\/proplan\/wp-json\/wp\/v2\/tags?post=4898"}],"curies":[{"name":"wp","href":"https:\/\/api.w.org\/{rel}","templated":true}]}}