{"id":4901,"date":"2022-05-06T13:30:56","date_gmt":"2022-05-06T16:30:56","guid":{"rendered":"https:\/\/www.ufsm.br\/pro-reitorias\/proplan\/?page_id=4901"},"modified":"2025-08-22T15:31:24","modified_gmt":"2025-08-22T18:31:24","slug":"resolucao-ufsm-n-084-de-28-de-abril-de-2022","status":"publish","type":"page","link":"https:\/\/www.ufsm.br\/pro-reitorias\/proplan\/resolucao-ufsm-n-084-de-28-de-abril-de-2022","title":{"rendered":"RESOLU\u00c7\u00c3O UFSM N\u00b0 084\/2022"},"content":{"rendered":"\t\t<div data-elementor-type=\"wp-page\" data-elementor-id=\"4901\" class=\"elementor elementor-4901\">\n\t\t\t\t\t\t<section class=\"elementor-section elementor-top-section elementor-element elementor-element-0c01097 elementor-section-boxed elementor-section-height-default elementor-section-height-default\" data-id=\"0c01097\" data-element_type=\"section\">\n\t\t\t\t\t\t<div class=\"elementor-container elementor-column-gap-default\">\n\t\t\t\t\t<div class=\"elementor-column elementor-col-100 elementor-top-column elementor-element elementor-element-480d79d\" data-id=\"480d79d\" data-element_type=\"column\">\n\t\t\t<div class=\"elementor-widget-wrap elementor-element-populated\">\n\t\t\t\t\t\t<div class=\"elementor-element elementor-element-db2cbd3 elementor-widget elementor-widget-html\" data-id=\"db2cbd3\" data-element_type=\"widget\" data-widget_type=\"html.default\">\n\t\t\t\t<div class=\"elementor-widget-container\">\n\t\t\t\r\n\r\n\r\n<title><b>RESOLU\u00c7\u00c3O UFSM N. 084, DE 28 DE ABRIL DE 2022<\/b><\/title>\r\n\r\n\r\n<div align=\"center\"><img decoding=\"async\" src=\"https:\/\/www.ufsm.br\/pro-reitorias\/proplan\/wp-content\/uploads\/sites\/344\/2019\/09\/brasao-da-republica-do-brasil-logo.png\" alt=\"Bras\u00e3o Rep\u00fablica Federativa do Brasil\" width=\"6%\" height=\"6%\"><\/div>  <h1><font color=\"blue\"><font size=\"5\"><div align=\"center\">MINIST\u00c9RIO DA EDUCA\u00c7\u00c3O<\/div><\/font><\/font><\/H1>\r\n<b><font color=\"0000blue\"><div align=\"center\">UNIVERSIDADE FEDERAL DE SANTA MARIA<\/div><\/font><\/b>\r\n<p><div align=\"center\"><b><a href=\"https:\/\/portal.ufsm.br\/documentos\/publico\/documento.html?id=14143432\" target=\"_blank\"><font color=\"blue\">RESOLU\u00c7\u00c3O UFSM N\u00b0 084, DE 28 DE ABRIL DE 2022<\/font><\/a><\/b><\/div>\r\n<br>\r\n<p><div align=\"justify\"><font color=\"800000\"><ul><ul><ul><ul><ul><ul><ul><ul><ul><ul><ul><ul><ul><ul><ul><ul>Aprova o plano acad\u00eamico da empresa j\u00fanior Ac\u00fastica Jr. vinculada ao curso de Engenharia Ac\u00fastica da Universidade Federal de Santa Maria \u2014 UFSM.<\/font><\/div>\r\n<\/ul><\/ul><\/ul><\/ul><\/ul><\/ul><\/ul><\/ul><\/ul><\/ul><\/ul><\/ul><\/ul><\/ul><\/ul><\/ul><\/ul><\/ul><\/ul>\r\n\r\n<br><div align=\"justify\"><font color=\"black\">\r\n\r\n\r\n<p>O REITOR DA UNIVERSIDADE FEDERAL DE SANTA MARIA, no uso de suas atribui\u00e7\u00f5es legais e estatut\u00e1rias e considerando:<\/p>\r\n<p>- a <a href=\"https:\/\/www.planalto.gov.br\/ccivil_03\/_ato2015-2018\/2016\/lei\/l13267.htm\" target=\"_blank\"><font color=\"blue\"><u>Lei N. 13.267, de 06 de abril de 2016<\/u><\/font><\/a>, que disciplina a cria\u00e7\u00e3o e a organiza\u00e7\u00e3o das associa\u00e7\u00f5es denominadas empresas juniores, com funcionamento perante institui\u00e7\u00f5es de ensino superior;\r\n<p>- a <a href=\"https:\/\/www.ufsm.br\/pro-reitorias\/proplan\/resolucao-n-027-2020\" target=\"_blank\"><font color=\"blue\"><u>Resolu\u00e7\u00e3o N. 027\/2020, de 28 de setembro de 2020<\/u><\/font><\/a>, que aprova o regulamento que normatiza a cria\u00e7\u00e3o e organiza\u00e7\u00e3o das empresas j\u00faniores na Universidade Federal de Santa Maria (UFSM);\r\n<p>- o Despacho N. 00268\/2021\/PROJUR\/PFUFSM\/PGF\/AGU, de 30 de novembro de 2021; e,\r\n<p>- o Parecer N. 022\/2022 da Comiss\u00e3o de Legisla\u00e7\u00e3o e Normas (CLN), aprovado na 972\u00aa Sess\u00e3o do Conselho de Ensino, Pesquisa e Extens\u00e3o (CEPE), de 20 de abril de 2022, referente ao Processo N. <a href=\"https:\/\/portal.ufsm.br\/documentos\/publico\/processo\/documento.html?idDocumento=13578449\" target=\"_blank\"><font color=\"blue\"><u>23081.048792\/2021-89<\/u><\/font><\/a>.\r\n<BR>\r\n    <BR>\r\n<p style=\"text-align: justify\">RESOLVE:<\/p>\r\n<BR>\r\n<p>Art. 1\u00ba Aprovar o plano acad\u00eamico da empresa j\u00fanior Ac\u00fastica Jr. vinculada ao curso de Engenharia Ac\u00fastica da Universidade Federal de Santa Maria \u2014 UFSM.\r\n<p>Art. 2\u00ba Esta resolu\u00e7\u00e3o entra em vigor em 1\u00ba de junho de 2022, de acordo com o que prev\u00ea o Artigo 4\u00ba do <a href=\"http:\/\/www.planalto.gov.br\/ccivil_03\/_ato2019-2022\/2019\/decreto\/D10139.htm\" target=\"_blank\"><font color=\"blue\"><u>Decreto N. 10.139, de 28 de novembro de 2019<\/u><\/font><\/a>.\r\n<p>Par\u00e1grafo \u00fanico. Havendo qualquer modifica\u00e7\u00e3o  legislativa, ou ainda, havendo qualquer situa\u00e7\u00e3o legal que impacte na legalidade da presente Resolu\u00e7\u00e3o, a mesma se aplica de imediato, sem preju\u00edzo da adequa\u00e7\u00e3o do Estatuto e\/ou Regimento Interno.\r\n<br>\r\n<BR>\r\n<p>Luciano Schuch<\/p>\r\n<p>Reitor<\/p>\r\n<br>\r\n<p><font color=\"red0000\">Este texto n\u00e3o substitui o documento original, publicado em 06 de maio de 2022 no Portal de Documentos.<\/font> Dispon\u00edvel em: <a href=\"https:\/\/portal.ufsm.br\/documentos\/publico\/documento.html?id=14143432\"><font color=\"blue\">https:\/\/portal.ufsm.br\/documentos\/publico\/documento.html?id=141434322<\/font><\/a><\/p><\/div>\r\n\r\n \t\t<\/div>\n\t\t\t\t<\/div>\n\t\t\t\t\t<\/div>\n\t\t<\/div>\n\t\t\t\t\t<\/div>\n\t\t<\/section>\n\t\t\t\t<\/div>\n\t\t","protected":false},"excerpt":{"rendered":"<p>RESOLU\u00c7\u00c3O UFSM N. 084, DE 28 DE ABRIL DE 2022 MINIST\u00c9RIO DA EDUCA\u00c7\u00c3O UNIVERSIDADE FEDERAL DE SANTA MARIA RESOLU\u00c7\u00c3O UFSM N\u00b0 084, DE 28 DE ABRIL DE 2022 Aprova o plano acad\u00eamico da empresa j\u00fanior Ac\u00fastica Jr. vinculada ao curso de Engenharia Ac\u00fastica da Universidade Federal de Santa Maria \u2014 UFSM. O REITOR DA UNIVERSIDADE [&hellip;]<\/p>\n","protected":false},"author":5547,"featured_media":0,"parent":0,"menu_order":0,"comment_status":"closed","ping_status":"closed","template":"","meta":{"footnotes":""},"categories":[],"tags":[],"class_list":["post-4901","page","type-page","status-publish","hentry"],"acf":[],"_links":{"self":[{"href":"https:\/\/www.ufsm.br\/pro-reitorias\/proplan\/wp-json\/wp\/v2\/pages\/4901","targetHints":{"allow":["GET"]}}],"collection":[{"href":"https:\/\/www.ufsm.br\/pro-reitorias\/proplan\/wp-json\/wp\/v2\/pages"}],"about":[{"href":"https:\/\/www.ufsm.br\/pro-reitorias\/proplan\/wp-json\/wp\/v2\/types\/page"}],"author":[{"embeddable":true,"href":"https:\/\/www.ufsm.br\/pro-reitorias\/proplan\/wp-json\/wp\/v2\/users\/5547"}],"replies":[{"embeddable":true,"href":"https:\/\/www.ufsm.br\/pro-reitorias\/proplan\/wp-json\/wp\/v2\/comments?post=4901"}],"version-history":[{"count":0,"href":"https:\/\/www.ufsm.br\/pro-reitorias\/proplan\/wp-json\/wp\/v2\/pages\/4901\/revisions"}],"wp:attachment":[{"href":"https:\/\/www.ufsm.br\/pro-reitorias\/proplan\/wp-json\/wp\/v2\/media?parent=4901"}],"wp:term":[{"taxonomy":"category","embeddable":true,"href":"https:\/\/www.ufsm.br\/pro-reitorias\/proplan\/wp-json\/wp\/v2\/categories?post=4901"},{"taxonomy":"post_tag","embeddable":true,"href":"https:\/\/www.ufsm.br\/pro-reitorias\/proplan\/wp-json\/wp\/v2\/tags?post=4901"}],"curies":[{"name":"wp","href":"https:\/\/api.w.org\/{rel}","templated":true}]}}