{"id":4905,"date":"2022-05-06T16:51:58","date_gmt":"2022-05-06T19:51:58","guid":{"rendered":"https:\/\/www.ufsm.br\/pro-reitorias\/proplan\/?page_id=4905"},"modified":"2025-08-22T16:36:38","modified_gmt":"2025-08-22T19:36:38","slug":"resolucao-ufsm-n-088","status":"publish","type":"page","link":"https:\/\/www.ufsm.br\/pro-reitorias\/proplan\/resolucao-ufsm-n-088","title":{"rendered":"RESOLU\u00c7\u00c3O UFSM N\u00b0 088\/2022"},"content":{"rendered":"\t\t<div data-elementor-type=\"wp-page\" data-elementor-id=\"4905\" class=\"elementor elementor-4905\">\n\t\t\t\t\t\t<section class=\"elementor-section elementor-top-section elementor-element elementor-element-1c21b43 elementor-section-boxed elementor-section-height-default elementor-section-height-default\" data-id=\"1c21b43\" data-element_type=\"section\">\n\t\t\t\t\t\t<div class=\"elementor-container elementor-column-gap-default\">\n\t\t\t\t\t<div class=\"elementor-column elementor-col-100 elementor-top-column elementor-element elementor-element-8e6b781\" data-id=\"8e6b781\" data-element_type=\"column\">\n\t\t\t<div class=\"elementor-widget-wrap elementor-element-populated\">\n\t\t\t\t\t\t<div class=\"elementor-element elementor-element-2c58097 elementor-widget elementor-widget-html\" data-id=\"2c58097\" data-element_type=\"widget\" data-widget_type=\"html.default\">\n\t\t\t\t<div class=\"elementor-widget-container\">\n\t\t\t\r\n\r\n\r\n<title><b>RESOLU\u00c7\u00c3O UFSM N. 088, DE 03 DE MAIO DE 2022<\/b><\/title>\r\n\r\n\r\n<div align=\"center\"><img decoding=\"async\" src=\"https:\/\/www.ufsm.br\/pro-reitorias\/proplan\/wp-content\/uploads\/sites\/344\/2019\/09\/brasao-da-republica-do-brasil-logo.png\" alt=\"Bras\u00e3o Rep\u00fablica Federativa do Brasil\" width=\"6%\" height=\"6%\"><\/div>  <h1><font color=\"blue\"><font size=\"5\"><div align=\"center\">MINIST\u00c9RIO DA EDUCA\u00c7\u00c3O<\/div><\/font><\/font><\/H1>\r\n<b><font color=\"0000blue\"><div align=\"center\">UNIVERSIDADE FEDERAL DE SANTA MARIA<\/div><\/font><\/b>\r\n<p><div align=\"center\"><b><a href=\"https:\/\/portal.ufsm.br\/documentos\/publico\/documento.html?id=14144015\" target=\"_blank\"><font color=\"blue\">RESOLU\u00c7\u00c3O UFSM N\u00b0 088, DE 03 DE MAIO DE 2022<\/font><\/a><\/b><\/div>\r\n<br>\r\n<p><div align=\"justify\"><font color=\"800000\"><ul><ul><ul><ul><ul><ul><ul><ul><ul><ul><ul><ul><ul><ul><ul><ul>Or\u00e7a a Receita e fixa a Despesa da Universidade Federal de Santa Maria para o Exerc\u00edcio Financeiro de 2022.<\/font><\/div>\r\n<\/ul><\/ul><\/ul><\/ul><\/ul><\/ul><\/ul><\/ul><\/ul><\/ul><\/ul><\/ul><\/ul><\/ul><\/ul><\/ul><\/ul><\/ul><\/ul>\r\n\r\n<br><div align=\"justify\"><font color=\"black\">\r\n<p>O REITOR DA UNIVERSIDADE FEDERAL DE SANTA MARIA, no uso de suas atribui\u00e7\u00f5es legais e estatut\u00e1rias e considerando:<\/p>\r\n<p>- a&nbsp;<span style=\"color: #0000ff;text-decoration: underline\"><a href=\"http:\/\/www.planalto.gov.br\/ccivil_03\/leis\/l9394.htm\"><span style=\"color: #0000ff\">Lei n&ordm; 9.394, de 20 de dezembro de 1996<\/span><\/a><\/span>, que estabelece as diretrizes e bases da educa&ccedil;&atilde;o nacional;<\/p>\r\n<p>- a&nbsp;<span style=\"color: #0000ff;text-decoration: underline\"><a href=\"http:\/\/www.planalto.gov.br\/ccivil_03\/leis\/lcp\/lcp95.htm\"><span style=\"color: #0000ff\">Lei Complementar n&ordm; 95, de 26 de fevereiro de 1998<\/span><\/a><\/span>, que disp&otilde;e sobre a elabora&ccedil;&atilde;o, a reda&ccedil;&atilde;o, a altera&ccedil;&atilde;o e a consolida&ccedil;&atilde;o das leis, conforme determina o Par&aacute;grafo &Uacute;nico do Art. 59 da Constitui&ccedil;&atilde;o Federal, e estabelece normas para a consolida&ccedil;&atilde;o dos atos normativos que menciona;<\/p>\r\n<p>- o&nbsp;<span style=\"color: #0000ff;text-decoration: underline\"><a href=\"http:\/\/www.planalto.gov.br\/ccivil_03\/_ato2015-2018\/2017\/decreto\/D9191.htm\"><span style=\"color: #0000ff\">Decreto n&ordm; 9.191, de 1&ordm; de novembro de 2017<\/span><\/a><\/span>, que estabelece as normas e as diretrizes para elabora&ccedil;&atilde;o, reda&ccedil;&atilde;o, altera&ccedil;&atilde;o, consolida&ccedil;&atilde;o e encaminhamento de propostas de atos normativos ao Presidente da Rep&uacute;blica pelos Ministros de Estado;<\/p>\r\n<p>- a&nbsp;<span style=\"color: #0000ff;text-decoration: underline\"><a href=\"http:\/\/www.planalto.gov.br\/ccivil_03\/_ato2019-2022\/2021\/lei\/L14194.htm\"><span style=\"color: #0000ff\">Lei n&ordm; 14.194, de 20 de agosto de 2021<\/span><\/a><\/span>, que disp&otilde;e sobre as diretrizes para a elabora&ccedil;&atilde;o da Lei Or&ccedil;ament&aacute;ria de 2021 e d&aacute; outras provid&ecirc;ncias;<\/p>\r\n<p>- a&nbsp;<span style=\"color: #0000ff;text-decoration: underline\"><a href=\"https:\/\/www.in.gov.br\/en\/web\/dou\/-\/lei-n-14.303-de-21-de-janeiro-de-2022-*-375541502\"><span style=\"color: #0000ff\">Lei n&ordm; 14.303, de 21 de janeiro de 2022<\/span><\/a><\/span>, que estima a receita e fixa a despesa da Uni&atilde;o para o exerc&iacute;cio financeiro de 2022;<\/p>\r\n<p>- o&nbsp;<span style=\"color: #0000ff;text-decoration: underline\"><a href=\"https:\/\/www.in.gov.br\/en\/web\/dou\/-\/decreto-n-10.961-de-11-de-fevereiro-de-2022-379826763\"><span style=\"color: #0000ff\">Decreto n&ordm; 10.961, de 11 de fevereiro de 2022<\/span><\/a><\/span>, que disp&otilde;e sobre a programa&ccedil;&atilde;o or&ccedil;ament&aacute;ria e financeira, estabelece o cronograma de execu&ccedil;&atilde;o mensal de desembolso do Poder Executivo Federal para o exerc&iacute;cio de 2021 e d&aacute; outras provid&ecirc;ncias;<\/p>\r\n<p>- o&nbsp;<span style=\"color: #0000ff;text-decoration: underline\"><a href=\"https:\/\/www.ufsm.br\/pro-reitorias\/proplan\/estatuto-ufsm-2010\/\"><span style=\"color: #0000ff\">Estatuto da Universidade Federal de Santa Maria<\/span><\/a><\/span>, com as adequa&ccedil;&otilde;es aprovadas pela&nbsp;<span style=\"color: #0000ff\"><span style=\"color: #0000ff\"><a href=\"https:\/\/www.ufsm.br\/pro-reitorias\/proplan\/resolucao-n-037-2010\/\"><span style=\"color: #0000ff\">Resolu&ccedil;&atilde;o N. 037\/2010<\/span><\/a><\/span><\/span>&nbsp;e aprovadas pela&nbsp;<span style=\"color: #0000ff\"><a href=\"https:\/\/www.ufsm.br\/app\/uploads\/2018\/08\/Estatuto-da-UFSM.pdf\"><span style=\"color: #0000ff\">Portaria N. 156, de 12 de mar&ccedil;o de 2014<\/span><\/a><\/span>, publicada no Di&aacute;rio Oficial da Uni&atilde;o em 13 de mar&ccedil;o de 2014;<\/p>\r\n<p>- o&nbsp;<span style=\"color: #0000ff;text-decoration: underline\"><a href=\"https:\/\/www.ufsm.br\/app\/uploads\/sites\/713\/2019\/10\/Regimento-Geral-UFSM.pdf\"><span style=\"color: #0000ff\">Regimento Geral da Universidade Federal de Santa Maria<\/span><\/a><\/span>, com as adequa&ccedil;&otilde;es aprovadas pela Resolu&ccedil;&atilde;o N. 006\/2011;<\/p>\r\n<p>- a&nbsp;<span style=\"color: #0000ff;text-decoration: underline\"><a href=\"https:\/\/www.ufsm.br\/pro-reitorias\/proplan\/resolucao-ufsm-n-044-2021\/\"><span style=\"color: #0000ff\">Resolu&ccedil;&atilde;o n&ordm; 044, de 18 de fevereiro de 2021<\/span><\/a><\/span>, que aprova a Pol&iacute;tica de Inova&ccedil;&atilde;o da Universidade Federal de Santa Maria, em conson&acirc;ncia com as diretrizes da Pol&iacute;tica Nacional da Ci&ecirc;ncia, Tecnologia e Inova&ccedil;&atilde;o, bem como a cria&ccedil;&atilde;o do Conselho Superior da Ag&ecirc;ncia de Inova&ccedil;&atilde;o e Transfer&ecirc;ncia de Tecnologia (CSA-AGITTEC);<\/p>\r\n<p>- a&nbsp;<span style=\"color: #0000ff;text-decoration: underline\"><a href=\"https:\/\/www.ufsm.br\/pro-reitorias\/proplan\/resolucao-ufsm-n-054-2021\/\"><span style=\"color: #0000ff\">Resolu&ccedil;&atilde;o n&ordm; 054, de 1&ordm; de junho de 2021<\/span><\/a><\/span>, que regulamenta a proposi&ccedil;&atilde;o e a emiss&atilde;o de Atos Normativos no &acirc;mbito da Universidade Federal de Santa Maria;<\/p>\r\n<p>- o Parecer N. 001\/2022, da Comiss&atilde;o de Or&ccedil;amento e Reg&ecirc;ncia Patrimonial do Conselho Universit&aacute;rio (CORP), aprovado na 850&ordf; Sess&atilde;o, de 29 de abril de 2022, constante do Processo n.&nbsp;<span style=\"color: #0000ff\"><a href=\"https:\/\/portal.ufsm.br\/documentos\/publico\/processo\/documento.html?idDocumento=14071214\"><span style=\"color: #0000ff\"><u>23081.031385\/2022-13<\/span><\/a><\/u><\/span>; e,<\/p>\r\n<p>- o Parecer N. 002\/2022, da Comiss&atilde;o de Acompanhamento e An&aacute;lise de Processos (CAAP) do Conselho de Curadores, aprovado na 215&ordf; Sess&atilde;o de 26 de abril de 2022, constante do Processo n.&nbsp;<span style=\"color: #0000ff\"><a href=\"https:\/\/portal.ufsm.br\/documentos\/publico\/processo\/documento.html?idDocumento=14071214\"><span style=\"color: #0000ff\"><u>23081.031385\/2022-13<\/span><\/u><\/a><\/span>.<\/p>\r\n<BR>\r\n\r\n<p style=\"text-align: justify\">RESOLVE:<\/p>\r\n<BR>\r\n<p style=\"text-align: justify\">Art. 1<span style=\"text-decoration: underline\"><sup>o<\/sup><\/span> Fica aprovado o Or&ccedil;amento da Universidade Federal de Santa Maria, para o exerc&iacute;cio financeiro de 2022.<\/p>\r\n<p style=\"text-align: justify\">Art. 2<span style=\"text-decoration: underline\"><sup>o<\/sup><\/span> A Receita &eacute; estimada em R$ 1.514.596.724,94 (um bilh&atilde;o, quinhentos e catorze milh&otilde;es, quinhentos e noventa e seis mil, setecentos e vinte e quatro reais e noventa e quatro centavos), com a seguinte especifica&ccedil;&atilde;o baseada nas fontes de recursos:<\/p>\r\n<p style=\"text-align: justify\">I &ndash; Tesouro: R$ 1.503.798.490,00 (um bilh&atilde;o quinhentos e tr&ecirc;s milh&otilde;es, setecentos e noventa e oito mil, quatrocentos e noventa e seis reais);<\/p>\r\n<p style=\"text-align: justify\">II &ndash; Receitas Pr&oacute;prias: R$ 4.994.510,00 (quatro milh&otilde;es, novecentos e noventa e quatro mil, quinhentos e dez reais);<\/p>\r\n<p style=\"text-align: justify\">III &ndash; Emendas: R$ 500.000,00 (quinhentos mil reais); e,<\/p>\r\n<p style=\"text-align: justify\">IV &ndash; Gest&atilde;o pr&oacute;pria da pol&iacute;tica de inova&ccedil;&atilde;o: R$ 5.303.724,94 (cinco milh&otilde;es, trezentos e tr&ecirc;s mil, setecentos e vinte e quatro reais e noventa e quatro centavos).<\/p>\r\n<p style=\"text-align: justify\">Par&aacute;grafo &uacute;nico. As receitas previstas no Inciso IV referem-se aquelas previstas no Art. 19 da <span style=\"text-decoration: underline;color: #0000ff\"><a href=\"https:\/\/www.ufsm.br\/pro-reitorias\/proplan\/resolucao-ufsm-n-044-2021\"><span style=\"color: #0000ff;text-decoration: underline\">Resolu&ccedil;&atilde;o 44\/2021.<\/span><\/a><\/span><\/p>\r\n\r\n<p style=\"text-align: justify\">Art. 3<span style=\"text-decoration: underline\"><sup>o<\/sup><\/span> A despesa &eacute; fixada em R$ 1.514.596.724,94 (um bilh&atilde;o, quinhentos e catorze milh&otilde;es, quinhentos e noventa e seis mil, setecentos e vinte e quatro reais e noventa e quatro centavos), com a seguinte classifica&ccedil;&atilde;o, de acordo com as especifica&ccedil;&otilde;es constantes nos respectivos quadros que fazem parte do Or&ccedil;amento:<\/p>\r\n<p style=\"text-align: justify\">I &ndash; Despesas Correntes:<\/p>\r\n<p style=\"text-align: justify\">a) Pessoal e Encargos Sociais: R$ 1.340.174.110,00 (um bilh&atilde;o, trezentos e quarenta milh&otilde;es, cento e setenta e quatro mil, cento e dez reais); e,<\/p>\r\n<p style=\"text-align: justify\">b) Outras Despesas Correntes: R$ 164.673.248,00 (cento e sessenta e quatro milh&otilde;es, seiscentos e setenta e tr&ecirc;s mil, seiscentos e nove reais);<\/p>\r\n<p style=\"text-align: justify\">II &ndash; Despesas de Capital:<\/p>\r\n<p style=\"text-align: justify\">a) Investimentos = R$ 4.445.642,00 (quatro milh&otilde;es, quatrocentos e quarenta e cinco mil, seiscentos e quarenta e dois reais).<\/p>\r\n<p style=\"text-align: justify\">III &ndash; Despesas para Gest&atilde;o pr&oacute;pria da pol&iacute;tica de inova&ccedil;&atilde;o: despesas estimadas em R$ 5.303.724,94 (cinco milh&otilde;es, trezentos e tr&ecirc;s mil, setecentos e vinte e quatro reais e noventa e quatro centavos) para a gest&atilde;o da inova&ccedil;&atilde;o por meio de Projeto de Desenvolvimento Institucional e &agrave; promo&ccedil;&atilde;o da pol&iacute;tica de inova&ccedil;&atilde;o por meio de editais institucionais.<\/p>\r\n<p style=\"text-align: justify\">&sect; 1&ordm; As despesas previstas no Inciso III referem-se aquelas previstas no Art. 19 da <span style=\"text-decoration: underline;color: #0000ff\"><a href=\"https:\/\/www.ufsm.br\/pro-reitorias\/proplan\/resolucao-ufsm-n-044-2021\"><span style=\"color: #0000ff;text-decoration: underline\">Resolu&ccedil;&atilde;o 44\/2021.<\/span><\/a><\/span><\/p>\r\n<p style=\"text-align: justify\">&sect; 2&ordm; A distribui&ccedil;&atilde;o obedecer&aacute; ao disposto nos anexos da presente resolu&ccedil;&atilde;o.<\/p>\r\n<p style=\"text-align: justify\">Art. 4<span style=\"text-decoration: underline\"><sup>o<\/sup><\/span> Fica o Reitor autorizado a:<\/p>\r\n<p style=\"text-align: justify\">I &ndash; abrir cr&eacute;dito para atendimento das solicita&ccedil;&otilde;es das Unidades Gestoras de recursos, tendo como base o Anexo I desta Resolu&ccedil;&atilde;o;<\/p>\r\n<p style=\"text-align: justify\">II &ndash; abrir cr&eacute;dito para refor&ccedil;o das dota&ccedil;&otilde;es &agrave; conta de Recursos Pr&oacute;prios, com a utiliza&ccedil;&atilde;o do excesso de arrecada&ccedil;&atilde;o;<\/p>\r\n<p style=\"text-align: justify\">III &ndash; abrir cr&eacute;ditos para inclus&atilde;o de recursos decorrentes de conv&ecirc;nios, aux&iacute;lios e emendas em estrita observ&acirc;ncia aos objetivos e planos de aplica&ccedil;&atilde;o, estabelecidos no instrumento firmado; e,<\/p>\r\n<p style=\"text-align: justify\">IV &ndash; adotar medidas necess&aacute;rias para ajustar os disp&ecirc;ndios programados no Or&ccedil;amento ao efetivo comportamento da Receita.<\/p>\r\n<p style=\"text-align: justify\">Par&aacute;grafo &uacute;nico. Para assegurar a efici&ecirc;ncia na aplica&ccedil;&atilde;o dos recursos, &eacute; facultado o uso de portarias normativas e instru&ccedil;&otilde;es normativas, nos termos da <p><span style=\"text-decoration: underline;color: #0000ff\"><a href=\"https:\/\/www.ufsm.br\/pro-reitorias\/proplan\/resolucao-ufsm-n-054-2021\"><span style=\"color: #0000ff;text-decoration: underline\">resolu&ccedil;&atilde;o N. 054\/2021.<\/span><\/a><\/span><\/p>\r\n<p style=\"text-align: justify\">Art. 5<span style=\"text-decoration: underline\"><sup>o<\/sup><\/span> Esta resolu&ccedil;&atilde;o entra em vigor 09 de maio de 2022, por se tratar de urg&ecirc;ncia justificada no expediente administrativo.<\/p>\r\n<p style=\"text-align: justify\">Par&aacute;grafo &uacute;nico. Havendo qualquer modifica&ccedil;&atilde;o legislativa, ou ainda, havendo qualquer situa&ccedil;&atilde;o legal que impacte na legalidade da presente Resolu&ccedil;&atilde;o, a mesma se aplica de imediato.<\/p>\r\n<BR>\r\n<p>Luciano Schuch<\/p>\r\n<p>Reitor<\/p>\r\n<br>\r\n<p><font color=\"red0000\">Este texto n\u00e3o substitui o documento original, publicado em 06-05-2022 no Portal de Documentos.<\/font> Dispon\u00edvel em: <a href=\"https:\/\/portal.ufsm.br\/documentos\/publico\/documento.html?id=14144015\t\"><font color=\"blue\">https:\/\/portal.ufsm.br\/documentos\/publico\/documento.html?id=14144015<\/font><\/a><\/p><\/div>\r\n\r\n \t\t<\/div>\n\t\t\t\t<\/div>\n\t\t\t\t\t<\/div>\n\t\t<\/div>\n\t\t\t\t\t<\/div>\n\t\t<\/section>\n\t\t\t\t<\/div>\n\t\t","protected":false},"excerpt":{"rendered":"<p>RESOLU\u00c7\u00c3O UFSM N. 088, DE 03 DE MAIO DE 2022 MINIST\u00c9RIO DA EDUCA\u00c7\u00c3O UNIVERSIDADE FEDERAL DE SANTA MARIA RESOLU\u00c7\u00c3O UFSM N\u00b0 088, DE 03 DE MAIO DE 2022 Or\u00e7a a Receita e fixa a Despesa da Universidade Federal de Santa Maria para o Exerc\u00edcio Financeiro de 2022. O REITOR DA UNIVERSIDADE FEDERAL DE SANTA MARIA, [&hellip;]<\/p>\n","protected":false},"author":4883,"featured_media":0,"parent":0,"menu_order":0,"comment_status":"closed","ping_status":"closed","template":"","meta":{"footnotes":""},"categories":[],"tags":[],"class_list":["post-4905","page","type-page","status-publish","hentry"],"acf":[],"_links":{"self":[{"href":"https:\/\/www.ufsm.br\/pro-reitorias\/proplan\/wp-json\/wp\/v2\/pages\/4905","targetHints":{"allow":["GET"]}}],"collection":[{"href":"https:\/\/www.ufsm.br\/pro-reitorias\/proplan\/wp-json\/wp\/v2\/pages"}],"about":[{"href":"https:\/\/www.ufsm.br\/pro-reitorias\/proplan\/wp-json\/wp\/v2\/types\/page"}],"author":[{"embeddable":true,"href":"https:\/\/www.ufsm.br\/pro-reitorias\/proplan\/wp-json\/wp\/v2\/users\/4883"}],"replies":[{"embeddable":true,"href":"https:\/\/www.ufsm.br\/pro-reitorias\/proplan\/wp-json\/wp\/v2\/comments?post=4905"}],"version-history":[{"count":0,"href":"https:\/\/www.ufsm.br\/pro-reitorias\/proplan\/wp-json\/wp\/v2\/pages\/4905\/revisions"}],"wp:attachment":[{"href":"https:\/\/www.ufsm.br\/pro-reitorias\/proplan\/wp-json\/wp\/v2\/media?parent=4905"}],"wp:term":[{"taxonomy":"category","embeddable":true,"href":"https:\/\/www.ufsm.br\/pro-reitorias\/proplan\/wp-json\/wp\/v2\/categories?post=4905"},{"taxonomy":"post_tag","embeddable":true,"href":"https:\/\/www.ufsm.br\/pro-reitorias\/proplan\/wp-json\/wp\/v2\/tags?post=4905"}],"curies":[{"name":"wp","href":"https:\/\/api.w.org\/{rel}","templated":true}]}}